{"id":104581,"date":"2022-05-23T14:01:35","date_gmt":"2022-05-23T12:01:35","guid":{"rendered":"https:\/\/clair.si\/izdelek\/marstall-senior-aktiv\/"},"modified":"2025-12-21T15:21:08","modified_gmt":"2025-12-21T14:21:08","slug":"marstall-senior-aktiv","status":"publish","type":"product","link":"https:\/\/clair.si\/hr\/izdelek\/marstall-senior-aktiv\/","title":{"rendered":"Marstall Senior-Aktiv"},"content":{"rendered":"<p><strong>Marstall Senior-Aktiv<\/strong> hrana za konje, kao lako probavljiv m\u00fcsli bez \u017eitarica i posebno je dizajniran za potrebe starijih konja. Poti\u010de odr\u017eavanje i rekonstrukciju tjelesne mase. Istovremeno podr\u017eava sporu probavu i imunolo\u0161ki sustav. Senior-Aktiv pokriva djelomi\u010dno pove\u0107anu potrebu za vitaminima i mineralima kod starijih konja i poti\u010de \u017evakanje. Formula s namjerno smanjenim udjelom \u0161kroba i \u0161e\u0107era idealna je i za konje koji imaju usporen metabolizam.<\/p>\n<p>Jedan od najva\u017enijih ciljeva za starije konje je o\u010duvanje mi\u0161i\u0107a i tjelesne mase \u2013 posebno u razdoblju izmjene dlake i u hladnom razdoblju. Senior-Aktiv hrana za konje osigurava energiju i esencijalne, lako probavljive aminokiseline, koje konjsko tijelo mo\u017ee iskoristiti 100%.<\/p>\n<p>Za starije konje va\u017ena je i podr\u0161ka crijevnoj flori i poticanje crijevne aktivnosti. Samo tako dragocjeni sastojci iz hrane mogu do\u0107i u tijelo. U tu svrhu Marstall Senior-Aktiv hrana za konje sadr\u017ei tradicionalno kori\u0161tene lanene sjemenke, tako\u0111er manan-oligosaharide i \u00df-glukane. Prema studijama, sastojci stani\u010dnih stijenki pivskog kvasca tvore biofilm na crijevnoj sluznici, koji slu\u017ei kao za\u0161titna barijera za \u0161tetne tvari. Istovremeno ve\u017ee mikotoksine i patogene klice u crijevima, tako da se mogu izlu\u010diti. Predstavljaju i hranu za dobre crijevne bakterije (prebioti\u010dki u\u010dinak). Te osobine zajedno ja\u010daju imunolo\u0161ki sustav.<\/p>\n<p>Elementi u tragovima dodani su u organskom, dakle vrlo probavljivom obliku. Naravno, uzeta je u obzir pove\u0107ana potreba starih konja za cinkom i selenom te vitaminom A i E. Senior-Aktiv bez \u017eitarica sadr\u017ei puno strukture, ali ne melase ili lucerne i tako\u0111er je idealno prikladan za konje s metaboli\u010dkim problemima.<\/p>\n<p><strong>Sastav:<\/strong><\/p>\n<p><em><span class=\"VIiyi\" lang=\"sl\"><span class=\"JLqJ4b ChMk0b\" data-language-for-alternatives=\"sl\" data-language-to-translate-into=\"en\" data-phrase-index=\"0\" data-number-of-phrases=\"2\"><span class=\"Q4iAWc\">Trava, su\u0161ena pri visokoj temperaturi, suhe grozdne tropine (12%), sojino bra\u0161no, sojine pahuljice, \u017euta lanena sjemena, ulje repice, rafinirano, zdrobljena lanena sjemena, bra\u0161no uljane repice, pahuljice mrkve, stani\u010dne stijenke pivskog kvasca (Saccharomyces cerevisiae) (<\/span><\/span> 1<span class=\"JLqJ4b ChMk0b\" data-language-for-alternatives=\"sl\" data-language-to-translate-into=\"en\" data-phrase-index=\"1\" data-number-of-phrases=\"2\"><span class=\"Q4iAWc\">,3%), kalcijev karbonat, korijen kurkume (narezana) (0,5%), biljno ulje (laneno ulje, ulje mlije\u010dnog badlja).<\/span><\/span><\/span><\/em><\/p>\n<p>Sirove bjelan\u010devine 17,50 %, pcd* sirove bjelan\u010devine 120,00 g, Sirova mast 12,00 %, Sirova vlaknina 16,40 %, Sirovi pepeo 7,20 %, energija (DE) 12,30 MJ, energija (ME) 10,50 MJ,<br \/>\nkalcij 0,60 %, Fosfor 0,30 %, Natrij 0,10 %, Magnezij 0,20 %, \u0160krob 3,70 %, \u0160e\u0107er 6,60 %<br \/>\nAmino kiseline: lizin* 0,95 %, SAS (metionin + cistein)* 0,70 %, treonin* 1,20 %, Triptofan 0,15 %, Valine 0,65 % *pcd = precaekalna probavljivost = lako se probavlja u tankom crijevu = na raspolaganju konju Prehrambeni dodaci na kg marstalla Senior-Aktiv Vitamini topljivi u mastima: vitamin A 10.000,00 I.E., Vitamin D3 950,00 I.E., vitamin E 800,00 mg, Vitamin K3 3,50 mg<br \/>\nVodotopivi vitamini: vitamin C 600,00 mg, Vitamin B1 24,00 mg, Vitamin B2 9,00 mg, Vitamin B6\/piridoksin hidroklorid 23,00 mg, Vitamin B12\/cianokobalamin 90,00 mcg, Biotin 900,00 mcg, Folna kiselina 9,00 mg, Holin klorid 290,00 mg, Kalcijev D-pantotenat 30,00 mg, Niacin 28,00 mg<br \/>\nElementi u tragovima: \u017deljezo kao monohidrat \u017eeljezov (II) sulfat 130,00 mg, Ukupni bakar 50,00 mg, Bakar kao bakrov (II) sulfat pentahidrat 44,00 mg, Glicin-bakrov kelat, hidrat 6,00 mg, Ukupno cink 266,00 mg, Cink kao cinkov oksid 230,00 mg, Glicin-cink kelat, hidrat 26,00 mg, Ukupni mangan: 128,00 mg, Mangan kao manganov (II) oksid 92,00 mg, Glicin-mangan kelat, hidrat 36,00 mg, Jod kao bezvodni kalcijev jodat 0,80 mg, Selen kao natrijev selenit 0,60 mg, Selen u organskom obliku (Saccharomyces cerevisiae) 0,40 mg<\/p>\n","protected":false},"excerpt":{"rendered":"<p><strong>Za ovaj proizvod se zbog dimenzija ili te\u017eine obra\u010dunavaju dodatni tro\u0161kovi po\u0161tarine u vrijednosti 15\u20ac \/ kom.<\/strong><\/p>\n<p>&nbsp;<\/p>\n<p><strong>M\u00fcsli bez \u017eitarica za o\u010duvanje mi\u0161i\u0107ne mase<\/strong><\/p>\n<ul>\n<li>ja\u010da imunolo\u0161ki sustav<\/li>\n<li>odr\u017eavanje mi\u0161i\u0107a pomo\u0107u aminokiselina<\/li>\n<li>organski elementi u tragovima<\/li>\n<li>bez \u017eitarica i bez melase<\/li>\n<\/ul>\n<p><strong>Koli\u010dina: 20 kg<\/strong><\/p>\n<p>&nbsp;<\/p>\n<p>&nbsp;<\/p>\n","protected":false},"featured_media":135390,"template":"","meta":{"footnotes":""},"product_brand":[],"product_cat":[6090,5710,6089],"product_tag":[],"class_list":{"0":"post-104581","1":"product","2":"type-product","3":"status-publish","4":"has-post-thumbnail","6":"product_cat-bez-zitarica","7":"product_cat-hrana-za-konje-hr","8":"product_cat-marstall-hr","9":"product_shipping_class-marstall-hr","11":"first","12":"instock","13":"sale","14":"shipping-taxable","15":"purchasable","16":"product-type-simple"},"yoast_head":"<!-- This site is optimized with the Yoast SEO plugin v27.5 - https:\/\/yoast.com\/product\/yoast-seo-wordpress\/ -->\n<title>Marstall Senior-Aktiv - Clair<\/title>\n<meta name=\"description\" content=\"Marstall Senior-Aktiv hrana za konje, kao lako probavljiv m\u00fcsli, bez \u017eitarica i posebno dizajniran za potrebe starijih konja. Puno minerala i vitamina.\" \/>\n<meta name=\"robots\" content=\"index, follow, max-snippet:-1, max-image-preview:large, max-video-preview:-1\" \/>\n<link rel=\"canonical\" href=\"https:\/\/clair.si\/izdelek\/marstall-senior-aktiv-krma-za-konje\/\" \/>\n<meta property=\"og:locale\" content=\"hr_HR\" \/>\n<meta property=\"og:type\" content=\"article\" \/>\n<meta property=\"og:title\" content=\"Marstall Senior-Aktiv - Clair\" \/>\n<meta property=\"og:description\" content=\"Marstall Senior-Aktiv hrana za konje, kao lako probavljiv m\u00fcsli, bez \u017eitarica i posebno dizajniran za potrebe starijih konja. Puno minerala i vitamina.\" \/>\n<meta property=\"og:url\" content=\"https:\/\/clair.si\/izdelek\/marstall-senior-aktiv-krma-za-konje\/\" \/>\n<meta property=\"og:site_name\" content=\"Clair\" \/>\n<meta property=\"article:publisher\" content=\"https:\/\/www.facebook.com\/TrgovinaClair\/\" \/>\n<meta property=\"article:modified_time\" content=\"2025-12-21T14:21:08+00:00\" \/>\n<meta property=\"og:image\" content=\"https:\/\/clair.si\/wp-content\/uploads\/2022\/05\/senior-aktiv-musli-marstall-hrana-za-starejse-konje.jpg\" \/>\n\t<meta property=\"og:image:width\" content=\"800\" \/>\n\t<meta property=\"og:image:height\" content=\"800\" \/>\n\t<meta property=\"og:image:type\" content=\"image\/jpeg\" \/>\n<meta name=\"twitter:card\" content=\"summary_large_image\" \/>\n<meta name=\"twitter:label1\" content=\"Procijenjeno vrijeme \u010ditanja\" \/>\n\t<meta name=\"twitter:data1\" content=\"4 minute\" \/>\n<script type=\"application\/ld+json\" class=\"yoast-schema-graph\">{\"@context\":\"https:\\\/\\\/schema.org\",\"@graph\":[{\"@type\":\"WebPage\",\"@id\":\"https:\\\/\\\/clair.si\\\/izdelek\\\/marstall-senior-aktiv-krma-za-konje\\\/\",\"url\":\"https:\\\/\\\/clair.si\\\/izdelek\\\/marstall-senior-aktiv-krma-za-konje\\\/\",\"name\":\"Marstall Senior-Aktiv - Clair\",\"isPartOf\":{\"@id\":\"https:\\\/\\\/clair.si\\\/#website\"},\"primaryImageOfPage\":{\"@id\":\"https:\\\/\\\/clair.si\\\/izdelek\\\/marstall-senior-aktiv-krma-za-konje\\\/#primaryimage\"},\"image\":{\"@id\":\"https:\\\/\\\/clair.si\\\/izdelek\\\/marstall-senior-aktiv-krma-za-konje\\\/#primaryimage\"},\"thumbnailUrl\":\"https:\\\/\\\/clair.si\\\/wp-content\\\/uploads\\\/2022\\\/05\\\/senior-aktiv-novi.webp\",\"datePublished\":\"2022-05-23T12:01:35+00:00\",\"dateModified\":\"2025-12-21T14:21:08+00:00\",\"description\":\"Marstall Senior-Aktiv hrana za konje, kao lako probavljiv m\u00fcsli, bez \u017eitarica i posebno dizajniran za potrebe starijih konja. Puno minerala i vitamina.\",\"breadcrumb\":{\"@id\":\"https:\\\/\\\/clair.si\\\/izdelek\\\/marstall-senior-aktiv-krma-za-konje\\\/#breadcrumb\"},\"inLanguage\":\"hr\",\"potentialAction\":[{\"@type\":\"ReadAction\",\"target\":[\"https:\\\/\\\/clair.si\\\/izdelek\\\/marstall-senior-aktiv-krma-za-konje\\\/\"]}]},{\"@type\":\"ImageObject\",\"inLanguage\":\"hr\",\"@id\":\"https:\\\/\\\/clair.si\\\/izdelek\\\/marstall-senior-aktiv-krma-za-konje\\\/#primaryimage\",\"url\":\"https:\\\/\\\/clair.si\\\/wp-content\\\/uploads\\\/2022\\\/05\\\/senior-aktiv-novi.webp\",\"contentUrl\":\"https:\\\/\\\/clair.si\\\/wp-content\\\/uploads\\\/2022\\\/05\\\/senior-aktiv-novi.webp\",\"width\":800,\"height\":800},{\"@type\":\"BreadcrumbList\",\"@id\":\"https:\\\/\\\/clair.si\\\/izdelek\\\/marstall-senior-aktiv-krma-za-konje\\\/#breadcrumb\",\"itemListElement\":[{\"@type\":\"ListItem\",\"position\":1,\"name\":\"Home\",\"item\":\"https:\\\/\\\/clair.si\\\/hr\\\/\"},{\"@type\":\"ListItem\",\"position\":2,\"name\":\"Trgovina\",\"item\":\"https:\\\/\\\/clair.si\\\/trgovina\\\/\"},{\"@type\":\"ListItem\",\"position\":3,\"name\":\"Marstall Senior-Aktiv\"}]},{\"@type\":\"WebSite\",\"@id\":\"https:\\\/\\\/clair.si\\\/#website\",\"url\":\"https:\\\/\\\/clair.si\\\/\",\"name\":\"Clair\",\"description\":\"Trgovina s konjeni\u0161ko opremo\",\"publisher\":{\"@id\":\"https:\\\/\\\/clair.si\\\/#organization\"},\"potentialAction\":[{\"@type\":\"SearchAction\",\"target\":{\"@type\":\"EntryPoint\",\"urlTemplate\":\"https:\\\/\\\/clair.si\\\/?s={search_term_string}\"},\"query-input\":{\"@type\":\"PropertyValueSpecification\",\"valueRequired\":true,\"valueName\":\"search_term_string\"}}],\"inLanguage\":\"hr\"},{\"@type\":\"Organization\",\"@id\":\"https:\\\/\\\/clair.si\\\/#organization\",\"name\":\"Clair\",\"url\":\"https:\\\/\\\/clair.si\\\/\",\"logo\":{\"@type\":\"ImageObject\",\"inLanguage\":\"hr\",\"@id\":\"https:\\\/\\\/clair.si\\\/#\\\/schema\\\/logo\\\/image\\\/\",\"url\":\"https:\\\/\\\/clair.si\\\/wp-content\\\/uploads\\\/2022\\\/11\\\/clair_logo_2022.jpg\",\"contentUrl\":\"https:\\\/\\\/clair.si\\\/wp-content\\\/uploads\\\/2022\\\/11\\\/clair_logo_2022.jpg\",\"width\":1920,\"height\":1920,\"caption\":\"Clair\"},\"image\":{\"@id\":\"https:\\\/\\\/clair.si\\\/#\\\/schema\\\/logo\\\/image\\\/\"},\"sameAs\":[\"https:\\\/\\\/www.facebook.com\\\/TrgovinaClair\\\/\"]}]}<\/script>\n<!-- \/ Yoast SEO plugin. -->","yoast_head_json":{"title":"Marstall Senior-Aktiv - Clair","description":"Marstall Senior-Aktiv hrana za konje, kao lako probavljiv m\u00fcsli, bez \u017eitarica i posebno dizajniran za potrebe starijih konja. Puno minerala i vitamina.","robots":{"index":"index","follow":"follow","max-snippet":"max-snippet:-1","max-image-preview":"max-image-preview:large","max-video-preview":"max-video-preview:-1"},"canonical":"https:\/\/clair.si\/izdelek\/marstall-senior-aktiv-krma-za-konje\/","og_locale":"hr_HR","og_type":"article","og_title":"Marstall Senior-Aktiv - Clair","og_description":"Marstall Senior-Aktiv hrana za konje, kao lako probavljiv m\u00fcsli, bez \u017eitarica i posebno dizajniran za potrebe starijih konja. Puno minerala i vitamina.","og_url":"https:\/\/clair.si\/izdelek\/marstall-senior-aktiv-krma-za-konje\/","og_site_name":"Clair","article_publisher":"https:\/\/www.facebook.com\/TrgovinaClair\/","article_modified_time":"2025-12-21T14:21:08+00:00","og_image":[{"width":800,"height":800,"url":"https:\/\/clair.si\/wp-content\/uploads\/2022\/05\/senior-aktiv-musli-marstall-hrana-za-starejse-konje.jpg","type":"image\/jpeg"}],"twitter_card":"summary_large_image","twitter_misc":{"Procijenjeno vrijeme \u010ditanja":"4 minute"},"schema":{"@context":"https:\/\/schema.org","@graph":[{"@type":"WebPage","@id":"https:\/\/clair.si\/izdelek\/marstall-senior-aktiv-krma-za-konje\/","url":"https:\/\/clair.si\/izdelek\/marstall-senior-aktiv-krma-za-konje\/","name":"Marstall Senior-Aktiv - Clair","isPartOf":{"@id":"https:\/\/clair.si\/#website"},"primaryImageOfPage":{"@id":"https:\/\/clair.si\/izdelek\/marstall-senior-aktiv-krma-za-konje\/#primaryimage"},"image":{"@id":"https:\/\/clair.si\/izdelek\/marstall-senior-aktiv-krma-za-konje\/#primaryimage"},"thumbnailUrl":"https:\/\/clair.si\/wp-content\/uploads\/2022\/05\/senior-aktiv-novi.webp","datePublished":"2022-05-23T12:01:35+00:00","dateModified":"2025-12-21T14:21:08+00:00","description":"Marstall Senior-Aktiv hrana za konje, kao lako probavljiv m\u00fcsli, bez \u017eitarica i posebno dizajniran za potrebe starijih konja. Puno minerala i vitamina.","breadcrumb":{"@id":"https:\/\/clair.si\/izdelek\/marstall-senior-aktiv-krma-za-konje\/#breadcrumb"},"inLanguage":"hr","potentialAction":[{"@type":"ReadAction","target":["https:\/\/clair.si\/izdelek\/marstall-senior-aktiv-krma-za-konje\/"]}]},{"@type":"ImageObject","inLanguage":"hr","@id":"https:\/\/clair.si\/izdelek\/marstall-senior-aktiv-krma-za-konje\/#primaryimage","url":"https:\/\/clair.si\/wp-content\/uploads\/2022\/05\/senior-aktiv-novi.webp","contentUrl":"https:\/\/clair.si\/wp-content\/uploads\/2022\/05\/senior-aktiv-novi.webp","width":800,"height":800},{"@type":"BreadcrumbList","@id":"https:\/\/clair.si\/izdelek\/marstall-senior-aktiv-krma-za-konje\/#breadcrumb","itemListElement":[{"@type":"ListItem","position":1,"name":"Home","item":"https:\/\/clair.si\/hr\/"},{"@type":"ListItem","position":2,"name":"Trgovina","item":"https:\/\/clair.si\/trgovina\/"},{"@type":"ListItem","position":3,"name":"Marstall Senior-Aktiv"}]},{"@type":"WebSite","@id":"https:\/\/clair.si\/#website","url":"https:\/\/clair.si\/","name":"Clair","description":"Trgovina s konjeni\u0161ko opremo","publisher":{"@id":"https:\/\/clair.si\/#organization"},"potentialAction":[{"@type":"SearchAction","target":{"@type":"EntryPoint","urlTemplate":"https:\/\/clair.si\/?s={search_term_string}"},"query-input":{"@type":"PropertyValueSpecification","valueRequired":true,"valueName":"search_term_string"}}],"inLanguage":"hr"},{"@type":"Organization","@id":"https:\/\/clair.si\/#organization","name":"Clair","url":"https:\/\/clair.si\/","logo":{"@type":"ImageObject","inLanguage":"hr","@id":"https:\/\/clair.si\/#\/schema\/logo\/image\/","url":"https:\/\/clair.si\/wp-content\/uploads\/2022\/11\/clair_logo_2022.jpg","contentUrl":"https:\/\/clair.si\/wp-content\/uploads\/2022\/11\/clair_logo_2022.jpg","width":1920,"height":1920,"caption":"Clair"},"image":{"@id":"https:\/\/clair.si\/#\/schema\/logo\/image\/"},"sameAs":["https:\/\/www.facebook.com\/TrgovinaClair\/"]}]}},"_links":{"self":[{"href":"https:\/\/clair.si\/hr\/wp-json\/wp\/v2\/product\/104581","targetHints":{"allow":["GET"]}}],"collection":[{"href":"https:\/\/clair.si\/hr\/wp-json\/wp\/v2\/product"}],"about":[{"href":"https:\/\/clair.si\/hr\/wp-json\/wp\/v2\/types\/product"}],"version-history":[{"count":0,"href":"https:\/\/clair.si\/hr\/wp-json\/wp\/v2\/product\/104581\/revisions"}],"wp:featuredmedia":[{"embeddable":true,"href":"https:\/\/clair.si\/hr\/wp-json\/wp\/v2\/media\/135390"}],"wp:attachment":[{"href":"https:\/\/clair.si\/hr\/wp-json\/wp\/v2\/media?parent=104581"}],"wp:term":[{"taxonomy":"product_brand","embeddable":true,"href":"https:\/\/clair.si\/hr\/wp-json\/wp\/v2\/product_brand?post=104581"},{"taxonomy":"product_cat","embeddable":true,"href":"https:\/\/clair.si\/hr\/wp-json\/wp\/v2\/product_cat?post=104581"},{"taxonomy":"product_tag","embeddable":true,"href":"https:\/\/clair.si\/hr\/wp-json\/wp\/v2\/product_tag?post=104581"}],"curies":[{"name":"wp","href":"https:\/\/api.w.org\/{rel}","templated":true}]}}