{"id":104598,"date":"2022-10-24T12:31:20","date_gmt":"2022-10-24T10:31:20","guid":{"rendered":"https:\/\/clair.si\/izdelek\/dresurni-bic-za-konje-whipgo-gel\/"},"modified":"2025-09-28T15:50:18","modified_gmt":"2025-09-28T13:50:18","slug":"dresurni-bic-za-konje-whipgo-gel","status":"publish","type":"product","link":"https:\/\/clair.si\/hr\/izdelek\/dresurni-bic-za-konje-whipgo-gel\/","title":{"rendered":"Dresurni bi\u010d za konje Whip&amp;Go Gel"},"content":{"rendered":"<p><strong>Dresurni bi\u010d za konje Whip&amp;Go Gel<\/strong> &#8211; bi\u010d za jahanje s mekanom, neklizaju\u0107om ru\u010dkom s memorijskim gelom. Za udobnost u ruci! <\/p>\n<p><span class=\"HwtZe\" lang=\"sl\"><span class=\"jCAhz ChMk0b\"><span class=\"ryNqvb\">Jezgra dresurnog bi\u010da izra\u0111ena je od staklenih vlakana, prekrivena pletenim polipropilenom. <\/span><\/span><\/span><\/p>\n","protected":false},"excerpt":{"rendered":"<p>Dresurni bi\u010d za konje Whip&amp;Go Gel &#8211; bi\u010d za jahanje s mekanom, neklizaju\u0107om ru\u010dkom s memorijskim gelom. Za udobnost u<\/p>\n","protected":false},"featured_media":104600,"template":"","meta":{"footnotes":""},"product_brand":[],"product_cat":[5732,5934,5654,6010,5657,5670,5658,5734],"product_tag":[],"class_list":{"0":"post-104598","1":"product","2":"type-product","3":"status-publish","4":"has-post-thumbnail","6":"product_cat-bicevi","7":"product_cat-dresurni-bicevi","8":"product_cat-jahac-hr","9":"product_cat-jahaci-bicevi","10":"product_cat-kategorije-hr","11":"product_cat-natjecanja","12":"product_cat-pocetci-jahanja","13":"product_cat-visenamjenski-bicevi","15":"first","16":"instock","17":"shipping-taxable","18":"purchasable","19":"product-type-variable"},"yoast_head":"<!-- This site is optimized with the Yoast SEO plugin v27.3 - https:\/\/yoast.com\/product\/yoast-seo-wordpress\/ -->\n<title>Dresurni bi\u010d za konje Whip&amp;Go Gel - Clair<\/title>\n<meta name=\"description\" content=\"Dresurni bi\u010d za konje Whip&amp;Go Gel - bi\u010d za jahanje s mekanom, neklizaju\u0107om ru\u010dkom s memorijskim gelom. Za udobnost u ruci! Pogledajte ponudu svih bi\u010deva za konje!\" \/>\n<meta name=\"robots\" content=\"index, follow, max-snippet:-1, max-image-preview:large, max-video-preview:-1\" \/>\n<link rel=\"canonical\" href=\"https:\/\/clair.si\/hr\/izdelek\/dresurni-bic-za-konje-whipgo-gel\/\" \/>\n<meta property=\"og:locale\" content=\"hr_HR\" \/>\n<meta property=\"og:type\" content=\"article\" \/>\n<meta property=\"og:title\" content=\"Dresurni bi\u010d za konje Whip&amp;Go Gel - Clair\" \/>\n<meta property=\"og:description\" content=\"Dresurni bi\u010d za konje Whip&amp;Go Gel - bi\u010d za jahanje s mekanom, neklizaju\u0107om ru\u010dkom s memorijskim gelom. Za udobnost u ruci! Pogledajte ponudu svih bi\u010deva za konje!\" \/>\n<meta property=\"og:url\" content=\"https:\/\/clair.si\/hr\/izdelek\/dresurni-bic-za-konje-whipgo-gel\/\" \/>\n<meta property=\"og:site_name\" content=\"Clair\" \/>\n<meta property=\"article:publisher\" content=\"https:\/\/www.facebook.com\/TrgovinaClair\/\" \/>\n<meta property=\"article:modified_time\" content=\"2025-09-28T13:50:18+00:00\" \/>\n<meta property=\"og:image\" content=\"https:\/\/clair.si\/wp-content\/uploads\/2022\/10\/whipgo-gel-dresurni-jahalni-bic-za-konje-roza.jpg\" \/>\n\t<meta property=\"og:image:width\" content=\"800\" \/>\n\t<meta property=\"og:image:height\" content=\"800\" \/>\n\t<meta property=\"og:image:type\" content=\"image\/jpeg\" \/>\n<meta name=\"twitter:card\" content=\"summary_large_image\" \/>\n<script type=\"application\/ld+json\" class=\"yoast-schema-graph\">{\"@context\":\"https:\\\/\\\/schema.org\",\"@graph\":[{\"@type\":\"WebPage\",\"@id\":\"https:\\\/\\\/clair.si\\\/hr\\\/izdelek\\\/dresurni-bic-za-konje-whipgo-gel\\\/\",\"url\":\"https:\\\/\\\/clair.si\\\/hr\\\/izdelek\\\/dresurni-bic-za-konje-whipgo-gel\\\/\",\"name\":\"Dresurni bi\u010d za konje Whip&amp;Go Gel - Clair\",\"isPartOf\":{\"@id\":\"https:\\\/\\\/clair.si\\\/#website\"},\"primaryImageOfPage\":{\"@id\":\"https:\\\/\\\/clair.si\\\/hr\\\/izdelek\\\/dresurni-bic-za-konje-whipgo-gel\\\/#primaryimage\"},\"image\":{\"@id\":\"https:\\\/\\\/clair.si\\\/hr\\\/izdelek\\\/dresurni-bic-za-konje-whipgo-gel\\\/#primaryimage\"},\"thumbnailUrl\":\"https:\\\/\\\/clair.si\\\/wp-content\\\/uploads\\\/2022\\\/10\\\/whipgo-gel-dresurni-jahalni-bic-za-konje-roza.webp\",\"datePublished\":\"2022-10-24T10:31:20+00:00\",\"dateModified\":\"2025-09-28T13:50:18+00:00\",\"description\":\"Dresurni bi\u010d za konje Whip&Go Gel - bi\u010d za jahanje s mekanom, neklizaju\u0107om ru\u010dkom s memorijskim gelom. Za udobnost u ruci! Pogledajte ponudu svih bi\u010deva za konje!\",\"breadcrumb\":{\"@id\":\"https:\\\/\\\/clair.si\\\/hr\\\/izdelek\\\/dresurni-bic-za-konje-whipgo-gel\\\/#breadcrumb\"},\"inLanguage\":\"hr\",\"potentialAction\":[{\"@type\":\"ReadAction\",\"target\":[\"https:\\\/\\\/clair.si\\\/hr\\\/izdelek\\\/dresurni-bic-za-konje-whipgo-gel\\\/\"]}]},{\"@type\":\"ImageObject\",\"inLanguage\":\"hr\",\"@id\":\"https:\\\/\\\/clair.si\\\/hr\\\/izdelek\\\/dresurni-bic-za-konje-whipgo-gel\\\/#primaryimage\",\"url\":\"https:\\\/\\\/clair.si\\\/wp-content\\\/uploads\\\/2022\\\/10\\\/whipgo-gel-dresurni-jahalni-bic-za-konje-roza.webp\",\"contentUrl\":\"https:\\\/\\\/clair.si\\\/wp-content\\\/uploads\\\/2022\\\/10\\\/whipgo-gel-dresurni-jahalni-bic-za-konje-roza.webp\",\"width\":800,\"height\":800,\"caption\":\"Dresurni jahalni bi\u010d za konje W&G z gel ro\u010dajem.\"},{\"@type\":\"BreadcrumbList\",\"@id\":\"https:\\\/\\\/clair.si\\\/hr\\\/izdelek\\\/dresurni-bic-za-konje-whipgo-gel\\\/#breadcrumb\",\"itemListElement\":[{\"@type\":\"ListItem\",\"position\":1,\"name\":\"Home\",\"item\":\"https:\\\/\\\/clair.si\\\/hr\\\/\"},{\"@type\":\"ListItem\",\"position\":2,\"name\":\"Trgovina\",\"item\":\"https:\\\/\\\/clair.si\\\/trgovina\\\/\"},{\"@type\":\"ListItem\",\"position\":3,\"name\":\"Dresurni bi\u010d za konje Whip&amp;Go Gel\"}]},{\"@type\":\"WebSite\",\"@id\":\"https:\\\/\\\/clair.si\\\/#website\",\"url\":\"https:\\\/\\\/clair.si\\\/\",\"name\":\"Clair\",\"description\":\"Trgovina s konjeni\u0161ko opremo\",\"publisher\":{\"@id\":\"https:\\\/\\\/clair.si\\\/#organization\"},\"potentialAction\":[{\"@type\":\"SearchAction\",\"target\":{\"@type\":\"EntryPoint\",\"urlTemplate\":\"https:\\\/\\\/clair.si\\\/?s={search_term_string}\"},\"query-input\":{\"@type\":\"PropertyValueSpecification\",\"valueRequired\":true,\"valueName\":\"search_term_string\"}}],\"inLanguage\":\"hr\"},{\"@type\":\"Organization\",\"@id\":\"https:\\\/\\\/clair.si\\\/#organization\",\"name\":\"Clair\",\"url\":\"https:\\\/\\\/clair.si\\\/\",\"logo\":{\"@type\":\"ImageObject\",\"inLanguage\":\"hr\",\"@id\":\"https:\\\/\\\/clair.si\\\/#\\\/schema\\\/logo\\\/image\\\/\",\"url\":\"https:\\\/\\\/clair.si\\\/wp-content\\\/uploads\\\/2022\\\/11\\\/clair_logo_2022.jpg\",\"contentUrl\":\"https:\\\/\\\/clair.si\\\/wp-content\\\/uploads\\\/2022\\\/11\\\/clair_logo_2022.jpg\",\"width\":1920,\"height\":1920,\"caption\":\"Clair\"},\"image\":{\"@id\":\"https:\\\/\\\/clair.si\\\/#\\\/schema\\\/logo\\\/image\\\/\"},\"sameAs\":[\"https:\\\/\\\/www.facebook.com\\\/TrgovinaClair\\\/\"]}]}<\/script>\n<!-- \/ Yoast SEO plugin. -->","yoast_head_json":{"title":"Dresurni bi\u010d za konje Whip&amp;Go Gel - Clair","description":"Dresurni bi\u010d za konje Whip&Go Gel - bi\u010d za jahanje s mekanom, neklizaju\u0107om ru\u010dkom s memorijskim gelom. Za udobnost u ruci! Pogledajte ponudu svih bi\u010deva za konje!","robots":{"index":"index","follow":"follow","max-snippet":"max-snippet:-1","max-image-preview":"max-image-preview:large","max-video-preview":"max-video-preview:-1"},"canonical":"https:\/\/clair.si\/hr\/izdelek\/dresurni-bic-za-konje-whipgo-gel\/","og_locale":"hr_HR","og_type":"article","og_title":"Dresurni bi\u010d za konje Whip&amp;Go Gel - Clair","og_description":"Dresurni bi\u010d za konje Whip&Go Gel - bi\u010d za jahanje s mekanom, neklizaju\u0107om ru\u010dkom s memorijskim gelom. Za udobnost u ruci! Pogledajte ponudu svih bi\u010deva za konje!","og_url":"https:\/\/clair.si\/hr\/izdelek\/dresurni-bic-za-konje-whipgo-gel\/","og_site_name":"Clair","article_publisher":"https:\/\/www.facebook.com\/TrgovinaClair\/","article_modified_time":"2025-09-28T13:50:18+00:00","og_image":[{"width":800,"height":800,"url":"https:\/\/clair.si\/wp-content\/uploads\/2022\/10\/whipgo-gel-dresurni-jahalni-bic-za-konje-roza.jpg","type":"image\/jpeg"}],"twitter_card":"summary_large_image","schema":{"@context":"https:\/\/schema.org","@graph":[{"@type":"WebPage","@id":"https:\/\/clair.si\/hr\/izdelek\/dresurni-bic-za-konje-whipgo-gel\/","url":"https:\/\/clair.si\/hr\/izdelek\/dresurni-bic-za-konje-whipgo-gel\/","name":"Dresurni bi\u010d za konje Whip&amp;Go Gel - Clair","isPartOf":{"@id":"https:\/\/clair.si\/#website"},"primaryImageOfPage":{"@id":"https:\/\/clair.si\/hr\/izdelek\/dresurni-bic-za-konje-whipgo-gel\/#primaryimage"},"image":{"@id":"https:\/\/clair.si\/hr\/izdelek\/dresurni-bic-za-konje-whipgo-gel\/#primaryimage"},"thumbnailUrl":"https:\/\/clair.si\/wp-content\/uploads\/2022\/10\/whipgo-gel-dresurni-jahalni-bic-za-konje-roza.webp","datePublished":"2022-10-24T10:31:20+00:00","dateModified":"2025-09-28T13:50:18+00:00","description":"Dresurni bi\u010d za konje Whip&Go Gel - bi\u010d za jahanje s mekanom, neklizaju\u0107om ru\u010dkom s memorijskim gelom. Za udobnost u ruci! Pogledajte ponudu svih bi\u010deva za konje!","breadcrumb":{"@id":"https:\/\/clair.si\/hr\/izdelek\/dresurni-bic-za-konje-whipgo-gel\/#breadcrumb"},"inLanguage":"hr","potentialAction":[{"@type":"ReadAction","target":["https:\/\/clair.si\/hr\/izdelek\/dresurni-bic-za-konje-whipgo-gel\/"]}]},{"@type":"ImageObject","inLanguage":"hr","@id":"https:\/\/clair.si\/hr\/izdelek\/dresurni-bic-za-konje-whipgo-gel\/#primaryimage","url":"https:\/\/clair.si\/wp-content\/uploads\/2022\/10\/whipgo-gel-dresurni-jahalni-bic-za-konje-roza.webp","contentUrl":"https:\/\/clair.si\/wp-content\/uploads\/2022\/10\/whipgo-gel-dresurni-jahalni-bic-za-konje-roza.webp","width":800,"height":800,"caption":"Dresurni jahalni bi\u010d za konje W&G z gel ro\u010dajem."},{"@type":"BreadcrumbList","@id":"https:\/\/clair.si\/hr\/izdelek\/dresurni-bic-za-konje-whipgo-gel\/#breadcrumb","itemListElement":[{"@type":"ListItem","position":1,"name":"Home","item":"https:\/\/clair.si\/hr\/"},{"@type":"ListItem","position":2,"name":"Trgovina","item":"https:\/\/clair.si\/trgovina\/"},{"@type":"ListItem","position":3,"name":"Dresurni bi\u010d za konje Whip&amp;Go Gel"}]},{"@type":"WebSite","@id":"https:\/\/clair.si\/#website","url":"https:\/\/clair.si\/","name":"Clair","description":"Trgovina s konjeni\u0161ko opremo","publisher":{"@id":"https:\/\/clair.si\/#organization"},"potentialAction":[{"@type":"SearchAction","target":{"@type":"EntryPoint","urlTemplate":"https:\/\/clair.si\/?s={search_term_string}"},"query-input":{"@type":"PropertyValueSpecification","valueRequired":true,"valueName":"search_term_string"}}],"inLanguage":"hr"},{"@type":"Organization","@id":"https:\/\/clair.si\/#organization","name":"Clair","url":"https:\/\/clair.si\/","logo":{"@type":"ImageObject","inLanguage":"hr","@id":"https:\/\/clair.si\/#\/schema\/logo\/image\/","url":"https:\/\/clair.si\/wp-content\/uploads\/2022\/11\/clair_logo_2022.jpg","contentUrl":"https:\/\/clair.si\/wp-content\/uploads\/2022\/11\/clair_logo_2022.jpg","width":1920,"height":1920,"caption":"Clair"},"image":{"@id":"https:\/\/clair.si\/#\/schema\/logo\/image\/"},"sameAs":["https:\/\/www.facebook.com\/TrgovinaClair\/"]}]}},"_links":{"self":[{"href":"https:\/\/clair.si\/hr\/wp-json\/wp\/v2\/product\/104598","targetHints":{"allow":["GET"]}}],"collection":[{"href":"https:\/\/clair.si\/hr\/wp-json\/wp\/v2\/product"}],"about":[{"href":"https:\/\/clair.si\/hr\/wp-json\/wp\/v2\/types\/product"}],"version-history":[{"count":0,"href":"https:\/\/clair.si\/hr\/wp-json\/wp\/v2\/product\/104598\/revisions"}],"wp:featuredmedia":[{"embeddable":true,"href":"https:\/\/clair.si\/hr\/wp-json\/wp\/v2\/media\/104600"}],"wp:attachment":[{"href":"https:\/\/clair.si\/hr\/wp-json\/wp\/v2\/media?parent=104598"}],"wp:term":[{"taxonomy":"product_brand","embeddable":true,"href":"https:\/\/clair.si\/hr\/wp-json\/wp\/v2\/product_brand?post=104598"},{"taxonomy":"product_cat","embeddable":true,"href":"https:\/\/clair.si\/hr\/wp-json\/wp\/v2\/product_cat?post=104598"},{"taxonomy":"product_tag","embeddable":true,"href":"https:\/\/clair.si\/hr\/wp-json\/wp\/v2\/product_tag?post=104598"}],"curies":[{"name":"wp","href":"https:\/\/api.w.org\/{rel}","templated":true}]}}