{"id":104615,"date":"2023-02-20T10:35:43","date_gmt":"2023-02-20T09:35:43","guid":{"rendered":"https:\/\/clair.si\/izdelek\/djecje-jahace-tajice-e-t-pull-on-tea\/"},"modified":"2026-02-12T13:20:01","modified_gmt":"2026-02-12T12:20:01","slug":"djecje-jahace-tajice-e-t-pull-on-tea","status":"publish","type":"product","link":"https:\/\/clair.si\/hr\/izdelek\/djecje-jahace-tajice-e-t-pull-on-tea\/","title":{"rendered":"Dje\u010dje jaha\u0107e tajice E-T Pull on Tea"},"content":{"rendered":"<p><strong>Dje\u010dje jaha\u0107e tajice E-T Pull on Tea &#8211;<\/strong><span class=\"HwtZe\" lang=\"sl\"><strong><span class=\"jCAhz ChMk0b\"><span class=\"ryNqvb\"> beskompromisna udobnost jaha\u0107ih hla\u010da za mlade.<\/span><\/span> <\/strong><span class=\"jCAhz ChMk0b\"><span class=\"ryNqvb\">Tajice s visokim strukom izra\u0111ene od iznimno lagane i prozra\u010dne rastezljive tkanine.<\/span><\/span> <span class=\"jCAhz ChMk0b\"><span class=\"ryNqvb\">Bez gumba ili patentnog zatvara\u010da, jednostavne za obu\u0107i.<\/span><\/span> <span class=\"jCAhz ChMk0b\"><span class=\"ryNqvb\">Pripijeni kroj za savr\u0161eno pristajanje.<\/span><\/span> <span class=\"jCAhz ChMk0b\"><span class=\"ryNqvb\">Visoki struk za maksimalnu udobnost i potpunu potporu.<\/span><\/span> <span class=\"jCAhz ChMk0b\"><span class=\"ryNqvb\">Uzor\u010dasti silikonski print za koljena za u\u010dinkovito prianjanje.<\/span><\/span> <\/span> <\/p>\n<p><span class=\"HwtZe\" lang=\"sl\"><span class=\"jCAhz ChMk0b\"><span class=\"ryNqvb\">Sastav: 90% poliester, 10% elastan.<\/span><\/span> <span class=\"jCAhz ChMk0b\"><span class=\"ryNqvb\">Perivo u perilici rublja na 30\u00b0C.<\/span><\/span><\/span><\/p>\n","protected":false},"excerpt":{"rendered":"<p>Dje\u010dje jaha\u0107e tajice E-T Pull on Tea &#8211; beskompromisna udobnost jaha\u0107ih hla\u010da za mlade. Tajice s visokim strukom izra\u0111ene od<\/p>\n","protected":false},"featured_media":104634,"template":"","meta":{"footnotes":""},"product_brand":[],"product_cat":[5845,5955,5654,5838,5657,5658],"product_tag":[],"class_list":{"0":"post-104615","1":"product","2":"type-product","3":"status-publish","4":"has-post-thumbnail","6":"product_cat-djeca","7":"product_cat-djecje-hlace-za-jahanje","8":"product_cat-jahac-hr","9":"product_cat-jahace-hlace","10":"product_cat-kategorije-hr","11":"product_cat-pocetci-jahanja","13":"first","14":"instock","15":"sale","16":"shipping-taxable","17":"purchasable","18":"product-type-variable"},"yoast_head":"<!-- This site is optimized with the Yoast SEO plugin v27.3 - https:\/\/yoast.com\/product\/yoast-seo-wordpress\/ -->\n<title>Dje\u010dje jaha\u0107e tajice E-T Pull on Tea - Clair<\/title>\n<meta name=\"description\" content=\"Dje\u010dje jaha\u0107e tajice E-T Pull on Tea - beskompromisna udobnost jaha\u0107ih hla\u010da za mlade. Tajice s visokim strukom izra\u0111ene od iznimno lagane i prozra\u010dne\" \/>\n<meta name=\"robots\" content=\"index, follow, max-snippet:-1, max-image-preview:large, max-video-preview:-1\" \/>\n<link rel=\"canonical\" href=\"https:\/\/clair.si\/hr\/izdelek\/djecje-jahace-tajice-e-t-pull-on-tea\/\" \/>\n<meta property=\"og:locale\" content=\"hr_HR\" \/>\n<meta property=\"og:type\" content=\"article\" \/>\n<meta property=\"og:title\" content=\"Dje\u010dje jaha\u0107e tajice E-T Pull on Tea - Clair\" \/>\n<meta property=\"og:description\" content=\"Dje\u010dje jaha\u0107e tajice E-T Pull on Tea - beskompromisna udobnost jaha\u0107ih hla\u010da za mlade. Tajice s visokim strukom izra\u0111ene od iznimno lagane i prozra\u010dne\" \/>\n<meta property=\"og:url\" content=\"https:\/\/clair.si\/hr\/izdelek\/djecje-jahace-tajice-e-t-pull-on-tea\/\" \/>\n<meta property=\"og:site_name\" content=\"Clair\" \/>\n<meta property=\"article:publisher\" content=\"https:\/\/www.facebook.com\/TrgovinaClair\/\" \/>\n<meta property=\"article:modified_time\" content=\"2026-02-12T12:20:01+00:00\" \/>\n<meta property=\"og:image\" content=\"https:\/\/clair.si\/wp-content\/uploads\/2023\/02\/equitheme-tea-pull-on-otroske-jahalne-pajkice-modra-3.jpg\" \/>\n\t<meta property=\"og:image:width\" content=\"800\" \/>\n\t<meta property=\"og:image:height\" content=\"800\" \/>\n\t<meta property=\"og:image:type\" content=\"image\/jpeg\" \/>\n<meta name=\"twitter:card\" content=\"summary_large_image\" \/>\n<script type=\"application\/ld+json\" class=\"yoast-schema-graph\">{\"@context\":\"https:\\\/\\\/schema.org\",\"@graph\":[{\"@type\":\"WebPage\",\"@id\":\"https:\\\/\\\/clair.si\\\/hr\\\/izdelek\\\/djecje-jahace-tajice-e-t-pull-on-tea\\\/\",\"url\":\"https:\\\/\\\/clair.si\\\/hr\\\/izdelek\\\/djecje-jahace-tajice-e-t-pull-on-tea\\\/\",\"name\":\"Dje\u010dje jaha\u0107e tajice E-T Pull on Tea - Clair\",\"isPartOf\":{\"@id\":\"https:\\\/\\\/clair.si\\\/#website\"},\"primaryImageOfPage\":{\"@id\":\"https:\\\/\\\/clair.si\\\/hr\\\/izdelek\\\/djecje-jahace-tajice-e-t-pull-on-tea\\\/#primaryimage\"},\"image\":{\"@id\":\"https:\\\/\\\/clair.si\\\/hr\\\/izdelek\\\/djecje-jahace-tajice-e-t-pull-on-tea\\\/#primaryimage\"},\"thumbnailUrl\":\"https:\\\/\\\/clair.si\\\/wp-content\\\/uploads\\\/2023\\\/02\\\/equitheme-tea-pull-on-otroske-jahalne-pajkice-modra-3.webp\",\"datePublished\":\"2023-02-20T09:35:43+00:00\",\"dateModified\":\"2026-02-12T12:20:01+00:00\",\"description\":\"Dje\u010dje jaha\u0107e tajice E-T Pull on Tea - beskompromisna udobnost jaha\u0107ih hla\u010da za mlade. Tajice s visokim strukom izra\u0111ene od iznimno lagane i prozra\u010dne\",\"breadcrumb\":{\"@id\":\"https:\\\/\\\/clair.si\\\/hr\\\/izdelek\\\/djecje-jahace-tajice-e-t-pull-on-tea\\\/#breadcrumb\"},\"inLanguage\":\"hr\",\"potentialAction\":[{\"@type\":\"ReadAction\",\"target\":[\"https:\\\/\\\/clair.si\\\/hr\\\/izdelek\\\/djecje-jahace-tajice-e-t-pull-on-tea\\\/\"]}]},{\"@type\":\"ImageObject\",\"inLanguage\":\"hr\",\"@id\":\"https:\\\/\\\/clair.si\\\/hr\\\/izdelek\\\/djecje-jahace-tajice-e-t-pull-on-tea\\\/#primaryimage\",\"url\":\"https:\\\/\\\/clair.si\\\/wp-content\\\/uploads\\\/2023\\\/02\\\/equitheme-tea-pull-on-otroske-jahalne-pajkice-modra-3.webp\",\"contentUrl\":\"https:\\\/\\\/clair.si\\\/wp-content\\\/uploads\\\/2023\\\/02\\\/equitheme-tea-pull-on-otroske-jahalne-pajkice-modra-3.webp\",\"width\":800,\"height\":800},{\"@type\":\"BreadcrumbList\",\"@id\":\"https:\\\/\\\/clair.si\\\/hr\\\/izdelek\\\/djecje-jahace-tajice-e-t-pull-on-tea\\\/#breadcrumb\",\"itemListElement\":[{\"@type\":\"ListItem\",\"position\":1,\"name\":\"Home\",\"item\":\"https:\\\/\\\/clair.si\\\/hr\\\/\"},{\"@type\":\"ListItem\",\"position\":2,\"name\":\"Trgovina\",\"item\":\"https:\\\/\\\/clair.si\\\/trgovina\\\/\"},{\"@type\":\"ListItem\",\"position\":3,\"name\":\"Dje\u010dje jaha\u0107e tajice E-T Pull on Tea\"}]},{\"@type\":\"WebSite\",\"@id\":\"https:\\\/\\\/clair.si\\\/#website\",\"url\":\"https:\\\/\\\/clair.si\\\/\",\"name\":\"Clair\",\"description\":\"Trgovina s konjeni\u0161ko opremo\",\"publisher\":{\"@id\":\"https:\\\/\\\/clair.si\\\/#organization\"},\"potentialAction\":[{\"@type\":\"SearchAction\",\"target\":{\"@type\":\"EntryPoint\",\"urlTemplate\":\"https:\\\/\\\/clair.si\\\/?s={search_term_string}\"},\"query-input\":{\"@type\":\"PropertyValueSpecification\",\"valueRequired\":true,\"valueName\":\"search_term_string\"}}],\"inLanguage\":\"hr\"},{\"@type\":\"Organization\",\"@id\":\"https:\\\/\\\/clair.si\\\/#organization\",\"name\":\"Clair\",\"url\":\"https:\\\/\\\/clair.si\\\/\",\"logo\":{\"@type\":\"ImageObject\",\"inLanguage\":\"hr\",\"@id\":\"https:\\\/\\\/clair.si\\\/#\\\/schema\\\/logo\\\/image\\\/\",\"url\":\"https:\\\/\\\/clair.si\\\/wp-content\\\/uploads\\\/2022\\\/11\\\/clair_logo_2022.jpg\",\"contentUrl\":\"https:\\\/\\\/clair.si\\\/wp-content\\\/uploads\\\/2022\\\/11\\\/clair_logo_2022.jpg\",\"width\":1920,\"height\":1920,\"caption\":\"Clair\"},\"image\":{\"@id\":\"https:\\\/\\\/clair.si\\\/#\\\/schema\\\/logo\\\/image\\\/\"},\"sameAs\":[\"https:\\\/\\\/www.facebook.com\\\/TrgovinaClair\\\/\"]}]}<\/script>\n<!-- \/ Yoast SEO plugin. -->","yoast_head_json":{"title":"Dje\u010dje jaha\u0107e tajice E-T Pull on Tea - Clair","description":"Dje\u010dje jaha\u0107e tajice E-T Pull on Tea - beskompromisna udobnost jaha\u0107ih hla\u010da za mlade. Tajice s visokim strukom izra\u0111ene od iznimno lagane i prozra\u010dne","robots":{"index":"index","follow":"follow","max-snippet":"max-snippet:-1","max-image-preview":"max-image-preview:large","max-video-preview":"max-video-preview:-1"},"canonical":"https:\/\/clair.si\/hr\/izdelek\/djecje-jahace-tajice-e-t-pull-on-tea\/","og_locale":"hr_HR","og_type":"article","og_title":"Dje\u010dje jaha\u0107e tajice E-T Pull on Tea - Clair","og_description":"Dje\u010dje jaha\u0107e tajice E-T Pull on Tea - beskompromisna udobnost jaha\u0107ih hla\u010da za mlade. Tajice s visokim strukom izra\u0111ene od iznimno lagane i prozra\u010dne","og_url":"https:\/\/clair.si\/hr\/izdelek\/djecje-jahace-tajice-e-t-pull-on-tea\/","og_site_name":"Clair","article_publisher":"https:\/\/www.facebook.com\/TrgovinaClair\/","article_modified_time":"2026-02-12T12:20:01+00:00","og_image":[{"width":800,"height":800,"url":"https:\/\/clair.si\/wp-content\/uploads\/2023\/02\/equitheme-tea-pull-on-otroske-jahalne-pajkice-modra-3.jpg","type":"image\/jpeg"}],"twitter_card":"summary_large_image","schema":{"@context":"https:\/\/schema.org","@graph":[{"@type":"WebPage","@id":"https:\/\/clair.si\/hr\/izdelek\/djecje-jahace-tajice-e-t-pull-on-tea\/","url":"https:\/\/clair.si\/hr\/izdelek\/djecje-jahace-tajice-e-t-pull-on-tea\/","name":"Dje\u010dje jaha\u0107e tajice E-T Pull on Tea - Clair","isPartOf":{"@id":"https:\/\/clair.si\/#website"},"primaryImageOfPage":{"@id":"https:\/\/clair.si\/hr\/izdelek\/djecje-jahace-tajice-e-t-pull-on-tea\/#primaryimage"},"image":{"@id":"https:\/\/clair.si\/hr\/izdelek\/djecje-jahace-tajice-e-t-pull-on-tea\/#primaryimage"},"thumbnailUrl":"https:\/\/clair.si\/wp-content\/uploads\/2023\/02\/equitheme-tea-pull-on-otroske-jahalne-pajkice-modra-3.webp","datePublished":"2023-02-20T09:35:43+00:00","dateModified":"2026-02-12T12:20:01+00:00","description":"Dje\u010dje jaha\u0107e tajice E-T Pull on Tea - beskompromisna udobnost jaha\u0107ih hla\u010da za mlade. Tajice s visokim strukom izra\u0111ene od iznimno lagane i prozra\u010dne","breadcrumb":{"@id":"https:\/\/clair.si\/hr\/izdelek\/djecje-jahace-tajice-e-t-pull-on-tea\/#breadcrumb"},"inLanguage":"hr","potentialAction":[{"@type":"ReadAction","target":["https:\/\/clair.si\/hr\/izdelek\/djecje-jahace-tajice-e-t-pull-on-tea\/"]}]},{"@type":"ImageObject","inLanguage":"hr","@id":"https:\/\/clair.si\/hr\/izdelek\/djecje-jahace-tajice-e-t-pull-on-tea\/#primaryimage","url":"https:\/\/clair.si\/wp-content\/uploads\/2023\/02\/equitheme-tea-pull-on-otroske-jahalne-pajkice-modra-3.webp","contentUrl":"https:\/\/clair.si\/wp-content\/uploads\/2023\/02\/equitheme-tea-pull-on-otroske-jahalne-pajkice-modra-3.webp","width":800,"height":800},{"@type":"BreadcrumbList","@id":"https:\/\/clair.si\/hr\/izdelek\/djecje-jahace-tajice-e-t-pull-on-tea\/#breadcrumb","itemListElement":[{"@type":"ListItem","position":1,"name":"Home","item":"https:\/\/clair.si\/hr\/"},{"@type":"ListItem","position":2,"name":"Trgovina","item":"https:\/\/clair.si\/trgovina\/"},{"@type":"ListItem","position":3,"name":"Dje\u010dje jaha\u0107e tajice E-T Pull on Tea"}]},{"@type":"WebSite","@id":"https:\/\/clair.si\/#website","url":"https:\/\/clair.si\/","name":"Clair","description":"Trgovina s konjeni\u0161ko opremo","publisher":{"@id":"https:\/\/clair.si\/#organization"},"potentialAction":[{"@type":"SearchAction","target":{"@type":"EntryPoint","urlTemplate":"https:\/\/clair.si\/?s={search_term_string}"},"query-input":{"@type":"PropertyValueSpecification","valueRequired":true,"valueName":"search_term_string"}}],"inLanguage":"hr"},{"@type":"Organization","@id":"https:\/\/clair.si\/#organization","name":"Clair","url":"https:\/\/clair.si\/","logo":{"@type":"ImageObject","inLanguage":"hr","@id":"https:\/\/clair.si\/#\/schema\/logo\/image\/","url":"https:\/\/clair.si\/wp-content\/uploads\/2022\/11\/clair_logo_2022.jpg","contentUrl":"https:\/\/clair.si\/wp-content\/uploads\/2022\/11\/clair_logo_2022.jpg","width":1920,"height":1920,"caption":"Clair"},"image":{"@id":"https:\/\/clair.si\/#\/schema\/logo\/image\/"},"sameAs":["https:\/\/www.facebook.com\/TrgovinaClair\/"]}]}},"_links":{"self":[{"href":"https:\/\/clair.si\/hr\/wp-json\/wp\/v2\/product\/104615","targetHints":{"allow":["GET"]}}],"collection":[{"href":"https:\/\/clair.si\/hr\/wp-json\/wp\/v2\/product"}],"about":[{"href":"https:\/\/clair.si\/hr\/wp-json\/wp\/v2\/types\/product"}],"version-history":[{"count":0,"href":"https:\/\/clair.si\/hr\/wp-json\/wp\/v2\/product\/104615\/revisions"}],"wp:featuredmedia":[{"embeddable":true,"href":"https:\/\/clair.si\/hr\/wp-json\/wp\/v2\/media\/104634"}],"wp:attachment":[{"href":"https:\/\/clair.si\/hr\/wp-json\/wp\/v2\/media?parent=104615"}],"wp:term":[{"taxonomy":"product_brand","embeddable":true,"href":"https:\/\/clair.si\/hr\/wp-json\/wp\/v2\/product_brand?post=104615"},{"taxonomy":"product_cat","embeddable":true,"href":"https:\/\/clair.si\/hr\/wp-json\/wp\/v2\/product_cat?post=104615"},{"taxonomy":"product_tag","embeddable":true,"href":"https:\/\/clair.si\/hr\/wp-json\/wp\/v2\/product_tag?post=104615"}],"curies":[{"name":"wp","href":"https:\/\/api.w.org\/{rel}","templated":true}]}}