{"id":104640,"date":"2023-02-20T10:46:13","date_gmt":"2023-02-20T09:46:13","guid":{"rendered":"https:\/\/clair.si\/izdelek\/djecje-jahace-hlace-e-t-lainbow\/"},"modified":"2025-08-27T17:57:24","modified_gmt":"2025-08-27T15:57:24","slug":"djecje-jahace-hlace-e-t-lainbow","status":"publish","type":"product","link":"https:\/\/clair.si\/hr\/izdelek\/djecje-jahace-hlace-e-t-lainbow\/","title":{"rendered":"Dje\u010dje jaha\u0107e hla\u010de E-T Lainbow"},"content":{"rendered":"<p><strong>Dje\u010dje jaha\u0107e hla\u010de E-T Lainbow<\/strong> &#8211; l<span class=\"HwtZe\" lang=\"sl\"><span class=\"jCAhz ChMk0b\"><span class=\"ryNqvb\">agane, udobne i zabavne. <strong>Model jaha\u0107ih hla\u010da za djecu Lainbow dodat \u0107e nekoliko duginih nijansi jaha\u0107oj opremi.<\/strong><\/span><\/span> <\/span> <\/p>\n<p><span class=\"HwtZe\" lang=\"sl\"><span class=\"jCAhz ChMk0b\"><span class=\"ryNqvb\">Lagane, prozra\u010dne hla\u010de od rastezljivog materijala, k<\/span><\/span><span class=\"jCAhz ChMk0b\"><span class=\"ryNqvb\">lasi\u010dnog kroja, sa s<\/span><\/span><span class=\"jCAhz ChMk0b\"><span class=\"ryNqvb\">ilikonskim printom na koljenima za dobar oprijem.<\/span><\/span> <span class=\"jCAhz ChMk0b\"><span class=\"ryNqvb\">Donji dio nogavice ima umetak od elastana za lak\u0161e obla\u010denje. <\/span><\/span><span class=\"jCAhz ChMk0b\"><span class=\"ryNqvb\">Na svakoj bedri je 1 d\u017eep, obrubljen dugom pletenicom.<\/span><\/span> <\/span><\/p>\n<p><span class=\"HwtZe\" lang=\"sl\"><span class=\"jCAhz ChMk0b\"><span class=\"ryNqvb\">Sastav: 96% poliester, 4% elastan.<\/span><\/span> <span class=\"jCAhz ChMk0b\"><span class=\"ryNqvb\">Perivo u perilici rublja na 30\u00b0C, ne su\u0161iti u su\u0161ilici i ne gla\u010dati.<\/span><\/span><\/span><\/p>\n","protected":false},"excerpt":{"rendered":"<p>Dje\u010dje jaha\u0107e hla\u010de E-T Lainbow &#8211; lagane, udobne i zabavne. Model jaha\u0107ih hla\u010da za djecu Lainbow dodat \u0107e nekoliko duginih<\/p>\n","protected":false},"featured_media":104653,"template":"","meta":{"footnotes":""},"product_brand":[],"product_cat":[5845,5955,5654,5838,5657,5658],"product_tag":[],"class_list":{"0":"post-104640","1":"product","2":"type-product","3":"status-publish","4":"has-post-thumbnail","6":"product_cat-djeca","7":"product_cat-djecje-hlace-za-jahanje","8":"product_cat-jahac-hr","9":"product_cat-jahace-hlace","10":"product_cat-kategorije-hr","11":"product_cat-pocetci-jahanja","13":"first","14":"instock","15":"sale","16":"shipping-taxable","17":"purchasable","18":"product-type-variable"},"yoast_head":"<!-- This site is optimized with the Yoast SEO plugin v27.3 - https:\/\/yoast.com\/product\/yoast-seo-wordpress\/ -->\n<title>Dje\u010dje jaha\u0107e hla\u010de E-T Lainbow - Clair<\/title>\n<meta name=\"description\" content=\"Dje\u010dje jaha\u0107e hla\u010de E-T Lainbow - lagane, udobne i zabavne. Model jaha\u0107ih hla\u010da za djecu Lainbow dodat \u0107e nekoliko duginih nijansi jaha\u0107oj opremi. Lagane,\" \/>\n<meta name=\"robots\" content=\"index, follow, max-snippet:-1, max-image-preview:large, max-video-preview:-1\" \/>\n<link rel=\"canonical\" href=\"https:\/\/clair.si\/hr\/izdelek\/djecje-jahace-hlace-e-t-lainbow\/\" \/>\n<meta property=\"og:locale\" content=\"hr_HR\" \/>\n<meta property=\"og:type\" content=\"article\" \/>\n<meta property=\"og:title\" content=\"Dje\u010dje jaha\u0107e hla\u010de E-T Lainbow - Clair\" \/>\n<meta property=\"og:description\" content=\"Dje\u010dje jaha\u0107e hla\u010de E-T Lainbow - lagane, udobne i zabavne. Model jaha\u0107ih hla\u010da za djecu Lainbow dodat \u0107e nekoliko duginih nijansi jaha\u0107oj opremi. Lagane,\" \/>\n<meta property=\"og:url\" content=\"https:\/\/clair.si\/hr\/izdelek\/djecje-jahace-hlace-e-t-lainbow\/\" \/>\n<meta property=\"og:site_name\" content=\"Clair\" \/>\n<meta property=\"article:publisher\" content=\"https:\/\/www.facebook.com\/TrgovinaClair\/\" \/>\n<meta property=\"article:modified_time\" content=\"2025-08-27T15:57:24+00:00\" \/>\n<meta property=\"og:image\" content=\"https:\/\/clair.si\/wp-content\/uploads\/2023\/02\/equitheme-lainbow-otroske-jahalne-hlace-2.jpg\" \/>\n\t<meta property=\"og:image:width\" content=\"800\" \/>\n\t<meta property=\"og:image:height\" content=\"800\" \/>\n\t<meta property=\"og:image:type\" content=\"image\/jpeg\" \/>\n<meta name=\"twitter:card\" content=\"summary_large_image\" \/>\n<script type=\"application\/ld+json\" class=\"yoast-schema-graph\">{\"@context\":\"https:\\\/\\\/schema.org\",\"@graph\":[{\"@type\":\"WebPage\",\"@id\":\"https:\\\/\\\/clair.si\\\/hr\\\/izdelek\\\/djecje-jahace-hlace-e-t-lainbow\\\/\",\"url\":\"https:\\\/\\\/clair.si\\\/hr\\\/izdelek\\\/djecje-jahace-hlace-e-t-lainbow\\\/\",\"name\":\"Dje\u010dje jaha\u0107e hla\u010de E-T Lainbow - Clair\",\"isPartOf\":{\"@id\":\"https:\\\/\\\/clair.si\\\/#website\"},\"primaryImageOfPage\":{\"@id\":\"https:\\\/\\\/clair.si\\\/hr\\\/izdelek\\\/djecje-jahace-hlace-e-t-lainbow\\\/#primaryimage\"},\"image\":{\"@id\":\"https:\\\/\\\/clair.si\\\/hr\\\/izdelek\\\/djecje-jahace-hlace-e-t-lainbow\\\/#primaryimage\"},\"thumbnailUrl\":\"https:\\\/\\\/clair.si\\\/wp-content\\\/uploads\\\/2023\\\/02\\\/equitheme-lainbow-otroske-jahalne-hlace-2.webp\",\"datePublished\":\"2023-02-20T09:46:13+00:00\",\"dateModified\":\"2025-08-27T15:57:24+00:00\",\"description\":\"Dje\u010dje jaha\u0107e hla\u010de E-T Lainbow - lagane, udobne i zabavne. Model jaha\u0107ih hla\u010da za djecu Lainbow dodat \u0107e nekoliko duginih nijansi jaha\u0107oj opremi. Lagane,\",\"breadcrumb\":{\"@id\":\"https:\\\/\\\/clair.si\\\/hr\\\/izdelek\\\/djecje-jahace-hlace-e-t-lainbow\\\/#breadcrumb\"},\"inLanguage\":\"hr\",\"potentialAction\":[{\"@type\":\"ReadAction\",\"target\":[\"https:\\\/\\\/clair.si\\\/hr\\\/izdelek\\\/djecje-jahace-hlace-e-t-lainbow\\\/\"]}]},{\"@type\":\"ImageObject\",\"inLanguage\":\"hr\",\"@id\":\"https:\\\/\\\/clair.si\\\/hr\\\/izdelek\\\/djecje-jahace-hlace-e-t-lainbow\\\/#primaryimage\",\"url\":\"https:\\\/\\\/clair.si\\\/wp-content\\\/uploads\\\/2023\\\/02\\\/equitheme-lainbow-otroske-jahalne-hlace-2.webp\",\"contentUrl\":\"https:\\\/\\\/clair.si\\\/wp-content\\\/uploads\\\/2023\\\/02\\\/equitheme-lainbow-otroske-jahalne-hlace-2.webp\",\"width\":800,\"height\":800},{\"@type\":\"BreadcrumbList\",\"@id\":\"https:\\\/\\\/clair.si\\\/hr\\\/izdelek\\\/djecje-jahace-hlace-e-t-lainbow\\\/#breadcrumb\",\"itemListElement\":[{\"@type\":\"ListItem\",\"position\":1,\"name\":\"Home\",\"item\":\"https:\\\/\\\/clair.si\\\/hr\\\/\"},{\"@type\":\"ListItem\",\"position\":2,\"name\":\"Trgovina\",\"item\":\"https:\\\/\\\/clair.si\\\/trgovina\\\/\"},{\"@type\":\"ListItem\",\"position\":3,\"name\":\"Dje\u010dje jaha\u0107e hla\u010de E-T Lainbow\"}]},{\"@type\":\"WebSite\",\"@id\":\"https:\\\/\\\/clair.si\\\/#website\",\"url\":\"https:\\\/\\\/clair.si\\\/\",\"name\":\"Clair\",\"description\":\"Trgovina s konjeni\u0161ko opremo\",\"publisher\":{\"@id\":\"https:\\\/\\\/clair.si\\\/#organization\"},\"potentialAction\":[{\"@type\":\"SearchAction\",\"target\":{\"@type\":\"EntryPoint\",\"urlTemplate\":\"https:\\\/\\\/clair.si\\\/?s={search_term_string}\"},\"query-input\":{\"@type\":\"PropertyValueSpecification\",\"valueRequired\":true,\"valueName\":\"search_term_string\"}}],\"inLanguage\":\"hr\"},{\"@type\":\"Organization\",\"@id\":\"https:\\\/\\\/clair.si\\\/#organization\",\"name\":\"Clair\",\"url\":\"https:\\\/\\\/clair.si\\\/\",\"logo\":{\"@type\":\"ImageObject\",\"inLanguage\":\"hr\",\"@id\":\"https:\\\/\\\/clair.si\\\/#\\\/schema\\\/logo\\\/image\\\/\",\"url\":\"https:\\\/\\\/clair.si\\\/wp-content\\\/uploads\\\/2022\\\/11\\\/clair_logo_2022.jpg\",\"contentUrl\":\"https:\\\/\\\/clair.si\\\/wp-content\\\/uploads\\\/2022\\\/11\\\/clair_logo_2022.jpg\",\"width\":1920,\"height\":1920,\"caption\":\"Clair\"},\"image\":{\"@id\":\"https:\\\/\\\/clair.si\\\/#\\\/schema\\\/logo\\\/image\\\/\"},\"sameAs\":[\"https:\\\/\\\/www.facebook.com\\\/TrgovinaClair\\\/\"]}]}<\/script>\n<!-- \/ Yoast SEO plugin. -->","yoast_head_json":{"title":"Dje\u010dje jaha\u0107e hla\u010de E-T Lainbow - Clair","description":"Dje\u010dje jaha\u0107e hla\u010de E-T Lainbow - lagane, udobne i zabavne. Model jaha\u0107ih hla\u010da za djecu Lainbow dodat \u0107e nekoliko duginih nijansi jaha\u0107oj opremi. Lagane,","robots":{"index":"index","follow":"follow","max-snippet":"max-snippet:-1","max-image-preview":"max-image-preview:large","max-video-preview":"max-video-preview:-1"},"canonical":"https:\/\/clair.si\/hr\/izdelek\/djecje-jahace-hlace-e-t-lainbow\/","og_locale":"hr_HR","og_type":"article","og_title":"Dje\u010dje jaha\u0107e hla\u010de E-T Lainbow - Clair","og_description":"Dje\u010dje jaha\u0107e hla\u010de E-T Lainbow - lagane, udobne i zabavne. Model jaha\u0107ih hla\u010da za djecu Lainbow dodat \u0107e nekoliko duginih nijansi jaha\u0107oj opremi. Lagane,","og_url":"https:\/\/clair.si\/hr\/izdelek\/djecje-jahace-hlace-e-t-lainbow\/","og_site_name":"Clair","article_publisher":"https:\/\/www.facebook.com\/TrgovinaClair\/","article_modified_time":"2025-08-27T15:57:24+00:00","og_image":[{"width":800,"height":800,"url":"https:\/\/clair.si\/wp-content\/uploads\/2023\/02\/equitheme-lainbow-otroske-jahalne-hlace-2.jpg","type":"image\/jpeg"}],"twitter_card":"summary_large_image","schema":{"@context":"https:\/\/schema.org","@graph":[{"@type":"WebPage","@id":"https:\/\/clair.si\/hr\/izdelek\/djecje-jahace-hlace-e-t-lainbow\/","url":"https:\/\/clair.si\/hr\/izdelek\/djecje-jahace-hlace-e-t-lainbow\/","name":"Dje\u010dje jaha\u0107e hla\u010de E-T Lainbow - Clair","isPartOf":{"@id":"https:\/\/clair.si\/#website"},"primaryImageOfPage":{"@id":"https:\/\/clair.si\/hr\/izdelek\/djecje-jahace-hlace-e-t-lainbow\/#primaryimage"},"image":{"@id":"https:\/\/clair.si\/hr\/izdelek\/djecje-jahace-hlace-e-t-lainbow\/#primaryimage"},"thumbnailUrl":"https:\/\/clair.si\/wp-content\/uploads\/2023\/02\/equitheme-lainbow-otroske-jahalne-hlace-2.webp","datePublished":"2023-02-20T09:46:13+00:00","dateModified":"2025-08-27T15:57:24+00:00","description":"Dje\u010dje jaha\u0107e hla\u010de E-T Lainbow - lagane, udobne i zabavne. Model jaha\u0107ih hla\u010da za djecu Lainbow dodat \u0107e nekoliko duginih nijansi jaha\u0107oj opremi. Lagane,","breadcrumb":{"@id":"https:\/\/clair.si\/hr\/izdelek\/djecje-jahace-hlace-e-t-lainbow\/#breadcrumb"},"inLanguage":"hr","potentialAction":[{"@type":"ReadAction","target":["https:\/\/clair.si\/hr\/izdelek\/djecje-jahace-hlace-e-t-lainbow\/"]}]},{"@type":"ImageObject","inLanguage":"hr","@id":"https:\/\/clair.si\/hr\/izdelek\/djecje-jahace-hlace-e-t-lainbow\/#primaryimage","url":"https:\/\/clair.si\/wp-content\/uploads\/2023\/02\/equitheme-lainbow-otroske-jahalne-hlace-2.webp","contentUrl":"https:\/\/clair.si\/wp-content\/uploads\/2023\/02\/equitheme-lainbow-otroske-jahalne-hlace-2.webp","width":800,"height":800},{"@type":"BreadcrumbList","@id":"https:\/\/clair.si\/hr\/izdelek\/djecje-jahace-hlace-e-t-lainbow\/#breadcrumb","itemListElement":[{"@type":"ListItem","position":1,"name":"Home","item":"https:\/\/clair.si\/hr\/"},{"@type":"ListItem","position":2,"name":"Trgovina","item":"https:\/\/clair.si\/trgovina\/"},{"@type":"ListItem","position":3,"name":"Dje\u010dje jaha\u0107e hla\u010de E-T Lainbow"}]},{"@type":"WebSite","@id":"https:\/\/clair.si\/#website","url":"https:\/\/clair.si\/","name":"Clair","description":"Trgovina s konjeni\u0161ko opremo","publisher":{"@id":"https:\/\/clair.si\/#organization"},"potentialAction":[{"@type":"SearchAction","target":{"@type":"EntryPoint","urlTemplate":"https:\/\/clair.si\/?s={search_term_string}"},"query-input":{"@type":"PropertyValueSpecification","valueRequired":true,"valueName":"search_term_string"}}],"inLanguage":"hr"},{"@type":"Organization","@id":"https:\/\/clair.si\/#organization","name":"Clair","url":"https:\/\/clair.si\/","logo":{"@type":"ImageObject","inLanguage":"hr","@id":"https:\/\/clair.si\/#\/schema\/logo\/image\/","url":"https:\/\/clair.si\/wp-content\/uploads\/2022\/11\/clair_logo_2022.jpg","contentUrl":"https:\/\/clair.si\/wp-content\/uploads\/2022\/11\/clair_logo_2022.jpg","width":1920,"height":1920,"caption":"Clair"},"image":{"@id":"https:\/\/clair.si\/#\/schema\/logo\/image\/"},"sameAs":["https:\/\/www.facebook.com\/TrgovinaClair\/"]}]}},"_links":{"self":[{"href":"https:\/\/clair.si\/hr\/wp-json\/wp\/v2\/product\/104640","targetHints":{"allow":["GET"]}}],"collection":[{"href":"https:\/\/clair.si\/hr\/wp-json\/wp\/v2\/product"}],"about":[{"href":"https:\/\/clair.si\/hr\/wp-json\/wp\/v2\/types\/product"}],"version-history":[{"count":0,"href":"https:\/\/clair.si\/hr\/wp-json\/wp\/v2\/product\/104640\/revisions"}],"wp:featuredmedia":[{"embeddable":true,"href":"https:\/\/clair.si\/hr\/wp-json\/wp\/v2\/media\/104653"}],"wp:attachment":[{"href":"https:\/\/clair.si\/hr\/wp-json\/wp\/v2\/media?parent=104640"}],"wp:term":[{"taxonomy":"product_brand","embeddable":true,"href":"https:\/\/clair.si\/hr\/wp-json\/wp\/v2\/product_brand?post=104640"},{"taxonomy":"product_cat","embeddable":true,"href":"https:\/\/clair.si\/hr\/wp-json\/wp\/v2\/product_cat?post=104640"},{"taxonomy":"product_tag","embeddable":true,"href":"https:\/\/clair.si\/hr\/wp-json\/wp\/v2\/product_tag?post=104640"}],"curies":[{"name":"wp","href":"https:\/\/api.w.org\/{rel}","templated":true}]}}