{"id":104661,"date":"2023-02-21T08:39:43","date_gmt":"2023-02-21T07:39:43","guid":{"rendered":"https:\/\/clair.si\/izdelek\/stubben-rose-green-tea-tekucina-za-grivu-i-rep\/"},"modified":"2025-11-13T17:55:02","modified_gmt":"2025-11-13T16:55:02","slug":"stubben-rose-green-tea-tekucina-za-grivu-i-rep","status":"publish","type":"product","link":"https:\/\/clair.si\/hr\/izdelek\/stubben-rose-green-tea-tekucina-za-grivu-i-rep\/","title":{"rendered":"St\u00fcbben Rose  Green Tea teku\u0107ina za grivu i rep"},"content":{"rendered":"<p><strong>St\u00fcbben teku\u0107ina za grivu i rep<\/strong> <strong>\u201cBrush on\u201d <\/strong>s ru\u017eom i zelenim \u010dajem, <strong>olak\u0161ava ra\u0161\u010de\u0161ljavanje<\/strong> u trenutku te <strong>dodaje sjaj i volumen<\/strong>. \u010cvorove u repu i grivi mogu\u0107e je razmrsiti bez pranja, a duga dlaka \u0107e nekoliko dana ostati bez \u010dvorova i otporna na prljav\u0161tinu. Mrlje od urina, blata ili trave o\u010distite jednostavno i brzo.  <\/p>\n<p>Dostupno i kao 1 L i 2,5 L refill.<\/p>\n<p><strong>Uporaba<\/strong>: Nanesite na grivu i rep. Ra\u0161\u010de\u0161ljajte i razmrsite.<\/p>\n<p><strong>Sastav<\/strong>: voda, benzizotiazolinon, metilizotiazolinon, laurilamin dipropilendiamin, benzil alkohol, pantenol, dimetikonol, natrijev dodecilbenzensulfonat, C11-15 sek-paret-12, natrijev benzoat, dimetikon, izotridecet-3, natrijev 3,3&#8242;-(9,10-dioksoantracen-1,4-diil)diimino)bis(2,4,6-trimetilbenzensulfonat) kiselinsko modro 80 (CI 61585), dinatrijev 4-hidroksi-3-[(4-sulfonatonafnil)azo]naftalensulfonat (CI 14720), izotridekanol etoksiliran (1 &#8211; 2,5 EO), parfum, heksil cimetni aldehid, linalool, butilfenil metilpropional, limonen, geraniol<\/p>\n<p>&nbsp;<\/p>\n<p>\u010cuvajte izvan dohvata djece. Mo\u017ee izazvati alergijsku reakciju. <\/p>\n","protected":false},"excerpt":{"rendered":"<p>St\u00fcbben teku\u0107ina za grivu i rep \u201cBrush on\u201d s ru\u017eom i zelenim \u010dajem, olak\u0161ava ra\u0161\u010de\u0161ljavanje u trenutku te dodaje sjaj<\/p>\n","protected":false},"featured_media":104662,"template":"","meta":{"footnotes":""},"product_brand":[],"product_cat":[5624,5677,5675,5625,5865,5777,5627],"product_tag":[],"class_list":{"0":"post-104661","1":"product","2":"type-product","3":"status-publish","4":"has-post-thumbnail","6":"product_cat-konj-hr","7":"product_cat-kozmetika-za-konje-hr-2","8":"product_cat-kozmetika-za-konje-hr","9":"product_cat-njega-konja","10":"product_cat-rascesljavanje-grive-i-repa","11":"product_cat-sjaj-dlake-i-grive","12":"product_cat-stala-i-pasnjak","14":"first","15":"instock","16":"shipping-taxable","17":"purchasable","18":"product-type-variable"},"yoast_head":"<!-- This site is optimized with the Yoast SEO plugin v27.3 - https:\/\/yoast.com\/product\/yoast-seo-wordpress\/ -->\n<title>Stubben Brush on teku\u0107ina za grivu i rep - Clair<\/title>\n<meta name=\"description\" content=\"St\u00fcbben teku\u0107ina za grivu i rep \u201cBrush on\u201d s ru\u017eom i zelenim \u010dajem, olak\u0161ava ra\u0161\u010de\u0161ljavanje u trenutku te dodaje sjaj i volumen. Najbolji izbor po povoljnoj cijeni.\" \/>\n<meta name=\"robots\" content=\"index, follow, max-snippet:-1, max-image-preview:large, max-video-preview:-1\" \/>\n<link rel=\"canonical\" href=\"https:\/\/clair.si\/hr\/izdelek\/stubben-rose-green-tea-tekucina-za-grivu-i-rep\/\" \/>\n<meta property=\"og:locale\" content=\"hr_HR\" \/>\n<meta property=\"og:type\" content=\"article\" \/>\n<meta property=\"og:title\" content=\"Stubben Brush on teku\u0107ina za grivu i rep - Clair\" \/>\n<meta property=\"og:description\" content=\"St\u00fcbben teku\u0107ina za grivu i rep \u201cBrush on\u201d s ru\u017eom i zelenim \u010dajem, olak\u0161ava ra\u0161\u010de\u0161ljavanje u trenutku te dodaje sjaj i volumen. Najbolji izbor po povoljnoj cijeni.\" \/>\n<meta property=\"og:url\" content=\"https:\/\/clair.si\/hr\/izdelek\/stubben-rose-green-tea-tekucina-za-grivu-i-rep\/\" \/>\n<meta property=\"og:site_name\" content=\"Clair\" \/>\n<meta property=\"article:publisher\" content=\"https:\/\/www.facebook.com\/TrgovinaClair\/\" \/>\n<meta property=\"article:modified_time\" content=\"2025-11-13T16:55:02+00:00\" \/>\n<meta property=\"og:image\" content=\"https:\/\/clair.si\/wp-content\/uploads\/2023\/02\/Stubben-tekocina-za-grivo-in-rep-vrtnica-zeleni-caj-2.jpeg\" \/>\n\t<meta property=\"og:image:width\" content=\"700\" \/>\n\t<meta property=\"og:image:height\" content=\"700\" \/>\n\t<meta property=\"og:image:type\" content=\"image\/jpeg\" \/>\n<meta name=\"twitter:card\" content=\"summary_large_image\" \/>\n<meta name=\"twitter:label1\" content=\"Procijenjeno vrijeme \u010ditanja\" \/>\n\t<meta name=\"twitter:data1\" content=\"1 minuta\" \/>\n<script type=\"application\/ld+json\" class=\"yoast-schema-graph\">{\"@context\":\"https:\\\/\\\/schema.org\",\"@graph\":[{\"@type\":\"WebPage\",\"@id\":\"https:\\\/\\\/clair.si\\\/hr\\\/izdelek\\\/stubben-rose-green-tea-tekucina-za-grivu-i-rep\\\/\",\"url\":\"https:\\\/\\\/clair.si\\\/hr\\\/izdelek\\\/stubben-rose-green-tea-tekucina-za-grivu-i-rep\\\/\",\"name\":\"Stubben Brush on teku\u0107ina za grivu i rep - Clair\",\"isPartOf\":{\"@id\":\"https:\\\/\\\/clair.si\\\/#website\"},\"primaryImageOfPage\":{\"@id\":\"https:\\\/\\\/clair.si\\\/hr\\\/izdelek\\\/stubben-rose-green-tea-tekucina-za-grivu-i-rep\\\/#primaryimage\"},\"image\":{\"@id\":\"https:\\\/\\\/clair.si\\\/hr\\\/izdelek\\\/stubben-rose-green-tea-tekucina-za-grivu-i-rep\\\/#primaryimage\"},\"thumbnailUrl\":\"https:\\\/\\\/clair.si\\\/wp-content\\\/uploads\\\/2023\\\/02\\\/Stubben-tekocina-za-grivo-in-rep-vrtnica-zeleni-caj-2.webp\",\"datePublished\":\"2023-02-21T07:39:43+00:00\",\"dateModified\":\"2025-11-13T16:55:02+00:00\",\"description\":\"St\u00fcbben teku\u0107ina za grivu i rep \u201cBrush on\u201d s ru\u017eom i zelenim \u010dajem, olak\u0161ava ra\u0161\u010de\u0161ljavanje u trenutku te dodaje sjaj i volumen. Najbolji izbor po povoljnoj cijeni.\",\"breadcrumb\":{\"@id\":\"https:\\\/\\\/clair.si\\\/hr\\\/izdelek\\\/stubben-rose-green-tea-tekucina-za-grivu-i-rep\\\/#breadcrumb\"},\"inLanguage\":\"hr\",\"potentialAction\":[{\"@type\":\"ReadAction\",\"target\":[\"https:\\\/\\\/clair.si\\\/hr\\\/izdelek\\\/stubben-rose-green-tea-tekucina-za-grivu-i-rep\\\/\"]}]},{\"@type\":\"ImageObject\",\"inLanguage\":\"hr\",\"@id\":\"https:\\\/\\\/clair.si\\\/hr\\\/izdelek\\\/stubben-rose-green-tea-tekucina-za-grivu-i-rep\\\/#primaryimage\",\"url\":\"https:\\\/\\\/clair.si\\\/wp-content\\\/uploads\\\/2023\\\/02\\\/Stubben-tekocina-za-grivo-in-rep-vrtnica-zeleni-caj-2.webp\",\"contentUrl\":\"https:\\\/\\\/clair.si\\\/wp-content\\\/uploads\\\/2023\\\/02\\\/Stubben-tekocina-za-grivo-in-rep-vrtnica-zeleni-caj-2.webp\",\"width\":700,\"height\":700},{\"@type\":\"BreadcrumbList\",\"@id\":\"https:\\\/\\\/clair.si\\\/hr\\\/izdelek\\\/stubben-rose-green-tea-tekucina-za-grivu-i-rep\\\/#breadcrumb\",\"itemListElement\":[{\"@type\":\"ListItem\",\"position\":1,\"name\":\"Home\",\"item\":\"https:\\\/\\\/clair.si\\\/hr\\\/\"},{\"@type\":\"ListItem\",\"position\":2,\"name\":\"Trgovina\",\"item\":\"https:\\\/\\\/clair.si\\\/trgovina\\\/\"},{\"@type\":\"ListItem\",\"position\":3,\"name\":\"St\u00fcbben Rose Green Tea teku\u0107ina za grivu i rep\"}]},{\"@type\":\"WebSite\",\"@id\":\"https:\\\/\\\/clair.si\\\/#website\",\"url\":\"https:\\\/\\\/clair.si\\\/\",\"name\":\"Clair\",\"description\":\"Trgovina s konjeni\u0161ko opremo\",\"publisher\":{\"@id\":\"https:\\\/\\\/clair.si\\\/#organization\"},\"potentialAction\":[{\"@type\":\"SearchAction\",\"target\":{\"@type\":\"EntryPoint\",\"urlTemplate\":\"https:\\\/\\\/clair.si\\\/?s={search_term_string}\"},\"query-input\":{\"@type\":\"PropertyValueSpecification\",\"valueRequired\":true,\"valueName\":\"search_term_string\"}}],\"inLanguage\":\"hr\"},{\"@type\":\"Organization\",\"@id\":\"https:\\\/\\\/clair.si\\\/#organization\",\"name\":\"Clair\",\"url\":\"https:\\\/\\\/clair.si\\\/\",\"logo\":{\"@type\":\"ImageObject\",\"inLanguage\":\"hr\",\"@id\":\"https:\\\/\\\/clair.si\\\/#\\\/schema\\\/logo\\\/image\\\/\",\"url\":\"https:\\\/\\\/clair.si\\\/wp-content\\\/uploads\\\/2022\\\/11\\\/clair_logo_2022.jpg\",\"contentUrl\":\"https:\\\/\\\/clair.si\\\/wp-content\\\/uploads\\\/2022\\\/11\\\/clair_logo_2022.jpg\",\"width\":1920,\"height\":1920,\"caption\":\"Clair\"},\"image\":{\"@id\":\"https:\\\/\\\/clair.si\\\/#\\\/schema\\\/logo\\\/image\\\/\"},\"sameAs\":[\"https:\\\/\\\/www.facebook.com\\\/TrgovinaClair\\\/\"]}]}<\/script>\n<!-- \/ Yoast SEO plugin. -->","yoast_head_json":{"title":"Stubben Brush on teku\u0107ina za grivu i rep - Clair","description":"St\u00fcbben teku\u0107ina za grivu i rep \u201cBrush on\u201d s ru\u017eom i zelenim \u010dajem, olak\u0161ava ra\u0161\u010de\u0161ljavanje u trenutku te dodaje sjaj i volumen. Najbolji izbor po povoljnoj cijeni.","robots":{"index":"index","follow":"follow","max-snippet":"max-snippet:-1","max-image-preview":"max-image-preview:large","max-video-preview":"max-video-preview:-1"},"canonical":"https:\/\/clair.si\/hr\/izdelek\/stubben-rose-green-tea-tekucina-za-grivu-i-rep\/","og_locale":"hr_HR","og_type":"article","og_title":"Stubben Brush on teku\u0107ina za grivu i rep - Clair","og_description":"St\u00fcbben teku\u0107ina za grivu i rep \u201cBrush on\u201d s ru\u017eom i zelenim \u010dajem, olak\u0161ava ra\u0161\u010de\u0161ljavanje u trenutku te dodaje sjaj i volumen. Najbolji izbor po povoljnoj cijeni.","og_url":"https:\/\/clair.si\/hr\/izdelek\/stubben-rose-green-tea-tekucina-za-grivu-i-rep\/","og_site_name":"Clair","article_publisher":"https:\/\/www.facebook.com\/TrgovinaClair\/","article_modified_time":"2025-11-13T16:55:02+00:00","og_image":[{"width":700,"height":700,"url":"https:\/\/clair.si\/wp-content\/uploads\/2023\/02\/Stubben-tekocina-za-grivo-in-rep-vrtnica-zeleni-caj-2.jpeg","type":"image\/jpeg"}],"twitter_card":"summary_large_image","twitter_misc":{"Procijenjeno vrijeme \u010ditanja":"1 minuta"},"schema":{"@context":"https:\/\/schema.org","@graph":[{"@type":"WebPage","@id":"https:\/\/clair.si\/hr\/izdelek\/stubben-rose-green-tea-tekucina-za-grivu-i-rep\/","url":"https:\/\/clair.si\/hr\/izdelek\/stubben-rose-green-tea-tekucina-za-grivu-i-rep\/","name":"Stubben Brush on teku\u0107ina za grivu i rep - Clair","isPartOf":{"@id":"https:\/\/clair.si\/#website"},"primaryImageOfPage":{"@id":"https:\/\/clair.si\/hr\/izdelek\/stubben-rose-green-tea-tekucina-za-grivu-i-rep\/#primaryimage"},"image":{"@id":"https:\/\/clair.si\/hr\/izdelek\/stubben-rose-green-tea-tekucina-za-grivu-i-rep\/#primaryimage"},"thumbnailUrl":"https:\/\/clair.si\/wp-content\/uploads\/2023\/02\/Stubben-tekocina-za-grivo-in-rep-vrtnica-zeleni-caj-2.webp","datePublished":"2023-02-21T07:39:43+00:00","dateModified":"2025-11-13T16:55:02+00:00","description":"St\u00fcbben teku\u0107ina za grivu i rep \u201cBrush on\u201d s ru\u017eom i zelenim \u010dajem, olak\u0161ava ra\u0161\u010de\u0161ljavanje u trenutku te dodaje sjaj i volumen. Najbolji izbor po povoljnoj cijeni.","breadcrumb":{"@id":"https:\/\/clair.si\/hr\/izdelek\/stubben-rose-green-tea-tekucina-za-grivu-i-rep\/#breadcrumb"},"inLanguage":"hr","potentialAction":[{"@type":"ReadAction","target":["https:\/\/clair.si\/hr\/izdelek\/stubben-rose-green-tea-tekucina-za-grivu-i-rep\/"]}]},{"@type":"ImageObject","inLanguage":"hr","@id":"https:\/\/clair.si\/hr\/izdelek\/stubben-rose-green-tea-tekucina-za-grivu-i-rep\/#primaryimage","url":"https:\/\/clair.si\/wp-content\/uploads\/2023\/02\/Stubben-tekocina-za-grivo-in-rep-vrtnica-zeleni-caj-2.webp","contentUrl":"https:\/\/clair.si\/wp-content\/uploads\/2023\/02\/Stubben-tekocina-za-grivo-in-rep-vrtnica-zeleni-caj-2.webp","width":700,"height":700},{"@type":"BreadcrumbList","@id":"https:\/\/clair.si\/hr\/izdelek\/stubben-rose-green-tea-tekucina-za-grivu-i-rep\/#breadcrumb","itemListElement":[{"@type":"ListItem","position":1,"name":"Home","item":"https:\/\/clair.si\/hr\/"},{"@type":"ListItem","position":2,"name":"Trgovina","item":"https:\/\/clair.si\/trgovina\/"},{"@type":"ListItem","position":3,"name":"St\u00fcbben Rose Green Tea teku\u0107ina za grivu i rep"}]},{"@type":"WebSite","@id":"https:\/\/clair.si\/#website","url":"https:\/\/clair.si\/","name":"Clair","description":"Trgovina s konjeni\u0161ko opremo","publisher":{"@id":"https:\/\/clair.si\/#organization"},"potentialAction":[{"@type":"SearchAction","target":{"@type":"EntryPoint","urlTemplate":"https:\/\/clair.si\/?s={search_term_string}"},"query-input":{"@type":"PropertyValueSpecification","valueRequired":true,"valueName":"search_term_string"}}],"inLanguage":"hr"},{"@type":"Organization","@id":"https:\/\/clair.si\/#organization","name":"Clair","url":"https:\/\/clair.si\/","logo":{"@type":"ImageObject","inLanguage":"hr","@id":"https:\/\/clair.si\/#\/schema\/logo\/image\/","url":"https:\/\/clair.si\/wp-content\/uploads\/2022\/11\/clair_logo_2022.jpg","contentUrl":"https:\/\/clair.si\/wp-content\/uploads\/2022\/11\/clair_logo_2022.jpg","width":1920,"height":1920,"caption":"Clair"},"image":{"@id":"https:\/\/clair.si\/#\/schema\/logo\/image\/"},"sameAs":["https:\/\/www.facebook.com\/TrgovinaClair\/"]}]}},"_links":{"self":[{"href":"https:\/\/clair.si\/hr\/wp-json\/wp\/v2\/product\/104661","targetHints":{"allow":["GET"]}}],"collection":[{"href":"https:\/\/clair.si\/hr\/wp-json\/wp\/v2\/product"}],"about":[{"href":"https:\/\/clair.si\/hr\/wp-json\/wp\/v2\/types\/product"}],"version-history":[{"count":0,"href":"https:\/\/clair.si\/hr\/wp-json\/wp\/v2\/product\/104661\/revisions"}],"wp:featuredmedia":[{"embeddable":true,"href":"https:\/\/clair.si\/hr\/wp-json\/wp\/v2\/media\/104662"}],"wp:attachment":[{"href":"https:\/\/clair.si\/hr\/wp-json\/wp\/v2\/media?parent=104661"}],"wp:term":[{"taxonomy":"product_brand","embeddable":true,"href":"https:\/\/clair.si\/hr\/wp-json\/wp\/v2\/product_brand?post=104661"},{"taxonomy":"product_cat","embeddable":true,"href":"https:\/\/clair.si\/hr\/wp-json\/wp\/v2\/product_cat?post=104661"},{"taxonomy":"product_tag","embeddable":true,"href":"https:\/\/clair.si\/hr\/wp-json\/wp\/v2\/product_tag?post=104661"}],"curies":[{"name":"wp","href":"https:\/\/api.w.org\/{rel}","templated":true}]}}