{"id":104824,"date":"2023-06-15T10:39:12","date_gmt":"2023-06-15T08:39:12","guid":{"rendered":"https:\/\/clair.si\/izdelek\/uzde-norton-pro-supergrip\/"},"modified":"2025-09-28T16:06:04","modified_gmt":"2025-09-28T14:06:04","slug":"dizgini-norton-pro-supergrip","status":"publish","type":"product","link":"https:\/\/clair.si\/hr\/izdelek\/dizgini-norton-pro-supergrip\/","title":{"rendered":"Dizgini Norton PRO Supergrip"},"content":{"rendered":"<p><strong>Dizgini Norton PRO Supergrip<\/strong> &#8211; Dizgini <span class=\"HwtZe\" lang=\"sl\"><span class=\"jCAhz ChMk0b\"><span class=\"ryNqvb\"> od bivolje ko\u017ee, presvu\u010dene protukliznim fino vezanim poliesterom i s protukliznim gumenim prstenovima za odre\u0111ivanje duljine.<\/span><\/span> <span class=\"jCAhz ChMk0b\"><span class=\"ryNqvb\">Kop\u010de od nehr\u0111aju\u0107eg \u010delika.<\/span><\/span><\/span><\/p>\n<p>\u0160irina: 16 mm.<\/p>\n","protected":false},"excerpt":{"rendered":"<p>Dizgini Norton PRO Supergrip &#8211; Dizgini od bivolje ko\u017ee, presvu\u010dene protukliznim fino vezanim poliesterom i s protukliznim gumenim prstenovima za<\/p>\n","protected":false},"featured_media":105393,"template":"","meta":{"footnotes":""},"product_brand":[],"product_cat":[5822,5624,5697],"product_tag":[],"class_list":{"0":"post-104824","1":"product","2":"type-product","3":"status-publish","4":"has-post-thumbnail","6":"product_cat-dizgini","7":"product_cat-konj-hr","8":"product_cat-uzde-i-dizgini","10":"first","11":"instock","12":"sale","13":"shipping-taxable","14":"purchasable","15":"product-type-variable"},"yoast_head":"<!-- This site is optimized with the Yoast SEO plugin v27.4 - https:\/\/yoast.com\/product\/yoast-seo-wordpress\/ -->\n<title>Dizgini Norton PRO Supergrip - Clair<\/title>\n<meta name=\"description\" content=\"Dizgini Norton PRO Supergrip - Dizgini od bivolje ko\u017ee, presvu\u010dene protukliznim fino vezanim poliesterom i s protukliznim gumenim prstenovima za\" \/>\n<meta name=\"robots\" content=\"index, follow, max-snippet:-1, max-image-preview:large, max-video-preview:-1\" \/>\n<link rel=\"canonical\" href=\"https:\/\/clair.si\/hr\/izdelek\/dizgini-norton-pro-supergrip\/\" \/>\n<meta property=\"og:locale\" content=\"hr_HR\" \/>\n<meta property=\"og:type\" content=\"article\" \/>\n<meta property=\"og:title\" content=\"Dizgini Norton PRO Supergrip - Clair\" \/>\n<meta property=\"og:description\" content=\"Dizgini Norton PRO Supergrip - Dizgini od bivolje ko\u017ee, presvu\u010dene protukliznim fino vezanim poliesterom i s protukliznim gumenim prstenovima za\" \/>\n<meta property=\"og:url\" content=\"https:\/\/clair.si\/hr\/izdelek\/dizgini-norton-pro-supergrip\/\" \/>\n<meta property=\"og:site_name\" content=\"Clair\" \/>\n<meta property=\"article:publisher\" content=\"https:\/\/www.facebook.com\/TrgovinaClair\/\" \/>\n<meta property=\"article:modified_time\" content=\"2025-09-28T14:06:04+00:00\" \/>\n<meta property=\"og:image\" content=\"https:\/\/clair.si\/wp-content\/uploads\/2023\/06\/norton-pro-supergrip-vajeti-za-uzdo-jpg.webp\" \/>\n\t<meta property=\"og:image:width\" content=\"800\" \/>\n\t<meta property=\"og:image:height\" content=\"800\" \/>\n\t<meta property=\"og:image:type\" content=\"image\/jpeg\" \/>\n<meta name=\"twitter:card\" content=\"summary_large_image\" \/>\n<meta name=\"twitter:label1\" content=\"Procijenjeno vrijeme \u010ditanja\" \/>\n\t<meta name=\"twitter:data1\" content=\"1 minuta\" \/>\n<script type=\"application\/ld+json\" class=\"yoast-schema-graph\">{\"@context\":\"https:\\\/\\\/schema.org\",\"@graph\":[{\"@type\":\"WebPage\",\"@id\":\"https:\\\/\\\/clair.si\\\/hr\\\/izdelek\\\/dizgini-norton-pro-supergrip\\\/\",\"url\":\"https:\\\/\\\/clair.si\\\/hr\\\/izdelek\\\/dizgini-norton-pro-supergrip\\\/\",\"name\":\"Dizgini Norton PRO Supergrip - Clair\",\"isPartOf\":{\"@id\":\"https:\\\/\\\/clair.si\\\/#website\"},\"primaryImageOfPage\":{\"@id\":\"https:\\\/\\\/clair.si\\\/hr\\\/izdelek\\\/dizgini-norton-pro-supergrip\\\/#primaryimage\"},\"image\":{\"@id\":\"https:\\\/\\\/clair.si\\\/hr\\\/izdelek\\\/dizgini-norton-pro-supergrip\\\/#primaryimage\"},\"thumbnailUrl\":\"https:\\\/\\\/clair.si\\\/wp-content\\\/uploads\\\/2023\\\/06\\\/norton-pro-supergrip-vajeti-za-uzdo-jpg.webp\",\"datePublished\":\"2023-06-15T08:39:12+00:00\",\"dateModified\":\"2025-09-28T14:06:04+00:00\",\"description\":\"Dizgini Norton PRO Supergrip - Dizgini od bivolje ko\u017ee, presvu\u010dene protukliznim fino vezanim poliesterom i s protukliznim gumenim prstenovima za\",\"breadcrumb\":{\"@id\":\"https:\\\/\\\/clair.si\\\/hr\\\/izdelek\\\/dizgini-norton-pro-supergrip\\\/#breadcrumb\"},\"inLanguage\":\"hr\",\"potentialAction\":[{\"@type\":\"ReadAction\",\"target\":[\"https:\\\/\\\/clair.si\\\/hr\\\/izdelek\\\/dizgini-norton-pro-supergrip\\\/\"]}]},{\"@type\":\"ImageObject\",\"inLanguage\":\"hr\",\"@id\":\"https:\\\/\\\/clair.si\\\/hr\\\/izdelek\\\/dizgini-norton-pro-supergrip\\\/#primaryimage\",\"url\":\"https:\\\/\\\/clair.si\\\/wp-content\\\/uploads\\\/2023\\\/06\\\/norton-pro-supergrip-vajeti-za-uzdo-jpg.webp\",\"contentUrl\":\"https:\\\/\\\/clair.si\\\/wp-content\\\/uploads\\\/2023\\\/06\\\/norton-pro-supergrip-vajeti-za-uzdo-jpg.webp\",\"width\":800,\"height\":800},{\"@type\":\"BreadcrumbList\",\"@id\":\"https:\\\/\\\/clair.si\\\/hr\\\/izdelek\\\/dizgini-norton-pro-supergrip\\\/#breadcrumb\",\"itemListElement\":[{\"@type\":\"ListItem\",\"position\":1,\"name\":\"Home\",\"item\":\"https:\\\/\\\/clair.si\\\/hr\\\/\"},{\"@type\":\"ListItem\",\"position\":2,\"name\":\"Trgovina\",\"item\":\"https:\\\/\\\/clair.si\\\/trgovina\\\/\"},{\"@type\":\"ListItem\",\"position\":3,\"name\":\"Dizgini Norton PRO Supergrip\"}]},{\"@type\":\"WebSite\",\"@id\":\"https:\\\/\\\/clair.si\\\/#website\",\"url\":\"https:\\\/\\\/clair.si\\\/\",\"name\":\"Clair\",\"description\":\"Trgovina s konjeni\u0161ko opremo\",\"publisher\":{\"@id\":\"https:\\\/\\\/clair.si\\\/#organization\"},\"potentialAction\":[{\"@type\":\"SearchAction\",\"target\":{\"@type\":\"EntryPoint\",\"urlTemplate\":\"https:\\\/\\\/clair.si\\\/?s={search_term_string}\"},\"query-input\":{\"@type\":\"PropertyValueSpecification\",\"valueRequired\":true,\"valueName\":\"search_term_string\"}}],\"inLanguage\":\"hr\"},{\"@type\":\"Organization\",\"@id\":\"https:\\\/\\\/clair.si\\\/#organization\",\"name\":\"Clair\",\"url\":\"https:\\\/\\\/clair.si\\\/\",\"logo\":{\"@type\":\"ImageObject\",\"inLanguage\":\"hr\",\"@id\":\"https:\\\/\\\/clair.si\\\/#\\\/schema\\\/logo\\\/image\\\/\",\"url\":\"https:\\\/\\\/clair.si\\\/wp-content\\\/uploads\\\/2022\\\/11\\\/clair_logo_2022.jpg\",\"contentUrl\":\"https:\\\/\\\/clair.si\\\/wp-content\\\/uploads\\\/2022\\\/11\\\/clair_logo_2022.jpg\",\"width\":1920,\"height\":1920,\"caption\":\"Clair\"},\"image\":{\"@id\":\"https:\\\/\\\/clair.si\\\/#\\\/schema\\\/logo\\\/image\\\/\"},\"sameAs\":[\"https:\\\/\\\/www.facebook.com\\\/TrgovinaClair\\\/\"]}]}<\/script>\n<!-- \/ Yoast SEO plugin. -->","yoast_head_json":{"title":"Dizgini Norton PRO Supergrip - Clair","description":"Dizgini Norton PRO Supergrip - Dizgini od bivolje ko\u017ee, presvu\u010dene protukliznim fino vezanim poliesterom i s protukliznim gumenim prstenovima za","robots":{"index":"index","follow":"follow","max-snippet":"max-snippet:-1","max-image-preview":"max-image-preview:large","max-video-preview":"max-video-preview:-1"},"canonical":"https:\/\/clair.si\/hr\/izdelek\/dizgini-norton-pro-supergrip\/","og_locale":"hr_HR","og_type":"article","og_title":"Dizgini Norton PRO Supergrip - Clair","og_description":"Dizgini Norton PRO Supergrip - Dizgini od bivolje ko\u017ee, presvu\u010dene protukliznim fino vezanim poliesterom i s protukliznim gumenim prstenovima za","og_url":"https:\/\/clair.si\/hr\/izdelek\/dizgini-norton-pro-supergrip\/","og_site_name":"Clair","article_publisher":"https:\/\/www.facebook.com\/TrgovinaClair\/","article_modified_time":"2025-09-28T14:06:04+00:00","og_image":[{"width":800,"height":800,"url":"https:\/\/clair.si\/wp-content\/uploads\/2023\/06\/norton-pro-supergrip-vajeti-za-uzdo-jpg.webp","type":"image\/jpeg"}],"twitter_card":"summary_large_image","twitter_misc":{"Procijenjeno vrijeme \u010ditanja":"1 minuta"},"schema":{"@context":"https:\/\/schema.org","@graph":[{"@type":"WebPage","@id":"https:\/\/clair.si\/hr\/izdelek\/dizgini-norton-pro-supergrip\/","url":"https:\/\/clair.si\/hr\/izdelek\/dizgini-norton-pro-supergrip\/","name":"Dizgini Norton PRO Supergrip - Clair","isPartOf":{"@id":"https:\/\/clair.si\/#website"},"primaryImageOfPage":{"@id":"https:\/\/clair.si\/hr\/izdelek\/dizgini-norton-pro-supergrip\/#primaryimage"},"image":{"@id":"https:\/\/clair.si\/hr\/izdelek\/dizgini-norton-pro-supergrip\/#primaryimage"},"thumbnailUrl":"https:\/\/clair.si\/wp-content\/uploads\/2023\/06\/norton-pro-supergrip-vajeti-za-uzdo-jpg.webp","datePublished":"2023-06-15T08:39:12+00:00","dateModified":"2025-09-28T14:06:04+00:00","description":"Dizgini Norton PRO Supergrip - Dizgini od bivolje ko\u017ee, presvu\u010dene protukliznim fino vezanim poliesterom i s protukliznim gumenim prstenovima za","breadcrumb":{"@id":"https:\/\/clair.si\/hr\/izdelek\/dizgini-norton-pro-supergrip\/#breadcrumb"},"inLanguage":"hr","potentialAction":[{"@type":"ReadAction","target":["https:\/\/clair.si\/hr\/izdelek\/dizgini-norton-pro-supergrip\/"]}]},{"@type":"ImageObject","inLanguage":"hr","@id":"https:\/\/clair.si\/hr\/izdelek\/dizgini-norton-pro-supergrip\/#primaryimage","url":"https:\/\/clair.si\/wp-content\/uploads\/2023\/06\/norton-pro-supergrip-vajeti-za-uzdo-jpg.webp","contentUrl":"https:\/\/clair.si\/wp-content\/uploads\/2023\/06\/norton-pro-supergrip-vajeti-za-uzdo-jpg.webp","width":800,"height":800},{"@type":"BreadcrumbList","@id":"https:\/\/clair.si\/hr\/izdelek\/dizgini-norton-pro-supergrip\/#breadcrumb","itemListElement":[{"@type":"ListItem","position":1,"name":"Home","item":"https:\/\/clair.si\/hr\/"},{"@type":"ListItem","position":2,"name":"Trgovina","item":"https:\/\/clair.si\/trgovina\/"},{"@type":"ListItem","position":3,"name":"Dizgini Norton PRO Supergrip"}]},{"@type":"WebSite","@id":"https:\/\/clair.si\/#website","url":"https:\/\/clair.si\/","name":"Clair","description":"Trgovina s konjeni\u0161ko opremo","publisher":{"@id":"https:\/\/clair.si\/#organization"},"potentialAction":[{"@type":"SearchAction","target":{"@type":"EntryPoint","urlTemplate":"https:\/\/clair.si\/?s={search_term_string}"},"query-input":{"@type":"PropertyValueSpecification","valueRequired":true,"valueName":"search_term_string"}}],"inLanguage":"hr"},{"@type":"Organization","@id":"https:\/\/clair.si\/#organization","name":"Clair","url":"https:\/\/clair.si\/","logo":{"@type":"ImageObject","inLanguage":"hr","@id":"https:\/\/clair.si\/#\/schema\/logo\/image\/","url":"https:\/\/clair.si\/wp-content\/uploads\/2022\/11\/clair_logo_2022.jpg","contentUrl":"https:\/\/clair.si\/wp-content\/uploads\/2022\/11\/clair_logo_2022.jpg","width":1920,"height":1920,"caption":"Clair"},"image":{"@id":"https:\/\/clair.si\/#\/schema\/logo\/image\/"},"sameAs":["https:\/\/www.facebook.com\/TrgovinaClair\/"]}]}},"_links":{"self":[{"href":"https:\/\/clair.si\/hr\/wp-json\/wp\/v2\/product\/104824","targetHints":{"allow":["GET"]}}],"collection":[{"href":"https:\/\/clair.si\/hr\/wp-json\/wp\/v2\/product"}],"about":[{"href":"https:\/\/clair.si\/hr\/wp-json\/wp\/v2\/types\/product"}],"version-history":[{"count":3,"href":"https:\/\/clair.si\/hr\/wp-json\/wp\/v2\/product\/104824\/revisions"}],"predecessor-version":[{"id":115036,"href":"https:\/\/clair.si\/hr\/wp-json\/wp\/v2\/product\/104824\/revisions\/115036"}],"wp:featuredmedia":[{"embeddable":true,"href":"https:\/\/clair.si\/hr\/wp-json\/wp\/v2\/media\/105393"}],"wp:attachment":[{"href":"https:\/\/clair.si\/hr\/wp-json\/wp\/v2\/media?parent=104824"}],"wp:term":[{"taxonomy":"product_brand","embeddable":true,"href":"https:\/\/clair.si\/hr\/wp-json\/wp\/v2\/product_brand?post=104824"},{"taxonomy":"product_cat","embeddable":true,"href":"https:\/\/clair.si\/hr\/wp-json\/wp\/v2\/product_cat?post=104824"},{"taxonomy":"product_tag","embeddable":true,"href":"https:\/\/clair.si\/hr\/wp-json\/wp\/v2\/product_tag?post=104824"}],"curies":[{"name":"wp","href":"https:\/\/api.w.org\/{rel}","templated":true}]}}