{"id":104830,"date":"2023-06-24T09:42:23","date_gmt":"2023-06-24T07:42:23","guid":{"rendered":"https:\/\/clair.si\/izdelek\/cavalor-proscent\/"},"modified":"2025-08-28T07:36:26","modified_gmt":"2025-08-28T05:36:26","slug":"cavalor-proscent","status":"publish","type":"product","link":"https:\/\/clair.si\/hr\/izdelek\/cavalor-proscent\/","title":{"rendered":"Cavalor ProScent"},"content":{"rendered":"<p><span class=\"HwtZe\" lang=\"sl\"><span class=\"jCAhz ChMk0b\"><span class=\"ryNqvb\"><strong>Cavalor ProScent<\/strong> ima ugodan miris koji <strong>neutralizira miris konja i znoj te tvori prirodnu i u\u010dinkovitu za\u0161titu konja od dosadnih insekata<\/strong>. <\/span><\/span><span class=\"jCAhz ChMk0b\"><span class=\"ryNqvb\">Idealno za ljetne dane!<\/span><\/span> <span class=\"jCAhz ChMk0b\"><span class=\"ryNqvb\">Biljke imaju dugu tradiciju upotrebe u proizvodima za njegu i mirisima. <strong>Cavalor ProScent<\/strong> je inovativna mje\u0161avina eteri\u010dnih ulja koja neutralizira prirodni miris konjskog tijela. Ima prekrasan svje\u017e, prirodan miris. Eteri\u010dna ulja u Cavalor ProScentu (limunski eukaliptus, \u010dajevac i lavanda) ne stvaraju samo ugodan miris, ve\u0107 i daju konjskoj dlaci zdrav sjaj.<br \/>\n<\/span><\/span><\/span><\/p>\n<p><span class=\"HwtZe\" lang=\"sl\"><span class=\"jCAhz ChMk0b\"><span class=\"ryNqvb\">Raspr\u0161ite Cavalor ProScent po dlaki kako biste neutralizirali miris konja i znoj.<\/span><\/span> <span class=\"jCAhz ChMk0b\"><span class=\"ryNqvb\">Prije upotrebe dobro protresite<\/span><\/span><\/span>.<\/p>\n<p><strong>Sastav<\/strong>: mje\u0161avina eteri\u010dnih ulja<\/p>\n","protected":false},"excerpt":{"rendered":"<ul>\n<li><span class=\"HwtZe\" lang=\"sl\"><span class=\"jCAhz ChMk0b\"><span class=\"ryNqvb\">sprej neutralizira miris konja i njihovog znoja<\/span><\/span> <\/span><\/li>\n<li><span class=\"HwtZe\" lang=\"sl\"><span class=\"jCAhz ChMk0b\"><span class=\"ryNqvb\">divno mirisno<\/span><\/span> <\/span><\/li>\n<li><span class=\"HwtZe\" lang=\"sl\">i<span class=\"jCAhz ChMk0b\"><span class=\"ryNqvb\">dealno za ljetne dane<\/span><\/span>  <\/span><\/li>\n<li><span class=\"HwtZe\" lang=\"sl\"><span class=\"jCAhz ChMk0b\"><span class=\"ryNqvb\">100% prirodno<\/span><\/span><\/span><\/li>\n<\/ul>\n<p><strong>Koli\u010dina: 500 mL<\/strong><\/p>\n","protected":false},"featured_media":104832,"template":"","meta":{"footnotes":""},"product_brand":[],"product_cat":[5624,5675,5677,5625,5676,5627,5674,5679],"product_tag":[],"class_list":{"0":"post-104830","1":"product","2":"type-product","3":"status-publish","4":"has-post-thumbnail","6":"product_cat-konj-hr","7":"product_cat-kozmetika-za-konje-hr","8":"product_cat-kozmetika-za-konje-hr-2","9":"product_cat-njega-konja","10":"product_cat-sprejevi-i-kreme","11":"product_cat-stala-i-pasnjak","12":"product_cat-zastita-od-insekata","13":"product_cat-zastita-od-insekata-hr","15":"first","16":"instock","17":"shipping-taxable","18":"purchasable","19":"product-type-simple"},"yoast_head":"<!-- This site is optimized with the Yoast SEO plugin v27.4 - https:\/\/yoast.com\/product\/yoast-seo-wordpress\/ -->\n<title>Cavalor ProScent - Clair<\/title>\n<meta name=\"description\" content=\"sprej neutralizira miris konja i njihovog znoja  divno mirisno  idealno za ljetne dane   100% prirodno Koli\u010dina: 500 mL\" \/>\n<meta name=\"robots\" content=\"index, follow, max-snippet:-1, max-image-preview:large, max-video-preview:-1\" \/>\n<link rel=\"canonical\" href=\"https:\/\/clair.si\/hr\/izdelek\/cavalor-proscent\/\" \/>\n<meta property=\"og:locale\" content=\"hr_HR\" \/>\n<meta property=\"og:type\" content=\"article\" \/>\n<meta property=\"og:title\" content=\"Cavalor ProScent - Clair\" \/>\n<meta property=\"og:description\" content=\"sprej neutralizira miris konja i njihovog znoja  divno mirisno  idealno za ljetne dane   100% prirodno Koli\u010dina: 500 mL\" \/>\n<meta property=\"og:url\" content=\"https:\/\/clair.si\/hr\/izdelek\/cavalor-proscent\/\" \/>\n<meta property=\"og:site_name\" content=\"Clair\" \/>\n<meta property=\"article:publisher\" content=\"https:\/\/www.facebook.com\/TrgovinaClair\/\" \/>\n<meta property=\"article:modified_time\" content=\"2025-08-28T05:36:26+00:00\" \/>\n<meta property=\"og:image\" content=\"https:\/\/clair.si\/wp-content\/uploads\/2023\/06\/Proscent-cavalor-za-konje-sprej-jpg.webp\" \/>\n\t<meta property=\"og:image:width\" content=\"1026\" \/>\n\t<meta property=\"og:image:height\" content=\"1026\" \/>\n\t<meta property=\"og:image:type\" content=\"image\/jpeg\" \/>\n<meta name=\"twitter:card\" content=\"summary_large_image\" \/>\n<meta name=\"twitter:label1\" content=\"Procijenjeno vrijeme \u010ditanja\" \/>\n\t<meta name=\"twitter:data1\" content=\"1 minuta\" \/>\n<script type=\"application\/ld+json\" class=\"yoast-schema-graph\">{\"@context\":\"https:\\\/\\\/schema.org\",\"@graph\":[{\"@type\":\"WebPage\",\"@id\":\"https:\\\/\\\/clair.si\\\/hr\\\/izdelek\\\/cavalor-proscent\\\/\",\"url\":\"https:\\\/\\\/clair.si\\\/hr\\\/izdelek\\\/cavalor-proscent\\\/\",\"name\":\"Cavalor ProScent - Clair\",\"isPartOf\":{\"@id\":\"https:\\\/\\\/clair.si\\\/#website\"},\"primaryImageOfPage\":{\"@id\":\"https:\\\/\\\/clair.si\\\/hr\\\/izdelek\\\/cavalor-proscent\\\/#primaryimage\"},\"image\":{\"@id\":\"https:\\\/\\\/clair.si\\\/hr\\\/izdelek\\\/cavalor-proscent\\\/#primaryimage\"},\"thumbnailUrl\":\"https:\\\/\\\/clair.si\\\/wp-content\\\/uploads\\\/2023\\\/06\\\/Proscent-cavalor-za-konje-sprej-jpg.webp\",\"datePublished\":\"2023-06-24T07:42:23+00:00\",\"dateModified\":\"2025-08-28T05:36:26+00:00\",\"description\":\"sprej neutralizira miris konja i njihovog znoja divno mirisno idealno za ljetne dane 100% prirodno Koli\u010dina: 500 mL\",\"breadcrumb\":{\"@id\":\"https:\\\/\\\/clair.si\\\/hr\\\/izdelek\\\/cavalor-proscent\\\/#breadcrumb\"},\"inLanguage\":\"hr\",\"potentialAction\":[{\"@type\":\"ReadAction\",\"target\":[\"https:\\\/\\\/clair.si\\\/hr\\\/izdelek\\\/cavalor-proscent\\\/\"]}]},{\"@type\":\"ImageObject\",\"inLanguage\":\"hr\",\"@id\":\"https:\\\/\\\/clair.si\\\/hr\\\/izdelek\\\/cavalor-proscent\\\/#primaryimage\",\"url\":\"https:\\\/\\\/clair.si\\\/wp-content\\\/uploads\\\/2023\\\/06\\\/Proscent-cavalor-za-konje-sprej-jpg.webp\",\"contentUrl\":\"https:\\\/\\\/clair.si\\\/wp-content\\\/uploads\\\/2023\\\/06\\\/Proscent-cavalor-za-konje-sprej-jpg.webp\",\"width\":1026,\"height\":1026},{\"@type\":\"BreadcrumbList\",\"@id\":\"https:\\\/\\\/clair.si\\\/hr\\\/izdelek\\\/cavalor-proscent\\\/#breadcrumb\",\"itemListElement\":[{\"@type\":\"ListItem\",\"position\":1,\"name\":\"Home\",\"item\":\"https:\\\/\\\/clair.si\\\/hr\\\/\"},{\"@type\":\"ListItem\",\"position\":2,\"name\":\"Trgovina\",\"item\":\"https:\\\/\\\/clair.si\\\/trgovina\\\/\"},{\"@type\":\"ListItem\",\"position\":3,\"name\":\"Cavalor ProScent\"}]},{\"@type\":\"WebSite\",\"@id\":\"https:\\\/\\\/clair.si\\\/#website\",\"url\":\"https:\\\/\\\/clair.si\\\/\",\"name\":\"Clair\",\"description\":\"Trgovina s konjeni\u0161ko opremo\",\"publisher\":{\"@id\":\"https:\\\/\\\/clair.si\\\/#organization\"},\"potentialAction\":[{\"@type\":\"SearchAction\",\"target\":{\"@type\":\"EntryPoint\",\"urlTemplate\":\"https:\\\/\\\/clair.si\\\/?s={search_term_string}\"},\"query-input\":{\"@type\":\"PropertyValueSpecification\",\"valueRequired\":true,\"valueName\":\"search_term_string\"}}],\"inLanguage\":\"hr\"},{\"@type\":\"Organization\",\"@id\":\"https:\\\/\\\/clair.si\\\/#organization\",\"name\":\"Clair\",\"url\":\"https:\\\/\\\/clair.si\\\/\",\"logo\":{\"@type\":\"ImageObject\",\"inLanguage\":\"hr\",\"@id\":\"https:\\\/\\\/clair.si\\\/#\\\/schema\\\/logo\\\/image\\\/\",\"url\":\"https:\\\/\\\/clair.si\\\/wp-content\\\/uploads\\\/2022\\\/11\\\/clair_logo_2022.jpg\",\"contentUrl\":\"https:\\\/\\\/clair.si\\\/wp-content\\\/uploads\\\/2022\\\/11\\\/clair_logo_2022.jpg\",\"width\":1920,\"height\":1920,\"caption\":\"Clair\"},\"image\":{\"@id\":\"https:\\\/\\\/clair.si\\\/#\\\/schema\\\/logo\\\/image\\\/\"},\"sameAs\":[\"https:\\\/\\\/www.facebook.com\\\/TrgovinaClair\\\/\"]}]}<\/script>\n<!-- \/ Yoast SEO plugin. -->","yoast_head_json":{"title":"Cavalor ProScent - Clair","description":"sprej neutralizira miris konja i njihovog znoja  divno mirisno  idealno za ljetne dane   100% prirodno Koli\u010dina: 500 mL","robots":{"index":"index","follow":"follow","max-snippet":"max-snippet:-1","max-image-preview":"max-image-preview:large","max-video-preview":"max-video-preview:-1"},"canonical":"https:\/\/clair.si\/hr\/izdelek\/cavalor-proscent\/","og_locale":"hr_HR","og_type":"article","og_title":"Cavalor ProScent - Clair","og_description":"sprej neutralizira miris konja i njihovog znoja  divno mirisno  idealno za ljetne dane   100% prirodno Koli\u010dina: 500 mL","og_url":"https:\/\/clair.si\/hr\/izdelek\/cavalor-proscent\/","og_site_name":"Clair","article_publisher":"https:\/\/www.facebook.com\/TrgovinaClair\/","article_modified_time":"2025-08-28T05:36:26+00:00","og_image":[{"width":1026,"height":1026,"url":"https:\/\/clair.si\/wp-content\/uploads\/2023\/06\/Proscent-cavalor-za-konje-sprej-jpg.webp","type":"image\/jpeg"}],"twitter_card":"summary_large_image","twitter_misc":{"Procijenjeno vrijeme \u010ditanja":"1 minuta"},"schema":{"@context":"https:\/\/schema.org","@graph":[{"@type":"WebPage","@id":"https:\/\/clair.si\/hr\/izdelek\/cavalor-proscent\/","url":"https:\/\/clair.si\/hr\/izdelek\/cavalor-proscent\/","name":"Cavalor ProScent - Clair","isPartOf":{"@id":"https:\/\/clair.si\/#website"},"primaryImageOfPage":{"@id":"https:\/\/clair.si\/hr\/izdelek\/cavalor-proscent\/#primaryimage"},"image":{"@id":"https:\/\/clair.si\/hr\/izdelek\/cavalor-proscent\/#primaryimage"},"thumbnailUrl":"https:\/\/clair.si\/wp-content\/uploads\/2023\/06\/Proscent-cavalor-za-konje-sprej-jpg.webp","datePublished":"2023-06-24T07:42:23+00:00","dateModified":"2025-08-28T05:36:26+00:00","description":"sprej neutralizira miris konja i njihovog znoja divno mirisno idealno za ljetne dane 100% prirodno Koli\u010dina: 500 mL","breadcrumb":{"@id":"https:\/\/clair.si\/hr\/izdelek\/cavalor-proscent\/#breadcrumb"},"inLanguage":"hr","potentialAction":[{"@type":"ReadAction","target":["https:\/\/clair.si\/hr\/izdelek\/cavalor-proscent\/"]}]},{"@type":"ImageObject","inLanguage":"hr","@id":"https:\/\/clair.si\/hr\/izdelek\/cavalor-proscent\/#primaryimage","url":"https:\/\/clair.si\/wp-content\/uploads\/2023\/06\/Proscent-cavalor-za-konje-sprej-jpg.webp","contentUrl":"https:\/\/clair.si\/wp-content\/uploads\/2023\/06\/Proscent-cavalor-za-konje-sprej-jpg.webp","width":1026,"height":1026},{"@type":"BreadcrumbList","@id":"https:\/\/clair.si\/hr\/izdelek\/cavalor-proscent\/#breadcrumb","itemListElement":[{"@type":"ListItem","position":1,"name":"Home","item":"https:\/\/clair.si\/hr\/"},{"@type":"ListItem","position":2,"name":"Trgovina","item":"https:\/\/clair.si\/trgovina\/"},{"@type":"ListItem","position":3,"name":"Cavalor ProScent"}]},{"@type":"WebSite","@id":"https:\/\/clair.si\/#website","url":"https:\/\/clair.si\/","name":"Clair","description":"Trgovina s konjeni\u0161ko opremo","publisher":{"@id":"https:\/\/clair.si\/#organization"},"potentialAction":[{"@type":"SearchAction","target":{"@type":"EntryPoint","urlTemplate":"https:\/\/clair.si\/?s={search_term_string}"},"query-input":{"@type":"PropertyValueSpecification","valueRequired":true,"valueName":"search_term_string"}}],"inLanguage":"hr"},{"@type":"Organization","@id":"https:\/\/clair.si\/#organization","name":"Clair","url":"https:\/\/clair.si\/","logo":{"@type":"ImageObject","inLanguage":"hr","@id":"https:\/\/clair.si\/#\/schema\/logo\/image\/","url":"https:\/\/clair.si\/wp-content\/uploads\/2022\/11\/clair_logo_2022.jpg","contentUrl":"https:\/\/clair.si\/wp-content\/uploads\/2022\/11\/clair_logo_2022.jpg","width":1920,"height":1920,"caption":"Clair"},"image":{"@id":"https:\/\/clair.si\/#\/schema\/logo\/image\/"},"sameAs":["https:\/\/www.facebook.com\/TrgovinaClair\/"]}]}},"_links":{"self":[{"href":"https:\/\/clair.si\/hr\/wp-json\/wp\/v2\/product\/104830","targetHints":{"allow":["GET"]}}],"collection":[{"href":"https:\/\/clair.si\/hr\/wp-json\/wp\/v2\/product"}],"about":[{"href":"https:\/\/clair.si\/hr\/wp-json\/wp\/v2\/types\/product"}],"version-history":[{"count":0,"href":"https:\/\/clair.si\/hr\/wp-json\/wp\/v2\/product\/104830\/revisions"}],"wp:featuredmedia":[{"embeddable":true,"href":"https:\/\/clair.si\/hr\/wp-json\/wp\/v2\/media\/104832"}],"wp:attachment":[{"href":"https:\/\/clair.si\/hr\/wp-json\/wp\/v2\/media?parent=104830"}],"wp:term":[{"taxonomy":"product_brand","embeddable":true,"href":"https:\/\/clair.si\/hr\/wp-json\/wp\/v2\/product_brand?post=104830"},{"taxonomy":"product_cat","embeddable":true,"href":"https:\/\/clair.si\/hr\/wp-json\/wp\/v2\/product_cat?post=104830"},{"taxonomy":"product_tag","embeddable":true,"href":"https:\/\/clair.si\/hr\/wp-json\/wp\/v2\/product_tag?post=104830"}],"curies":[{"name":"wp","href":"https:\/\/api.w.org\/{rel}","templated":true}]}}