{"id":104846,"date":"2023-06-25T20:22:49","date_gmt":"2023-06-25T18:22:49","guid":{"rendered":"https:\/\/clair.si\/izdelek\/ljetne-jahace-rukavice-hkm-grip-mesh\/"},"modified":"2025-12-21T12:36:04","modified_gmt":"2025-12-21T11:36:04","slug":"ljetne-jahace-rukavice-hkm-grip-mesh","status":"publish","type":"product","link":"https:\/\/clair.si\/hr\/izdelek\/ljetne-jahace-rukavice-hkm-grip-mesh\/","title":{"rendered":"Ljetne jaha\u0107e rukavice HKM Grip Mesh"},"content":{"rendered":"<p><strong>Ljetne jaha\u0107e rukavice HKM Grip Mesh<\/strong> &#8211; lagane, ljetne jaha\u0107e rukavice s gornje strane od mre\u017eastog materijala koji di\u0161e. Dlan oja\u010dan poliuretanom.<\/p>\n<div class=\"product-shortdescription\">\n<div class=\"shortdescription-content\">\n<ul>\n<li>65% poliuretan, 35% lycra mesh<\/li>\n<li>perivo na 30\u00b0C<\/li>\n<\/ul>\n<\/div>\n<\/div>\n","protected":false},"excerpt":{"rendered":"<p>Ljetne jaha\u0107e rukavice HKM Grip Mesh &#8211; lagane, ljetne jaha\u0107e rukavice s gornje strane od mre\u017eastog materijala koji di\u0161e. Dlan<\/p>\n","protected":false},"featured_media":106666,"template":"","meta":{"footnotes":""},"product_brand":[],"product_cat":[5654,5738,5670,5737],"product_tag":[],"class_list":{"0":"post-104846","1":"product","2":"type-product","3":"status-publish","4":"has-post-thumbnail","6":"product_cat-jahac-hr","7":"product_cat-ljetne-rukavice","8":"product_cat-natjecanja","9":"product_cat-rukavice","11":"first","12":"outofstock","13":"shipping-taxable","14":"purchasable","15":"product-type-variable"},"yoast_head":"<!-- This site is optimized with the Yoast SEO plugin v27.4 - https:\/\/yoast.com\/product\/yoast-seo-wordpress\/ -->\n<title>Ljetne jaha\u0107e rukavice HKM Grip Mesh - Clair<\/title>\n<meta name=\"description\" content=\"Ljetne jaha\u0107e rukavice HKM Grip Mesh - lagane, ljetne jaha\u0107e rukavice s gornje strane od mre\u017eastog materijala koji di\u0161e. Dlan oja\u010dan poliuretanom. 65%\" \/>\n<meta name=\"robots\" content=\"index, follow, max-snippet:-1, max-image-preview:large, max-video-preview:-1\" \/>\n<link rel=\"canonical\" href=\"https:\/\/clair.si\/izdelek\/poletne-jahalne-rokavice-hkm-grip-mesh\/\" \/>\n<meta property=\"og:locale\" content=\"hr_HR\" \/>\n<meta property=\"og:type\" content=\"article\" \/>\n<meta property=\"og:title\" content=\"Ljetne jaha\u0107e rukavice HKM Grip Mesh - Clair\" \/>\n<meta property=\"og:description\" content=\"Ljetne jaha\u0107e rukavice HKM Grip Mesh - lagane, ljetne jaha\u0107e rukavice s gornje strane od mre\u017eastog materijala koji di\u0161e. Dlan oja\u010dan poliuretanom. 65%\" \/>\n<meta property=\"og:url\" content=\"https:\/\/clair.si\/izdelek\/poletne-jahalne-rokavice-hkm-grip-mesh\/\" \/>\n<meta property=\"og:site_name\" content=\"Clair\" \/>\n<meta property=\"article:publisher\" content=\"https:\/\/www.facebook.com\/TrgovinaClair\/\" \/>\n<meta property=\"article:modified_time\" content=\"2025-12-21T11:36:04+00:00\" \/>\n<meta property=\"og:image\" content=\"https:\/\/clair.si\/wp-content\/uploads\/2023\/06\/3-grip-mesh-jahalne-letne-rokavice-clair-jpg.webp\" \/>\n\t<meta property=\"og:image:width\" content=\"1200\" \/>\n\t<meta property=\"og:image:height\" content=\"1200\" \/>\n\t<meta property=\"og:image:type\" content=\"image\/jpeg\" \/>\n<meta name=\"twitter:card\" content=\"summary_large_image\" \/>\n<meta name=\"twitter:label1\" content=\"Procijenjeno vrijeme \u010ditanja\" \/>\n\t<meta name=\"twitter:data1\" content=\"1 minuta\" \/>\n<script type=\"application\/ld+json\" class=\"yoast-schema-graph\">{\"@context\":\"https:\\\/\\\/schema.org\",\"@graph\":[{\"@type\":\"WebPage\",\"@id\":\"https:\\\/\\\/clair.si\\\/izdelek\\\/poletne-jahalne-rokavice-hkm-grip-mesh\\\/\",\"url\":\"https:\\\/\\\/clair.si\\\/izdelek\\\/poletne-jahalne-rokavice-hkm-grip-mesh\\\/\",\"name\":\"Ljetne jaha\u0107e rukavice HKM Grip Mesh - Clair\",\"isPartOf\":{\"@id\":\"https:\\\/\\\/clair.si\\\/#website\"},\"primaryImageOfPage\":{\"@id\":\"https:\\\/\\\/clair.si\\\/izdelek\\\/poletne-jahalne-rokavice-hkm-grip-mesh\\\/#primaryimage\"},\"image\":{\"@id\":\"https:\\\/\\\/clair.si\\\/izdelek\\\/poletne-jahalne-rokavice-hkm-grip-mesh\\\/#primaryimage\"},\"thumbnailUrl\":\"https:\\\/\\\/clair.si\\\/wp-content\\\/uploads\\\/2023\\\/06\\\/3-grip-mesh-jahalne-letne-rokavice-clair-jpg.webp\",\"datePublished\":\"2023-06-25T18:22:49+00:00\",\"dateModified\":\"2025-12-21T11:36:04+00:00\",\"description\":\"Ljetne jaha\u0107e rukavice HKM Grip Mesh - lagane, ljetne jaha\u0107e rukavice s gornje strane od mre\u017eastog materijala koji di\u0161e. Dlan oja\u010dan poliuretanom. 65%\",\"breadcrumb\":{\"@id\":\"https:\\\/\\\/clair.si\\\/izdelek\\\/poletne-jahalne-rokavice-hkm-grip-mesh\\\/#breadcrumb\"},\"inLanguage\":\"hr\",\"potentialAction\":[{\"@type\":\"ReadAction\",\"target\":[\"https:\\\/\\\/clair.si\\\/izdelek\\\/poletne-jahalne-rokavice-hkm-grip-mesh\\\/\"]}]},{\"@type\":\"ImageObject\",\"inLanguage\":\"hr\",\"@id\":\"https:\\\/\\\/clair.si\\\/izdelek\\\/poletne-jahalne-rokavice-hkm-grip-mesh\\\/#primaryimage\",\"url\":\"https:\\\/\\\/clair.si\\\/wp-content\\\/uploads\\\/2023\\\/06\\\/3-grip-mesh-jahalne-letne-rokavice-clair-jpg.webp\",\"contentUrl\":\"https:\\\/\\\/clair.si\\\/wp-content\\\/uploads\\\/2023\\\/06\\\/3-grip-mesh-jahalne-letne-rokavice-clair-jpg.webp\",\"width\":1200,\"height\":1200},{\"@type\":\"BreadcrumbList\",\"@id\":\"https:\\\/\\\/clair.si\\\/izdelek\\\/poletne-jahalne-rokavice-hkm-grip-mesh\\\/#breadcrumb\",\"itemListElement\":[{\"@type\":\"ListItem\",\"position\":1,\"name\":\"Home\",\"item\":\"https:\\\/\\\/clair.si\\\/hr\\\/\"},{\"@type\":\"ListItem\",\"position\":2,\"name\":\"Trgovina\",\"item\":\"https:\\\/\\\/clair.si\\\/trgovina\\\/\"},{\"@type\":\"ListItem\",\"position\":3,\"name\":\"Ljetne jaha\u0107e rukavice HKM Grip Mesh\"}]},{\"@type\":\"WebSite\",\"@id\":\"https:\\\/\\\/clair.si\\\/#website\",\"url\":\"https:\\\/\\\/clair.si\\\/\",\"name\":\"Clair\",\"description\":\"Trgovina s konjeni\u0161ko opremo\",\"publisher\":{\"@id\":\"https:\\\/\\\/clair.si\\\/#organization\"},\"potentialAction\":[{\"@type\":\"SearchAction\",\"target\":{\"@type\":\"EntryPoint\",\"urlTemplate\":\"https:\\\/\\\/clair.si\\\/?s={search_term_string}\"},\"query-input\":{\"@type\":\"PropertyValueSpecification\",\"valueRequired\":true,\"valueName\":\"search_term_string\"}}],\"inLanguage\":\"hr\"},{\"@type\":\"Organization\",\"@id\":\"https:\\\/\\\/clair.si\\\/#organization\",\"name\":\"Clair\",\"url\":\"https:\\\/\\\/clair.si\\\/\",\"logo\":{\"@type\":\"ImageObject\",\"inLanguage\":\"hr\",\"@id\":\"https:\\\/\\\/clair.si\\\/#\\\/schema\\\/logo\\\/image\\\/\",\"url\":\"https:\\\/\\\/clair.si\\\/wp-content\\\/uploads\\\/2022\\\/11\\\/clair_logo_2022.jpg\",\"contentUrl\":\"https:\\\/\\\/clair.si\\\/wp-content\\\/uploads\\\/2022\\\/11\\\/clair_logo_2022.jpg\",\"width\":1920,\"height\":1920,\"caption\":\"Clair\"},\"image\":{\"@id\":\"https:\\\/\\\/clair.si\\\/#\\\/schema\\\/logo\\\/image\\\/\"},\"sameAs\":[\"https:\\\/\\\/www.facebook.com\\\/TrgovinaClair\\\/\"]}]}<\/script>\n<!-- \/ Yoast SEO plugin. -->","yoast_head_json":{"title":"Ljetne jaha\u0107e rukavice HKM Grip Mesh - Clair","description":"Ljetne jaha\u0107e rukavice HKM Grip Mesh - lagane, ljetne jaha\u0107e rukavice s gornje strane od mre\u017eastog materijala koji di\u0161e. Dlan oja\u010dan poliuretanom. 65%","robots":{"index":"index","follow":"follow","max-snippet":"max-snippet:-1","max-image-preview":"max-image-preview:large","max-video-preview":"max-video-preview:-1"},"canonical":"https:\/\/clair.si\/izdelek\/poletne-jahalne-rokavice-hkm-grip-mesh\/","og_locale":"hr_HR","og_type":"article","og_title":"Ljetne jaha\u0107e rukavice HKM Grip Mesh - Clair","og_description":"Ljetne jaha\u0107e rukavice HKM Grip Mesh - lagane, ljetne jaha\u0107e rukavice s gornje strane od mre\u017eastog materijala koji di\u0161e. Dlan oja\u010dan poliuretanom. 65%","og_url":"https:\/\/clair.si\/izdelek\/poletne-jahalne-rokavice-hkm-grip-mesh\/","og_site_name":"Clair","article_publisher":"https:\/\/www.facebook.com\/TrgovinaClair\/","article_modified_time":"2025-12-21T11:36:04+00:00","og_image":[{"width":1200,"height":1200,"url":"https:\/\/clair.si\/wp-content\/uploads\/2023\/06\/3-grip-mesh-jahalne-letne-rokavice-clair-jpg.webp","type":"image\/jpeg"}],"twitter_card":"summary_large_image","twitter_misc":{"Procijenjeno vrijeme \u010ditanja":"1 minuta"},"schema":{"@context":"https:\/\/schema.org","@graph":[{"@type":"WebPage","@id":"https:\/\/clair.si\/izdelek\/poletne-jahalne-rokavice-hkm-grip-mesh\/","url":"https:\/\/clair.si\/izdelek\/poletne-jahalne-rokavice-hkm-grip-mesh\/","name":"Ljetne jaha\u0107e rukavice HKM Grip Mesh - Clair","isPartOf":{"@id":"https:\/\/clair.si\/#website"},"primaryImageOfPage":{"@id":"https:\/\/clair.si\/izdelek\/poletne-jahalne-rokavice-hkm-grip-mesh\/#primaryimage"},"image":{"@id":"https:\/\/clair.si\/izdelek\/poletne-jahalne-rokavice-hkm-grip-mesh\/#primaryimage"},"thumbnailUrl":"https:\/\/clair.si\/wp-content\/uploads\/2023\/06\/3-grip-mesh-jahalne-letne-rokavice-clair-jpg.webp","datePublished":"2023-06-25T18:22:49+00:00","dateModified":"2025-12-21T11:36:04+00:00","description":"Ljetne jaha\u0107e rukavice HKM Grip Mesh - lagane, ljetne jaha\u0107e rukavice s gornje strane od mre\u017eastog materijala koji di\u0161e. Dlan oja\u010dan poliuretanom. 65%","breadcrumb":{"@id":"https:\/\/clair.si\/izdelek\/poletne-jahalne-rokavice-hkm-grip-mesh\/#breadcrumb"},"inLanguage":"hr","potentialAction":[{"@type":"ReadAction","target":["https:\/\/clair.si\/izdelek\/poletne-jahalne-rokavice-hkm-grip-mesh\/"]}]},{"@type":"ImageObject","inLanguage":"hr","@id":"https:\/\/clair.si\/izdelek\/poletne-jahalne-rokavice-hkm-grip-mesh\/#primaryimage","url":"https:\/\/clair.si\/wp-content\/uploads\/2023\/06\/3-grip-mesh-jahalne-letne-rokavice-clair-jpg.webp","contentUrl":"https:\/\/clair.si\/wp-content\/uploads\/2023\/06\/3-grip-mesh-jahalne-letne-rokavice-clair-jpg.webp","width":1200,"height":1200},{"@type":"BreadcrumbList","@id":"https:\/\/clair.si\/izdelek\/poletne-jahalne-rokavice-hkm-grip-mesh\/#breadcrumb","itemListElement":[{"@type":"ListItem","position":1,"name":"Home","item":"https:\/\/clair.si\/hr\/"},{"@type":"ListItem","position":2,"name":"Trgovina","item":"https:\/\/clair.si\/trgovina\/"},{"@type":"ListItem","position":3,"name":"Ljetne jaha\u0107e rukavice HKM Grip Mesh"}]},{"@type":"WebSite","@id":"https:\/\/clair.si\/#website","url":"https:\/\/clair.si\/","name":"Clair","description":"Trgovina s konjeni\u0161ko opremo","publisher":{"@id":"https:\/\/clair.si\/#organization"},"potentialAction":[{"@type":"SearchAction","target":{"@type":"EntryPoint","urlTemplate":"https:\/\/clair.si\/?s={search_term_string}"},"query-input":{"@type":"PropertyValueSpecification","valueRequired":true,"valueName":"search_term_string"}}],"inLanguage":"hr"},{"@type":"Organization","@id":"https:\/\/clair.si\/#organization","name":"Clair","url":"https:\/\/clair.si\/","logo":{"@type":"ImageObject","inLanguage":"hr","@id":"https:\/\/clair.si\/#\/schema\/logo\/image\/","url":"https:\/\/clair.si\/wp-content\/uploads\/2022\/11\/clair_logo_2022.jpg","contentUrl":"https:\/\/clair.si\/wp-content\/uploads\/2022\/11\/clair_logo_2022.jpg","width":1920,"height":1920,"caption":"Clair"},"image":{"@id":"https:\/\/clair.si\/#\/schema\/logo\/image\/"},"sameAs":["https:\/\/www.facebook.com\/TrgovinaClair\/"]}]}},"_links":{"self":[{"href":"https:\/\/clair.si\/hr\/wp-json\/wp\/v2\/product\/104846","targetHints":{"allow":["GET"]}}],"collection":[{"href":"https:\/\/clair.si\/hr\/wp-json\/wp\/v2\/product"}],"about":[{"href":"https:\/\/clair.si\/hr\/wp-json\/wp\/v2\/types\/product"}],"version-history":[{"count":1,"href":"https:\/\/clair.si\/hr\/wp-json\/wp\/v2\/product\/104846\/revisions"}],"predecessor-version":[{"id":123414,"href":"https:\/\/clair.si\/hr\/wp-json\/wp\/v2\/product\/104846\/revisions\/123414"}],"wp:featuredmedia":[{"embeddable":true,"href":"https:\/\/clair.si\/hr\/wp-json\/wp\/v2\/media\/106666"}],"wp:attachment":[{"href":"https:\/\/clair.si\/hr\/wp-json\/wp\/v2\/media?parent=104846"}],"wp:term":[{"taxonomy":"product_brand","embeddable":true,"href":"https:\/\/clair.si\/hr\/wp-json\/wp\/v2\/product_brand?post=104846"},{"taxonomy":"product_cat","embeddable":true,"href":"https:\/\/clair.si\/hr\/wp-json\/wp\/v2\/product_cat?post=104846"},{"taxonomy":"product_tag","embeddable":true,"href":"https:\/\/clair.si\/hr\/wp-json\/wp\/v2\/product_tag?post=104846"}],"curies":[{"name":"wp","href":"https:\/\/api.w.org\/{rel}","templated":true}]}}