{"id":104967,"date":"2023-06-21T10:44:06","date_gmt":"2023-06-21T08:44:06","guid":{"rendered":"https:\/\/clair.si\/izdelek\/dresurno-sedlo-wintec-isabell-icon\/"},"modified":"2026-03-04T14:17:27","modified_gmt":"2026-03-04T13:17:27","slug":"dresurno-sedlo-wintec-isabell-icon","status":"publish","type":"product","link":"https:\/\/clair.si\/hr\/izdelek\/dresurno-sedlo-wintec-isabell-icon\/","title":{"rendered":"Dresurno sedlo Wintec Isabell Icon"},"content":{"rendered":"<p><strong>Dresurno sinteti\u010dko sedlo Wintec Isabell Icon &#8211; <\/strong>I nama se svi\u0111a <span class=\"HwtZe\" lang=\"sl\"><span class=\"jCAhz ChMk0b\"><span class=\"ryNqvb\">dresurno sedlo Wintec Isabell Icon, s podesivim polo\u017eajem pre\u010dki za stremene i flexibloc jastu\u010di\u0107ima na velcro \u010di\u010dak za optimalno pode\u0161avanje polo\u017eaja nogu te podesivim i odstranjivim remenom za stabilizaciju sedlenih krila.<\/span><\/span> <span class=\"jCAhz ChMk0b\"><span class=\"ryNqvb\">Sjedi\u0161te je dizajnirano tako da sjedite bli\u017ee konju, a istovremeno vam osigurava ravnote\u017eu bez napora.<\/span><\/span> Dresurno sedlo z<span class=\"jCAhz ChMk0b\"><span class=\"ryNqvb\">asnovano za dresurnog jaha\u010da s ozbiljnim \u017eeljama i primjereno za trening konja na svim nivoima.<\/span><\/span> <\/span><\/p>\n<p><span class=\"HwtZe\" lang=\"sl\"><span class=\"jCAhz ChMk0b\"><span class=\"ryNqvb\">Uronite u savr\u0161eno oblikovano, iznimno duboko i prianjaju\u0107e sjedalo, te se osje\u0107ajte potpuno uravnote\u017eeno i spremno da se usredoto\u010dite na svoje \u010dinjenice.<\/span><\/span> <span class=\"jCAhz ChMk0b\"><span class=\"ryNqvb\">Precizno podesite svoj polo\u017eaj pomicanjem stremena za optimalnu udobnost nogu.<\/span><\/span> <span class=\"jCAhz ChMk0b\"><span class=\"ryNqvb\">Komunikacija s va\u0161im konjem bit \u0107e bez napora, jer sedlo omogu\u0107uje da va\u0161a noga prona\u0111e prirodan polo\u017eaj za jednostavan kontakt.<\/span><\/span> <\/span><\/p>\n<p><span class=\"HwtZe\" lang=\"sl\"><span class=\"jCAhz ChMk0b\"><span class=\"ryNqvb\"><strong>Sjedi\u0161te sedla:<\/strong> novo sjedalo je nevjerojatno usko povezano s iznimno uskim, niskim dijelom za optimalnu dubinu i potporu.<\/span><\/span> <span class=\"jCAhz ChMk0b\"><span class=\"ryNqvb\">Jaha\u010di \u0107e primijetiti da lak\u0161e ostaju usredoto\u010deni i uravnote\u017eeni.<\/span><\/span> <\/span><\/p>\n<p><span class=\"HwtZe\" lang=\"sl\"><span class=\"jCAhz ChMk0b\"><span class=\"ryNqvb\"><strong>Podesiv ergonomski zatik za stremen:<\/strong> jaha\u010di mogu prilagoditi lokaciju polo\u017eaja za stremen individualno u 4 stupnja, \u0161to dodatno pove\u0107ava ravnote\u017eu i omogu\u0107uje u\u010dinkovito i uspje\u0161no pru\u017eanje \u010dinjenica.<\/span><\/span> <\/span><\/p>\n<p><span class=\"HwtZe\" lang=\"sl\"><span class=\"jCAhz ChMk0b\"><span class=\"ryNqvb\"><strong>Sustav Flexibloc\u00ae:<\/strong> jaha\u010di mogu optimalno locirati svaki Flexibloc\u00ae da stvore odgovaraju\u0107i utor za svoju nogu.<\/span><\/span> <\/span><\/p>\n<p><span class=\"HwtZe\" lang=\"sl\"><span class=\"jCAhz ChMk0b\"><span class=\"ryNqvb\"><strong>Visokotehnolo\u0161ki materijali:<\/strong> Equi-Suede\u00ae je mekan i taman toliko rastezljiv da se kre\u0107e s jaha\u010dem, zbog \u010dega je udoban i nudi savr\u0161en oprijem \u2013 \u010dak i kad je mokar. U\u0161ici Equi-Leather\u00ae \u0161tite od dugotrajnog tro\u0161enja zbog jaha\u010devih \u010dizama i osiguravaju da sedlo odr\u017eava vrhunsko stanje. <\/span><\/span> <\/span><\/p>\n<p><span class=\"HwtZe\" lang=\"sl\"><span class=\"jCAhz ChMk0b\"><span class=\"ryNqvb\"><strong>Podesiv sustav Y-pripenjalnih remena:<\/strong> Podesiv sustav Y-sedlenih remena poznat je kao naju\u010dinkovitiji sustav za pove\u0107anje stabilnosti sedla za svakog pojedinog konja.<\/span><\/span> <\/span><\/p>\n<p><strong>Tehnologija HART<\/strong> brine se za za\u0161titu konjskih le\u0111a, kako bi se ona mogla nesmetano razvijati kroz sve razine treninga, da mu je udobno i da se opu\u0161teno kre\u0107e pod sedlom.<\/p>\n<p><iframe loading=\"lazy\" title=\"Wintec Isabell Icon\" width=\"500\" height=\"281\" src=\"https:\/\/www.youtube.com\/embed\/Qfcr-PiXY4o?feature=oembed\" frameborder=\"0\" allow=\"accelerometer; autoplay; clipboard-write; encrypted-media; gyroscope; picture-in-picture; web-share\" referrerpolicy=\"strict-origin-when-cross-origin\" allowfullscreen><\/iframe><\/p>\n<div class=\"UdTY9 WdefRb\" aria-hidden=\"true\" data-location=\"2\">\n<div class=\"kO6q6e\"><\/div>\n<\/div>\n","protected":false},"excerpt":{"rendered":"<p><span class=\"HwtZe\" lang=\"sl\"><span class=\"jCAhz ChMk0b\"><span class=\"ryNqvb\"><strong>Dresurno sedlo Wintec Isabell Icon<\/strong> je dizajnirano za dresurnog jaha\u010da s ozbiljnim \u017eeljama i primjereno te potpuno prilagodljivo za trening konja na svim dresurnim razinama.<\/span><\/span><\/span><\/p>\n","protected":false},"featured_media":104968,"template":"","meta":{"footnotes":""},"product_brand":[],"product_cat":[6876,5624,5940],"product_tag":[],"class_list":{"0":"post-104967","1":"product","2":"type-product","3":"status-publish","4":"has-post-thumbnail","6":"product_cat-dresurna-sedla-hr-2","7":"product_cat-konj-hr","8":"product_cat-sedla-hr","10":"first","11":"outofstock","12":"shipping-taxable","13":"purchasable","14":"product-type-variable"},"yoast_head":"<!-- This site is optimized with the Yoast SEO plugin v27.4 - https:\/\/yoast.com\/product\/yoast-seo-wordpress\/ -->\n<title>Dresurno sedlo Wintec Isabell Icon - Clair<\/title>\n<meta name=\"description\" content=\"Dresurno sedlo Wintec Isabell Icon je dizajnirano za dresurnog jaha\u010da s ozbiljnim \u017eeljama i primjereno te potpuno prilagodljivo za trening konja na svim dresurnim razinama.\" \/>\n<meta name=\"robots\" content=\"index, follow, max-snippet:-1, max-image-preview:large, max-video-preview:-1\" \/>\n<link rel=\"canonical\" href=\"https:\/\/clair.si\/izdelek\/dresurno-sedlo-wintec-isabell-icon\/\" \/>\n<meta property=\"og:locale\" content=\"hr_HR\" \/>\n<meta property=\"og:type\" content=\"article\" \/>\n<meta property=\"og:title\" content=\"Dresurno sedlo Wintec Isabell Icon - Clair\" \/>\n<meta property=\"og:description\" content=\"Dresurno sedlo Wintec Isabell Icon je dizajnirano za dresurnog jaha\u010da s ozbiljnim \u017eeljama i primjereno te potpuno prilagodljivo za trening konja na svim dresurnim razinama.\" \/>\n<meta property=\"og:url\" content=\"https:\/\/clair.si\/izdelek\/dresurno-sedlo-wintec-isabell-icon\/\" \/>\n<meta property=\"og:site_name\" content=\"Clair\" \/>\n<meta property=\"article:publisher\" content=\"https:\/\/www.facebook.com\/TrgovinaClair\/\" \/>\n<meta property=\"article:modified_time\" content=\"2026-03-04T13:17:27+00:00\" \/>\n<meta property=\"og:image\" content=\"https:\/\/clair.si\/wp-content\/uploads\/2023\/06\/Wintec_Isabell-icon-dresurno-sedlo-clair.webp\" \/>\n\t<meta property=\"og:image:width\" content=\"1200\" \/>\n\t<meta property=\"og:image:height\" content=\"1200\" \/>\n\t<meta property=\"og:image:type\" content=\"image\/webp\" \/>\n<meta name=\"twitter:card\" content=\"summary_large_image\" \/>\n<meta name=\"twitter:label1\" content=\"Procijenjeno vrijeme \u010ditanja\" \/>\n\t<meta name=\"twitter:data1\" content=\"2 minute\" \/>\n<script type=\"application\/ld+json\" class=\"yoast-schema-graph\">{\"@context\":\"https:\\\/\\\/schema.org\",\"@graph\":[{\"@type\":\"WebPage\",\"@id\":\"https:\\\/\\\/clair.si\\\/izdelek\\\/dresurno-sedlo-wintec-isabell-icon\\\/\",\"url\":\"https:\\\/\\\/clair.si\\\/izdelek\\\/dresurno-sedlo-wintec-isabell-icon\\\/\",\"name\":\"Dresurno sedlo Wintec Isabell Icon - Clair\",\"isPartOf\":{\"@id\":\"https:\\\/\\\/clair.si\\\/#website\"},\"primaryImageOfPage\":{\"@id\":\"https:\\\/\\\/clair.si\\\/izdelek\\\/dresurno-sedlo-wintec-isabell-icon\\\/#primaryimage\"},\"image\":{\"@id\":\"https:\\\/\\\/clair.si\\\/izdelek\\\/dresurno-sedlo-wintec-isabell-icon\\\/#primaryimage\"},\"thumbnailUrl\":\"https:\\\/\\\/clair.si\\\/wp-content\\\/uploads\\\/2023\\\/06\\\/Wintec_Isabell-icon-dresurno-sedlo-clair.webp\",\"datePublished\":\"2023-06-21T08:44:06+00:00\",\"dateModified\":\"2026-03-04T13:17:27+00:00\",\"description\":\"Dresurno sedlo Wintec Isabell Icon je dizajnirano za dresurnog jaha\u010da s ozbiljnim \u017eeljama i primjereno te potpuno prilagodljivo za trening konja na svim dresurnim razinama.\",\"breadcrumb\":{\"@id\":\"https:\\\/\\\/clair.si\\\/izdelek\\\/dresurno-sedlo-wintec-isabell-icon\\\/#breadcrumb\"},\"inLanguage\":\"hr\",\"potentialAction\":[{\"@type\":\"ReadAction\",\"target\":[\"https:\\\/\\\/clair.si\\\/izdelek\\\/dresurno-sedlo-wintec-isabell-icon\\\/\"]}]},{\"@type\":\"ImageObject\",\"inLanguage\":\"hr\",\"@id\":\"https:\\\/\\\/clair.si\\\/izdelek\\\/dresurno-sedlo-wintec-isabell-icon\\\/#primaryimage\",\"url\":\"https:\\\/\\\/clair.si\\\/wp-content\\\/uploads\\\/2023\\\/06\\\/Wintec_Isabell-icon-dresurno-sedlo-clair.webp\",\"contentUrl\":\"https:\\\/\\\/clair.si\\\/wp-content\\\/uploads\\\/2023\\\/06\\\/Wintec_Isabell-icon-dresurno-sedlo-clair.webp\",\"width\":1200,\"height\":1200},{\"@type\":\"BreadcrumbList\",\"@id\":\"https:\\\/\\\/clair.si\\\/izdelek\\\/dresurno-sedlo-wintec-isabell-icon\\\/#breadcrumb\",\"itemListElement\":[{\"@type\":\"ListItem\",\"position\":1,\"name\":\"Home\",\"item\":\"https:\\\/\\\/clair.si\\\/hr\\\/\"},{\"@type\":\"ListItem\",\"position\":2,\"name\":\"Trgovina\",\"item\":\"https:\\\/\\\/clair.si\\\/trgovina\\\/\"},{\"@type\":\"ListItem\",\"position\":3,\"name\":\"Dresurno sedlo Wintec Isabell Icon\"}]},{\"@type\":\"WebSite\",\"@id\":\"https:\\\/\\\/clair.si\\\/#website\",\"url\":\"https:\\\/\\\/clair.si\\\/\",\"name\":\"Clair\",\"description\":\"Trgovina s konjeni\u0161ko opremo\",\"publisher\":{\"@id\":\"https:\\\/\\\/clair.si\\\/#organization\"},\"potentialAction\":[{\"@type\":\"SearchAction\",\"target\":{\"@type\":\"EntryPoint\",\"urlTemplate\":\"https:\\\/\\\/clair.si\\\/?s={search_term_string}\"},\"query-input\":{\"@type\":\"PropertyValueSpecification\",\"valueRequired\":true,\"valueName\":\"search_term_string\"}}],\"inLanguage\":\"hr\"},{\"@type\":\"Organization\",\"@id\":\"https:\\\/\\\/clair.si\\\/#organization\",\"name\":\"Clair\",\"url\":\"https:\\\/\\\/clair.si\\\/\",\"logo\":{\"@type\":\"ImageObject\",\"inLanguage\":\"hr\",\"@id\":\"https:\\\/\\\/clair.si\\\/#\\\/schema\\\/logo\\\/image\\\/\",\"url\":\"https:\\\/\\\/clair.si\\\/wp-content\\\/uploads\\\/2022\\\/11\\\/clair_logo_2022.jpg\",\"contentUrl\":\"https:\\\/\\\/clair.si\\\/wp-content\\\/uploads\\\/2022\\\/11\\\/clair_logo_2022.jpg\",\"width\":1920,\"height\":1920,\"caption\":\"Clair\"},\"image\":{\"@id\":\"https:\\\/\\\/clair.si\\\/#\\\/schema\\\/logo\\\/image\\\/\"},\"sameAs\":[\"https:\\\/\\\/www.facebook.com\\\/TrgovinaClair\\\/\"]}]}<\/script>\n<!-- \/ Yoast SEO plugin. -->","yoast_head_json":{"title":"Dresurno sedlo Wintec Isabell Icon - Clair","description":"Dresurno sedlo Wintec Isabell Icon je dizajnirano za dresurnog jaha\u010da s ozbiljnim \u017eeljama i primjereno te potpuno prilagodljivo za trening konja na svim dresurnim razinama.","robots":{"index":"index","follow":"follow","max-snippet":"max-snippet:-1","max-image-preview":"max-image-preview:large","max-video-preview":"max-video-preview:-1"},"canonical":"https:\/\/clair.si\/izdelek\/dresurno-sedlo-wintec-isabell-icon\/","og_locale":"hr_HR","og_type":"article","og_title":"Dresurno sedlo Wintec Isabell Icon - Clair","og_description":"Dresurno sedlo Wintec Isabell Icon je dizajnirano za dresurnog jaha\u010da s ozbiljnim \u017eeljama i primjereno te potpuno prilagodljivo za trening konja na svim dresurnim razinama.","og_url":"https:\/\/clair.si\/izdelek\/dresurno-sedlo-wintec-isabell-icon\/","og_site_name":"Clair","article_publisher":"https:\/\/www.facebook.com\/TrgovinaClair\/","article_modified_time":"2026-03-04T13:17:27+00:00","og_image":[{"width":1200,"height":1200,"url":"https:\/\/clair.si\/wp-content\/uploads\/2023\/06\/Wintec_Isabell-icon-dresurno-sedlo-clair.webp","type":"image\/webp"}],"twitter_card":"summary_large_image","twitter_misc":{"Procijenjeno vrijeme \u010ditanja":"2 minute"},"schema":{"@context":"https:\/\/schema.org","@graph":[{"@type":"WebPage","@id":"https:\/\/clair.si\/izdelek\/dresurno-sedlo-wintec-isabell-icon\/","url":"https:\/\/clair.si\/izdelek\/dresurno-sedlo-wintec-isabell-icon\/","name":"Dresurno sedlo Wintec Isabell Icon - Clair","isPartOf":{"@id":"https:\/\/clair.si\/#website"},"primaryImageOfPage":{"@id":"https:\/\/clair.si\/izdelek\/dresurno-sedlo-wintec-isabell-icon\/#primaryimage"},"image":{"@id":"https:\/\/clair.si\/izdelek\/dresurno-sedlo-wintec-isabell-icon\/#primaryimage"},"thumbnailUrl":"https:\/\/clair.si\/wp-content\/uploads\/2023\/06\/Wintec_Isabell-icon-dresurno-sedlo-clair.webp","datePublished":"2023-06-21T08:44:06+00:00","dateModified":"2026-03-04T13:17:27+00:00","description":"Dresurno sedlo Wintec Isabell Icon je dizajnirano za dresurnog jaha\u010da s ozbiljnim \u017eeljama i primjereno te potpuno prilagodljivo za trening konja na svim dresurnim razinama.","breadcrumb":{"@id":"https:\/\/clair.si\/izdelek\/dresurno-sedlo-wintec-isabell-icon\/#breadcrumb"},"inLanguage":"hr","potentialAction":[{"@type":"ReadAction","target":["https:\/\/clair.si\/izdelek\/dresurno-sedlo-wintec-isabell-icon\/"]}]},{"@type":"ImageObject","inLanguage":"hr","@id":"https:\/\/clair.si\/izdelek\/dresurno-sedlo-wintec-isabell-icon\/#primaryimage","url":"https:\/\/clair.si\/wp-content\/uploads\/2023\/06\/Wintec_Isabell-icon-dresurno-sedlo-clair.webp","contentUrl":"https:\/\/clair.si\/wp-content\/uploads\/2023\/06\/Wintec_Isabell-icon-dresurno-sedlo-clair.webp","width":1200,"height":1200},{"@type":"BreadcrumbList","@id":"https:\/\/clair.si\/izdelek\/dresurno-sedlo-wintec-isabell-icon\/#breadcrumb","itemListElement":[{"@type":"ListItem","position":1,"name":"Home","item":"https:\/\/clair.si\/hr\/"},{"@type":"ListItem","position":2,"name":"Trgovina","item":"https:\/\/clair.si\/trgovina\/"},{"@type":"ListItem","position":3,"name":"Dresurno sedlo Wintec Isabell Icon"}]},{"@type":"WebSite","@id":"https:\/\/clair.si\/#website","url":"https:\/\/clair.si\/","name":"Clair","description":"Trgovina s konjeni\u0161ko opremo","publisher":{"@id":"https:\/\/clair.si\/#organization"},"potentialAction":[{"@type":"SearchAction","target":{"@type":"EntryPoint","urlTemplate":"https:\/\/clair.si\/?s={search_term_string}"},"query-input":{"@type":"PropertyValueSpecification","valueRequired":true,"valueName":"search_term_string"}}],"inLanguage":"hr"},{"@type":"Organization","@id":"https:\/\/clair.si\/#organization","name":"Clair","url":"https:\/\/clair.si\/","logo":{"@type":"ImageObject","inLanguage":"hr","@id":"https:\/\/clair.si\/#\/schema\/logo\/image\/","url":"https:\/\/clair.si\/wp-content\/uploads\/2022\/11\/clair_logo_2022.jpg","contentUrl":"https:\/\/clair.si\/wp-content\/uploads\/2022\/11\/clair_logo_2022.jpg","width":1920,"height":1920,"caption":"Clair"},"image":{"@id":"https:\/\/clair.si\/#\/schema\/logo\/image\/"},"sameAs":["https:\/\/www.facebook.com\/TrgovinaClair\/"]}]}},"_links":{"self":[{"href":"https:\/\/clair.si\/hr\/wp-json\/wp\/v2\/product\/104967","targetHints":{"allow":["GET"]}}],"collection":[{"href":"https:\/\/clair.si\/hr\/wp-json\/wp\/v2\/product"}],"about":[{"href":"https:\/\/clair.si\/hr\/wp-json\/wp\/v2\/types\/product"}],"version-history":[{"count":1,"href":"https:\/\/clair.si\/hr\/wp-json\/wp\/v2\/product\/104967\/revisions"}],"predecessor-version":[{"id":132557,"href":"https:\/\/clair.si\/hr\/wp-json\/wp\/v2\/product\/104967\/revisions\/132557"}],"wp:featuredmedia":[{"embeddable":true,"href":"https:\/\/clair.si\/hr\/wp-json\/wp\/v2\/media\/104968"}],"wp:attachment":[{"href":"https:\/\/clair.si\/hr\/wp-json\/wp\/v2\/media?parent=104967"}],"wp:term":[{"taxonomy":"product_brand","embeddable":true,"href":"https:\/\/clair.si\/hr\/wp-json\/wp\/v2\/product_brand?post=104967"},{"taxonomy":"product_cat","embeddable":true,"href":"https:\/\/clair.si\/hr\/wp-json\/wp\/v2\/product_cat?post=104967"},{"taxonomy":"product_tag","embeddable":true,"href":"https:\/\/clair.si\/hr\/wp-json\/wp\/v2\/product_tag?post=104967"}],"curies":[{"name":"wp","href":"https:\/\/api.w.org\/{rel}","templated":true}]}}