{"id":105032,"date":"2023-03-14T07:45:57","date_gmt":"2023-03-14T06:45:57","guid":{"rendered":"https:\/\/clair.si\/izdelek\/jahace-hlace-hkm-savona-silicon-full\/"},"modified":"2026-02-03T13:22:02","modified_gmt":"2026-02-03T12:22:02","slug":"jahace-hlace-hkm-savona-silicon-full","status":"publish","type":"product","link":"https:\/\/clair.si\/hr\/izdelek\/jahace-hlace-hkm-savona-silicon-full\/","title":{"rendered":"Jaha\u0107e hla\u010de HKM Savona Silicon Full"},"content":{"rendered":"<p><strong>Jaha\u0107e hla\u010de HKM Savona Silicon Full<\/strong> koje su vrlo prozra\u010dne i rastezljive te odli\u010dno podnose pra\u0161inu i prljav\u0161tinu. D\u017eepovi sprijeda i straga lijepo su ukra\u0161eni malim, nenametljivim svjetlucavim kamen\u010di\u0107ima. <strong> Silikonski otisak na cijelom sjedalu.<\/strong><\/p>\n<p>Perivo u perilici rublja na 30\u00b0C.<\/p>\n<p>Materijal: 100% poliester.<\/p>\n","protected":false},"excerpt":{"rendered":"<p>Jaha\u0107e hla\u010de HKM Savona Silicon Full koje su vrlo prozra\u010dne i rastezljive te odli\u010dno podnose pra\u0161inu i prljav\u0161tinu. D\u017eepovi sprijeda<\/p>\n","protected":false},"featured_media":105034,"template":"","meta":{"footnotes":""},"product_brand":[],"product_cat":[5654,5667,5708],"product_tag":[],"class_list":{"0":"post-105032","1":"product","2":"type-product","3":"status-publish","4":"has-post-thumbnail","6":"product_cat-jahac-hr","7":"product_cat-zene","8":"product_cat-zenske-jahace-hlace","10":"first","11":"instock","12":"shipping-taxable","13":"purchasable","14":"product-type-variable"},"yoast_head":"<!-- This site is optimized with the Yoast SEO plugin v27.3 - https:\/\/yoast.com\/product\/yoast-seo-wordpress\/ -->\n<title>Jaha\u0107e hla\u010de HKM Savona Silicon Full - Clair<\/title>\n<meta name=\"description\" content=\"Jaha\u0107e hla\u010de HKM Savona Silicon Full koje su vrlo prozra\u010dne i rastezljive te odli\u010dno podnose pra\u0161inu i prljav\u0161tinu. D\u017eepovi sprijeda i straga lijepo su\" \/>\n<meta name=\"robots\" content=\"index, follow, max-snippet:-1, max-image-preview:large, max-video-preview:-1\" \/>\n<link rel=\"canonical\" href=\"https:\/\/clair.si\/izdelek\/jahalne-hlace-hkm-savona-silicon-full\/\" \/>\n<meta property=\"og:locale\" content=\"hr_HR\" \/>\n<meta property=\"og:type\" content=\"article\" \/>\n<meta property=\"og:title\" content=\"Jaha\u0107e hla\u010de HKM Savona Silicon Full - Clair\" \/>\n<meta property=\"og:description\" content=\"Jaha\u0107e hla\u010de HKM Savona Silicon Full koje su vrlo prozra\u010dne i rastezljive te odli\u010dno podnose pra\u0161inu i prljav\u0161tinu. D\u017eepovi sprijeda i straga lijepo su\" \/>\n<meta property=\"og:url\" content=\"https:\/\/clair.si\/izdelek\/jahalne-hlace-hkm-savona-silicon-full\/\" \/>\n<meta property=\"og:site_name\" content=\"Clair\" \/>\n<meta property=\"article:publisher\" content=\"https:\/\/www.facebook.com\/TrgovinaClair\/\" \/>\n<meta property=\"article:modified_time\" content=\"2026-02-03T12:22:02+00:00\" \/>\n<meta property=\"og:image\" content=\"https:\/\/clair.si\/wp-content\/uploads\/2023\/03\/jahalne-hlace-HKM-savona-crna-silicon-full-3-jpg.webp\" \/>\n\t<meta property=\"og:image:width\" content=\"1200\" \/>\n\t<meta property=\"og:image:height\" content=\"1200\" \/>\n\t<meta property=\"og:image:type\" content=\"image\/jpeg\" \/>\n<meta name=\"twitter:card\" content=\"summary_large_image\" \/>\n<meta name=\"twitter:label1\" content=\"Procijenjeno vrijeme \u010ditanja\" \/>\n\t<meta name=\"twitter:data1\" content=\"1 minuta\" \/>\n<script type=\"application\/ld+json\" class=\"yoast-schema-graph\">{\"@context\":\"https:\\\/\\\/schema.org\",\"@graph\":[{\"@type\":\"WebPage\",\"@id\":\"https:\\\/\\\/clair.si\\\/izdelek\\\/jahalne-hlace-hkm-savona-silicon-full\\\/\",\"url\":\"https:\\\/\\\/clair.si\\\/izdelek\\\/jahalne-hlace-hkm-savona-silicon-full\\\/\",\"name\":\"Jaha\u0107e hla\u010de HKM Savona Silicon Full - Clair\",\"isPartOf\":{\"@id\":\"https:\\\/\\\/clair.si\\\/#website\"},\"primaryImageOfPage\":{\"@id\":\"https:\\\/\\\/clair.si\\\/izdelek\\\/jahalne-hlace-hkm-savona-silicon-full\\\/#primaryimage\"},\"image\":{\"@id\":\"https:\\\/\\\/clair.si\\\/izdelek\\\/jahalne-hlace-hkm-savona-silicon-full\\\/#primaryimage\"},\"thumbnailUrl\":\"https:\\\/\\\/clair.si\\\/wp-content\\\/uploads\\\/2023\\\/03\\\/jahalne-hlace-HKM-savona-crna-silicon-full-3-jpg.webp\",\"datePublished\":\"2023-03-14T06:45:57+00:00\",\"dateModified\":\"2026-02-03T12:22:02+00:00\",\"description\":\"Jaha\u0107e hla\u010de HKM Savona Silicon Full koje su vrlo prozra\u010dne i rastezljive te odli\u010dno podnose pra\u0161inu i prljav\u0161tinu. D\u017eepovi sprijeda i straga lijepo su\",\"breadcrumb\":{\"@id\":\"https:\\\/\\\/clair.si\\\/izdelek\\\/jahalne-hlace-hkm-savona-silicon-full\\\/#breadcrumb\"},\"inLanguage\":\"hr\",\"potentialAction\":[{\"@type\":\"ReadAction\",\"target\":[\"https:\\\/\\\/clair.si\\\/izdelek\\\/jahalne-hlace-hkm-savona-silicon-full\\\/\"]}]},{\"@type\":\"ImageObject\",\"inLanguage\":\"hr\",\"@id\":\"https:\\\/\\\/clair.si\\\/izdelek\\\/jahalne-hlace-hkm-savona-silicon-full\\\/#primaryimage\",\"url\":\"https:\\\/\\\/clair.si\\\/wp-content\\\/uploads\\\/2023\\\/03\\\/jahalne-hlace-HKM-savona-crna-silicon-full-3-jpg.webp\",\"contentUrl\":\"https:\\\/\\\/clair.si\\\/wp-content\\\/uploads\\\/2023\\\/03\\\/jahalne-hlace-HKM-savona-crna-silicon-full-3-jpg.webp\",\"width\":1200,\"height\":1200},{\"@type\":\"BreadcrumbList\",\"@id\":\"https:\\\/\\\/clair.si\\\/izdelek\\\/jahalne-hlace-hkm-savona-silicon-full\\\/#breadcrumb\",\"itemListElement\":[{\"@type\":\"ListItem\",\"position\":1,\"name\":\"Home\",\"item\":\"https:\\\/\\\/clair.si\\\/hr\\\/\"},{\"@type\":\"ListItem\",\"position\":2,\"name\":\"Trgovina\",\"item\":\"https:\\\/\\\/clair.si\\\/trgovina\\\/\"},{\"@type\":\"ListItem\",\"position\":3,\"name\":\"Jaha\u0107e hla\u010de HKM Savona Silicon Full\"}]},{\"@type\":\"WebSite\",\"@id\":\"https:\\\/\\\/clair.si\\\/#website\",\"url\":\"https:\\\/\\\/clair.si\\\/\",\"name\":\"Clair\",\"description\":\"Trgovina s konjeni\u0161ko opremo\",\"publisher\":{\"@id\":\"https:\\\/\\\/clair.si\\\/#organization\"},\"potentialAction\":[{\"@type\":\"SearchAction\",\"target\":{\"@type\":\"EntryPoint\",\"urlTemplate\":\"https:\\\/\\\/clair.si\\\/?s={search_term_string}\"},\"query-input\":{\"@type\":\"PropertyValueSpecification\",\"valueRequired\":true,\"valueName\":\"search_term_string\"}}],\"inLanguage\":\"hr\"},{\"@type\":\"Organization\",\"@id\":\"https:\\\/\\\/clair.si\\\/#organization\",\"name\":\"Clair\",\"url\":\"https:\\\/\\\/clair.si\\\/\",\"logo\":{\"@type\":\"ImageObject\",\"inLanguage\":\"hr\",\"@id\":\"https:\\\/\\\/clair.si\\\/#\\\/schema\\\/logo\\\/image\\\/\",\"url\":\"https:\\\/\\\/clair.si\\\/wp-content\\\/uploads\\\/2022\\\/11\\\/clair_logo_2022.jpg\",\"contentUrl\":\"https:\\\/\\\/clair.si\\\/wp-content\\\/uploads\\\/2022\\\/11\\\/clair_logo_2022.jpg\",\"width\":1920,\"height\":1920,\"caption\":\"Clair\"},\"image\":{\"@id\":\"https:\\\/\\\/clair.si\\\/#\\\/schema\\\/logo\\\/image\\\/\"},\"sameAs\":[\"https:\\\/\\\/www.facebook.com\\\/TrgovinaClair\\\/\"]}]}<\/script>\n<!-- \/ Yoast SEO plugin. -->","yoast_head_json":{"title":"Jaha\u0107e hla\u010de HKM Savona Silicon Full - Clair","description":"Jaha\u0107e hla\u010de HKM Savona Silicon Full koje su vrlo prozra\u010dne i rastezljive te odli\u010dno podnose pra\u0161inu i prljav\u0161tinu. D\u017eepovi sprijeda i straga lijepo su","robots":{"index":"index","follow":"follow","max-snippet":"max-snippet:-1","max-image-preview":"max-image-preview:large","max-video-preview":"max-video-preview:-1"},"canonical":"https:\/\/clair.si\/izdelek\/jahalne-hlace-hkm-savona-silicon-full\/","og_locale":"hr_HR","og_type":"article","og_title":"Jaha\u0107e hla\u010de HKM Savona Silicon Full - Clair","og_description":"Jaha\u0107e hla\u010de HKM Savona Silicon Full koje su vrlo prozra\u010dne i rastezljive te odli\u010dno podnose pra\u0161inu i prljav\u0161tinu. D\u017eepovi sprijeda i straga lijepo su","og_url":"https:\/\/clair.si\/izdelek\/jahalne-hlace-hkm-savona-silicon-full\/","og_site_name":"Clair","article_publisher":"https:\/\/www.facebook.com\/TrgovinaClair\/","article_modified_time":"2026-02-03T12:22:02+00:00","og_image":[{"width":1200,"height":1200,"url":"https:\/\/clair.si\/wp-content\/uploads\/2023\/03\/jahalne-hlace-HKM-savona-crna-silicon-full-3-jpg.webp","type":"image\/jpeg"}],"twitter_card":"summary_large_image","twitter_misc":{"Procijenjeno vrijeme \u010ditanja":"1 minuta"},"schema":{"@context":"https:\/\/schema.org","@graph":[{"@type":"WebPage","@id":"https:\/\/clair.si\/izdelek\/jahalne-hlace-hkm-savona-silicon-full\/","url":"https:\/\/clair.si\/izdelek\/jahalne-hlace-hkm-savona-silicon-full\/","name":"Jaha\u0107e hla\u010de HKM Savona Silicon Full - Clair","isPartOf":{"@id":"https:\/\/clair.si\/#website"},"primaryImageOfPage":{"@id":"https:\/\/clair.si\/izdelek\/jahalne-hlace-hkm-savona-silicon-full\/#primaryimage"},"image":{"@id":"https:\/\/clair.si\/izdelek\/jahalne-hlace-hkm-savona-silicon-full\/#primaryimage"},"thumbnailUrl":"https:\/\/clair.si\/wp-content\/uploads\/2023\/03\/jahalne-hlace-HKM-savona-crna-silicon-full-3-jpg.webp","datePublished":"2023-03-14T06:45:57+00:00","dateModified":"2026-02-03T12:22:02+00:00","description":"Jaha\u0107e hla\u010de HKM Savona Silicon Full koje su vrlo prozra\u010dne i rastezljive te odli\u010dno podnose pra\u0161inu i prljav\u0161tinu. D\u017eepovi sprijeda i straga lijepo su","breadcrumb":{"@id":"https:\/\/clair.si\/izdelek\/jahalne-hlace-hkm-savona-silicon-full\/#breadcrumb"},"inLanguage":"hr","potentialAction":[{"@type":"ReadAction","target":["https:\/\/clair.si\/izdelek\/jahalne-hlace-hkm-savona-silicon-full\/"]}]},{"@type":"ImageObject","inLanguage":"hr","@id":"https:\/\/clair.si\/izdelek\/jahalne-hlace-hkm-savona-silicon-full\/#primaryimage","url":"https:\/\/clair.si\/wp-content\/uploads\/2023\/03\/jahalne-hlace-HKM-savona-crna-silicon-full-3-jpg.webp","contentUrl":"https:\/\/clair.si\/wp-content\/uploads\/2023\/03\/jahalne-hlace-HKM-savona-crna-silicon-full-3-jpg.webp","width":1200,"height":1200},{"@type":"BreadcrumbList","@id":"https:\/\/clair.si\/izdelek\/jahalne-hlace-hkm-savona-silicon-full\/#breadcrumb","itemListElement":[{"@type":"ListItem","position":1,"name":"Home","item":"https:\/\/clair.si\/hr\/"},{"@type":"ListItem","position":2,"name":"Trgovina","item":"https:\/\/clair.si\/trgovina\/"},{"@type":"ListItem","position":3,"name":"Jaha\u0107e hla\u010de HKM Savona Silicon Full"}]},{"@type":"WebSite","@id":"https:\/\/clair.si\/#website","url":"https:\/\/clair.si\/","name":"Clair","description":"Trgovina s konjeni\u0161ko opremo","publisher":{"@id":"https:\/\/clair.si\/#organization"},"potentialAction":[{"@type":"SearchAction","target":{"@type":"EntryPoint","urlTemplate":"https:\/\/clair.si\/?s={search_term_string}"},"query-input":{"@type":"PropertyValueSpecification","valueRequired":true,"valueName":"search_term_string"}}],"inLanguage":"hr"},{"@type":"Organization","@id":"https:\/\/clair.si\/#organization","name":"Clair","url":"https:\/\/clair.si\/","logo":{"@type":"ImageObject","inLanguage":"hr","@id":"https:\/\/clair.si\/#\/schema\/logo\/image\/","url":"https:\/\/clair.si\/wp-content\/uploads\/2022\/11\/clair_logo_2022.jpg","contentUrl":"https:\/\/clair.si\/wp-content\/uploads\/2022\/11\/clair_logo_2022.jpg","width":1920,"height":1920,"caption":"Clair"},"image":{"@id":"https:\/\/clair.si\/#\/schema\/logo\/image\/"},"sameAs":["https:\/\/www.facebook.com\/TrgovinaClair\/"]}]}},"_links":{"self":[{"href":"https:\/\/clair.si\/hr\/wp-json\/wp\/v2\/product\/105032","targetHints":{"allow":["GET"]}}],"collection":[{"href":"https:\/\/clair.si\/hr\/wp-json\/wp\/v2\/product"}],"about":[{"href":"https:\/\/clair.si\/hr\/wp-json\/wp\/v2\/types\/product"}],"version-history":[{"count":1,"href":"https:\/\/clair.si\/hr\/wp-json\/wp\/v2\/product\/105032\/revisions"}],"predecessor-version":[{"id":128989,"href":"https:\/\/clair.si\/hr\/wp-json\/wp\/v2\/product\/105032\/revisions\/128989"}],"wp:featuredmedia":[{"embeddable":true,"href":"https:\/\/clair.si\/hr\/wp-json\/wp\/v2\/media\/105034"}],"wp:attachment":[{"href":"https:\/\/clair.si\/hr\/wp-json\/wp\/v2\/media?parent=105032"}],"wp:term":[{"taxonomy":"product_brand","embeddable":true,"href":"https:\/\/clair.si\/hr\/wp-json\/wp\/v2\/product_brand?post=105032"},{"taxonomy":"product_cat","embeddable":true,"href":"https:\/\/clair.si\/hr\/wp-json\/wp\/v2\/product_cat?post=105032"},{"taxonomy":"product_tag","embeddable":true,"href":"https:\/\/clair.si\/hr\/wp-json\/wp\/v2\/product_tag?post=105032"}],"curies":[{"name":"wp","href":"https:\/\/api.w.org\/{rel}","templated":true}]}}