{"id":105059,"date":"2023-03-16T08:39:56","date_gmt":"2023-03-16T07:39:56","guid":{"rendered":"https:\/\/clair.si\/izdelek\/cetka-borstiq-farm-natural-body-brush\/"},"modified":"2025-08-27T09:46:41","modified_gmt":"2025-08-27T07:46:41","slug":"cetka-borstiq-farm-natural-body-brush","status":"publish","type":"product","link":"https:\/\/clair.si\/hr\/izdelek\/cetka-borstiq-farm-natural-body-brush\/","title":{"rendered":"\u010cetka Borstiq Farm Natural Body Brush"},"content":{"rendered":"<p><span class=\"HwtZe\" lang=\"sl\"><span class=\"jCAhz ChMk0b\"><span class=\"ryNqvb\"> <strong>Borstiq Natural Body Brush<\/strong> je gusta \u010detka za konjsko tijelo s prirodnim vlaknima, dizajnirana za njegu konja. Tradicionalna \u010detka za njegu konja, \u010detka za tijelo koristi se za dobru njegu cijelog tijela. \u010cetka za tijelo ima gusto posijana prirodna vlakna od konjske dlake i idealna je za svakodnevnu njegu.  <\/span><\/span><\/span><\/p>\n<p><span class=\"HwtZe\" lang=\"sl\"><span class=\"jCAhz ChMk0b\"><span class=\"ryNqvb\"><strong>Mekana \u010detka od konjske dlake Borstiq s ko\u017enom ru\u010dkom za bolji oprijem<\/strong><\/span><\/span>. <span class=\"jCAhz ChMk0b\"><span class=\"ryNqvb\">Ova kvalitetna mekana \u010detka omogu\u0107uje vam da dovr\u0161ite njegu va\u0161eg konja zahvaljuju\u0107i 20 mm dugim vlaknima.<\/span><\/span> <span class=\"jCAhz ChMk0b\"><span class=\"ryNqvb\">Mekana \u010detka od konjske dlake Borstiq koristi se na kraju njege po cijelom tijelu i ostavlja svilenkastu i sjajnu dlaku. Napravljena od bukovog drveta. <\/span><\/span><\/span><\/p>\n<p><span class=\"HwtZe\" lang=\"sl\"><span class=\"jCAhz ChMk0b\"><span class=\"ryNqvb\">Po potrebi o\u010distite \u010detku \u010distom vodom.<\/span><\/span> <span class=\"jCAhz ChMk0b\"><span class=\"ryNqvb\">Dvaput godi\u0161nje dezinficirajte \u010detku antibakterijskim sredstvom.<\/span><\/span><\/span><\/p>\n","protected":false},"excerpt":{"rendered":"<p>Borstiq Natural Body Brush je gusta \u010detka za konjsko tijelo s prirodnim vlaknima, dizajnirana za njegu konja. Tradicionalna \u010detka za<\/p>\n","protected":false},"featured_media":104899,"template":"","meta":{"footnotes":""},"product_brand":[],"product_cat":[5761,5626,5630,5744,5624,5625,5628],"product_tag":[],"class_list":{"0":"post-105059","1":"product","2":"type-product","3":"status-publish","4":"has-post-thumbnail","6":"product_cat-borstiq-farm-hr","7":"product_cat-cetke","8":"product_cat-cetke-hr","9":"product_cat-kolekcije-hr","10":"product_cat-konj-hr","11":"product_cat-njega-konja","12":"product_cat-njega-konja-hr","14":"first","15":"instock","16":"sale","17":"shipping-taxable","18":"purchasable","19":"product-type-simple"},"yoast_head":"<!-- This site is optimized with the Yoast SEO plugin v27.4 - https:\/\/yoast.com\/product\/yoast-seo-wordpress\/ -->\n<title>\u010cetka Borstiq Farm Natural Body Brush - Clair<\/title>\n<meta name=\"description\" content=\"Borstiq Natural Body Brush je gusta \u010detka za konjsko tijelo s prirodnim vlaknima, dizajnirana za njegu konja. Tradicionalna \u010detka za njegu konja, \u010detka za\" \/>\n<meta name=\"robots\" content=\"index, follow, max-snippet:-1, max-image-preview:large, max-video-preview:-1\" \/>\n<link rel=\"canonical\" href=\"https:\/\/clair.si\/hr\/izdelek\/cetka-borstiq-farm-natural-body-brush\/\" \/>\n<meta property=\"og:locale\" content=\"hr_HR\" \/>\n<meta property=\"og:type\" content=\"article\" \/>\n<meta property=\"og:title\" content=\"\u010cetka Borstiq Farm Natural Body Brush - Clair\" \/>\n<meta property=\"og:description\" content=\"Borstiq Natural Body Brush je gusta \u010detka za konjsko tijelo s prirodnim vlaknima, dizajnirana za njegu konja. Tradicionalna \u010detka za njegu konja, \u010detka za\" \/>\n<meta property=\"og:url\" content=\"https:\/\/clair.si\/hr\/izdelek\/cetka-borstiq-farm-natural-body-brush\/\" \/>\n<meta property=\"og:site_name\" content=\"Clair\" \/>\n<meta property=\"article:publisher\" content=\"https:\/\/www.facebook.com\/TrgovinaClair\/\" \/>\n<meta property=\"article:modified_time\" content=\"2025-08-27T07:46:41+00:00\" \/>\n<meta property=\"og:image\" content=\"https:\/\/clair.si\/wp-content\/uploads\/2023\/03\/Borstiq-banana-krtaca-za-konje-jpg.webp\" \/>\n\t<meta property=\"og:image:width\" content=\"768\" \/>\n\t<meta property=\"og:image:height\" content=\"768\" \/>\n\t<meta property=\"og:image:type\" content=\"image\/jpeg\" \/>\n<meta name=\"twitter:card\" content=\"summary_large_image\" \/>\n<meta name=\"twitter:label1\" content=\"Procijenjeno vrijeme \u010ditanja\" \/>\n\t<meta name=\"twitter:data1\" content=\"1 minuta\" \/>\n<script type=\"application\/ld+json\" class=\"yoast-schema-graph\">{\"@context\":\"https:\\\/\\\/schema.org\",\"@graph\":[{\"@type\":\"WebPage\",\"@id\":\"https:\\\/\\\/clair.si\\\/hr\\\/izdelek\\\/cetka-borstiq-farm-natural-body-brush\\\/\",\"url\":\"https:\\\/\\\/clair.si\\\/hr\\\/izdelek\\\/cetka-borstiq-farm-natural-body-brush\\\/\",\"name\":\"\u010cetka Borstiq Farm Natural Body Brush - Clair\",\"isPartOf\":{\"@id\":\"https:\\\/\\\/clair.si\\\/#website\"},\"primaryImageOfPage\":{\"@id\":\"https:\\\/\\\/clair.si\\\/hr\\\/izdelek\\\/cetka-borstiq-farm-natural-body-brush\\\/#primaryimage\"},\"image\":{\"@id\":\"https:\\\/\\\/clair.si\\\/hr\\\/izdelek\\\/cetka-borstiq-farm-natural-body-brush\\\/#primaryimage\"},\"thumbnailUrl\":\"https:\\\/\\\/clair.si\\\/wp-content\\\/uploads\\\/2023\\\/03\\\/Borstiq-banana-krtaca-za-konje-jpg.webp\",\"datePublished\":\"2023-03-16T07:39:56+00:00\",\"dateModified\":\"2025-08-27T07:46:41+00:00\",\"description\":\"Borstiq Natural Body Brush je gusta \u010detka za konjsko tijelo s prirodnim vlaknima, dizajnirana za njegu konja. Tradicionalna \u010detka za njegu konja, \u010detka za\",\"breadcrumb\":{\"@id\":\"https:\\\/\\\/clair.si\\\/hr\\\/izdelek\\\/cetka-borstiq-farm-natural-body-brush\\\/#breadcrumb\"},\"inLanguage\":\"hr\",\"potentialAction\":[{\"@type\":\"ReadAction\",\"target\":[\"https:\\\/\\\/clair.si\\\/hr\\\/izdelek\\\/cetka-borstiq-farm-natural-body-brush\\\/\"]}]},{\"@type\":\"ImageObject\",\"inLanguage\":\"hr\",\"@id\":\"https:\\\/\\\/clair.si\\\/hr\\\/izdelek\\\/cetka-borstiq-farm-natural-body-brush\\\/#primaryimage\",\"url\":\"https:\\\/\\\/clair.si\\\/wp-content\\\/uploads\\\/2023\\\/03\\\/Borstiq-banana-krtaca-za-konje-jpg.webp\",\"contentUrl\":\"https:\\\/\\\/clair.si\\\/wp-content\\\/uploads\\\/2023\\\/03\\\/Borstiq-banana-krtaca-za-konje-jpg.webp\",\"width\":768,\"height\":768},{\"@type\":\"BreadcrumbList\",\"@id\":\"https:\\\/\\\/clair.si\\\/hr\\\/izdelek\\\/cetka-borstiq-farm-natural-body-brush\\\/#breadcrumb\",\"itemListElement\":[{\"@type\":\"ListItem\",\"position\":1,\"name\":\"Home\",\"item\":\"https:\\\/\\\/clair.si\\\/hr\\\/\"},{\"@type\":\"ListItem\",\"position\":2,\"name\":\"Trgovina\",\"item\":\"https:\\\/\\\/clair.si\\\/trgovina\\\/\"},{\"@type\":\"ListItem\",\"position\":3,\"name\":\"\u010cetka Borstiq Farm Natural Body Brush\"}]},{\"@type\":\"WebSite\",\"@id\":\"https:\\\/\\\/clair.si\\\/#website\",\"url\":\"https:\\\/\\\/clair.si\\\/\",\"name\":\"Clair\",\"description\":\"Trgovina s konjeni\u0161ko opremo\",\"publisher\":{\"@id\":\"https:\\\/\\\/clair.si\\\/#organization\"},\"potentialAction\":[{\"@type\":\"SearchAction\",\"target\":{\"@type\":\"EntryPoint\",\"urlTemplate\":\"https:\\\/\\\/clair.si\\\/?s={search_term_string}\"},\"query-input\":{\"@type\":\"PropertyValueSpecification\",\"valueRequired\":true,\"valueName\":\"search_term_string\"}}],\"inLanguage\":\"hr\"},{\"@type\":\"Organization\",\"@id\":\"https:\\\/\\\/clair.si\\\/#organization\",\"name\":\"Clair\",\"url\":\"https:\\\/\\\/clair.si\\\/\",\"logo\":{\"@type\":\"ImageObject\",\"inLanguage\":\"hr\",\"@id\":\"https:\\\/\\\/clair.si\\\/#\\\/schema\\\/logo\\\/image\\\/\",\"url\":\"https:\\\/\\\/clair.si\\\/wp-content\\\/uploads\\\/2022\\\/11\\\/clair_logo_2022.jpg\",\"contentUrl\":\"https:\\\/\\\/clair.si\\\/wp-content\\\/uploads\\\/2022\\\/11\\\/clair_logo_2022.jpg\",\"width\":1920,\"height\":1920,\"caption\":\"Clair\"},\"image\":{\"@id\":\"https:\\\/\\\/clair.si\\\/#\\\/schema\\\/logo\\\/image\\\/\"},\"sameAs\":[\"https:\\\/\\\/www.facebook.com\\\/TrgovinaClair\\\/\"]}]}<\/script>\n<!-- \/ Yoast SEO plugin. -->","yoast_head_json":{"title":"\u010cetka Borstiq Farm Natural Body Brush - Clair","description":"Borstiq Natural Body Brush je gusta \u010detka za konjsko tijelo s prirodnim vlaknima, dizajnirana za njegu konja. Tradicionalna \u010detka za njegu konja, \u010detka za","robots":{"index":"index","follow":"follow","max-snippet":"max-snippet:-1","max-image-preview":"max-image-preview:large","max-video-preview":"max-video-preview:-1"},"canonical":"https:\/\/clair.si\/hr\/izdelek\/cetka-borstiq-farm-natural-body-brush\/","og_locale":"hr_HR","og_type":"article","og_title":"\u010cetka Borstiq Farm Natural Body Brush - Clair","og_description":"Borstiq Natural Body Brush je gusta \u010detka za konjsko tijelo s prirodnim vlaknima, dizajnirana za njegu konja. Tradicionalna \u010detka za njegu konja, \u010detka za","og_url":"https:\/\/clair.si\/hr\/izdelek\/cetka-borstiq-farm-natural-body-brush\/","og_site_name":"Clair","article_publisher":"https:\/\/www.facebook.com\/TrgovinaClair\/","article_modified_time":"2025-08-27T07:46:41+00:00","og_image":[{"width":768,"height":768,"url":"https:\/\/clair.si\/wp-content\/uploads\/2023\/03\/Borstiq-banana-krtaca-za-konje-jpg.webp","type":"image\/jpeg"}],"twitter_card":"summary_large_image","twitter_misc":{"Procijenjeno vrijeme \u010ditanja":"1 minuta"},"schema":{"@context":"https:\/\/schema.org","@graph":[{"@type":"WebPage","@id":"https:\/\/clair.si\/hr\/izdelek\/cetka-borstiq-farm-natural-body-brush\/","url":"https:\/\/clair.si\/hr\/izdelek\/cetka-borstiq-farm-natural-body-brush\/","name":"\u010cetka Borstiq Farm Natural Body Brush - Clair","isPartOf":{"@id":"https:\/\/clair.si\/#website"},"primaryImageOfPage":{"@id":"https:\/\/clair.si\/hr\/izdelek\/cetka-borstiq-farm-natural-body-brush\/#primaryimage"},"image":{"@id":"https:\/\/clair.si\/hr\/izdelek\/cetka-borstiq-farm-natural-body-brush\/#primaryimage"},"thumbnailUrl":"https:\/\/clair.si\/wp-content\/uploads\/2023\/03\/Borstiq-banana-krtaca-za-konje-jpg.webp","datePublished":"2023-03-16T07:39:56+00:00","dateModified":"2025-08-27T07:46:41+00:00","description":"Borstiq Natural Body Brush je gusta \u010detka za konjsko tijelo s prirodnim vlaknima, dizajnirana za njegu konja. Tradicionalna \u010detka za njegu konja, \u010detka za","breadcrumb":{"@id":"https:\/\/clair.si\/hr\/izdelek\/cetka-borstiq-farm-natural-body-brush\/#breadcrumb"},"inLanguage":"hr","potentialAction":[{"@type":"ReadAction","target":["https:\/\/clair.si\/hr\/izdelek\/cetka-borstiq-farm-natural-body-brush\/"]}]},{"@type":"ImageObject","inLanguage":"hr","@id":"https:\/\/clair.si\/hr\/izdelek\/cetka-borstiq-farm-natural-body-brush\/#primaryimage","url":"https:\/\/clair.si\/wp-content\/uploads\/2023\/03\/Borstiq-banana-krtaca-za-konje-jpg.webp","contentUrl":"https:\/\/clair.si\/wp-content\/uploads\/2023\/03\/Borstiq-banana-krtaca-za-konje-jpg.webp","width":768,"height":768},{"@type":"BreadcrumbList","@id":"https:\/\/clair.si\/hr\/izdelek\/cetka-borstiq-farm-natural-body-brush\/#breadcrumb","itemListElement":[{"@type":"ListItem","position":1,"name":"Home","item":"https:\/\/clair.si\/hr\/"},{"@type":"ListItem","position":2,"name":"Trgovina","item":"https:\/\/clair.si\/trgovina\/"},{"@type":"ListItem","position":3,"name":"\u010cetka Borstiq Farm Natural Body Brush"}]},{"@type":"WebSite","@id":"https:\/\/clair.si\/#website","url":"https:\/\/clair.si\/","name":"Clair","description":"Trgovina s konjeni\u0161ko opremo","publisher":{"@id":"https:\/\/clair.si\/#organization"},"potentialAction":[{"@type":"SearchAction","target":{"@type":"EntryPoint","urlTemplate":"https:\/\/clair.si\/?s={search_term_string}"},"query-input":{"@type":"PropertyValueSpecification","valueRequired":true,"valueName":"search_term_string"}}],"inLanguage":"hr"},{"@type":"Organization","@id":"https:\/\/clair.si\/#organization","name":"Clair","url":"https:\/\/clair.si\/","logo":{"@type":"ImageObject","inLanguage":"hr","@id":"https:\/\/clair.si\/#\/schema\/logo\/image\/","url":"https:\/\/clair.si\/wp-content\/uploads\/2022\/11\/clair_logo_2022.jpg","contentUrl":"https:\/\/clair.si\/wp-content\/uploads\/2022\/11\/clair_logo_2022.jpg","width":1920,"height":1920,"caption":"Clair"},"image":{"@id":"https:\/\/clair.si\/#\/schema\/logo\/image\/"},"sameAs":["https:\/\/www.facebook.com\/TrgovinaClair\/"]}]}},"_links":{"self":[{"href":"https:\/\/clair.si\/hr\/wp-json\/wp\/v2\/product\/105059","targetHints":{"allow":["GET"]}}],"collection":[{"href":"https:\/\/clair.si\/hr\/wp-json\/wp\/v2\/product"}],"about":[{"href":"https:\/\/clair.si\/hr\/wp-json\/wp\/v2\/types\/product"}],"version-history":[{"count":0,"href":"https:\/\/clair.si\/hr\/wp-json\/wp\/v2\/product\/105059\/revisions"}],"wp:featuredmedia":[{"embeddable":true,"href":"https:\/\/clair.si\/hr\/wp-json\/wp\/v2\/media\/104899"}],"wp:attachment":[{"href":"https:\/\/clair.si\/hr\/wp-json\/wp\/v2\/media?parent=105059"}],"wp:term":[{"taxonomy":"product_brand","embeddable":true,"href":"https:\/\/clair.si\/hr\/wp-json\/wp\/v2\/product_brand?post=105059"},{"taxonomy":"product_cat","embeddable":true,"href":"https:\/\/clair.si\/hr\/wp-json\/wp\/v2\/product_cat?post=105059"},{"taxonomy":"product_tag","embeddable":true,"href":"https:\/\/clair.si\/hr\/wp-json\/wp\/v2\/product_tag?post=105059"}],"curies":[{"name":"wp","href":"https:\/\/api.w.org\/{rel}","templated":true}]}}