{"id":105060,"date":"2023-03-15T12:02:56","date_gmt":"2023-03-15T11:02:56","guid":{"rendered":"https:\/\/clair.si\/izdelek\/remen-za-lonziranje-za-zvalu-norton-delta\/"},"modified":"2025-09-24T11:09:11","modified_gmt":"2025-09-24T09:09:11","slug":"remen-za-lonziranje-za-zvalu-norton-delta","status":"publish","type":"product","link":"https:\/\/clair.si\/hr\/izdelek\/remen-za-lonziranje-za-zvalu-norton-delta\/","title":{"rendered":"Konektor za \u017evalu Norton Delta"},"content":{"rendered":"<p><strong>Konektor za \u017evalu Norton Delta<\/strong>, koji se pri\u010dvr\u0161\u0107uje na \u017evalu. Olak\u0161ava rad na lon\u017ei tako da se izbjegne neprestano prekop\u010davanje lon\u017ee prilikom promjene smjera. <\/p>\n","protected":false},"excerpt":{"rendered":"<p>Konektor za \u017evalu Norton Delta, koji se pri\u010dvr\u0161\u0107uje na \u017evalu. Olak\u0161ava rad na lon\u017ei tako da se izbjegne neprestano prekop\u010davanje<\/p>\n","protected":false},"featured_media":107185,"template":"","meta":{"footnotes":""},"product_brand":[],"product_cat":[5657,5624,6586,6064,6033,5830,6035,5869],"product_tag":[],"class_list":{"0":"post-105060","1":"product","2":"type-product","3":"status-publish","4":"has-post-thumbnail","6":"product_cat-kategorije-hr","7":"product_cat-konj-hr","8":"product_cat-lonze-hr-2","9":"product_cat-lonze-hr","10":"product_cat-lonziranje-hr-2","11":"product_cat-lonziranje-hr","12":"product_cat-lonzirne-uzde-i-lonzirne-vodilice","13":"product_cat-lonzirne-uzde-i-pomocne-vodilice","15":"first","16":"instock","17":"sale","18":"shipping-taxable","19":"purchasable","20":"product-type-variable"},"yoast_head":"<!-- This site is optimized with the Yoast SEO plugin v27.4 - https:\/\/yoast.com\/product\/yoast-seo-wordpress\/ -->\n<title>Konektor za \u017evalu Norton Delta - Clair<\/title>\n<meta name=\"description\" content=\"Konektor za \u017evalu Norton Delta, koji se pri\u010dvr\u0161\u0107uje na \u017evalu. Olak\u0161ava rad na lon\u017ei tako da se izbjegne neprestano prekop\u010davanje lon\u017ee prilikom promjene\" \/>\n<meta name=\"robots\" content=\"index, follow, max-snippet:-1, max-image-preview:large, max-video-preview:-1\" \/>\n<link rel=\"canonical\" href=\"https:\/\/clair.si\/hr\/izdelek\/remen-za-lonziranje-za-zvalu-norton-delta\/\" \/>\n<meta property=\"og:locale\" content=\"hr_HR\" \/>\n<meta property=\"og:type\" content=\"article\" \/>\n<meta property=\"og:title\" content=\"Konektor za \u017evalu Norton Delta - Clair\" \/>\n<meta property=\"og:description\" content=\"Konektor za \u017evalu Norton Delta, koji se pri\u010dvr\u0161\u0107uje na \u017evalu. Olak\u0161ava rad na lon\u017ei tako da se izbjegne neprestano prekop\u010davanje lon\u017ee prilikom promjene\" \/>\n<meta property=\"og:url\" content=\"https:\/\/clair.si\/hr\/izdelek\/remen-za-lonziranje-za-zvalu-norton-delta\/\" \/>\n<meta property=\"og:site_name\" content=\"Clair\" \/>\n<meta property=\"article:publisher\" content=\"https:\/\/www.facebook.com\/TrgovinaClair\/\" \/>\n<meta property=\"article:modified_time\" content=\"2025-09-24T09:09:11+00:00\" \/>\n<meta property=\"og:image\" content=\"https:\/\/clair.si\/wp-content\/uploads\/2023\/03\/norton-club-nylon-lonzirni-pascek-za-brzdo-jpg.webp\" \/>\n\t<meta property=\"og:image:width\" content=\"800\" \/>\n\t<meta property=\"og:image:height\" content=\"800\" \/>\n\t<meta property=\"og:image:type\" content=\"image\/jpeg\" \/>\n<meta name=\"twitter:card\" content=\"summary_large_image\" \/>\n<script type=\"application\/ld+json\" class=\"yoast-schema-graph\">{\"@context\":\"https:\\\/\\\/schema.org\",\"@graph\":[{\"@type\":\"WebPage\",\"@id\":\"https:\\\/\\\/clair.si\\\/hr\\\/izdelek\\\/remen-za-lonziranje-za-zvalu-norton-delta\\\/\",\"url\":\"https:\\\/\\\/clair.si\\\/hr\\\/izdelek\\\/remen-za-lonziranje-za-zvalu-norton-delta\\\/\",\"name\":\"Konektor za \u017evalu Norton Delta - Clair\",\"isPartOf\":{\"@id\":\"https:\\\/\\\/clair.si\\\/#website\"},\"primaryImageOfPage\":{\"@id\":\"https:\\\/\\\/clair.si\\\/hr\\\/izdelek\\\/remen-za-lonziranje-za-zvalu-norton-delta\\\/#primaryimage\"},\"image\":{\"@id\":\"https:\\\/\\\/clair.si\\\/hr\\\/izdelek\\\/remen-za-lonziranje-za-zvalu-norton-delta\\\/#primaryimage\"},\"thumbnailUrl\":\"https:\\\/\\\/clair.si\\\/wp-content\\\/uploads\\\/2023\\\/03\\\/norton-club-nylon-lonzirni-pascek-za-brzdo-jpg.webp\",\"datePublished\":\"2023-03-15T11:02:56+00:00\",\"dateModified\":\"2025-09-24T09:09:11+00:00\",\"description\":\"Konektor za \u017evalu Norton Delta, koji se pri\u010dvr\u0161\u0107uje na \u017evalu. Olak\u0161ava rad na lon\u017ei tako da se izbjegne neprestano prekop\u010davanje lon\u017ee prilikom promjene\",\"breadcrumb\":{\"@id\":\"https:\\\/\\\/clair.si\\\/hr\\\/izdelek\\\/remen-za-lonziranje-za-zvalu-norton-delta\\\/#breadcrumb\"},\"inLanguage\":\"hr\",\"potentialAction\":[{\"@type\":\"ReadAction\",\"target\":[\"https:\\\/\\\/clair.si\\\/hr\\\/izdelek\\\/remen-za-lonziranje-za-zvalu-norton-delta\\\/\"]}]},{\"@type\":\"ImageObject\",\"inLanguage\":\"hr\",\"@id\":\"https:\\\/\\\/clair.si\\\/hr\\\/izdelek\\\/remen-za-lonziranje-za-zvalu-norton-delta\\\/#primaryimage\",\"url\":\"https:\\\/\\\/clair.si\\\/wp-content\\\/uploads\\\/2023\\\/03\\\/norton-club-nylon-lonzirni-pascek-za-brzdo-jpg.webp\",\"contentUrl\":\"https:\\\/\\\/clair.si\\\/wp-content\\\/uploads\\\/2023\\\/03\\\/norton-club-nylon-lonzirni-pascek-za-brzdo-jpg.webp\",\"width\":800,\"height\":800},{\"@type\":\"BreadcrumbList\",\"@id\":\"https:\\\/\\\/clair.si\\\/hr\\\/izdelek\\\/remen-za-lonziranje-za-zvalu-norton-delta\\\/#breadcrumb\",\"itemListElement\":[{\"@type\":\"ListItem\",\"position\":1,\"name\":\"Home\",\"item\":\"https:\\\/\\\/clair.si\\\/hr\\\/\"},{\"@type\":\"ListItem\",\"position\":2,\"name\":\"Trgovina\",\"item\":\"https:\\\/\\\/clair.si\\\/trgovina\\\/\"},{\"@type\":\"ListItem\",\"position\":3,\"name\":\"Konektor za \u017evalu Norton Delta\"}]},{\"@type\":\"WebSite\",\"@id\":\"https:\\\/\\\/clair.si\\\/#website\",\"url\":\"https:\\\/\\\/clair.si\\\/\",\"name\":\"Clair\",\"description\":\"Trgovina s konjeni\u0161ko opremo\",\"publisher\":{\"@id\":\"https:\\\/\\\/clair.si\\\/#organization\"},\"potentialAction\":[{\"@type\":\"SearchAction\",\"target\":{\"@type\":\"EntryPoint\",\"urlTemplate\":\"https:\\\/\\\/clair.si\\\/?s={search_term_string}\"},\"query-input\":{\"@type\":\"PropertyValueSpecification\",\"valueRequired\":true,\"valueName\":\"search_term_string\"}}],\"inLanguage\":\"hr\"},{\"@type\":\"Organization\",\"@id\":\"https:\\\/\\\/clair.si\\\/#organization\",\"name\":\"Clair\",\"url\":\"https:\\\/\\\/clair.si\\\/\",\"logo\":{\"@type\":\"ImageObject\",\"inLanguage\":\"hr\",\"@id\":\"https:\\\/\\\/clair.si\\\/#\\\/schema\\\/logo\\\/image\\\/\",\"url\":\"https:\\\/\\\/clair.si\\\/wp-content\\\/uploads\\\/2022\\\/11\\\/clair_logo_2022.jpg\",\"contentUrl\":\"https:\\\/\\\/clair.si\\\/wp-content\\\/uploads\\\/2022\\\/11\\\/clair_logo_2022.jpg\",\"width\":1920,\"height\":1920,\"caption\":\"Clair\"},\"image\":{\"@id\":\"https:\\\/\\\/clair.si\\\/#\\\/schema\\\/logo\\\/image\\\/\"},\"sameAs\":[\"https:\\\/\\\/www.facebook.com\\\/TrgovinaClair\\\/\"]}]}<\/script>\n<!-- \/ Yoast SEO plugin. -->","yoast_head_json":{"title":"Konektor za \u017evalu Norton Delta - Clair","description":"Konektor za \u017evalu Norton Delta, koji se pri\u010dvr\u0161\u0107uje na \u017evalu. Olak\u0161ava rad na lon\u017ei tako da se izbjegne neprestano prekop\u010davanje lon\u017ee prilikom promjene","robots":{"index":"index","follow":"follow","max-snippet":"max-snippet:-1","max-image-preview":"max-image-preview:large","max-video-preview":"max-video-preview:-1"},"canonical":"https:\/\/clair.si\/hr\/izdelek\/remen-za-lonziranje-za-zvalu-norton-delta\/","og_locale":"hr_HR","og_type":"article","og_title":"Konektor za \u017evalu Norton Delta - Clair","og_description":"Konektor za \u017evalu Norton Delta, koji se pri\u010dvr\u0161\u0107uje na \u017evalu. Olak\u0161ava rad na lon\u017ei tako da se izbjegne neprestano prekop\u010davanje lon\u017ee prilikom promjene","og_url":"https:\/\/clair.si\/hr\/izdelek\/remen-za-lonziranje-za-zvalu-norton-delta\/","og_site_name":"Clair","article_publisher":"https:\/\/www.facebook.com\/TrgovinaClair\/","article_modified_time":"2025-09-24T09:09:11+00:00","og_image":[{"width":800,"height":800,"url":"https:\/\/clair.si\/wp-content\/uploads\/2023\/03\/norton-club-nylon-lonzirni-pascek-za-brzdo-jpg.webp","type":"image\/jpeg"}],"twitter_card":"summary_large_image","schema":{"@context":"https:\/\/schema.org","@graph":[{"@type":"WebPage","@id":"https:\/\/clair.si\/hr\/izdelek\/remen-za-lonziranje-za-zvalu-norton-delta\/","url":"https:\/\/clair.si\/hr\/izdelek\/remen-za-lonziranje-za-zvalu-norton-delta\/","name":"Konektor za \u017evalu Norton Delta - Clair","isPartOf":{"@id":"https:\/\/clair.si\/#website"},"primaryImageOfPage":{"@id":"https:\/\/clair.si\/hr\/izdelek\/remen-za-lonziranje-za-zvalu-norton-delta\/#primaryimage"},"image":{"@id":"https:\/\/clair.si\/hr\/izdelek\/remen-za-lonziranje-za-zvalu-norton-delta\/#primaryimage"},"thumbnailUrl":"https:\/\/clair.si\/wp-content\/uploads\/2023\/03\/norton-club-nylon-lonzirni-pascek-za-brzdo-jpg.webp","datePublished":"2023-03-15T11:02:56+00:00","dateModified":"2025-09-24T09:09:11+00:00","description":"Konektor za \u017evalu Norton Delta, koji se pri\u010dvr\u0161\u0107uje na \u017evalu. Olak\u0161ava rad na lon\u017ei tako da se izbjegne neprestano prekop\u010davanje lon\u017ee prilikom promjene","breadcrumb":{"@id":"https:\/\/clair.si\/hr\/izdelek\/remen-za-lonziranje-za-zvalu-norton-delta\/#breadcrumb"},"inLanguage":"hr","potentialAction":[{"@type":"ReadAction","target":["https:\/\/clair.si\/hr\/izdelek\/remen-za-lonziranje-za-zvalu-norton-delta\/"]}]},{"@type":"ImageObject","inLanguage":"hr","@id":"https:\/\/clair.si\/hr\/izdelek\/remen-za-lonziranje-za-zvalu-norton-delta\/#primaryimage","url":"https:\/\/clair.si\/wp-content\/uploads\/2023\/03\/norton-club-nylon-lonzirni-pascek-za-brzdo-jpg.webp","contentUrl":"https:\/\/clair.si\/wp-content\/uploads\/2023\/03\/norton-club-nylon-lonzirni-pascek-za-brzdo-jpg.webp","width":800,"height":800},{"@type":"BreadcrumbList","@id":"https:\/\/clair.si\/hr\/izdelek\/remen-za-lonziranje-za-zvalu-norton-delta\/#breadcrumb","itemListElement":[{"@type":"ListItem","position":1,"name":"Home","item":"https:\/\/clair.si\/hr\/"},{"@type":"ListItem","position":2,"name":"Trgovina","item":"https:\/\/clair.si\/trgovina\/"},{"@type":"ListItem","position":3,"name":"Konektor za \u017evalu Norton Delta"}]},{"@type":"WebSite","@id":"https:\/\/clair.si\/#website","url":"https:\/\/clair.si\/","name":"Clair","description":"Trgovina s konjeni\u0161ko opremo","publisher":{"@id":"https:\/\/clair.si\/#organization"},"potentialAction":[{"@type":"SearchAction","target":{"@type":"EntryPoint","urlTemplate":"https:\/\/clair.si\/?s={search_term_string}"},"query-input":{"@type":"PropertyValueSpecification","valueRequired":true,"valueName":"search_term_string"}}],"inLanguage":"hr"},{"@type":"Organization","@id":"https:\/\/clair.si\/#organization","name":"Clair","url":"https:\/\/clair.si\/","logo":{"@type":"ImageObject","inLanguage":"hr","@id":"https:\/\/clair.si\/#\/schema\/logo\/image\/","url":"https:\/\/clair.si\/wp-content\/uploads\/2022\/11\/clair_logo_2022.jpg","contentUrl":"https:\/\/clair.si\/wp-content\/uploads\/2022\/11\/clair_logo_2022.jpg","width":1920,"height":1920,"caption":"Clair"},"image":{"@id":"https:\/\/clair.si\/#\/schema\/logo\/image\/"},"sameAs":["https:\/\/www.facebook.com\/TrgovinaClair\/"]}]}},"_links":{"self":[{"href":"https:\/\/clair.si\/hr\/wp-json\/wp\/v2\/product\/105060","targetHints":{"allow":["GET"]}}],"collection":[{"href":"https:\/\/clair.si\/hr\/wp-json\/wp\/v2\/product"}],"about":[{"href":"https:\/\/clair.si\/hr\/wp-json\/wp\/v2\/types\/product"}],"version-history":[{"count":0,"href":"https:\/\/clair.si\/hr\/wp-json\/wp\/v2\/product\/105060\/revisions"}],"wp:featuredmedia":[{"embeddable":true,"href":"https:\/\/clair.si\/hr\/wp-json\/wp\/v2\/media\/107185"}],"wp:attachment":[{"href":"https:\/\/clair.si\/hr\/wp-json\/wp\/v2\/media?parent=105060"}],"wp:term":[{"taxonomy":"product_brand","embeddable":true,"href":"https:\/\/clair.si\/hr\/wp-json\/wp\/v2\/product_brand?post=105060"},{"taxonomy":"product_cat","embeddable":true,"href":"https:\/\/clair.si\/hr\/wp-json\/wp\/v2\/product_cat?post=105060"},{"taxonomy":"product_tag","embeddable":true,"href":"https:\/\/clair.si\/hr\/wp-json\/wp\/v2\/product_tag?post=105060"}],"curies":[{"name":"wp","href":"https:\/\/api.w.org\/{rel}","templated":true}]}}