{"id":105068,"date":"2023-03-15T11:34:38","date_gmt":"2023-03-15T10:34:38","guid":{"rendered":"https:\/\/clair.si\/izdelek\/gog-riding-world\/"},"modified":"2025-09-24T11:09:19","modified_gmt":"2025-09-24T09:09:19","slug":"gog-riding-world","status":"publish","type":"product","link":"https:\/\/clair.si\/hr\/izdelek\/gog-riding-world\/","title":{"rendered":"Gog Riding World"},"content":{"rendered":"<p><strong>Gog Riding World<\/strong><span class=\"HwtZe\" lang=\"sl\"><span class=\"jCAhz ChMk0b\"><span class=\"ryNqvb\">  od bivolje ko\u017ee s koloturima.<\/span><\/span> <span class=\"jCAhz ChMk0b\"><span class=\"ryNqvb\">Kop\u010de od poniklanog \u010delika. Pomo\u0107no sredstvo za trening koje se koristi za razvoj le\u0111ne linije i mi\u0161i\u0107a, zahtijeva pravilan polo\u017eaj i osloba\u0111a napetost u glavi, stra\u017enjici i vratu konja. Kada konj radi pravilno, gog nema utjecaja. Me\u0111utim, ako konj ne radi pravilno, to \u0107e uzrokovati pritisak na potiljak i usta.    <strong>Gog RW se mo\u017ee koristiti pri jahanju ili lon\u017eiranju.<\/strong>  Pri\u010dvr\u0161\u0107uje se na remen izme\u0111u prednjih nogu konja. Kada je gog pravilno postavljen, mora tvoriti trokutasti oblik od to\u010dke izme\u0111u nogu do uzde. <\/span><\/span><\/span><\/p>\n","protected":false},"excerpt":{"rendered":"<p>Gog Riding World od bivolje ko\u017ee s koloturima. Kop\u010de od poniklanog \u010delika. Pomo\u0107no sredstvo za trening koje se koristi za<\/p>\n","protected":false},"featured_media":105073,"template":"","meta":{"footnotes":""},"product_brand":[],"product_cat":[5657,5624,6033,5830,6035,5869,6242,5697],"product_tag":[],"class_list":{"0":"post-105068","1":"product","2":"type-product","3":"status-publish","4":"has-post-thumbnail","6":"product_cat-kategorije-hr","7":"product_cat-konj-hr","8":"product_cat-lonziranje-hr-2","9":"product_cat-lonziranje-hr","10":"product_cat-lonzirne-uzde-i-lonzirne-vodilice","11":"product_cat-lonzirne-uzde-i-pomocne-vodilice","12":"product_cat-pomocni-dizgini","13":"product_cat-uzde-i-dizgini","15":"first","16":"instock","17":"sale","18":"shipping-taxable","19":"purchasable","20":"product-type-variable"},"yoast_head":"<!-- This site is optimized with the Yoast SEO plugin v27.4 - https:\/\/yoast.com\/product\/yoast-seo-wordpress\/ -->\n<title>Gog Riding World - Clair<\/title>\n<meta name=\"description\" content=\"Gog Riding World od bivolje ko\u017ee s koloturima. Kop\u010de od poniklanog \u010delika. Pomo\u0107no sredstvo za trening koje se koristi za razvoj le\u0111ne linije i mi\u0161i\u0107a,\" \/>\n<meta name=\"robots\" content=\"index, follow, max-snippet:-1, max-image-preview:large, max-video-preview:-1\" \/>\n<link rel=\"canonical\" href=\"https:\/\/clair.si\/hr\/izdelek\/gog-riding-world\/\" \/>\n<meta property=\"og:locale\" content=\"hr_HR\" \/>\n<meta property=\"og:type\" content=\"article\" \/>\n<meta property=\"og:title\" content=\"Gog Riding World - Clair\" \/>\n<meta property=\"og:description\" content=\"Gog Riding World od bivolje ko\u017ee s koloturima. Kop\u010de od poniklanog \u010delika. Pomo\u0107no sredstvo za trening koje se koristi za razvoj le\u0111ne linije i mi\u0161i\u0107a,\" \/>\n<meta property=\"og:url\" content=\"https:\/\/clair.si\/hr\/izdelek\/gog-riding-world\/\" \/>\n<meta property=\"og:site_name\" content=\"Clair\" \/>\n<meta property=\"article:publisher\" content=\"https:\/\/www.facebook.com\/TrgovinaClair\/\" \/>\n<meta property=\"article:modified_time\" content=\"2025-09-24T09:09:19+00:00\" \/>\n<meta property=\"og:image\" content=\"https:\/\/clair.si\/wp-content\/uploads\/2023\/03\/riding-world-gog-s-skripci-jpg.webp\" \/>\n\t<meta property=\"og:image:width\" content=\"800\" \/>\n\t<meta property=\"og:image:height\" content=\"800\" \/>\n\t<meta property=\"og:image:type\" content=\"image\/jpeg\" \/>\n<meta name=\"twitter:card\" content=\"summary_large_image\" \/>\n<meta name=\"twitter:label1\" content=\"Procijenjeno vrijeme \u010ditanja\" \/>\n\t<meta name=\"twitter:data1\" content=\"1 minuta\" \/>\n<script type=\"application\/ld+json\" class=\"yoast-schema-graph\">{\"@context\":\"https:\\\/\\\/schema.org\",\"@graph\":[{\"@type\":\"WebPage\",\"@id\":\"https:\\\/\\\/clair.si\\\/hr\\\/izdelek\\\/gog-riding-world\\\/\",\"url\":\"https:\\\/\\\/clair.si\\\/hr\\\/izdelek\\\/gog-riding-world\\\/\",\"name\":\"Gog Riding World - Clair\",\"isPartOf\":{\"@id\":\"https:\\\/\\\/clair.si\\\/#website\"},\"primaryImageOfPage\":{\"@id\":\"https:\\\/\\\/clair.si\\\/hr\\\/izdelek\\\/gog-riding-world\\\/#primaryimage\"},\"image\":{\"@id\":\"https:\\\/\\\/clair.si\\\/hr\\\/izdelek\\\/gog-riding-world\\\/#primaryimage\"},\"thumbnailUrl\":\"https:\\\/\\\/clair.si\\\/wp-content\\\/uploads\\\/2023\\\/03\\\/riding-world-gog-s-skripci-jpg.webp\",\"datePublished\":\"2023-03-15T10:34:38+00:00\",\"dateModified\":\"2025-09-24T09:09:19+00:00\",\"description\":\"Gog Riding World od bivolje ko\u017ee s koloturima. Kop\u010de od poniklanog \u010delika. Pomo\u0107no sredstvo za trening koje se koristi za razvoj le\u0111ne linije i mi\u0161i\u0107a,\",\"breadcrumb\":{\"@id\":\"https:\\\/\\\/clair.si\\\/hr\\\/izdelek\\\/gog-riding-world\\\/#breadcrumb\"},\"inLanguage\":\"hr\",\"potentialAction\":[{\"@type\":\"ReadAction\",\"target\":[\"https:\\\/\\\/clair.si\\\/hr\\\/izdelek\\\/gog-riding-world\\\/\"]}]},{\"@type\":\"ImageObject\",\"inLanguage\":\"hr\",\"@id\":\"https:\\\/\\\/clair.si\\\/hr\\\/izdelek\\\/gog-riding-world\\\/#primaryimage\",\"url\":\"https:\\\/\\\/clair.si\\\/wp-content\\\/uploads\\\/2023\\\/03\\\/riding-world-gog-s-skripci-jpg.webp\",\"contentUrl\":\"https:\\\/\\\/clair.si\\\/wp-content\\\/uploads\\\/2023\\\/03\\\/riding-world-gog-s-skripci-jpg.webp\",\"width\":800,\"height\":800},{\"@type\":\"BreadcrumbList\",\"@id\":\"https:\\\/\\\/clair.si\\\/hr\\\/izdelek\\\/gog-riding-world\\\/#breadcrumb\",\"itemListElement\":[{\"@type\":\"ListItem\",\"position\":1,\"name\":\"Home\",\"item\":\"https:\\\/\\\/clair.si\\\/hr\\\/\"},{\"@type\":\"ListItem\",\"position\":2,\"name\":\"Trgovina\",\"item\":\"https:\\\/\\\/clair.si\\\/trgovina\\\/\"},{\"@type\":\"ListItem\",\"position\":3,\"name\":\"Gog Riding World\"}]},{\"@type\":\"WebSite\",\"@id\":\"https:\\\/\\\/clair.si\\\/#website\",\"url\":\"https:\\\/\\\/clair.si\\\/\",\"name\":\"Clair\",\"description\":\"Trgovina s konjeni\u0161ko opremo\",\"publisher\":{\"@id\":\"https:\\\/\\\/clair.si\\\/#organization\"},\"potentialAction\":[{\"@type\":\"SearchAction\",\"target\":{\"@type\":\"EntryPoint\",\"urlTemplate\":\"https:\\\/\\\/clair.si\\\/?s={search_term_string}\"},\"query-input\":{\"@type\":\"PropertyValueSpecification\",\"valueRequired\":true,\"valueName\":\"search_term_string\"}}],\"inLanguage\":\"hr\"},{\"@type\":\"Organization\",\"@id\":\"https:\\\/\\\/clair.si\\\/#organization\",\"name\":\"Clair\",\"url\":\"https:\\\/\\\/clair.si\\\/\",\"logo\":{\"@type\":\"ImageObject\",\"inLanguage\":\"hr\",\"@id\":\"https:\\\/\\\/clair.si\\\/#\\\/schema\\\/logo\\\/image\\\/\",\"url\":\"https:\\\/\\\/clair.si\\\/wp-content\\\/uploads\\\/2022\\\/11\\\/clair_logo_2022.jpg\",\"contentUrl\":\"https:\\\/\\\/clair.si\\\/wp-content\\\/uploads\\\/2022\\\/11\\\/clair_logo_2022.jpg\",\"width\":1920,\"height\":1920,\"caption\":\"Clair\"},\"image\":{\"@id\":\"https:\\\/\\\/clair.si\\\/#\\\/schema\\\/logo\\\/image\\\/\"},\"sameAs\":[\"https:\\\/\\\/www.facebook.com\\\/TrgovinaClair\\\/\"]}]}<\/script>\n<!-- \/ Yoast SEO plugin. -->","yoast_head_json":{"title":"Gog Riding World - Clair","description":"Gog Riding World od bivolje ko\u017ee s koloturima. Kop\u010de od poniklanog \u010delika. Pomo\u0107no sredstvo za trening koje se koristi za razvoj le\u0111ne linije i mi\u0161i\u0107a,","robots":{"index":"index","follow":"follow","max-snippet":"max-snippet:-1","max-image-preview":"max-image-preview:large","max-video-preview":"max-video-preview:-1"},"canonical":"https:\/\/clair.si\/hr\/izdelek\/gog-riding-world\/","og_locale":"hr_HR","og_type":"article","og_title":"Gog Riding World - Clair","og_description":"Gog Riding World od bivolje ko\u017ee s koloturima. Kop\u010de od poniklanog \u010delika. Pomo\u0107no sredstvo za trening koje se koristi za razvoj le\u0111ne linije i mi\u0161i\u0107a,","og_url":"https:\/\/clair.si\/hr\/izdelek\/gog-riding-world\/","og_site_name":"Clair","article_publisher":"https:\/\/www.facebook.com\/TrgovinaClair\/","article_modified_time":"2025-09-24T09:09:19+00:00","og_image":[{"width":800,"height":800,"url":"https:\/\/clair.si\/wp-content\/uploads\/2023\/03\/riding-world-gog-s-skripci-jpg.webp","type":"image\/jpeg"}],"twitter_card":"summary_large_image","twitter_misc":{"Procijenjeno vrijeme \u010ditanja":"1 minuta"},"schema":{"@context":"https:\/\/schema.org","@graph":[{"@type":"WebPage","@id":"https:\/\/clair.si\/hr\/izdelek\/gog-riding-world\/","url":"https:\/\/clair.si\/hr\/izdelek\/gog-riding-world\/","name":"Gog Riding World - Clair","isPartOf":{"@id":"https:\/\/clair.si\/#website"},"primaryImageOfPage":{"@id":"https:\/\/clair.si\/hr\/izdelek\/gog-riding-world\/#primaryimage"},"image":{"@id":"https:\/\/clair.si\/hr\/izdelek\/gog-riding-world\/#primaryimage"},"thumbnailUrl":"https:\/\/clair.si\/wp-content\/uploads\/2023\/03\/riding-world-gog-s-skripci-jpg.webp","datePublished":"2023-03-15T10:34:38+00:00","dateModified":"2025-09-24T09:09:19+00:00","description":"Gog Riding World od bivolje ko\u017ee s koloturima. Kop\u010de od poniklanog \u010delika. Pomo\u0107no sredstvo za trening koje se koristi za razvoj le\u0111ne linije i mi\u0161i\u0107a,","breadcrumb":{"@id":"https:\/\/clair.si\/hr\/izdelek\/gog-riding-world\/#breadcrumb"},"inLanguage":"hr","potentialAction":[{"@type":"ReadAction","target":["https:\/\/clair.si\/hr\/izdelek\/gog-riding-world\/"]}]},{"@type":"ImageObject","inLanguage":"hr","@id":"https:\/\/clair.si\/hr\/izdelek\/gog-riding-world\/#primaryimage","url":"https:\/\/clair.si\/wp-content\/uploads\/2023\/03\/riding-world-gog-s-skripci-jpg.webp","contentUrl":"https:\/\/clair.si\/wp-content\/uploads\/2023\/03\/riding-world-gog-s-skripci-jpg.webp","width":800,"height":800},{"@type":"BreadcrumbList","@id":"https:\/\/clair.si\/hr\/izdelek\/gog-riding-world\/#breadcrumb","itemListElement":[{"@type":"ListItem","position":1,"name":"Home","item":"https:\/\/clair.si\/hr\/"},{"@type":"ListItem","position":2,"name":"Trgovina","item":"https:\/\/clair.si\/trgovina\/"},{"@type":"ListItem","position":3,"name":"Gog Riding World"}]},{"@type":"WebSite","@id":"https:\/\/clair.si\/#website","url":"https:\/\/clair.si\/","name":"Clair","description":"Trgovina s konjeni\u0161ko opremo","publisher":{"@id":"https:\/\/clair.si\/#organization"},"potentialAction":[{"@type":"SearchAction","target":{"@type":"EntryPoint","urlTemplate":"https:\/\/clair.si\/?s={search_term_string}"},"query-input":{"@type":"PropertyValueSpecification","valueRequired":true,"valueName":"search_term_string"}}],"inLanguage":"hr"},{"@type":"Organization","@id":"https:\/\/clair.si\/#organization","name":"Clair","url":"https:\/\/clair.si\/","logo":{"@type":"ImageObject","inLanguage":"hr","@id":"https:\/\/clair.si\/#\/schema\/logo\/image\/","url":"https:\/\/clair.si\/wp-content\/uploads\/2022\/11\/clair_logo_2022.jpg","contentUrl":"https:\/\/clair.si\/wp-content\/uploads\/2022\/11\/clair_logo_2022.jpg","width":1920,"height":1920,"caption":"Clair"},"image":{"@id":"https:\/\/clair.si\/#\/schema\/logo\/image\/"},"sameAs":["https:\/\/www.facebook.com\/TrgovinaClair\/"]}]}},"_links":{"self":[{"href":"https:\/\/clair.si\/hr\/wp-json\/wp\/v2\/product\/105068","targetHints":{"allow":["GET"]}}],"collection":[{"href":"https:\/\/clair.si\/hr\/wp-json\/wp\/v2\/product"}],"about":[{"href":"https:\/\/clair.si\/hr\/wp-json\/wp\/v2\/types\/product"}],"version-history":[{"count":0,"href":"https:\/\/clair.si\/hr\/wp-json\/wp\/v2\/product\/105068\/revisions"}],"wp:featuredmedia":[{"embeddable":true,"href":"https:\/\/clair.si\/hr\/wp-json\/wp\/v2\/media\/105073"}],"wp:attachment":[{"href":"https:\/\/clair.si\/hr\/wp-json\/wp\/v2\/media?parent=105068"}],"wp:term":[{"taxonomy":"product_brand","embeddable":true,"href":"https:\/\/clair.si\/hr\/wp-json\/wp\/v2\/product_brand?post=105068"},{"taxonomy":"product_cat","embeddable":true,"href":"https:\/\/clair.si\/hr\/wp-json\/wp\/v2\/product_cat?post=105068"},{"taxonomy":"product_tag","embeddable":true,"href":"https:\/\/clair.si\/hr\/wp-json\/wp\/v2\/product_tag?post=105068"}],"curies":[{"name":"wp","href":"https:\/\/api.w.org\/{rel}","templated":true}]}}