{"id":105108,"date":"2023-03-15T10:33:47","date_gmt":"2023-03-15T09:33:47","guid":{"rendered":"https:\/\/clair.si\/izdelek\/duge-lonzirne-vodilice-riding-world\/"},"modified":"2026-04-14T11:20:38","modified_gmt":"2026-04-14T09:20:38","slug":"duge-lonzirne-vodilice-riding-world","status":"publish","type":"product","link":"https:\/\/clair.si\/hr\/izdelek\/duge-lonzirne-vodilice-riding-world\/","title":{"rendered":"Duge lon\u017eirne vodilice Riding World"},"content":{"rendered":"<p><strong>Duge lon\u017eirne vodilice Riding World<\/strong> izra\u0111ene od bivolje ko\u017ee i u\u017eeta. Duljina: 10 m. <\/p>\n","protected":false},"excerpt":{"rendered":"<p>Duge lon\u017eirne vodilice Riding World izra\u0111ene od bivolje ko\u017ee i u\u017eeta. Duljina: 10 m.<\/p>\n","protected":false},"featured_media":105110,"template":"","meta":{"footnotes":""},"product_brand":[],"product_cat":[5657,5624,6064,6586,5830,6033,6035,5869],"product_tag":[],"class_list":{"0":"post-105108","1":"product","2":"type-product","3":"status-publish","4":"has-post-thumbnail","6":"product_cat-kategorije-hr","7":"product_cat-konj-hr","8":"product_cat-lonze-hr","9":"product_cat-lonze-hr-2","10":"product_cat-lonziranje-hr","11":"product_cat-lonziranje-hr-2","12":"product_cat-lonzirne-uzde-i-lonzirne-vodilice","13":"product_cat-lonzirne-uzde-i-pomocne-vodilice","15":"first","16":"outofstock","17":"shipping-taxable","18":"purchasable","19":"product-type-variable"},"yoast_head":"<!-- This site is optimized with the Yoast SEO plugin v27.4 - https:\/\/yoast.com\/product\/yoast-seo-wordpress\/ -->\n<title>Duge lon\u017eirne vodilice Riding World - Clair<\/title>\n<meta name=\"description\" content=\"Duge lon\u017eirne vodilice Riding World izra\u0111ene od bivolje ko\u017ee i u\u017eeta. Duljina: 10 m.\" \/>\n<meta name=\"robots\" content=\"index, follow, max-snippet:-1, max-image-preview:large, max-video-preview:-1\" \/>\n<link rel=\"canonical\" href=\"https:\/\/clair.si\/hr\/izdelek\/duge-lonzirne-vodilice-riding-world\/\" \/>\n<meta property=\"og:locale\" content=\"hr_HR\" \/>\n<meta property=\"og:type\" content=\"article\" \/>\n<meta property=\"og:title\" content=\"Duge lon\u017eirne vodilice Riding World - Clair\" \/>\n<meta property=\"og:description\" content=\"Duge lon\u017eirne vodilice Riding World izra\u0111ene od bivolje ko\u017ee i u\u017eeta. Duljina: 10 m.\" \/>\n<meta property=\"og:url\" content=\"https:\/\/clair.si\/hr\/izdelek\/duge-lonzirne-vodilice-riding-world\/\" \/>\n<meta property=\"og:site_name\" content=\"Clair\" \/>\n<meta property=\"article:publisher\" content=\"https:\/\/www.facebook.com\/TrgovinaClair\/\" \/>\n<meta property=\"article:modified_time\" content=\"2026-04-14T09:20:38+00:00\" \/>\n<meta property=\"og:image\" content=\"https:\/\/clair.si\/wp-content\/uploads\/2023\/03\/riding-world-usnje-vrv-dolge-vajeti-lonzirne-dvojne-vajeti-jpg.webp\" \/>\n\t<meta property=\"og:image:width\" content=\"800\" \/>\n\t<meta property=\"og:image:height\" content=\"800\" \/>\n\t<meta property=\"og:image:type\" content=\"image\/jpeg\" \/>\n<meta name=\"twitter:card\" content=\"summary_large_image\" \/>\n<meta name=\"twitter:label1\" content=\"Procijenjeno vrijeme \u010ditanja\" \/>\n\t<meta name=\"twitter:data1\" content=\"1 minuta\" \/>\n<script type=\"application\/ld+json\" class=\"yoast-schema-graph\">{\"@context\":\"https:\\\/\\\/schema.org\",\"@graph\":[{\"@type\":\"WebPage\",\"@id\":\"https:\\\/\\\/clair.si\\\/hr\\\/izdelek\\\/duge-lonzirne-vodilice-riding-world\\\/\",\"url\":\"https:\\\/\\\/clair.si\\\/hr\\\/izdelek\\\/duge-lonzirne-vodilice-riding-world\\\/\",\"name\":\"Duge lon\u017eirne vodilice Riding World - Clair\",\"isPartOf\":{\"@id\":\"https:\\\/\\\/clair.si\\\/#website\"},\"primaryImageOfPage\":{\"@id\":\"https:\\\/\\\/clair.si\\\/hr\\\/izdelek\\\/duge-lonzirne-vodilice-riding-world\\\/#primaryimage\"},\"image\":{\"@id\":\"https:\\\/\\\/clair.si\\\/hr\\\/izdelek\\\/duge-lonzirne-vodilice-riding-world\\\/#primaryimage\"},\"thumbnailUrl\":\"https:\\\/\\\/clair.si\\\/wp-content\\\/uploads\\\/2023\\\/03\\\/riding-world-usnje-vrv-dolge-vajeti-lonzirne-dvojne-vajeti-jpg.webp\",\"datePublished\":\"2023-03-15T09:33:47+00:00\",\"dateModified\":\"2026-04-14T09:20:38+00:00\",\"description\":\"Duge lon\u017eirne vodilice Riding World izra\u0111ene od bivolje ko\u017ee i u\u017eeta. Duljina: 10 m.\",\"breadcrumb\":{\"@id\":\"https:\\\/\\\/clair.si\\\/hr\\\/izdelek\\\/duge-lonzirne-vodilice-riding-world\\\/#breadcrumb\"},\"inLanguage\":\"hr\",\"potentialAction\":[{\"@type\":\"ReadAction\",\"target\":[\"https:\\\/\\\/clair.si\\\/hr\\\/izdelek\\\/duge-lonzirne-vodilice-riding-world\\\/\"]}]},{\"@type\":\"ImageObject\",\"inLanguage\":\"hr\",\"@id\":\"https:\\\/\\\/clair.si\\\/hr\\\/izdelek\\\/duge-lonzirne-vodilice-riding-world\\\/#primaryimage\",\"url\":\"https:\\\/\\\/clair.si\\\/wp-content\\\/uploads\\\/2023\\\/03\\\/riding-world-usnje-vrv-dolge-vajeti-lonzirne-dvojne-vajeti-jpg.webp\",\"contentUrl\":\"https:\\\/\\\/clair.si\\\/wp-content\\\/uploads\\\/2023\\\/03\\\/riding-world-usnje-vrv-dolge-vajeti-lonzirne-dvojne-vajeti-jpg.webp\",\"width\":800,\"height\":800},{\"@type\":\"BreadcrumbList\",\"@id\":\"https:\\\/\\\/clair.si\\\/hr\\\/izdelek\\\/duge-lonzirne-vodilice-riding-world\\\/#breadcrumb\",\"itemListElement\":[{\"@type\":\"ListItem\",\"position\":1,\"name\":\"Home\",\"item\":\"https:\\\/\\\/clair.si\\\/hr\\\/\"},{\"@type\":\"ListItem\",\"position\":2,\"name\":\"Trgovina\",\"item\":\"https:\\\/\\\/clair.si\\\/trgovina\\\/\"},{\"@type\":\"ListItem\",\"position\":3,\"name\":\"Duge lon\u017eirne vodilice Riding World\"}]},{\"@type\":\"WebSite\",\"@id\":\"https:\\\/\\\/clair.si\\\/#website\",\"url\":\"https:\\\/\\\/clair.si\\\/\",\"name\":\"Clair\",\"description\":\"Trgovina s konjeni\u0161ko opremo\",\"publisher\":{\"@id\":\"https:\\\/\\\/clair.si\\\/#organization\"},\"potentialAction\":[{\"@type\":\"SearchAction\",\"target\":{\"@type\":\"EntryPoint\",\"urlTemplate\":\"https:\\\/\\\/clair.si\\\/?s={search_term_string}\"},\"query-input\":{\"@type\":\"PropertyValueSpecification\",\"valueRequired\":true,\"valueName\":\"search_term_string\"}}],\"inLanguage\":\"hr\"},{\"@type\":\"Organization\",\"@id\":\"https:\\\/\\\/clair.si\\\/#organization\",\"name\":\"Clair\",\"url\":\"https:\\\/\\\/clair.si\\\/\",\"logo\":{\"@type\":\"ImageObject\",\"inLanguage\":\"hr\",\"@id\":\"https:\\\/\\\/clair.si\\\/#\\\/schema\\\/logo\\\/image\\\/\",\"url\":\"https:\\\/\\\/clair.si\\\/wp-content\\\/uploads\\\/2022\\\/11\\\/clair_logo_2022.jpg\",\"contentUrl\":\"https:\\\/\\\/clair.si\\\/wp-content\\\/uploads\\\/2022\\\/11\\\/clair_logo_2022.jpg\",\"width\":1920,\"height\":1920,\"caption\":\"Clair\"},\"image\":{\"@id\":\"https:\\\/\\\/clair.si\\\/#\\\/schema\\\/logo\\\/image\\\/\"},\"sameAs\":[\"https:\\\/\\\/www.facebook.com\\\/TrgovinaClair\\\/\"]}]}<\/script>\n<!-- \/ Yoast SEO plugin. -->","yoast_head_json":{"title":"Duge lon\u017eirne vodilice Riding World - Clair","description":"Duge lon\u017eirne vodilice Riding World izra\u0111ene od bivolje ko\u017ee i u\u017eeta. Duljina: 10 m.","robots":{"index":"index","follow":"follow","max-snippet":"max-snippet:-1","max-image-preview":"max-image-preview:large","max-video-preview":"max-video-preview:-1"},"canonical":"https:\/\/clair.si\/hr\/izdelek\/duge-lonzirne-vodilice-riding-world\/","og_locale":"hr_HR","og_type":"article","og_title":"Duge lon\u017eirne vodilice Riding World - Clair","og_description":"Duge lon\u017eirne vodilice Riding World izra\u0111ene od bivolje ko\u017ee i u\u017eeta. Duljina: 10 m.","og_url":"https:\/\/clair.si\/hr\/izdelek\/duge-lonzirne-vodilice-riding-world\/","og_site_name":"Clair","article_publisher":"https:\/\/www.facebook.com\/TrgovinaClair\/","article_modified_time":"2026-04-14T09:20:38+00:00","og_image":[{"width":800,"height":800,"url":"https:\/\/clair.si\/wp-content\/uploads\/2023\/03\/riding-world-usnje-vrv-dolge-vajeti-lonzirne-dvojne-vajeti-jpg.webp","type":"image\/jpeg"}],"twitter_card":"summary_large_image","twitter_misc":{"Procijenjeno vrijeme \u010ditanja":"1 minuta"},"schema":{"@context":"https:\/\/schema.org","@graph":[{"@type":"WebPage","@id":"https:\/\/clair.si\/hr\/izdelek\/duge-lonzirne-vodilice-riding-world\/","url":"https:\/\/clair.si\/hr\/izdelek\/duge-lonzirne-vodilice-riding-world\/","name":"Duge lon\u017eirne vodilice Riding World - Clair","isPartOf":{"@id":"https:\/\/clair.si\/#website"},"primaryImageOfPage":{"@id":"https:\/\/clair.si\/hr\/izdelek\/duge-lonzirne-vodilice-riding-world\/#primaryimage"},"image":{"@id":"https:\/\/clair.si\/hr\/izdelek\/duge-lonzirne-vodilice-riding-world\/#primaryimage"},"thumbnailUrl":"https:\/\/clair.si\/wp-content\/uploads\/2023\/03\/riding-world-usnje-vrv-dolge-vajeti-lonzirne-dvojne-vajeti-jpg.webp","datePublished":"2023-03-15T09:33:47+00:00","dateModified":"2026-04-14T09:20:38+00:00","description":"Duge lon\u017eirne vodilice Riding World izra\u0111ene od bivolje ko\u017ee i u\u017eeta. Duljina: 10 m.","breadcrumb":{"@id":"https:\/\/clair.si\/hr\/izdelek\/duge-lonzirne-vodilice-riding-world\/#breadcrumb"},"inLanguage":"hr","potentialAction":[{"@type":"ReadAction","target":["https:\/\/clair.si\/hr\/izdelek\/duge-lonzirne-vodilice-riding-world\/"]}]},{"@type":"ImageObject","inLanguage":"hr","@id":"https:\/\/clair.si\/hr\/izdelek\/duge-lonzirne-vodilice-riding-world\/#primaryimage","url":"https:\/\/clair.si\/wp-content\/uploads\/2023\/03\/riding-world-usnje-vrv-dolge-vajeti-lonzirne-dvojne-vajeti-jpg.webp","contentUrl":"https:\/\/clair.si\/wp-content\/uploads\/2023\/03\/riding-world-usnje-vrv-dolge-vajeti-lonzirne-dvojne-vajeti-jpg.webp","width":800,"height":800},{"@type":"BreadcrumbList","@id":"https:\/\/clair.si\/hr\/izdelek\/duge-lonzirne-vodilice-riding-world\/#breadcrumb","itemListElement":[{"@type":"ListItem","position":1,"name":"Home","item":"https:\/\/clair.si\/hr\/"},{"@type":"ListItem","position":2,"name":"Trgovina","item":"https:\/\/clair.si\/trgovina\/"},{"@type":"ListItem","position":3,"name":"Duge lon\u017eirne vodilice Riding World"}]},{"@type":"WebSite","@id":"https:\/\/clair.si\/#website","url":"https:\/\/clair.si\/","name":"Clair","description":"Trgovina s konjeni\u0161ko opremo","publisher":{"@id":"https:\/\/clair.si\/#organization"},"potentialAction":[{"@type":"SearchAction","target":{"@type":"EntryPoint","urlTemplate":"https:\/\/clair.si\/?s={search_term_string}"},"query-input":{"@type":"PropertyValueSpecification","valueRequired":true,"valueName":"search_term_string"}}],"inLanguage":"hr"},{"@type":"Organization","@id":"https:\/\/clair.si\/#organization","name":"Clair","url":"https:\/\/clair.si\/","logo":{"@type":"ImageObject","inLanguage":"hr","@id":"https:\/\/clair.si\/#\/schema\/logo\/image\/","url":"https:\/\/clair.si\/wp-content\/uploads\/2022\/11\/clair_logo_2022.jpg","contentUrl":"https:\/\/clair.si\/wp-content\/uploads\/2022\/11\/clair_logo_2022.jpg","width":1920,"height":1920,"caption":"Clair"},"image":{"@id":"https:\/\/clair.si\/#\/schema\/logo\/image\/"},"sameAs":["https:\/\/www.facebook.com\/TrgovinaClair\/"]}]}},"_links":{"self":[{"href":"https:\/\/clair.si\/hr\/wp-json\/wp\/v2\/product\/105108","targetHints":{"allow":["GET"]}}],"collection":[{"href":"https:\/\/clair.si\/hr\/wp-json\/wp\/v2\/product"}],"about":[{"href":"https:\/\/clair.si\/hr\/wp-json\/wp\/v2\/types\/product"}],"version-history":[{"count":2,"href":"https:\/\/clair.si\/hr\/wp-json\/wp\/v2\/product\/105108\/revisions"}],"predecessor-version":[{"id":115184,"href":"https:\/\/clair.si\/hr\/wp-json\/wp\/v2\/product\/105108\/revisions\/115184"}],"wp:featuredmedia":[{"embeddable":true,"href":"https:\/\/clair.si\/hr\/wp-json\/wp\/v2\/media\/105110"}],"wp:attachment":[{"href":"https:\/\/clair.si\/hr\/wp-json\/wp\/v2\/media?parent=105108"}],"wp:term":[{"taxonomy":"product_brand","embeddable":true,"href":"https:\/\/clair.si\/hr\/wp-json\/wp\/v2\/product_brand?post=105108"},{"taxonomy":"product_cat","embeddable":true,"href":"https:\/\/clair.si\/hr\/wp-json\/wp\/v2\/product_cat?post=105108"},{"taxonomy":"product_tag","embeddable":true,"href":"https:\/\/clair.si\/hr\/wp-json\/wp\/v2\/product_tag?post=105108"}],"curies":[{"name":"wp","href":"https:\/\/api.w.org\/{rel}","templated":true}]}}