{"id":106448,"date":"2022-06-25T10:31:51","date_gmt":"2022-06-25T08:31:51","guid":{"rendered":"https:\/\/clair.si\/?post_type=product&#038;p=106448"},"modified":"2025-11-21T19:02:40","modified_gmt":"2025-11-21T18:02:40","slug":"lopatica-za-zahvacanje-1-kg","status":"publish","type":"product","link":"https:\/\/clair.si\/hr\/izdelek\/lopatica-za-zahvacanje-1-kg\/","title":{"rendered":"Lopatica za zahva\u0107anje, 1 kg"},"content":{"rendered":"<p>Bijela lopatica za zahva\u0107anje od umjetne mase, zapremine 1 L.<\/p>\n","protected":false},"excerpt":{"rendered":"<p>Bijela lopatica za zahva\u0107anje od umjetne mase, zapremine 1 L.<\/p>\n","protected":false},"featured_media":108834,"template":"","meta":{"footnotes":""},"product_brand":[],"product_cat":[5824,5627],"product_tag":[],"class_list":{"0":"post-106448","1":"product","2":"type-product","3":"status-publish","4":"has-post-thumbnail","6":"product_cat-hranilice","7":"product_cat-stala-i-pasnjak","9":"first","10":"instock","11":"shipping-taxable","12":"purchasable","13":"product-type-simple"},"yoast_head":"<!-- This site is optimized with the Yoast SEO plugin v27.3 - https:\/\/yoast.com\/product\/yoast-seo-wordpress\/ -->\n<title>Lopatica za zahva\u0107anje - Clair<\/title>\n<meta name=\"description\" content=\"Lopatica za zahva\u0107anje poma\u017ee nam pri doziranju hrane na\u0161em konju. U na\u0161oj web trgovini mo\u017eete pogledati ponudu.\" \/>\n<meta name=\"robots\" content=\"index, follow, max-snippet:-1, max-image-preview:large, max-video-preview:-1\" \/>\n<link rel=\"canonical\" href=\"https:\/\/clair.si\/izdelek\/lopatica-zajemalna\/\" \/>\n<meta property=\"og:locale\" content=\"hr_HR\" \/>\n<meta property=\"og:type\" content=\"article\" \/>\n<meta property=\"og:title\" content=\"Lopatica za zahva\u0107anje - Clair\" \/>\n<meta property=\"og:description\" content=\"Lopatica za zahva\u0107anje poma\u017ee nam pri doziranju hrane na\u0161em konju. U na\u0161oj web trgovini mo\u017eete pogledati ponudu.\" \/>\n<meta property=\"og:url\" content=\"https:\/\/clair.si\/izdelek\/lopatica-zajemalna\/\" \/>\n<meta property=\"og:site_name\" content=\"Clair\" \/>\n<meta property=\"article:publisher\" content=\"https:\/\/www.facebook.com\/TrgovinaClair\/\" \/>\n<meta property=\"article:modified_time\" content=\"2025-11-21T18:02:40+00:00\" \/>\n<meta property=\"og:image\" content=\"https:\/\/clair.si\/wp-content\/uploads\/2022\/11\/clair_logo_2022.webp\" \/>\n\t<meta property=\"og:image:width\" content=\"1920\" \/>\n\t<meta property=\"og:image:height\" content=\"1920\" \/>\n\t<meta property=\"og:image:type\" content=\"image\/jpeg\" \/>\n<meta name=\"twitter:card\" content=\"summary_large_image\" \/>\n<script type=\"application\/ld+json\" class=\"yoast-schema-graph\">{\"@context\":\"https:\\\/\\\/schema.org\",\"@graph\":[{\"@type\":\"WebPage\",\"@id\":\"https:\\\/\\\/clair.si\\\/izdelek\\\/lopatica-zajemalna\\\/\",\"url\":\"https:\\\/\\\/clair.si\\\/izdelek\\\/lopatica-zajemalna\\\/\",\"name\":\"Lopatica za zahva\u0107anje - Clair\",\"isPartOf\":{\"@id\":\"https:\\\/\\\/clair.si\\\/#website\"},\"primaryImageOfPage\":{\"@id\":\"https:\\\/\\\/clair.si\\\/izdelek\\\/lopatica-zajemalna\\\/#primaryimage\"},\"image\":{\"@id\":\"https:\\\/\\\/clair.si\\\/izdelek\\\/lopatica-zajemalna\\\/#primaryimage\"},\"thumbnailUrl\":\"https:\\\/\\\/clair.si\\\/wp-content\\\/uploads\\\/2022\\\/06\\\/1259038.webp\",\"datePublished\":\"2022-06-25T08:31:51+00:00\",\"dateModified\":\"2025-11-21T18:02:40+00:00\",\"description\":\"Lopatica za zahva\u0107anje poma\u017ee nam pri doziranju hrane na\u0161em konju. U na\u0161oj web trgovini mo\u017eete pogledati ponudu.\",\"breadcrumb\":{\"@id\":\"https:\\\/\\\/clair.si\\\/izdelek\\\/lopatica-zajemalna\\\/#breadcrumb\"},\"inLanguage\":\"hr\",\"potentialAction\":[{\"@type\":\"ReadAction\",\"target\":[\"https:\\\/\\\/clair.si\\\/izdelek\\\/lopatica-zajemalna\\\/\"]}]},{\"@type\":\"ImageObject\",\"inLanguage\":\"hr\",\"@id\":\"https:\\\/\\\/clair.si\\\/izdelek\\\/lopatica-zajemalna\\\/#primaryimage\",\"url\":\"https:\\\/\\\/clair.si\\\/wp-content\\\/uploads\\\/2022\\\/06\\\/1259038.webp\",\"contentUrl\":\"https:\\\/\\\/clair.si\\\/wp-content\\\/uploads\\\/2022\\\/06\\\/1259038.webp\",\"width\":1920,\"height\":1920,\"caption\":\"Zajemalna lopatica- 1kg\"},{\"@type\":\"BreadcrumbList\",\"@id\":\"https:\\\/\\\/clair.si\\\/izdelek\\\/lopatica-zajemalna\\\/#breadcrumb\",\"itemListElement\":[{\"@type\":\"ListItem\",\"position\":1,\"name\":\"Home\",\"item\":\"https:\\\/\\\/clair.si\\\/hr\\\/\"},{\"@type\":\"ListItem\",\"position\":2,\"name\":\"Trgovina\",\"item\":\"https:\\\/\\\/clair.si\\\/trgovina\\\/\"},{\"@type\":\"ListItem\",\"position\":3,\"name\":\"Lopatica za zahva\u0107anje, 1 kg\"}]},{\"@type\":\"WebSite\",\"@id\":\"https:\\\/\\\/clair.si\\\/#website\",\"url\":\"https:\\\/\\\/clair.si\\\/\",\"name\":\"Clair\",\"description\":\"Trgovina s konjeni\u0161ko opremo\",\"publisher\":{\"@id\":\"https:\\\/\\\/clair.si\\\/#organization\"},\"potentialAction\":[{\"@type\":\"SearchAction\",\"target\":{\"@type\":\"EntryPoint\",\"urlTemplate\":\"https:\\\/\\\/clair.si\\\/?s={search_term_string}\"},\"query-input\":{\"@type\":\"PropertyValueSpecification\",\"valueRequired\":true,\"valueName\":\"search_term_string\"}}],\"inLanguage\":\"hr\"},{\"@type\":\"Organization\",\"@id\":\"https:\\\/\\\/clair.si\\\/#organization\",\"name\":\"Clair\",\"url\":\"https:\\\/\\\/clair.si\\\/\",\"logo\":{\"@type\":\"ImageObject\",\"inLanguage\":\"hr\",\"@id\":\"https:\\\/\\\/clair.si\\\/#\\\/schema\\\/logo\\\/image\\\/\",\"url\":\"https:\\\/\\\/clair.si\\\/wp-content\\\/uploads\\\/2022\\\/11\\\/clair_logo_2022.jpg\",\"contentUrl\":\"https:\\\/\\\/clair.si\\\/wp-content\\\/uploads\\\/2022\\\/11\\\/clair_logo_2022.jpg\",\"width\":1920,\"height\":1920,\"caption\":\"Clair\"},\"image\":{\"@id\":\"https:\\\/\\\/clair.si\\\/#\\\/schema\\\/logo\\\/image\\\/\"},\"sameAs\":[\"https:\\\/\\\/www.facebook.com\\\/TrgovinaClair\\\/\"]}]}<\/script>\n<!-- \/ Yoast SEO plugin. -->","yoast_head_json":{"title":"Lopatica za zahva\u0107anje - Clair","description":"Lopatica za zahva\u0107anje poma\u017ee nam pri doziranju hrane na\u0161em konju. U na\u0161oj web trgovini mo\u017eete pogledati ponudu.","robots":{"index":"index","follow":"follow","max-snippet":"max-snippet:-1","max-image-preview":"max-image-preview:large","max-video-preview":"max-video-preview:-1"},"canonical":"https:\/\/clair.si\/izdelek\/lopatica-zajemalna\/","og_locale":"hr_HR","og_type":"article","og_title":"Lopatica za zahva\u0107anje - Clair","og_description":"Lopatica za zahva\u0107anje poma\u017ee nam pri doziranju hrane na\u0161em konju. U na\u0161oj web trgovini mo\u017eete pogledati ponudu.","og_url":"https:\/\/clair.si\/izdelek\/lopatica-zajemalna\/","og_site_name":"Clair","article_publisher":"https:\/\/www.facebook.com\/TrgovinaClair\/","article_modified_time":"2025-11-21T18:02:40+00:00","og_image":[{"width":1920,"height":1920,"url":"https:\/\/clair.si\/wp-content\/uploads\/2022\/11\/clair_logo_2022.webp","type":"image\/jpeg"}],"twitter_card":"summary_large_image","schema":{"@context":"https:\/\/schema.org","@graph":[{"@type":"WebPage","@id":"https:\/\/clair.si\/izdelek\/lopatica-zajemalna\/","url":"https:\/\/clair.si\/izdelek\/lopatica-zajemalna\/","name":"Lopatica za zahva\u0107anje - Clair","isPartOf":{"@id":"https:\/\/clair.si\/#website"},"primaryImageOfPage":{"@id":"https:\/\/clair.si\/izdelek\/lopatica-zajemalna\/#primaryimage"},"image":{"@id":"https:\/\/clair.si\/izdelek\/lopatica-zajemalna\/#primaryimage"},"thumbnailUrl":"https:\/\/clair.si\/wp-content\/uploads\/2022\/06\/1259038.webp","datePublished":"2022-06-25T08:31:51+00:00","dateModified":"2025-11-21T18:02:40+00:00","description":"Lopatica za zahva\u0107anje poma\u017ee nam pri doziranju hrane na\u0161em konju. U na\u0161oj web trgovini mo\u017eete pogledati ponudu.","breadcrumb":{"@id":"https:\/\/clair.si\/izdelek\/lopatica-zajemalna\/#breadcrumb"},"inLanguage":"hr","potentialAction":[{"@type":"ReadAction","target":["https:\/\/clair.si\/izdelek\/lopatica-zajemalna\/"]}]},{"@type":"ImageObject","inLanguage":"hr","@id":"https:\/\/clair.si\/izdelek\/lopatica-zajemalna\/#primaryimage","url":"https:\/\/clair.si\/wp-content\/uploads\/2022\/06\/1259038.webp","contentUrl":"https:\/\/clair.si\/wp-content\/uploads\/2022\/06\/1259038.webp","width":1920,"height":1920,"caption":"Zajemalna lopatica- 1kg"},{"@type":"BreadcrumbList","@id":"https:\/\/clair.si\/izdelek\/lopatica-zajemalna\/#breadcrumb","itemListElement":[{"@type":"ListItem","position":1,"name":"Home","item":"https:\/\/clair.si\/hr\/"},{"@type":"ListItem","position":2,"name":"Trgovina","item":"https:\/\/clair.si\/trgovina\/"},{"@type":"ListItem","position":3,"name":"Lopatica za zahva\u0107anje, 1 kg"}]},{"@type":"WebSite","@id":"https:\/\/clair.si\/#website","url":"https:\/\/clair.si\/","name":"Clair","description":"Trgovina s konjeni\u0161ko opremo","publisher":{"@id":"https:\/\/clair.si\/#organization"},"potentialAction":[{"@type":"SearchAction","target":{"@type":"EntryPoint","urlTemplate":"https:\/\/clair.si\/?s={search_term_string}"},"query-input":{"@type":"PropertyValueSpecification","valueRequired":true,"valueName":"search_term_string"}}],"inLanguage":"hr"},{"@type":"Organization","@id":"https:\/\/clair.si\/#organization","name":"Clair","url":"https:\/\/clair.si\/","logo":{"@type":"ImageObject","inLanguage":"hr","@id":"https:\/\/clair.si\/#\/schema\/logo\/image\/","url":"https:\/\/clair.si\/wp-content\/uploads\/2022\/11\/clair_logo_2022.jpg","contentUrl":"https:\/\/clair.si\/wp-content\/uploads\/2022\/11\/clair_logo_2022.jpg","width":1920,"height":1920,"caption":"Clair"},"image":{"@id":"https:\/\/clair.si\/#\/schema\/logo\/image\/"},"sameAs":["https:\/\/www.facebook.com\/TrgovinaClair\/"]}]}},"_links":{"self":[{"href":"https:\/\/clair.si\/hr\/wp-json\/wp\/v2\/product\/106448","targetHints":{"allow":["GET"]}}],"collection":[{"href":"https:\/\/clair.si\/hr\/wp-json\/wp\/v2\/product"}],"about":[{"href":"https:\/\/clair.si\/hr\/wp-json\/wp\/v2\/types\/product"}],"version-history":[{"count":0,"href":"https:\/\/clair.si\/hr\/wp-json\/wp\/v2\/product\/106448\/revisions"}],"wp:featuredmedia":[{"embeddable":true,"href":"https:\/\/clair.si\/hr\/wp-json\/wp\/v2\/media\/108834"}],"wp:attachment":[{"href":"https:\/\/clair.si\/hr\/wp-json\/wp\/v2\/media?parent=106448"}],"wp:term":[{"taxonomy":"product_brand","embeddable":true,"href":"https:\/\/clair.si\/hr\/wp-json\/wp\/v2\/product_brand?post=106448"},{"taxonomy":"product_cat","embeddable":true,"href":"https:\/\/clair.si\/hr\/wp-json\/wp\/v2\/product_cat?post=106448"},{"taxonomy":"product_tag","embeddable":true,"href":"https:\/\/clair.si\/hr\/wp-json\/wp\/v2\/product_tag?post=106448"}],"curies":[{"name":"wp","href":"https:\/\/api.w.org\/{rel}","templated":true}]}}