{"id":107619,"date":"2024-10-07T12:48:42","date_gmt":"2024-10-07T10:48:42","guid":{"rendered":"https:\/\/clair.si\/?post_type=product&#038;p=107619"},"modified":"2026-04-16T13:16:34","modified_gmt":"2026-04-16T11:16:34","slug":"luk-za-sedlo-wintec-bates-wide","status":"publish","type":"product","link":"https:\/\/clair.si\/hr\/izdelek\/luk-za-sedlo-wintec-bates-wide\/","title":{"rendered":"Luk za sedlo Wintec &amp; Bates WIDE"},"content":{"rendered":"<p>Ovaj model je prikladan samo za WINTEC i BATES XL sedla. Omogu\u0107uje vam da prilagodite sedlo morfologiji grebena va\u0161eg konja u samo nekoliko minuta. <\/p>\n<p>WINTEC i BATES XL\/WIDE sedla standardno su opremljena s ljubi\u010dastom \u0161ablonom veli\u010dine 2XL.<\/p>\n","protected":false},"excerpt":{"rendered":"<p>Ovaj model je prikladan samo za WINTEC i BATES XL sedla. Omogu\u0107uje vam da prilagodite sedlo morfologiji grebena va\u0161eg konja<\/p>\n","protected":false},"featured_media":110180,"template":"","meta":{"footnotes":""},"product_brand":[],"product_cat":[5942,5624,5940],"product_tag":[],"class_list":{"0":"post-107619","1":"product","2":"type-product","3":"status-publish","4":"has-post-thumbnail","6":"product_cat-dodatna-oprema-za-sedla","7":"product_cat-konj-hr","8":"product_cat-sedla-hr","10":"first","11":"instock","12":"sale","13":"shipping-taxable","14":"purchasable","15":"product-type-variable"},"yoast_head":"<!-- This site is optimized with the Yoast SEO plugin v27.4 - https:\/\/yoast.com\/product\/yoast-seo-wordpress\/ -->\n<title>Luk za sedlo Wintec &amp; Bates WIDE - Clair<\/title>\n<meta name=\"description\" content=\"Ovaj model je prikladan samo za WINTEC i BATES XL sedla. Omogu\u0107uje vam da prilagodite sedlo morfologiji grebena va\u0161eg konja u samo nekoliko minuta. WINTEC\" \/>\n<meta name=\"robots\" content=\"index, follow, max-snippet:-1, max-image-preview:large, max-video-preview:-1\" \/>\n<link rel=\"canonical\" href=\"https:\/\/clair.si\/hr\/izdelek\/luk-za-sedlo-wintec-bates-wide\/\" \/>\n<meta property=\"og:locale\" content=\"hr_HR\" \/>\n<meta property=\"og:type\" content=\"article\" \/>\n<meta property=\"og:title\" content=\"Luk za sedlo Wintec &amp; Bates WIDE - Clair\" \/>\n<meta property=\"og:description\" content=\"Ovaj model je prikladan samo za WINTEC i BATES XL sedla. Omogu\u0107uje vam da prilagodite sedlo morfologiji grebena va\u0161eg konja u samo nekoliko minuta. WINTEC\" \/>\n<meta property=\"og:url\" content=\"https:\/\/clair.si\/hr\/izdelek\/luk-za-sedlo-wintec-bates-wide\/\" \/>\n<meta property=\"og:site_name\" content=\"Clair\" \/>\n<meta property=\"article:publisher\" content=\"https:\/\/www.facebook.com\/TrgovinaClair\/\" \/>\n<meta property=\"article:modified_time\" content=\"2026-04-16T11:16:34+00:00\" \/>\n<meta property=\"og:image\" content=\"https:\/\/clair.si\/wp-content\/uploads\/2024\/10\/Untitled-design-2024-10-15T081514.720-jpg.avif\" \/>\n\t<meta property=\"og:image:width\" content=\"800\" \/>\n\t<meta property=\"og:image:height\" content=\"800\" \/>\n\t<meta property=\"og:image:type\" content=\"image\/jpeg\" \/>\n<meta name=\"twitter:card\" content=\"summary_large_image\" \/>\n<script type=\"application\/ld+json\" class=\"yoast-schema-graph\">{\"@context\":\"https:\\\/\\\/schema.org\",\"@graph\":[{\"@type\":\"WebPage\",\"@id\":\"https:\\\/\\\/clair.si\\\/hr\\\/izdelek\\\/luk-za-sedlo-wintec-bates-wide\\\/\",\"url\":\"https:\\\/\\\/clair.si\\\/hr\\\/izdelek\\\/luk-za-sedlo-wintec-bates-wide\\\/\",\"name\":\"Luk za sedlo Wintec &amp; Bates WIDE - Clair\",\"isPartOf\":{\"@id\":\"https:\\\/\\\/clair.si\\\/#website\"},\"primaryImageOfPage\":{\"@id\":\"https:\\\/\\\/clair.si\\\/hr\\\/izdelek\\\/luk-za-sedlo-wintec-bates-wide\\\/#primaryimage\"},\"image\":{\"@id\":\"https:\\\/\\\/clair.si\\\/hr\\\/izdelek\\\/luk-za-sedlo-wintec-bates-wide\\\/#primaryimage\"},\"thumbnailUrl\":\"https:\\\/\\\/clair.si\\\/wp-content\\\/uploads\\\/2024\\\/10\\\/Untitled-design-2024-10-15T081514.720-jpg.avif\",\"datePublished\":\"2024-10-07T10:48:42+00:00\",\"dateModified\":\"2026-04-16T11:16:34+00:00\",\"description\":\"Ovaj model je prikladan samo za WINTEC i BATES XL sedla. Omogu\u0107uje vam da prilagodite sedlo morfologiji grebena va\u0161eg konja u samo nekoliko minuta. WINTEC\",\"breadcrumb\":{\"@id\":\"https:\\\/\\\/clair.si\\\/hr\\\/izdelek\\\/luk-za-sedlo-wintec-bates-wide\\\/#breadcrumb\"},\"inLanguage\":\"hr\",\"potentialAction\":[{\"@type\":\"ReadAction\",\"target\":[\"https:\\\/\\\/clair.si\\\/hr\\\/izdelek\\\/luk-za-sedlo-wintec-bates-wide\\\/\"]}]},{\"@type\":\"ImageObject\",\"inLanguage\":\"hr\",\"@id\":\"https:\\\/\\\/clair.si\\\/hr\\\/izdelek\\\/luk-za-sedlo-wintec-bates-wide\\\/#primaryimage\",\"url\":\"https:\\\/\\\/clair.si\\\/wp-content\\\/uploads\\\/2024\\\/10\\\/Untitled-design-2024-10-15T081514.720-jpg.avif\",\"contentUrl\":\"https:\\\/\\\/clair.si\\\/wp-content\\\/uploads\\\/2024\\\/10\\\/Untitled-design-2024-10-15T081514.720-jpg.avif\",\"width\":800,\"height\":800},{\"@type\":\"BreadcrumbList\",\"@id\":\"https:\\\/\\\/clair.si\\\/hr\\\/izdelek\\\/luk-za-sedlo-wintec-bates-wide\\\/#breadcrumb\",\"itemListElement\":[{\"@type\":\"ListItem\",\"position\":1,\"name\":\"Home\",\"item\":\"https:\\\/\\\/clair.si\\\/hr\\\/\"},{\"@type\":\"ListItem\",\"position\":2,\"name\":\"Trgovina\",\"item\":\"https:\\\/\\\/clair.si\\\/trgovina\\\/\"},{\"@type\":\"ListItem\",\"position\":3,\"name\":\"Luk za sedlo Wintec &amp; Bates WIDE\"}]},{\"@type\":\"WebSite\",\"@id\":\"https:\\\/\\\/clair.si\\\/#website\",\"url\":\"https:\\\/\\\/clair.si\\\/\",\"name\":\"Clair\",\"description\":\"Trgovina s konjeni\u0161ko opremo\",\"publisher\":{\"@id\":\"https:\\\/\\\/clair.si\\\/#organization\"},\"potentialAction\":[{\"@type\":\"SearchAction\",\"target\":{\"@type\":\"EntryPoint\",\"urlTemplate\":\"https:\\\/\\\/clair.si\\\/?s={search_term_string}\"},\"query-input\":{\"@type\":\"PropertyValueSpecification\",\"valueRequired\":true,\"valueName\":\"search_term_string\"}}],\"inLanguage\":\"hr\"},{\"@type\":\"Organization\",\"@id\":\"https:\\\/\\\/clair.si\\\/#organization\",\"name\":\"Clair\",\"url\":\"https:\\\/\\\/clair.si\\\/\",\"logo\":{\"@type\":\"ImageObject\",\"inLanguage\":\"hr\",\"@id\":\"https:\\\/\\\/clair.si\\\/#\\\/schema\\\/logo\\\/image\\\/\",\"url\":\"https:\\\/\\\/clair.si\\\/wp-content\\\/uploads\\\/2022\\\/11\\\/clair_logo_2022.jpg\",\"contentUrl\":\"https:\\\/\\\/clair.si\\\/wp-content\\\/uploads\\\/2022\\\/11\\\/clair_logo_2022.jpg\",\"width\":1920,\"height\":1920,\"caption\":\"Clair\"},\"image\":{\"@id\":\"https:\\\/\\\/clair.si\\\/#\\\/schema\\\/logo\\\/image\\\/\"},\"sameAs\":[\"https:\\\/\\\/www.facebook.com\\\/TrgovinaClair\\\/\"]}]}<\/script>\n<!-- \/ Yoast SEO plugin. -->","yoast_head_json":{"title":"Luk za sedlo Wintec &amp; Bates WIDE - Clair","description":"Ovaj model je prikladan samo za WINTEC i BATES XL sedla. Omogu\u0107uje vam da prilagodite sedlo morfologiji grebena va\u0161eg konja u samo nekoliko minuta. WINTEC","robots":{"index":"index","follow":"follow","max-snippet":"max-snippet:-1","max-image-preview":"max-image-preview:large","max-video-preview":"max-video-preview:-1"},"canonical":"https:\/\/clair.si\/hr\/izdelek\/luk-za-sedlo-wintec-bates-wide\/","og_locale":"hr_HR","og_type":"article","og_title":"Luk za sedlo Wintec &amp; Bates WIDE - Clair","og_description":"Ovaj model je prikladan samo za WINTEC i BATES XL sedla. Omogu\u0107uje vam da prilagodite sedlo morfologiji grebena va\u0161eg konja u samo nekoliko minuta. WINTEC","og_url":"https:\/\/clair.si\/hr\/izdelek\/luk-za-sedlo-wintec-bates-wide\/","og_site_name":"Clair","article_publisher":"https:\/\/www.facebook.com\/TrgovinaClair\/","article_modified_time":"2026-04-16T11:16:34+00:00","og_image":[{"width":800,"height":800,"url":"https:\/\/clair.si\/wp-content\/uploads\/2024\/10\/Untitled-design-2024-10-15T081514.720-jpg.avif","type":"image\/jpeg"}],"twitter_card":"summary_large_image","schema":{"@context":"https:\/\/schema.org","@graph":[{"@type":"WebPage","@id":"https:\/\/clair.si\/hr\/izdelek\/luk-za-sedlo-wintec-bates-wide\/","url":"https:\/\/clair.si\/hr\/izdelek\/luk-za-sedlo-wintec-bates-wide\/","name":"Luk za sedlo Wintec &amp; Bates WIDE - Clair","isPartOf":{"@id":"https:\/\/clair.si\/#website"},"primaryImageOfPage":{"@id":"https:\/\/clair.si\/hr\/izdelek\/luk-za-sedlo-wintec-bates-wide\/#primaryimage"},"image":{"@id":"https:\/\/clair.si\/hr\/izdelek\/luk-za-sedlo-wintec-bates-wide\/#primaryimage"},"thumbnailUrl":"https:\/\/clair.si\/wp-content\/uploads\/2024\/10\/Untitled-design-2024-10-15T081514.720-jpg.avif","datePublished":"2024-10-07T10:48:42+00:00","dateModified":"2026-04-16T11:16:34+00:00","description":"Ovaj model je prikladan samo za WINTEC i BATES XL sedla. Omogu\u0107uje vam da prilagodite sedlo morfologiji grebena va\u0161eg konja u samo nekoliko minuta. WINTEC","breadcrumb":{"@id":"https:\/\/clair.si\/hr\/izdelek\/luk-za-sedlo-wintec-bates-wide\/#breadcrumb"},"inLanguage":"hr","potentialAction":[{"@type":"ReadAction","target":["https:\/\/clair.si\/hr\/izdelek\/luk-za-sedlo-wintec-bates-wide\/"]}]},{"@type":"ImageObject","inLanguage":"hr","@id":"https:\/\/clair.si\/hr\/izdelek\/luk-za-sedlo-wintec-bates-wide\/#primaryimage","url":"https:\/\/clair.si\/wp-content\/uploads\/2024\/10\/Untitled-design-2024-10-15T081514.720-jpg.avif","contentUrl":"https:\/\/clair.si\/wp-content\/uploads\/2024\/10\/Untitled-design-2024-10-15T081514.720-jpg.avif","width":800,"height":800},{"@type":"BreadcrumbList","@id":"https:\/\/clair.si\/hr\/izdelek\/luk-za-sedlo-wintec-bates-wide\/#breadcrumb","itemListElement":[{"@type":"ListItem","position":1,"name":"Home","item":"https:\/\/clair.si\/hr\/"},{"@type":"ListItem","position":2,"name":"Trgovina","item":"https:\/\/clair.si\/trgovina\/"},{"@type":"ListItem","position":3,"name":"Luk za sedlo Wintec &amp; Bates WIDE"}]},{"@type":"WebSite","@id":"https:\/\/clair.si\/#website","url":"https:\/\/clair.si\/","name":"Clair","description":"Trgovina s konjeni\u0161ko opremo","publisher":{"@id":"https:\/\/clair.si\/#organization"},"potentialAction":[{"@type":"SearchAction","target":{"@type":"EntryPoint","urlTemplate":"https:\/\/clair.si\/?s={search_term_string}"},"query-input":{"@type":"PropertyValueSpecification","valueRequired":true,"valueName":"search_term_string"}}],"inLanguage":"hr"},{"@type":"Organization","@id":"https:\/\/clair.si\/#organization","name":"Clair","url":"https:\/\/clair.si\/","logo":{"@type":"ImageObject","inLanguage":"hr","@id":"https:\/\/clair.si\/#\/schema\/logo\/image\/","url":"https:\/\/clair.si\/wp-content\/uploads\/2022\/11\/clair_logo_2022.jpg","contentUrl":"https:\/\/clair.si\/wp-content\/uploads\/2022\/11\/clair_logo_2022.jpg","width":1920,"height":1920,"caption":"Clair"},"image":{"@id":"https:\/\/clair.si\/#\/schema\/logo\/image\/"},"sameAs":["https:\/\/www.facebook.com\/TrgovinaClair\/"]}]}},"_links":{"self":[{"href":"https:\/\/clair.si\/hr\/wp-json\/wp\/v2\/product\/107619","targetHints":{"allow":["GET"]}}],"collection":[{"href":"https:\/\/clair.si\/hr\/wp-json\/wp\/v2\/product"}],"about":[{"href":"https:\/\/clair.si\/hr\/wp-json\/wp\/v2\/types\/product"}],"version-history":[{"count":2,"href":"https:\/\/clair.si\/hr\/wp-json\/wp\/v2\/product\/107619\/revisions"}],"predecessor-version":[{"id":115729,"href":"https:\/\/clair.si\/hr\/wp-json\/wp\/v2\/product\/107619\/revisions\/115729"}],"wp:featuredmedia":[{"embeddable":true,"href":"https:\/\/clair.si\/hr\/wp-json\/wp\/v2\/media\/110180"}],"wp:attachment":[{"href":"https:\/\/clair.si\/hr\/wp-json\/wp\/v2\/media?parent=107619"}],"wp:term":[{"taxonomy":"product_brand","embeddable":true,"href":"https:\/\/clair.si\/hr\/wp-json\/wp\/v2\/product_brand?post=107619"},{"taxonomy":"product_cat","embeddable":true,"href":"https:\/\/clair.si\/hr\/wp-json\/wp\/v2\/product_cat?post=107619"},{"taxonomy":"product_tag","embeddable":true,"href":"https:\/\/clair.si\/hr\/wp-json\/wp\/v2\/product_tag?post=107619"}],"curies":[{"name":"wp","href":"https:\/\/api.w.org\/{rel}","templated":true}]}}