{"id":114156,"date":"2025-09-17T13:09:48","date_gmt":"2025-09-17T11:09:48","guid":{"rendered":"https:\/\/clair.si\/izdelek\/spuzva-za-ciscenje-dlake-lami-cell\/"},"modified":"2025-09-17T13:09:48","modified_gmt":"2025-09-17T11:09:48","slug":"spuzva-za-ciscenje-dlake-lami-cell","status":"publish","type":"product","link":"https:\/\/clair.si\/hr\/izdelek\/spuzva-za-ciscenje-dlake-lami-cell\/","title":{"rendered":"Spu\u017eva za \u010di\u0161\u0107enje dlake Lami-Cell"},"content":{"rendered":"<p><strong data-start=\"224\" data-end=\"252\">Lami-Cell Shine Scrubber<\/strong> je inovativna, <strong data-start=\"268\" data-end=\"286\">ekspandiraju\u0107a<\/strong> spu\u017eva s jedinstvenom teksturom koja u\u010dinkovito podi\u017ee <strong data-start=\"337\" data-end=\"374\">prljav\u0161tinu, osu\u0161eni znoj i mrlje<\/strong> te ostavlja dlaku <strong data-start=\"391\" data-end=\"410\">\u010distom i sjajnom<\/strong>. Posebna povr\u0161ina istovremeno <strong data-start=\"436\" data-end=\"460\">nje\u017eno stimulira ko\u017eu<\/strong> i ugodna je i na osjetljivijim dijelovima (npr. glava, u\u0161i), stoga je odli\u010dna za svakodnevnu njegu ili pripremu prije natjecanja. <\/p>\n","protected":false},"excerpt":{"rendered":"<ul>\n<li>vakuumirana spu\u017eva<\/li>\n<li>ne\u0161to abrazivnija, za uklanjanje znoja i prljav\u0161tine<\/li>\n<\/ul>\n","protected":false},"featured_media":113287,"template":"","meta":{"footnotes":""},"product_brand":[],"product_cat":[5626,5630,5624,6492,5769,5628,5625,5627],"product_tag":[],"class_list":{"0":"post-114156","1":"product","2":"type-product","3":"status-publish","4":"has-post-thumbnail","6":"product_cat-cetke","7":"product_cat-cetke-hr","8":"product_cat-konj-hr","9":"product_cat-lami-cell-come-best-hr","10":"product_cat-must-have","11":"product_cat-njega-konja-hr","12":"product_cat-njega-konja","13":"product_cat-stala-i-pasnjak","15":"first","16":"instock","17":"shipping-taxable","18":"purchasable","19":"product-type-simple"},"yoast_head":"<!-- This site is optimized with the Yoast SEO plugin v27.3 - https:\/\/yoast.com\/product\/yoast-seo-wordpress\/ -->\n<title>Spu\u017eva za \u010di\u0161\u0107enje dlake Lami-Cell - Clair<\/title>\n<meta name=\"description\" content=\"vakuumirana spu\u017eva  ne\u0161to abrazivnija, za uklanjanje znoja i prljav\u0161tine\" \/>\n<meta name=\"robots\" content=\"index, follow, max-snippet:-1, max-image-preview:large, max-video-preview:-1\" \/>\n<link rel=\"canonical\" href=\"https:\/\/clair.si\/hr\/izdelek\/spuzva-za-ciscenje-dlake-lami-cell\/\" \/>\n<meta property=\"og:locale\" content=\"hr_HR\" \/>\n<meta property=\"og:type\" content=\"article\" \/>\n<meta property=\"og:title\" content=\"Spu\u017eva za \u010di\u0161\u0107enje dlake Lami-Cell - Clair\" \/>\n<meta property=\"og:description\" content=\"vakuumirana spu\u017eva  ne\u0161to abrazivnija, za uklanjanje znoja i prljav\u0161tine\" \/>\n<meta property=\"og:url\" content=\"https:\/\/clair.si\/hr\/izdelek\/spuzva-za-ciscenje-dlake-lami-cell\/\" \/>\n<meta property=\"og:site_name\" content=\"Clair\" \/>\n<meta property=\"article:publisher\" content=\"https:\/\/www.facebook.com\/TrgovinaClair\/\" \/>\n<meta property=\"og:image\" content=\"https:\/\/clair.si\/wp-content\/uploads\/2025\/09\/lami-cell-sponge-shine-scrubber-clair.webp\" \/>\n\t<meta property=\"og:image:width\" content=\"458\" \/>\n\t<meta property=\"og:image:height\" content=\"458\" \/>\n\t<meta property=\"og:image:type\" content=\"image\/jpeg\" \/>\n<meta name=\"twitter:card\" content=\"summary_large_image\" \/>\n<script type=\"application\/ld+json\" class=\"yoast-schema-graph\">{\"@context\":\"https:\\\/\\\/schema.org\",\"@graph\":[{\"@type\":\"WebPage\",\"@id\":\"https:\\\/\\\/clair.si\\\/hr\\\/izdelek\\\/spuzva-za-ciscenje-dlake-lami-cell\\\/\",\"url\":\"https:\\\/\\\/clair.si\\\/hr\\\/izdelek\\\/spuzva-za-ciscenje-dlake-lami-cell\\\/\",\"name\":\"Spu\u017eva za \u010di\u0161\u0107enje dlake Lami-Cell - Clair\",\"isPartOf\":{\"@id\":\"https:\\\/\\\/clair.si\\\/#website\"},\"primaryImageOfPage\":{\"@id\":\"https:\\\/\\\/clair.si\\\/hr\\\/izdelek\\\/spuzva-za-ciscenje-dlake-lami-cell\\\/#primaryimage\"},\"image\":{\"@id\":\"https:\\\/\\\/clair.si\\\/hr\\\/izdelek\\\/spuzva-za-ciscenje-dlake-lami-cell\\\/#primaryimage\"},\"thumbnailUrl\":\"https:\\\/\\\/clair.si\\\/wp-content\\\/uploads\\\/2025\\\/09\\\/lami-cell-sponge-shine-scrubber-clair.webp\",\"datePublished\":\"2025-09-17T11:09:48+00:00\",\"description\":\"vakuumirana spu\u017eva ne\u0161to abrazivnija, za uklanjanje znoja i prljav\u0161tine\",\"breadcrumb\":{\"@id\":\"https:\\\/\\\/clair.si\\\/hr\\\/izdelek\\\/spuzva-za-ciscenje-dlake-lami-cell\\\/#breadcrumb\"},\"inLanguage\":\"hr\",\"potentialAction\":[{\"@type\":\"ReadAction\",\"target\":[\"https:\\\/\\\/clair.si\\\/hr\\\/izdelek\\\/spuzva-za-ciscenje-dlake-lami-cell\\\/\"]}]},{\"@type\":\"ImageObject\",\"inLanguage\":\"hr\",\"@id\":\"https:\\\/\\\/clair.si\\\/hr\\\/izdelek\\\/spuzva-za-ciscenje-dlake-lami-cell\\\/#primaryimage\",\"url\":\"https:\\\/\\\/clair.si\\\/wp-content\\\/uploads\\\/2025\\\/09\\\/lami-cell-sponge-shine-scrubber-clair.webp\",\"contentUrl\":\"https:\\\/\\\/clair.si\\\/wp-content\\\/uploads\\\/2025\\\/09\\\/lami-cell-sponge-shine-scrubber-clair.webp\",\"width\":458,\"height\":458},{\"@type\":\"BreadcrumbList\",\"@id\":\"https:\\\/\\\/clair.si\\\/hr\\\/izdelek\\\/spuzva-za-ciscenje-dlake-lami-cell\\\/#breadcrumb\",\"itemListElement\":[{\"@type\":\"ListItem\",\"position\":1,\"name\":\"Home\",\"item\":\"https:\\\/\\\/clair.si\\\/hr\\\/\"},{\"@type\":\"ListItem\",\"position\":2,\"name\":\"Trgovina\",\"item\":\"https:\\\/\\\/clair.si\\\/trgovina\\\/\"},{\"@type\":\"ListItem\",\"position\":3,\"name\":\"Spu\u017eva za \u010di\u0161\u0107enje dlake Lami-Cell\"}]},{\"@type\":\"WebSite\",\"@id\":\"https:\\\/\\\/clair.si\\\/#website\",\"url\":\"https:\\\/\\\/clair.si\\\/\",\"name\":\"Clair\",\"description\":\"Trgovina s konjeni\u0161ko opremo\",\"publisher\":{\"@id\":\"https:\\\/\\\/clair.si\\\/#organization\"},\"potentialAction\":[{\"@type\":\"SearchAction\",\"target\":{\"@type\":\"EntryPoint\",\"urlTemplate\":\"https:\\\/\\\/clair.si\\\/?s={search_term_string}\"},\"query-input\":{\"@type\":\"PropertyValueSpecification\",\"valueRequired\":true,\"valueName\":\"search_term_string\"}}],\"inLanguage\":\"hr\"},{\"@type\":\"Organization\",\"@id\":\"https:\\\/\\\/clair.si\\\/#organization\",\"name\":\"Clair\",\"url\":\"https:\\\/\\\/clair.si\\\/\",\"logo\":{\"@type\":\"ImageObject\",\"inLanguage\":\"hr\",\"@id\":\"https:\\\/\\\/clair.si\\\/#\\\/schema\\\/logo\\\/image\\\/\",\"url\":\"https:\\\/\\\/clair.si\\\/wp-content\\\/uploads\\\/2022\\\/11\\\/clair_logo_2022.jpg\",\"contentUrl\":\"https:\\\/\\\/clair.si\\\/wp-content\\\/uploads\\\/2022\\\/11\\\/clair_logo_2022.jpg\",\"width\":1920,\"height\":1920,\"caption\":\"Clair\"},\"image\":{\"@id\":\"https:\\\/\\\/clair.si\\\/#\\\/schema\\\/logo\\\/image\\\/\"},\"sameAs\":[\"https:\\\/\\\/www.facebook.com\\\/TrgovinaClair\\\/\"]}]}<\/script>\n<!-- \/ Yoast SEO plugin. -->","yoast_head_json":{"title":"Spu\u017eva za \u010di\u0161\u0107enje dlake Lami-Cell - Clair","description":"vakuumirana spu\u017eva  ne\u0161to abrazivnija, za uklanjanje znoja i prljav\u0161tine","robots":{"index":"index","follow":"follow","max-snippet":"max-snippet:-1","max-image-preview":"max-image-preview:large","max-video-preview":"max-video-preview:-1"},"canonical":"https:\/\/clair.si\/hr\/izdelek\/spuzva-za-ciscenje-dlake-lami-cell\/","og_locale":"hr_HR","og_type":"article","og_title":"Spu\u017eva za \u010di\u0161\u0107enje dlake Lami-Cell - Clair","og_description":"vakuumirana spu\u017eva  ne\u0161to abrazivnija, za uklanjanje znoja i prljav\u0161tine","og_url":"https:\/\/clair.si\/hr\/izdelek\/spuzva-za-ciscenje-dlake-lami-cell\/","og_site_name":"Clair","article_publisher":"https:\/\/www.facebook.com\/TrgovinaClair\/","og_image":[{"width":458,"height":458,"url":"https:\/\/clair.si\/wp-content\/uploads\/2025\/09\/lami-cell-sponge-shine-scrubber-clair.webp","type":"image\/jpeg"}],"twitter_card":"summary_large_image","schema":{"@context":"https:\/\/schema.org","@graph":[{"@type":"WebPage","@id":"https:\/\/clair.si\/hr\/izdelek\/spuzva-za-ciscenje-dlake-lami-cell\/","url":"https:\/\/clair.si\/hr\/izdelek\/spuzva-za-ciscenje-dlake-lami-cell\/","name":"Spu\u017eva za \u010di\u0161\u0107enje dlake Lami-Cell - Clair","isPartOf":{"@id":"https:\/\/clair.si\/#website"},"primaryImageOfPage":{"@id":"https:\/\/clair.si\/hr\/izdelek\/spuzva-za-ciscenje-dlake-lami-cell\/#primaryimage"},"image":{"@id":"https:\/\/clair.si\/hr\/izdelek\/spuzva-za-ciscenje-dlake-lami-cell\/#primaryimage"},"thumbnailUrl":"https:\/\/clair.si\/wp-content\/uploads\/2025\/09\/lami-cell-sponge-shine-scrubber-clair.webp","datePublished":"2025-09-17T11:09:48+00:00","description":"vakuumirana spu\u017eva ne\u0161to abrazivnija, za uklanjanje znoja i prljav\u0161tine","breadcrumb":{"@id":"https:\/\/clair.si\/hr\/izdelek\/spuzva-za-ciscenje-dlake-lami-cell\/#breadcrumb"},"inLanguage":"hr","potentialAction":[{"@type":"ReadAction","target":["https:\/\/clair.si\/hr\/izdelek\/spuzva-za-ciscenje-dlake-lami-cell\/"]}]},{"@type":"ImageObject","inLanguage":"hr","@id":"https:\/\/clair.si\/hr\/izdelek\/spuzva-za-ciscenje-dlake-lami-cell\/#primaryimage","url":"https:\/\/clair.si\/wp-content\/uploads\/2025\/09\/lami-cell-sponge-shine-scrubber-clair.webp","contentUrl":"https:\/\/clair.si\/wp-content\/uploads\/2025\/09\/lami-cell-sponge-shine-scrubber-clair.webp","width":458,"height":458},{"@type":"BreadcrumbList","@id":"https:\/\/clair.si\/hr\/izdelek\/spuzva-za-ciscenje-dlake-lami-cell\/#breadcrumb","itemListElement":[{"@type":"ListItem","position":1,"name":"Home","item":"https:\/\/clair.si\/hr\/"},{"@type":"ListItem","position":2,"name":"Trgovina","item":"https:\/\/clair.si\/trgovina\/"},{"@type":"ListItem","position":3,"name":"Spu\u017eva za \u010di\u0161\u0107enje dlake Lami-Cell"}]},{"@type":"WebSite","@id":"https:\/\/clair.si\/#website","url":"https:\/\/clair.si\/","name":"Clair","description":"Trgovina s konjeni\u0161ko opremo","publisher":{"@id":"https:\/\/clair.si\/#organization"},"potentialAction":[{"@type":"SearchAction","target":{"@type":"EntryPoint","urlTemplate":"https:\/\/clair.si\/?s={search_term_string}"},"query-input":{"@type":"PropertyValueSpecification","valueRequired":true,"valueName":"search_term_string"}}],"inLanguage":"hr"},{"@type":"Organization","@id":"https:\/\/clair.si\/#organization","name":"Clair","url":"https:\/\/clair.si\/","logo":{"@type":"ImageObject","inLanguage":"hr","@id":"https:\/\/clair.si\/#\/schema\/logo\/image\/","url":"https:\/\/clair.si\/wp-content\/uploads\/2022\/11\/clair_logo_2022.jpg","contentUrl":"https:\/\/clair.si\/wp-content\/uploads\/2022\/11\/clair_logo_2022.jpg","width":1920,"height":1920,"caption":"Clair"},"image":{"@id":"https:\/\/clair.si\/#\/schema\/logo\/image\/"},"sameAs":["https:\/\/www.facebook.com\/TrgovinaClair\/"]}]}},"_links":{"self":[{"href":"https:\/\/clair.si\/hr\/wp-json\/wp\/v2\/product\/114156","targetHints":{"allow":["GET"]}}],"collection":[{"href":"https:\/\/clair.si\/hr\/wp-json\/wp\/v2\/product"}],"about":[{"href":"https:\/\/clair.si\/hr\/wp-json\/wp\/v2\/types\/product"}],"version-history":[{"count":1,"href":"https:\/\/clair.si\/hr\/wp-json\/wp\/v2\/product\/114156\/revisions"}],"predecessor-version":[{"id":114313,"href":"https:\/\/clair.si\/hr\/wp-json\/wp\/v2\/product\/114156\/revisions\/114313"}],"wp:featuredmedia":[{"embeddable":true,"href":"https:\/\/clair.si\/hr\/wp-json\/wp\/v2\/media\/113287"}],"wp:attachment":[{"href":"https:\/\/clair.si\/hr\/wp-json\/wp\/v2\/media?parent=114156"}],"wp:term":[{"taxonomy":"product_brand","embeddable":true,"href":"https:\/\/clair.si\/hr\/wp-json\/wp\/v2\/product_brand?post=114156"},{"taxonomy":"product_cat","embeddable":true,"href":"https:\/\/clair.si\/hr\/wp-json\/wp\/v2\/product_cat?post=114156"},{"taxonomy":"product_tag","embeddable":true,"href":"https:\/\/clair.si\/hr\/wp-json\/wp\/v2\/product_tag?post=114156"}],"curies":[{"name":"wp","href":"https:\/\/api.w.org\/{rel}","templated":true}]}}