{"id":114157,"date":"2025-09-17T11:49:17","date_gmt":"2025-09-17T09:49:17","guid":{"rendered":"https:\/\/clair.si\/izdelek\/grabilica-h-t-shark\/"},"modified":"2026-01-25T09:49:04","modified_gmt":"2026-01-25T08:49:04","slug":"grabilica-h-t-shark","status":"publish","type":"product","link":"https:\/\/clair.si\/hr\/izdelek\/grabilica-h-t-shark\/","title":{"rendered":"Grabilica H-T Shark"},"content":{"rendered":"<p><strong data-start=\"151\" data-end=\"171\">Hippotonic Shark<\/strong> je robusna grabilica pametnog dizajna za hranu koja osigurava brzo i precizno doziranje obroka. Izdu\u017eeni oblik i <strong data-start=\"306\" data-end=\"341\">nazubljeni prednji rub sa \u201czubcima\u201d<\/strong> olak\u0161avaju prodiranje kroz suhu ili mokru, \u010dak i kompaktnu ili ljepljivu hranu (npr. mash), stoga ne \u201cza\u010depljuje\u201d kantu i ravnomjernije raspore\u0111uje hranu. <\/p>\n<p><strong data-start=\"1311\" data-end=\"1327\">Zapremina:<\/strong> pribli\u017eno <strong data-start=\"1338\" data-end=\"1347\">2,7 L<\/strong><\/p>\n","protected":false},"excerpt":{"rendered":"<ul>\n<li>velika i kompaktna grabilica<\/li>\n<li>nazubljena na kraju &#8211; prikladno za mash ili \u010di\u0161\u0107enje posuda<\/li>\n<\/ul>\n","protected":false},"featured_media":113008,"template":"","meta":{"footnotes":""},"product_brand":[],"product_cat":[5756,5769,5627],"product_tag":[],"class_list":{"0":"post-114157","1":"product","2":"type-product","3":"status-publish","4":"has-post-thumbnail","6":"product_cat-dodaci-za-stalu","7":"product_cat-must-have","8":"product_cat-stala-i-pasnjak","10":"first","11":"instock","12":"sale","13":"shipping-taxable","14":"purchasable","15":"product-type-variable"},"yoast_head":"<!-- This site is optimized with the Yoast SEO plugin v27.3 - https:\/\/yoast.com\/product\/yoast-seo-wordpress\/ -->\n<title>Grabilica H-T Shark - Clair<\/title>\n<meta name=\"description\" content=\"velika i kompaktna grabilica  nazubljena na kraju - prikladno za mash ili \u010di\u0161\u0107enje posuda\" \/>\n<meta name=\"robots\" content=\"index, follow, max-snippet:-1, max-image-preview:large, max-video-preview:-1\" \/>\n<link rel=\"canonical\" href=\"https:\/\/clair.si\/hr\/izdelek\/grabilica-h-t-shark\/\" \/>\n<meta property=\"og:locale\" content=\"hr_HR\" \/>\n<meta property=\"og:type\" content=\"article\" \/>\n<meta property=\"og:title\" content=\"Grabilica H-T Shark - Clair\" \/>\n<meta property=\"og:description\" content=\"velika i kompaktna grabilica  nazubljena na kraju - prikladno za mash ili \u010di\u0161\u0107enje posuda\" \/>\n<meta property=\"og:url\" content=\"https:\/\/clair.si\/hr\/izdelek\/grabilica-h-t-shark\/\" \/>\n<meta property=\"og:site_name\" content=\"Clair\" \/>\n<meta property=\"article:publisher\" content=\"https:\/\/www.facebook.com\/TrgovinaClair\/\" \/>\n<meta property=\"article:modified_time\" content=\"2026-01-25T08:49:04+00:00\" \/>\n<meta property=\"og:image\" content=\"https:\/\/clair.si\/wp-content\/uploads\/2025\/09\/shark-vilo-clair.webp\" \/>\n\t<meta property=\"og:image:width\" content=\"800\" \/>\n\t<meta property=\"og:image:height\" content=\"800\" \/>\n\t<meta property=\"og:image:type\" content=\"image\/jpeg\" \/>\n<meta name=\"twitter:card\" content=\"summary_large_image\" \/>\n<meta name=\"twitter:label1\" content=\"Procijenjeno vrijeme \u010ditanja\" \/>\n\t<meta name=\"twitter:data1\" content=\"1 minuta\" \/>\n<script type=\"application\/ld+json\" class=\"yoast-schema-graph\">{\"@context\":\"https:\\\/\\\/schema.org\",\"@graph\":[{\"@type\":\"WebPage\",\"@id\":\"https:\\\/\\\/clair.si\\\/hr\\\/izdelek\\\/grabilica-h-t-shark\\\/\",\"url\":\"https:\\\/\\\/clair.si\\\/hr\\\/izdelek\\\/grabilica-h-t-shark\\\/\",\"name\":\"Grabilica H-T Shark - Clair\",\"isPartOf\":{\"@id\":\"https:\\\/\\\/clair.si\\\/#website\"},\"primaryImageOfPage\":{\"@id\":\"https:\\\/\\\/clair.si\\\/hr\\\/izdelek\\\/grabilica-h-t-shark\\\/#primaryimage\"},\"image\":{\"@id\":\"https:\\\/\\\/clair.si\\\/hr\\\/izdelek\\\/grabilica-h-t-shark\\\/#primaryimage\"},\"thumbnailUrl\":\"https:\\\/\\\/clair.si\\\/wp-content\\\/uploads\\\/2025\\\/09\\\/shark-vilo-clair.webp\",\"datePublished\":\"2025-09-17T09:49:17+00:00\",\"dateModified\":\"2026-01-25T08:49:04+00:00\",\"description\":\"velika i kompaktna grabilica nazubljena na kraju - prikladno za mash ili \u010di\u0161\u0107enje posuda\",\"breadcrumb\":{\"@id\":\"https:\\\/\\\/clair.si\\\/hr\\\/izdelek\\\/grabilica-h-t-shark\\\/#breadcrumb\"},\"inLanguage\":\"hr\",\"potentialAction\":[{\"@type\":\"ReadAction\",\"target\":[\"https:\\\/\\\/clair.si\\\/hr\\\/izdelek\\\/grabilica-h-t-shark\\\/\"]}]},{\"@type\":\"ImageObject\",\"inLanguage\":\"hr\",\"@id\":\"https:\\\/\\\/clair.si\\\/hr\\\/izdelek\\\/grabilica-h-t-shark\\\/#primaryimage\",\"url\":\"https:\\\/\\\/clair.si\\\/wp-content\\\/uploads\\\/2025\\\/09\\\/shark-vilo-clair.webp\",\"contentUrl\":\"https:\\\/\\\/clair.si\\\/wp-content\\\/uploads\\\/2025\\\/09\\\/shark-vilo-clair.webp\",\"width\":800,\"height\":800},{\"@type\":\"BreadcrumbList\",\"@id\":\"https:\\\/\\\/clair.si\\\/hr\\\/izdelek\\\/grabilica-h-t-shark\\\/#breadcrumb\",\"itemListElement\":[{\"@type\":\"ListItem\",\"position\":1,\"name\":\"Home\",\"item\":\"https:\\\/\\\/clair.si\\\/hr\\\/\"},{\"@type\":\"ListItem\",\"position\":2,\"name\":\"Trgovina\",\"item\":\"https:\\\/\\\/clair.si\\\/trgovina\\\/\"},{\"@type\":\"ListItem\",\"position\":3,\"name\":\"Grabilica H-T Shark\"}]},{\"@type\":\"WebSite\",\"@id\":\"https:\\\/\\\/clair.si\\\/#website\",\"url\":\"https:\\\/\\\/clair.si\\\/\",\"name\":\"Clair\",\"description\":\"Trgovina s konjeni\u0161ko opremo\",\"publisher\":{\"@id\":\"https:\\\/\\\/clair.si\\\/#organization\"},\"potentialAction\":[{\"@type\":\"SearchAction\",\"target\":{\"@type\":\"EntryPoint\",\"urlTemplate\":\"https:\\\/\\\/clair.si\\\/?s={search_term_string}\"},\"query-input\":{\"@type\":\"PropertyValueSpecification\",\"valueRequired\":true,\"valueName\":\"search_term_string\"}}],\"inLanguage\":\"hr\"},{\"@type\":\"Organization\",\"@id\":\"https:\\\/\\\/clair.si\\\/#organization\",\"name\":\"Clair\",\"url\":\"https:\\\/\\\/clair.si\\\/\",\"logo\":{\"@type\":\"ImageObject\",\"inLanguage\":\"hr\",\"@id\":\"https:\\\/\\\/clair.si\\\/#\\\/schema\\\/logo\\\/image\\\/\",\"url\":\"https:\\\/\\\/clair.si\\\/wp-content\\\/uploads\\\/2022\\\/11\\\/clair_logo_2022.jpg\",\"contentUrl\":\"https:\\\/\\\/clair.si\\\/wp-content\\\/uploads\\\/2022\\\/11\\\/clair_logo_2022.jpg\",\"width\":1920,\"height\":1920,\"caption\":\"Clair\"},\"image\":{\"@id\":\"https:\\\/\\\/clair.si\\\/#\\\/schema\\\/logo\\\/image\\\/\"},\"sameAs\":[\"https:\\\/\\\/www.facebook.com\\\/TrgovinaClair\\\/\"]}]}<\/script>\n<!-- \/ Yoast SEO plugin. -->","yoast_head_json":{"title":"Grabilica H-T Shark - Clair","description":"velika i kompaktna grabilica  nazubljena na kraju - prikladno za mash ili \u010di\u0161\u0107enje posuda","robots":{"index":"index","follow":"follow","max-snippet":"max-snippet:-1","max-image-preview":"max-image-preview:large","max-video-preview":"max-video-preview:-1"},"canonical":"https:\/\/clair.si\/hr\/izdelek\/grabilica-h-t-shark\/","og_locale":"hr_HR","og_type":"article","og_title":"Grabilica H-T Shark - Clair","og_description":"velika i kompaktna grabilica  nazubljena na kraju - prikladno za mash ili \u010di\u0161\u0107enje posuda","og_url":"https:\/\/clair.si\/hr\/izdelek\/grabilica-h-t-shark\/","og_site_name":"Clair","article_publisher":"https:\/\/www.facebook.com\/TrgovinaClair\/","article_modified_time":"2026-01-25T08:49:04+00:00","og_image":[{"width":800,"height":800,"url":"https:\/\/clair.si\/wp-content\/uploads\/2025\/09\/shark-vilo-clair.webp","type":"image\/jpeg"}],"twitter_card":"summary_large_image","twitter_misc":{"Procijenjeno vrijeme \u010ditanja":"1 minuta"},"schema":{"@context":"https:\/\/schema.org","@graph":[{"@type":"WebPage","@id":"https:\/\/clair.si\/hr\/izdelek\/grabilica-h-t-shark\/","url":"https:\/\/clair.si\/hr\/izdelek\/grabilica-h-t-shark\/","name":"Grabilica H-T Shark - Clair","isPartOf":{"@id":"https:\/\/clair.si\/#website"},"primaryImageOfPage":{"@id":"https:\/\/clair.si\/hr\/izdelek\/grabilica-h-t-shark\/#primaryimage"},"image":{"@id":"https:\/\/clair.si\/hr\/izdelek\/grabilica-h-t-shark\/#primaryimage"},"thumbnailUrl":"https:\/\/clair.si\/wp-content\/uploads\/2025\/09\/shark-vilo-clair.webp","datePublished":"2025-09-17T09:49:17+00:00","dateModified":"2026-01-25T08:49:04+00:00","description":"velika i kompaktna grabilica nazubljena na kraju - prikladno za mash ili \u010di\u0161\u0107enje posuda","breadcrumb":{"@id":"https:\/\/clair.si\/hr\/izdelek\/grabilica-h-t-shark\/#breadcrumb"},"inLanguage":"hr","potentialAction":[{"@type":"ReadAction","target":["https:\/\/clair.si\/hr\/izdelek\/grabilica-h-t-shark\/"]}]},{"@type":"ImageObject","inLanguage":"hr","@id":"https:\/\/clair.si\/hr\/izdelek\/grabilica-h-t-shark\/#primaryimage","url":"https:\/\/clair.si\/wp-content\/uploads\/2025\/09\/shark-vilo-clair.webp","contentUrl":"https:\/\/clair.si\/wp-content\/uploads\/2025\/09\/shark-vilo-clair.webp","width":800,"height":800},{"@type":"BreadcrumbList","@id":"https:\/\/clair.si\/hr\/izdelek\/grabilica-h-t-shark\/#breadcrumb","itemListElement":[{"@type":"ListItem","position":1,"name":"Home","item":"https:\/\/clair.si\/hr\/"},{"@type":"ListItem","position":2,"name":"Trgovina","item":"https:\/\/clair.si\/trgovina\/"},{"@type":"ListItem","position":3,"name":"Grabilica H-T Shark"}]},{"@type":"WebSite","@id":"https:\/\/clair.si\/#website","url":"https:\/\/clair.si\/","name":"Clair","description":"Trgovina s konjeni\u0161ko opremo","publisher":{"@id":"https:\/\/clair.si\/#organization"},"potentialAction":[{"@type":"SearchAction","target":{"@type":"EntryPoint","urlTemplate":"https:\/\/clair.si\/?s={search_term_string}"},"query-input":{"@type":"PropertyValueSpecification","valueRequired":true,"valueName":"search_term_string"}}],"inLanguage":"hr"},{"@type":"Organization","@id":"https:\/\/clair.si\/#organization","name":"Clair","url":"https:\/\/clair.si\/","logo":{"@type":"ImageObject","inLanguage":"hr","@id":"https:\/\/clair.si\/#\/schema\/logo\/image\/","url":"https:\/\/clair.si\/wp-content\/uploads\/2022\/11\/clair_logo_2022.jpg","contentUrl":"https:\/\/clair.si\/wp-content\/uploads\/2022\/11\/clair_logo_2022.jpg","width":1920,"height":1920,"caption":"Clair"},"image":{"@id":"https:\/\/clair.si\/#\/schema\/logo\/image\/"},"sameAs":["https:\/\/www.facebook.com\/TrgovinaClair\/"]}]}},"_links":{"self":[{"href":"https:\/\/clair.si\/hr\/wp-json\/wp\/v2\/product\/114157","targetHints":{"allow":["GET"]}}],"collection":[{"href":"https:\/\/clair.si\/hr\/wp-json\/wp\/v2\/product"}],"about":[{"href":"https:\/\/clair.si\/hr\/wp-json\/wp\/v2\/types\/product"}],"version-history":[{"count":4,"href":"https:\/\/clair.si\/hr\/wp-json\/wp\/v2\/product\/114157\/revisions"}],"predecessor-version":[{"id":114777,"href":"https:\/\/clair.si\/hr\/wp-json\/wp\/v2\/product\/114157\/revisions\/114777"}],"wp:featuredmedia":[{"embeddable":true,"href":"https:\/\/clair.si\/hr\/wp-json\/wp\/v2\/media\/113008"}],"wp:attachment":[{"href":"https:\/\/clair.si\/hr\/wp-json\/wp\/v2\/media?parent=114157"}],"wp:term":[{"taxonomy":"product_brand","embeddable":true,"href":"https:\/\/clair.si\/hr\/wp-json\/wp\/v2\/product_brand?post=114157"},{"taxonomy":"product_cat","embeddable":true,"href":"https:\/\/clair.si\/hr\/wp-json\/wp\/v2\/product_cat?post=114157"},{"taxonomy":"product_tag","embeddable":true,"href":"https:\/\/clair.si\/hr\/wp-json\/wp\/v2\/product_tag?post=114157"}],"curies":[{"name":"wp","href":"https:\/\/api.w.org\/{rel}","templated":true}]}}