{"id":114161,"date":"2025-09-17T13:20:57","date_gmt":"2025-09-17T11:20:57","guid":{"rendered":"https:\/\/clair.si\/izdelek\/naf-naturalintx-equicleanse\/"},"modified":"2025-09-17T13:20:57","modified_gmt":"2025-09-17T11:20:57","slug":"naf-naturalintx-equicleanse","status":"publish","type":"product","link":"https:\/\/clair.si\/hr\/izdelek\/naf-naturalintx-equicleanse\/","title":{"rendered":"NAF Naturalintx EquiCleanse"},"content":{"rendered":"<p data-start=\"243\" data-end=\"693\">NAF Naturalintx EquiCleanse je prakti\u010dna teku\u0107ina za prvu pomo\u0107 za nje\u017eno, ali <strong>temeljito \u010di\u0161\u0107enje manjih rana i ogrebotina te osjetljivih podru\u010dja ko\u017ee<\/strong>. Mo\u017ee se koristiti nerazrije\u0111ena ili razrije\u0111ena vodom, stoga je izvrsna za brzo ispiranje, pripremu ko\u017ee prije daljnje njege i odr\u017eavanje visoke razine higijene u svakodnevnoj rutini. Formula se temelji na <strong>2 % ekstrakta sjemenki grejpa<\/strong> (Grapefruit Seed Extract), koji poma\u017ee u odr\u017eavanju urednog okoli\u0161a na ko\u017ei.  <\/p>\n<p data-start=\"695\" data-end=\"1223\">Za razrije\u0111enu uporabu pomije\u0161ajte pribli\u017eno 75 ml EquiCleanse s 1 litrom \u010diste vode i nje\u017eno o\u010distite zahva\u0107eno podru\u010dje vatom ili gazom; po potrebi mo\u017eete koristiti proizvod i nerazrije\u0111en za temeljitije to\u010dkasto \u010di\u0161\u0107enje. Nakon \u010di\u0161\u0107enja po potrebi nanesite odabranu kremu ili za\u0161titni omot i zamotajte podru\u010dje. Proizvod je namijenjen samo za vanjsku uporabu kod \u017eivotinja. Izbjegavajte kontakt s o\u010dima i sluznicama; ako do\u0111e do iritacije, prekinite uporabu i posavjetujte se s veterinarom. \u010cuvati \u010dvrsto zatvoreno, na suhom i hladnom mjestu, izvan dohvata djece.    <\/p>\n","protected":false},"excerpt":{"rendered":"<ul>\n<li>sredstvo za \u010di\u0161\u0107enje rana<\/li>\n<li>mo\u017ee se koristiti kakav jest ili razrije\u0111en<\/li>\n<li>prikladno i za pripremu rana prije pru\u017eanja prve pomo\u0107i<\/li>\n<\/ul>\n","protected":false},"featured_media":113294,"template":"","meta":{"footnotes":""},"product_brand":[],"product_cat":[5624,5677,5769,5628,5625,5714,5627,5680],"product_tag":[],"class_list":{"0":"post-114161","1":"product","2":"type-product","3":"status-publish","4":"has-post-thumbnail","6":"product_cat-konj-hr","7":"product_cat-kozmetika-za-konje-hr-2","8":"product_cat-must-have","9":"product_cat-njega-konja-hr","10":"product_cat-njega-konja","11":"product_cat-samponi-i-sapuni","12":"product_cat-stala-i-pasnjak","13":"product_cat-zdravlje-i-dobrobit","15":"first","16":"instock","17":"shipping-taxable","18":"purchasable","19":"product-type-simple"},"yoast_head":"<!-- This site is optimized with the Yoast SEO plugin v27.3 - https:\/\/yoast.com\/product\/yoast-seo-wordpress\/ -->\n<title>NAF Naturalintx EquiCleanse - Clair<\/title>\n<meta name=\"description\" content=\"sredstvo za \u010di\u0161\u0107enje rana  mo\u017ee se koristiti kakav jest ili razrije\u0111en  prikladno i za pripremu rana prije pru\u017eanja prve pomo\u0107i\" \/>\n<meta name=\"robots\" content=\"index, follow, max-snippet:-1, max-image-preview:large, max-video-preview:-1\" \/>\n<link rel=\"canonical\" href=\"https:\/\/clair.si\/hr\/izdelek\/naf-naturalintx-equicleanse\/\" \/>\n<meta property=\"og:locale\" content=\"hr_HR\" \/>\n<meta property=\"og:type\" content=\"article\" \/>\n<meta property=\"og:title\" content=\"NAF Naturalintx EquiCleanse - Clair\" \/>\n<meta property=\"og:description\" content=\"sredstvo za \u010di\u0161\u0107enje rana  mo\u017ee se koristiti kakav jest ili razrije\u0111en  prikladno i za pripremu rana prije pru\u017eanja prve pomo\u0107i\" \/>\n<meta property=\"og:url\" content=\"https:\/\/clair.si\/hr\/izdelek\/naf-naturalintx-equicleanse\/\" \/>\n<meta property=\"og:site_name\" content=\"Clair\" \/>\n<meta property=\"article:publisher\" content=\"https:\/\/www.facebook.com\/TrgovinaClair\/\" \/>\n<meta property=\"og:image\" content=\"https:\/\/clair.si\/wp-content\/uploads\/2025\/09\/equi-cleanse-clair.webp\" \/>\n\t<meta property=\"og:image:width\" content=\"458\" \/>\n\t<meta property=\"og:image:height\" content=\"458\" \/>\n\t<meta property=\"og:image:type\" content=\"image\/jpeg\" \/>\n<meta name=\"twitter:card\" content=\"summary_large_image\" \/>\n<meta name=\"twitter:label1\" content=\"Procijenjeno vrijeme \u010ditanja\" \/>\n\t<meta name=\"twitter:data1\" content=\"1 minuta\" \/>\n<script type=\"application\/ld+json\" class=\"yoast-schema-graph\">{\"@context\":\"https:\\\/\\\/schema.org\",\"@graph\":[{\"@type\":\"WebPage\",\"@id\":\"https:\\\/\\\/clair.si\\\/hr\\\/izdelek\\\/naf-naturalintx-equicleanse\\\/\",\"url\":\"https:\\\/\\\/clair.si\\\/hr\\\/izdelek\\\/naf-naturalintx-equicleanse\\\/\",\"name\":\"NAF Naturalintx EquiCleanse - Clair\",\"isPartOf\":{\"@id\":\"https:\\\/\\\/clair.si\\\/#website\"},\"primaryImageOfPage\":{\"@id\":\"https:\\\/\\\/clair.si\\\/hr\\\/izdelek\\\/naf-naturalintx-equicleanse\\\/#primaryimage\"},\"image\":{\"@id\":\"https:\\\/\\\/clair.si\\\/hr\\\/izdelek\\\/naf-naturalintx-equicleanse\\\/#primaryimage\"},\"thumbnailUrl\":\"https:\\\/\\\/clair.si\\\/wp-content\\\/uploads\\\/2025\\\/09\\\/equi-cleanse-clair.webp\",\"datePublished\":\"2025-09-17T11:20:57+00:00\",\"description\":\"sredstvo za \u010di\u0161\u0107enje rana mo\u017ee se koristiti kakav jest ili razrije\u0111en prikladno i za pripremu rana prije pru\u017eanja prve pomo\u0107i\",\"breadcrumb\":{\"@id\":\"https:\\\/\\\/clair.si\\\/hr\\\/izdelek\\\/naf-naturalintx-equicleanse\\\/#breadcrumb\"},\"inLanguage\":\"hr\",\"potentialAction\":[{\"@type\":\"ReadAction\",\"target\":[\"https:\\\/\\\/clair.si\\\/hr\\\/izdelek\\\/naf-naturalintx-equicleanse\\\/\"]}]},{\"@type\":\"ImageObject\",\"inLanguage\":\"hr\",\"@id\":\"https:\\\/\\\/clair.si\\\/hr\\\/izdelek\\\/naf-naturalintx-equicleanse\\\/#primaryimage\",\"url\":\"https:\\\/\\\/clair.si\\\/wp-content\\\/uploads\\\/2025\\\/09\\\/equi-cleanse-clair.webp\",\"contentUrl\":\"https:\\\/\\\/clair.si\\\/wp-content\\\/uploads\\\/2025\\\/09\\\/equi-cleanse-clair.webp\",\"width\":458,\"height\":458},{\"@type\":\"BreadcrumbList\",\"@id\":\"https:\\\/\\\/clair.si\\\/hr\\\/izdelek\\\/naf-naturalintx-equicleanse\\\/#breadcrumb\",\"itemListElement\":[{\"@type\":\"ListItem\",\"position\":1,\"name\":\"Home\",\"item\":\"https:\\\/\\\/clair.si\\\/hr\\\/\"},{\"@type\":\"ListItem\",\"position\":2,\"name\":\"Trgovina\",\"item\":\"https:\\\/\\\/clair.si\\\/trgovina\\\/\"},{\"@type\":\"ListItem\",\"position\":3,\"name\":\"NAF Naturalintx EquiCleanse\"}]},{\"@type\":\"WebSite\",\"@id\":\"https:\\\/\\\/clair.si\\\/#website\",\"url\":\"https:\\\/\\\/clair.si\\\/\",\"name\":\"Clair\",\"description\":\"Trgovina s konjeni\u0161ko opremo\",\"publisher\":{\"@id\":\"https:\\\/\\\/clair.si\\\/#organization\"},\"potentialAction\":[{\"@type\":\"SearchAction\",\"target\":{\"@type\":\"EntryPoint\",\"urlTemplate\":\"https:\\\/\\\/clair.si\\\/?s={search_term_string}\"},\"query-input\":{\"@type\":\"PropertyValueSpecification\",\"valueRequired\":true,\"valueName\":\"search_term_string\"}}],\"inLanguage\":\"hr\"},{\"@type\":\"Organization\",\"@id\":\"https:\\\/\\\/clair.si\\\/#organization\",\"name\":\"Clair\",\"url\":\"https:\\\/\\\/clair.si\\\/\",\"logo\":{\"@type\":\"ImageObject\",\"inLanguage\":\"hr\",\"@id\":\"https:\\\/\\\/clair.si\\\/#\\\/schema\\\/logo\\\/image\\\/\",\"url\":\"https:\\\/\\\/clair.si\\\/wp-content\\\/uploads\\\/2022\\\/11\\\/clair_logo_2022.jpg\",\"contentUrl\":\"https:\\\/\\\/clair.si\\\/wp-content\\\/uploads\\\/2022\\\/11\\\/clair_logo_2022.jpg\",\"width\":1920,\"height\":1920,\"caption\":\"Clair\"},\"image\":{\"@id\":\"https:\\\/\\\/clair.si\\\/#\\\/schema\\\/logo\\\/image\\\/\"},\"sameAs\":[\"https:\\\/\\\/www.facebook.com\\\/TrgovinaClair\\\/\"]}]}<\/script>\n<!-- \/ Yoast SEO plugin. -->","yoast_head_json":{"title":"NAF Naturalintx EquiCleanse - Clair","description":"sredstvo za \u010di\u0161\u0107enje rana  mo\u017ee se koristiti kakav jest ili razrije\u0111en  prikladno i za pripremu rana prije pru\u017eanja prve pomo\u0107i","robots":{"index":"index","follow":"follow","max-snippet":"max-snippet:-1","max-image-preview":"max-image-preview:large","max-video-preview":"max-video-preview:-1"},"canonical":"https:\/\/clair.si\/hr\/izdelek\/naf-naturalintx-equicleanse\/","og_locale":"hr_HR","og_type":"article","og_title":"NAF Naturalintx EquiCleanse - Clair","og_description":"sredstvo za \u010di\u0161\u0107enje rana  mo\u017ee se koristiti kakav jest ili razrije\u0111en  prikladno i za pripremu rana prije pru\u017eanja prve pomo\u0107i","og_url":"https:\/\/clair.si\/hr\/izdelek\/naf-naturalintx-equicleanse\/","og_site_name":"Clair","article_publisher":"https:\/\/www.facebook.com\/TrgovinaClair\/","og_image":[{"width":458,"height":458,"url":"https:\/\/clair.si\/wp-content\/uploads\/2025\/09\/equi-cleanse-clair.webp","type":"image\/jpeg"}],"twitter_card":"summary_large_image","twitter_misc":{"Procijenjeno vrijeme \u010ditanja":"1 minuta"},"schema":{"@context":"https:\/\/schema.org","@graph":[{"@type":"WebPage","@id":"https:\/\/clair.si\/hr\/izdelek\/naf-naturalintx-equicleanse\/","url":"https:\/\/clair.si\/hr\/izdelek\/naf-naturalintx-equicleanse\/","name":"NAF Naturalintx EquiCleanse - Clair","isPartOf":{"@id":"https:\/\/clair.si\/#website"},"primaryImageOfPage":{"@id":"https:\/\/clair.si\/hr\/izdelek\/naf-naturalintx-equicleanse\/#primaryimage"},"image":{"@id":"https:\/\/clair.si\/hr\/izdelek\/naf-naturalintx-equicleanse\/#primaryimage"},"thumbnailUrl":"https:\/\/clair.si\/wp-content\/uploads\/2025\/09\/equi-cleanse-clair.webp","datePublished":"2025-09-17T11:20:57+00:00","description":"sredstvo za \u010di\u0161\u0107enje rana mo\u017ee se koristiti kakav jest ili razrije\u0111en prikladno i za pripremu rana prije pru\u017eanja prve pomo\u0107i","breadcrumb":{"@id":"https:\/\/clair.si\/hr\/izdelek\/naf-naturalintx-equicleanse\/#breadcrumb"},"inLanguage":"hr","potentialAction":[{"@type":"ReadAction","target":["https:\/\/clair.si\/hr\/izdelek\/naf-naturalintx-equicleanse\/"]}]},{"@type":"ImageObject","inLanguage":"hr","@id":"https:\/\/clair.si\/hr\/izdelek\/naf-naturalintx-equicleanse\/#primaryimage","url":"https:\/\/clair.si\/wp-content\/uploads\/2025\/09\/equi-cleanse-clair.webp","contentUrl":"https:\/\/clair.si\/wp-content\/uploads\/2025\/09\/equi-cleanse-clair.webp","width":458,"height":458},{"@type":"BreadcrumbList","@id":"https:\/\/clair.si\/hr\/izdelek\/naf-naturalintx-equicleanse\/#breadcrumb","itemListElement":[{"@type":"ListItem","position":1,"name":"Home","item":"https:\/\/clair.si\/hr\/"},{"@type":"ListItem","position":2,"name":"Trgovina","item":"https:\/\/clair.si\/trgovina\/"},{"@type":"ListItem","position":3,"name":"NAF Naturalintx EquiCleanse"}]},{"@type":"WebSite","@id":"https:\/\/clair.si\/#website","url":"https:\/\/clair.si\/","name":"Clair","description":"Trgovina s konjeni\u0161ko opremo","publisher":{"@id":"https:\/\/clair.si\/#organization"},"potentialAction":[{"@type":"SearchAction","target":{"@type":"EntryPoint","urlTemplate":"https:\/\/clair.si\/?s={search_term_string}"},"query-input":{"@type":"PropertyValueSpecification","valueRequired":true,"valueName":"search_term_string"}}],"inLanguage":"hr"},{"@type":"Organization","@id":"https:\/\/clair.si\/#organization","name":"Clair","url":"https:\/\/clair.si\/","logo":{"@type":"ImageObject","inLanguage":"hr","@id":"https:\/\/clair.si\/#\/schema\/logo\/image\/","url":"https:\/\/clair.si\/wp-content\/uploads\/2022\/11\/clair_logo_2022.jpg","contentUrl":"https:\/\/clair.si\/wp-content\/uploads\/2022\/11\/clair_logo_2022.jpg","width":1920,"height":1920,"caption":"Clair"},"image":{"@id":"https:\/\/clair.si\/#\/schema\/logo\/image\/"},"sameAs":["https:\/\/www.facebook.com\/TrgovinaClair\/"]}]}},"_links":{"self":[{"href":"https:\/\/clair.si\/hr\/wp-json\/wp\/v2\/product\/114161","targetHints":{"allow":["GET"]}}],"collection":[{"href":"https:\/\/clair.si\/hr\/wp-json\/wp\/v2\/product"}],"about":[{"href":"https:\/\/clair.si\/hr\/wp-json\/wp\/v2\/types\/product"}],"version-history":[{"count":0,"href":"https:\/\/clair.si\/hr\/wp-json\/wp\/v2\/product\/114161\/revisions"}],"wp:featuredmedia":[{"embeddable":true,"href":"https:\/\/clair.si\/hr\/wp-json\/wp\/v2\/media\/113294"}],"wp:attachment":[{"href":"https:\/\/clair.si\/hr\/wp-json\/wp\/v2\/media?parent=114161"}],"wp:term":[{"taxonomy":"product_brand","embeddable":true,"href":"https:\/\/clair.si\/hr\/wp-json\/wp\/v2\/product_brand?post=114161"},{"taxonomy":"product_cat","embeddable":true,"href":"https:\/\/clair.si\/hr\/wp-json\/wp\/v2\/product_cat?post=114161"},{"taxonomy":"product_tag","embeddable":true,"href":"https:\/\/clair.si\/hr\/wp-json\/wp\/v2\/product_tag?post=114161"}],"curies":[{"name":"wp","href":"https:\/\/api.w.org\/{rel}","templated":true}]}}