{"id":114184,"date":"2025-09-16T11:10:39","date_gmt":"2025-09-16T09:10:39","guid":{"rendered":"https:\/\/clair.si\/izdelek\/cavalor-strucomix-senior\/"},"modified":"2025-09-16T11:10:39","modified_gmt":"2025-09-16T09:10:39","slug":"cavalor-strucomix-senior","status":"publish","type":"product","link":"https:\/\/clair.si\/hr\/izdelek\/cavalor-strucomix-senior\/","title":{"rendered":"Cavalor Strucomix Senior"},"content":{"rendered":"<h3 data-start=\"0\" data-end=\"58\">Cavalor Strucomix Senior \u2013 hrana za starije konje<\/h3>\n<p data-start=\"0\" data-end=\"58\">Cavalor Strucomix Senior je vlaknasta mje\u0161avina m\u00fcslija, dizajnirana posebno za starije konje. Sadr\u017ei duga vlakna lucerne koja poti\u010du \u017evakanje, probavu i dobro funkcioniranje crijeva. Dodani su pre- i probiotici za zdravu crijevnu floru i sna\u017ean imunolo\u0161ki sustav. Bez zobi, s napuhanim \u017eitaricama za lak\u0161u probavljivost. Vi\u0161i udio proteina poma\u017ee u odr\u017eavanju mi\u0161i\u0107ne mase i tjelesne kondicije i kod starijih konja.    <\/p>\n<h3 data-start=\"552\" data-end=\"573\">Glavne prednosti:<\/h3>\n<ul data-start=\"574\" data-end=\"949\">\n<li data-start=\"574\" data-end=\"625\">\n<p data-start=\"576\" data-end=\"625\">\u2714 <strong data-start=\"578\" data-end=\"605\">Visok udio vlakana<\/strong> za zdravu probavu<\/p>\n<\/li>\n<li data-start=\"626\" data-end=\"680\">\n<p data-start=\"628\" data-end=\"680\">\u2714 <strong data-start=\"630\" data-end=\"643\">Bez zobi<\/strong> \u2013 stabilna energija bez vi\u0161ka<\/p>\n<\/li>\n<li data-start=\"681\" data-end=\"740\">\n<p data-start=\"683\" data-end=\"740\">\u2714 <strong data-start=\"685\" data-end=\"707\">Pre- i probiotici<\/strong> za crijevnu floru i otpornost<\/p>\n<\/li>\n<li data-start=\"741\" data-end=\"807\">\n<p data-start=\"743\" data-end=\"807\">\u2714 <strong data-start=\"745\" data-end=\"777\">Napuhnute i pahulji\u010daste \u017eitarice<\/strong> za bolju apsorpciju hranjivih tvari<\/p>\n<\/li>\n<li data-start=\"808\" data-end=\"878\">\n<p data-start=\"810\" data-end=\"878\">\u2714 <strong data-start=\"812\" data-end=\"835\">Dodatni proteini<\/strong> za o\u010duvanje mi\u0161i\u0107a kod starijih konja<\/p>\n<\/li>\n<li data-start=\"879\" data-end=\"949\">\n<p data-start=\"881\" data-end=\"949\">\u2714 <strong data-start=\"883\" data-end=\"919\">Ukusni komadi\u0107i mrkve i lucerne<\/strong> poti\u010du prirodno \u017evakanje<\/p>\n<\/li>\n<\/ul>\n<h3 data-start=\"956\" data-end=\"968\">Sastav:<\/h3>\n<ul data-start=\"969\" data-end=\"1360\">\n<li data-start=\"969\" data-end=\"1067\">\n<p data-start=\"971\" data-end=\"1067\">P\u0161eni\u010dne mekinje, je\u010dmene pahuljice, lanene ljuske, napuhani kukuruz, pir, napuhana p\u0161enica<\/p>\n<\/li>\n<li data-start=\"1068\" data-end=\"1128\">\n<p data-start=\"1070\" data-end=\"1128\">Sojino bra\u0161no, lucerna (pelete i stabljike), mrkva u komadima<\/p>\n<\/li>\n<li data-start=\"1129\" data-end=\"1184\">\n<p data-start=\"1131\" data-end=\"1184\">Uljarice (suncokret, uljana repica, lan), sojino ulje<\/p>\n<\/li>\n<li data-start=\"1185\" data-end=\"1262\">\n<p data-start=\"1187\" data-end=\"1262\">\u0160e\u0107erna repa (melasa), \u010de\u0161njak (aroma), frukto-oligosaharidi (prebiotici)<\/p>\n<\/li>\n<li data-start=\"1263\" data-end=\"1360\">\n<p data-start=\"1265\" data-end=\"1360\">Mineralne komponente: kalcijev karbonat, natrijev klorid<\/p>\n<\/li>\n<\/ul>\n<h3 data-start=\"1367\" data-end=\"1391\">Analiti\u010dki sastojci:<\/h3>\n<ul data-start=\"1392\" data-end=\"1659\">\n<li data-start=\"1392\" data-end=\"1424\">\n<p data-start=\"1394\" data-end=\"1424\">Sirove bjelan\u010devine: <strong data-start=\"1414\" data-end=\"1422\">14 %<\/strong><\/p>\n<\/li>\n<li data-start=\"1425\" data-end=\"1454\">\n<p data-start=\"1427\" data-end=\"1454\">Sirova vlaknina: <strong data-start=\"1444\" data-end=\"1452\">11 %<\/strong><\/p>\n<\/li>\n<li data-start=\"1455\" data-end=\"1475\">\n<p data-start=\"1457\" data-end=\"1475\">Masti: <strong data-start=\"1466\" data-end=\"1473\">5 %<\/strong><\/p>\n<\/li>\n<li data-start=\"1476\" data-end=\"1494\">\n<p data-start=\"1478\" data-end=\"1494\">Pepeo: <strong data-start=\"1485\" data-end=\"1492\">8 %<\/strong><\/p>\n<\/li>\n<li data-start=\"1495\" data-end=\"1515\">\n<p data-start=\"1497\" data-end=\"1515\">\u0160e\u0107er: <strong data-start=\"1506\" data-end=\"1513\">5 %<\/strong><\/p>\n<\/li>\n<li data-start=\"1516\" data-end=\"1535\">\n<p data-start=\"1518\" data-end=\"1535\">\u0160krob: <strong data-start=\"1525\" data-end=\"1533\">27 %<\/strong><\/p>\n<\/li>\n<li data-start=\"1536\" data-end=\"1659\">\n<p data-start=\"1538\" data-end=\"1659\">Kalcij: <strong data-start=\"1546\" data-end=\"1555\">1,1 %<\/strong> | Fosfor: <strong data-start=\"1566\" data-end=\"1576\">0,65 %<\/strong> | Magnezij: <strong data-start=\"1589\" data-end=\"1599\">0,35 %<\/strong> | Natrij: <strong data-start=\"1610\" data-end=\"1620\">0,25 %<\/strong><\/p>\n<\/li>\n<\/ul>\n<h3 data-start=\"1666\" data-end=\"1692\">Upute za hranjenje:<\/h3>\n<ul data-start=\"1693\" data-end=\"1994\">\n<li data-start=\"1693\" data-end=\"1772\">\n<p data-start=\"1695\" data-end=\"1772\"><strong data-start=\"1695\" data-end=\"1720\">Preporu\u010dena koli\u010dina:<\/strong> 450 g \u2013 750 g na 100 kg tjelesne te\u017eine konja na dan<\/p>\n<\/li>\n<li data-start=\"1773\" data-end=\"1823\">\n<p data-start=\"1775\" data-end=\"1823\">Za konja te\u0161kog 600 kg: <strong data-start=\"1800\" data-end=\"1821\">2,7\u20134,5 kg dnevno<\/strong><\/p>\n<\/li>\n<li data-start=\"1824\" data-end=\"1900\">\n<p data-start=\"1826\" data-end=\"1900\">Podijelite na vi\u0161e manjih obroka i ponudite <strong data-start=\"1871\" data-end=\"1898\">nakon osnovnog obroka sijena<\/strong><\/p>\n<\/li>\n<li data-start=\"1901\" data-end=\"1994\">\n<p data-start=\"1903\" data-end=\"1994\">Uvijek osigurajte <strong data-start=\"1920\" data-end=\"1955\">dovoljno sijena i svje\u017ee pitke vode<\/strong><\/p>\n<\/li>\n<\/ul>\n","protected":false},"excerpt":{"rendered":"<h3 data-start=\"2001\" data-end=\"2044\">Za\u0161to odabrati Cavalor Strucomix Senior?<\/h3>\n<p data-start=\"2045\" data-end=\"2267\">\u2705 Posebno prilago\u0111en potrebama starijih konja<br data-start=\"2089\" data-end=\"2092\">\u2705 Poma\u017ee u odr\u017eavanju zdrave probave, kondicije i otpornosti<br data-start=\"2149\" data-end=\"2152\">\u2705 Odli\u010dan okus s prirodnim sastojcima (mrkva, lucerna)<br data-start=\"2209\" data-end=\"2212\">\u2705 Bez zobi \u2013 mirnija energija, manje probavnih problema<\/p>\n","protected":false},"featured_media":110094,"template":"","meta":{"footnotes":""},"product_brand":[],"product_cat":[5711,5624,5710,5627],"product_tag":[],"class_list":{"0":"post-114184","1":"product","2":"type-product","3":"status-publish","4":"has-post-thumbnail","6":"product_cat-hrana-i-prehrambeni-dodaci-cavalor","7":"product_cat-konj-hr","8":"product_cat-hrana-za-konje-hr","9":"product_cat-stala-i-pasnjak","11":"first","12":"instock","13":"shipping-taxable","14":"purchasable","15":"product-type-simple"},"yoast_head":"<!-- This site is optimized with the Yoast SEO plugin v27.3 - https:\/\/yoast.com\/product\/yoast-seo-wordpress\/ -->\n<title>Cavalor Strucomix Senior - Clair<\/title>\n<meta name=\"description\" content=\"Za\u0161to odabrati Cavalor Strucomix Senior? \u2705 Posebno prilago\u0111en potrebama starijih konja\u2705 Poma\u017ee u odr\u017eavanju zdrave probave, kondicije i otpornosti\u2705 Odli\u010dan okus s prirodnim sastojcima (mrkva, lucerna)\u2705 Bez zobi \u2013 mirnija energija, manje probavnih problema\" \/>\n<meta name=\"robots\" content=\"index, follow, max-snippet:-1, max-image-preview:large, max-video-preview:-1\" \/>\n<link rel=\"canonical\" href=\"https:\/\/clair.si\/hr\/izdelek\/cavalor-strucomix-senior\/\" \/>\n<meta property=\"og:locale\" content=\"hr_HR\" \/>\n<meta property=\"og:type\" content=\"article\" \/>\n<meta property=\"og:title\" content=\"Cavalor Strucomix Senior - Clair\" \/>\n<meta property=\"og:description\" content=\"Za\u0161to odabrati Cavalor Strucomix Senior? \u2705 Posebno prilago\u0111en potrebama starijih konja\u2705 Poma\u017ee u odr\u017eavanju zdrave probave, kondicije i otpornosti\u2705 Odli\u010dan okus s prirodnim sastojcima (mrkva, lucerna)\u2705 Bez zobi \u2013 mirnija energija, manje probavnih problema\" \/>\n<meta property=\"og:url\" content=\"https:\/\/clair.si\/hr\/izdelek\/cavalor-strucomix-senior\/\" \/>\n<meta property=\"og:site_name\" content=\"Clair\" \/>\n<meta property=\"article:publisher\" content=\"https:\/\/www.facebook.com\/TrgovinaClair\/\" \/>\n<meta property=\"og:image\" content=\"https:\/\/clair.si\/wp-content\/uploads\/2025\/09\/senior-strucomix-clair-cavalor.webp\" \/>\n\t<meta property=\"og:image:width\" content=\"2048\" \/>\n\t<meta property=\"og:image:height\" content=\"1580\" \/>\n\t<meta property=\"og:image:type\" content=\"image\/webp\" \/>\n<meta name=\"twitter:card\" content=\"summary_large_image\" \/>\n<meta name=\"twitter:label1\" content=\"Procijenjeno vrijeme \u010ditanja\" \/>\n\t<meta name=\"twitter:data1\" content=\"1 minuta\" \/>\n<script type=\"application\/ld+json\" class=\"yoast-schema-graph\">{\"@context\":\"https:\\\/\\\/schema.org\",\"@graph\":[{\"@type\":\"WebPage\",\"@id\":\"https:\\\/\\\/clair.si\\\/hr\\\/izdelek\\\/cavalor-strucomix-senior\\\/\",\"url\":\"https:\\\/\\\/clair.si\\\/hr\\\/izdelek\\\/cavalor-strucomix-senior\\\/\",\"name\":\"Cavalor Strucomix Senior - Clair\",\"isPartOf\":{\"@id\":\"https:\\\/\\\/clair.si\\\/#website\"},\"primaryImageOfPage\":{\"@id\":\"https:\\\/\\\/clair.si\\\/hr\\\/izdelek\\\/cavalor-strucomix-senior\\\/#primaryimage\"},\"image\":{\"@id\":\"https:\\\/\\\/clair.si\\\/hr\\\/izdelek\\\/cavalor-strucomix-senior\\\/#primaryimage\"},\"thumbnailUrl\":\"https:\\\/\\\/clair.si\\\/wp-content\\\/uploads\\\/2025\\\/09\\\/senior-strucomix-clair-cavalor.webp\",\"datePublished\":\"2025-09-16T09:10:39+00:00\",\"description\":\"Za\u0161to odabrati Cavalor Strucomix Senior? \u2705 Posebno prilago\u0111en potrebama starijih konja\u2705 Poma\u017ee u odr\u017eavanju zdrave probave, kondicije i otpornosti\u2705 Odli\u010dan okus s prirodnim sastojcima (mrkva, lucerna)\u2705 Bez zobi \u2013 mirnija energija, manje probavnih problema\",\"breadcrumb\":{\"@id\":\"https:\\\/\\\/clair.si\\\/hr\\\/izdelek\\\/cavalor-strucomix-senior\\\/#breadcrumb\"},\"inLanguage\":\"hr\",\"potentialAction\":[{\"@type\":\"ReadAction\",\"target\":[\"https:\\\/\\\/clair.si\\\/hr\\\/izdelek\\\/cavalor-strucomix-senior\\\/\"]}]},{\"@type\":\"ImageObject\",\"inLanguage\":\"hr\",\"@id\":\"https:\\\/\\\/clair.si\\\/hr\\\/izdelek\\\/cavalor-strucomix-senior\\\/#primaryimage\",\"url\":\"https:\\\/\\\/clair.si\\\/wp-content\\\/uploads\\\/2025\\\/09\\\/senior-strucomix-clair-cavalor.webp\",\"contentUrl\":\"https:\\\/\\\/clair.si\\\/wp-content\\\/uploads\\\/2025\\\/09\\\/senior-strucomix-clair-cavalor.webp\",\"width\":2048,\"height\":1580},{\"@type\":\"BreadcrumbList\",\"@id\":\"https:\\\/\\\/clair.si\\\/hr\\\/izdelek\\\/cavalor-strucomix-senior\\\/#breadcrumb\",\"itemListElement\":[{\"@type\":\"ListItem\",\"position\":1,\"name\":\"Home\",\"item\":\"https:\\\/\\\/clair.si\\\/hr\\\/\"},{\"@type\":\"ListItem\",\"position\":2,\"name\":\"Trgovina\",\"item\":\"https:\\\/\\\/clair.si\\\/trgovina\\\/\"},{\"@type\":\"ListItem\",\"position\":3,\"name\":\"Cavalor Strucomix Senior\"}]},{\"@type\":\"WebSite\",\"@id\":\"https:\\\/\\\/clair.si\\\/#website\",\"url\":\"https:\\\/\\\/clair.si\\\/\",\"name\":\"Clair\",\"description\":\"Trgovina s konjeni\u0161ko opremo\",\"publisher\":{\"@id\":\"https:\\\/\\\/clair.si\\\/#organization\"},\"potentialAction\":[{\"@type\":\"SearchAction\",\"target\":{\"@type\":\"EntryPoint\",\"urlTemplate\":\"https:\\\/\\\/clair.si\\\/?s={search_term_string}\"},\"query-input\":{\"@type\":\"PropertyValueSpecification\",\"valueRequired\":true,\"valueName\":\"search_term_string\"}}],\"inLanguage\":\"hr\"},{\"@type\":\"Organization\",\"@id\":\"https:\\\/\\\/clair.si\\\/#organization\",\"name\":\"Clair\",\"url\":\"https:\\\/\\\/clair.si\\\/\",\"logo\":{\"@type\":\"ImageObject\",\"inLanguage\":\"hr\",\"@id\":\"https:\\\/\\\/clair.si\\\/#\\\/schema\\\/logo\\\/image\\\/\",\"url\":\"https:\\\/\\\/clair.si\\\/wp-content\\\/uploads\\\/2022\\\/11\\\/clair_logo_2022.jpg\",\"contentUrl\":\"https:\\\/\\\/clair.si\\\/wp-content\\\/uploads\\\/2022\\\/11\\\/clair_logo_2022.jpg\",\"width\":1920,\"height\":1920,\"caption\":\"Clair\"},\"image\":{\"@id\":\"https:\\\/\\\/clair.si\\\/#\\\/schema\\\/logo\\\/image\\\/\"},\"sameAs\":[\"https:\\\/\\\/www.facebook.com\\\/TrgovinaClair\\\/\"]}]}<\/script>\n<!-- \/ Yoast SEO plugin. -->","yoast_head_json":{"title":"Cavalor Strucomix Senior - Clair","description":"Za\u0161to odabrati Cavalor Strucomix Senior? \u2705 Posebno prilago\u0111en potrebama starijih konja\u2705 Poma\u017ee u odr\u017eavanju zdrave probave, kondicije i otpornosti\u2705 Odli\u010dan okus s prirodnim sastojcima (mrkva, lucerna)\u2705 Bez zobi \u2013 mirnija energija, manje probavnih problema","robots":{"index":"index","follow":"follow","max-snippet":"max-snippet:-1","max-image-preview":"max-image-preview:large","max-video-preview":"max-video-preview:-1"},"canonical":"https:\/\/clair.si\/hr\/izdelek\/cavalor-strucomix-senior\/","og_locale":"hr_HR","og_type":"article","og_title":"Cavalor Strucomix Senior - Clair","og_description":"Za\u0161to odabrati Cavalor Strucomix Senior? \u2705 Posebno prilago\u0111en potrebama starijih konja\u2705 Poma\u017ee u odr\u017eavanju zdrave probave, kondicije i otpornosti\u2705 Odli\u010dan okus s prirodnim sastojcima (mrkva, lucerna)\u2705 Bez zobi \u2013 mirnija energija, manje probavnih problema","og_url":"https:\/\/clair.si\/hr\/izdelek\/cavalor-strucomix-senior\/","og_site_name":"Clair","article_publisher":"https:\/\/www.facebook.com\/TrgovinaClair\/","og_image":[{"width":2048,"height":1580,"url":"https:\/\/clair.si\/wp-content\/uploads\/2025\/09\/senior-strucomix-clair-cavalor.webp","type":"image\/webp"}],"twitter_card":"summary_large_image","twitter_misc":{"Procijenjeno vrijeme \u010ditanja":"1 minuta"},"schema":{"@context":"https:\/\/schema.org","@graph":[{"@type":"WebPage","@id":"https:\/\/clair.si\/hr\/izdelek\/cavalor-strucomix-senior\/","url":"https:\/\/clair.si\/hr\/izdelek\/cavalor-strucomix-senior\/","name":"Cavalor Strucomix Senior - Clair","isPartOf":{"@id":"https:\/\/clair.si\/#website"},"primaryImageOfPage":{"@id":"https:\/\/clair.si\/hr\/izdelek\/cavalor-strucomix-senior\/#primaryimage"},"image":{"@id":"https:\/\/clair.si\/hr\/izdelek\/cavalor-strucomix-senior\/#primaryimage"},"thumbnailUrl":"https:\/\/clair.si\/wp-content\/uploads\/2025\/09\/senior-strucomix-clair-cavalor.webp","datePublished":"2025-09-16T09:10:39+00:00","description":"Za\u0161to odabrati Cavalor Strucomix Senior? \u2705 Posebno prilago\u0111en potrebama starijih konja\u2705 Poma\u017ee u odr\u017eavanju zdrave probave, kondicije i otpornosti\u2705 Odli\u010dan okus s prirodnim sastojcima (mrkva, lucerna)\u2705 Bez zobi \u2013 mirnija energija, manje probavnih problema","breadcrumb":{"@id":"https:\/\/clair.si\/hr\/izdelek\/cavalor-strucomix-senior\/#breadcrumb"},"inLanguage":"hr","potentialAction":[{"@type":"ReadAction","target":["https:\/\/clair.si\/hr\/izdelek\/cavalor-strucomix-senior\/"]}]},{"@type":"ImageObject","inLanguage":"hr","@id":"https:\/\/clair.si\/hr\/izdelek\/cavalor-strucomix-senior\/#primaryimage","url":"https:\/\/clair.si\/wp-content\/uploads\/2025\/09\/senior-strucomix-clair-cavalor.webp","contentUrl":"https:\/\/clair.si\/wp-content\/uploads\/2025\/09\/senior-strucomix-clair-cavalor.webp","width":2048,"height":1580},{"@type":"BreadcrumbList","@id":"https:\/\/clair.si\/hr\/izdelek\/cavalor-strucomix-senior\/#breadcrumb","itemListElement":[{"@type":"ListItem","position":1,"name":"Home","item":"https:\/\/clair.si\/hr\/"},{"@type":"ListItem","position":2,"name":"Trgovina","item":"https:\/\/clair.si\/trgovina\/"},{"@type":"ListItem","position":3,"name":"Cavalor Strucomix Senior"}]},{"@type":"WebSite","@id":"https:\/\/clair.si\/#website","url":"https:\/\/clair.si\/","name":"Clair","description":"Trgovina s konjeni\u0161ko opremo","publisher":{"@id":"https:\/\/clair.si\/#organization"},"potentialAction":[{"@type":"SearchAction","target":{"@type":"EntryPoint","urlTemplate":"https:\/\/clair.si\/?s={search_term_string}"},"query-input":{"@type":"PropertyValueSpecification","valueRequired":true,"valueName":"search_term_string"}}],"inLanguage":"hr"},{"@type":"Organization","@id":"https:\/\/clair.si\/#organization","name":"Clair","url":"https:\/\/clair.si\/","logo":{"@type":"ImageObject","inLanguage":"hr","@id":"https:\/\/clair.si\/#\/schema\/logo\/image\/","url":"https:\/\/clair.si\/wp-content\/uploads\/2022\/11\/clair_logo_2022.jpg","contentUrl":"https:\/\/clair.si\/wp-content\/uploads\/2022\/11\/clair_logo_2022.jpg","width":1920,"height":1920,"caption":"Clair"},"image":{"@id":"https:\/\/clair.si\/#\/schema\/logo\/image\/"},"sameAs":["https:\/\/www.facebook.com\/TrgovinaClair\/"]}]}},"_links":{"self":[{"href":"https:\/\/clair.si\/hr\/wp-json\/wp\/v2\/product\/114184","targetHints":{"allow":["GET"]}}],"collection":[{"href":"https:\/\/clair.si\/hr\/wp-json\/wp\/v2\/product"}],"about":[{"href":"https:\/\/clair.si\/hr\/wp-json\/wp\/v2\/types\/product"}],"version-history":[{"count":0,"href":"https:\/\/clair.si\/hr\/wp-json\/wp\/v2\/product\/114184\/revisions"}],"wp:featuredmedia":[{"embeddable":true,"href":"https:\/\/clair.si\/hr\/wp-json\/wp\/v2\/media\/110094"}],"wp:attachment":[{"href":"https:\/\/clair.si\/hr\/wp-json\/wp\/v2\/media?parent=114184"}],"wp:term":[{"taxonomy":"product_brand","embeddable":true,"href":"https:\/\/clair.si\/hr\/wp-json\/wp\/v2\/product_brand?post=114184"},{"taxonomy":"product_cat","embeddable":true,"href":"https:\/\/clair.si\/hr\/wp-json\/wp\/v2\/product_cat?post=114184"},{"taxonomy":"product_tag","embeddable":true,"href":"https:\/\/clair.si\/hr\/wp-json\/wp\/v2\/product_tag?post=114184"}],"curies":[{"name":"wp","href":"https:\/\/api.w.org\/{rel}","templated":true}]}}