{"id":114188,"date":"2025-09-16T19:19:05","date_gmt":"2025-09-16T17:19:05","guid":{"rendered":"https:\/\/clair.si\/izdelek\/kamen-za-lizanje-likit-granola-stall-ball-light\/"},"modified":"2026-01-25T15:17:51","modified_gmt":"2026-01-25T14:17:51","slug":"kamen-za-lizanje-likit-granola-stall-ball-light","status":"publish","type":"product","link":"https:\/\/clair.si\/hr\/izdelek\/kamen-za-lizanje-likit-granola-stall-ball-light\/","title":{"rendered":"Kamen za lizanje Likit Granola Stall Ball Light"},"content":{"rendered":"<p data-start=\"100\" data-end=\"149\"><strong data-start=\"151\" data-end=\"185\">Likit Granola Stall Ball Light<\/strong> je inovativna i zdrava zanimacija za konje, koja poma\u017ee sprije\u010diti dosadu u boksu ili na pa\u0161njaku. Poseban dizajn u obliku <strong data-start=\"310\" data-end=\"325\">vise\u0107e lopte<\/strong> poti\u010de prirodnu znati\u017eelju i aktivnost konja, a istovremeno mu nudi ukusnu nagradu u obliku granolaste lizalne lopte.<\/p>\n<p data-start=\"447\" data-end=\"603\">Ovaj kamen za lizanje odli\u010dan je izbor za konje koji trebaju dodatnu zanimaciju, smanjenje stresa i opu\u0161tanje uz istovremeno u\u017eivanje u hranjivoj poslastici.<\/p>\n<h3 data-start=\"605\" data-end=\"631\">Klju\u010dne zna\u010dajke:<\/h3>\n<ul data-start=\"632\" data-end=\"1051\">\n<li data-start=\"632\" data-end=\"708\">\n<p data-start=\"634\" data-end=\"708\"><strong data-start=\"634\" data-end=\"655\">Oblik Stall Ball<\/strong>: interaktivna lopta koja se mi\u010de i zabavlja konja.<\/p>\n<\/li>\n<li data-start=\"709\" data-end=\"804\">\n<p data-start=\"711\" data-end=\"804\"><strong data-start=\"711\" data-end=\"729\">Ukusna granola<\/strong>: sadr\u017ei prirodne sastojke koji konju nude ukusnu i zdravu poslasticu.<\/p>\n<\/li>\n<li data-start=\"805\" data-end=\"895\">\n<p data-start=\"807\" data-end=\"895\"><strong data-start=\"807\" data-end=\"826\">Light verzija<\/strong>: smanjena koli\u010dina \u0161e\u0107era za bolju prehrambenu uravnote\u017eenost.<\/p>\n<\/li>\n<li data-start=\"896\" data-end=\"955\">\n<p data-start=\"898\" data-end=\"955\"><strong data-start=\"898\" data-end=\"909\">Uporaba<\/strong>: prikladna za u boksu, \u0161tali ili na pa\u0161njaku.<\/p>\n<\/li>\n<li data-start=\"956\" data-end=\"1051\">\n<p data-start=\"958\" data-end=\"1051\"><strong data-start=\"958\" data-end=\"982\">Jednostavna monta\u017ea<\/strong>: visi sa stropa ili nosivog dijela &#8211; stoga konj ne mo\u017ee fiksirati loptu i te\u017ee je grize.<\/p>\n<\/li>\n<\/ul>\n<h3 data-start=\"1053\" data-end=\"1069\">Prednosti:<\/h3>\n<ul data-start=\"1070\" data-end=\"1268\">\n<li data-start=\"1070\" data-end=\"1124\">\n<p data-start=\"1072\" data-end=\"1124\">Sprje\u010dava dosadu i stereotipno pona\u0161anje u boksu.<\/p>\n<\/li>\n<li data-start=\"1125\" data-end=\"1170\">\n<p data-start=\"1127\" data-end=\"1170\">Poti\u010de prirodno kretanje i istra\u017eivanje.<\/p>\n<\/li>\n<li data-start=\"1171\" data-end=\"1220\">\n<p data-start=\"1173\" data-end=\"1220\">Zdrava poslastica s ni\u017eim udjelom \u0161e\u0107era.<\/p>\n<\/li>\n<li data-start=\"1221\" data-end=\"1268\">\n<p data-start=\"1223\" data-end=\"1268\">Podr\u017eava dobrobit i opu\u0161tenost konja.<\/p>\n<\/li>\n<\/ul>\n<h3 data-start=\"1270\" data-end=\"1287\">Idealno za:<\/h3>\n<ul data-start=\"1288\" data-end=\"1413\">\n<li data-start=\"1288\" data-end=\"1332\">\n<p data-start=\"1290\" data-end=\"1332\">konje koji provode puno vremena u boksu,<\/p>\n<\/li>\n<li data-start=\"1333\" data-end=\"1368\">\n<p data-start=\"1335\" data-end=\"1368\">konje kojima brzo postane dosadno,<\/p>\n<\/li>\n<li data-start=\"1369\" data-end=\"1413\">\n<p data-start=\"1371\" data-end=\"1413\">dodatnu nagradu uz trening ili odmor.<\/p>\n<\/li>\n<\/ul>\n<p>Sastav: izomalt, tamni p\u0161eni\u010dni destilacijski tropi, sojino bra\u0161no, voda<b>,<\/b> ulje repice, aroma jabuke<\/p>\n","protected":false},"excerpt":{"rendered":"<ul>\n<li>samo 3 % \u0161e\u0107era i 3,5 % \u0161kroba<\/li>\n<li>za metaboli\u010dki osjetljive konje i one koji imaju problema s prekomjernom te\u017einom<\/li>\n<\/ul>\n","protected":false},"featured_media":110216,"template":"","meta":{"footnotes":""},"product_brand":[],"product_cat":[5782,5710,5712],"product_tag":[],"class_list":{"0":"post-114188","1":"product","2":"type-product","3":"status-publish","4":"has-post-thumbnail","6":"product_cat-kolacici-i-kamenje-soli","7":"product_cat-hrana-za-konje-hr","8":"product_cat-prehrambeni-dodaci","10":"first","11":"outofstock","12":"sale","13":"shipping-taxable","14":"purchasable","15":"product-type-simple"},"yoast_head":"<!-- This site is optimized with the Yoast SEO plugin v27.4 - https:\/\/yoast.com\/product\/yoast-seo-wordpress\/ -->\n<title>Kamen za lizanje Likit Granola Stall Ball Light - Clair<\/title>\n<meta name=\"description\" content=\"samo 3 % \u0161e\u0107era i 3,5 % \u0161kroba  za metaboli\u010dki osjetljive konje i one koji imaju problema s prekomjernom te\u017einom\" \/>\n<meta name=\"robots\" content=\"index, follow, max-snippet:-1, max-image-preview:large, max-video-preview:-1\" \/>\n<link rel=\"canonical\" href=\"https:\/\/clair.si\/izdelek\/lizalni-kamen-likit-granola-stall-ball-light\/\" \/>\n<meta property=\"og:locale\" content=\"hr_HR\" \/>\n<meta property=\"og:type\" content=\"article\" \/>\n<meta property=\"og:title\" content=\"Kamen za lizanje Likit Granola Stall Ball Light - Clair\" \/>\n<meta property=\"og:description\" content=\"samo 3 % \u0161e\u0107era i 3,5 % \u0161kroba  za metaboli\u010dki osjetljive konje i one koji imaju problema s prekomjernom te\u017einom\" \/>\n<meta property=\"og:url\" content=\"https:\/\/clair.si\/izdelek\/lizalni-kamen-likit-granola-stall-ball-light\/\" \/>\n<meta property=\"og:site_name\" content=\"Clair\" \/>\n<meta property=\"article:publisher\" content=\"https:\/\/www.facebook.com\/TrgovinaClair\/\" \/>\n<meta property=\"article:modified_time\" content=\"2026-01-25T14:17:51+00:00\" \/>\n<meta property=\"og:image\" content=\"https:\/\/clair.si\/wp-content\/uploads\/2025\/09\/stall-ball-likit-clair.webp\" \/>\n\t<meta property=\"og:image:width\" content=\"458\" \/>\n\t<meta property=\"og:image:height\" content=\"458\" \/>\n\t<meta property=\"og:image:type\" content=\"image\/jpeg\" \/>\n<meta name=\"twitter:card\" content=\"summary_large_image\" \/>\n<meta name=\"twitter:label1\" content=\"Procijenjeno vrijeme \u010ditanja\" \/>\n\t<meta name=\"twitter:data1\" content=\"2 minute\" \/>\n<script type=\"application\/ld+json\" class=\"yoast-schema-graph\">{\"@context\":\"https:\\\/\\\/schema.org\",\"@graph\":[{\"@type\":\"WebPage\",\"@id\":\"https:\\\/\\\/clair.si\\\/izdelek\\\/lizalni-kamen-likit-granola-stall-ball-light\\\/\",\"url\":\"https:\\\/\\\/clair.si\\\/izdelek\\\/lizalni-kamen-likit-granola-stall-ball-light\\\/\",\"name\":\"Kamen za lizanje Likit Granola Stall Ball Light - Clair\",\"isPartOf\":{\"@id\":\"https:\\\/\\\/clair.si\\\/#website\"},\"primaryImageOfPage\":{\"@id\":\"https:\\\/\\\/clair.si\\\/izdelek\\\/lizalni-kamen-likit-granola-stall-ball-light\\\/#primaryimage\"},\"image\":{\"@id\":\"https:\\\/\\\/clair.si\\\/izdelek\\\/lizalni-kamen-likit-granola-stall-ball-light\\\/#primaryimage\"},\"thumbnailUrl\":\"https:\\\/\\\/clair.si\\\/wp-content\\\/uploads\\\/2025\\\/09\\\/stall-ball-likit-clair.webp\",\"datePublished\":\"2025-09-16T17:19:05+00:00\",\"dateModified\":\"2026-01-25T14:17:51+00:00\",\"description\":\"samo 3 % \u0161e\u0107era i 3,5 % \u0161kroba za metaboli\u010dki osjetljive konje i one koji imaju problema s prekomjernom te\u017einom\",\"breadcrumb\":{\"@id\":\"https:\\\/\\\/clair.si\\\/izdelek\\\/lizalni-kamen-likit-granola-stall-ball-light\\\/#breadcrumb\"},\"inLanguage\":\"hr\",\"potentialAction\":[{\"@type\":\"ReadAction\",\"target\":[\"https:\\\/\\\/clair.si\\\/izdelek\\\/lizalni-kamen-likit-granola-stall-ball-light\\\/\"]}]},{\"@type\":\"ImageObject\",\"inLanguage\":\"hr\",\"@id\":\"https:\\\/\\\/clair.si\\\/izdelek\\\/lizalni-kamen-likit-granola-stall-ball-light\\\/#primaryimage\",\"url\":\"https:\\\/\\\/clair.si\\\/wp-content\\\/uploads\\\/2025\\\/09\\\/stall-ball-likit-clair.webp\",\"contentUrl\":\"https:\\\/\\\/clair.si\\\/wp-content\\\/uploads\\\/2025\\\/09\\\/stall-ball-likit-clair.webp\",\"width\":458,\"height\":458},{\"@type\":\"BreadcrumbList\",\"@id\":\"https:\\\/\\\/clair.si\\\/izdelek\\\/lizalni-kamen-likit-granola-stall-ball-light\\\/#breadcrumb\",\"itemListElement\":[{\"@type\":\"ListItem\",\"position\":1,\"name\":\"Home\",\"item\":\"https:\\\/\\\/clair.si\\\/hr\\\/\"},{\"@type\":\"ListItem\",\"position\":2,\"name\":\"Trgovina\",\"item\":\"https:\\\/\\\/clair.si\\\/trgovina\\\/\"},{\"@type\":\"ListItem\",\"position\":3,\"name\":\"Kamen za lizanje Likit Granola Stall Ball Light\"}]},{\"@type\":\"WebSite\",\"@id\":\"https:\\\/\\\/clair.si\\\/#website\",\"url\":\"https:\\\/\\\/clair.si\\\/\",\"name\":\"Clair\",\"description\":\"Trgovina s konjeni\u0161ko opremo\",\"publisher\":{\"@id\":\"https:\\\/\\\/clair.si\\\/#organization\"},\"potentialAction\":[{\"@type\":\"SearchAction\",\"target\":{\"@type\":\"EntryPoint\",\"urlTemplate\":\"https:\\\/\\\/clair.si\\\/?s={search_term_string}\"},\"query-input\":{\"@type\":\"PropertyValueSpecification\",\"valueRequired\":true,\"valueName\":\"search_term_string\"}}],\"inLanguage\":\"hr\"},{\"@type\":\"Organization\",\"@id\":\"https:\\\/\\\/clair.si\\\/#organization\",\"name\":\"Clair\",\"url\":\"https:\\\/\\\/clair.si\\\/\",\"logo\":{\"@type\":\"ImageObject\",\"inLanguage\":\"hr\",\"@id\":\"https:\\\/\\\/clair.si\\\/#\\\/schema\\\/logo\\\/image\\\/\",\"url\":\"https:\\\/\\\/clair.si\\\/wp-content\\\/uploads\\\/2022\\\/11\\\/clair_logo_2022.jpg\",\"contentUrl\":\"https:\\\/\\\/clair.si\\\/wp-content\\\/uploads\\\/2022\\\/11\\\/clair_logo_2022.jpg\",\"width\":1920,\"height\":1920,\"caption\":\"Clair\"},\"image\":{\"@id\":\"https:\\\/\\\/clair.si\\\/#\\\/schema\\\/logo\\\/image\\\/\"},\"sameAs\":[\"https:\\\/\\\/www.facebook.com\\\/TrgovinaClair\\\/\"]}]}<\/script>\n<!-- \/ Yoast SEO plugin. -->","yoast_head_json":{"title":"Kamen za lizanje Likit Granola Stall Ball Light - Clair","description":"samo 3 % \u0161e\u0107era i 3,5 % \u0161kroba  za metaboli\u010dki osjetljive konje i one koji imaju problema s prekomjernom te\u017einom","robots":{"index":"index","follow":"follow","max-snippet":"max-snippet:-1","max-image-preview":"max-image-preview:large","max-video-preview":"max-video-preview:-1"},"canonical":"https:\/\/clair.si\/izdelek\/lizalni-kamen-likit-granola-stall-ball-light\/","og_locale":"hr_HR","og_type":"article","og_title":"Kamen za lizanje Likit Granola Stall Ball Light - Clair","og_description":"samo 3 % \u0161e\u0107era i 3,5 % \u0161kroba  za metaboli\u010dki osjetljive konje i one koji imaju problema s prekomjernom te\u017einom","og_url":"https:\/\/clair.si\/izdelek\/lizalni-kamen-likit-granola-stall-ball-light\/","og_site_name":"Clair","article_publisher":"https:\/\/www.facebook.com\/TrgovinaClair\/","article_modified_time":"2026-01-25T14:17:51+00:00","og_image":[{"width":458,"height":458,"url":"https:\/\/clair.si\/wp-content\/uploads\/2025\/09\/stall-ball-likit-clair.webp","type":"image\/jpeg"}],"twitter_card":"summary_large_image","twitter_misc":{"Procijenjeno vrijeme \u010ditanja":"2 minute"},"schema":{"@context":"https:\/\/schema.org","@graph":[{"@type":"WebPage","@id":"https:\/\/clair.si\/izdelek\/lizalni-kamen-likit-granola-stall-ball-light\/","url":"https:\/\/clair.si\/izdelek\/lizalni-kamen-likit-granola-stall-ball-light\/","name":"Kamen za lizanje Likit Granola Stall Ball Light - Clair","isPartOf":{"@id":"https:\/\/clair.si\/#website"},"primaryImageOfPage":{"@id":"https:\/\/clair.si\/izdelek\/lizalni-kamen-likit-granola-stall-ball-light\/#primaryimage"},"image":{"@id":"https:\/\/clair.si\/izdelek\/lizalni-kamen-likit-granola-stall-ball-light\/#primaryimage"},"thumbnailUrl":"https:\/\/clair.si\/wp-content\/uploads\/2025\/09\/stall-ball-likit-clair.webp","datePublished":"2025-09-16T17:19:05+00:00","dateModified":"2026-01-25T14:17:51+00:00","description":"samo 3 % \u0161e\u0107era i 3,5 % \u0161kroba za metaboli\u010dki osjetljive konje i one koji imaju problema s prekomjernom te\u017einom","breadcrumb":{"@id":"https:\/\/clair.si\/izdelek\/lizalni-kamen-likit-granola-stall-ball-light\/#breadcrumb"},"inLanguage":"hr","potentialAction":[{"@type":"ReadAction","target":["https:\/\/clair.si\/izdelek\/lizalni-kamen-likit-granola-stall-ball-light\/"]}]},{"@type":"ImageObject","inLanguage":"hr","@id":"https:\/\/clair.si\/izdelek\/lizalni-kamen-likit-granola-stall-ball-light\/#primaryimage","url":"https:\/\/clair.si\/wp-content\/uploads\/2025\/09\/stall-ball-likit-clair.webp","contentUrl":"https:\/\/clair.si\/wp-content\/uploads\/2025\/09\/stall-ball-likit-clair.webp","width":458,"height":458},{"@type":"BreadcrumbList","@id":"https:\/\/clair.si\/izdelek\/lizalni-kamen-likit-granola-stall-ball-light\/#breadcrumb","itemListElement":[{"@type":"ListItem","position":1,"name":"Home","item":"https:\/\/clair.si\/hr\/"},{"@type":"ListItem","position":2,"name":"Trgovina","item":"https:\/\/clair.si\/trgovina\/"},{"@type":"ListItem","position":3,"name":"Kamen za lizanje Likit Granola Stall Ball Light"}]},{"@type":"WebSite","@id":"https:\/\/clair.si\/#website","url":"https:\/\/clair.si\/","name":"Clair","description":"Trgovina s konjeni\u0161ko opremo","publisher":{"@id":"https:\/\/clair.si\/#organization"},"potentialAction":[{"@type":"SearchAction","target":{"@type":"EntryPoint","urlTemplate":"https:\/\/clair.si\/?s={search_term_string}"},"query-input":{"@type":"PropertyValueSpecification","valueRequired":true,"valueName":"search_term_string"}}],"inLanguage":"hr"},{"@type":"Organization","@id":"https:\/\/clair.si\/#organization","name":"Clair","url":"https:\/\/clair.si\/","logo":{"@type":"ImageObject","inLanguage":"hr","@id":"https:\/\/clair.si\/#\/schema\/logo\/image\/","url":"https:\/\/clair.si\/wp-content\/uploads\/2022\/11\/clair_logo_2022.jpg","contentUrl":"https:\/\/clair.si\/wp-content\/uploads\/2022\/11\/clair_logo_2022.jpg","width":1920,"height":1920,"caption":"Clair"},"image":{"@id":"https:\/\/clair.si\/#\/schema\/logo\/image\/"},"sameAs":["https:\/\/www.facebook.com\/TrgovinaClair\/"]}]}},"_links":{"self":[{"href":"https:\/\/clair.si\/hr\/wp-json\/wp\/v2\/product\/114188","targetHints":{"allow":["GET"]}}],"collection":[{"href":"https:\/\/clair.si\/hr\/wp-json\/wp\/v2\/product"}],"about":[{"href":"https:\/\/clair.si\/hr\/wp-json\/wp\/v2\/types\/product"}],"version-history":[{"count":2,"href":"https:\/\/clair.si\/hr\/wp-json\/wp\/v2\/product\/114188\/revisions"}],"predecessor-version":[{"id":126706,"href":"https:\/\/clair.si\/hr\/wp-json\/wp\/v2\/product\/114188\/revisions\/126706"}],"wp:featuredmedia":[{"embeddable":true,"href":"https:\/\/clair.si\/hr\/wp-json\/wp\/v2\/media\/110216"}],"wp:attachment":[{"href":"https:\/\/clair.si\/hr\/wp-json\/wp\/v2\/media?parent=114188"}],"wp:term":[{"taxonomy":"product_brand","embeddable":true,"href":"https:\/\/clair.si\/hr\/wp-json\/wp\/v2\/product_brand?post=114188"},{"taxonomy":"product_cat","embeddable":true,"href":"https:\/\/clair.si\/hr\/wp-json\/wp\/v2\/product_cat?post=114188"},{"taxonomy":"product_tag","embeddable":true,"href":"https:\/\/clair.si\/hr\/wp-json\/wp\/v2\/product_tag?post=114188"}],"curies":[{"name":"wp","href":"https:\/\/api.w.org\/{rel}","templated":true}]}}