{"id":114203,"date":"2025-09-08T10:56:59","date_gmt":"2025-09-08T08:56:59","guid":{"rendered":"https:\/\/clair.si\/izdelek\/tajice-eskadron-casual-reflexx-ef-pink\/"},"modified":"2025-09-08T10:56:59","modified_gmt":"2025-09-08T08:56:59","slug":"tajice-eskadron-casual-reflexx-ef-pink","status":"publish","type":"product","link":"https:\/\/clair.si\/hr\/izdelek\/tajice-eskadron-casual-reflexx-ef-pink\/","title":{"rendered":"Tajice Eskadron Casual Reflexx EF Pink"},"content":{"rendered":"<p data-start=\"138\" data-end=\"402\">Moderne i svestrane <strong data-start=\"161\" data-end=\"207\">tajice Eskadron Casual Reflexx EF<\/strong> u privla\u010dnoj ru\u017ei\u010dastoj boji kombiniraju sportski stil, udobnost i funkcionalnost. Lagan i rastezljiv materijal omogu\u0107uje slobodu kretanja, a istovremeno se ugodno prilago\u0111ava tijelu i lijepo nagla\u0161ava figuru. <\/p>\n<p data-start=\"404\" data-end=\"671\">Zahvaljuju\u0107i modernom dizajnu i boji, tajice su odli\u010dan izbor kako za treninge jahanja, tako i za slobodno vrijeme.<\/p>\n<h4 data-start=\"954\" data-end=\"981\">Materijal i sastav:<\/h4>\n<ul data-start=\"982\" data-end=\"1016\">\n<li data-start=\"982\" data-end=\"999\">\n<p data-start=\"984\" data-end=\"999\">85 % poliamid<\/p>\n<\/li>\n<li data-start=\"1000\" data-end=\"1016\">\n<p data-start=\"1002\" data-end=\"1016\">15 % elastan<\/p>\n<\/li>\n<\/ul>\n<h4 data-start=\"1018\" data-end=\"1049\">Upute za odr\u017eavanje:<\/h4>\n<ul data-start=\"1050\" data-end=\"1150\">\n<li data-start=\"1050\" data-end=\"1074\">\n<p data-start=\"1052\" data-end=\"1074\">pranje na <strong data-start=\"1063\" data-end=\"1072\">30 \u00b0C<\/strong><\/p>\n<\/li>\n<li data-start=\"1075\" data-end=\"1103\">\n<p data-start=\"1077\" data-end=\"1103\">ne koristite omek\u0161iva\u010d<\/p>\n<\/li>\n<li data-start=\"1104\" data-end=\"1135\">\n<p data-start=\"1106\" data-end=\"1135\">ne su\u0161ite u su\u0161ilici<\/p>\n<\/li>\n<li data-start=\"1136\" data-end=\"1150\">\n<p data-start=\"1138\" data-end=\"1150\">ne gla\u010dajte<\/p>\n<\/li>\n<\/ul>\n<p data-start=\"1152\" data-end=\"1278\">Ove su tajice odli\u010dan izbor za jaha\u010de koji \u017eele savr\u0161enu ravnote\u017eu izme\u0111u <strong data-start=\"1228\" data-end=\"1275\">udobnosti, funkcionalnosti i modnog izgleda<\/strong>.<\/p>\n","protected":false},"excerpt":{"rendered":"<ul data-start=\"691\" data-end=\"952\">\n<li data-start=\"718\" data-end=\"773\">\n<p data-start=\"720\" data-end=\"773\">moderan, sportski dizajn iz kolekcije <strong data-start=\"757\" data-end=\"771\">Reflexx EF<\/strong><\/p>\n<\/li>\n<li data-start=\"918\" data-end=\"952\">\n<p data-start=\"920\" data-end=\"952\">diskretan logotip <strong data-start=\"938\" data-end=\"950\">Eskadron<\/strong><\/p>\n<\/li>\n<\/ul>\n","protected":false},"featured_media":109192,"template":"","meta":{"footnotes":""},"product_brand":[],"product_cat":[5877,5654,5729,5667,5708],"product_tag":[],"class_list":{"0":"post-114203","1":"product","2":"type-product","3":"status-publish","4":"has-post-thumbnail","6":"product_cat-eskadron-reflexx-23-hr","7":"product_cat-jahac-hr","8":"product_cat-pikeur-eskadron-hr","9":"product_cat-zene","10":"product_cat-zenske-jahace-hlace","12":"first","13":"instock","14":"shipping-taxable","15":"purchasable","16":"product-type-simple"},"yoast_head":"<!-- This site is optimized with the Yoast SEO plugin v27.3 - https:\/\/yoast.com\/product\/yoast-seo-wordpress\/ -->\n<title>Tajice Eskadron Casual Reflexx EF Pink - Clair<\/title>\n<meta name=\"description\" content=\"moderan, sportski dizajn iz kolekcije Reflexx EF   diskretan logotip Eskadron\" \/>\n<meta name=\"robots\" content=\"index, follow, max-snippet:-1, max-image-preview:large, max-video-preview:-1\" \/>\n<link rel=\"canonical\" href=\"https:\/\/clair.si\/hr\/izdelek\/tajice-eskadron-casual-reflexx-ef-pink\/\" \/>\n<meta property=\"og:locale\" content=\"hr_HR\" \/>\n<meta property=\"og:type\" content=\"article\" \/>\n<meta property=\"og:title\" content=\"Tajice Eskadron Casual Reflexx EF Pink - Clair\" \/>\n<meta property=\"og:description\" content=\"moderan, sportski dizajn iz kolekcije Reflexx EF   diskretan logotip Eskadron\" \/>\n<meta property=\"og:url\" content=\"https:\/\/clair.si\/hr\/izdelek\/tajice-eskadron-casual-reflexx-ef-pink\/\" \/>\n<meta property=\"og:site_name\" content=\"Clair\" \/>\n<meta property=\"article:publisher\" content=\"https:\/\/www.facebook.com\/TrgovinaClair\/\" \/>\n<meta property=\"og:image\" content=\"https:\/\/clair.si\/wp-content\/uploads\/2025\/09\/Untitled-design-78.webp\" \/>\n\t<meta property=\"og:image:width\" content=\"700\" \/>\n\t<meta property=\"og:image:height\" content=\"700\" \/>\n\t<meta property=\"og:image:type\" content=\"image\/png\" \/>\n<meta name=\"twitter:card\" content=\"summary_large_image\" \/>\n<meta name=\"twitter:label1\" content=\"Procijenjeno vrijeme \u010ditanja\" \/>\n\t<meta name=\"twitter:data1\" content=\"1 minuta\" \/>\n<script type=\"application\/ld+json\" class=\"yoast-schema-graph\">{\"@context\":\"https:\\\/\\\/schema.org\",\"@graph\":[{\"@type\":\"WebPage\",\"@id\":\"https:\\\/\\\/clair.si\\\/hr\\\/izdelek\\\/tajice-eskadron-casual-reflexx-ef-pink\\\/\",\"url\":\"https:\\\/\\\/clair.si\\\/hr\\\/izdelek\\\/tajice-eskadron-casual-reflexx-ef-pink\\\/\",\"name\":\"Tajice Eskadron Casual Reflexx EF Pink - Clair\",\"isPartOf\":{\"@id\":\"https:\\\/\\\/clair.si\\\/#website\"},\"primaryImageOfPage\":{\"@id\":\"https:\\\/\\\/clair.si\\\/hr\\\/izdelek\\\/tajice-eskadron-casual-reflexx-ef-pink\\\/#primaryimage\"},\"image\":{\"@id\":\"https:\\\/\\\/clair.si\\\/hr\\\/izdelek\\\/tajice-eskadron-casual-reflexx-ef-pink\\\/#primaryimage\"},\"thumbnailUrl\":\"https:\\\/\\\/clair.si\\\/wp-content\\\/uploads\\\/2025\\\/09\\\/Untitled-design-78.webp\",\"datePublished\":\"2025-09-08T08:56:59+00:00\",\"description\":\"moderan, sportski dizajn iz kolekcije Reflexx EF diskretan logotip Eskadron\",\"breadcrumb\":{\"@id\":\"https:\\\/\\\/clair.si\\\/hr\\\/izdelek\\\/tajice-eskadron-casual-reflexx-ef-pink\\\/#breadcrumb\"},\"inLanguage\":\"hr\",\"potentialAction\":[{\"@type\":\"ReadAction\",\"target\":[\"https:\\\/\\\/clair.si\\\/hr\\\/izdelek\\\/tajice-eskadron-casual-reflexx-ef-pink\\\/\"]}]},{\"@type\":\"ImageObject\",\"inLanguage\":\"hr\",\"@id\":\"https:\\\/\\\/clair.si\\\/hr\\\/izdelek\\\/tajice-eskadron-casual-reflexx-ef-pink\\\/#primaryimage\",\"url\":\"https:\\\/\\\/clair.si\\\/wp-content\\\/uploads\\\/2025\\\/09\\\/Untitled-design-78.webp\",\"contentUrl\":\"https:\\\/\\\/clair.si\\\/wp-content\\\/uploads\\\/2025\\\/09\\\/Untitled-design-78.webp\",\"width\":700,\"height\":700},{\"@type\":\"BreadcrumbList\",\"@id\":\"https:\\\/\\\/clair.si\\\/hr\\\/izdelek\\\/tajice-eskadron-casual-reflexx-ef-pink\\\/#breadcrumb\",\"itemListElement\":[{\"@type\":\"ListItem\",\"position\":1,\"name\":\"Home\",\"item\":\"https:\\\/\\\/clair.si\\\/hr\\\/\"},{\"@type\":\"ListItem\",\"position\":2,\"name\":\"Trgovina\",\"item\":\"https:\\\/\\\/clair.si\\\/trgovina\\\/\"},{\"@type\":\"ListItem\",\"position\":3,\"name\":\"Tajice Eskadron Casual Reflexx EF Pink\"}]},{\"@type\":\"WebSite\",\"@id\":\"https:\\\/\\\/clair.si\\\/#website\",\"url\":\"https:\\\/\\\/clair.si\\\/\",\"name\":\"Clair\",\"description\":\"Trgovina s konjeni\u0161ko opremo\",\"publisher\":{\"@id\":\"https:\\\/\\\/clair.si\\\/#organization\"},\"potentialAction\":[{\"@type\":\"SearchAction\",\"target\":{\"@type\":\"EntryPoint\",\"urlTemplate\":\"https:\\\/\\\/clair.si\\\/?s={search_term_string}\"},\"query-input\":{\"@type\":\"PropertyValueSpecification\",\"valueRequired\":true,\"valueName\":\"search_term_string\"}}],\"inLanguage\":\"hr\"},{\"@type\":\"Organization\",\"@id\":\"https:\\\/\\\/clair.si\\\/#organization\",\"name\":\"Clair\",\"url\":\"https:\\\/\\\/clair.si\\\/\",\"logo\":{\"@type\":\"ImageObject\",\"inLanguage\":\"hr\",\"@id\":\"https:\\\/\\\/clair.si\\\/#\\\/schema\\\/logo\\\/image\\\/\",\"url\":\"https:\\\/\\\/clair.si\\\/wp-content\\\/uploads\\\/2022\\\/11\\\/clair_logo_2022.jpg\",\"contentUrl\":\"https:\\\/\\\/clair.si\\\/wp-content\\\/uploads\\\/2022\\\/11\\\/clair_logo_2022.jpg\",\"width\":1920,\"height\":1920,\"caption\":\"Clair\"},\"image\":{\"@id\":\"https:\\\/\\\/clair.si\\\/#\\\/schema\\\/logo\\\/image\\\/\"},\"sameAs\":[\"https:\\\/\\\/www.facebook.com\\\/TrgovinaClair\\\/\"]}]}<\/script>\n<!-- \/ Yoast SEO plugin. -->","yoast_head_json":{"title":"Tajice Eskadron Casual Reflexx EF Pink - Clair","description":"moderan, sportski dizajn iz kolekcije Reflexx EF   diskretan logotip Eskadron","robots":{"index":"index","follow":"follow","max-snippet":"max-snippet:-1","max-image-preview":"max-image-preview:large","max-video-preview":"max-video-preview:-1"},"canonical":"https:\/\/clair.si\/hr\/izdelek\/tajice-eskadron-casual-reflexx-ef-pink\/","og_locale":"hr_HR","og_type":"article","og_title":"Tajice Eskadron Casual Reflexx EF Pink - Clair","og_description":"moderan, sportski dizajn iz kolekcije Reflexx EF   diskretan logotip Eskadron","og_url":"https:\/\/clair.si\/hr\/izdelek\/tajice-eskadron-casual-reflexx-ef-pink\/","og_site_name":"Clair","article_publisher":"https:\/\/www.facebook.com\/TrgovinaClair\/","og_image":[{"width":700,"height":700,"url":"https:\/\/clair.si\/wp-content\/uploads\/2025\/09\/Untitled-design-78.webp","type":"image\/png"}],"twitter_card":"summary_large_image","twitter_misc":{"Procijenjeno vrijeme \u010ditanja":"1 minuta"},"schema":{"@context":"https:\/\/schema.org","@graph":[{"@type":"WebPage","@id":"https:\/\/clair.si\/hr\/izdelek\/tajice-eskadron-casual-reflexx-ef-pink\/","url":"https:\/\/clair.si\/hr\/izdelek\/tajice-eskadron-casual-reflexx-ef-pink\/","name":"Tajice Eskadron Casual Reflexx EF Pink - Clair","isPartOf":{"@id":"https:\/\/clair.si\/#website"},"primaryImageOfPage":{"@id":"https:\/\/clair.si\/hr\/izdelek\/tajice-eskadron-casual-reflexx-ef-pink\/#primaryimage"},"image":{"@id":"https:\/\/clair.si\/hr\/izdelek\/tajice-eskadron-casual-reflexx-ef-pink\/#primaryimage"},"thumbnailUrl":"https:\/\/clair.si\/wp-content\/uploads\/2025\/09\/Untitled-design-78.webp","datePublished":"2025-09-08T08:56:59+00:00","description":"moderan, sportski dizajn iz kolekcije Reflexx EF diskretan logotip Eskadron","breadcrumb":{"@id":"https:\/\/clair.si\/hr\/izdelek\/tajice-eskadron-casual-reflexx-ef-pink\/#breadcrumb"},"inLanguage":"hr","potentialAction":[{"@type":"ReadAction","target":["https:\/\/clair.si\/hr\/izdelek\/tajice-eskadron-casual-reflexx-ef-pink\/"]}]},{"@type":"ImageObject","inLanguage":"hr","@id":"https:\/\/clair.si\/hr\/izdelek\/tajice-eskadron-casual-reflexx-ef-pink\/#primaryimage","url":"https:\/\/clair.si\/wp-content\/uploads\/2025\/09\/Untitled-design-78.webp","contentUrl":"https:\/\/clair.si\/wp-content\/uploads\/2025\/09\/Untitled-design-78.webp","width":700,"height":700},{"@type":"BreadcrumbList","@id":"https:\/\/clair.si\/hr\/izdelek\/tajice-eskadron-casual-reflexx-ef-pink\/#breadcrumb","itemListElement":[{"@type":"ListItem","position":1,"name":"Home","item":"https:\/\/clair.si\/hr\/"},{"@type":"ListItem","position":2,"name":"Trgovina","item":"https:\/\/clair.si\/trgovina\/"},{"@type":"ListItem","position":3,"name":"Tajice Eskadron Casual Reflexx EF Pink"}]},{"@type":"WebSite","@id":"https:\/\/clair.si\/#website","url":"https:\/\/clair.si\/","name":"Clair","description":"Trgovina s konjeni\u0161ko opremo","publisher":{"@id":"https:\/\/clair.si\/#organization"},"potentialAction":[{"@type":"SearchAction","target":{"@type":"EntryPoint","urlTemplate":"https:\/\/clair.si\/?s={search_term_string}"},"query-input":{"@type":"PropertyValueSpecification","valueRequired":true,"valueName":"search_term_string"}}],"inLanguage":"hr"},{"@type":"Organization","@id":"https:\/\/clair.si\/#organization","name":"Clair","url":"https:\/\/clair.si\/","logo":{"@type":"ImageObject","inLanguage":"hr","@id":"https:\/\/clair.si\/#\/schema\/logo\/image\/","url":"https:\/\/clair.si\/wp-content\/uploads\/2022\/11\/clair_logo_2022.jpg","contentUrl":"https:\/\/clair.si\/wp-content\/uploads\/2022\/11\/clair_logo_2022.jpg","width":1920,"height":1920,"caption":"Clair"},"image":{"@id":"https:\/\/clair.si\/#\/schema\/logo\/image\/"},"sameAs":["https:\/\/www.facebook.com\/TrgovinaClair\/"]}]}},"_links":{"self":[{"href":"https:\/\/clair.si\/hr\/wp-json\/wp\/v2\/product\/114203","targetHints":{"allow":["GET"]}}],"collection":[{"href":"https:\/\/clair.si\/hr\/wp-json\/wp\/v2\/product"}],"about":[{"href":"https:\/\/clair.si\/hr\/wp-json\/wp\/v2\/types\/product"}],"version-history":[{"count":0,"href":"https:\/\/clair.si\/hr\/wp-json\/wp\/v2\/product\/114203\/revisions"}],"wp:featuredmedia":[{"embeddable":true,"href":"https:\/\/clair.si\/hr\/wp-json\/wp\/v2\/media\/109192"}],"wp:attachment":[{"href":"https:\/\/clair.si\/hr\/wp-json\/wp\/v2\/media?parent=114203"}],"wp:term":[{"taxonomy":"product_brand","embeddable":true,"href":"https:\/\/clair.si\/hr\/wp-json\/wp\/v2\/product_brand?post=114203"},{"taxonomy":"product_cat","embeddable":true,"href":"https:\/\/clair.si\/hr\/wp-json\/wp\/v2\/product_cat?post=114203"},{"taxonomy":"product_tag","embeddable":true,"href":"https:\/\/clair.si\/hr\/wp-json\/wp\/v2\/product_tag?post=114203"}],"curies":[{"name":"wp","href":"https:\/\/api.w.org\/{rel}","templated":true}]}}