{"id":114206,"date":"2025-09-05T12:52:52","date_gmt":"2025-09-05T10:52:52","guid":{"rendered":"https:\/\/clair.si\/izdelek\/pamucna-deka-hkm-changeover\/"},"modified":"2025-10-25T13:39:09","modified_gmt":"2025-10-25T11:39:09","slug":"pamucna-deka-hkm-changeover","status":"publish","type":"product","link":"https:\/\/clair.si\/hr\/izdelek\/pamucna-deka-hkm-changeover\/","title":{"rendered":"Pamu\u010dna deka HKM Changeover"},"content":{"rendered":"<p data-start=\"226\" data-end=\"493\">Pamu\u010dna deka <strong data-start=\"247\" data-end=\"265\">HKM Changeover<\/strong> savr\u0161en je izbor za prijelazno razdoblje, kada konj treba laganu, ali udobnu za\u0161titu. Izra\u0111ena je od <strong data-start=\"363\" data-end=\"397\">prozra\u010dnog i glatkog materijala<\/strong> koji se lako \u010disti te osigurava ugodan osje\u0107aj u razli\u010ditim vremenskim uvjetima. <\/p>\n<p data-start=\"495\" data-end=\"789\">Deka ima <strong data-start=\"511\" data-end=\"533\">fleksibilne produ\u017eetke na pregibu<\/strong> koji omogu\u0107uju slobodu kretanja, te <strong data-start=\"569\" data-end=\"603\">podesivo kop\u010danje sprijeda<\/strong> za optimalno prianjanje. <strong data-start=\"629\" data-end=\"681\">Kri\u017eno kop\u010danje s jakim metalnim kop\u010dama<\/strong>, dodatna <strong data-start=\"691\" data-end=\"705\">repna traka<\/strong> i <strong data-start=\"709\" data-end=\"730\">podstavljena vihora<\/strong> osiguravaju stabilnost i za\u0161titu osjetljivih podru\u010dja.<\/p>\n<p data-start=\"791\" data-end=\"934\">\u2705 Prozra\u010dan i lagan materijal.<br data-start=\"817\" data-end=\"820\">\u2705 Idealno za prijelaznu sezonu.<br data-start=\"848\" data-end=\"851\">\u2705 Jednostavno odr\u017eavanje i \u010di\u0161\u0107enje.<br data-start=\"886\" data-end=\"889\">\u2705 Udobnost i sigurnost pri svakodnevnoj uporabi.<\/p>\n<p data-start=\"936\" data-end=\"1070\">Neka va\u0161 konj uvijek bude za\u0161ti\u0107en i istovremeno opu\u0161ten \u2013 s dekom HKM Changeover spojit \u0107ete funkcionalnost, udobnost i kvalitetu.<\/p>\n","protected":false},"excerpt":{"rendered":"<ul>\n<li>idealno kao poddeka<\/li>\n<li>100% pamu\u010dna<\/li>\n<\/ul>\n","protected":false},"featured_media":109013,"template":"","meta":{"footnotes":""},"product_brand":[],"product_cat":[5692,5624,5770,5805],"product_tag":[],"class_list":{"0":"post-114206","1":"product","2":"type-product","3":"status-publish","4":"has-post-thumbnail","6":"product_cat-pokrivaci","7":"product_cat-konj-hr","8":"product_cat-ljetne-deke","9":"product_cat-stalski-deke-hr","11":"first","12":"instock","13":"sale","14":"shipping-taxable","15":"purchasable","16":"product-type-variable"},"yoast_head":"<!-- This site is optimized with the Yoast SEO plugin v27.4 - https:\/\/yoast.com\/product\/yoast-seo-wordpress\/ -->\n<title>Pamu\u010dna deka HKM Changeover - Clair<\/title>\n<meta name=\"description\" content=\"idealno kao poddeka  100% pamu\u010dna\" \/>\n<meta name=\"robots\" content=\"index, follow, max-snippet:-1, max-image-preview:large, max-video-preview:-1\" \/>\n<link rel=\"canonical\" href=\"https:\/\/clair.si\/izdelek\/bombazno-pregrinjalo-hkm-changeover\/\" \/>\n<meta property=\"og:locale\" content=\"hr_HR\" \/>\n<meta property=\"og:type\" content=\"article\" \/>\n<meta property=\"og:title\" content=\"Pamu\u010dna deka HKM Changeover - Clair\" \/>\n<meta property=\"og:description\" content=\"idealno kao poddeka  100% pamu\u010dna\" \/>\n<meta property=\"og:url\" content=\"https:\/\/clair.si\/izdelek\/bombazno-pregrinjalo-hkm-changeover\/\" \/>\n<meta property=\"og:site_name\" content=\"Clair\" \/>\n<meta property=\"article:publisher\" content=\"https:\/\/www.facebook.com\/TrgovinaClair\/\" \/>\n<meta property=\"article:modified_time\" content=\"2025-10-25T11:39:09+00:00\" \/>\n<meta property=\"og:image\" content=\"https:\/\/clair.si\/wp-content\/uploads\/2025\/09\/bombazna-deka-2.webp\" \/>\n\t<meta property=\"og:image:width\" content=\"700\" \/>\n\t<meta property=\"og:image:height\" content=\"700\" \/>\n\t<meta property=\"og:image:type\" content=\"image\/jpeg\" \/>\n<meta name=\"twitter:card\" content=\"summary_large_image\" \/>\n<meta name=\"twitter:label1\" content=\"Procijenjeno vrijeme \u010ditanja\" \/>\n\t<meta name=\"twitter:data1\" content=\"1 minuta\" \/>\n<script type=\"application\/ld+json\" class=\"yoast-schema-graph\">{\"@context\":\"https:\\\/\\\/schema.org\",\"@graph\":[{\"@type\":\"WebPage\",\"@id\":\"https:\\\/\\\/clair.si\\\/izdelek\\\/bombazno-pregrinjalo-hkm-changeover\\\/\",\"url\":\"https:\\\/\\\/clair.si\\\/izdelek\\\/bombazno-pregrinjalo-hkm-changeover\\\/\",\"name\":\"Pamu\u010dna deka HKM Changeover - Clair\",\"isPartOf\":{\"@id\":\"https:\\\/\\\/clair.si\\\/#website\"},\"primaryImageOfPage\":{\"@id\":\"https:\\\/\\\/clair.si\\\/izdelek\\\/bombazno-pregrinjalo-hkm-changeover\\\/#primaryimage\"},\"image\":{\"@id\":\"https:\\\/\\\/clair.si\\\/izdelek\\\/bombazno-pregrinjalo-hkm-changeover\\\/#primaryimage\"},\"thumbnailUrl\":\"https:\\\/\\\/clair.si\\\/wp-content\\\/uploads\\\/2025\\\/09\\\/bombazna-deka-2.webp\",\"datePublished\":\"2025-09-05T10:52:52+00:00\",\"dateModified\":\"2025-10-25T11:39:09+00:00\",\"description\":\"idealno kao poddeka 100% pamu\u010dna\",\"breadcrumb\":{\"@id\":\"https:\\\/\\\/clair.si\\\/izdelek\\\/bombazno-pregrinjalo-hkm-changeover\\\/#breadcrumb\"},\"inLanguage\":\"hr\",\"potentialAction\":[{\"@type\":\"ReadAction\",\"target\":[\"https:\\\/\\\/clair.si\\\/izdelek\\\/bombazno-pregrinjalo-hkm-changeover\\\/\"]}]},{\"@type\":\"ImageObject\",\"inLanguage\":\"hr\",\"@id\":\"https:\\\/\\\/clair.si\\\/izdelek\\\/bombazno-pregrinjalo-hkm-changeover\\\/#primaryimage\",\"url\":\"https:\\\/\\\/clair.si\\\/wp-content\\\/uploads\\\/2025\\\/09\\\/bombazna-deka-2.webp\",\"contentUrl\":\"https:\\\/\\\/clair.si\\\/wp-content\\\/uploads\\\/2025\\\/09\\\/bombazna-deka-2.webp\",\"width\":700,\"height\":700},{\"@type\":\"BreadcrumbList\",\"@id\":\"https:\\\/\\\/clair.si\\\/izdelek\\\/bombazno-pregrinjalo-hkm-changeover\\\/#breadcrumb\",\"itemListElement\":[{\"@type\":\"ListItem\",\"position\":1,\"name\":\"Home\",\"item\":\"https:\\\/\\\/clair.si\\\/hr\\\/\"},{\"@type\":\"ListItem\",\"position\":2,\"name\":\"Trgovina\",\"item\":\"https:\\\/\\\/clair.si\\\/trgovina\\\/\"},{\"@type\":\"ListItem\",\"position\":3,\"name\":\"Pamu\u010dna deka HKM Changeover\"}]},{\"@type\":\"WebSite\",\"@id\":\"https:\\\/\\\/clair.si\\\/#website\",\"url\":\"https:\\\/\\\/clair.si\\\/\",\"name\":\"Clair\",\"description\":\"Trgovina s konjeni\u0161ko opremo\",\"publisher\":{\"@id\":\"https:\\\/\\\/clair.si\\\/#organization\"},\"potentialAction\":[{\"@type\":\"SearchAction\",\"target\":{\"@type\":\"EntryPoint\",\"urlTemplate\":\"https:\\\/\\\/clair.si\\\/?s={search_term_string}\"},\"query-input\":{\"@type\":\"PropertyValueSpecification\",\"valueRequired\":true,\"valueName\":\"search_term_string\"}}],\"inLanguage\":\"hr\"},{\"@type\":\"Organization\",\"@id\":\"https:\\\/\\\/clair.si\\\/#organization\",\"name\":\"Clair\",\"url\":\"https:\\\/\\\/clair.si\\\/\",\"logo\":{\"@type\":\"ImageObject\",\"inLanguage\":\"hr\",\"@id\":\"https:\\\/\\\/clair.si\\\/#\\\/schema\\\/logo\\\/image\\\/\",\"url\":\"https:\\\/\\\/clair.si\\\/wp-content\\\/uploads\\\/2022\\\/11\\\/clair_logo_2022.jpg\",\"contentUrl\":\"https:\\\/\\\/clair.si\\\/wp-content\\\/uploads\\\/2022\\\/11\\\/clair_logo_2022.jpg\",\"width\":1920,\"height\":1920,\"caption\":\"Clair\"},\"image\":{\"@id\":\"https:\\\/\\\/clair.si\\\/#\\\/schema\\\/logo\\\/image\\\/\"},\"sameAs\":[\"https:\\\/\\\/www.facebook.com\\\/TrgovinaClair\\\/\"]}]}<\/script>\n<!-- \/ Yoast SEO plugin. -->","yoast_head_json":{"title":"Pamu\u010dna deka HKM Changeover - Clair","description":"idealno kao poddeka  100% pamu\u010dna","robots":{"index":"index","follow":"follow","max-snippet":"max-snippet:-1","max-image-preview":"max-image-preview:large","max-video-preview":"max-video-preview:-1"},"canonical":"https:\/\/clair.si\/izdelek\/bombazno-pregrinjalo-hkm-changeover\/","og_locale":"hr_HR","og_type":"article","og_title":"Pamu\u010dna deka HKM Changeover - Clair","og_description":"idealno kao poddeka  100% pamu\u010dna","og_url":"https:\/\/clair.si\/izdelek\/bombazno-pregrinjalo-hkm-changeover\/","og_site_name":"Clair","article_publisher":"https:\/\/www.facebook.com\/TrgovinaClair\/","article_modified_time":"2025-10-25T11:39:09+00:00","og_image":[{"width":700,"height":700,"url":"https:\/\/clair.si\/wp-content\/uploads\/2025\/09\/bombazna-deka-2.webp","type":"image\/jpeg"}],"twitter_card":"summary_large_image","twitter_misc":{"Procijenjeno vrijeme \u010ditanja":"1 minuta"},"schema":{"@context":"https:\/\/schema.org","@graph":[{"@type":"WebPage","@id":"https:\/\/clair.si\/izdelek\/bombazno-pregrinjalo-hkm-changeover\/","url":"https:\/\/clair.si\/izdelek\/bombazno-pregrinjalo-hkm-changeover\/","name":"Pamu\u010dna deka HKM Changeover - Clair","isPartOf":{"@id":"https:\/\/clair.si\/#website"},"primaryImageOfPage":{"@id":"https:\/\/clair.si\/izdelek\/bombazno-pregrinjalo-hkm-changeover\/#primaryimage"},"image":{"@id":"https:\/\/clair.si\/izdelek\/bombazno-pregrinjalo-hkm-changeover\/#primaryimage"},"thumbnailUrl":"https:\/\/clair.si\/wp-content\/uploads\/2025\/09\/bombazna-deka-2.webp","datePublished":"2025-09-05T10:52:52+00:00","dateModified":"2025-10-25T11:39:09+00:00","description":"idealno kao poddeka 100% pamu\u010dna","breadcrumb":{"@id":"https:\/\/clair.si\/izdelek\/bombazno-pregrinjalo-hkm-changeover\/#breadcrumb"},"inLanguage":"hr","potentialAction":[{"@type":"ReadAction","target":["https:\/\/clair.si\/izdelek\/bombazno-pregrinjalo-hkm-changeover\/"]}]},{"@type":"ImageObject","inLanguage":"hr","@id":"https:\/\/clair.si\/izdelek\/bombazno-pregrinjalo-hkm-changeover\/#primaryimage","url":"https:\/\/clair.si\/wp-content\/uploads\/2025\/09\/bombazna-deka-2.webp","contentUrl":"https:\/\/clair.si\/wp-content\/uploads\/2025\/09\/bombazna-deka-2.webp","width":700,"height":700},{"@type":"BreadcrumbList","@id":"https:\/\/clair.si\/izdelek\/bombazno-pregrinjalo-hkm-changeover\/#breadcrumb","itemListElement":[{"@type":"ListItem","position":1,"name":"Home","item":"https:\/\/clair.si\/hr\/"},{"@type":"ListItem","position":2,"name":"Trgovina","item":"https:\/\/clair.si\/trgovina\/"},{"@type":"ListItem","position":3,"name":"Pamu\u010dna deka HKM Changeover"}]},{"@type":"WebSite","@id":"https:\/\/clair.si\/#website","url":"https:\/\/clair.si\/","name":"Clair","description":"Trgovina s konjeni\u0161ko opremo","publisher":{"@id":"https:\/\/clair.si\/#organization"},"potentialAction":[{"@type":"SearchAction","target":{"@type":"EntryPoint","urlTemplate":"https:\/\/clair.si\/?s={search_term_string}"},"query-input":{"@type":"PropertyValueSpecification","valueRequired":true,"valueName":"search_term_string"}}],"inLanguage":"hr"},{"@type":"Organization","@id":"https:\/\/clair.si\/#organization","name":"Clair","url":"https:\/\/clair.si\/","logo":{"@type":"ImageObject","inLanguage":"hr","@id":"https:\/\/clair.si\/#\/schema\/logo\/image\/","url":"https:\/\/clair.si\/wp-content\/uploads\/2022\/11\/clair_logo_2022.jpg","contentUrl":"https:\/\/clair.si\/wp-content\/uploads\/2022\/11\/clair_logo_2022.jpg","width":1920,"height":1920,"caption":"Clair"},"image":{"@id":"https:\/\/clair.si\/#\/schema\/logo\/image\/"},"sameAs":["https:\/\/www.facebook.com\/TrgovinaClair\/"]}]}},"_links":{"self":[{"href":"https:\/\/clair.si\/hr\/wp-json\/wp\/v2\/product\/114206","targetHints":{"allow":["GET"]}}],"collection":[{"href":"https:\/\/clair.si\/hr\/wp-json\/wp\/v2\/product"}],"about":[{"href":"https:\/\/clair.si\/hr\/wp-json\/wp\/v2\/types\/product"}],"version-history":[{"count":2,"href":"https:\/\/clair.si\/hr\/wp-json\/wp\/v2\/product\/114206\/revisions"}],"predecessor-version":[{"id":114910,"href":"https:\/\/clair.si\/hr\/wp-json\/wp\/v2\/product\/114206\/revisions\/114910"}],"wp:featuredmedia":[{"embeddable":true,"href":"https:\/\/clair.si\/hr\/wp-json\/wp\/v2\/media\/109013"}],"wp:attachment":[{"href":"https:\/\/clair.si\/hr\/wp-json\/wp\/v2\/media?parent=114206"}],"wp:term":[{"taxonomy":"product_brand","embeddable":true,"href":"https:\/\/clair.si\/hr\/wp-json\/wp\/v2\/product_brand?post=114206"},{"taxonomy":"product_cat","embeddable":true,"href":"https:\/\/clair.si\/hr\/wp-json\/wp\/v2\/product_cat?post=114206"},{"taxonomy":"product_tag","embeddable":true,"href":"https:\/\/clair.si\/hr\/wp-json\/wp\/v2\/product_tag?post=114206"}],"curies":[{"name":"wp","href":"https:\/\/api.w.org\/{rel}","templated":true}]}}