{"id":114217,"date":"2025-09-02T09:44:49","date_gmt":"2025-09-02T07:44:49","guid":{"rendered":"https:\/\/clair.si\/izdelek\/maska-protiv-muha-hkm-amalfi\/"},"modified":"2025-10-20T08:17:42","modified_gmt":"2025-10-20T06:17:42","slug":"maska-protiv-muha-hkm-amalfi","status":"publish","type":"product","link":"https:\/\/clair.si\/hr\/izdelek\/maska-protiv-muha-hkm-amalfi\/","title":{"rendered":"Maska protiv muha HKM Amalfi"},"content":{"rendered":"<p data-start=\"123\" data-end=\"197\"><span class=\"relative -mx-px my-[-0.2rem] rounded px-px py-[0.2rem] transition-colors duration-100 ease-in-out\">Maska protiv muha HKM Amalfi (Lauria Garrelli) nudi pouzdanu za\u0161titu konja od muha i insekata, ali ne ometa njegovu slobodu kretanja. Promi\u0161ljena krojna linija pove\u0107ava sigurnu udaljenost do o\u010diju, dok otvoreni dio omogu\u0107uje udobnost grive. U\u0161i su izra\u0111ene od zra\u010dnog mre\u017eastog materijala za optimalnu prozra\u010dnost. Nevidljivi patentni zatvara\u010d omogu\u0107uje jednostavno postavljanje i sprje\u010dava mogu\u0107e trljanje. <\/span><\/p>\n<h3 data-start=\"199\" data-end=\"221\">Prednosti proizvoda:<\/h3>\n<ul data-start=\"222\" data-end=\"539\">\n<li data-start=\"222\" data-end=\"300\">\n<p data-start=\"224\" data-end=\"300\"><span class=\"relative -mx-px my-[-0.2rem] rounded px-px py-[0.2rem] transition-colors duration-100 ease-in-out\"><strong data-start=\"0\" data-end=\"33\" data-is-only-node=\"\">Za\u0161tita bez ograni\u010denja kretanja<\/strong> \u2013 maska ne ometa konja tijekom aktivnosti.<\/span><\/p>\n<\/li>\n<li data-start=\"222\" data-end=\"300\">\n<p data-start=\"224\" data-end=\"300\"><span class=\"relative -mx-px my-[-0.2rem] rounded px-px py-[0.2rem] transition-colors duration-100 ease-in-out\"><strong data-start=\"0\" data-end=\"23\" data-is-only-node=\"\">Promi\u0161ljen dizajn<\/strong> \u2013 otvor za grivu i sigurna udaljenost do o\u010diju osiguravaju udobnost.<\/span><\/p>\n<\/li>\n<li data-start=\"380\" data-end=\"458\">\n<p data-start=\"382\" data-end=\"458\"><span class=\"relative -mx-px my-[-0.2rem] rounded px-px py-[0.2rem] transition-colors duration-100 ease-in-out\"><strong data-start=\"0\" data-end=\"16\" data-is-only-node=\"\">Zra\u010dne u\u0161i<\/strong> \u2013 mre\u017easti materijal za odli\u010dan protok zraka.<\/span><\/p>\n<\/li>\n<li data-start=\"459\" data-end=\"539\">\n<p data-start=\"461\" data-end=\"539\"><span class=\"relative -mx-px my-[-0.2rem] rounded px-px py-[0.2rem] transition-colors duration-100 ease-in-out\"><strong data-start=\"0\" data-end=\"18\" data-is-only-node=\"\">Nevidljivi patentni zatvara\u010d<\/strong> \u2013 omogu\u0107uje jednostavno obla\u010denje i smanjuje trljanje.<\/span><\/p>\n<\/li>\n<\/ul>\n<h3><strong>Tehni\u010dki sastav i odr\u017eavanje:<\/strong><\/h3>\n<ul data-start=\"578\" data-end=\"741\">\n<li data-start=\"578\" data-end=\"660\">\n<p data-start=\"580\" data-end=\"660\"><span class=\"relative -mx-px my-[-0.2rem] rounded px-px py-[0.2rem] transition-colors duration-100 ease-in-out\"><strong data-start=\"0\" data-end=\"12\" data-is-only-node=\"\">Materijal<\/strong>: 85 % poliester, 15 % elastan<\/span><\/p>\n<\/li>\n<li data-start=\"578\" data-end=\"660\">\n<p data-start=\"580\" data-end=\"660\"><span class=\"relative -mx-px my-[-0.2rem] rounded px-px py-[0.2rem] transition-colors duration-100 ease-in-out\"><strong data-start=\"0\" data-end=\"15\" data-is-only-node=\"\">Odr\u017eavanje<\/strong>: Prati u perilici rublja na 30 \u00b0C, patentne zatvara\u010de i velcro zatvara\u010de zatvoriti prije pranja; nije prikladno za su\u0161enje u su\u0161ilici.<\/span><\/p>\n<\/li>\n<\/ul>\n","protected":false},"excerpt":{"rendered":"<ul>\n<li>s patentnim zatvara\u010dem<\/li>\n<li>mre\u017easte u\u0161i<\/li>\n<li>u tri razli\u010dite boje<\/li>\n<\/ul>\n","protected":false},"featured_media":108672,"template":"","meta":{"footnotes":""},"product_brand":[],"product_cat":[5624,5780,5627,5674],"product_tag":[],"class_list":{"0":"post-114217","1":"product","2":"type-product","3":"status-publish","4":"has-post-thumbnail","6":"product_cat-konj-hr","7":"product_cat-maske-protiv-muha","8":"product_cat-stala-i-pasnjak","9":"product_cat-zastita-od-insekata","11":"first","12":"instock","13":"sale","14":"shipping-taxable","15":"purchasable","16":"product-type-variable"},"yoast_head":"<!-- This site is optimized with the Yoast SEO plugin v27.4 - https:\/\/yoast.com\/product\/yoast-seo-wordpress\/ -->\n<title>Maska protiv muha HKM Amalfi - Clair<\/title>\n<meta name=\"description\" content=\"s patentnim zatvara\u010dem  mre\u017easte u\u0161i  u tri razli\u010dite boje\" \/>\n<meta name=\"robots\" content=\"index, follow, max-snippet:-1, max-image-preview:large, max-video-preview:-1\" \/>\n<link rel=\"canonical\" href=\"https:\/\/clair.si\/izdelek\/maska-proti-muham-hkm-amalfi\/\" \/>\n<meta property=\"og:locale\" content=\"hr_HR\" \/>\n<meta property=\"og:type\" content=\"article\" \/>\n<meta property=\"og:title\" content=\"Maska protiv muha HKM Amalfi - Clair\" \/>\n<meta property=\"og:description\" content=\"s patentnim zatvara\u010dem  mre\u017easte u\u0161i  u tri razli\u010dite boje\" \/>\n<meta property=\"og:url\" content=\"https:\/\/clair.si\/izdelek\/maska-proti-muham-hkm-amalfi\/\" \/>\n<meta property=\"og:site_name\" content=\"Clair\" \/>\n<meta property=\"article:publisher\" content=\"https:\/\/www.facebook.com\/TrgovinaClair\/\" \/>\n<meta property=\"article:modified_time\" content=\"2025-10-20T06:17:42+00:00\" \/>\n<meta property=\"og:image\" content=\"https:\/\/clair.si\/wp-content\/uploads\/2025\/09\/amalfi-modra.webp\" \/>\n\t<meta property=\"og:image:width\" content=\"700\" \/>\n\t<meta property=\"og:image:height\" content=\"700\" \/>\n\t<meta property=\"og:image:type\" content=\"image\/jpeg\" \/>\n<meta name=\"twitter:card\" content=\"summary_large_image\" \/>\n<meta name=\"twitter:label1\" content=\"Procijenjeno vrijeme \u010ditanja\" \/>\n\t<meta name=\"twitter:data1\" content=\"1 minuta\" \/>\n<script type=\"application\/ld+json\" class=\"yoast-schema-graph\">{\"@context\":\"https:\\\/\\\/schema.org\",\"@graph\":[{\"@type\":\"WebPage\",\"@id\":\"https:\\\/\\\/clair.si\\\/izdelek\\\/maska-proti-muham-hkm-amalfi\\\/\",\"url\":\"https:\\\/\\\/clair.si\\\/izdelek\\\/maska-proti-muham-hkm-amalfi\\\/\",\"name\":\"Maska protiv muha HKM Amalfi - Clair\",\"isPartOf\":{\"@id\":\"https:\\\/\\\/clair.si\\\/#website\"},\"primaryImageOfPage\":{\"@id\":\"https:\\\/\\\/clair.si\\\/izdelek\\\/maska-proti-muham-hkm-amalfi\\\/#primaryimage\"},\"image\":{\"@id\":\"https:\\\/\\\/clair.si\\\/izdelek\\\/maska-proti-muham-hkm-amalfi\\\/#primaryimage\"},\"thumbnailUrl\":\"https:\\\/\\\/clair.si\\\/wp-content\\\/uploads\\\/2025\\\/09\\\/amalfi-modra.webp\",\"datePublished\":\"2025-09-02T07:44:49+00:00\",\"dateModified\":\"2025-10-20T06:17:42+00:00\",\"description\":\"s patentnim zatvara\u010dem mre\u017easte u\u0161i u tri razli\u010dite boje\",\"breadcrumb\":{\"@id\":\"https:\\\/\\\/clair.si\\\/izdelek\\\/maska-proti-muham-hkm-amalfi\\\/#breadcrumb\"},\"inLanguage\":\"hr\",\"potentialAction\":[{\"@type\":\"ReadAction\",\"target\":[\"https:\\\/\\\/clair.si\\\/izdelek\\\/maska-proti-muham-hkm-amalfi\\\/\"]}]},{\"@type\":\"ImageObject\",\"inLanguage\":\"hr\",\"@id\":\"https:\\\/\\\/clair.si\\\/izdelek\\\/maska-proti-muham-hkm-amalfi\\\/#primaryimage\",\"url\":\"https:\\\/\\\/clair.si\\\/wp-content\\\/uploads\\\/2025\\\/09\\\/amalfi-modra.webp\",\"contentUrl\":\"https:\\\/\\\/clair.si\\\/wp-content\\\/uploads\\\/2025\\\/09\\\/amalfi-modra.webp\",\"width\":700,\"height\":700},{\"@type\":\"BreadcrumbList\",\"@id\":\"https:\\\/\\\/clair.si\\\/izdelek\\\/maska-proti-muham-hkm-amalfi\\\/#breadcrumb\",\"itemListElement\":[{\"@type\":\"ListItem\",\"position\":1,\"name\":\"Home\",\"item\":\"https:\\\/\\\/clair.si\\\/hr\\\/\"},{\"@type\":\"ListItem\",\"position\":2,\"name\":\"Trgovina\",\"item\":\"https:\\\/\\\/clair.si\\\/trgovina\\\/\"},{\"@type\":\"ListItem\",\"position\":3,\"name\":\"Maska protiv muha HKM Amalfi\"}]},{\"@type\":\"WebSite\",\"@id\":\"https:\\\/\\\/clair.si\\\/#website\",\"url\":\"https:\\\/\\\/clair.si\\\/\",\"name\":\"Clair\",\"description\":\"Trgovina s konjeni\u0161ko opremo\",\"publisher\":{\"@id\":\"https:\\\/\\\/clair.si\\\/#organization\"},\"potentialAction\":[{\"@type\":\"SearchAction\",\"target\":{\"@type\":\"EntryPoint\",\"urlTemplate\":\"https:\\\/\\\/clair.si\\\/?s={search_term_string}\"},\"query-input\":{\"@type\":\"PropertyValueSpecification\",\"valueRequired\":true,\"valueName\":\"search_term_string\"}}],\"inLanguage\":\"hr\"},{\"@type\":\"Organization\",\"@id\":\"https:\\\/\\\/clair.si\\\/#organization\",\"name\":\"Clair\",\"url\":\"https:\\\/\\\/clair.si\\\/\",\"logo\":{\"@type\":\"ImageObject\",\"inLanguage\":\"hr\",\"@id\":\"https:\\\/\\\/clair.si\\\/#\\\/schema\\\/logo\\\/image\\\/\",\"url\":\"https:\\\/\\\/clair.si\\\/wp-content\\\/uploads\\\/2022\\\/11\\\/clair_logo_2022.jpg\",\"contentUrl\":\"https:\\\/\\\/clair.si\\\/wp-content\\\/uploads\\\/2022\\\/11\\\/clair_logo_2022.jpg\",\"width\":1920,\"height\":1920,\"caption\":\"Clair\"},\"image\":{\"@id\":\"https:\\\/\\\/clair.si\\\/#\\\/schema\\\/logo\\\/image\\\/\"},\"sameAs\":[\"https:\\\/\\\/www.facebook.com\\\/TrgovinaClair\\\/\"]}]}<\/script>\n<!-- \/ Yoast SEO plugin. -->","yoast_head_json":{"title":"Maska protiv muha HKM Amalfi - Clair","description":"s patentnim zatvara\u010dem  mre\u017easte u\u0161i  u tri razli\u010dite boje","robots":{"index":"index","follow":"follow","max-snippet":"max-snippet:-1","max-image-preview":"max-image-preview:large","max-video-preview":"max-video-preview:-1"},"canonical":"https:\/\/clair.si\/izdelek\/maska-proti-muham-hkm-amalfi\/","og_locale":"hr_HR","og_type":"article","og_title":"Maska protiv muha HKM Amalfi - Clair","og_description":"s patentnim zatvara\u010dem  mre\u017easte u\u0161i  u tri razli\u010dite boje","og_url":"https:\/\/clair.si\/izdelek\/maska-proti-muham-hkm-amalfi\/","og_site_name":"Clair","article_publisher":"https:\/\/www.facebook.com\/TrgovinaClair\/","article_modified_time":"2025-10-20T06:17:42+00:00","og_image":[{"width":700,"height":700,"url":"https:\/\/clair.si\/wp-content\/uploads\/2025\/09\/amalfi-modra.webp","type":"image\/jpeg"}],"twitter_card":"summary_large_image","twitter_misc":{"Procijenjeno vrijeme \u010ditanja":"1 minuta"},"schema":{"@context":"https:\/\/schema.org","@graph":[{"@type":"WebPage","@id":"https:\/\/clair.si\/izdelek\/maska-proti-muham-hkm-amalfi\/","url":"https:\/\/clair.si\/izdelek\/maska-proti-muham-hkm-amalfi\/","name":"Maska protiv muha HKM Amalfi - Clair","isPartOf":{"@id":"https:\/\/clair.si\/#website"},"primaryImageOfPage":{"@id":"https:\/\/clair.si\/izdelek\/maska-proti-muham-hkm-amalfi\/#primaryimage"},"image":{"@id":"https:\/\/clair.si\/izdelek\/maska-proti-muham-hkm-amalfi\/#primaryimage"},"thumbnailUrl":"https:\/\/clair.si\/wp-content\/uploads\/2025\/09\/amalfi-modra.webp","datePublished":"2025-09-02T07:44:49+00:00","dateModified":"2025-10-20T06:17:42+00:00","description":"s patentnim zatvara\u010dem mre\u017easte u\u0161i u tri razli\u010dite boje","breadcrumb":{"@id":"https:\/\/clair.si\/izdelek\/maska-proti-muham-hkm-amalfi\/#breadcrumb"},"inLanguage":"hr","potentialAction":[{"@type":"ReadAction","target":["https:\/\/clair.si\/izdelek\/maska-proti-muham-hkm-amalfi\/"]}]},{"@type":"ImageObject","inLanguage":"hr","@id":"https:\/\/clair.si\/izdelek\/maska-proti-muham-hkm-amalfi\/#primaryimage","url":"https:\/\/clair.si\/wp-content\/uploads\/2025\/09\/amalfi-modra.webp","contentUrl":"https:\/\/clair.si\/wp-content\/uploads\/2025\/09\/amalfi-modra.webp","width":700,"height":700},{"@type":"BreadcrumbList","@id":"https:\/\/clair.si\/izdelek\/maska-proti-muham-hkm-amalfi\/#breadcrumb","itemListElement":[{"@type":"ListItem","position":1,"name":"Home","item":"https:\/\/clair.si\/hr\/"},{"@type":"ListItem","position":2,"name":"Trgovina","item":"https:\/\/clair.si\/trgovina\/"},{"@type":"ListItem","position":3,"name":"Maska protiv muha HKM Amalfi"}]},{"@type":"WebSite","@id":"https:\/\/clair.si\/#website","url":"https:\/\/clair.si\/","name":"Clair","description":"Trgovina s konjeni\u0161ko opremo","publisher":{"@id":"https:\/\/clair.si\/#organization"},"potentialAction":[{"@type":"SearchAction","target":{"@type":"EntryPoint","urlTemplate":"https:\/\/clair.si\/?s={search_term_string}"},"query-input":{"@type":"PropertyValueSpecification","valueRequired":true,"valueName":"search_term_string"}}],"inLanguage":"hr"},{"@type":"Organization","@id":"https:\/\/clair.si\/#organization","name":"Clair","url":"https:\/\/clair.si\/","logo":{"@type":"ImageObject","inLanguage":"hr","@id":"https:\/\/clair.si\/#\/schema\/logo\/image\/","url":"https:\/\/clair.si\/wp-content\/uploads\/2022\/11\/clair_logo_2022.jpg","contentUrl":"https:\/\/clair.si\/wp-content\/uploads\/2022\/11\/clair_logo_2022.jpg","width":1920,"height":1920,"caption":"Clair"},"image":{"@id":"https:\/\/clair.si\/#\/schema\/logo\/image\/"},"sameAs":["https:\/\/www.facebook.com\/TrgovinaClair\/"]}]}},"_links":{"self":[{"href":"https:\/\/clair.si\/hr\/wp-json\/wp\/v2\/product\/114217","targetHints":{"allow":["GET"]}}],"collection":[{"href":"https:\/\/clair.si\/hr\/wp-json\/wp\/v2\/product"}],"about":[{"href":"https:\/\/clair.si\/hr\/wp-json\/wp\/v2\/types\/product"}],"version-history":[{"count":2,"href":"https:\/\/clair.si\/hr\/wp-json\/wp\/v2\/product\/114217\/revisions"}],"predecessor-version":[{"id":114432,"href":"https:\/\/clair.si\/hr\/wp-json\/wp\/v2\/product\/114217\/revisions\/114432"}],"wp:featuredmedia":[{"embeddable":true,"href":"https:\/\/clair.si\/hr\/wp-json\/wp\/v2\/media\/108672"}],"wp:attachment":[{"href":"https:\/\/clair.si\/hr\/wp-json\/wp\/v2\/media?parent=114217"}],"wp:term":[{"taxonomy":"product_brand","embeddable":true,"href":"https:\/\/clair.si\/hr\/wp-json\/wp\/v2\/product_brand?post=114217"},{"taxonomy":"product_cat","embeddable":true,"href":"https:\/\/clair.si\/hr\/wp-json\/wp\/v2\/product_cat?post=114217"},{"taxonomy":"product_tag","embeddable":true,"href":"https:\/\/clair.si\/hr\/wp-json\/wp\/v2\/product_tag?post=114217"}],"curies":[{"name":"wp","href":"https:\/\/api.w.org\/{rel}","templated":true}]}}