{"id":114219,"date":"2025-09-02T12:51:10","date_gmt":"2025-09-02T10:51:10","guid":{"rendered":"https:\/\/clair.si\/izdelek\/bandaze-hkm-combo\/"},"modified":"2025-12-18T17:47:00","modified_gmt":"2025-12-18T16:47:00","slug":"bandaze-hkm-combo","status":"publish","type":"product","link":"https:\/\/clair.si\/hr\/izdelek\/bandaze-hkm-combo\/","title":{"rendered":"Banda\u017ee HKM Combo"},"content":{"rendered":"<p data-start=\"141\" data-end=\"215\"><span class=\"relative -mx-px my-[-0.2rem] rounded px-px py-[0.2rem] transition-colors duration-100 ease-in-out\">Komplet <strong data-start=\"8\" data-end=\"29\">Bandage\u2011Combo HKM<\/strong> sadr\u017ei \u010detiri svestrane banda\u017ee koje kombiniraju potpornu elasti\u010dnost i udobnost polarnog flisa. Svaki je komad izra\u0111en od dva sloja \u2013 <strong data-start=\"164\" data-end=\"190\">elasti\u010dni vanjski sloj<\/strong> (50 % poliester, 50 % elastan) koji osigurava stabilnu potporu, i <strong data-start=\"256\" data-end=\"288\">nje\u017eni unutarnji sloj od flisa<\/strong> (100 % poliester) koji \u0161titi ko\u017eu konja od iritacije. Banda\u017ee su \u0161iroke pribli\u017eno 10 cm i jednostavno se pri\u010dvr\u0161\u0107uju \u0161irokom <strong>velcro trakom (~5 cm)<\/strong>. Komplet je prakti\u010dno pakiran u <strong data-start=\"470\" data-end=\"490\">torbicu s patentnim zatvara\u010dem<\/strong> za uredno pohranjivanje. <\/span><\/p>\n<h3 data-start=\"217\" data-end=\"239\">Klju\u010dne prednosti:<\/h3>\n<ul data-start=\"240\" data-end=\"557\">\n<li data-start=\"240\" data-end=\"318\">\n<p data-start=\"242\" data-end=\"318\"><span class=\"relative -mx-px my-[-0.2rem] rounded px-px py-[0.2rem] transition-colors duration-100 ease-in-out\"><strong data-start=\"0\" data-end=\"25\" data-is-only-node=\"\">Optimalna kombinacija<\/strong> potpore (elastan) i udobnosti (flis), idealna za njegu i za\u0161titu udova.<\/span><\/p>\n<\/li>\n<li data-start=\"319\" data-end=\"397\">\n<p data-start=\"321\" data-end=\"397\"><span class=\"relative -mx-px my-[-0.2rem] rounded px-px py-[0.2rem] transition-colors duration-100 ease-in-out\"><strong data-start=\"0\" data-end=\"24\" data-is-only-node=\"\">Jednostavno postavljanje<\/strong> i prilagodba sa \u0161irokom velcro trakom \u2013 brzo i bez komplikacija.<\/span><\/p>\n<\/li>\n<li data-start=\"398\" data-end=\"476\">\n<p data-start=\"400\" data-end=\"476\"><span class=\"relative -mx-px my-[-0.2rem] rounded px-px py-[0.2rem] transition-colors duration-100 ease-in-out\"><strong data-start=\"0\" data-end=\"29\" data-is-only-node=\"\">Organizirano pohranjivanje<\/strong> zahvaljuju\u0107i prakti\u010dnoj torbici s patentnim zatvara\u010dem, koja odr\u017eava banda\u017ee \u010distima i spremnima za uporabu.<\/span><\/p>\n<\/li>\n<li data-start=\"477\" data-end=\"557\">\n<p data-start=\"479\" data-end=\"557\"><span class=\"relative -mx-px my-[-0.2rem] rounded px-px py-[0.2rem] transition-colors duration-100 ease-in-out\"><strong data-start=\"0\" data-end=\"25\" data-is-only-node=\"\">Jednostavno odr\u017eavanje<\/strong> \u2013 pranje u perilici rublja na 30 \u00b0C (prije pranja zatvorite velcro trake).<\/span><\/p>\n<\/li>\n<\/ul>\n","protected":false},"excerpt":{"rendered":"<ul>\n<li>elasti\u010dne s vanjske strane, flis s unutarnje strane<\/li>\n<li>u dvije duljine<\/li>\n<\/ul>\n","protected":false},"featured_media":108730,"template":"","meta":{"footnotes":""},"product_brand":[],"product_cat":[5892,5624,5773],"product_tag":[],"class_list":{"0":"post-114219","1":"product","2":"type-product","3":"status-publish","4":"has-post-thumbnail","6":"product_cat-bandaze-hr","7":"product_cat-konj-hr","8":"product_cat-zastitnici-i-bandaze","10":"first","11":"instock","12":"sale","13":"shipping-taxable","14":"purchasable","15":"product-type-variable"},"yoast_head":"<!-- This site is optimized with the Yoast SEO plugin v27.4 - https:\/\/yoast.com\/product\/yoast-seo-wordpress\/ -->\n<title>Banda\u017ee HKM Combo - Clair<\/title>\n<meta name=\"description\" content=\"elasti\u010dne s vanjske strane, flis s unutarnje strane  u dvije duljine\" \/>\n<meta name=\"robots\" content=\"index, follow, max-snippet:-1, max-image-preview:large, max-video-preview:-1\" \/>\n<link rel=\"canonical\" href=\"https:\/\/clair.si\/izdelek\/bandaze-hkm-combo\/\" \/>\n<meta property=\"og:locale\" content=\"hr_HR\" \/>\n<meta property=\"og:type\" content=\"article\" \/>\n<meta property=\"og:title\" content=\"Banda\u017ee HKM Combo - Clair\" \/>\n<meta property=\"og:description\" content=\"elasti\u010dne s vanjske strane, flis s unutarnje strane  u dvije duljine\" \/>\n<meta property=\"og:url\" content=\"https:\/\/clair.si\/izdelek\/bandaze-hkm-combo\/\" \/>\n<meta property=\"og:site_name\" content=\"Clair\" \/>\n<meta property=\"article:publisher\" content=\"https:\/\/www.facebook.com\/TrgovinaClair\/\" \/>\n<meta property=\"article:modified_time\" content=\"2025-12-18T16:47:00+00:00\" \/>\n<meta property=\"og:image\" content=\"https:\/\/clair.si\/wp-content\/uploads\/2025\/09\/kombo-bordo.webp\" \/>\n\t<meta property=\"og:image:width\" content=\"700\" \/>\n\t<meta property=\"og:image:height\" content=\"700\" \/>\n\t<meta property=\"og:image:type\" content=\"image\/jpeg\" \/>\n<meta name=\"twitter:card\" content=\"summary_large_image\" \/>\n<meta name=\"twitter:label1\" content=\"Procijenjeno vrijeme \u010ditanja\" \/>\n\t<meta name=\"twitter:data1\" content=\"1 minuta\" \/>\n<script type=\"application\/ld+json\" class=\"yoast-schema-graph\">{\"@context\":\"https:\\\/\\\/schema.org\",\"@graph\":[{\"@type\":\"WebPage\",\"@id\":\"https:\\\/\\\/clair.si\\\/izdelek\\\/bandaze-hkm-combo\\\/\",\"url\":\"https:\\\/\\\/clair.si\\\/izdelek\\\/bandaze-hkm-combo\\\/\",\"name\":\"Banda\u017ee HKM Combo - Clair\",\"isPartOf\":{\"@id\":\"https:\\\/\\\/clair.si\\\/#website\"},\"primaryImageOfPage\":{\"@id\":\"https:\\\/\\\/clair.si\\\/izdelek\\\/bandaze-hkm-combo\\\/#primaryimage\"},\"image\":{\"@id\":\"https:\\\/\\\/clair.si\\\/izdelek\\\/bandaze-hkm-combo\\\/#primaryimage\"},\"thumbnailUrl\":\"https:\\\/\\\/clair.si\\\/wp-content\\\/uploads\\\/2025\\\/09\\\/kombo-bordo.webp\",\"datePublished\":\"2025-09-02T10:51:10+00:00\",\"dateModified\":\"2025-12-18T16:47:00+00:00\",\"description\":\"elasti\u010dne s vanjske strane, flis s unutarnje strane u dvije duljine\",\"breadcrumb\":{\"@id\":\"https:\\\/\\\/clair.si\\\/izdelek\\\/bandaze-hkm-combo\\\/#breadcrumb\"},\"inLanguage\":\"hr\",\"potentialAction\":[{\"@type\":\"ReadAction\",\"target\":[\"https:\\\/\\\/clair.si\\\/izdelek\\\/bandaze-hkm-combo\\\/\"]}]},{\"@type\":\"ImageObject\",\"inLanguage\":\"hr\",\"@id\":\"https:\\\/\\\/clair.si\\\/izdelek\\\/bandaze-hkm-combo\\\/#primaryimage\",\"url\":\"https:\\\/\\\/clair.si\\\/wp-content\\\/uploads\\\/2025\\\/09\\\/kombo-bordo.webp\",\"contentUrl\":\"https:\\\/\\\/clair.si\\\/wp-content\\\/uploads\\\/2025\\\/09\\\/kombo-bordo.webp\",\"width\":700,\"height\":700},{\"@type\":\"BreadcrumbList\",\"@id\":\"https:\\\/\\\/clair.si\\\/izdelek\\\/bandaze-hkm-combo\\\/#breadcrumb\",\"itemListElement\":[{\"@type\":\"ListItem\",\"position\":1,\"name\":\"Home\",\"item\":\"https:\\\/\\\/clair.si\\\/hr\\\/\"},{\"@type\":\"ListItem\",\"position\":2,\"name\":\"Trgovina\",\"item\":\"https:\\\/\\\/clair.si\\\/trgovina\\\/\"},{\"@type\":\"ListItem\",\"position\":3,\"name\":\"Banda\u017ee HKM Combo\"}]},{\"@type\":\"WebSite\",\"@id\":\"https:\\\/\\\/clair.si\\\/#website\",\"url\":\"https:\\\/\\\/clair.si\\\/\",\"name\":\"Clair\",\"description\":\"Trgovina s konjeni\u0161ko opremo\",\"publisher\":{\"@id\":\"https:\\\/\\\/clair.si\\\/#organization\"},\"potentialAction\":[{\"@type\":\"SearchAction\",\"target\":{\"@type\":\"EntryPoint\",\"urlTemplate\":\"https:\\\/\\\/clair.si\\\/?s={search_term_string}\"},\"query-input\":{\"@type\":\"PropertyValueSpecification\",\"valueRequired\":true,\"valueName\":\"search_term_string\"}}],\"inLanguage\":\"hr\"},{\"@type\":\"Organization\",\"@id\":\"https:\\\/\\\/clair.si\\\/#organization\",\"name\":\"Clair\",\"url\":\"https:\\\/\\\/clair.si\\\/\",\"logo\":{\"@type\":\"ImageObject\",\"inLanguage\":\"hr\",\"@id\":\"https:\\\/\\\/clair.si\\\/#\\\/schema\\\/logo\\\/image\\\/\",\"url\":\"https:\\\/\\\/clair.si\\\/wp-content\\\/uploads\\\/2022\\\/11\\\/clair_logo_2022.jpg\",\"contentUrl\":\"https:\\\/\\\/clair.si\\\/wp-content\\\/uploads\\\/2022\\\/11\\\/clair_logo_2022.jpg\",\"width\":1920,\"height\":1920,\"caption\":\"Clair\"},\"image\":{\"@id\":\"https:\\\/\\\/clair.si\\\/#\\\/schema\\\/logo\\\/image\\\/\"},\"sameAs\":[\"https:\\\/\\\/www.facebook.com\\\/TrgovinaClair\\\/\"]}]}<\/script>\n<!-- \/ Yoast SEO plugin. -->","yoast_head_json":{"title":"Banda\u017ee HKM Combo - Clair","description":"elasti\u010dne s vanjske strane, flis s unutarnje strane  u dvije duljine","robots":{"index":"index","follow":"follow","max-snippet":"max-snippet:-1","max-image-preview":"max-image-preview:large","max-video-preview":"max-video-preview:-1"},"canonical":"https:\/\/clair.si\/izdelek\/bandaze-hkm-combo\/","og_locale":"hr_HR","og_type":"article","og_title":"Banda\u017ee HKM Combo - Clair","og_description":"elasti\u010dne s vanjske strane, flis s unutarnje strane  u dvije duljine","og_url":"https:\/\/clair.si\/izdelek\/bandaze-hkm-combo\/","og_site_name":"Clair","article_publisher":"https:\/\/www.facebook.com\/TrgovinaClair\/","article_modified_time":"2025-12-18T16:47:00+00:00","og_image":[{"width":700,"height":700,"url":"https:\/\/clair.si\/wp-content\/uploads\/2025\/09\/kombo-bordo.webp","type":"image\/jpeg"}],"twitter_card":"summary_large_image","twitter_misc":{"Procijenjeno vrijeme \u010ditanja":"1 minuta"},"schema":{"@context":"https:\/\/schema.org","@graph":[{"@type":"WebPage","@id":"https:\/\/clair.si\/izdelek\/bandaze-hkm-combo\/","url":"https:\/\/clair.si\/izdelek\/bandaze-hkm-combo\/","name":"Banda\u017ee HKM Combo - Clair","isPartOf":{"@id":"https:\/\/clair.si\/#website"},"primaryImageOfPage":{"@id":"https:\/\/clair.si\/izdelek\/bandaze-hkm-combo\/#primaryimage"},"image":{"@id":"https:\/\/clair.si\/izdelek\/bandaze-hkm-combo\/#primaryimage"},"thumbnailUrl":"https:\/\/clair.si\/wp-content\/uploads\/2025\/09\/kombo-bordo.webp","datePublished":"2025-09-02T10:51:10+00:00","dateModified":"2025-12-18T16:47:00+00:00","description":"elasti\u010dne s vanjske strane, flis s unutarnje strane u dvije duljine","breadcrumb":{"@id":"https:\/\/clair.si\/izdelek\/bandaze-hkm-combo\/#breadcrumb"},"inLanguage":"hr","potentialAction":[{"@type":"ReadAction","target":["https:\/\/clair.si\/izdelek\/bandaze-hkm-combo\/"]}]},{"@type":"ImageObject","inLanguage":"hr","@id":"https:\/\/clair.si\/izdelek\/bandaze-hkm-combo\/#primaryimage","url":"https:\/\/clair.si\/wp-content\/uploads\/2025\/09\/kombo-bordo.webp","contentUrl":"https:\/\/clair.si\/wp-content\/uploads\/2025\/09\/kombo-bordo.webp","width":700,"height":700},{"@type":"BreadcrumbList","@id":"https:\/\/clair.si\/izdelek\/bandaze-hkm-combo\/#breadcrumb","itemListElement":[{"@type":"ListItem","position":1,"name":"Home","item":"https:\/\/clair.si\/hr\/"},{"@type":"ListItem","position":2,"name":"Trgovina","item":"https:\/\/clair.si\/trgovina\/"},{"@type":"ListItem","position":3,"name":"Banda\u017ee HKM Combo"}]},{"@type":"WebSite","@id":"https:\/\/clair.si\/#website","url":"https:\/\/clair.si\/","name":"Clair","description":"Trgovina s konjeni\u0161ko opremo","publisher":{"@id":"https:\/\/clair.si\/#organization"},"potentialAction":[{"@type":"SearchAction","target":{"@type":"EntryPoint","urlTemplate":"https:\/\/clair.si\/?s={search_term_string}"},"query-input":{"@type":"PropertyValueSpecification","valueRequired":true,"valueName":"search_term_string"}}],"inLanguage":"hr"},{"@type":"Organization","@id":"https:\/\/clair.si\/#organization","name":"Clair","url":"https:\/\/clair.si\/","logo":{"@type":"ImageObject","inLanguage":"hr","@id":"https:\/\/clair.si\/#\/schema\/logo\/image\/","url":"https:\/\/clair.si\/wp-content\/uploads\/2022\/11\/clair_logo_2022.jpg","contentUrl":"https:\/\/clair.si\/wp-content\/uploads\/2022\/11\/clair_logo_2022.jpg","width":1920,"height":1920,"caption":"Clair"},"image":{"@id":"https:\/\/clair.si\/#\/schema\/logo\/image\/"},"sameAs":["https:\/\/www.facebook.com\/TrgovinaClair\/"]}]}},"_links":{"self":[{"href":"https:\/\/clair.si\/hr\/wp-json\/wp\/v2\/product\/114219","targetHints":{"allow":["GET"]}}],"collection":[{"href":"https:\/\/clair.si\/hr\/wp-json\/wp\/v2\/product"}],"about":[{"href":"https:\/\/clair.si\/hr\/wp-json\/wp\/v2\/types\/product"}],"version-history":[{"count":2,"href":"https:\/\/clair.si\/hr\/wp-json\/wp\/v2\/product\/114219\/revisions"}],"predecessor-version":[{"id":114463,"href":"https:\/\/clair.si\/hr\/wp-json\/wp\/v2\/product\/114219\/revisions\/114463"}],"wp:featuredmedia":[{"embeddable":true,"href":"https:\/\/clair.si\/hr\/wp-json\/wp\/v2\/media\/108730"}],"wp:attachment":[{"href":"https:\/\/clair.si\/hr\/wp-json\/wp\/v2\/media?parent=114219"}],"wp:term":[{"taxonomy":"product_brand","embeddable":true,"href":"https:\/\/clair.si\/hr\/wp-json\/wp\/v2\/product_brand?post=114219"},{"taxonomy":"product_cat","embeddable":true,"href":"https:\/\/clair.si\/hr\/wp-json\/wp\/v2\/product_cat?post=114219"},{"taxonomy":"product_tag","embeddable":true,"href":"https:\/\/clair.si\/hr\/wp-json\/wp\/v2\/product_tag?post=114219"}],"curies":[{"name":"wp","href":"https:\/\/api.w.org\/{rel}","templated":true}]}}