{"id":114634,"date":"2025-09-16T12:33:25","date_gmt":"2025-09-16T10:33:25","guid":{"rendered":"https:\/\/clair.si\/izdelek\/eskadron-regular-core-usi\/"},"modified":"2026-04-08T18:13:01","modified_gmt":"2026-04-08T16:13:01","slug":"eskadron-regular-core-usi","status":"publish","type":"product","link":"https:\/\/clair.si\/hr\/izdelek\/eskadron-regular-core-usi\/","title":{"rendered":"Eskadron Regular Core kapica"},"content":{"rendered":"<p data-start=\"38\" data-end=\"439\">Eskadron Regular Core kapica su klasi\u010dan komad iz <strong data-start=\"108\" data-end=\"135\">Eskadron Core kolekcije<\/strong> koji kombinira funkcionalnost i eleganciju. Odlikuje ih kvalitetna pamu\u010dna pletenina koja se savr\u0161eno prilago\u0111ava glavi konja i osigurava udobnost te za\u0161titu od dosadnih insekata i ometaju\u0107e buke. U\u0161ni dio je izra\u0111en od mekog, elasti\u010dnog materijala koji omogu\u0107uje slobodno kretanje u\u0161iju bez pritiskanja.<\/p>\n<p data-start=\"441\" data-end=\"625\">Ove kapica je <strong data-start=\"456\" data-end=\"511\">savr\u0161en komplet za podsedlicu Eskadron Cotton Basic<\/strong>, \u0161to stvara uskla\u0111en i profesionalan izgled \u2013 idealno za treninge, natjecanja ili elegantno svakodnevno jahanje.<\/p>\n","protected":false},"excerpt":{"rendered":"<p>\u2705 Klasi\u010dan dizajn koji nikada ne izlazi iz mode<br data-start=\"968\" data-end=\"971\" \/>\u2705 Funkcionalna za\u0161tita i udobnost za va\u0161eg konja<br data-start=\"1019\" data-end=\"1022\" \/>\u2705 Kombinirajte s podsedlicom Cotton Basic za cjelovit izgled<\/p>\n","protected":false},"featured_media":110129,"template":"","meta":{"footnotes":""},"product_brand":[],"product_cat":[5750,5744,5624,5729,5726],"product_tag":[],"class_list":{"0":"post-114634","1":"product","2":"type-product","3":"status-publish","4":"has-post-thumbnail","6":"product_cat-kapica","7":"product_cat-kolekcije-hr","8":"product_cat-konj-hr","9":"product_cat-pikeur-eskadron-hr","10":"product_cat-podsedlice-i-kapice-za-usi","12":"first","13":"instock","14":"shipping-taxable","15":"purchasable","16":"product-type-variable"},"yoast_head":"<!-- This site is optimized with the Yoast SEO plugin v27.3 - https:\/\/yoast.com\/product\/yoast-seo-wordpress\/ -->\n<title>Eskadron Regular Core kapica - Clair<\/title>\n<meta name=\"description\" content=\"\u2705 Klasi\u010dan dizajn koji nikada ne izlazi iz mode\u2705 Funkcionalna za\u0161tita i udobnost za va\u0161eg konja\u2705 Kombinirajte s podsedlicom Cotton Basic za cjelovit izgled\" \/>\n<meta name=\"robots\" content=\"index, follow, max-snippet:-1, max-image-preview:large, max-video-preview:-1\" \/>\n<link rel=\"canonical\" href=\"https:\/\/clair.si\/izdelek\/nausniki-eskadron-regular-core\/\" \/>\n<meta property=\"og:locale\" content=\"hr_HR\" \/>\n<meta property=\"og:type\" content=\"article\" \/>\n<meta property=\"og:title\" content=\"Eskadron Regular Core kapica - Clair\" \/>\n<meta property=\"og:description\" content=\"\u2705 Klasi\u010dan dizajn koji nikada ne izlazi iz mode\u2705 Funkcionalna za\u0161tita i udobnost za va\u0161eg konja\u2705 Kombinirajte s podsedlicom Cotton Basic za cjelovit izgled\" \/>\n<meta property=\"og:url\" content=\"https:\/\/clair.si\/izdelek\/nausniki-eskadron-regular-core\/\" \/>\n<meta property=\"og:site_name\" content=\"Clair\" \/>\n<meta property=\"article:publisher\" content=\"https:\/\/www.facebook.com\/TrgovinaClair\/\" \/>\n<meta property=\"article:modified_time\" content=\"2026-04-08T16:13:01+00:00\" \/>\n<meta property=\"og:image\" content=\"https:\/\/clair.si\/wp-content\/uploads\/2025\/09\/esk_340000_385_250_f-scaled.webp\" \/>\n\t<meta property=\"og:image:width\" content=\"2560\" \/>\n\t<meta property=\"og:image:height\" content=\"2560\" \/>\n\t<meta property=\"og:image:type\" content=\"image\/jpeg\" \/>\n<meta name=\"twitter:card\" content=\"summary_large_image\" \/>\n<meta name=\"twitter:label1\" content=\"Procijenjeno vrijeme \u010ditanja\" \/>\n\t<meta name=\"twitter:data1\" content=\"1 minuta\" \/>\n<script type=\"application\/ld+json\" class=\"yoast-schema-graph\">{\"@context\":\"https:\\\/\\\/schema.org\",\"@graph\":[{\"@type\":\"WebPage\",\"@id\":\"https:\\\/\\\/clair.si\\\/izdelek\\\/nausniki-eskadron-regular-core\\\/\",\"url\":\"https:\\\/\\\/clair.si\\\/izdelek\\\/nausniki-eskadron-regular-core\\\/\",\"name\":\"Eskadron Regular Core kapica - Clair\",\"isPartOf\":{\"@id\":\"https:\\\/\\\/clair.si\\\/#website\"},\"primaryImageOfPage\":{\"@id\":\"https:\\\/\\\/clair.si\\\/izdelek\\\/nausniki-eskadron-regular-core\\\/#primaryimage\"},\"image\":{\"@id\":\"https:\\\/\\\/clair.si\\\/izdelek\\\/nausniki-eskadron-regular-core\\\/#primaryimage\"},\"thumbnailUrl\":\"https:\\\/\\\/clair.si\\\/wp-content\\\/uploads\\\/2025\\\/09\\\/esk_340000_385_250_f-scaled.webp\",\"datePublished\":\"2025-09-16T10:33:25+00:00\",\"dateModified\":\"2026-04-08T16:13:01+00:00\",\"description\":\"\u2705 Klasi\u010dan dizajn koji nikada ne izlazi iz mode\u2705 Funkcionalna za\u0161tita i udobnost za va\u0161eg konja\u2705 Kombinirajte s podsedlicom Cotton Basic za cjelovit izgled\",\"breadcrumb\":{\"@id\":\"https:\\\/\\\/clair.si\\\/izdelek\\\/nausniki-eskadron-regular-core\\\/#breadcrumb\"},\"inLanguage\":\"hr\",\"potentialAction\":[{\"@type\":\"ReadAction\",\"target\":[\"https:\\\/\\\/clair.si\\\/izdelek\\\/nausniki-eskadron-regular-core\\\/\"]}]},{\"@type\":\"ImageObject\",\"inLanguage\":\"hr\",\"@id\":\"https:\\\/\\\/clair.si\\\/izdelek\\\/nausniki-eskadron-regular-core\\\/#primaryimage\",\"url\":\"https:\\\/\\\/clair.si\\\/wp-content\\\/uploads\\\/2025\\\/09\\\/esk_340000_385_250_f-scaled.webp\",\"contentUrl\":\"https:\\\/\\\/clair.si\\\/wp-content\\\/uploads\\\/2025\\\/09\\\/esk_340000_385_250_f-scaled.webp\",\"width\":2560,\"height\":2560},{\"@type\":\"BreadcrumbList\",\"@id\":\"https:\\\/\\\/clair.si\\\/izdelek\\\/nausniki-eskadron-regular-core\\\/#breadcrumb\",\"itemListElement\":[{\"@type\":\"ListItem\",\"position\":1,\"name\":\"Home\",\"item\":\"https:\\\/\\\/clair.si\\\/hr\\\/\"},{\"@type\":\"ListItem\",\"position\":2,\"name\":\"Trgovina\",\"item\":\"https:\\\/\\\/clair.si\\\/trgovina\\\/\"},{\"@type\":\"ListItem\",\"position\":3,\"name\":\"Eskadron Regular Core kapica\"}]},{\"@type\":\"WebSite\",\"@id\":\"https:\\\/\\\/clair.si\\\/#website\",\"url\":\"https:\\\/\\\/clair.si\\\/\",\"name\":\"Clair\",\"description\":\"Trgovina s konjeni\u0161ko opremo\",\"publisher\":{\"@id\":\"https:\\\/\\\/clair.si\\\/#organization\"},\"potentialAction\":[{\"@type\":\"SearchAction\",\"target\":{\"@type\":\"EntryPoint\",\"urlTemplate\":\"https:\\\/\\\/clair.si\\\/?s={search_term_string}\"},\"query-input\":{\"@type\":\"PropertyValueSpecification\",\"valueRequired\":true,\"valueName\":\"search_term_string\"}}],\"inLanguage\":\"hr\"},{\"@type\":\"Organization\",\"@id\":\"https:\\\/\\\/clair.si\\\/#organization\",\"name\":\"Clair\",\"url\":\"https:\\\/\\\/clair.si\\\/\",\"logo\":{\"@type\":\"ImageObject\",\"inLanguage\":\"hr\",\"@id\":\"https:\\\/\\\/clair.si\\\/#\\\/schema\\\/logo\\\/image\\\/\",\"url\":\"https:\\\/\\\/clair.si\\\/wp-content\\\/uploads\\\/2022\\\/11\\\/clair_logo_2022.jpg\",\"contentUrl\":\"https:\\\/\\\/clair.si\\\/wp-content\\\/uploads\\\/2022\\\/11\\\/clair_logo_2022.jpg\",\"width\":1920,\"height\":1920,\"caption\":\"Clair\"},\"image\":{\"@id\":\"https:\\\/\\\/clair.si\\\/#\\\/schema\\\/logo\\\/image\\\/\"},\"sameAs\":[\"https:\\\/\\\/www.facebook.com\\\/TrgovinaClair\\\/\"]}]}<\/script>\n<!-- \/ Yoast SEO plugin. -->","yoast_head_json":{"title":"Eskadron Regular Core kapica - Clair","description":"\u2705 Klasi\u010dan dizajn koji nikada ne izlazi iz mode\u2705 Funkcionalna za\u0161tita i udobnost za va\u0161eg konja\u2705 Kombinirajte s podsedlicom Cotton Basic za cjelovit izgled","robots":{"index":"index","follow":"follow","max-snippet":"max-snippet:-1","max-image-preview":"max-image-preview:large","max-video-preview":"max-video-preview:-1"},"canonical":"https:\/\/clair.si\/izdelek\/nausniki-eskadron-regular-core\/","og_locale":"hr_HR","og_type":"article","og_title":"Eskadron Regular Core kapica - Clair","og_description":"\u2705 Klasi\u010dan dizajn koji nikada ne izlazi iz mode\u2705 Funkcionalna za\u0161tita i udobnost za va\u0161eg konja\u2705 Kombinirajte s podsedlicom Cotton Basic za cjelovit izgled","og_url":"https:\/\/clair.si\/izdelek\/nausniki-eskadron-regular-core\/","og_site_name":"Clair","article_publisher":"https:\/\/www.facebook.com\/TrgovinaClair\/","article_modified_time":"2026-04-08T16:13:01+00:00","og_image":[{"width":2560,"height":2560,"url":"https:\/\/clair.si\/wp-content\/uploads\/2025\/09\/esk_340000_385_250_f-scaled.webp","type":"image\/jpeg"}],"twitter_card":"summary_large_image","twitter_misc":{"Procijenjeno vrijeme \u010ditanja":"1 minuta"},"schema":{"@context":"https:\/\/schema.org","@graph":[{"@type":"WebPage","@id":"https:\/\/clair.si\/izdelek\/nausniki-eskadron-regular-core\/","url":"https:\/\/clair.si\/izdelek\/nausniki-eskadron-regular-core\/","name":"Eskadron Regular Core kapica - Clair","isPartOf":{"@id":"https:\/\/clair.si\/#website"},"primaryImageOfPage":{"@id":"https:\/\/clair.si\/izdelek\/nausniki-eskadron-regular-core\/#primaryimage"},"image":{"@id":"https:\/\/clair.si\/izdelek\/nausniki-eskadron-regular-core\/#primaryimage"},"thumbnailUrl":"https:\/\/clair.si\/wp-content\/uploads\/2025\/09\/esk_340000_385_250_f-scaled.webp","datePublished":"2025-09-16T10:33:25+00:00","dateModified":"2026-04-08T16:13:01+00:00","description":"\u2705 Klasi\u010dan dizajn koji nikada ne izlazi iz mode\u2705 Funkcionalna za\u0161tita i udobnost za va\u0161eg konja\u2705 Kombinirajte s podsedlicom Cotton Basic za cjelovit izgled","breadcrumb":{"@id":"https:\/\/clair.si\/izdelek\/nausniki-eskadron-regular-core\/#breadcrumb"},"inLanguage":"hr","potentialAction":[{"@type":"ReadAction","target":["https:\/\/clair.si\/izdelek\/nausniki-eskadron-regular-core\/"]}]},{"@type":"ImageObject","inLanguage":"hr","@id":"https:\/\/clair.si\/izdelek\/nausniki-eskadron-regular-core\/#primaryimage","url":"https:\/\/clair.si\/wp-content\/uploads\/2025\/09\/esk_340000_385_250_f-scaled.webp","contentUrl":"https:\/\/clair.si\/wp-content\/uploads\/2025\/09\/esk_340000_385_250_f-scaled.webp","width":2560,"height":2560},{"@type":"BreadcrumbList","@id":"https:\/\/clair.si\/izdelek\/nausniki-eskadron-regular-core\/#breadcrumb","itemListElement":[{"@type":"ListItem","position":1,"name":"Home","item":"https:\/\/clair.si\/hr\/"},{"@type":"ListItem","position":2,"name":"Trgovina","item":"https:\/\/clair.si\/trgovina\/"},{"@type":"ListItem","position":3,"name":"Eskadron Regular Core kapica"}]},{"@type":"WebSite","@id":"https:\/\/clair.si\/#website","url":"https:\/\/clair.si\/","name":"Clair","description":"Trgovina s konjeni\u0161ko opremo","publisher":{"@id":"https:\/\/clair.si\/#organization"},"potentialAction":[{"@type":"SearchAction","target":{"@type":"EntryPoint","urlTemplate":"https:\/\/clair.si\/?s={search_term_string}"},"query-input":{"@type":"PropertyValueSpecification","valueRequired":true,"valueName":"search_term_string"}}],"inLanguage":"hr"},{"@type":"Organization","@id":"https:\/\/clair.si\/#organization","name":"Clair","url":"https:\/\/clair.si\/","logo":{"@type":"ImageObject","inLanguage":"hr","@id":"https:\/\/clair.si\/#\/schema\/logo\/image\/","url":"https:\/\/clair.si\/wp-content\/uploads\/2022\/11\/clair_logo_2022.jpg","contentUrl":"https:\/\/clair.si\/wp-content\/uploads\/2022\/11\/clair_logo_2022.jpg","width":1920,"height":1920,"caption":"Clair"},"image":{"@id":"https:\/\/clair.si\/#\/schema\/logo\/image\/"},"sameAs":["https:\/\/www.facebook.com\/TrgovinaClair\/"]}]}},"_links":{"self":[{"href":"https:\/\/clair.si\/hr\/wp-json\/wp\/v2\/product\/114634","targetHints":{"allow":["GET"]}}],"collection":[{"href":"https:\/\/clair.si\/hr\/wp-json\/wp\/v2\/product"}],"about":[{"href":"https:\/\/clair.si\/hr\/wp-json\/wp\/v2\/types\/product"}],"version-history":[{"count":3,"href":"https:\/\/clair.si\/hr\/wp-json\/wp\/v2\/product\/114634\/revisions"}],"predecessor-version":[{"id":114857,"href":"https:\/\/clair.si\/hr\/wp-json\/wp\/v2\/product\/114634\/revisions\/114857"}],"wp:featuredmedia":[{"embeddable":true,"href":"https:\/\/clair.si\/hr\/wp-json\/wp\/v2\/media\/110129"}],"wp:attachment":[{"href":"https:\/\/clair.si\/hr\/wp-json\/wp\/v2\/media?parent=114634"}],"wp:term":[{"taxonomy":"product_brand","embeddable":true,"href":"https:\/\/clair.si\/hr\/wp-json\/wp\/v2\/product_brand?post=114634"},{"taxonomy":"product_cat","embeddable":true,"href":"https:\/\/clair.si\/hr\/wp-json\/wp\/v2\/product_cat?post=114634"},{"taxonomy":"product_tag","embeddable":true,"href":"https:\/\/clair.si\/hr\/wp-json\/wp\/v2\/product_tag?post=114634"}],"curies":[{"name":"wp","href":"https:\/\/api.w.org\/{rel}","templated":true}]}}