{"id":114834,"date":"2025-09-26T09:37:18","date_gmt":"2025-09-26T07:37:18","guid":{"rendered":"https:\/\/clair.si\/izdelek\/jahace-hlace-elegance-by-penelope-green\/"},"modified":"2025-09-26T17:55:22","modified_gmt":"2025-09-26T15:55:22","slug":"jahace-hlace-elegance-by-penelope-green","status":"publish","type":"product","link":"https:\/\/clair.si\/hr\/izdelek\/jahace-hlace-elegance-by-penelope-green\/","title":{"rendered":"Jaha\u0107e hla\u010de Elegance by P\u00e9n\u00e9lope Green"},"content":{"rendered":"<p data-start=\"95\" data-end=\"635\">Elegantno dizajniran model za jaha\u010dice koje zahtijevaju besprijekoran izgled i preciznu funkciju. <strong data-start=\"184\" data-end=\"196\">Elegance<\/strong> se odlikuju blago <strong data-start=\"219\" data-end=\"258\">povi\u0161enim, usko prianjaju\u0107im strukom<\/strong>, diskretnim nizom <strong data-start=\"294\" data-end=\"309\">kristali\u0107a<\/strong> na struku te uz rubove d\u017eepova i s prepoznatljivim <strong data-start=\"357\" data-end=\"369\">P\u00e9n\u00e9lope<\/strong> motivom na lijevoj bedri. <strong data-start=\"395\" data-end=\"423\">Koljenski silikonski grip<\/strong> omogu\u0107uje pouzdan, nenametljiv kontakt; <strong data-start=\"459\" data-end=\"486\">lycra zavr\u0161etak hla\u010dnica<\/strong> se glatko smje\u0161ta ispod \u010dizama i prilago\u0111ava se razli\u010ditim stasima \u2013 za \u010dist osje\u0107aj u sedlu i uredan nastup na treningu ili natjecanju.<\/p>\n<p data-start=\"1189\" data-end=\"1210\"><strong data-start=\"1189\" data-end=\"1210\">Sastav materijala i odr\u017eavanje<\/strong><\/p>\n<ul data-start=\"1211\" data-end=\"1338\">\n<li data-start=\"1211\" data-end=\"1274\">\n<p data-start=\"1213\" data-end=\"1274\">Gornji materijal: <strong data-start=\"1231\" data-end=\"1271\">78 % poliamid (najlon), 22 % elastan<\/strong>.<\/p>\n<\/li>\n<li data-start=\"1275\" data-end=\"1338\">\n<p data-start=\"1277\" data-end=\"1338\">Unutarnji materijal (podstava): <strong data-start=\"1306\" data-end=\"1337\">95 % poliester, 5 % elastan<\/strong>.<\/p>\n<\/li>\n<li data-start=\"1356\" data-end=\"1422\">\n<p data-start=\"1358\" data-end=\"1422\">Perite <strong data-start=\"1365\" data-end=\"1384\">okrenute naopako<\/strong> na <strong data-start=\"1389\" data-end=\"1398\">30 \u00b0C<\/strong> s blagim deterd\u017eentom.<\/p>\n<\/li>\n<li data-start=\"1423\" data-end=\"1459\">\n<p data-start=\"1425\" data-end=\"1459\"><strong data-start=\"1425\" data-end=\"1457\">Ne su\u0161ite u su\u0161ilici rublja.<\/strong><\/p>\n<\/li>\n<li data-start=\"1460\" data-end=\"1553\">\n<p data-start=\"1462\" data-end=\"1553\">Preporuka: prije pranja zatvorite patentne zatvara\u010de\/gumbi\u0107e i hla\u010de perite odvojeno od proizvoda s \u010di\u010dkom.<\/p>\n<\/li>\n<\/ul>\n<table>\n<thead>\n<tr>\n<th align=\"right\">FR (EU)<\/th>\n<th align=\"right\">DE<\/th>\n<th align=\"right\">IT<\/th>\n<th align=\"right\">GB (UK)<\/th>\n<th align=\"right\">USA<\/th>\n<th align=\"center\">Struk (cm)<\/th>\n<th align=\"center\">Bokovi (cm)<\/th>\n<th align=\"center\">Unutarnja duljina (cm)<\/th>\n<th align=\"center\">Visina (cm)<\/th>\n<\/tr>\n<\/thead>\n<tbody>\n<tr>\n<td align=\"right\">34<\/td>\n<td align=\"right\">32<\/td>\n<td align=\"right\">38<\/td>\n<td align=\"right\">6<\/td>\n<td align=\"right\">4<\/td>\n<td align=\"center\">63\u201365<\/td>\n<td align=\"center\">87\u201389<\/td>\n<td align=\"center\">77<\/td>\n<td align=\"center\">158\u2013168<\/td>\n<\/tr>\n<tr>\n<td align=\"right\">36<\/td>\n<td align=\"right\">34<\/td>\n<td align=\"right\">40<\/td>\n<td align=\"right\">8<\/td>\n<td align=\"right\">6<\/td>\n<td align=\"center\">66\u201369<\/td>\n<td align=\"center\">90\u201392<\/td>\n<td align=\"center\">77<\/td>\n<td align=\"center\">160\u2013170<\/td>\n<\/tr>\n<tr>\n<td align=\"right\">38<\/td>\n<td align=\"right\">36<\/td>\n<td align=\"right\">42<\/td>\n<td align=\"right\">10<\/td>\n<td align=\"right\">8<\/td>\n<td align=\"center\">70\u201373<\/td>\n<td align=\"center\">93\u201395<\/td>\n<td align=\"center\">77<\/td>\n<td align=\"center\">162\u2013172<\/td>\n<\/tr>\n<tr>\n<td align=\"right\">40<\/td>\n<td align=\"right\">38<\/td>\n<td align=\"right\">44<\/td>\n<td align=\"right\">12<\/td>\n<td align=\"right\">10<\/td>\n<td align=\"center\">74\u201377<\/td>\n<td align=\"center\">96\u201399<\/td>\n<td align=\"center\">77<\/td>\n<td align=\"center\">165\u2013175<\/td>\n<\/tr>\n<tr>\n<td align=\"right\">42<\/td>\n<td align=\"right\">40<\/td>\n<td align=\"right\">46<\/td>\n<td align=\"right\">14<\/td>\n<td align=\"right\">12<\/td>\n<td align=\"center\">78\u201381<\/td>\n<td align=\"center\">100\u2013104<\/td>\n<td align=\"center\">77<\/td>\n<td align=\"center\">165\u2013175<\/td>\n<\/tr>\n<tr>\n<td align=\"right\">44<\/td>\n<td align=\"right\">44<\/td>\n<td align=\"right\">50<\/td>\n<td align=\"right\">18<\/td>\n<td align=\"right\">16<\/td>\n<td align=\"center\">86\u201390<\/td>\n<td align=\"center\">110\u2013114<\/td>\n<td align=\"center\">77<\/td>\n<td align=\"center\">165\u2013175<\/td>\n<\/tr>\n<\/tbody>\n<\/table>\n","protected":false},"excerpt":{"rendered":"<ul data-start=\"659\" data-end=\"1187\">\n<li data-start=\"659\" data-end=\"732\">\n<p data-start=\"661\" data-end=\"732\">Blago <strong data-start=\"667\" data-end=\"691\">povi\u0161en, pripijen struk<\/strong><\/p>\n<\/li>\n<li data-start=\"733\" data-end=\"822\">\n<p data-start=\"735\" data-end=\"822\"><strong data-start=\"735\" data-end=\"767\">Silikonski grip na koljenima<\/strong><\/p>\n<\/li>\n<li data-start=\"904\" data-end=\"1004\">\n<p data-start=\"906\" data-end=\"1004\"><strong data-start=\"906\" data-end=\"920\">Kristali\u0107i<\/strong> na struku te uz prednje i stra\u017enje d\u017eepove; <strong data-start=\"964\" data-end=\"976\">P\u00e9n\u00e9lope<\/strong> konji\u0107 na lijevoj bedri<\/p>\n<\/li>\n<li data-start=\"1005\" data-end=\"1096\">Pogledajte tablicu veli\u010dina u opisu.<\/li>\n<\/ul>\n","protected":false},"featured_media":114685,"template":"","meta":{"footnotes":""},"product_brand":[],"product_cat":[5654,5667,5708],"product_tag":[],"class_list":{"0":"post-114834","1":"product","2":"type-product","3":"status-publish","4":"has-post-thumbnail","6":"product_cat-jahac-hr","7":"product_cat-zene","8":"product_cat-zenske-jahace-hlace","10":"first","11":"instock","12":"shipping-taxable","13":"purchasable","14":"product-type-variable"},"yoast_head":"<!-- This site is optimized with the Yoast SEO plugin v27.3 - https:\/\/yoast.com\/product\/yoast-seo-wordpress\/ -->\n<title>Jaha\u0107e hla\u010de Elegance by P\u00e9n\u00e9lope Green - Clair<\/title>\n<meta name=\"description\" content=\"Blago povi\u0161en, pripijen struk   Silikonski grip na koljenima   Kristali\u0107i na struku te uz prednje i stra\u017enje d\u017eepove; P\u00e9n\u00e9lope konji\u0107 na lijevoj bedri  Pogledajte tablicu veli\u010dina u opisu.\" \/>\n<meta name=\"robots\" content=\"index, follow, max-snippet:-1, max-image-preview:large, max-video-preview:-1\" \/>\n<link rel=\"canonical\" href=\"https:\/\/clair.si\/hr\/izdelek\/jahace-hlace-elegance-by-penelope-green\/\" \/>\n<meta property=\"og:locale\" content=\"hr_HR\" \/>\n<meta property=\"og:type\" content=\"article\" \/>\n<meta property=\"og:title\" content=\"Jaha\u0107e hla\u010de Elegance by P\u00e9n\u00e9lope Green - Clair\" \/>\n<meta property=\"og:description\" content=\"Blago povi\u0161en, pripijen struk   Silikonski grip na koljenima   Kristali\u0107i na struku te uz prednje i stra\u017enje d\u017eepove; P\u00e9n\u00e9lope konji\u0107 na lijevoj bedri  Pogledajte tablicu veli\u010dina u opisu.\" \/>\n<meta property=\"og:url\" content=\"https:\/\/clair.si\/hr\/izdelek\/jahace-hlace-elegance-by-penelope-green\/\" \/>\n<meta property=\"og:site_name\" content=\"Clair\" \/>\n<meta property=\"article:publisher\" content=\"https:\/\/www.facebook.com\/TrgovinaClair\/\" \/>\n<meta property=\"article:modified_time\" content=\"2025-09-26T15:55:22+00:00\" \/>\n<meta property=\"og:image\" content=\"https:\/\/clair.si\/wp-content\/uploads\/2025\/09\/penelope-elegance-breeches.webp\" \/>\n\t<meta property=\"og:image:width\" content=\"800\" \/>\n\t<meta property=\"og:image:height\" content=\"800\" \/>\n\t<meta property=\"og:image:type\" content=\"image\/jpeg\" \/>\n<meta name=\"twitter:card\" content=\"summary_large_image\" \/>\n<meta name=\"twitter:label1\" content=\"Procijenjeno vrijeme \u010ditanja\" \/>\n\t<meta name=\"twitter:data1\" content=\"1 minuta\" \/>\n<script type=\"application\/ld+json\" class=\"yoast-schema-graph\">{\"@context\":\"https:\\\/\\\/schema.org\",\"@graph\":[{\"@type\":\"WebPage\",\"@id\":\"https:\\\/\\\/clair.si\\\/hr\\\/izdelek\\\/jahace-hlace-elegance-by-penelope-green\\\/\",\"url\":\"https:\\\/\\\/clair.si\\\/hr\\\/izdelek\\\/jahace-hlace-elegance-by-penelope-green\\\/\",\"name\":\"Jaha\u0107e hla\u010de Elegance by P\u00e9n\u00e9lope Green - Clair\",\"isPartOf\":{\"@id\":\"https:\\\/\\\/clair.si\\\/#website\"},\"primaryImageOfPage\":{\"@id\":\"https:\\\/\\\/clair.si\\\/hr\\\/izdelek\\\/jahace-hlace-elegance-by-penelope-green\\\/#primaryimage\"},\"image\":{\"@id\":\"https:\\\/\\\/clair.si\\\/hr\\\/izdelek\\\/jahace-hlace-elegance-by-penelope-green\\\/#primaryimage\"},\"thumbnailUrl\":\"https:\\\/\\\/clair.si\\\/wp-content\\\/uploads\\\/2025\\\/09\\\/penelope-elegance-breeches.webp\",\"datePublished\":\"2025-09-26T07:37:18+00:00\",\"dateModified\":\"2025-09-26T15:55:22+00:00\",\"description\":\"Blago povi\u0161en, pripijen struk Silikonski grip na koljenima Kristali\u0107i na struku te uz prednje i stra\u017enje d\u017eepove; P\u00e9n\u00e9lope konji\u0107 na lijevoj bedri Pogledajte tablicu veli\u010dina u opisu.\",\"breadcrumb\":{\"@id\":\"https:\\\/\\\/clair.si\\\/hr\\\/izdelek\\\/jahace-hlace-elegance-by-penelope-green\\\/#breadcrumb\"},\"inLanguage\":\"hr\",\"potentialAction\":[{\"@type\":\"ReadAction\",\"target\":[\"https:\\\/\\\/clair.si\\\/hr\\\/izdelek\\\/jahace-hlace-elegance-by-penelope-green\\\/\"]}]},{\"@type\":\"ImageObject\",\"inLanguage\":\"hr\",\"@id\":\"https:\\\/\\\/clair.si\\\/hr\\\/izdelek\\\/jahace-hlace-elegance-by-penelope-green\\\/#primaryimage\",\"url\":\"https:\\\/\\\/clair.si\\\/wp-content\\\/uploads\\\/2025\\\/09\\\/penelope-elegance-breeches.webp\",\"contentUrl\":\"https:\\\/\\\/clair.si\\\/wp-content\\\/uploads\\\/2025\\\/09\\\/penelope-elegance-breeches.webp\",\"width\":800,\"height\":800},{\"@type\":\"BreadcrumbList\",\"@id\":\"https:\\\/\\\/clair.si\\\/hr\\\/izdelek\\\/jahace-hlace-elegance-by-penelope-green\\\/#breadcrumb\",\"itemListElement\":[{\"@type\":\"ListItem\",\"position\":1,\"name\":\"Home\",\"item\":\"https:\\\/\\\/clair.si\\\/hr\\\/\"},{\"@type\":\"ListItem\",\"position\":2,\"name\":\"Trgovina\",\"item\":\"https:\\\/\\\/clair.si\\\/trgovina\\\/\"},{\"@type\":\"ListItem\",\"position\":3,\"name\":\"Jaha\u0107e hla\u010de Elegance by P\u00e9n\u00e9lope Green\"}]},{\"@type\":\"WebSite\",\"@id\":\"https:\\\/\\\/clair.si\\\/#website\",\"url\":\"https:\\\/\\\/clair.si\\\/\",\"name\":\"Clair\",\"description\":\"Trgovina s konjeni\u0161ko opremo\",\"publisher\":{\"@id\":\"https:\\\/\\\/clair.si\\\/#organization\"},\"potentialAction\":[{\"@type\":\"SearchAction\",\"target\":{\"@type\":\"EntryPoint\",\"urlTemplate\":\"https:\\\/\\\/clair.si\\\/?s={search_term_string}\"},\"query-input\":{\"@type\":\"PropertyValueSpecification\",\"valueRequired\":true,\"valueName\":\"search_term_string\"}}],\"inLanguage\":\"hr\"},{\"@type\":\"Organization\",\"@id\":\"https:\\\/\\\/clair.si\\\/#organization\",\"name\":\"Clair\",\"url\":\"https:\\\/\\\/clair.si\\\/\",\"logo\":{\"@type\":\"ImageObject\",\"inLanguage\":\"hr\",\"@id\":\"https:\\\/\\\/clair.si\\\/#\\\/schema\\\/logo\\\/image\\\/\",\"url\":\"https:\\\/\\\/clair.si\\\/wp-content\\\/uploads\\\/2022\\\/11\\\/clair_logo_2022.jpg\",\"contentUrl\":\"https:\\\/\\\/clair.si\\\/wp-content\\\/uploads\\\/2022\\\/11\\\/clair_logo_2022.jpg\",\"width\":1920,\"height\":1920,\"caption\":\"Clair\"},\"image\":{\"@id\":\"https:\\\/\\\/clair.si\\\/#\\\/schema\\\/logo\\\/image\\\/\"},\"sameAs\":[\"https:\\\/\\\/www.facebook.com\\\/TrgovinaClair\\\/\"]}]}<\/script>\n<!-- \/ Yoast SEO plugin. -->","yoast_head_json":{"title":"Jaha\u0107e hla\u010de Elegance by P\u00e9n\u00e9lope Green - Clair","description":"Blago povi\u0161en, pripijen struk   Silikonski grip na koljenima   Kristali\u0107i na struku te uz prednje i stra\u017enje d\u017eepove; P\u00e9n\u00e9lope konji\u0107 na lijevoj bedri  Pogledajte tablicu veli\u010dina u opisu.","robots":{"index":"index","follow":"follow","max-snippet":"max-snippet:-1","max-image-preview":"max-image-preview:large","max-video-preview":"max-video-preview:-1"},"canonical":"https:\/\/clair.si\/hr\/izdelek\/jahace-hlace-elegance-by-penelope-green\/","og_locale":"hr_HR","og_type":"article","og_title":"Jaha\u0107e hla\u010de Elegance by P\u00e9n\u00e9lope Green - Clair","og_description":"Blago povi\u0161en, pripijen struk   Silikonski grip na koljenima   Kristali\u0107i na struku te uz prednje i stra\u017enje d\u017eepove; P\u00e9n\u00e9lope konji\u0107 na lijevoj bedri  Pogledajte tablicu veli\u010dina u opisu.","og_url":"https:\/\/clair.si\/hr\/izdelek\/jahace-hlace-elegance-by-penelope-green\/","og_site_name":"Clair","article_publisher":"https:\/\/www.facebook.com\/TrgovinaClair\/","article_modified_time":"2025-09-26T15:55:22+00:00","og_image":[{"width":800,"height":800,"url":"https:\/\/clair.si\/wp-content\/uploads\/2025\/09\/penelope-elegance-breeches.webp","type":"image\/jpeg"}],"twitter_card":"summary_large_image","twitter_misc":{"Procijenjeno vrijeme \u010ditanja":"1 minuta"},"schema":{"@context":"https:\/\/schema.org","@graph":[{"@type":"WebPage","@id":"https:\/\/clair.si\/hr\/izdelek\/jahace-hlace-elegance-by-penelope-green\/","url":"https:\/\/clair.si\/hr\/izdelek\/jahace-hlace-elegance-by-penelope-green\/","name":"Jaha\u0107e hla\u010de Elegance by P\u00e9n\u00e9lope Green - Clair","isPartOf":{"@id":"https:\/\/clair.si\/#website"},"primaryImageOfPage":{"@id":"https:\/\/clair.si\/hr\/izdelek\/jahace-hlace-elegance-by-penelope-green\/#primaryimage"},"image":{"@id":"https:\/\/clair.si\/hr\/izdelek\/jahace-hlace-elegance-by-penelope-green\/#primaryimage"},"thumbnailUrl":"https:\/\/clair.si\/wp-content\/uploads\/2025\/09\/penelope-elegance-breeches.webp","datePublished":"2025-09-26T07:37:18+00:00","dateModified":"2025-09-26T15:55:22+00:00","description":"Blago povi\u0161en, pripijen struk Silikonski grip na koljenima Kristali\u0107i na struku te uz prednje i stra\u017enje d\u017eepove; P\u00e9n\u00e9lope konji\u0107 na lijevoj bedri Pogledajte tablicu veli\u010dina u opisu.","breadcrumb":{"@id":"https:\/\/clair.si\/hr\/izdelek\/jahace-hlace-elegance-by-penelope-green\/#breadcrumb"},"inLanguage":"hr","potentialAction":[{"@type":"ReadAction","target":["https:\/\/clair.si\/hr\/izdelek\/jahace-hlace-elegance-by-penelope-green\/"]}]},{"@type":"ImageObject","inLanguage":"hr","@id":"https:\/\/clair.si\/hr\/izdelek\/jahace-hlace-elegance-by-penelope-green\/#primaryimage","url":"https:\/\/clair.si\/wp-content\/uploads\/2025\/09\/penelope-elegance-breeches.webp","contentUrl":"https:\/\/clair.si\/wp-content\/uploads\/2025\/09\/penelope-elegance-breeches.webp","width":800,"height":800},{"@type":"BreadcrumbList","@id":"https:\/\/clair.si\/hr\/izdelek\/jahace-hlace-elegance-by-penelope-green\/#breadcrumb","itemListElement":[{"@type":"ListItem","position":1,"name":"Home","item":"https:\/\/clair.si\/hr\/"},{"@type":"ListItem","position":2,"name":"Trgovina","item":"https:\/\/clair.si\/trgovina\/"},{"@type":"ListItem","position":3,"name":"Jaha\u0107e hla\u010de Elegance by P\u00e9n\u00e9lope Green"}]},{"@type":"WebSite","@id":"https:\/\/clair.si\/#website","url":"https:\/\/clair.si\/","name":"Clair","description":"Trgovina s konjeni\u0161ko opremo","publisher":{"@id":"https:\/\/clair.si\/#organization"},"potentialAction":[{"@type":"SearchAction","target":{"@type":"EntryPoint","urlTemplate":"https:\/\/clair.si\/?s={search_term_string}"},"query-input":{"@type":"PropertyValueSpecification","valueRequired":true,"valueName":"search_term_string"}}],"inLanguage":"hr"},{"@type":"Organization","@id":"https:\/\/clair.si\/#organization","name":"Clair","url":"https:\/\/clair.si\/","logo":{"@type":"ImageObject","inLanguage":"hr","@id":"https:\/\/clair.si\/#\/schema\/logo\/image\/","url":"https:\/\/clair.si\/wp-content\/uploads\/2022\/11\/clair_logo_2022.jpg","contentUrl":"https:\/\/clair.si\/wp-content\/uploads\/2022\/11\/clair_logo_2022.jpg","width":1920,"height":1920,"caption":"Clair"},"image":{"@id":"https:\/\/clair.si\/#\/schema\/logo\/image\/"},"sameAs":["https:\/\/www.facebook.com\/TrgovinaClair\/"]}]}},"_links":{"self":[{"href":"https:\/\/clair.si\/hr\/wp-json\/wp\/v2\/product\/114834","targetHints":{"allow":["GET"]}}],"collection":[{"href":"https:\/\/clair.si\/hr\/wp-json\/wp\/v2\/product"}],"about":[{"href":"https:\/\/clair.si\/hr\/wp-json\/wp\/v2\/types\/product"}],"version-history":[{"count":2,"href":"https:\/\/clair.si\/hr\/wp-json\/wp\/v2\/product\/114834\/revisions"}],"predecessor-version":[{"id":116335,"href":"https:\/\/clair.si\/hr\/wp-json\/wp\/v2\/product\/114834\/revisions\/116335"}],"wp:featuredmedia":[{"embeddable":true,"href":"https:\/\/clair.si\/hr\/wp-json\/wp\/v2\/media\/114685"}],"wp:attachment":[{"href":"https:\/\/clair.si\/hr\/wp-json\/wp\/v2\/media?parent=114834"}],"wp:term":[{"taxonomy":"product_brand","embeddable":true,"href":"https:\/\/clair.si\/hr\/wp-json\/wp\/v2\/product_brand?post=114834"},{"taxonomy":"product_cat","embeddable":true,"href":"https:\/\/clair.si\/hr\/wp-json\/wp\/v2\/product_cat?post=114834"},{"taxonomy":"product_tag","embeddable":true,"href":"https:\/\/clair.si\/hr\/wp-json\/wp\/v2\/product_tag?post=114834"}],"curies":[{"name":"wp","href":"https:\/\/api.w.org\/{rel}","templated":true}]}}