{"id":115737,"date":"2024-08-07T17:31:50","date_gmt":"2024-08-07T15:31:50","guid":{"rendered":"https:\/\/clair.si\/izdelek\/nosac-za-preponu-roto-xx-svijetloplava\/"},"modified":"2025-10-04T14:41:10","modified_gmt":"2025-10-04T12:41:10","slug":"nosac-za-preponu-roto-xx-svijetloplava","status":"publish","type":"product","link":"https:\/\/clair.si\/hr\/izdelek\/nosac-za-preponu-roto-xx-svijetloplava\/","title":{"rendered":"Nosa\u010d za preponu ROTO XX svijetloplava"},"content":{"rendered":"<p><strong>Nosa\u010d za preponu ROTO XX<\/strong> izra\u0111en je tako da se mo\u017ee koristiti samostalno ili u <strong>kombinaciji s drugim nosa\u010dima<\/strong>. Ovisno o polo\u017eaju, visinu prepone mo\u017eete postaviti na 16 cm, 32 cm ili 56 cm. Nosa\u010di su izra\u0111eni od visoko <strong>kvalitetnog polietilena<\/strong>. Za ovaj materijal karakteristi\u010dna je izvrsna trajnost, dobra otpornost na udarce i razli\u010dite vremenske uvjete. Tako mo\u017eete nosa\u010d za preponu ROTO bez brige ostaviti u jahaonici tijekom cijele godine!    <\/p>\n","protected":false},"excerpt":{"rendered":"<ul>\n<li>od izdr\u017eljivog materijala<\/li>\n<li>vrlo lagani<\/li>\n<li>3 razli\u010dite visine<\/li>\n<li>proizvedeno u Sloveniji<\/li>\n<\/ul>\n","protected":false},"featured_media":115740,"template":"","meta":{"footnotes":""},"product_brand":[],"product_cat":[5756,5627,6128],"product_tag":[],"class_list":{"0":"post-115737","1":"product","2":"type-product","3":"status-publish","4":"has-post-thumbnail","6":"product_cat-dodaci-za-stalu","7":"product_cat-stala-i-pasnjak","8":"product_cat-tacke-roto","10":"first","11":"instock","12":"shipping-taxable","13":"purchasable","14":"product-type-simple"},"yoast_head":"<!-- This site is optimized with the Yoast SEO plugin v27.4 - https:\/\/yoast.com\/product\/yoast-seo-wordpress\/ -->\n<title>Nosa\u010d za preponu ROTO XX svijetloplava - Clair<\/title>\n<meta name=\"description\" content=\"od izdr\u017eljivog materijala  vrlo lagani  3 razli\u010dite visine  proizvedeno u Sloveniji\" \/>\n<meta name=\"robots\" content=\"index, follow, max-snippet:-1, max-image-preview:large, max-video-preview:-1\" \/>\n<link rel=\"canonical\" href=\"https:\/\/clair.si\/hr\/izdelek\/nosac-za-preponu-roto-xx-svijetloplava\/\" \/>\n<meta property=\"og:locale\" content=\"hr_HR\" \/>\n<meta property=\"og:type\" content=\"article\" \/>\n<meta property=\"og:title\" content=\"Nosa\u010d za preponu ROTO XX svijetloplava - Clair\" \/>\n<meta property=\"og:description\" content=\"od izdr\u017eljivog materijala  vrlo lagani  3 razli\u010dite visine  proizvedeno u Sloveniji\" \/>\n<meta property=\"og:url\" content=\"https:\/\/clair.si\/hr\/izdelek\/nosac-za-preponu-roto-xx-svijetloplava\/\" \/>\n<meta property=\"og:site_name\" content=\"Clair\" \/>\n<meta property=\"article:publisher\" content=\"https:\/\/www.facebook.com\/TrgovinaClair\/\" \/>\n<meta property=\"article:modified_time\" content=\"2025-10-04T12:41:10+00:00\" \/>\n<meta property=\"og:image\" content=\"https:\/\/clair.si\/wp-content\/uploads\/2024\/08\/ROTO-BLUE-Trgovina-Clair-jpg.avif\" \/>\n\t<meta property=\"og:image:width\" content=\"800\" \/>\n\t<meta property=\"og:image:height\" content=\"800\" \/>\n\t<meta property=\"og:image:type\" content=\"image\/jpeg\" \/>\n<meta name=\"twitter:card\" content=\"summary_large_image\" \/>\n<script type=\"application\/ld+json\" class=\"yoast-schema-graph\">{\"@context\":\"https:\\\/\\\/schema.org\",\"@graph\":[{\"@type\":\"WebPage\",\"@id\":\"https:\\\/\\\/clair.si\\\/hr\\\/izdelek\\\/nosac-za-preponu-roto-xx-svijetloplava\\\/\",\"url\":\"https:\\\/\\\/clair.si\\\/hr\\\/izdelek\\\/nosac-za-preponu-roto-xx-svijetloplava\\\/\",\"name\":\"Nosa\u010d za preponu ROTO XX svijetloplava - Clair\",\"isPartOf\":{\"@id\":\"https:\\\/\\\/clair.si\\\/#website\"},\"primaryImageOfPage\":{\"@id\":\"https:\\\/\\\/clair.si\\\/hr\\\/izdelek\\\/nosac-za-preponu-roto-xx-svijetloplava\\\/#primaryimage\"},\"image\":{\"@id\":\"https:\\\/\\\/clair.si\\\/hr\\\/izdelek\\\/nosac-za-preponu-roto-xx-svijetloplava\\\/#primaryimage\"},\"thumbnailUrl\":\"https:\\\/\\\/clair.si\\\/wp-content\\\/uploads\\\/2024\\\/08\\\/ROTO-BLUE-Trgovina-Clair-jpg.avif\",\"datePublished\":\"2024-08-07T15:31:50+00:00\",\"dateModified\":\"2025-10-04T12:41:10+00:00\",\"description\":\"od izdr\u017eljivog materijala vrlo lagani 3 razli\u010dite visine proizvedeno u Sloveniji\",\"breadcrumb\":{\"@id\":\"https:\\\/\\\/clair.si\\\/hr\\\/izdelek\\\/nosac-za-preponu-roto-xx-svijetloplava\\\/#breadcrumb\"},\"inLanguage\":\"hr\",\"potentialAction\":[{\"@type\":\"ReadAction\",\"target\":[\"https:\\\/\\\/clair.si\\\/hr\\\/izdelek\\\/nosac-za-preponu-roto-xx-svijetloplava\\\/\"]}]},{\"@type\":\"ImageObject\",\"inLanguage\":\"hr\",\"@id\":\"https:\\\/\\\/clair.si\\\/hr\\\/izdelek\\\/nosac-za-preponu-roto-xx-svijetloplava\\\/#primaryimage\",\"url\":\"https:\\\/\\\/clair.si\\\/wp-content\\\/uploads\\\/2024\\\/08\\\/ROTO-BLUE-Trgovina-Clair-jpg.avif\",\"contentUrl\":\"https:\\\/\\\/clair.si\\\/wp-content\\\/uploads\\\/2024\\\/08\\\/ROTO-BLUE-Trgovina-Clair-jpg.avif\",\"width\":800,\"height\":800},{\"@type\":\"BreadcrumbList\",\"@id\":\"https:\\\/\\\/clair.si\\\/hr\\\/izdelek\\\/nosac-za-preponu-roto-xx-svijetloplava\\\/#breadcrumb\",\"itemListElement\":[{\"@type\":\"ListItem\",\"position\":1,\"name\":\"Home\",\"item\":\"https:\\\/\\\/clair.si\\\/hr\\\/\"},{\"@type\":\"ListItem\",\"position\":2,\"name\":\"Trgovina\",\"item\":\"https:\\\/\\\/clair.si\\\/trgovina\\\/\"},{\"@type\":\"ListItem\",\"position\":3,\"name\":\"Nosa\u010d za preponu ROTO XX svijetloplava\"}]},{\"@type\":\"WebSite\",\"@id\":\"https:\\\/\\\/clair.si\\\/#website\",\"url\":\"https:\\\/\\\/clair.si\\\/\",\"name\":\"Clair\",\"description\":\"Trgovina s konjeni\u0161ko opremo\",\"publisher\":{\"@id\":\"https:\\\/\\\/clair.si\\\/#organization\"},\"potentialAction\":[{\"@type\":\"SearchAction\",\"target\":{\"@type\":\"EntryPoint\",\"urlTemplate\":\"https:\\\/\\\/clair.si\\\/?s={search_term_string}\"},\"query-input\":{\"@type\":\"PropertyValueSpecification\",\"valueRequired\":true,\"valueName\":\"search_term_string\"}}],\"inLanguage\":\"hr\"},{\"@type\":\"Organization\",\"@id\":\"https:\\\/\\\/clair.si\\\/#organization\",\"name\":\"Clair\",\"url\":\"https:\\\/\\\/clair.si\\\/\",\"logo\":{\"@type\":\"ImageObject\",\"inLanguage\":\"hr\",\"@id\":\"https:\\\/\\\/clair.si\\\/#\\\/schema\\\/logo\\\/image\\\/\",\"url\":\"https:\\\/\\\/clair.si\\\/wp-content\\\/uploads\\\/2022\\\/11\\\/clair_logo_2022.jpg\",\"contentUrl\":\"https:\\\/\\\/clair.si\\\/wp-content\\\/uploads\\\/2022\\\/11\\\/clair_logo_2022.jpg\",\"width\":1920,\"height\":1920,\"caption\":\"Clair\"},\"image\":{\"@id\":\"https:\\\/\\\/clair.si\\\/#\\\/schema\\\/logo\\\/image\\\/\"},\"sameAs\":[\"https:\\\/\\\/www.facebook.com\\\/TrgovinaClair\\\/\"]}]}<\/script>\n<!-- \/ Yoast SEO plugin. -->","yoast_head_json":{"title":"Nosa\u010d za preponu ROTO XX svijetloplava - Clair","description":"od izdr\u017eljivog materijala  vrlo lagani  3 razli\u010dite visine  proizvedeno u Sloveniji","robots":{"index":"index","follow":"follow","max-snippet":"max-snippet:-1","max-image-preview":"max-image-preview:large","max-video-preview":"max-video-preview:-1"},"canonical":"https:\/\/clair.si\/hr\/izdelek\/nosac-za-preponu-roto-xx-svijetloplava\/","og_locale":"hr_HR","og_type":"article","og_title":"Nosa\u010d za preponu ROTO XX svijetloplava - Clair","og_description":"od izdr\u017eljivog materijala  vrlo lagani  3 razli\u010dite visine  proizvedeno u Sloveniji","og_url":"https:\/\/clair.si\/hr\/izdelek\/nosac-za-preponu-roto-xx-svijetloplava\/","og_site_name":"Clair","article_publisher":"https:\/\/www.facebook.com\/TrgovinaClair\/","article_modified_time":"2025-10-04T12:41:10+00:00","og_image":[{"width":800,"height":800,"url":"https:\/\/clair.si\/wp-content\/uploads\/2024\/08\/ROTO-BLUE-Trgovina-Clair-jpg.avif","type":"image\/jpeg"}],"twitter_card":"summary_large_image","schema":{"@context":"https:\/\/schema.org","@graph":[{"@type":"WebPage","@id":"https:\/\/clair.si\/hr\/izdelek\/nosac-za-preponu-roto-xx-svijetloplava\/","url":"https:\/\/clair.si\/hr\/izdelek\/nosac-za-preponu-roto-xx-svijetloplava\/","name":"Nosa\u010d za preponu ROTO XX svijetloplava - Clair","isPartOf":{"@id":"https:\/\/clair.si\/#website"},"primaryImageOfPage":{"@id":"https:\/\/clair.si\/hr\/izdelek\/nosac-za-preponu-roto-xx-svijetloplava\/#primaryimage"},"image":{"@id":"https:\/\/clair.si\/hr\/izdelek\/nosac-za-preponu-roto-xx-svijetloplava\/#primaryimage"},"thumbnailUrl":"https:\/\/clair.si\/wp-content\/uploads\/2024\/08\/ROTO-BLUE-Trgovina-Clair-jpg.avif","datePublished":"2024-08-07T15:31:50+00:00","dateModified":"2025-10-04T12:41:10+00:00","description":"od izdr\u017eljivog materijala vrlo lagani 3 razli\u010dite visine proizvedeno u Sloveniji","breadcrumb":{"@id":"https:\/\/clair.si\/hr\/izdelek\/nosac-za-preponu-roto-xx-svijetloplava\/#breadcrumb"},"inLanguage":"hr","potentialAction":[{"@type":"ReadAction","target":["https:\/\/clair.si\/hr\/izdelek\/nosac-za-preponu-roto-xx-svijetloplava\/"]}]},{"@type":"ImageObject","inLanguage":"hr","@id":"https:\/\/clair.si\/hr\/izdelek\/nosac-za-preponu-roto-xx-svijetloplava\/#primaryimage","url":"https:\/\/clair.si\/wp-content\/uploads\/2024\/08\/ROTO-BLUE-Trgovina-Clair-jpg.avif","contentUrl":"https:\/\/clair.si\/wp-content\/uploads\/2024\/08\/ROTO-BLUE-Trgovina-Clair-jpg.avif","width":800,"height":800},{"@type":"BreadcrumbList","@id":"https:\/\/clair.si\/hr\/izdelek\/nosac-za-preponu-roto-xx-svijetloplava\/#breadcrumb","itemListElement":[{"@type":"ListItem","position":1,"name":"Home","item":"https:\/\/clair.si\/hr\/"},{"@type":"ListItem","position":2,"name":"Trgovina","item":"https:\/\/clair.si\/trgovina\/"},{"@type":"ListItem","position":3,"name":"Nosa\u010d za preponu ROTO XX svijetloplava"}]},{"@type":"WebSite","@id":"https:\/\/clair.si\/#website","url":"https:\/\/clair.si\/","name":"Clair","description":"Trgovina s konjeni\u0161ko opremo","publisher":{"@id":"https:\/\/clair.si\/#organization"},"potentialAction":[{"@type":"SearchAction","target":{"@type":"EntryPoint","urlTemplate":"https:\/\/clair.si\/?s={search_term_string}"},"query-input":{"@type":"PropertyValueSpecification","valueRequired":true,"valueName":"search_term_string"}}],"inLanguage":"hr"},{"@type":"Organization","@id":"https:\/\/clair.si\/#organization","name":"Clair","url":"https:\/\/clair.si\/","logo":{"@type":"ImageObject","inLanguage":"hr","@id":"https:\/\/clair.si\/#\/schema\/logo\/image\/","url":"https:\/\/clair.si\/wp-content\/uploads\/2022\/11\/clair_logo_2022.jpg","contentUrl":"https:\/\/clair.si\/wp-content\/uploads\/2022\/11\/clair_logo_2022.jpg","width":1920,"height":1920,"caption":"Clair"},"image":{"@id":"https:\/\/clair.si\/#\/schema\/logo\/image\/"},"sameAs":["https:\/\/www.facebook.com\/TrgovinaClair\/"]}]}},"_links":{"self":[{"href":"https:\/\/clair.si\/hr\/wp-json\/wp\/v2\/product\/115737","targetHints":{"allow":["GET"]}}],"collection":[{"href":"https:\/\/clair.si\/hr\/wp-json\/wp\/v2\/product"}],"about":[{"href":"https:\/\/clair.si\/hr\/wp-json\/wp\/v2\/types\/product"}],"version-history":[{"count":1,"href":"https:\/\/clair.si\/hr\/wp-json\/wp\/v2\/product\/115737\/revisions"}],"predecessor-version":[{"id":115751,"href":"https:\/\/clair.si\/hr\/wp-json\/wp\/v2\/product\/115737\/revisions\/115751"}],"wp:featuredmedia":[{"embeddable":true,"href":"https:\/\/clair.si\/hr\/wp-json\/wp\/v2\/media\/115740"}],"wp:attachment":[{"href":"https:\/\/clair.si\/hr\/wp-json\/wp\/v2\/media?parent=115737"}],"wp:term":[{"taxonomy":"product_brand","embeddable":true,"href":"https:\/\/clair.si\/hr\/wp-json\/wp\/v2\/product_brand?post=115737"},{"taxonomy":"product_cat","embeddable":true,"href":"https:\/\/clair.si\/hr\/wp-json\/wp\/v2\/product_cat?post=115737"},{"taxonomy":"product_tag","embeddable":true,"href":"https:\/\/clair.si\/hr\/wp-json\/wp\/v2\/product_tag?post=115737"}],"curies":[{"name":"wp","href":"https:\/\/api.w.org\/{rel}","templated":true}]}}