{"id":115752,"date":"2022-07-20T11:33:07","date_gmt":"2022-07-20T09:33:07","guid":{"rendered":"https:\/\/clair.si\/izdelek\/spojnica-za-traku-pvc-2\/"},"modified":"2025-10-04T14:41:15","modified_gmt":"2025-10-04T12:41:15","slug":"spojnica-za-traku-pvc-2","status":"publish","type":"product","link":"https:\/\/clair.si\/hr\/izdelek\/spojnica-za-traku-pvc-2\/","title":{"rendered":"Spojnica za traku &#8211; PVC"},"content":{"rendered":"<p><strong>Spojnica za traku Horizont<\/strong> jednostavna je i sigurna za kori\u0161tenje. Ima pocin\u010dane metalne nosa\u010de koji su poduprti plastikom i zato je konektor otporan na lomove.  <\/p>\n<p>Prikladan je za trake koje su <strong>\u0161iroke najvi\u0161e 40 mm<\/strong>. Ponovno zatezanje provodnog materijala s konektorom je jednostavno, stoga ne trebamo dodatni alat.  <\/p>\n","protected":false},"excerpt":{"rendered":"<p>U kompletu je 5 komada.<\/p>\n","protected":false},"featured_media":103330,"template":"","meta":{"footnotes":""},"product_brand":[],"product_cat":[6308,5820,5821,5627,6633],"product_tag":[],"class_list":{"0":"post-115752","1":"product","2":"type-product","3":"status-publish","4":"has-post-thumbnail","6":"product_cat-dodatna-oprema-za-elektricnu-ogradu","7":"product_cat-oprema-za-pasnjake","8":"product_cat-ostala-oprema-za-pasnjake","9":"product_cat-stala-i-pasnjak","10":"product_cat-trake-i-zice","12":"first","13":"instock","14":"sale","15":"shipping-taxable","16":"purchasable","17":"product-type-simple"},"yoast_head":"<!-- This site is optimized with the Yoast SEO plugin v27.4 - https:\/\/yoast.com\/product\/yoast-seo-wordpress\/ -->\n<title>Spojnica za traku - PVC - Clair<\/title>\n<meta name=\"description\" content=\"Spojnica za traku - PVC prikladna je za sve trake \u0161irine do 40 mm. Jednostavna je za kori\u0161tenje jer ne trebamo dodatni alat.\" \/>\n<meta name=\"robots\" content=\"index, follow, max-snippet:-1, max-image-preview:large, max-video-preview:-1\" \/>\n<link rel=\"canonical\" href=\"https:\/\/clair.si\/hr\/izdelek\/spojnica-za-traku-pvc-2\/\" \/>\n<meta property=\"og:locale\" content=\"hr_HR\" \/>\n<meta property=\"og:type\" content=\"article\" \/>\n<meta property=\"og:title\" content=\"Spojnica za traku - PVC - Clair\" \/>\n<meta property=\"og:description\" content=\"Spojnica za traku - PVC prikladna je za sve trake \u0161irine do 40 mm. Jednostavna je za kori\u0161tenje jer ne trebamo dodatni alat.\" \/>\n<meta property=\"og:url\" content=\"https:\/\/clair.si\/hr\/izdelek\/spojnica-za-traku-pvc-2\/\" \/>\n<meta property=\"og:site_name\" content=\"Clair\" \/>\n<meta property=\"article:publisher\" content=\"https:\/\/www.facebook.com\/TrgovinaClair\/\" \/>\n<meta property=\"article:modified_time\" content=\"2025-10-04T12:41:15+00:00\" \/>\n<meta property=\"og:image\" content=\"https:\/\/clair.si\/wp-content\/uploads\/2022\/07\/14988C__01.jpeg\" \/>\n\t<meta property=\"og:image:width\" content=\"400\" \/>\n\t<meta property=\"og:image:height\" content=\"400\" \/>\n\t<meta property=\"og:image:type\" content=\"image\/jpeg\" \/>\n<meta name=\"twitter:card\" content=\"summary_large_image\" \/>\n<script type=\"application\/ld+json\" class=\"yoast-schema-graph\">{\"@context\":\"https:\\\/\\\/schema.org\",\"@graph\":[{\"@type\":\"WebPage\",\"@id\":\"https:\\\/\\\/clair.si\\\/hr\\\/izdelek\\\/spojnica-za-traku-pvc-2\\\/\",\"url\":\"https:\\\/\\\/clair.si\\\/hr\\\/izdelek\\\/spojnica-za-traku-pvc-2\\\/\",\"name\":\"Spojnica za traku - PVC - Clair\",\"isPartOf\":{\"@id\":\"https:\\\/\\\/clair.si\\\/#website\"},\"primaryImageOfPage\":{\"@id\":\"https:\\\/\\\/clair.si\\\/hr\\\/izdelek\\\/spojnica-za-traku-pvc-2\\\/#primaryimage\"},\"image\":{\"@id\":\"https:\\\/\\\/clair.si\\\/hr\\\/izdelek\\\/spojnica-za-traku-pvc-2\\\/#primaryimage\"},\"thumbnailUrl\":\"https:\\\/\\\/clair.si\\\/wp-content\\\/uploads\\\/2022\\\/07\\\/14988C__01.webp\",\"datePublished\":\"2022-07-20T09:33:07+00:00\",\"dateModified\":\"2025-10-04T12:41:15+00:00\",\"description\":\"Spojnica za traku - PVC prikladna je za sve trake \u0161irine do 40 mm. Jednostavna je za kori\u0161tenje jer ne trebamo dodatni alat.\",\"breadcrumb\":{\"@id\":\"https:\\\/\\\/clair.si\\\/hr\\\/izdelek\\\/spojnica-za-traku-pvc-2\\\/#breadcrumb\"},\"inLanguage\":\"hr\",\"potentialAction\":[{\"@type\":\"ReadAction\",\"target\":[\"https:\\\/\\\/clair.si\\\/hr\\\/izdelek\\\/spojnica-za-traku-pvc-2\\\/\"]}]},{\"@type\":\"ImageObject\",\"inLanguage\":\"hr\",\"@id\":\"https:\\\/\\\/clair.si\\\/hr\\\/izdelek\\\/spojnica-za-traku-pvc-2\\\/#primaryimage\",\"url\":\"https:\\\/\\\/clair.si\\\/wp-content\\\/uploads\\\/2022\\\/07\\\/14988C__01.webp\",\"contentUrl\":\"https:\\\/\\\/clair.si\\\/wp-content\\\/uploads\\\/2022\\\/07\\\/14988C__01.webp\",\"width\":400,\"height\":400,\"caption\":\"Vez za trak\"},{\"@type\":\"BreadcrumbList\",\"@id\":\"https:\\\/\\\/clair.si\\\/hr\\\/izdelek\\\/spojnica-za-traku-pvc-2\\\/#breadcrumb\",\"itemListElement\":[{\"@type\":\"ListItem\",\"position\":1,\"name\":\"Home\",\"item\":\"https:\\\/\\\/clair.si\\\/hr\\\/\"},{\"@type\":\"ListItem\",\"position\":2,\"name\":\"Trgovina\",\"item\":\"https:\\\/\\\/clair.si\\\/trgovina\\\/\"},{\"@type\":\"ListItem\",\"position\":3,\"name\":\"Spojnica za traku &#8211; PVC\"}]},{\"@type\":\"WebSite\",\"@id\":\"https:\\\/\\\/clair.si\\\/#website\",\"url\":\"https:\\\/\\\/clair.si\\\/\",\"name\":\"Clair\",\"description\":\"Trgovina s konjeni\u0161ko opremo\",\"publisher\":{\"@id\":\"https:\\\/\\\/clair.si\\\/#organization\"},\"potentialAction\":[{\"@type\":\"SearchAction\",\"target\":{\"@type\":\"EntryPoint\",\"urlTemplate\":\"https:\\\/\\\/clair.si\\\/?s={search_term_string}\"},\"query-input\":{\"@type\":\"PropertyValueSpecification\",\"valueRequired\":true,\"valueName\":\"search_term_string\"}}],\"inLanguage\":\"hr\"},{\"@type\":\"Organization\",\"@id\":\"https:\\\/\\\/clair.si\\\/#organization\",\"name\":\"Clair\",\"url\":\"https:\\\/\\\/clair.si\\\/\",\"logo\":{\"@type\":\"ImageObject\",\"inLanguage\":\"hr\",\"@id\":\"https:\\\/\\\/clair.si\\\/#\\\/schema\\\/logo\\\/image\\\/\",\"url\":\"https:\\\/\\\/clair.si\\\/wp-content\\\/uploads\\\/2022\\\/11\\\/clair_logo_2022.jpg\",\"contentUrl\":\"https:\\\/\\\/clair.si\\\/wp-content\\\/uploads\\\/2022\\\/11\\\/clair_logo_2022.jpg\",\"width\":1920,\"height\":1920,\"caption\":\"Clair\"},\"image\":{\"@id\":\"https:\\\/\\\/clair.si\\\/#\\\/schema\\\/logo\\\/image\\\/\"},\"sameAs\":[\"https:\\\/\\\/www.facebook.com\\\/TrgovinaClair\\\/\"]}]}<\/script>\n<!-- \/ Yoast SEO plugin. -->","yoast_head_json":{"title":"Spojnica za traku - PVC - Clair","description":"Spojnica za traku - PVC prikladna je za sve trake \u0161irine do 40 mm. Jednostavna je za kori\u0161tenje jer ne trebamo dodatni alat.","robots":{"index":"index","follow":"follow","max-snippet":"max-snippet:-1","max-image-preview":"max-image-preview:large","max-video-preview":"max-video-preview:-1"},"canonical":"https:\/\/clair.si\/hr\/izdelek\/spojnica-za-traku-pvc-2\/","og_locale":"hr_HR","og_type":"article","og_title":"Spojnica za traku - PVC - Clair","og_description":"Spojnica za traku - PVC prikladna je za sve trake \u0161irine do 40 mm. Jednostavna je za kori\u0161tenje jer ne trebamo dodatni alat.","og_url":"https:\/\/clair.si\/hr\/izdelek\/spojnica-za-traku-pvc-2\/","og_site_name":"Clair","article_publisher":"https:\/\/www.facebook.com\/TrgovinaClair\/","article_modified_time":"2025-10-04T12:41:15+00:00","og_image":[{"width":400,"height":400,"url":"https:\/\/clair.si\/wp-content\/uploads\/2022\/07\/14988C__01.jpeg","type":"image\/jpeg"}],"twitter_card":"summary_large_image","schema":{"@context":"https:\/\/schema.org","@graph":[{"@type":"WebPage","@id":"https:\/\/clair.si\/hr\/izdelek\/spojnica-za-traku-pvc-2\/","url":"https:\/\/clair.si\/hr\/izdelek\/spojnica-za-traku-pvc-2\/","name":"Spojnica za traku - PVC - Clair","isPartOf":{"@id":"https:\/\/clair.si\/#website"},"primaryImageOfPage":{"@id":"https:\/\/clair.si\/hr\/izdelek\/spojnica-za-traku-pvc-2\/#primaryimage"},"image":{"@id":"https:\/\/clair.si\/hr\/izdelek\/spojnica-za-traku-pvc-2\/#primaryimage"},"thumbnailUrl":"https:\/\/clair.si\/wp-content\/uploads\/2022\/07\/14988C__01.webp","datePublished":"2022-07-20T09:33:07+00:00","dateModified":"2025-10-04T12:41:15+00:00","description":"Spojnica za traku - PVC prikladna je za sve trake \u0161irine do 40 mm. Jednostavna je za kori\u0161tenje jer ne trebamo dodatni alat.","breadcrumb":{"@id":"https:\/\/clair.si\/hr\/izdelek\/spojnica-za-traku-pvc-2\/#breadcrumb"},"inLanguage":"hr","potentialAction":[{"@type":"ReadAction","target":["https:\/\/clair.si\/hr\/izdelek\/spojnica-za-traku-pvc-2\/"]}]},{"@type":"ImageObject","inLanguage":"hr","@id":"https:\/\/clair.si\/hr\/izdelek\/spojnica-za-traku-pvc-2\/#primaryimage","url":"https:\/\/clair.si\/wp-content\/uploads\/2022\/07\/14988C__01.webp","contentUrl":"https:\/\/clair.si\/wp-content\/uploads\/2022\/07\/14988C__01.webp","width":400,"height":400,"caption":"Vez za trak"},{"@type":"BreadcrumbList","@id":"https:\/\/clair.si\/hr\/izdelek\/spojnica-za-traku-pvc-2\/#breadcrumb","itemListElement":[{"@type":"ListItem","position":1,"name":"Home","item":"https:\/\/clair.si\/hr\/"},{"@type":"ListItem","position":2,"name":"Trgovina","item":"https:\/\/clair.si\/trgovina\/"},{"@type":"ListItem","position":3,"name":"Spojnica za traku &#8211; PVC"}]},{"@type":"WebSite","@id":"https:\/\/clair.si\/#website","url":"https:\/\/clair.si\/","name":"Clair","description":"Trgovina s konjeni\u0161ko opremo","publisher":{"@id":"https:\/\/clair.si\/#organization"},"potentialAction":[{"@type":"SearchAction","target":{"@type":"EntryPoint","urlTemplate":"https:\/\/clair.si\/?s={search_term_string}"},"query-input":{"@type":"PropertyValueSpecification","valueRequired":true,"valueName":"search_term_string"}}],"inLanguage":"hr"},{"@type":"Organization","@id":"https:\/\/clair.si\/#organization","name":"Clair","url":"https:\/\/clair.si\/","logo":{"@type":"ImageObject","inLanguage":"hr","@id":"https:\/\/clair.si\/#\/schema\/logo\/image\/","url":"https:\/\/clair.si\/wp-content\/uploads\/2022\/11\/clair_logo_2022.jpg","contentUrl":"https:\/\/clair.si\/wp-content\/uploads\/2022\/11\/clair_logo_2022.jpg","width":1920,"height":1920,"caption":"Clair"},"image":{"@id":"https:\/\/clair.si\/#\/schema\/logo\/image\/"},"sameAs":["https:\/\/www.facebook.com\/TrgovinaClair\/"]}]}},"_links":{"self":[{"href":"https:\/\/clair.si\/hr\/wp-json\/wp\/v2\/product\/115752","targetHints":{"allow":["GET"]}}],"collection":[{"href":"https:\/\/clair.si\/hr\/wp-json\/wp\/v2\/product"}],"about":[{"href":"https:\/\/clair.si\/hr\/wp-json\/wp\/v2\/types\/product"}],"version-history":[{"count":1,"href":"https:\/\/clair.si\/hr\/wp-json\/wp\/v2\/product\/115752\/revisions"}],"predecessor-version":[{"id":115777,"href":"https:\/\/clair.si\/hr\/wp-json\/wp\/v2\/product\/115752\/revisions\/115777"}],"wp:featuredmedia":[{"embeddable":true,"href":"https:\/\/clair.si\/hr\/wp-json\/wp\/v2\/media\/103330"}],"wp:attachment":[{"href":"https:\/\/clair.si\/hr\/wp-json\/wp\/v2\/media?parent=115752"}],"wp:term":[{"taxonomy":"product_brand","embeddable":true,"href":"https:\/\/clair.si\/hr\/wp-json\/wp\/v2\/product_brand?post=115752"},{"taxonomy":"product_cat","embeddable":true,"href":"https:\/\/clair.si\/hr\/wp-json\/wp\/v2\/product_cat?post=115752"},{"taxonomy":"product_tag","embeddable":true,"href":"https:\/\/clair.si\/hr\/wp-json\/wp\/v2\/product_tag?post=115752"}],"curies":[{"name":"wp","href":"https:\/\/api.w.org\/{rel}","templated":true}]}}