{"id":115778,"date":"2023-01-15T08:36:04","date_gmt":"2023-01-15T07:36:04","guid":{"rendered":"https:\/\/clair.si\/izdelek\/jahace-carape-pikeur-rpn\/"},"modified":"2025-10-06T16:36:54","modified_gmt":"2025-10-06T14:36:54","slug":"jahace-carape-pikeur-rpn","status":"publish","type":"product","link":"https:\/\/clair.si\/hr\/izdelek\/jahace-carape-pikeur-rpn\/","title":{"rendered":"Jaha\u0107e \u010darape Pikeur RPN"},"content":{"rendered":"<p id=\"tw-target-text\" class=\"tw-data-text tw-text-large tw-ta\" dir=\"ltr\" data-placeholder=\"Translation\"><strong>Jaha\u0107e \u010darape Pikeur RPN <\/strong><span class=\"Y2IQFc\" lang=\"sl\">iz Pikeurove kolekcije sportske odje\u0107e 2022. Oja\u010dane su u podru\u010dju stopala i na stra\u017enjoj strani pete. Natpis &#8220;Pikeur&#8221; prote\u017ee se cijelom du\u017einom \u010darapa. Na rubu stopala nalazi se natpis &#8220;Respect Nature&#8221;, jer su <strong>\u010darape izra\u0111ene od ekolo\u0161kog materijala<\/strong> (reciklirana poliamidna pre\u0111a). <\/span><\/p>\n<p class=\"tw-data-text tw-text-large tw-ta\" dir=\"ltr\" data-placeholder=\"Translation\"><span class=\"Y2IQFc\" lang=\"sl\">Materijali: 97% poliamid (reciklirana poliamidna pre\u0111a) i 3% elastan.<\/span><\/p>\n","protected":false},"excerpt":{"rendered":"<p>Jaha\u0107e \u010darape Pikeur RPN iz Pikeurove kolekcije sportske odje\u0107e 2022. Oja\u010dane su u podru\u010dju stopala i na stra\u017enjoj strani pete.<\/p>\n","protected":false},"featured_media":115780,"template":"","meta":{"footnotes":""},"product_brand":[],"product_cat":[5755,5654,5744,5885,5729],"product_tag":[],"class_list":{"0":"post-115778","1":"product","2":"type-product","3":"status-publish","4":"has-post-thumbnail","6":"product_cat-carape","7":"product_cat-jahac-hr","8":"product_cat-kolekcije-hr","9":"product_cat-muski","10":"product_cat-pikeur-eskadron-hr","12":"first","13":"instock","14":"shipping-taxable","15":"purchasable","16":"product-type-variable"},"yoast_head":"<!-- This site is optimized with the Yoast SEO plugin v27.3 - https:\/\/yoast.com\/product\/yoast-seo-wordpress\/ -->\n<title>Jaha\u0107e \u010darape Pikeur RPN - Clair<\/title>\n<meta name=\"description\" content=\"Jaha\u0107e \u010darape Pikeur RPN iz Pikeurove kolekcije sportske odje\u0107e 2022. Oja\u010dane su u podru\u010dju stopala i na stra\u017enjoj strani pete. Natpis &quot;Pikeur&quot; prote\u017ee se\" \/>\n<meta name=\"robots\" content=\"index, follow, max-snippet:-1, max-image-preview:large, max-video-preview:-1\" \/>\n<link rel=\"canonical\" href=\"https:\/\/clair.si\/izdelek\/jahalne-nogavice-pikeur-rpn\/\" \/>\n<meta property=\"og:locale\" content=\"hr_HR\" \/>\n<meta property=\"og:type\" content=\"article\" \/>\n<meta property=\"og:title\" content=\"Jaha\u0107e \u010darape Pikeur RPN - Clair\" \/>\n<meta property=\"og:description\" content=\"Jaha\u0107e \u010darape Pikeur RPN iz Pikeurove kolekcije sportske odje\u0107e 2022. Oja\u010dane su u podru\u010dju stopala i na stra\u017enjoj strani pete. Natpis &quot;Pikeur&quot; prote\u017ee se\" \/>\n<meta property=\"og:url\" content=\"https:\/\/clair.si\/izdelek\/jahalne-nogavice-pikeur-rpn\/\" \/>\n<meta property=\"og:site_name\" content=\"Clair\" \/>\n<meta property=\"article:publisher\" content=\"https:\/\/www.facebook.com\/TrgovinaClair\/\" \/>\n<meta property=\"article:modified_time\" content=\"2025-10-06T14:36:54+00:00\" \/>\n<meta property=\"og:image\" content=\"https:\/\/clair.si\/wp-content\/uploads\/2023\/01\/pikeur-RPN-jahalne-nogavice.webp\" \/>\n\t<meta property=\"og:image:width\" content=\"600\" \/>\n\t<meta property=\"og:image:height\" content=\"600\" \/>\n\t<meta property=\"og:image:type\" content=\"image\/jpeg\" \/>\n<meta name=\"twitter:card\" content=\"summary_large_image\" \/>\n<meta name=\"twitter:label1\" content=\"Procijenjeno vrijeme \u010ditanja\" \/>\n\t<meta name=\"twitter:data1\" content=\"1 minuta\" \/>\n<script type=\"application\/ld+json\" class=\"yoast-schema-graph\">{\"@context\":\"https:\\\/\\\/schema.org\",\"@graph\":[{\"@type\":\"WebPage\",\"@id\":\"https:\\\/\\\/clair.si\\\/izdelek\\\/jahalne-nogavice-pikeur-rpn\\\/\",\"url\":\"https:\\\/\\\/clair.si\\\/izdelek\\\/jahalne-nogavice-pikeur-rpn\\\/\",\"name\":\"Jaha\u0107e \u010darape Pikeur RPN - Clair\",\"isPartOf\":{\"@id\":\"https:\\\/\\\/clair.si\\\/#website\"},\"primaryImageOfPage\":{\"@id\":\"https:\\\/\\\/clair.si\\\/izdelek\\\/jahalne-nogavice-pikeur-rpn\\\/#primaryimage\"},\"image\":{\"@id\":\"https:\\\/\\\/clair.si\\\/izdelek\\\/jahalne-nogavice-pikeur-rpn\\\/#primaryimage\"},\"thumbnailUrl\":\"https:\\\/\\\/clair.si\\\/wp-content\\\/uploads\\\/2023\\\/01\\\/pikeur-RPN-jahalne-nogavice.webp\",\"datePublished\":\"2023-01-15T07:36:04+00:00\",\"dateModified\":\"2025-10-06T14:36:54+00:00\",\"description\":\"Jaha\u0107e \u010darape Pikeur RPN iz Pikeurove kolekcije sportske odje\u0107e 2022. Oja\u010dane su u podru\u010dju stopala i na stra\u017enjoj strani pete. Natpis \\\"Pikeur\\\" prote\u017ee se\",\"breadcrumb\":{\"@id\":\"https:\\\/\\\/clair.si\\\/izdelek\\\/jahalne-nogavice-pikeur-rpn\\\/#breadcrumb\"},\"inLanguage\":\"hr\",\"potentialAction\":[{\"@type\":\"ReadAction\",\"target\":[\"https:\\\/\\\/clair.si\\\/izdelek\\\/jahalne-nogavice-pikeur-rpn\\\/\"]}]},{\"@type\":\"ImageObject\",\"inLanguage\":\"hr\",\"@id\":\"https:\\\/\\\/clair.si\\\/izdelek\\\/jahalne-nogavice-pikeur-rpn\\\/#primaryimage\",\"url\":\"https:\\\/\\\/clair.si\\\/wp-content\\\/uploads\\\/2023\\\/01\\\/pikeur-RPN-jahalne-nogavice.webp\",\"contentUrl\":\"https:\\\/\\\/clair.si\\\/wp-content\\\/uploads\\\/2023\\\/01\\\/pikeur-RPN-jahalne-nogavice.webp\",\"width\":600,\"height\":600,\"caption\":\"RPN Pikeur jahalne nogavice\"},{\"@type\":\"BreadcrumbList\",\"@id\":\"https:\\\/\\\/clair.si\\\/izdelek\\\/jahalne-nogavice-pikeur-rpn\\\/#breadcrumb\",\"itemListElement\":[{\"@type\":\"ListItem\",\"position\":1,\"name\":\"Home\",\"item\":\"https:\\\/\\\/clair.si\\\/hr\\\/\"},{\"@type\":\"ListItem\",\"position\":2,\"name\":\"Trgovina\",\"item\":\"https:\\\/\\\/clair.si\\\/trgovina\\\/\"},{\"@type\":\"ListItem\",\"position\":3,\"name\":\"Jaha\u0107e \u010darape Pikeur RPN\"}]},{\"@type\":\"WebSite\",\"@id\":\"https:\\\/\\\/clair.si\\\/#website\",\"url\":\"https:\\\/\\\/clair.si\\\/\",\"name\":\"Clair\",\"description\":\"Trgovina s konjeni\u0161ko opremo\",\"publisher\":{\"@id\":\"https:\\\/\\\/clair.si\\\/#organization\"},\"potentialAction\":[{\"@type\":\"SearchAction\",\"target\":{\"@type\":\"EntryPoint\",\"urlTemplate\":\"https:\\\/\\\/clair.si\\\/?s={search_term_string}\"},\"query-input\":{\"@type\":\"PropertyValueSpecification\",\"valueRequired\":true,\"valueName\":\"search_term_string\"}}],\"inLanguage\":\"hr\"},{\"@type\":\"Organization\",\"@id\":\"https:\\\/\\\/clair.si\\\/#organization\",\"name\":\"Clair\",\"url\":\"https:\\\/\\\/clair.si\\\/\",\"logo\":{\"@type\":\"ImageObject\",\"inLanguage\":\"hr\",\"@id\":\"https:\\\/\\\/clair.si\\\/#\\\/schema\\\/logo\\\/image\\\/\",\"url\":\"https:\\\/\\\/clair.si\\\/wp-content\\\/uploads\\\/2022\\\/11\\\/clair_logo_2022.jpg\",\"contentUrl\":\"https:\\\/\\\/clair.si\\\/wp-content\\\/uploads\\\/2022\\\/11\\\/clair_logo_2022.jpg\",\"width\":1920,\"height\":1920,\"caption\":\"Clair\"},\"image\":{\"@id\":\"https:\\\/\\\/clair.si\\\/#\\\/schema\\\/logo\\\/image\\\/\"},\"sameAs\":[\"https:\\\/\\\/www.facebook.com\\\/TrgovinaClair\\\/\"]}]}<\/script>\n<!-- \/ Yoast SEO plugin. -->","yoast_head_json":{"title":"Jaha\u0107e \u010darape Pikeur RPN - Clair","description":"Jaha\u0107e \u010darape Pikeur RPN iz Pikeurove kolekcije sportske odje\u0107e 2022. Oja\u010dane su u podru\u010dju stopala i na stra\u017enjoj strani pete. Natpis \"Pikeur\" prote\u017ee se","robots":{"index":"index","follow":"follow","max-snippet":"max-snippet:-1","max-image-preview":"max-image-preview:large","max-video-preview":"max-video-preview:-1"},"canonical":"https:\/\/clair.si\/izdelek\/jahalne-nogavice-pikeur-rpn\/","og_locale":"hr_HR","og_type":"article","og_title":"Jaha\u0107e \u010darape Pikeur RPN - Clair","og_description":"Jaha\u0107e \u010darape Pikeur RPN iz Pikeurove kolekcije sportske odje\u0107e 2022. Oja\u010dane su u podru\u010dju stopala i na stra\u017enjoj strani pete. Natpis \"Pikeur\" prote\u017ee se","og_url":"https:\/\/clair.si\/izdelek\/jahalne-nogavice-pikeur-rpn\/","og_site_name":"Clair","article_publisher":"https:\/\/www.facebook.com\/TrgovinaClair\/","article_modified_time":"2025-10-06T14:36:54+00:00","og_image":[{"width":600,"height":600,"url":"https:\/\/clair.si\/wp-content\/uploads\/2023\/01\/pikeur-RPN-jahalne-nogavice.webp","type":"image\/jpeg"}],"twitter_card":"summary_large_image","twitter_misc":{"Procijenjeno vrijeme \u010ditanja":"1 minuta"},"schema":{"@context":"https:\/\/schema.org","@graph":[{"@type":"WebPage","@id":"https:\/\/clair.si\/izdelek\/jahalne-nogavice-pikeur-rpn\/","url":"https:\/\/clair.si\/izdelek\/jahalne-nogavice-pikeur-rpn\/","name":"Jaha\u0107e \u010darape Pikeur RPN - Clair","isPartOf":{"@id":"https:\/\/clair.si\/#website"},"primaryImageOfPage":{"@id":"https:\/\/clair.si\/izdelek\/jahalne-nogavice-pikeur-rpn\/#primaryimage"},"image":{"@id":"https:\/\/clair.si\/izdelek\/jahalne-nogavice-pikeur-rpn\/#primaryimage"},"thumbnailUrl":"https:\/\/clair.si\/wp-content\/uploads\/2023\/01\/pikeur-RPN-jahalne-nogavice.webp","datePublished":"2023-01-15T07:36:04+00:00","dateModified":"2025-10-06T14:36:54+00:00","description":"Jaha\u0107e \u010darape Pikeur RPN iz Pikeurove kolekcije sportske odje\u0107e 2022. Oja\u010dane su u podru\u010dju stopala i na stra\u017enjoj strani pete. Natpis \"Pikeur\" prote\u017ee se","breadcrumb":{"@id":"https:\/\/clair.si\/izdelek\/jahalne-nogavice-pikeur-rpn\/#breadcrumb"},"inLanguage":"hr","potentialAction":[{"@type":"ReadAction","target":["https:\/\/clair.si\/izdelek\/jahalne-nogavice-pikeur-rpn\/"]}]},{"@type":"ImageObject","inLanguage":"hr","@id":"https:\/\/clair.si\/izdelek\/jahalne-nogavice-pikeur-rpn\/#primaryimage","url":"https:\/\/clair.si\/wp-content\/uploads\/2023\/01\/pikeur-RPN-jahalne-nogavice.webp","contentUrl":"https:\/\/clair.si\/wp-content\/uploads\/2023\/01\/pikeur-RPN-jahalne-nogavice.webp","width":600,"height":600,"caption":"RPN Pikeur jahalne nogavice"},{"@type":"BreadcrumbList","@id":"https:\/\/clair.si\/izdelek\/jahalne-nogavice-pikeur-rpn\/#breadcrumb","itemListElement":[{"@type":"ListItem","position":1,"name":"Home","item":"https:\/\/clair.si\/hr\/"},{"@type":"ListItem","position":2,"name":"Trgovina","item":"https:\/\/clair.si\/trgovina\/"},{"@type":"ListItem","position":3,"name":"Jaha\u0107e \u010darape Pikeur RPN"}]},{"@type":"WebSite","@id":"https:\/\/clair.si\/#website","url":"https:\/\/clair.si\/","name":"Clair","description":"Trgovina s konjeni\u0161ko opremo","publisher":{"@id":"https:\/\/clair.si\/#organization"},"potentialAction":[{"@type":"SearchAction","target":{"@type":"EntryPoint","urlTemplate":"https:\/\/clair.si\/?s={search_term_string}"},"query-input":{"@type":"PropertyValueSpecification","valueRequired":true,"valueName":"search_term_string"}}],"inLanguage":"hr"},{"@type":"Organization","@id":"https:\/\/clair.si\/#organization","name":"Clair","url":"https:\/\/clair.si\/","logo":{"@type":"ImageObject","inLanguage":"hr","@id":"https:\/\/clair.si\/#\/schema\/logo\/image\/","url":"https:\/\/clair.si\/wp-content\/uploads\/2022\/11\/clair_logo_2022.jpg","contentUrl":"https:\/\/clair.si\/wp-content\/uploads\/2022\/11\/clair_logo_2022.jpg","width":1920,"height":1920,"caption":"Clair"},"image":{"@id":"https:\/\/clair.si\/#\/schema\/logo\/image\/"},"sameAs":["https:\/\/www.facebook.com\/TrgovinaClair\/"]}]}},"_links":{"self":[{"href":"https:\/\/clair.si\/hr\/wp-json\/wp\/v2\/product\/115778","targetHints":{"allow":["GET"]}}],"collection":[{"href":"https:\/\/clair.si\/hr\/wp-json\/wp\/v2\/product"}],"about":[{"href":"https:\/\/clair.si\/hr\/wp-json\/wp\/v2\/types\/product"}],"version-history":[{"count":2,"href":"https:\/\/clair.si\/hr\/wp-json\/wp\/v2\/product\/115778\/revisions"}],"predecessor-version":[{"id":116173,"href":"https:\/\/clair.si\/hr\/wp-json\/wp\/v2\/product\/115778\/revisions\/116173"}],"wp:featuredmedia":[{"embeddable":true,"href":"https:\/\/clair.si\/hr\/wp-json\/wp\/v2\/media\/115780"}],"wp:attachment":[{"href":"https:\/\/clair.si\/hr\/wp-json\/wp\/v2\/media?parent=115778"}],"wp:term":[{"taxonomy":"product_brand","embeddable":true,"href":"https:\/\/clair.si\/hr\/wp-json\/wp\/v2\/product_brand?post=115778"},{"taxonomy":"product_cat","embeddable":true,"href":"https:\/\/clair.si\/hr\/wp-json\/wp\/v2\/product_cat?post=115778"},{"taxonomy":"product_tag","embeddable":true,"href":"https:\/\/clair.si\/hr\/wp-json\/wp\/v2\/product_tag?post=115778"}],"curies":[{"name":"wp","href":"https:\/\/api.w.org\/{rel}","templated":true}]}}