{"id":115795,"date":"2022-06-09T14:40:55","date_gmt":"2022-06-09T12:40:55","guid":{"rendered":"https:\/\/clair.si\/izdelek\/sedlasti-luk-wintec-bates\/"},"modified":"2025-11-22T21:28:20","modified_gmt":"2025-11-22T20:28:20","slug":"sedlasti-luk-wintec-bates","status":"publish","type":"product","link":"https:\/\/clair.si\/hr\/izdelek\/sedlasti-luk-wintec-bates\/","title":{"rendered":"Sedlasti luk Wintec &amp; Bates"},"content":{"rendered":"<p><strong>Sedlasti luk Wintec &amp; Bates<\/strong> prikladan je za sedla<span class=\"VIiyi\" lang=\"sl\"><br \/>\n  <span class=\"JLqJ4b ChMk0b\" data-language-for-alternatives=\"sl\" data-language-to-translate-into=\"de\" data-phrase-index=\"0\" data-number-of-phrases=\"1\"><br \/>\n    <span class=\"Q4iAWc\"> BATES i WINTEC, sa sustavom EASY CHANGE\u00ae, i mo\u017ee se brzo i jednostavno zamijeniti te tako prilagoditi sedlo konju.<\/span><br \/>\n  <\/span><br \/>\n<\/span><\/p>\n<p><strong>Boje i veli\u010dine sedlastih lukova:<\/strong><\/p>\n<ul>\n<li>bijela = XL<\/li>\n<li>crvena = L<\/li>\n<li>plava = M\/L<\/li>\n<li>crna = M<\/li>\n<li>zelena = S\/M<\/li>\n<li>\u017euta = S<\/li>\n<\/ul>\n<p><strong>\u0160ablonu za mjerenje mo\u017eete prona\u0107i u na\u0161oj web trgovini pod \u0161ifrom artikla 301.<span class=\"sku_wrapper\"><span class=\"sku\">702051001.  <\/span><\/span><\/strong><\/p>\n<p><strong>Za svu pomo\u0107 koja vam je potrebna pri mjerenju ili zamjeni sedlastog luka Wintec &amp; Bates, na raspolaganju su vam zaposlenici u trgovini Clair Zbilje ili Clair Maribor!<\/strong><\/p>\n<p>&nbsp;<\/p>\n","protected":false},"excerpt":{"rendered":"<p><strong>Sedlasti luk Wintec &amp; Bates<\/strong> prikladan je za sedla<span class=\"VIiyi\" lang=\"sl\"><br \/>\n  <span class=\"JLqJ4b ChMk0b\" data-language-for-alternatives=\"sl\" data-language-to-translate-into=\"de\" data-phrase-index=\"0\" data-number-of-phrases=\"1\"><br \/>\n    <span class=\"Q4iAWc\"> BATES i WINTEC, sa sustavom EASY CHANGE\u00ae, i mo\u017ee se brzo i jednostavno zamijeniti te tako prilagoditi sedlo konju.<\/span><br \/>\n  <\/span><br \/>\n<\/span><\/p>\n","protected":false},"featured_media":104411,"template":"","meta":{"footnotes":""},"product_brand":[],"product_cat":[5942,5624,5940],"product_tag":[],"class_list":{"0":"post-115795","1":"product","2":"type-product","3":"status-publish","4":"has-post-thumbnail","6":"product_cat-dodatna-oprema-za-sedla","7":"product_cat-konj-hr","8":"product_cat-sedla-hr","10":"first","11":"instock","12":"shipping-taxable","13":"purchasable","14":"product-type-variable"},"yoast_head":"<!-- This site is optimized with the Yoast SEO plugin v27.3 - https:\/\/yoast.com\/product\/yoast-seo-wordpress\/ -->\n<title>Sedlasti luk Wintec &amp; Bates - Clair<\/title>\n<meta name=\"description\" content=\"Sedlasti luk Wintec &amp; Bates prikladan je za sedla sa sustavom EASY CHANGE, lako ga je zamijeniti i tako prilagoditi sedlo konju.\" \/>\n<meta name=\"robots\" content=\"index, follow, max-snippet:-1, max-image-preview:large, max-video-preview:-1\" \/>\n<link rel=\"canonical\" href=\"https:\/\/clair.si\/hr\/izdelek\/sedlasti-luk-wintec-bates\/\" \/>\n<meta property=\"og:locale\" content=\"hr_HR\" \/>\n<meta property=\"og:type\" content=\"article\" \/>\n<meta property=\"og:title\" content=\"Sedlasti luk Wintec &amp; Bates - Clair\" \/>\n<meta property=\"og:description\" content=\"Sedlasti luk Wintec &amp; Bates prikladan je za sedla sa sustavom EASY CHANGE, lako ga je zamijeniti i tako prilagoditi sedlo konju.\" \/>\n<meta property=\"og:url\" content=\"https:\/\/clair.si\/hr\/izdelek\/sedlasti-luk-wintec-bates\/\" \/>\n<meta property=\"og:site_name\" content=\"Clair\" \/>\n<meta property=\"article:publisher\" content=\"https:\/\/www.facebook.com\/TrgovinaClair\/\" \/>\n<meta property=\"article:modified_time\" content=\"2025-11-22T20:28:20+00:00\" \/>\n<meta property=\"og:image\" content=\"https:\/\/clair.si\/wp-content\/uploads\/2022\/06\/wintec-sedelni-lok.jpg\" \/>\n\t<meta property=\"og:image:width\" content=\"409\" \/>\n\t<meta property=\"og:image:height\" content=\"409\" \/>\n\t<meta property=\"og:image:type\" content=\"image\/jpeg\" \/>\n<meta name=\"twitter:card\" content=\"summary_large_image\" \/>\n<script type=\"application\/ld+json\" class=\"yoast-schema-graph\">{\"@context\":\"https:\\\/\\\/schema.org\",\"@graph\":[{\"@type\":\"WebPage\",\"@id\":\"https:\\\/\\\/clair.si\\\/hr\\\/izdelek\\\/sedlasti-luk-wintec-bates\\\/\",\"url\":\"https:\\\/\\\/clair.si\\\/hr\\\/izdelek\\\/sedlasti-luk-wintec-bates\\\/\",\"name\":\"Sedlasti luk Wintec &amp; Bates - Clair\",\"isPartOf\":{\"@id\":\"https:\\\/\\\/clair.si\\\/#website\"},\"primaryImageOfPage\":{\"@id\":\"https:\\\/\\\/clair.si\\\/hr\\\/izdelek\\\/sedlasti-luk-wintec-bates\\\/#primaryimage\"},\"image\":{\"@id\":\"https:\\\/\\\/clair.si\\\/hr\\\/izdelek\\\/sedlasti-luk-wintec-bates\\\/#primaryimage\"},\"thumbnailUrl\":\"https:\\\/\\\/clair.si\\\/wp-content\\\/uploads\\\/2022\\\/06\\\/wintec-sedelni-lok.webp\",\"datePublished\":\"2022-06-09T12:40:55+00:00\",\"dateModified\":\"2025-11-22T20:28:20+00:00\",\"description\":\"Sedlasti luk Wintec & Bates prikladan je za sedla sa sustavom EASY CHANGE, lako ga je zamijeniti i tako prilagoditi sedlo konju.\",\"breadcrumb\":{\"@id\":\"https:\\\/\\\/clair.si\\\/hr\\\/izdelek\\\/sedlasti-luk-wintec-bates\\\/#breadcrumb\"},\"inLanguage\":\"hr\",\"potentialAction\":[{\"@type\":\"ReadAction\",\"target\":[\"https:\\\/\\\/clair.si\\\/hr\\\/izdelek\\\/sedlasti-luk-wintec-bates\\\/\"]}]},{\"@type\":\"ImageObject\",\"inLanguage\":\"hr\",\"@id\":\"https:\\\/\\\/clair.si\\\/hr\\\/izdelek\\\/sedlasti-luk-wintec-bates\\\/#primaryimage\",\"url\":\"https:\\\/\\\/clair.si\\\/wp-content\\\/uploads\\\/2022\\\/06\\\/wintec-sedelni-lok.webp\",\"contentUrl\":\"https:\\\/\\\/clair.si\\\/wp-content\\\/uploads\\\/2022\\\/06\\\/wintec-sedelni-lok.webp\",\"width\":409,\"height\":409,\"caption\":\"Sedelni loki za sedla Wintec in Bates.\"},{\"@type\":\"BreadcrumbList\",\"@id\":\"https:\\\/\\\/clair.si\\\/hr\\\/izdelek\\\/sedlasti-luk-wintec-bates\\\/#breadcrumb\",\"itemListElement\":[{\"@type\":\"ListItem\",\"position\":1,\"name\":\"Home\",\"item\":\"https:\\\/\\\/clair.si\\\/hr\\\/\"},{\"@type\":\"ListItem\",\"position\":2,\"name\":\"Trgovina\",\"item\":\"https:\\\/\\\/clair.si\\\/trgovina\\\/\"},{\"@type\":\"ListItem\",\"position\":3,\"name\":\"Sedlasti luk Wintec &amp; Bates\"}]},{\"@type\":\"WebSite\",\"@id\":\"https:\\\/\\\/clair.si\\\/#website\",\"url\":\"https:\\\/\\\/clair.si\\\/\",\"name\":\"Clair\",\"description\":\"Trgovina s konjeni\u0161ko opremo\",\"publisher\":{\"@id\":\"https:\\\/\\\/clair.si\\\/#organization\"},\"potentialAction\":[{\"@type\":\"SearchAction\",\"target\":{\"@type\":\"EntryPoint\",\"urlTemplate\":\"https:\\\/\\\/clair.si\\\/?s={search_term_string}\"},\"query-input\":{\"@type\":\"PropertyValueSpecification\",\"valueRequired\":true,\"valueName\":\"search_term_string\"}}],\"inLanguage\":\"hr\"},{\"@type\":\"Organization\",\"@id\":\"https:\\\/\\\/clair.si\\\/#organization\",\"name\":\"Clair\",\"url\":\"https:\\\/\\\/clair.si\\\/\",\"logo\":{\"@type\":\"ImageObject\",\"inLanguage\":\"hr\",\"@id\":\"https:\\\/\\\/clair.si\\\/#\\\/schema\\\/logo\\\/image\\\/\",\"url\":\"https:\\\/\\\/clair.si\\\/wp-content\\\/uploads\\\/2022\\\/11\\\/clair_logo_2022.jpg\",\"contentUrl\":\"https:\\\/\\\/clair.si\\\/wp-content\\\/uploads\\\/2022\\\/11\\\/clair_logo_2022.jpg\",\"width\":1920,\"height\":1920,\"caption\":\"Clair\"},\"image\":{\"@id\":\"https:\\\/\\\/clair.si\\\/#\\\/schema\\\/logo\\\/image\\\/\"},\"sameAs\":[\"https:\\\/\\\/www.facebook.com\\\/TrgovinaClair\\\/\"]}]}<\/script>\n<!-- \/ Yoast SEO plugin. -->","yoast_head_json":{"title":"Sedlasti luk Wintec &amp; Bates - Clair","description":"Sedlasti luk Wintec & Bates prikladan je za sedla sa sustavom EASY CHANGE, lako ga je zamijeniti i tako prilagoditi sedlo konju.","robots":{"index":"index","follow":"follow","max-snippet":"max-snippet:-1","max-image-preview":"max-image-preview:large","max-video-preview":"max-video-preview:-1"},"canonical":"https:\/\/clair.si\/hr\/izdelek\/sedlasti-luk-wintec-bates\/","og_locale":"hr_HR","og_type":"article","og_title":"Sedlasti luk Wintec &amp; Bates - Clair","og_description":"Sedlasti luk Wintec & Bates prikladan je za sedla sa sustavom EASY CHANGE, lako ga je zamijeniti i tako prilagoditi sedlo konju.","og_url":"https:\/\/clair.si\/hr\/izdelek\/sedlasti-luk-wintec-bates\/","og_site_name":"Clair","article_publisher":"https:\/\/www.facebook.com\/TrgovinaClair\/","article_modified_time":"2025-11-22T20:28:20+00:00","og_image":[{"width":409,"height":409,"url":"https:\/\/clair.si\/wp-content\/uploads\/2022\/06\/wintec-sedelni-lok.jpg","type":"image\/jpeg"}],"twitter_card":"summary_large_image","schema":{"@context":"https:\/\/schema.org","@graph":[{"@type":"WebPage","@id":"https:\/\/clair.si\/hr\/izdelek\/sedlasti-luk-wintec-bates\/","url":"https:\/\/clair.si\/hr\/izdelek\/sedlasti-luk-wintec-bates\/","name":"Sedlasti luk Wintec &amp; Bates - Clair","isPartOf":{"@id":"https:\/\/clair.si\/#website"},"primaryImageOfPage":{"@id":"https:\/\/clair.si\/hr\/izdelek\/sedlasti-luk-wintec-bates\/#primaryimage"},"image":{"@id":"https:\/\/clair.si\/hr\/izdelek\/sedlasti-luk-wintec-bates\/#primaryimage"},"thumbnailUrl":"https:\/\/clair.si\/wp-content\/uploads\/2022\/06\/wintec-sedelni-lok.webp","datePublished":"2022-06-09T12:40:55+00:00","dateModified":"2025-11-22T20:28:20+00:00","description":"Sedlasti luk Wintec & Bates prikladan je za sedla sa sustavom EASY CHANGE, lako ga je zamijeniti i tako prilagoditi sedlo konju.","breadcrumb":{"@id":"https:\/\/clair.si\/hr\/izdelek\/sedlasti-luk-wintec-bates\/#breadcrumb"},"inLanguage":"hr","potentialAction":[{"@type":"ReadAction","target":["https:\/\/clair.si\/hr\/izdelek\/sedlasti-luk-wintec-bates\/"]}]},{"@type":"ImageObject","inLanguage":"hr","@id":"https:\/\/clair.si\/hr\/izdelek\/sedlasti-luk-wintec-bates\/#primaryimage","url":"https:\/\/clair.si\/wp-content\/uploads\/2022\/06\/wintec-sedelni-lok.webp","contentUrl":"https:\/\/clair.si\/wp-content\/uploads\/2022\/06\/wintec-sedelni-lok.webp","width":409,"height":409,"caption":"Sedelni loki za sedla Wintec in Bates."},{"@type":"BreadcrumbList","@id":"https:\/\/clair.si\/hr\/izdelek\/sedlasti-luk-wintec-bates\/#breadcrumb","itemListElement":[{"@type":"ListItem","position":1,"name":"Home","item":"https:\/\/clair.si\/hr\/"},{"@type":"ListItem","position":2,"name":"Trgovina","item":"https:\/\/clair.si\/trgovina\/"},{"@type":"ListItem","position":3,"name":"Sedlasti luk Wintec &amp; Bates"}]},{"@type":"WebSite","@id":"https:\/\/clair.si\/#website","url":"https:\/\/clair.si\/","name":"Clair","description":"Trgovina s konjeni\u0161ko opremo","publisher":{"@id":"https:\/\/clair.si\/#organization"},"potentialAction":[{"@type":"SearchAction","target":{"@type":"EntryPoint","urlTemplate":"https:\/\/clair.si\/?s={search_term_string}"},"query-input":{"@type":"PropertyValueSpecification","valueRequired":true,"valueName":"search_term_string"}}],"inLanguage":"hr"},{"@type":"Organization","@id":"https:\/\/clair.si\/#organization","name":"Clair","url":"https:\/\/clair.si\/","logo":{"@type":"ImageObject","inLanguage":"hr","@id":"https:\/\/clair.si\/#\/schema\/logo\/image\/","url":"https:\/\/clair.si\/wp-content\/uploads\/2022\/11\/clair_logo_2022.jpg","contentUrl":"https:\/\/clair.si\/wp-content\/uploads\/2022\/11\/clair_logo_2022.jpg","width":1920,"height":1920,"caption":"Clair"},"image":{"@id":"https:\/\/clair.si\/#\/schema\/logo\/image\/"},"sameAs":["https:\/\/www.facebook.com\/TrgovinaClair\/"]}]}},"_links":{"self":[{"href":"https:\/\/clair.si\/hr\/wp-json\/wp\/v2\/product\/115795","targetHints":{"allow":["GET"]}}],"collection":[{"href":"https:\/\/clair.si\/hr\/wp-json\/wp\/v2\/product"}],"about":[{"href":"https:\/\/clair.si\/hr\/wp-json\/wp\/v2\/types\/product"}],"version-history":[{"count":0,"href":"https:\/\/clair.si\/hr\/wp-json\/wp\/v2\/product\/115795\/revisions"}],"wp:featuredmedia":[{"embeddable":true,"href":"https:\/\/clair.si\/hr\/wp-json\/wp\/v2\/media\/104411"}],"wp:attachment":[{"href":"https:\/\/clair.si\/hr\/wp-json\/wp\/v2\/media?parent=115795"}],"wp:term":[{"taxonomy":"product_brand","embeddable":true,"href":"https:\/\/clair.si\/hr\/wp-json\/wp\/v2\/product_brand?post=115795"},{"taxonomy":"product_cat","embeddable":true,"href":"https:\/\/clair.si\/hr\/wp-json\/wp\/v2\/product_cat?post=115795"},{"taxonomy":"product_tag","embeddable":true,"href":"https:\/\/clair.si\/hr\/wp-json\/wp\/v2\/product_tag?post=115795"}],"curies":[{"name":"wp","href":"https:\/\/api.w.org\/{rel}","templated":true}]}}