{"id":117326,"date":"2025-10-13T10:24:07","date_gmt":"2025-10-13T08:24:07","guid":{"rendered":"https:\/\/clair.si\/izdelek\/naf-poslastice-s-okusom-borovnice-i-banane\/"},"modified":"2025-10-13T10:24:07","modified_gmt":"2025-10-13T08:24:07","slug":"naf-poslastice-s-okusom-borovnice-i-banane","status":"publish","type":"product","link":"https:\/\/clair.si\/hr\/izdelek\/naf-poslastice-s-okusom-borovnice-i-banane\/","title":{"rendered":"NAF poslastice s okusom borovnice i banane"},"content":{"rendered":"<p data-start=\"0\" data-end=\"83\"><strong data-start=\"0\" data-end=\"83\">NAF Blueberry &amp; Banana Treats \u2013 poslastice za konje s okusom borovnice i banane <\/strong><\/p>\n<p data-start=\"85\" data-end=\"507\">NAF <strong data-start=\"89\" data-end=\"111\">Blueberry &amp; Banana<\/strong> su aromati\u010dne, prirodno ukusne poslastice s dodatkom <strong data-start=\"165\" data-end=\"190\">borovnica i banana<\/strong> \u2013 izvrsne za motivaciju tijekom treninga, vje\u017ebe istezanja ili kao prijateljsko \u201chvala\u201d nakon dobrog rada. Ujedna\u010dena, kompaktna struktura se ne mrvi u d\u017eepovima, a ugodan miris poti\u010de apetit i pa\u017enju \u010dak i kod izbirljivijih konja. Prikladne su za svakodnevnu upotrebu u svim disciplinama, od dresure i skokova do opu\u0161tenog terena.  <\/p>\n<p data-start=\"509\" data-end=\"794\"><strong data-start=\"509\" data-end=\"535\">Sastav (kompozicija):<\/strong> je\u010dam, p\u0161enica, lucerna (visokotemperaturno su\u0161ena), <strong data-start=\"590\" data-end=\"600\">banane<\/strong>, <strong data-start=\"602\" data-end=\"615\">borovnice<\/strong>, kalcijev karbonat, natrijev klorid.<\/p>\n<p data-start=\"796\" data-end=\"1049\"><strong data-start=\"796\" data-end=\"820\">Upute za upotrebu:<\/strong> ponudite <strong data-start=\"830\" data-end=\"848\">1\u20132 poslastice<\/strong> po potrebi kao nagradu pri radu, pri vje\u017ebama istezanja ili za punjenje stabilnih igra\u010daka. Koristite kao <g id=\"gid_2\">slasticu<\/g> \u2013 ne zamjenjuje uravnote\u017eenu osnovnu hranu. Uvijek osigurajte <strong data-start=\"1026\" data-end=\"1046\">svje\u017eu pitku vodu<\/strong>.  <\/p>\n<p data-start=\"1073\" data-end=\"1257\">Ako \u017eelite ukusne, pouzdane i kvalitetne poslastice koje kombiniraju prirodnu vo\u0107nu aromu s NAF-ovom dosljednom kvalitetom, <strong data-start=\"1200\" data-end=\"1229\">Blueberry &amp; Banana Treats<\/strong> su odli\u010dan izbor za svaki dan.<\/p>\n","protected":false},"excerpt":{"rendered":"<ul>\n<li>poslastice s okusom banane i borovnice<\/li>\n<li>nisko kalori\u010dne<\/li>\n<li>pakiranje od 1 kg<\/li>\n<\/ul>\n","protected":false},"featured_media":116712,"template":"","meta":{"footnotes":""},"product_brand":[],"product_cat":[5782,5710,5769,5769,5784,5627],"product_tag":[],"class_list":{"0":"post-117326","1":"product","2":"type-product","3":"status-publish","4":"has-post-thumbnail","6":"product_cat-kolacici-i-kamenje-soli","7":"product_cat-hrana-za-konje-hr","8":"product_cat-must-have","10":"product_cat-naf-prehrambeni-dodaci","11":"product_cat-stala-i-pasnjak","13":"first","14":"instock","15":"shipping-taxable","16":"purchasable","17":"product-type-simple"},"yoast_head":"<!-- This site is optimized with the Yoast SEO plugin v27.4 - https:\/\/yoast.com\/product\/yoast-seo-wordpress\/ -->\n<title>NAF poslastice s okusom borovnice i banane - Clair<\/title>\n<meta name=\"description\" content=\"poslastice s okusom banane i borovnice  nisko kalori\u010dne  pakiranje od 1 kg\" \/>\n<meta name=\"robots\" content=\"index, follow, max-snippet:-1, max-image-preview:large, max-video-preview:-1\" \/>\n<link rel=\"canonical\" href=\"https:\/\/clair.si\/hr\/izdelek\/naf-poslastice-s-okusom-borovnice-i-banane\/\" \/>\n<meta property=\"og:locale\" content=\"hr_HR\" \/>\n<meta property=\"og:type\" content=\"article\" \/>\n<meta property=\"og:title\" content=\"NAF poslastice s okusom borovnice i banane - Clair\" \/>\n<meta property=\"og:description\" content=\"poslastice s okusom banane i borovnice  nisko kalori\u010dne  pakiranje od 1 kg\" \/>\n<meta property=\"og:url\" content=\"https:\/\/clair.si\/hr\/izdelek\/naf-poslastice-s-okusom-borovnice-i-banane\/\" \/>\n<meta property=\"og:site_name\" content=\"Clair\" \/>\n<meta property=\"article:publisher\" content=\"https:\/\/www.facebook.com\/TrgovinaClair\/\" \/>\n<meta property=\"og:image\" content=\"https:\/\/clair.si\/wp-content\/uploads\/2025\/10\/blueberry-naf-priboljski-clair.webp\" \/>\n\t<meta property=\"og:image:width\" content=\"1000\" \/>\n\t<meta property=\"og:image:height\" content=\"1000\" \/>\n\t<meta property=\"og:image:type\" content=\"image\/webp\" \/>\n<meta name=\"twitter:card\" content=\"summary_large_image\" \/>\n<meta name=\"twitter:label1\" content=\"Procijenjeno vrijeme \u010ditanja\" \/>\n\t<meta name=\"twitter:data1\" content=\"1 minuta\" \/>\n<script type=\"application\/ld+json\" class=\"yoast-schema-graph\">{\"@context\":\"https:\\\/\\\/schema.org\",\"@graph\":[{\"@type\":\"WebPage\",\"@id\":\"https:\\\/\\\/clair.si\\\/hr\\\/izdelek\\\/naf-poslastice-s-okusom-borovnice-i-banane\\\/\",\"url\":\"https:\\\/\\\/clair.si\\\/hr\\\/izdelek\\\/naf-poslastice-s-okusom-borovnice-i-banane\\\/\",\"name\":\"NAF poslastice s okusom borovnice i banane - Clair\",\"isPartOf\":{\"@id\":\"https:\\\/\\\/clair.si\\\/#website\"},\"primaryImageOfPage\":{\"@id\":\"https:\\\/\\\/clair.si\\\/hr\\\/izdelek\\\/naf-poslastice-s-okusom-borovnice-i-banane\\\/#primaryimage\"},\"image\":{\"@id\":\"https:\\\/\\\/clair.si\\\/hr\\\/izdelek\\\/naf-poslastice-s-okusom-borovnice-i-banane\\\/#primaryimage\"},\"thumbnailUrl\":\"https:\\\/\\\/clair.si\\\/wp-content\\\/uploads\\\/2025\\\/10\\\/blueberry-naf-priboljski-clair.webp\",\"datePublished\":\"2025-10-13T08:24:07+00:00\",\"description\":\"poslastice s okusom banane i borovnice nisko kalori\u010dne pakiranje od 1 kg\",\"breadcrumb\":{\"@id\":\"https:\\\/\\\/clair.si\\\/hr\\\/izdelek\\\/naf-poslastice-s-okusom-borovnice-i-banane\\\/#breadcrumb\"},\"inLanguage\":\"hr\",\"potentialAction\":[{\"@type\":\"ReadAction\",\"target\":[\"https:\\\/\\\/clair.si\\\/hr\\\/izdelek\\\/naf-poslastice-s-okusom-borovnice-i-banane\\\/\"]}]},{\"@type\":\"ImageObject\",\"inLanguage\":\"hr\",\"@id\":\"https:\\\/\\\/clair.si\\\/hr\\\/izdelek\\\/naf-poslastice-s-okusom-borovnice-i-banane\\\/#primaryimage\",\"url\":\"https:\\\/\\\/clair.si\\\/wp-content\\\/uploads\\\/2025\\\/10\\\/blueberry-naf-priboljski-clair.webp\",\"contentUrl\":\"https:\\\/\\\/clair.si\\\/wp-content\\\/uploads\\\/2025\\\/10\\\/blueberry-naf-priboljski-clair.webp\",\"width\":1000,\"height\":1000},{\"@type\":\"BreadcrumbList\",\"@id\":\"https:\\\/\\\/clair.si\\\/hr\\\/izdelek\\\/naf-poslastice-s-okusom-borovnice-i-banane\\\/#breadcrumb\",\"itemListElement\":[{\"@type\":\"ListItem\",\"position\":1,\"name\":\"Home\",\"item\":\"https:\\\/\\\/clair.si\\\/hr\\\/\"},{\"@type\":\"ListItem\",\"position\":2,\"name\":\"Trgovina\",\"item\":\"https:\\\/\\\/clair.si\\\/trgovina\\\/\"},{\"@type\":\"ListItem\",\"position\":3,\"name\":\"NAF poslastice s okusom borovnice i banane\"}]},{\"@type\":\"WebSite\",\"@id\":\"https:\\\/\\\/clair.si\\\/#website\",\"url\":\"https:\\\/\\\/clair.si\\\/\",\"name\":\"Clair\",\"description\":\"Trgovina s konjeni\u0161ko opremo\",\"publisher\":{\"@id\":\"https:\\\/\\\/clair.si\\\/#organization\"},\"potentialAction\":[{\"@type\":\"SearchAction\",\"target\":{\"@type\":\"EntryPoint\",\"urlTemplate\":\"https:\\\/\\\/clair.si\\\/?s={search_term_string}\"},\"query-input\":{\"@type\":\"PropertyValueSpecification\",\"valueRequired\":true,\"valueName\":\"search_term_string\"}}],\"inLanguage\":\"hr\"},{\"@type\":\"Organization\",\"@id\":\"https:\\\/\\\/clair.si\\\/#organization\",\"name\":\"Clair\",\"url\":\"https:\\\/\\\/clair.si\\\/\",\"logo\":{\"@type\":\"ImageObject\",\"inLanguage\":\"hr\",\"@id\":\"https:\\\/\\\/clair.si\\\/#\\\/schema\\\/logo\\\/image\\\/\",\"url\":\"https:\\\/\\\/clair.si\\\/wp-content\\\/uploads\\\/2022\\\/11\\\/clair_logo_2022.jpg\",\"contentUrl\":\"https:\\\/\\\/clair.si\\\/wp-content\\\/uploads\\\/2022\\\/11\\\/clair_logo_2022.jpg\",\"width\":1920,\"height\":1920,\"caption\":\"Clair\"},\"image\":{\"@id\":\"https:\\\/\\\/clair.si\\\/#\\\/schema\\\/logo\\\/image\\\/\"},\"sameAs\":[\"https:\\\/\\\/www.facebook.com\\\/TrgovinaClair\\\/\"]}]}<\/script>\n<!-- \/ Yoast SEO plugin. -->","yoast_head_json":{"title":"NAF poslastice s okusom borovnice i banane - Clair","description":"poslastice s okusom banane i borovnice  nisko kalori\u010dne  pakiranje od 1 kg","robots":{"index":"index","follow":"follow","max-snippet":"max-snippet:-1","max-image-preview":"max-image-preview:large","max-video-preview":"max-video-preview:-1"},"canonical":"https:\/\/clair.si\/hr\/izdelek\/naf-poslastice-s-okusom-borovnice-i-banane\/","og_locale":"hr_HR","og_type":"article","og_title":"NAF poslastice s okusom borovnice i banane - Clair","og_description":"poslastice s okusom banane i borovnice  nisko kalori\u010dne  pakiranje od 1 kg","og_url":"https:\/\/clair.si\/hr\/izdelek\/naf-poslastice-s-okusom-borovnice-i-banane\/","og_site_name":"Clair","article_publisher":"https:\/\/www.facebook.com\/TrgovinaClair\/","og_image":[{"width":1000,"height":1000,"url":"https:\/\/clair.si\/wp-content\/uploads\/2025\/10\/blueberry-naf-priboljski-clair.webp","type":"image\/webp"}],"twitter_card":"summary_large_image","twitter_misc":{"Procijenjeno vrijeme \u010ditanja":"1 minuta"},"schema":{"@context":"https:\/\/schema.org","@graph":[{"@type":"WebPage","@id":"https:\/\/clair.si\/hr\/izdelek\/naf-poslastice-s-okusom-borovnice-i-banane\/","url":"https:\/\/clair.si\/hr\/izdelek\/naf-poslastice-s-okusom-borovnice-i-banane\/","name":"NAF poslastice s okusom borovnice i banane - Clair","isPartOf":{"@id":"https:\/\/clair.si\/#website"},"primaryImageOfPage":{"@id":"https:\/\/clair.si\/hr\/izdelek\/naf-poslastice-s-okusom-borovnice-i-banane\/#primaryimage"},"image":{"@id":"https:\/\/clair.si\/hr\/izdelek\/naf-poslastice-s-okusom-borovnice-i-banane\/#primaryimage"},"thumbnailUrl":"https:\/\/clair.si\/wp-content\/uploads\/2025\/10\/blueberry-naf-priboljski-clair.webp","datePublished":"2025-10-13T08:24:07+00:00","description":"poslastice s okusom banane i borovnice nisko kalori\u010dne pakiranje od 1 kg","breadcrumb":{"@id":"https:\/\/clair.si\/hr\/izdelek\/naf-poslastice-s-okusom-borovnice-i-banane\/#breadcrumb"},"inLanguage":"hr","potentialAction":[{"@type":"ReadAction","target":["https:\/\/clair.si\/hr\/izdelek\/naf-poslastice-s-okusom-borovnice-i-banane\/"]}]},{"@type":"ImageObject","inLanguage":"hr","@id":"https:\/\/clair.si\/hr\/izdelek\/naf-poslastice-s-okusom-borovnice-i-banane\/#primaryimage","url":"https:\/\/clair.si\/wp-content\/uploads\/2025\/10\/blueberry-naf-priboljski-clair.webp","contentUrl":"https:\/\/clair.si\/wp-content\/uploads\/2025\/10\/blueberry-naf-priboljski-clair.webp","width":1000,"height":1000},{"@type":"BreadcrumbList","@id":"https:\/\/clair.si\/hr\/izdelek\/naf-poslastice-s-okusom-borovnice-i-banane\/#breadcrumb","itemListElement":[{"@type":"ListItem","position":1,"name":"Home","item":"https:\/\/clair.si\/hr\/"},{"@type":"ListItem","position":2,"name":"Trgovina","item":"https:\/\/clair.si\/trgovina\/"},{"@type":"ListItem","position":3,"name":"NAF poslastice s okusom borovnice i banane"}]},{"@type":"WebSite","@id":"https:\/\/clair.si\/#website","url":"https:\/\/clair.si\/","name":"Clair","description":"Trgovina s konjeni\u0161ko opremo","publisher":{"@id":"https:\/\/clair.si\/#organization"},"potentialAction":[{"@type":"SearchAction","target":{"@type":"EntryPoint","urlTemplate":"https:\/\/clair.si\/?s={search_term_string}"},"query-input":{"@type":"PropertyValueSpecification","valueRequired":true,"valueName":"search_term_string"}}],"inLanguage":"hr"},{"@type":"Organization","@id":"https:\/\/clair.si\/#organization","name":"Clair","url":"https:\/\/clair.si\/","logo":{"@type":"ImageObject","inLanguage":"hr","@id":"https:\/\/clair.si\/#\/schema\/logo\/image\/","url":"https:\/\/clair.si\/wp-content\/uploads\/2022\/11\/clair_logo_2022.jpg","contentUrl":"https:\/\/clair.si\/wp-content\/uploads\/2022\/11\/clair_logo_2022.jpg","width":1920,"height":1920,"caption":"Clair"},"image":{"@id":"https:\/\/clair.si\/#\/schema\/logo\/image\/"},"sameAs":["https:\/\/www.facebook.com\/TrgovinaClair\/"]}]}},"_links":{"self":[{"href":"https:\/\/clair.si\/hr\/wp-json\/wp\/v2\/product\/117326","targetHints":{"allow":["GET"]}}],"collection":[{"href":"https:\/\/clair.si\/hr\/wp-json\/wp\/v2\/product"}],"about":[{"href":"https:\/\/clair.si\/hr\/wp-json\/wp\/v2\/types\/product"}],"version-history":[{"count":0,"href":"https:\/\/clair.si\/hr\/wp-json\/wp\/v2\/product\/117326\/revisions"}],"wp:featuredmedia":[{"embeddable":true,"href":"https:\/\/clair.si\/hr\/wp-json\/wp\/v2\/media\/116712"}],"wp:attachment":[{"href":"https:\/\/clair.si\/hr\/wp-json\/wp\/v2\/media?parent=117326"}],"wp:term":[{"taxonomy":"product_brand","embeddable":true,"href":"https:\/\/clair.si\/hr\/wp-json\/wp\/v2\/product_brand?post=117326"},{"taxonomy":"product_cat","embeddable":true,"href":"https:\/\/clair.si\/hr\/wp-json\/wp\/v2\/product_cat?post=117326"},{"taxonomy":"product_tag","embeddable":true,"href":"https:\/\/clair.si\/hr\/wp-json\/wp\/v2\/product_tag?post=117326"}],"curies":[{"name":"wp","href":"https:\/\/api.w.org\/{rel}","templated":true}]}}