{"id":117344,"date":"2025-10-13T11:41:39","date_gmt":"2025-10-13T09:41:39","guid":{"rendered":"https:\/\/clair.si\/izdelek\/naf-cherry-poslastice\/"},"modified":"2025-10-13T11:41:39","modified_gmt":"2025-10-13T09:41:39","slug":"naf-cherry-poslastice","status":"publish","type":"product","link":"https:\/\/clair.si\/hr\/izdelek\/naf-cherry-poslastice\/","title":{"rendered":"NAF Cherry poslastice"},"content":{"rendered":"<p data-start=\"0\" data-end=\"59\"><strong data-start=\"0\" data-end=\"59\">NAF Cherry Treats \u2013 poslastice od tre\u0161nje za konje <\/strong><\/p>\n<p data-start=\"61\" data-end=\"446\">Aromati\u010dne poslastice <strong data-start=\"72\" data-end=\"93\">NAF Cherry<\/strong> su popularna, niskokalori\u010dna nagrada <strong data-start=\"134\" data-end=\"176\">bez melase i bez dodanog \u0161e\u0107era<\/strong>. Sadr\u017ee prirodne <g id=\"gid_2\">ljuske \u0161ipka<\/g> i <g id=\"gid_3\">ciklu<\/g> za ugodan, vo\u0107ni okus, stoga ih konji rado prihva\u0107aju pri treningu, vje\u017ebama istezanja ili kao prijateljsko \u201chvala\u201d nakon rada. Tako\u0111er su prikladne za punjenje stabilnih i pa\u0161nih igra\u010daka.  <\/p>\n<h5 data-start=\"448\" data-end=\"459\"><strong data-start=\"460\" data-end=\"476\">Sastav:<\/strong> je\u010dam, p\u0161enica, <strong data-start=\"494\" data-end=\"515\">kalcijev karbonat<\/strong>, <strong data-start=\"517\" data-end=\"536\">propilen glikol<\/strong>, <strong data-start=\"538\" data-end=\"564\">ljuske \u0161ipka (1,5 %)<\/strong>, <strong data-start=\"566\" data-end=\"592\">maltodekstrin (0,27 %)<\/strong>, <strong data-start=\"594\" data-end=\"621\">sok cikle (0,23 %)<\/strong>, natrijev klorid.<\/h5>\n<h3 data-start=\"948\" data-end=\"971\">Upute za upotrebu<\/h3>\n<p data-start=\"972\" data-end=\"1264\">Ponudite <strong data-start=\"981\" data-end=\"1007\">1\u20132 poslastice iz ruke<\/strong>, po potrebi, kada konj ili poni zaslu\u017ei nagradu (npr. pri u\u010denju, istezanju, kao motivacija). Rije\u010d je o <g id=\"gid_1\">slastici<\/g> i ne nadomje\u0161ta uravnote\u017eenu osnovnu hranu. Uvijek osigurajte <strong data-start=\"1184\" data-end=\"1204\">svje\u017eu pitku vodu<\/strong>.  <\/p>\n<p data-start=\"972\" data-end=\"1264\"><strong data-start=\"1206\" data-end=\"1220\">Pakiranje:<\/strong> 1 kg.<\/p>\n<p data-start=\"1266\" data-end=\"1434\">Ako tra\u017eite <strong data-start=\"1276\" data-end=\"1303\">ukusnu, zdravu nagradu<\/strong> s prirodnim vo\u0107nim profilom, koju konji s veseljem prihva\u0107aju, <strong data-start=\"1369\" data-end=\"1390\">NAF Cherry Treats<\/strong> su pun pogodak \u2013 za svaki dan i za natjecanje.<\/p>\n","protected":false},"excerpt":{"rendered":"<ul>\n<li>s okusom tre\u0161nje<\/li>\n<li>pakiranje 1 kg<\/li>\n<\/ul>\n","protected":false},"featured_media":116746,"template":"","meta":{"footnotes":""},"product_brand":[],"product_cat":[5782,5624,5710,5769,5784,5627],"product_tag":[],"class_list":{"0":"post-117344","1":"product","2":"type-product","3":"status-publish","4":"has-post-thumbnail","6":"product_cat-kolacici-i-kamenje-soli","7":"product_cat-konj-hr","8":"product_cat-hrana-za-konje-hr","9":"product_cat-must-have","10":"product_cat-naf-prehrambeni-dodaci","11":"product_cat-stala-i-pasnjak","13":"first","14":"instock","15":"shipping-taxable","16":"purchasable","17":"product-type-simple"},"yoast_head":"<!-- This site is optimized with the Yoast SEO plugin v27.4 - https:\/\/yoast.com\/product\/yoast-seo-wordpress\/ -->\n<title>NAF Cherry poslastice - Clair<\/title>\n<meta name=\"description\" content=\"s okusom tre\u0161nje  pakiranje 1 kg\" \/>\n<meta name=\"robots\" content=\"index, follow, max-snippet:-1, max-image-preview:large, max-video-preview:-1\" \/>\n<link rel=\"canonical\" href=\"https:\/\/clair.si\/hr\/izdelek\/naf-cherry-poslastice\/\" \/>\n<meta property=\"og:locale\" content=\"hr_HR\" \/>\n<meta property=\"og:type\" content=\"article\" \/>\n<meta property=\"og:title\" content=\"NAF Cherry poslastice - Clair\" \/>\n<meta property=\"og:description\" content=\"s okusom tre\u0161nje  pakiranje 1 kg\" \/>\n<meta property=\"og:url\" content=\"https:\/\/clair.si\/hr\/izdelek\/naf-cherry-poslastice\/\" \/>\n<meta property=\"og:site_name\" content=\"Clair\" \/>\n<meta property=\"article:publisher\" content=\"https:\/\/www.facebook.com\/TrgovinaClair\/\" \/>\n<meta property=\"og:image\" content=\"https:\/\/clair.si\/wp-content\/uploads\/2025\/10\/cherry-pribolski-clair-naf.webp\" \/>\n\t<meta property=\"og:image:width\" content=\"1000\" \/>\n\t<meta property=\"og:image:height\" content=\"1000\" \/>\n\t<meta property=\"og:image:type\" content=\"image\/webp\" \/>\n<meta name=\"twitter:card\" content=\"summary_large_image\" \/>\n<meta name=\"twitter:label1\" content=\"Procijenjeno vrijeme \u010ditanja\" \/>\n\t<meta name=\"twitter:data1\" content=\"1 minuta\" \/>\n<script type=\"application\/ld+json\" class=\"yoast-schema-graph\">{\"@context\":\"https:\\\/\\\/schema.org\",\"@graph\":[{\"@type\":\"WebPage\",\"@id\":\"https:\\\/\\\/clair.si\\\/hr\\\/izdelek\\\/naf-cherry-poslastice\\\/\",\"url\":\"https:\\\/\\\/clair.si\\\/hr\\\/izdelek\\\/naf-cherry-poslastice\\\/\",\"name\":\"NAF Cherry poslastice - Clair\",\"isPartOf\":{\"@id\":\"https:\\\/\\\/clair.si\\\/#website\"},\"primaryImageOfPage\":{\"@id\":\"https:\\\/\\\/clair.si\\\/hr\\\/izdelek\\\/naf-cherry-poslastice\\\/#primaryimage\"},\"image\":{\"@id\":\"https:\\\/\\\/clair.si\\\/hr\\\/izdelek\\\/naf-cherry-poslastice\\\/#primaryimage\"},\"thumbnailUrl\":\"https:\\\/\\\/clair.si\\\/wp-content\\\/uploads\\\/2025\\\/10\\\/cherry-pribolski-clair-naf.webp\",\"datePublished\":\"2025-10-13T09:41:39+00:00\",\"description\":\"s okusom tre\u0161nje pakiranje 1 kg\",\"breadcrumb\":{\"@id\":\"https:\\\/\\\/clair.si\\\/hr\\\/izdelek\\\/naf-cherry-poslastice\\\/#breadcrumb\"},\"inLanguage\":\"hr\",\"potentialAction\":[{\"@type\":\"ReadAction\",\"target\":[\"https:\\\/\\\/clair.si\\\/hr\\\/izdelek\\\/naf-cherry-poslastice\\\/\"]}]},{\"@type\":\"ImageObject\",\"inLanguage\":\"hr\",\"@id\":\"https:\\\/\\\/clair.si\\\/hr\\\/izdelek\\\/naf-cherry-poslastice\\\/#primaryimage\",\"url\":\"https:\\\/\\\/clair.si\\\/wp-content\\\/uploads\\\/2025\\\/10\\\/cherry-pribolski-clair-naf.webp\",\"contentUrl\":\"https:\\\/\\\/clair.si\\\/wp-content\\\/uploads\\\/2025\\\/10\\\/cherry-pribolski-clair-naf.webp\",\"width\":1000,\"height\":1000},{\"@type\":\"BreadcrumbList\",\"@id\":\"https:\\\/\\\/clair.si\\\/hr\\\/izdelek\\\/naf-cherry-poslastice\\\/#breadcrumb\",\"itemListElement\":[{\"@type\":\"ListItem\",\"position\":1,\"name\":\"Home\",\"item\":\"https:\\\/\\\/clair.si\\\/hr\\\/\"},{\"@type\":\"ListItem\",\"position\":2,\"name\":\"Trgovina\",\"item\":\"https:\\\/\\\/clair.si\\\/trgovina\\\/\"},{\"@type\":\"ListItem\",\"position\":3,\"name\":\"NAF Cherry poslastice\"}]},{\"@type\":\"WebSite\",\"@id\":\"https:\\\/\\\/clair.si\\\/#website\",\"url\":\"https:\\\/\\\/clair.si\\\/\",\"name\":\"Clair\",\"description\":\"Trgovina s konjeni\u0161ko opremo\",\"publisher\":{\"@id\":\"https:\\\/\\\/clair.si\\\/#organization\"},\"potentialAction\":[{\"@type\":\"SearchAction\",\"target\":{\"@type\":\"EntryPoint\",\"urlTemplate\":\"https:\\\/\\\/clair.si\\\/?s={search_term_string}\"},\"query-input\":{\"@type\":\"PropertyValueSpecification\",\"valueRequired\":true,\"valueName\":\"search_term_string\"}}],\"inLanguage\":\"hr\"},{\"@type\":\"Organization\",\"@id\":\"https:\\\/\\\/clair.si\\\/#organization\",\"name\":\"Clair\",\"url\":\"https:\\\/\\\/clair.si\\\/\",\"logo\":{\"@type\":\"ImageObject\",\"inLanguage\":\"hr\",\"@id\":\"https:\\\/\\\/clair.si\\\/#\\\/schema\\\/logo\\\/image\\\/\",\"url\":\"https:\\\/\\\/clair.si\\\/wp-content\\\/uploads\\\/2022\\\/11\\\/clair_logo_2022.jpg\",\"contentUrl\":\"https:\\\/\\\/clair.si\\\/wp-content\\\/uploads\\\/2022\\\/11\\\/clair_logo_2022.jpg\",\"width\":1920,\"height\":1920,\"caption\":\"Clair\"},\"image\":{\"@id\":\"https:\\\/\\\/clair.si\\\/#\\\/schema\\\/logo\\\/image\\\/\"},\"sameAs\":[\"https:\\\/\\\/www.facebook.com\\\/TrgovinaClair\\\/\"]}]}<\/script>\n<!-- \/ Yoast SEO plugin. -->","yoast_head_json":{"title":"NAF Cherry poslastice - Clair","description":"s okusom tre\u0161nje  pakiranje 1 kg","robots":{"index":"index","follow":"follow","max-snippet":"max-snippet:-1","max-image-preview":"max-image-preview:large","max-video-preview":"max-video-preview:-1"},"canonical":"https:\/\/clair.si\/hr\/izdelek\/naf-cherry-poslastice\/","og_locale":"hr_HR","og_type":"article","og_title":"NAF Cherry poslastice - Clair","og_description":"s okusom tre\u0161nje  pakiranje 1 kg","og_url":"https:\/\/clair.si\/hr\/izdelek\/naf-cherry-poslastice\/","og_site_name":"Clair","article_publisher":"https:\/\/www.facebook.com\/TrgovinaClair\/","og_image":[{"width":1000,"height":1000,"url":"https:\/\/clair.si\/wp-content\/uploads\/2025\/10\/cherry-pribolski-clair-naf.webp","type":"image\/webp"}],"twitter_card":"summary_large_image","twitter_misc":{"Procijenjeno vrijeme \u010ditanja":"1 minuta"},"schema":{"@context":"https:\/\/schema.org","@graph":[{"@type":"WebPage","@id":"https:\/\/clair.si\/hr\/izdelek\/naf-cherry-poslastice\/","url":"https:\/\/clair.si\/hr\/izdelek\/naf-cherry-poslastice\/","name":"NAF Cherry poslastice - Clair","isPartOf":{"@id":"https:\/\/clair.si\/#website"},"primaryImageOfPage":{"@id":"https:\/\/clair.si\/hr\/izdelek\/naf-cherry-poslastice\/#primaryimage"},"image":{"@id":"https:\/\/clair.si\/hr\/izdelek\/naf-cherry-poslastice\/#primaryimage"},"thumbnailUrl":"https:\/\/clair.si\/wp-content\/uploads\/2025\/10\/cherry-pribolski-clair-naf.webp","datePublished":"2025-10-13T09:41:39+00:00","description":"s okusom tre\u0161nje pakiranje 1 kg","breadcrumb":{"@id":"https:\/\/clair.si\/hr\/izdelek\/naf-cherry-poslastice\/#breadcrumb"},"inLanguage":"hr","potentialAction":[{"@type":"ReadAction","target":["https:\/\/clair.si\/hr\/izdelek\/naf-cherry-poslastice\/"]}]},{"@type":"ImageObject","inLanguage":"hr","@id":"https:\/\/clair.si\/hr\/izdelek\/naf-cherry-poslastice\/#primaryimage","url":"https:\/\/clair.si\/wp-content\/uploads\/2025\/10\/cherry-pribolski-clair-naf.webp","contentUrl":"https:\/\/clair.si\/wp-content\/uploads\/2025\/10\/cherry-pribolski-clair-naf.webp","width":1000,"height":1000},{"@type":"BreadcrumbList","@id":"https:\/\/clair.si\/hr\/izdelek\/naf-cherry-poslastice\/#breadcrumb","itemListElement":[{"@type":"ListItem","position":1,"name":"Home","item":"https:\/\/clair.si\/hr\/"},{"@type":"ListItem","position":2,"name":"Trgovina","item":"https:\/\/clair.si\/trgovina\/"},{"@type":"ListItem","position":3,"name":"NAF Cherry poslastice"}]},{"@type":"WebSite","@id":"https:\/\/clair.si\/#website","url":"https:\/\/clair.si\/","name":"Clair","description":"Trgovina s konjeni\u0161ko opremo","publisher":{"@id":"https:\/\/clair.si\/#organization"},"potentialAction":[{"@type":"SearchAction","target":{"@type":"EntryPoint","urlTemplate":"https:\/\/clair.si\/?s={search_term_string}"},"query-input":{"@type":"PropertyValueSpecification","valueRequired":true,"valueName":"search_term_string"}}],"inLanguage":"hr"},{"@type":"Organization","@id":"https:\/\/clair.si\/#organization","name":"Clair","url":"https:\/\/clair.si\/","logo":{"@type":"ImageObject","inLanguage":"hr","@id":"https:\/\/clair.si\/#\/schema\/logo\/image\/","url":"https:\/\/clair.si\/wp-content\/uploads\/2022\/11\/clair_logo_2022.jpg","contentUrl":"https:\/\/clair.si\/wp-content\/uploads\/2022\/11\/clair_logo_2022.jpg","width":1920,"height":1920,"caption":"Clair"},"image":{"@id":"https:\/\/clair.si\/#\/schema\/logo\/image\/"},"sameAs":["https:\/\/www.facebook.com\/TrgovinaClair\/"]}]}},"_links":{"self":[{"href":"https:\/\/clair.si\/hr\/wp-json\/wp\/v2\/product\/117344","targetHints":{"allow":["GET"]}}],"collection":[{"href":"https:\/\/clair.si\/hr\/wp-json\/wp\/v2\/product"}],"about":[{"href":"https:\/\/clair.si\/hr\/wp-json\/wp\/v2\/types\/product"}],"version-history":[{"count":1,"href":"https:\/\/clair.si\/hr\/wp-json\/wp\/v2\/product\/117344\/revisions"}],"predecessor-version":[{"id":117400,"href":"https:\/\/clair.si\/hr\/wp-json\/wp\/v2\/product\/117344\/revisions\/117400"}],"wp:featuredmedia":[{"embeddable":true,"href":"https:\/\/clair.si\/hr\/wp-json\/wp\/v2\/media\/116746"}],"wp:attachment":[{"href":"https:\/\/clair.si\/hr\/wp-json\/wp\/v2\/media?parent=117344"}],"wp:term":[{"taxonomy":"product_brand","embeddable":true,"href":"https:\/\/clair.si\/hr\/wp-json\/wp\/v2\/product_brand?post=117344"},{"taxonomy":"product_cat","embeddable":true,"href":"https:\/\/clair.si\/hr\/wp-json\/wp\/v2\/product_cat?post=117344"},{"taxonomy":"product_tag","embeddable":true,"href":"https:\/\/clair.si\/hr\/wp-json\/wp\/v2\/product_tag?post=117344"}],"curies":[{"name":"wp","href":"https:\/\/api.w.org\/{rel}","templated":true}]}}