{"id":117345,"date":"2025-10-13T12:01:53","date_gmt":"2025-10-13T10:01:53","guid":{"rendered":"https:\/\/clair.si\/izdelek\/naf-appy-poslastice\/"},"modified":"2025-10-13T12:01:53","modified_gmt":"2025-10-13T10:01:53","slug":"naf-appy-poslastice","status":"publish","type":"product","link":"https:\/\/clair.si\/hr\/izdelek\/naf-appy-poslastice\/","title":{"rendered":"NAF Appy poslastice"},"content":{"rendered":"<p data-start=\"0\" data-end=\"57\"><strong data-start=\"0\" data-end=\"57\">NAF Appy Treats \u2013 poslastice od jabuke za konje <\/strong><\/p>\n<p data-start=\"59\" data-end=\"438\"><strong data-start=\"59\" data-end=\"78\">NAF Appy Treats<\/strong> su prirodno ukusne poslastice od jabuke, stvorene kao zdrava nagrada pri treningu, vje\u017ebama istezanja ili jednostavno kao prijateljsko \u201chvala\u201d. Linija NAF poslastica je <strong data-start=\"242\" data-end=\"284\">bez melase i bez dodanog \u0161e\u0107era<\/strong>, stoga imaju nisku energetsku vrijednost i odli\u010dan su izbor za svakodnevnu motivaciju \u2013 \u010dak i za izbirljivije konje. <\/p>\n<p data-start=\"452\" data-end=\"635\"><strong data-start=\"452\" data-end=\"468\">Sastav:<\/strong> je\u010dam, p\u0161enica, lucerna (visokotemperaturno su\u0161ena), <strong data-start=\"523\" data-end=\"549\">jabuka (0,2 % su\u0161ena)<\/strong>, <strong data-start=\"551\" data-end=\"579\">ulje repice (pro\u010di\u0161\u0107eno)<\/strong>, natrijev klorid.<\/p>\n<p data-start=\"861\" data-end=\"1099\"><strong>Upute za uporabu:<\/strong> Ponudite <strong data-start=\"868\" data-end=\"894\">1\u20132 poslastice iz ruke<\/strong>, po potrebi, kada va\u0161 konj ili poni zaslu\u017euje posebnu nagradu. <strong data-start=\"961\" data-end=\"982\">Samo kao poslastica<\/strong> \u2013 ne zamjenjuje uravnote\u017eenu osnovnu hranu. Uvijek osigurajte <strong data-start=\"1040\" data-end=\"1060\">svje\u017eu pitku vodu<\/strong>. <\/p>\n<p data-start=\"1101\" data-end=\"1159\"><strong data-start=\"1101\" data-end=\"1115\">Pakiranje:<\/strong> 1 kg.<\/p>\n<p data-start=\"1161\" data-end=\"1336\">Ako \u017eelite <strong data-start=\"1170\" data-end=\"1201\">ukusne, \u010diste i pouzdane<\/strong> poslastice od jabuke, koje konji rado prihva\u0107aju, <strong data-start=\"1255\" data-end=\"1274\">NAF Appy Treats<\/strong> su pravi izbor za svaki dan \u2013 od u\u010denja do \u201cshow day\u201d trenutaka.<\/p>\n","protected":false},"excerpt":{"rendered":"<ul>\n<li>poslastice od jabuke<\/li>\n<li>pakiranje 1kg<\/li>\n<\/ul>\n","protected":false},"featured_media":116751,"template":"","meta":{"footnotes":""},"product_brand":[],"product_cat":[5782,5624,5710,5769,5784,5627],"product_tag":[],"class_list":{"0":"post-117345","1":"product","2":"type-product","3":"status-publish","4":"has-post-thumbnail","6":"product_cat-kolacici-i-kamenje-soli","7":"product_cat-konj-hr","8":"product_cat-hrana-za-konje-hr","9":"product_cat-must-have","10":"product_cat-naf-prehrambeni-dodaci","11":"product_cat-stala-i-pasnjak","13":"first","14":"instock","15":"shipping-taxable","16":"purchasable","17":"product-type-simple"},"yoast_head":"<!-- This site is optimized with the Yoast SEO plugin v27.4 - https:\/\/yoast.com\/product\/yoast-seo-wordpress\/ -->\n<title>NAF Appy poslastice - Clair<\/title>\n<meta name=\"description\" content=\"poslastice od jabuke  pakiranje 1kg\" \/>\n<meta name=\"robots\" content=\"index, follow, max-snippet:-1, max-image-preview:large, max-video-preview:-1\" \/>\n<link rel=\"canonical\" href=\"https:\/\/clair.si\/hr\/izdelek\/naf-appy-poslastice\/\" \/>\n<meta property=\"og:locale\" content=\"hr_HR\" \/>\n<meta property=\"og:type\" content=\"article\" \/>\n<meta property=\"og:title\" content=\"NAF Appy poslastice - Clair\" \/>\n<meta property=\"og:description\" content=\"poslastice od jabuke  pakiranje 1kg\" \/>\n<meta property=\"og:url\" content=\"https:\/\/clair.si\/hr\/izdelek\/naf-appy-poslastice\/\" \/>\n<meta property=\"og:site_name\" content=\"Clair\" \/>\n<meta property=\"article:publisher\" content=\"https:\/\/www.facebook.com\/TrgovinaClair\/\" \/>\n<meta property=\"og:image\" content=\"https:\/\/clair.si\/wp-content\/uploads\/2025\/10\/appy-naf-clair.webp\" \/>\n\t<meta property=\"og:image:width\" content=\"1000\" \/>\n\t<meta property=\"og:image:height\" content=\"1000\" \/>\n\t<meta property=\"og:image:type\" content=\"image\/webp\" \/>\n<meta name=\"twitter:card\" content=\"summary_large_image\" \/>\n<meta name=\"twitter:label1\" content=\"Procijenjeno vrijeme \u010ditanja\" \/>\n\t<meta name=\"twitter:data1\" content=\"1 minuta\" \/>\n<script type=\"application\/ld+json\" class=\"yoast-schema-graph\">{\"@context\":\"https:\\\/\\\/schema.org\",\"@graph\":[{\"@type\":\"WebPage\",\"@id\":\"https:\\\/\\\/clair.si\\\/hr\\\/izdelek\\\/naf-appy-poslastice\\\/\",\"url\":\"https:\\\/\\\/clair.si\\\/hr\\\/izdelek\\\/naf-appy-poslastice\\\/\",\"name\":\"NAF Appy poslastice - Clair\",\"isPartOf\":{\"@id\":\"https:\\\/\\\/clair.si\\\/#website\"},\"primaryImageOfPage\":{\"@id\":\"https:\\\/\\\/clair.si\\\/hr\\\/izdelek\\\/naf-appy-poslastice\\\/#primaryimage\"},\"image\":{\"@id\":\"https:\\\/\\\/clair.si\\\/hr\\\/izdelek\\\/naf-appy-poslastice\\\/#primaryimage\"},\"thumbnailUrl\":\"https:\\\/\\\/clair.si\\\/wp-content\\\/uploads\\\/2025\\\/10\\\/appy-naf-clair.webp\",\"datePublished\":\"2025-10-13T10:01:53+00:00\",\"description\":\"poslastice od jabuke pakiranje 1kg\",\"breadcrumb\":{\"@id\":\"https:\\\/\\\/clair.si\\\/hr\\\/izdelek\\\/naf-appy-poslastice\\\/#breadcrumb\"},\"inLanguage\":\"hr\",\"potentialAction\":[{\"@type\":\"ReadAction\",\"target\":[\"https:\\\/\\\/clair.si\\\/hr\\\/izdelek\\\/naf-appy-poslastice\\\/\"]}]},{\"@type\":\"ImageObject\",\"inLanguage\":\"hr\",\"@id\":\"https:\\\/\\\/clair.si\\\/hr\\\/izdelek\\\/naf-appy-poslastice\\\/#primaryimage\",\"url\":\"https:\\\/\\\/clair.si\\\/wp-content\\\/uploads\\\/2025\\\/10\\\/appy-naf-clair.webp\",\"contentUrl\":\"https:\\\/\\\/clair.si\\\/wp-content\\\/uploads\\\/2025\\\/10\\\/appy-naf-clair.webp\",\"width\":1000,\"height\":1000},{\"@type\":\"BreadcrumbList\",\"@id\":\"https:\\\/\\\/clair.si\\\/hr\\\/izdelek\\\/naf-appy-poslastice\\\/#breadcrumb\",\"itemListElement\":[{\"@type\":\"ListItem\",\"position\":1,\"name\":\"Home\",\"item\":\"https:\\\/\\\/clair.si\\\/hr\\\/\"},{\"@type\":\"ListItem\",\"position\":2,\"name\":\"Trgovina\",\"item\":\"https:\\\/\\\/clair.si\\\/trgovina\\\/\"},{\"@type\":\"ListItem\",\"position\":3,\"name\":\"NAF Appy poslastice\"}]},{\"@type\":\"WebSite\",\"@id\":\"https:\\\/\\\/clair.si\\\/#website\",\"url\":\"https:\\\/\\\/clair.si\\\/\",\"name\":\"Clair\",\"description\":\"Trgovina s konjeni\u0161ko opremo\",\"publisher\":{\"@id\":\"https:\\\/\\\/clair.si\\\/#organization\"},\"potentialAction\":[{\"@type\":\"SearchAction\",\"target\":{\"@type\":\"EntryPoint\",\"urlTemplate\":\"https:\\\/\\\/clair.si\\\/?s={search_term_string}\"},\"query-input\":{\"@type\":\"PropertyValueSpecification\",\"valueRequired\":true,\"valueName\":\"search_term_string\"}}],\"inLanguage\":\"hr\"},{\"@type\":\"Organization\",\"@id\":\"https:\\\/\\\/clair.si\\\/#organization\",\"name\":\"Clair\",\"url\":\"https:\\\/\\\/clair.si\\\/\",\"logo\":{\"@type\":\"ImageObject\",\"inLanguage\":\"hr\",\"@id\":\"https:\\\/\\\/clair.si\\\/#\\\/schema\\\/logo\\\/image\\\/\",\"url\":\"https:\\\/\\\/clair.si\\\/wp-content\\\/uploads\\\/2022\\\/11\\\/clair_logo_2022.jpg\",\"contentUrl\":\"https:\\\/\\\/clair.si\\\/wp-content\\\/uploads\\\/2022\\\/11\\\/clair_logo_2022.jpg\",\"width\":1920,\"height\":1920,\"caption\":\"Clair\"},\"image\":{\"@id\":\"https:\\\/\\\/clair.si\\\/#\\\/schema\\\/logo\\\/image\\\/\"},\"sameAs\":[\"https:\\\/\\\/www.facebook.com\\\/TrgovinaClair\\\/\"]}]}<\/script>\n<!-- \/ Yoast SEO plugin. -->","yoast_head_json":{"title":"NAF Appy poslastice - Clair","description":"poslastice od jabuke  pakiranje 1kg","robots":{"index":"index","follow":"follow","max-snippet":"max-snippet:-1","max-image-preview":"max-image-preview:large","max-video-preview":"max-video-preview:-1"},"canonical":"https:\/\/clair.si\/hr\/izdelek\/naf-appy-poslastice\/","og_locale":"hr_HR","og_type":"article","og_title":"NAF Appy poslastice - Clair","og_description":"poslastice od jabuke  pakiranje 1kg","og_url":"https:\/\/clair.si\/hr\/izdelek\/naf-appy-poslastice\/","og_site_name":"Clair","article_publisher":"https:\/\/www.facebook.com\/TrgovinaClair\/","og_image":[{"width":1000,"height":1000,"url":"https:\/\/clair.si\/wp-content\/uploads\/2025\/10\/appy-naf-clair.webp","type":"image\/webp"}],"twitter_card":"summary_large_image","twitter_misc":{"Procijenjeno vrijeme \u010ditanja":"1 minuta"},"schema":{"@context":"https:\/\/schema.org","@graph":[{"@type":"WebPage","@id":"https:\/\/clair.si\/hr\/izdelek\/naf-appy-poslastice\/","url":"https:\/\/clair.si\/hr\/izdelek\/naf-appy-poslastice\/","name":"NAF Appy poslastice - Clair","isPartOf":{"@id":"https:\/\/clair.si\/#website"},"primaryImageOfPage":{"@id":"https:\/\/clair.si\/hr\/izdelek\/naf-appy-poslastice\/#primaryimage"},"image":{"@id":"https:\/\/clair.si\/hr\/izdelek\/naf-appy-poslastice\/#primaryimage"},"thumbnailUrl":"https:\/\/clair.si\/wp-content\/uploads\/2025\/10\/appy-naf-clair.webp","datePublished":"2025-10-13T10:01:53+00:00","description":"poslastice od jabuke pakiranje 1kg","breadcrumb":{"@id":"https:\/\/clair.si\/hr\/izdelek\/naf-appy-poslastice\/#breadcrumb"},"inLanguage":"hr","potentialAction":[{"@type":"ReadAction","target":["https:\/\/clair.si\/hr\/izdelek\/naf-appy-poslastice\/"]}]},{"@type":"ImageObject","inLanguage":"hr","@id":"https:\/\/clair.si\/hr\/izdelek\/naf-appy-poslastice\/#primaryimage","url":"https:\/\/clair.si\/wp-content\/uploads\/2025\/10\/appy-naf-clair.webp","contentUrl":"https:\/\/clair.si\/wp-content\/uploads\/2025\/10\/appy-naf-clair.webp","width":1000,"height":1000},{"@type":"BreadcrumbList","@id":"https:\/\/clair.si\/hr\/izdelek\/naf-appy-poslastice\/#breadcrumb","itemListElement":[{"@type":"ListItem","position":1,"name":"Home","item":"https:\/\/clair.si\/hr\/"},{"@type":"ListItem","position":2,"name":"Trgovina","item":"https:\/\/clair.si\/trgovina\/"},{"@type":"ListItem","position":3,"name":"NAF Appy poslastice"}]},{"@type":"WebSite","@id":"https:\/\/clair.si\/#website","url":"https:\/\/clair.si\/","name":"Clair","description":"Trgovina s konjeni\u0161ko opremo","publisher":{"@id":"https:\/\/clair.si\/#organization"},"potentialAction":[{"@type":"SearchAction","target":{"@type":"EntryPoint","urlTemplate":"https:\/\/clair.si\/?s={search_term_string}"},"query-input":{"@type":"PropertyValueSpecification","valueRequired":true,"valueName":"search_term_string"}}],"inLanguage":"hr"},{"@type":"Organization","@id":"https:\/\/clair.si\/#organization","name":"Clair","url":"https:\/\/clair.si\/","logo":{"@type":"ImageObject","inLanguage":"hr","@id":"https:\/\/clair.si\/#\/schema\/logo\/image\/","url":"https:\/\/clair.si\/wp-content\/uploads\/2022\/11\/clair_logo_2022.jpg","contentUrl":"https:\/\/clair.si\/wp-content\/uploads\/2022\/11\/clair_logo_2022.jpg","width":1920,"height":1920,"caption":"Clair"},"image":{"@id":"https:\/\/clair.si\/#\/schema\/logo\/image\/"},"sameAs":["https:\/\/www.facebook.com\/TrgovinaClair\/"]}]}},"_links":{"self":[{"href":"https:\/\/clair.si\/hr\/wp-json\/wp\/v2\/product\/117345","targetHints":{"allow":["GET"]}}],"collection":[{"href":"https:\/\/clair.si\/hr\/wp-json\/wp\/v2\/product"}],"about":[{"href":"https:\/\/clair.si\/hr\/wp-json\/wp\/v2\/types\/product"}],"version-history":[{"count":1,"href":"https:\/\/clair.si\/hr\/wp-json\/wp\/v2\/product\/117345\/revisions"}],"predecessor-version":[{"id":117401,"href":"https:\/\/clair.si\/hr\/wp-json\/wp\/v2\/product\/117345\/revisions\/117401"}],"wp:featuredmedia":[{"embeddable":true,"href":"https:\/\/clair.si\/hr\/wp-json\/wp\/v2\/media\/116751"}],"wp:attachment":[{"href":"https:\/\/clair.si\/hr\/wp-json\/wp\/v2\/media?parent=117345"}],"wp:term":[{"taxonomy":"product_brand","embeddable":true,"href":"https:\/\/clair.si\/hr\/wp-json\/wp\/v2\/product_brand?post=117345"},{"taxonomy":"product_cat","embeddable":true,"href":"https:\/\/clair.si\/hr\/wp-json\/wp\/v2\/product_cat?post=117345"},{"taxonomy":"product_tag","embeddable":true,"href":"https:\/\/clair.si\/hr\/wp-json\/wp\/v2\/product_tag?post=117345"}],"curies":[{"name":"wp","href":"https:\/\/api.w.org\/{rel}","templated":true}]}}