{"id":117390,"date":"2025-10-13T10:06:19","date_gmt":"2025-10-13T08:06:19","guid":{"rendered":"https:\/\/clair.si\/izdelek\/naf-minty-poslastice\/"},"modified":"2025-10-13T10:06:19","modified_gmt":"2025-10-13T08:06:19","slug":"naf-minty-poslastice","status":"publish","type":"product","link":"https:\/\/clair.si\/hr\/izdelek\/naf-minty-poslastice\/","title":{"rendered":"NAF Minty poslastice"},"content":{"rendered":"<p data-start=\"0\" data-end=\"69\"><strong data-start=\"0\" data-end=\"67\">NAF Minty Treats \u2013 premium mentol poslastice za konje <\/strong><\/p>\n<p data-start=\"71\" data-end=\"622\">NAF Minty poslastice su ukusne, prirodno mirisne poslastice s <strong data-start=\"131\" data-end=\"153\">pravom paprenom metvicom<\/strong>, stvorene kao zdrava nagrada pri treningu ili kao prijateljski pozdrav pri dolasku u staju. <g id=\"gid_1\">Bez melase i bez dodanog \u0161e\u0107era<\/g> su, stoga su <g id=\"gid_2\">niskokalori\u010dne<\/g> i prikladne za ve\u0107inu konja i ponija kao motivacijska poticaj, za u\u010denje istezanja ili za punjenje igra\u010daka u boksu. Proizvod je u skladu s programom <strong data-start=\"460\" data-end=\"473\">BETA NOPS<\/strong> i prikladan je za upotrebu i na natjecanjima <strong data-start=\"520\" data-end=\"527\">FEI<\/strong> \u2013 odli\u010dan izbor kada \u017eelite poslasticu koja kombinira okus, kvalitetu i clean sport standard.  <\/p>\n<h3 data-start=\"624\" data-end=\"649\">Za\u0161to \u0107e odu\u0161eviti?<\/h3>\n<ul data-start=\"650\" data-end=\"915\">\n<li data-start=\"650\" data-end=\"721\">\n<p data-start=\"652\" data-end=\"721\">stvaran <strong data-start=\"661\" data-end=\"669\">mint<\/strong> okus (poma\u017ee potaknuti tek i zainteresiranost),<\/p>\n<\/li>\n<li data-start=\"722\" data-end=\"794\">\n<p data-start=\"724\" data-end=\"794\"><strong data-start=\"724\" data-end=\"764\">bez melase, bez dodanog \u0161e\u0107era<\/strong>, niska energetska vrijednost,<\/p>\n<\/li>\n<li data-start=\"795\" data-end=\"859\">\n<p data-start=\"797\" data-end=\"859\">idealne za <strong data-start=\"808\" data-end=\"831\">trening, istezanje<\/strong> i kao nagrada iz ruke,<\/p>\n<\/li>\n<li data-start=\"860\" data-end=\"915\">\n<p data-start=\"862\" data-end=\"915\">prakti\u010dno pakiranje <strong data-start=\"881\" data-end=\"889\">1 kg<\/strong> za svakodnevnu upotrebu.<\/p>\n<\/li>\n<\/ul>\n<h3 data-start=\"917\" data-end=\"928\">Sastav<\/h3>\n<p data-start=\"929\" data-end=\"1056\"><strong data-start=\"929\" data-end=\"945\">Sastav:<\/strong> je\u010dam, p\u0161enica, lucerna (visoko temperaturno su\u0161ena), metvica (<strong data-start=\"1007\" data-end=\"1016\">0,2 %<\/strong>), kalcijev karbonat, natrijev klorid.<\/p>\n<h3 data-start=\"1307\" data-end=\"1330\">Upute za upotrebu<\/h3>\n<p data-start=\"1331\" data-end=\"1625\">Ponudite <strong data-start=\"1338\" data-end=\"1373\">jednu do dvije poslastice iz ruke<\/strong>, po potrebi i kada si va\u0161 konj ili poni zaslu\u017ei posebnu nagradu. Prikladno i kao poticaj pri vje\u017ebama istezanja ili za upotrebu u stabilnim igra\u010dkama. <strong data-start=\"1526\" data-end=\"1549\">Samo kao poslastica<\/strong>, ne zamjenjuje uravnote\u017eenu osnovnu hranu. Uvijek osigurajte svje\u017eu pitku vodu.  <\/p>\n<p data-start=\"1331\" data-end=\"1625\">Ako tra\u017eite <strong data-start=\"1640\" data-end=\"1667\">promi\u0161ljeniju, \u010distu<\/strong> nagradu za trening i natjecateljske dane, <strong data-start=\"1706\" data-end=\"1726\">NAF Minty Treats<\/strong> su pravi <strong data-start=\"1733\" data-end=\"1744\">premium<\/strong> izbor: ukusne, prakti\u010dne i u skladu sa zahtjevima modernog, odgovornog hranjenja.<\/p>\n","protected":false},"excerpt":{"rendered":"<ul>\n<li>poslastice s okusom mente<\/li>\n<li>1 kg pakiranje<\/li>\n<\/ul>\n","protected":false},"featured_media":116701,"template":"","meta":{"footnotes":""},"product_brand":[],"product_cat":[5782,5710,5769,5784,5627],"product_tag":[],"class_list":{"0":"post-117390","1":"product","2":"type-product","3":"status-publish","4":"has-post-thumbnail","6":"product_cat-kolacici-i-kamenje-soli","7":"product_cat-hrana-za-konje-hr","8":"product_cat-must-have","9":"product_cat-naf-prehrambeni-dodaci","10":"product_cat-stala-i-pasnjak","12":"first","13":"instock","14":"shipping-taxable","15":"purchasable","16":"product-type-simple"},"yoast_head":"<!-- This site is optimized with the Yoast SEO plugin v27.4 - https:\/\/yoast.com\/product\/yoast-seo-wordpress\/ -->\n<title>NAF Minty poslastice - Clair<\/title>\n<meta name=\"description\" content=\"poslastice s okusom mente  1 kg pakiranje\" \/>\n<meta name=\"robots\" content=\"index, follow, max-snippet:-1, max-image-preview:large, max-video-preview:-1\" \/>\n<link rel=\"canonical\" href=\"https:\/\/clair.si\/hr\/izdelek\/naf-minty-poslastice\/\" \/>\n<meta property=\"og:locale\" content=\"hr_HR\" \/>\n<meta property=\"og:type\" content=\"article\" \/>\n<meta property=\"og:title\" content=\"NAF Minty poslastice - Clair\" \/>\n<meta property=\"og:description\" content=\"poslastice s okusom mente  1 kg pakiranje\" \/>\n<meta property=\"og:url\" content=\"https:\/\/clair.si\/hr\/izdelek\/naf-minty-poslastice\/\" \/>\n<meta property=\"og:site_name\" content=\"Clair\" \/>\n<meta property=\"article:publisher\" content=\"https:\/\/www.facebook.com\/TrgovinaClair\/\" \/>\n<meta property=\"og:image\" content=\"https:\/\/clair.si\/wp-content\/uploads\/2025\/10\/naf-minty-priboljski-clair.webp\" \/>\n\t<meta property=\"og:image:width\" content=\"1000\" \/>\n\t<meta property=\"og:image:height\" content=\"1000\" \/>\n\t<meta property=\"og:image:type\" content=\"image\/webp\" \/>\n<meta name=\"twitter:card\" content=\"summary_large_image\" \/>\n<meta name=\"twitter:label1\" content=\"Procijenjeno vrijeme \u010ditanja\" \/>\n\t<meta name=\"twitter:data1\" content=\"1 minuta\" \/>\n<script type=\"application\/ld+json\" class=\"yoast-schema-graph\">{\"@context\":\"https:\\\/\\\/schema.org\",\"@graph\":[{\"@type\":\"WebPage\",\"@id\":\"https:\\\/\\\/clair.si\\\/hr\\\/izdelek\\\/naf-minty-poslastice\\\/\",\"url\":\"https:\\\/\\\/clair.si\\\/hr\\\/izdelek\\\/naf-minty-poslastice\\\/\",\"name\":\"NAF Minty poslastice - Clair\",\"isPartOf\":{\"@id\":\"https:\\\/\\\/clair.si\\\/#website\"},\"primaryImageOfPage\":{\"@id\":\"https:\\\/\\\/clair.si\\\/hr\\\/izdelek\\\/naf-minty-poslastice\\\/#primaryimage\"},\"image\":{\"@id\":\"https:\\\/\\\/clair.si\\\/hr\\\/izdelek\\\/naf-minty-poslastice\\\/#primaryimage\"},\"thumbnailUrl\":\"https:\\\/\\\/clair.si\\\/wp-content\\\/uploads\\\/2025\\\/10\\\/naf-minty-priboljski-clair.webp\",\"datePublished\":\"2025-10-13T08:06:19+00:00\",\"description\":\"poslastice s okusom mente 1 kg pakiranje\",\"breadcrumb\":{\"@id\":\"https:\\\/\\\/clair.si\\\/hr\\\/izdelek\\\/naf-minty-poslastice\\\/#breadcrumb\"},\"inLanguage\":\"hr\",\"potentialAction\":[{\"@type\":\"ReadAction\",\"target\":[\"https:\\\/\\\/clair.si\\\/hr\\\/izdelek\\\/naf-minty-poslastice\\\/\"]}]},{\"@type\":\"ImageObject\",\"inLanguage\":\"hr\",\"@id\":\"https:\\\/\\\/clair.si\\\/hr\\\/izdelek\\\/naf-minty-poslastice\\\/#primaryimage\",\"url\":\"https:\\\/\\\/clair.si\\\/wp-content\\\/uploads\\\/2025\\\/10\\\/naf-minty-priboljski-clair.webp\",\"contentUrl\":\"https:\\\/\\\/clair.si\\\/wp-content\\\/uploads\\\/2025\\\/10\\\/naf-minty-priboljski-clair.webp\",\"width\":1000,\"height\":1000},{\"@type\":\"BreadcrumbList\",\"@id\":\"https:\\\/\\\/clair.si\\\/hr\\\/izdelek\\\/naf-minty-poslastice\\\/#breadcrumb\",\"itemListElement\":[{\"@type\":\"ListItem\",\"position\":1,\"name\":\"Home\",\"item\":\"https:\\\/\\\/clair.si\\\/hr\\\/\"},{\"@type\":\"ListItem\",\"position\":2,\"name\":\"Trgovina\",\"item\":\"https:\\\/\\\/clair.si\\\/trgovina\\\/\"},{\"@type\":\"ListItem\",\"position\":3,\"name\":\"NAF Minty poslastice\"}]},{\"@type\":\"WebSite\",\"@id\":\"https:\\\/\\\/clair.si\\\/#website\",\"url\":\"https:\\\/\\\/clair.si\\\/\",\"name\":\"Clair\",\"description\":\"Trgovina s konjeni\u0161ko opremo\",\"publisher\":{\"@id\":\"https:\\\/\\\/clair.si\\\/#organization\"},\"potentialAction\":[{\"@type\":\"SearchAction\",\"target\":{\"@type\":\"EntryPoint\",\"urlTemplate\":\"https:\\\/\\\/clair.si\\\/?s={search_term_string}\"},\"query-input\":{\"@type\":\"PropertyValueSpecification\",\"valueRequired\":true,\"valueName\":\"search_term_string\"}}],\"inLanguage\":\"hr\"},{\"@type\":\"Organization\",\"@id\":\"https:\\\/\\\/clair.si\\\/#organization\",\"name\":\"Clair\",\"url\":\"https:\\\/\\\/clair.si\\\/\",\"logo\":{\"@type\":\"ImageObject\",\"inLanguage\":\"hr\",\"@id\":\"https:\\\/\\\/clair.si\\\/#\\\/schema\\\/logo\\\/image\\\/\",\"url\":\"https:\\\/\\\/clair.si\\\/wp-content\\\/uploads\\\/2022\\\/11\\\/clair_logo_2022.jpg\",\"contentUrl\":\"https:\\\/\\\/clair.si\\\/wp-content\\\/uploads\\\/2022\\\/11\\\/clair_logo_2022.jpg\",\"width\":1920,\"height\":1920,\"caption\":\"Clair\"},\"image\":{\"@id\":\"https:\\\/\\\/clair.si\\\/#\\\/schema\\\/logo\\\/image\\\/\"},\"sameAs\":[\"https:\\\/\\\/www.facebook.com\\\/TrgovinaClair\\\/\"]}]}<\/script>\n<!-- \/ Yoast SEO plugin. -->","yoast_head_json":{"title":"NAF Minty poslastice - Clair","description":"poslastice s okusom mente  1 kg pakiranje","robots":{"index":"index","follow":"follow","max-snippet":"max-snippet:-1","max-image-preview":"max-image-preview:large","max-video-preview":"max-video-preview:-1"},"canonical":"https:\/\/clair.si\/hr\/izdelek\/naf-minty-poslastice\/","og_locale":"hr_HR","og_type":"article","og_title":"NAF Minty poslastice - Clair","og_description":"poslastice s okusom mente  1 kg pakiranje","og_url":"https:\/\/clair.si\/hr\/izdelek\/naf-minty-poslastice\/","og_site_name":"Clair","article_publisher":"https:\/\/www.facebook.com\/TrgovinaClair\/","og_image":[{"width":1000,"height":1000,"url":"https:\/\/clair.si\/wp-content\/uploads\/2025\/10\/naf-minty-priboljski-clair.webp","type":"image\/webp"}],"twitter_card":"summary_large_image","twitter_misc":{"Procijenjeno vrijeme \u010ditanja":"1 minuta"},"schema":{"@context":"https:\/\/schema.org","@graph":[{"@type":"WebPage","@id":"https:\/\/clair.si\/hr\/izdelek\/naf-minty-poslastice\/","url":"https:\/\/clair.si\/hr\/izdelek\/naf-minty-poslastice\/","name":"NAF Minty poslastice - Clair","isPartOf":{"@id":"https:\/\/clair.si\/#website"},"primaryImageOfPage":{"@id":"https:\/\/clair.si\/hr\/izdelek\/naf-minty-poslastice\/#primaryimage"},"image":{"@id":"https:\/\/clair.si\/hr\/izdelek\/naf-minty-poslastice\/#primaryimage"},"thumbnailUrl":"https:\/\/clair.si\/wp-content\/uploads\/2025\/10\/naf-minty-priboljski-clair.webp","datePublished":"2025-10-13T08:06:19+00:00","description":"poslastice s okusom mente 1 kg pakiranje","breadcrumb":{"@id":"https:\/\/clair.si\/hr\/izdelek\/naf-minty-poslastice\/#breadcrumb"},"inLanguage":"hr","potentialAction":[{"@type":"ReadAction","target":["https:\/\/clair.si\/hr\/izdelek\/naf-minty-poslastice\/"]}]},{"@type":"ImageObject","inLanguage":"hr","@id":"https:\/\/clair.si\/hr\/izdelek\/naf-minty-poslastice\/#primaryimage","url":"https:\/\/clair.si\/wp-content\/uploads\/2025\/10\/naf-minty-priboljski-clair.webp","contentUrl":"https:\/\/clair.si\/wp-content\/uploads\/2025\/10\/naf-minty-priboljski-clair.webp","width":1000,"height":1000},{"@type":"BreadcrumbList","@id":"https:\/\/clair.si\/hr\/izdelek\/naf-minty-poslastice\/#breadcrumb","itemListElement":[{"@type":"ListItem","position":1,"name":"Home","item":"https:\/\/clair.si\/hr\/"},{"@type":"ListItem","position":2,"name":"Trgovina","item":"https:\/\/clair.si\/trgovina\/"},{"@type":"ListItem","position":3,"name":"NAF Minty poslastice"}]},{"@type":"WebSite","@id":"https:\/\/clair.si\/#website","url":"https:\/\/clair.si\/","name":"Clair","description":"Trgovina s konjeni\u0161ko opremo","publisher":{"@id":"https:\/\/clair.si\/#organization"},"potentialAction":[{"@type":"SearchAction","target":{"@type":"EntryPoint","urlTemplate":"https:\/\/clair.si\/?s={search_term_string}"},"query-input":{"@type":"PropertyValueSpecification","valueRequired":true,"valueName":"search_term_string"}}],"inLanguage":"hr"},{"@type":"Organization","@id":"https:\/\/clair.si\/#organization","name":"Clair","url":"https:\/\/clair.si\/","logo":{"@type":"ImageObject","inLanguage":"hr","@id":"https:\/\/clair.si\/#\/schema\/logo\/image\/","url":"https:\/\/clair.si\/wp-content\/uploads\/2022\/11\/clair_logo_2022.jpg","contentUrl":"https:\/\/clair.si\/wp-content\/uploads\/2022\/11\/clair_logo_2022.jpg","width":1920,"height":1920,"caption":"Clair"},"image":{"@id":"https:\/\/clair.si\/#\/schema\/logo\/image\/"},"sameAs":["https:\/\/www.facebook.com\/TrgovinaClair\/"]}]}},"_links":{"self":[{"href":"https:\/\/clair.si\/hr\/wp-json\/wp\/v2\/product\/117390","targetHints":{"allow":["GET"]}}],"collection":[{"href":"https:\/\/clair.si\/hr\/wp-json\/wp\/v2\/product"}],"about":[{"href":"https:\/\/clair.si\/hr\/wp-json\/wp\/v2\/types\/product"}],"version-history":[{"count":0,"href":"https:\/\/clair.si\/hr\/wp-json\/wp\/v2\/product\/117390\/revisions"}],"wp:featuredmedia":[{"embeddable":true,"href":"https:\/\/clair.si\/hr\/wp-json\/wp\/v2\/media\/116701"}],"wp:attachment":[{"href":"https:\/\/clair.si\/hr\/wp-json\/wp\/v2\/media?parent=117390"}],"wp:term":[{"taxonomy":"product_brand","embeddable":true,"href":"https:\/\/clair.si\/hr\/wp-json\/wp\/v2\/product_brand?post=117390"},{"taxonomy":"product_cat","embeddable":true,"href":"https:\/\/clair.si\/hr\/wp-json\/wp\/v2\/product_cat?post=117390"},{"taxonomy":"product_tag","embeddable":true,"href":"https:\/\/clair.si\/hr\/wp-json\/wp\/v2\/product_tag?post=117390"}],"curies":[{"name":"wp","href":"https:\/\/api.w.org\/{rel}","templated":true}]}}