{"id":117408,"date":"2025-10-14T13:42:25","date_gmt":"2025-10-14T11:42:25","guid":{"rendered":"https:\/\/clair.si\/izdelek\/pokrivac-e-t-tyrex-rcy-taupe-turnout-1200d-150g\/"},"modified":"2025-12-06T10:22:36","modified_gmt":"2025-12-06T09:22:36","slug":"pokrivac-e-t-tyrex-rcy-taupe-turnout-1200d-150g","status":"publish","type":"product","link":"https:\/\/clair.si\/hr\/izdelek\/pokrivac-e-t-tyrex-rcy-taupe-turnout-1200d-150g\/","title":{"rendered":"Deka E-T Tyrex RCY Taupe Turnout 1200D\/150g"},"content":{"rendered":"<p>Robusna i ekolo\u0161ki prihvatljivija vanjska deka izra\u0111ena od <strong data-start=\"129\" data-end=\"162\">recikliranog 1200D poliestera<\/strong> pru\u017ea pouzdanu za\u0161titu od vjetra i ki\u0161e, a istovremeno ostaje prozra\u010dna i udobna za cjelodnevno no\u0161enje. <strong data-start=\"262\" data-end=\"279\" data-is-only-node=\"\">150 g punjenja<\/strong> odr\u017eava ugodnu toplinu u hladnijim prijelaznim danima i no\u0107ima ili kod konja koji trebaju malo vi\u0161e izolacije. Glatka unutra\u0161njost sprje\u010dava trljanje dlake, kroj s ramenim naborima omogu\u0107uje slobodu kretanja, a stabilnost osiguravaju <g id=\"gid_2\">kri\u017eni trbu\u0161ni remeni<\/g>, <g id=\"gid_3\">repni preklop<\/g> i <g id=\"gid_4\">elasti\u010dni stra\u017enji remeni<\/g>. Sprijeda se brzo i sigurno zatvara, svi kriti\u010dni \u0161avovi su zape\u010da\u0107eni za trajnu <strong data-start=\"673\" data-end=\"690\">vodootpornost<\/strong> uz o\u010duvanu <strong data-start=\"704\" data-end=\"717\">prozra\u010dnost<\/strong>.  <br data-start=\"718\" data-end=\"721\"><strong data-start=\"721\" data-end=\"730\">Njega:<\/strong> redovito \u010distite blato, perite na nje\u017enom programu bez omek\u0161iva\u010da, su\u0161ite na zraku.<\/p>\n","protected":false},"excerpt":{"rendered":"<ul>\n<li>od recikliranog materijala<\/li>\n<li>prijelazna grama\u017ea &#8211; 150g<\/li>\n<\/ul>\n","protected":false},"featured_media":116899,"template":"","meta":{"footnotes":""},"product_brand":[],"product_cat":[5692,5624,5802],"product_tag":[],"class_list":{"0":"post-117408","1":"product","2":"type-product","3":"status-publish","4":"has-post-thumbnail","6":"product_cat-pokrivaci","7":"product_cat-konj-hr","8":"product_cat-zimski-deke","10":"first","11":"instock","12":"sale","13":"shipping-taxable","14":"purchasable","15":"product-type-variable"},"yoast_head":"<!-- This site is optimized with the Yoast SEO plugin v27.4 - https:\/\/yoast.com\/product\/yoast-seo-wordpress\/ -->\n<title>Deka E-T Tyrex RCY Taupe Turnout 1200D\/150g - Clair<\/title>\n<meta name=\"description\" content=\"od recikliranog materijala  prijelazna grama\u017ea - 150g\" \/>\n<meta name=\"robots\" content=\"index, follow, max-snippet:-1, max-image-preview:large, max-video-preview:-1\" \/>\n<link rel=\"canonical\" href=\"https:\/\/clair.si\/izdelek\/pregrinjalo-e-t-tyrex-rcy-taupe-turnout-1200d-150g\/\" \/>\n<meta property=\"og:locale\" content=\"hr_HR\" \/>\n<meta property=\"og:type\" content=\"article\" \/>\n<meta property=\"og:title\" content=\"Deka E-T Tyrex RCY Taupe Turnout 1200D\/150g - Clair\" \/>\n<meta property=\"og:description\" content=\"od recikliranog materijala  prijelazna grama\u017ea - 150g\" \/>\n<meta property=\"og:url\" content=\"https:\/\/clair.si\/izdelek\/pregrinjalo-e-t-tyrex-rcy-taupe-turnout-1200d-150g\/\" \/>\n<meta property=\"og:site_name\" content=\"Clair\" \/>\n<meta property=\"article:publisher\" content=\"https:\/\/www.facebook.com\/TrgovinaClair\/\" \/>\n<meta property=\"article:modified_time\" content=\"2025-12-06T09:22:36+00:00\" \/>\n<meta property=\"og:image\" content=\"https:\/\/clair.si\/wp-content\/uploads\/2025\/10\/tyrex-deka-clair.webp\" \/>\n\t<meta property=\"og:image:width\" content=\"800\" \/>\n\t<meta property=\"og:image:height\" content=\"800\" \/>\n\t<meta property=\"og:image:type\" content=\"image\/jpeg\" \/>\n<meta name=\"twitter:card\" content=\"summary_large_image\" \/>\n<meta name=\"twitter:label1\" content=\"Procijenjeno vrijeme \u010ditanja\" \/>\n\t<meta name=\"twitter:data1\" content=\"1 minuta\" \/>\n<script type=\"application\/ld+json\" class=\"yoast-schema-graph\">{\"@context\":\"https:\\\/\\\/schema.org\",\"@graph\":[{\"@type\":\"WebPage\",\"@id\":\"https:\\\/\\\/clair.si\\\/izdelek\\\/pregrinjalo-e-t-tyrex-rcy-taupe-turnout-1200d-150g\\\/\",\"url\":\"https:\\\/\\\/clair.si\\\/izdelek\\\/pregrinjalo-e-t-tyrex-rcy-taupe-turnout-1200d-150g\\\/\",\"name\":\"Deka E-T Tyrex RCY Taupe Turnout 1200D\\\/150g - Clair\",\"isPartOf\":{\"@id\":\"https:\\\/\\\/clair.si\\\/#website\"},\"primaryImageOfPage\":{\"@id\":\"https:\\\/\\\/clair.si\\\/izdelek\\\/pregrinjalo-e-t-tyrex-rcy-taupe-turnout-1200d-150g\\\/#primaryimage\"},\"image\":{\"@id\":\"https:\\\/\\\/clair.si\\\/izdelek\\\/pregrinjalo-e-t-tyrex-rcy-taupe-turnout-1200d-150g\\\/#primaryimage\"},\"thumbnailUrl\":\"https:\\\/\\\/clair.si\\\/wp-content\\\/uploads\\\/2025\\\/10\\\/tyrex-deka-clair.webp\",\"datePublished\":\"2025-10-14T11:42:25+00:00\",\"dateModified\":\"2025-12-06T09:22:36+00:00\",\"description\":\"od recikliranog materijala prijelazna grama\u017ea - 150g\",\"breadcrumb\":{\"@id\":\"https:\\\/\\\/clair.si\\\/izdelek\\\/pregrinjalo-e-t-tyrex-rcy-taupe-turnout-1200d-150g\\\/#breadcrumb\"},\"inLanguage\":\"hr\",\"potentialAction\":[{\"@type\":\"ReadAction\",\"target\":[\"https:\\\/\\\/clair.si\\\/izdelek\\\/pregrinjalo-e-t-tyrex-rcy-taupe-turnout-1200d-150g\\\/\"]}]},{\"@type\":\"ImageObject\",\"inLanguage\":\"hr\",\"@id\":\"https:\\\/\\\/clair.si\\\/izdelek\\\/pregrinjalo-e-t-tyrex-rcy-taupe-turnout-1200d-150g\\\/#primaryimage\",\"url\":\"https:\\\/\\\/clair.si\\\/wp-content\\\/uploads\\\/2025\\\/10\\\/tyrex-deka-clair.webp\",\"contentUrl\":\"https:\\\/\\\/clair.si\\\/wp-content\\\/uploads\\\/2025\\\/10\\\/tyrex-deka-clair.webp\",\"width\":800,\"height\":800},{\"@type\":\"BreadcrumbList\",\"@id\":\"https:\\\/\\\/clair.si\\\/izdelek\\\/pregrinjalo-e-t-tyrex-rcy-taupe-turnout-1200d-150g\\\/#breadcrumb\",\"itemListElement\":[{\"@type\":\"ListItem\",\"position\":1,\"name\":\"Home\",\"item\":\"https:\\\/\\\/clair.si\\\/hr\\\/\"},{\"@type\":\"ListItem\",\"position\":2,\"name\":\"Trgovina\",\"item\":\"https:\\\/\\\/clair.si\\\/trgovina\\\/\"},{\"@type\":\"ListItem\",\"position\":3,\"name\":\"Deka E-T Tyrex RCY Taupe Turnout 1200D\\\/150g\"}]},{\"@type\":\"WebSite\",\"@id\":\"https:\\\/\\\/clair.si\\\/#website\",\"url\":\"https:\\\/\\\/clair.si\\\/\",\"name\":\"Clair\",\"description\":\"Trgovina s konjeni\u0161ko opremo\",\"publisher\":{\"@id\":\"https:\\\/\\\/clair.si\\\/#organization\"},\"potentialAction\":[{\"@type\":\"SearchAction\",\"target\":{\"@type\":\"EntryPoint\",\"urlTemplate\":\"https:\\\/\\\/clair.si\\\/?s={search_term_string}\"},\"query-input\":{\"@type\":\"PropertyValueSpecification\",\"valueRequired\":true,\"valueName\":\"search_term_string\"}}],\"inLanguage\":\"hr\"},{\"@type\":\"Organization\",\"@id\":\"https:\\\/\\\/clair.si\\\/#organization\",\"name\":\"Clair\",\"url\":\"https:\\\/\\\/clair.si\\\/\",\"logo\":{\"@type\":\"ImageObject\",\"inLanguage\":\"hr\",\"@id\":\"https:\\\/\\\/clair.si\\\/#\\\/schema\\\/logo\\\/image\\\/\",\"url\":\"https:\\\/\\\/clair.si\\\/wp-content\\\/uploads\\\/2022\\\/11\\\/clair_logo_2022.jpg\",\"contentUrl\":\"https:\\\/\\\/clair.si\\\/wp-content\\\/uploads\\\/2022\\\/11\\\/clair_logo_2022.jpg\",\"width\":1920,\"height\":1920,\"caption\":\"Clair\"},\"image\":{\"@id\":\"https:\\\/\\\/clair.si\\\/#\\\/schema\\\/logo\\\/image\\\/\"},\"sameAs\":[\"https:\\\/\\\/www.facebook.com\\\/TrgovinaClair\\\/\"]}]}<\/script>\n<!-- \/ Yoast SEO plugin. -->","yoast_head_json":{"title":"Deka E-T Tyrex RCY Taupe Turnout 1200D\/150g - Clair","description":"od recikliranog materijala  prijelazna grama\u017ea - 150g","robots":{"index":"index","follow":"follow","max-snippet":"max-snippet:-1","max-image-preview":"max-image-preview:large","max-video-preview":"max-video-preview:-1"},"canonical":"https:\/\/clair.si\/izdelek\/pregrinjalo-e-t-tyrex-rcy-taupe-turnout-1200d-150g\/","og_locale":"hr_HR","og_type":"article","og_title":"Deka E-T Tyrex RCY Taupe Turnout 1200D\/150g - Clair","og_description":"od recikliranog materijala  prijelazna grama\u017ea - 150g","og_url":"https:\/\/clair.si\/izdelek\/pregrinjalo-e-t-tyrex-rcy-taupe-turnout-1200d-150g\/","og_site_name":"Clair","article_publisher":"https:\/\/www.facebook.com\/TrgovinaClair\/","article_modified_time":"2025-12-06T09:22:36+00:00","og_image":[{"width":800,"height":800,"url":"https:\/\/clair.si\/wp-content\/uploads\/2025\/10\/tyrex-deka-clair.webp","type":"image\/jpeg"}],"twitter_card":"summary_large_image","twitter_misc":{"Procijenjeno vrijeme \u010ditanja":"1 minuta"},"schema":{"@context":"https:\/\/schema.org","@graph":[{"@type":"WebPage","@id":"https:\/\/clair.si\/izdelek\/pregrinjalo-e-t-tyrex-rcy-taupe-turnout-1200d-150g\/","url":"https:\/\/clair.si\/izdelek\/pregrinjalo-e-t-tyrex-rcy-taupe-turnout-1200d-150g\/","name":"Deka E-T Tyrex RCY Taupe Turnout 1200D\/150g - Clair","isPartOf":{"@id":"https:\/\/clair.si\/#website"},"primaryImageOfPage":{"@id":"https:\/\/clair.si\/izdelek\/pregrinjalo-e-t-tyrex-rcy-taupe-turnout-1200d-150g\/#primaryimage"},"image":{"@id":"https:\/\/clair.si\/izdelek\/pregrinjalo-e-t-tyrex-rcy-taupe-turnout-1200d-150g\/#primaryimage"},"thumbnailUrl":"https:\/\/clair.si\/wp-content\/uploads\/2025\/10\/tyrex-deka-clair.webp","datePublished":"2025-10-14T11:42:25+00:00","dateModified":"2025-12-06T09:22:36+00:00","description":"od recikliranog materijala prijelazna grama\u017ea - 150g","breadcrumb":{"@id":"https:\/\/clair.si\/izdelek\/pregrinjalo-e-t-tyrex-rcy-taupe-turnout-1200d-150g\/#breadcrumb"},"inLanguage":"hr","potentialAction":[{"@type":"ReadAction","target":["https:\/\/clair.si\/izdelek\/pregrinjalo-e-t-tyrex-rcy-taupe-turnout-1200d-150g\/"]}]},{"@type":"ImageObject","inLanguage":"hr","@id":"https:\/\/clair.si\/izdelek\/pregrinjalo-e-t-tyrex-rcy-taupe-turnout-1200d-150g\/#primaryimage","url":"https:\/\/clair.si\/wp-content\/uploads\/2025\/10\/tyrex-deka-clair.webp","contentUrl":"https:\/\/clair.si\/wp-content\/uploads\/2025\/10\/tyrex-deka-clair.webp","width":800,"height":800},{"@type":"BreadcrumbList","@id":"https:\/\/clair.si\/izdelek\/pregrinjalo-e-t-tyrex-rcy-taupe-turnout-1200d-150g\/#breadcrumb","itemListElement":[{"@type":"ListItem","position":1,"name":"Home","item":"https:\/\/clair.si\/hr\/"},{"@type":"ListItem","position":2,"name":"Trgovina","item":"https:\/\/clair.si\/trgovina\/"},{"@type":"ListItem","position":3,"name":"Deka E-T Tyrex RCY Taupe Turnout 1200D\/150g"}]},{"@type":"WebSite","@id":"https:\/\/clair.si\/#website","url":"https:\/\/clair.si\/","name":"Clair","description":"Trgovina s konjeni\u0161ko opremo","publisher":{"@id":"https:\/\/clair.si\/#organization"},"potentialAction":[{"@type":"SearchAction","target":{"@type":"EntryPoint","urlTemplate":"https:\/\/clair.si\/?s={search_term_string}"},"query-input":{"@type":"PropertyValueSpecification","valueRequired":true,"valueName":"search_term_string"}}],"inLanguage":"hr"},{"@type":"Organization","@id":"https:\/\/clair.si\/#organization","name":"Clair","url":"https:\/\/clair.si\/","logo":{"@type":"ImageObject","inLanguage":"hr","@id":"https:\/\/clair.si\/#\/schema\/logo\/image\/","url":"https:\/\/clair.si\/wp-content\/uploads\/2022\/11\/clair_logo_2022.jpg","contentUrl":"https:\/\/clair.si\/wp-content\/uploads\/2022\/11\/clair_logo_2022.jpg","width":1920,"height":1920,"caption":"Clair"},"image":{"@id":"https:\/\/clair.si\/#\/schema\/logo\/image\/"},"sameAs":["https:\/\/www.facebook.com\/TrgovinaClair\/"]}]}},"_links":{"self":[{"href":"https:\/\/clair.si\/hr\/wp-json\/wp\/v2\/product\/117408","targetHints":{"allow":["GET"]}}],"collection":[{"href":"https:\/\/clair.si\/hr\/wp-json\/wp\/v2\/product"}],"about":[{"href":"https:\/\/clair.si\/hr\/wp-json\/wp\/v2\/types\/product"}],"version-history":[{"count":2,"href":"https:\/\/clair.si\/hr\/wp-json\/wp\/v2\/product\/117408\/revisions"}],"predecessor-version":[{"id":117548,"href":"https:\/\/clair.si\/hr\/wp-json\/wp\/v2\/product\/117408\/revisions\/117548"}],"wp:featuredmedia":[{"embeddable":true,"href":"https:\/\/clair.si\/hr\/wp-json\/wp\/v2\/media\/116899"}],"wp:attachment":[{"href":"https:\/\/clair.si\/hr\/wp-json\/wp\/v2\/media?parent=117408"}],"wp:term":[{"taxonomy":"product_brand","embeddable":true,"href":"https:\/\/clair.si\/hr\/wp-json\/wp\/v2\/product_brand?post=117408"},{"taxonomy":"product_cat","embeddable":true,"href":"https:\/\/clair.si\/hr\/wp-json\/wp\/v2\/product_cat?post=117408"},{"taxonomy":"product_tag","embeddable":true,"href":"https:\/\/clair.si\/hr\/wp-json\/wp\/v2\/product_tag?post=117408"}],"curies":[{"name":"wp","href":"https:\/\/api.w.org\/{rel}","templated":true}]}}