{"id":117491,"date":"2025-10-15T10:20:31","date_gmt":"2025-10-15T08:20:31","guid":{"rendered":"https:\/\/clair.si\/izdelek\/kaciga-rw-topy-navy\/"},"modified":"2025-10-15T10:20:31","modified_gmt":"2025-10-15T08:20:31","slug":"kaciga-rw-topy-navy","status":"publish","type":"product","link":"https:\/\/clair.si\/hr\/izdelek\/kaciga-rw-topy-navy\/","title":{"rendered":"Kaciga RW Topy Navy"},"content":{"rendered":"<p>Konkurentna cijena, jedna od najni\u017eih na tr\u017ei\u0161tu, bez kompromisa u pogledu tehni\u010dkih karakteristika! Tehni\u010dka jednostavnost redefinirana u ovoj ultra laganoj i prozra\u010dnoj kacigi. <\/p>\n<ul>\n<li><strong>Dostupnost:<\/strong> Povoljna cijena.<\/li>\n<li><strong>Visoka otpornost na udarce:<\/strong> Izuzetno lagana ljuska od ABS-a visoke gusto\u0107e u kombinaciji s unutarnjim EPS (ekspandirani polistiren) slojem za odli\u010dnu apsorpciju udaraca.<\/li>\n<li><strong>Optimalna ventilacija:<\/strong> Podstavljena unutra\u0161njost sa zra\u010dnim zonama koje upijaju znoj i sustav za ventilaciju s prorezima na prednjem dijelu za dobru cirkulaciju zraka.<\/li>\n<li><strong>Ultra lagana:<\/strong> Te\u017ei samo 460 g.<\/li>\n<\/ul>\n<p><strong>Detalji:<\/strong><\/p>\n<ul>\n<li>Odvojiva podstava s pri\u010dvrsnim trakama na \u010di\u010dak za jednostavno \u010di\u0161\u0107enje.<\/li>\n<li>Jednostavno prilago\u0111avanje gumbom na stra\u017enjoj strani kacige.<\/li>\n<li>Mekani vizir i udobna za\u0161tita za bradu.<\/li>\n<li>Kaciga je u skladu s CE standardom EN1384:2023.<\/li>\n<\/ul>\n","protected":false},"excerpt":{"rendered":"<ul>\n<li>Odli\u010dna kaciga za po\u010detak jahanja<\/li>\n<\/ul>\n","protected":false},"featured_media":117002,"template":"","meta":{"footnotes":""},"product_brand":[],"product_cat":[5654,5767,5769,5766],"product_tag":[],"class_list":{"0":"post-117491","1":"product","2":"type-product","3":"status-publish","4":"has-post-thumbnail","6":"product_cat-jahac-hr","7":"product_cat-kacige","8":"product_cat-must-have","9":"product_cat-zastitna-oprema","11":"first","12":"instock","13":"sale","14":"shipping-taxable","15":"purchasable","16":"product-type-variable"},"yoast_head":"<!-- This site is optimized with the Yoast SEO plugin v27.4 - https:\/\/yoast.com\/product\/yoast-seo-wordpress\/ -->\n<title>Kaciga RW Topy Navy - Clair<\/title>\n<meta name=\"description\" content=\"Odli\u010dna kaciga za po\u010detak jahanja\" \/>\n<meta name=\"robots\" content=\"index, follow, max-snippet:-1, max-image-preview:large, max-video-preview:-1\" \/>\n<link rel=\"canonical\" href=\"https:\/\/clair.si\/hr\/izdelek\/kaciga-rw-topy-navy\/\" \/>\n<meta property=\"og:locale\" content=\"hr_HR\" \/>\n<meta property=\"og:type\" content=\"article\" \/>\n<meta property=\"og:title\" content=\"Kaciga RW Topy Navy - Clair\" \/>\n<meta property=\"og:description\" content=\"Odli\u010dna kaciga za po\u010detak jahanja\" \/>\n<meta property=\"og:url\" content=\"https:\/\/clair.si\/hr\/izdelek\/kaciga-rw-topy-navy\/\" \/>\n<meta property=\"og:site_name\" content=\"Clair\" \/>\n<meta property=\"article:publisher\" content=\"https:\/\/www.facebook.com\/TrgovinaClair\/\" \/>\n<meta property=\"og:image\" content=\"https:\/\/clair.si\/wp-content\/uploads\/2025\/10\/celada-topy-navy-clair.webp\" \/>\n\t<meta property=\"og:image:width\" content=\"800\" \/>\n\t<meta property=\"og:image:height\" content=\"800\" \/>\n\t<meta property=\"og:image:type\" content=\"image\/jpeg\" \/>\n<meta name=\"twitter:card\" content=\"summary_large_image\" \/>\n<meta name=\"twitter:label1\" content=\"Procijenjeno vrijeme \u010ditanja\" \/>\n\t<meta name=\"twitter:data1\" content=\"1 minuta\" \/>\n<script type=\"application\/ld+json\" class=\"yoast-schema-graph\">{\"@context\":\"https:\\\/\\\/schema.org\",\"@graph\":[{\"@type\":\"WebPage\",\"@id\":\"https:\\\/\\\/clair.si\\\/hr\\\/izdelek\\\/kaciga-rw-topy-navy\\\/\",\"url\":\"https:\\\/\\\/clair.si\\\/hr\\\/izdelek\\\/kaciga-rw-topy-navy\\\/\",\"name\":\"Kaciga RW Topy Navy - Clair\",\"isPartOf\":{\"@id\":\"https:\\\/\\\/clair.si\\\/#website\"},\"primaryImageOfPage\":{\"@id\":\"https:\\\/\\\/clair.si\\\/hr\\\/izdelek\\\/kaciga-rw-topy-navy\\\/#primaryimage\"},\"image\":{\"@id\":\"https:\\\/\\\/clair.si\\\/hr\\\/izdelek\\\/kaciga-rw-topy-navy\\\/#primaryimage\"},\"thumbnailUrl\":\"https:\\\/\\\/clair.si\\\/wp-content\\\/uploads\\\/2025\\\/10\\\/celada-topy-navy-clair.webp\",\"datePublished\":\"2025-10-15T08:20:31+00:00\",\"description\":\"Odli\u010dna kaciga za po\u010detak jahanja\",\"breadcrumb\":{\"@id\":\"https:\\\/\\\/clair.si\\\/hr\\\/izdelek\\\/kaciga-rw-topy-navy\\\/#breadcrumb\"},\"inLanguage\":\"hr\",\"potentialAction\":[{\"@type\":\"ReadAction\",\"target\":[\"https:\\\/\\\/clair.si\\\/hr\\\/izdelek\\\/kaciga-rw-topy-navy\\\/\"]}]},{\"@type\":\"ImageObject\",\"inLanguage\":\"hr\",\"@id\":\"https:\\\/\\\/clair.si\\\/hr\\\/izdelek\\\/kaciga-rw-topy-navy\\\/#primaryimage\",\"url\":\"https:\\\/\\\/clair.si\\\/wp-content\\\/uploads\\\/2025\\\/10\\\/celada-topy-navy-clair.webp\",\"contentUrl\":\"https:\\\/\\\/clair.si\\\/wp-content\\\/uploads\\\/2025\\\/10\\\/celada-topy-navy-clair.webp\",\"width\":800,\"height\":800},{\"@type\":\"BreadcrumbList\",\"@id\":\"https:\\\/\\\/clair.si\\\/hr\\\/izdelek\\\/kaciga-rw-topy-navy\\\/#breadcrumb\",\"itemListElement\":[{\"@type\":\"ListItem\",\"position\":1,\"name\":\"Home\",\"item\":\"https:\\\/\\\/clair.si\\\/hr\\\/\"},{\"@type\":\"ListItem\",\"position\":2,\"name\":\"Trgovina\",\"item\":\"https:\\\/\\\/clair.si\\\/trgovina\\\/\"},{\"@type\":\"ListItem\",\"position\":3,\"name\":\"Kaciga RW Topy Navy\"}]},{\"@type\":\"WebSite\",\"@id\":\"https:\\\/\\\/clair.si\\\/#website\",\"url\":\"https:\\\/\\\/clair.si\\\/\",\"name\":\"Clair\",\"description\":\"Trgovina s konjeni\u0161ko opremo\",\"publisher\":{\"@id\":\"https:\\\/\\\/clair.si\\\/#organization\"},\"potentialAction\":[{\"@type\":\"SearchAction\",\"target\":{\"@type\":\"EntryPoint\",\"urlTemplate\":\"https:\\\/\\\/clair.si\\\/?s={search_term_string}\"},\"query-input\":{\"@type\":\"PropertyValueSpecification\",\"valueRequired\":true,\"valueName\":\"search_term_string\"}}],\"inLanguage\":\"hr\"},{\"@type\":\"Organization\",\"@id\":\"https:\\\/\\\/clair.si\\\/#organization\",\"name\":\"Clair\",\"url\":\"https:\\\/\\\/clair.si\\\/\",\"logo\":{\"@type\":\"ImageObject\",\"inLanguage\":\"hr\",\"@id\":\"https:\\\/\\\/clair.si\\\/#\\\/schema\\\/logo\\\/image\\\/\",\"url\":\"https:\\\/\\\/clair.si\\\/wp-content\\\/uploads\\\/2022\\\/11\\\/clair_logo_2022.jpg\",\"contentUrl\":\"https:\\\/\\\/clair.si\\\/wp-content\\\/uploads\\\/2022\\\/11\\\/clair_logo_2022.jpg\",\"width\":1920,\"height\":1920,\"caption\":\"Clair\"},\"image\":{\"@id\":\"https:\\\/\\\/clair.si\\\/#\\\/schema\\\/logo\\\/image\\\/\"},\"sameAs\":[\"https:\\\/\\\/www.facebook.com\\\/TrgovinaClair\\\/\"]}]}<\/script>\n<!-- \/ Yoast SEO plugin. -->","yoast_head_json":{"title":"Kaciga RW Topy Navy - Clair","description":"Odli\u010dna kaciga za po\u010detak jahanja","robots":{"index":"index","follow":"follow","max-snippet":"max-snippet:-1","max-image-preview":"max-image-preview:large","max-video-preview":"max-video-preview:-1"},"canonical":"https:\/\/clair.si\/hr\/izdelek\/kaciga-rw-topy-navy\/","og_locale":"hr_HR","og_type":"article","og_title":"Kaciga RW Topy Navy - Clair","og_description":"Odli\u010dna kaciga za po\u010detak jahanja","og_url":"https:\/\/clair.si\/hr\/izdelek\/kaciga-rw-topy-navy\/","og_site_name":"Clair","article_publisher":"https:\/\/www.facebook.com\/TrgovinaClair\/","og_image":[{"width":800,"height":800,"url":"https:\/\/clair.si\/wp-content\/uploads\/2025\/10\/celada-topy-navy-clair.webp","type":"image\/jpeg"}],"twitter_card":"summary_large_image","twitter_misc":{"Procijenjeno vrijeme \u010ditanja":"1 minuta"},"schema":{"@context":"https:\/\/schema.org","@graph":[{"@type":"WebPage","@id":"https:\/\/clair.si\/hr\/izdelek\/kaciga-rw-topy-navy\/","url":"https:\/\/clair.si\/hr\/izdelek\/kaciga-rw-topy-navy\/","name":"Kaciga RW Topy Navy - Clair","isPartOf":{"@id":"https:\/\/clair.si\/#website"},"primaryImageOfPage":{"@id":"https:\/\/clair.si\/hr\/izdelek\/kaciga-rw-topy-navy\/#primaryimage"},"image":{"@id":"https:\/\/clair.si\/hr\/izdelek\/kaciga-rw-topy-navy\/#primaryimage"},"thumbnailUrl":"https:\/\/clair.si\/wp-content\/uploads\/2025\/10\/celada-topy-navy-clair.webp","datePublished":"2025-10-15T08:20:31+00:00","description":"Odli\u010dna kaciga za po\u010detak jahanja","breadcrumb":{"@id":"https:\/\/clair.si\/hr\/izdelek\/kaciga-rw-topy-navy\/#breadcrumb"},"inLanguage":"hr","potentialAction":[{"@type":"ReadAction","target":["https:\/\/clair.si\/hr\/izdelek\/kaciga-rw-topy-navy\/"]}]},{"@type":"ImageObject","inLanguage":"hr","@id":"https:\/\/clair.si\/hr\/izdelek\/kaciga-rw-topy-navy\/#primaryimage","url":"https:\/\/clair.si\/wp-content\/uploads\/2025\/10\/celada-topy-navy-clair.webp","contentUrl":"https:\/\/clair.si\/wp-content\/uploads\/2025\/10\/celada-topy-navy-clair.webp","width":800,"height":800},{"@type":"BreadcrumbList","@id":"https:\/\/clair.si\/hr\/izdelek\/kaciga-rw-topy-navy\/#breadcrumb","itemListElement":[{"@type":"ListItem","position":1,"name":"Home","item":"https:\/\/clair.si\/hr\/"},{"@type":"ListItem","position":2,"name":"Trgovina","item":"https:\/\/clair.si\/trgovina\/"},{"@type":"ListItem","position":3,"name":"Kaciga RW Topy Navy"}]},{"@type":"WebSite","@id":"https:\/\/clair.si\/#website","url":"https:\/\/clair.si\/","name":"Clair","description":"Trgovina s konjeni\u0161ko opremo","publisher":{"@id":"https:\/\/clair.si\/#organization"},"potentialAction":[{"@type":"SearchAction","target":{"@type":"EntryPoint","urlTemplate":"https:\/\/clair.si\/?s={search_term_string}"},"query-input":{"@type":"PropertyValueSpecification","valueRequired":true,"valueName":"search_term_string"}}],"inLanguage":"hr"},{"@type":"Organization","@id":"https:\/\/clair.si\/#organization","name":"Clair","url":"https:\/\/clair.si\/","logo":{"@type":"ImageObject","inLanguage":"hr","@id":"https:\/\/clair.si\/#\/schema\/logo\/image\/","url":"https:\/\/clair.si\/wp-content\/uploads\/2022\/11\/clair_logo_2022.jpg","contentUrl":"https:\/\/clair.si\/wp-content\/uploads\/2022\/11\/clair_logo_2022.jpg","width":1920,"height":1920,"caption":"Clair"},"image":{"@id":"https:\/\/clair.si\/#\/schema\/logo\/image\/"},"sameAs":["https:\/\/www.facebook.com\/TrgovinaClair\/"]}]}},"_links":{"self":[{"href":"https:\/\/clair.si\/hr\/wp-json\/wp\/v2\/product\/117491","targetHints":{"allow":["GET"]}}],"collection":[{"href":"https:\/\/clair.si\/hr\/wp-json\/wp\/v2\/product"}],"about":[{"href":"https:\/\/clair.si\/hr\/wp-json\/wp\/v2\/types\/product"}],"version-history":[{"count":0,"href":"https:\/\/clair.si\/hr\/wp-json\/wp\/v2\/product\/117491\/revisions"}],"wp:featuredmedia":[{"embeddable":true,"href":"https:\/\/clair.si\/hr\/wp-json\/wp\/v2\/media\/117002"}],"wp:attachment":[{"href":"https:\/\/clair.si\/hr\/wp-json\/wp\/v2\/media?parent=117491"}],"wp:term":[{"taxonomy":"product_brand","embeddable":true,"href":"https:\/\/clair.si\/hr\/wp-json\/wp\/v2\/product_brand?post=117491"},{"taxonomy":"product_cat","embeddable":true,"href":"https:\/\/clair.si\/hr\/wp-json\/wp\/v2\/product_cat?post=117491"},{"taxonomy":"product_tag","embeddable":true,"href":"https:\/\/clair.si\/hr\/wp-json\/wp\/v2\/product_tag?post=117491"}],"curies":[{"name":"wp","href":"https:\/\/api.w.org\/{rel}","templated":true}]}}