{"id":117499,"date":"2025-10-15T13:09:33","date_gmt":"2025-10-15T11:09:33","guid":{"rendered":"https:\/\/clair.si\/izdelek\/muske-jahace-hlace-rw-river\/"},"modified":"2025-10-15T13:09:33","modified_gmt":"2025-10-15T11:09:33","slug":"muske-jahace-hlace-rw-river","status":"publish","type":"product","link":"https:\/\/clair.si\/hr\/izdelek\/muske-jahace-hlace-rw-river\/","title":{"rendered":"Mu\u0161ke jaha\u0107e hla\u010de RW River"},"content":{"rendered":"<p>Mu\u0161ke jaha\u0107e hla\u010de RW River u crnoj boji. Elasti\u010dan materijal. S dva d\u017eepa na prednjoj strani i dva ukrasna d\u017eepa na stra\u017enjoj strani.  <\/p>\n<p>Sastav: 90% poliester, 10% elastan<\/p>\n","protected":false},"excerpt":{"rendered":"<p>Mu\u0161ke jaha\u0107e hla\u010de RW River u crnoj boji. Elasti\u010dan materijal. S dva d\u017eepa na prednjoj strani i dva ukrasna d\u017eepa<\/p>\n","protected":false},"featured_media":117010,"template":"","meta":{"footnotes":""},"product_brand":[],"product_cat":[5654,5886,5885,5769],"product_tag":[],"class_list":{"0":"post-117499","1":"product","2":"type-product","3":"status-publish","4":"has-post-thumbnail","6":"product_cat-jahac-hr","7":"product_cat-muske-jahace-hlace","8":"product_cat-muski","9":"product_cat-must-have","11":"first","12":"instock","13":"shipping-taxable","14":"purchasable","15":"product-type-variable"},"yoast_head":"<!-- This site is optimized with the Yoast SEO plugin v27.3 - https:\/\/yoast.com\/product\/yoast-seo-wordpress\/ -->\n<title>Mu\u0161ke jaha\u0107e hla\u010de RW River - Clair<\/title>\n<meta name=\"description\" content=\"Mu\u0161ke jaha\u0107e hla\u010de RW River u crnoj boji. Elasti\u010dan materijal. S dva d\u017eepa na prednjoj strani i dva ukrasna d\u017eepa na stra\u017enjoj strani. Sastav: 90%\" \/>\n<meta name=\"robots\" content=\"index, follow, max-snippet:-1, max-image-preview:large, max-video-preview:-1\" \/>\n<link rel=\"canonical\" href=\"https:\/\/clair.si\/hr\/izdelek\/muske-jahace-hlace-rw-river\/\" \/>\n<meta property=\"og:locale\" content=\"hr_HR\" \/>\n<meta property=\"og:type\" content=\"article\" \/>\n<meta property=\"og:title\" content=\"Mu\u0161ke jaha\u0107e hla\u010de RW River - Clair\" \/>\n<meta property=\"og:description\" content=\"Mu\u0161ke jaha\u0107e hla\u010de RW River u crnoj boji. Elasti\u010dan materijal. S dva d\u017eepa na prednjoj strani i dva ukrasna d\u017eepa na stra\u017enjoj strani. Sastav: 90%\" \/>\n<meta property=\"og:url\" content=\"https:\/\/clair.si\/hr\/izdelek\/muske-jahace-hlace-rw-river\/\" \/>\n<meta property=\"og:site_name\" content=\"Clair\" \/>\n<meta property=\"article:publisher\" content=\"https:\/\/www.facebook.com\/TrgovinaClair\/\" \/>\n<meta property=\"og:image\" content=\"https:\/\/clair.si\/wp-content\/uploads\/2025\/10\/river-hlace-clair.webp\" \/>\n\t<meta property=\"og:image:width\" content=\"800\" \/>\n\t<meta property=\"og:image:height\" content=\"800\" \/>\n\t<meta property=\"og:image:type\" content=\"image\/jpeg\" \/>\n<meta name=\"twitter:card\" content=\"summary_large_image\" \/>\n<script type=\"application\/ld+json\" class=\"yoast-schema-graph\">{\"@context\":\"https:\\\/\\\/schema.org\",\"@graph\":[{\"@type\":\"WebPage\",\"@id\":\"https:\\\/\\\/clair.si\\\/hr\\\/izdelek\\\/muske-jahace-hlace-rw-river\\\/\",\"url\":\"https:\\\/\\\/clair.si\\\/hr\\\/izdelek\\\/muske-jahace-hlace-rw-river\\\/\",\"name\":\"Mu\u0161ke jaha\u0107e hla\u010de RW River - Clair\",\"isPartOf\":{\"@id\":\"https:\\\/\\\/clair.si\\\/#website\"},\"primaryImageOfPage\":{\"@id\":\"https:\\\/\\\/clair.si\\\/hr\\\/izdelek\\\/muske-jahace-hlace-rw-river\\\/#primaryimage\"},\"image\":{\"@id\":\"https:\\\/\\\/clair.si\\\/hr\\\/izdelek\\\/muske-jahace-hlace-rw-river\\\/#primaryimage\"},\"thumbnailUrl\":\"https:\\\/\\\/clair.si\\\/wp-content\\\/uploads\\\/2025\\\/10\\\/river-hlace-clair.webp\",\"datePublished\":\"2025-10-15T11:09:33+00:00\",\"description\":\"Mu\u0161ke jaha\u0107e hla\u010de RW River u crnoj boji. Elasti\u010dan materijal. S dva d\u017eepa na prednjoj strani i dva ukrasna d\u017eepa na stra\u017enjoj strani. Sastav: 90%\",\"breadcrumb\":{\"@id\":\"https:\\\/\\\/clair.si\\\/hr\\\/izdelek\\\/muske-jahace-hlace-rw-river\\\/#breadcrumb\"},\"inLanguage\":\"hr\",\"potentialAction\":[{\"@type\":\"ReadAction\",\"target\":[\"https:\\\/\\\/clair.si\\\/hr\\\/izdelek\\\/muske-jahace-hlace-rw-river\\\/\"]}]},{\"@type\":\"ImageObject\",\"inLanguage\":\"hr\",\"@id\":\"https:\\\/\\\/clair.si\\\/hr\\\/izdelek\\\/muske-jahace-hlace-rw-river\\\/#primaryimage\",\"url\":\"https:\\\/\\\/clair.si\\\/wp-content\\\/uploads\\\/2025\\\/10\\\/river-hlace-clair.webp\",\"contentUrl\":\"https:\\\/\\\/clair.si\\\/wp-content\\\/uploads\\\/2025\\\/10\\\/river-hlace-clair.webp\",\"width\":800,\"height\":800},{\"@type\":\"BreadcrumbList\",\"@id\":\"https:\\\/\\\/clair.si\\\/hr\\\/izdelek\\\/muske-jahace-hlace-rw-river\\\/#breadcrumb\",\"itemListElement\":[{\"@type\":\"ListItem\",\"position\":1,\"name\":\"Home\",\"item\":\"https:\\\/\\\/clair.si\\\/hr\\\/\"},{\"@type\":\"ListItem\",\"position\":2,\"name\":\"Trgovina\",\"item\":\"https:\\\/\\\/clair.si\\\/trgovina\\\/\"},{\"@type\":\"ListItem\",\"position\":3,\"name\":\"Mu\u0161ke jaha\u0107e hla\u010de RW River\"}]},{\"@type\":\"WebSite\",\"@id\":\"https:\\\/\\\/clair.si\\\/#website\",\"url\":\"https:\\\/\\\/clair.si\\\/\",\"name\":\"Clair\",\"description\":\"Trgovina s konjeni\u0161ko opremo\",\"publisher\":{\"@id\":\"https:\\\/\\\/clair.si\\\/#organization\"},\"potentialAction\":[{\"@type\":\"SearchAction\",\"target\":{\"@type\":\"EntryPoint\",\"urlTemplate\":\"https:\\\/\\\/clair.si\\\/?s={search_term_string}\"},\"query-input\":{\"@type\":\"PropertyValueSpecification\",\"valueRequired\":true,\"valueName\":\"search_term_string\"}}],\"inLanguage\":\"hr\"},{\"@type\":\"Organization\",\"@id\":\"https:\\\/\\\/clair.si\\\/#organization\",\"name\":\"Clair\",\"url\":\"https:\\\/\\\/clair.si\\\/\",\"logo\":{\"@type\":\"ImageObject\",\"inLanguage\":\"hr\",\"@id\":\"https:\\\/\\\/clair.si\\\/#\\\/schema\\\/logo\\\/image\\\/\",\"url\":\"https:\\\/\\\/clair.si\\\/wp-content\\\/uploads\\\/2022\\\/11\\\/clair_logo_2022.jpg\",\"contentUrl\":\"https:\\\/\\\/clair.si\\\/wp-content\\\/uploads\\\/2022\\\/11\\\/clair_logo_2022.jpg\",\"width\":1920,\"height\":1920,\"caption\":\"Clair\"},\"image\":{\"@id\":\"https:\\\/\\\/clair.si\\\/#\\\/schema\\\/logo\\\/image\\\/\"},\"sameAs\":[\"https:\\\/\\\/www.facebook.com\\\/TrgovinaClair\\\/\"]}]}<\/script>\n<!-- \/ Yoast SEO plugin. -->","yoast_head_json":{"title":"Mu\u0161ke jaha\u0107e hla\u010de RW River - Clair","description":"Mu\u0161ke jaha\u0107e hla\u010de RW River u crnoj boji. Elasti\u010dan materijal. S dva d\u017eepa na prednjoj strani i dva ukrasna d\u017eepa na stra\u017enjoj strani. Sastav: 90%","robots":{"index":"index","follow":"follow","max-snippet":"max-snippet:-1","max-image-preview":"max-image-preview:large","max-video-preview":"max-video-preview:-1"},"canonical":"https:\/\/clair.si\/hr\/izdelek\/muske-jahace-hlace-rw-river\/","og_locale":"hr_HR","og_type":"article","og_title":"Mu\u0161ke jaha\u0107e hla\u010de RW River - Clair","og_description":"Mu\u0161ke jaha\u0107e hla\u010de RW River u crnoj boji. Elasti\u010dan materijal. S dva d\u017eepa na prednjoj strani i dva ukrasna d\u017eepa na stra\u017enjoj strani. Sastav: 90%","og_url":"https:\/\/clair.si\/hr\/izdelek\/muske-jahace-hlace-rw-river\/","og_site_name":"Clair","article_publisher":"https:\/\/www.facebook.com\/TrgovinaClair\/","og_image":[{"width":800,"height":800,"url":"https:\/\/clair.si\/wp-content\/uploads\/2025\/10\/river-hlace-clair.webp","type":"image\/jpeg"}],"twitter_card":"summary_large_image","schema":{"@context":"https:\/\/schema.org","@graph":[{"@type":"WebPage","@id":"https:\/\/clair.si\/hr\/izdelek\/muske-jahace-hlace-rw-river\/","url":"https:\/\/clair.si\/hr\/izdelek\/muske-jahace-hlace-rw-river\/","name":"Mu\u0161ke jaha\u0107e hla\u010de RW River - Clair","isPartOf":{"@id":"https:\/\/clair.si\/#website"},"primaryImageOfPage":{"@id":"https:\/\/clair.si\/hr\/izdelek\/muske-jahace-hlace-rw-river\/#primaryimage"},"image":{"@id":"https:\/\/clair.si\/hr\/izdelek\/muske-jahace-hlace-rw-river\/#primaryimage"},"thumbnailUrl":"https:\/\/clair.si\/wp-content\/uploads\/2025\/10\/river-hlace-clair.webp","datePublished":"2025-10-15T11:09:33+00:00","description":"Mu\u0161ke jaha\u0107e hla\u010de RW River u crnoj boji. Elasti\u010dan materijal. S dva d\u017eepa na prednjoj strani i dva ukrasna d\u017eepa na stra\u017enjoj strani. Sastav: 90%","breadcrumb":{"@id":"https:\/\/clair.si\/hr\/izdelek\/muske-jahace-hlace-rw-river\/#breadcrumb"},"inLanguage":"hr","potentialAction":[{"@type":"ReadAction","target":["https:\/\/clair.si\/hr\/izdelek\/muske-jahace-hlace-rw-river\/"]}]},{"@type":"ImageObject","inLanguage":"hr","@id":"https:\/\/clair.si\/hr\/izdelek\/muske-jahace-hlace-rw-river\/#primaryimage","url":"https:\/\/clair.si\/wp-content\/uploads\/2025\/10\/river-hlace-clair.webp","contentUrl":"https:\/\/clair.si\/wp-content\/uploads\/2025\/10\/river-hlace-clair.webp","width":800,"height":800},{"@type":"BreadcrumbList","@id":"https:\/\/clair.si\/hr\/izdelek\/muske-jahace-hlace-rw-river\/#breadcrumb","itemListElement":[{"@type":"ListItem","position":1,"name":"Home","item":"https:\/\/clair.si\/hr\/"},{"@type":"ListItem","position":2,"name":"Trgovina","item":"https:\/\/clair.si\/trgovina\/"},{"@type":"ListItem","position":3,"name":"Mu\u0161ke jaha\u0107e hla\u010de RW River"}]},{"@type":"WebSite","@id":"https:\/\/clair.si\/#website","url":"https:\/\/clair.si\/","name":"Clair","description":"Trgovina s konjeni\u0161ko opremo","publisher":{"@id":"https:\/\/clair.si\/#organization"},"potentialAction":[{"@type":"SearchAction","target":{"@type":"EntryPoint","urlTemplate":"https:\/\/clair.si\/?s={search_term_string}"},"query-input":{"@type":"PropertyValueSpecification","valueRequired":true,"valueName":"search_term_string"}}],"inLanguage":"hr"},{"@type":"Organization","@id":"https:\/\/clair.si\/#organization","name":"Clair","url":"https:\/\/clair.si\/","logo":{"@type":"ImageObject","inLanguage":"hr","@id":"https:\/\/clair.si\/#\/schema\/logo\/image\/","url":"https:\/\/clair.si\/wp-content\/uploads\/2022\/11\/clair_logo_2022.jpg","contentUrl":"https:\/\/clair.si\/wp-content\/uploads\/2022\/11\/clair_logo_2022.jpg","width":1920,"height":1920,"caption":"Clair"},"image":{"@id":"https:\/\/clair.si\/#\/schema\/logo\/image\/"},"sameAs":["https:\/\/www.facebook.com\/TrgovinaClair\/"]}]}},"_links":{"self":[{"href":"https:\/\/clair.si\/hr\/wp-json\/wp\/v2\/product\/117499","targetHints":{"allow":["GET"]}}],"collection":[{"href":"https:\/\/clair.si\/hr\/wp-json\/wp\/v2\/product"}],"about":[{"href":"https:\/\/clair.si\/hr\/wp-json\/wp\/v2\/types\/product"}],"version-history":[{"count":0,"href":"https:\/\/clair.si\/hr\/wp-json\/wp\/v2\/product\/117499\/revisions"}],"wp:featuredmedia":[{"embeddable":true,"href":"https:\/\/clair.si\/hr\/wp-json\/wp\/v2\/media\/117010"}],"wp:attachment":[{"href":"https:\/\/clair.si\/hr\/wp-json\/wp\/v2\/media?parent=117499"}],"wp:term":[{"taxonomy":"product_brand","embeddable":true,"href":"https:\/\/clair.si\/hr\/wp-json\/wp\/v2\/product_brand?post=117499"},{"taxonomy":"product_cat","embeddable":true,"href":"https:\/\/clair.si\/hr\/wp-json\/wp\/v2\/product_cat?post=117499"},{"taxonomy":"product_tag","embeddable":true,"href":"https:\/\/clair.si\/hr\/wp-json\/wp\/v2\/product_tag?post=117499"}],"curies":[{"name":"wp","href":"https:\/\/api.w.org\/{rel}","templated":true}]}}