{"id":118089,"date":"2025-10-20T13:48:48","date_gmt":"2025-10-20T11:48:48","guid":{"rendered":"https:\/\/clair.si\/izdelek\/carape-pikeur-studs-8711\/"},"modified":"2025-10-20T13:48:48","modified_gmt":"2025-10-20T11:48:48","slug":"carape-pikeur-studs-8711","status":"publish","type":"product","link":"https:\/\/clair.si\/hr\/izdelek\/carape-pikeur-studs-8711\/","title":{"rendered":"\u010carape Pikeur Studs 8711"},"content":{"rendered":"<p data-start=\"297\" data-end=\"874\">Elegantne i funkcionalne \u010darape Pikeur kombiniraju visoku kvalitetu materijala, udobnost i vizualnu profinjenost. Izra\u0111ene su od rastezljivog materijala, oblikovane za optimalno prianjanje ispod jaha\u0107ih \u010dizama. Karakteristi\u010dni su po dekorativnim \u00abstuds\u00bb detaljima i logotipu Pikeur, \u0161to daje \u010darapama premium izgled i razlikuje ih od obi\u010dnih modela.  <\/p>\n<h3 data-start=\"297\" data-end=\"874\">Prednosti i zna\u010dajke<\/h3>\n<ul data-start=\"910\" data-end=\"1344\">\n<li data-start=\"910\" data-end=\"990\">\n<p data-start=\"912\" data-end=\"990\">Visokokvalitetni rastezljivi materijal \u2013 lijepo prianja uz list i ispod \u010dizme.<\/p>\n<\/li>\n<li data-start=\"991\" data-end=\"1063\">\n<p data-start=\"993\" data-end=\"1063\">Dekorativni \u00abstuds\u00bb i logotip Pikeur \u2013 estetski doprinos opremi.<\/p>\n<\/li>\n<li data-start=\"1064\" data-end=\"1196\">\n<p data-start=\"1066\" data-end=\"1196\">Oblikovanje ispod \u010dizme \u2013 koljenski rez i odgovaraju\u0107a visina omogu\u0107uju udobnost i stabilnost.<\/p>\n<\/li>\n<li data-start=\"1197\" data-end=\"1344\">\n<p data-start=\"1199\" data-end=\"1344\">Udobno no\u0161enje i tijekom dulje uporabe \u2013 materijal omogu\u0107uje dobru prozra\u010dnost i primjeren je za aktivnu uporabu.<\/p>\n<\/li>\n<\/ul>\n<h3 data-start=\"1351\" data-end=\"1380\">Materijal i odr\u017eavanje<\/h3>\n<ul data-start=\"1381\" data-end=\"1705\">\n<li data-start=\"1381\" data-end=\"1479\">\n<p data-start=\"1383\" data-end=\"1479\">Pribli\u017ean sastav: 98 % poliamid (PA), 2 % elastan (EL).<\/p>\n<\/li>\n<li data-start=\"1480\" data-end=\"1622\">\n<p data-start=\"1482\" data-end=\"1622\">Preporu\u010deno pranje na 30 \u00b0C, bez omek\u0161iva\u010da, ne su\u0161iti u su\u0161ilici \u2013 o\u010duvajte rastezljivost i oblik. Neka budu suhe prije uporabe pod \u010dizmama, da o\u010duvate proizvod u najboljem stanju. <\/p>\n<\/li>\n<\/ul>\n","protected":false},"excerpt":{"rendered":"<p>Elegantne i funkcionalne \u010darape Pikeur kombiniraju visoku kvalitetu materijala, udobnost i vizualnu profinjenost. Izra\u0111ene su od rastezljivog materijala, oblikovane za<\/p>\n","protected":false},"featured_media":117703,"template":"","meta":{"footnotes":""},"product_brand":[],"product_cat":[5755,5654,5744,5769,5729],"product_tag":[],"class_list":{"0":"post-118089","1":"product","2":"type-product","3":"status-publish","4":"has-post-thumbnail","6":"product_cat-carape","7":"product_cat-jahac-hr","8":"product_cat-kolekcije-hr","9":"product_cat-must-have","10":"product_cat-pikeur-eskadron-hr","12":"first","13":"instock","14":"sale","15":"shipping-taxable","16":"purchasable","17":"product-type-variable"},"yoast_head":"<!-- This site is optimized with the Yoast SEO plugin v27.4 - https:\/\/yoast.com\/product\/yoast-seo-wordpress\/ -->\n<title>\u010carape Pikeur Studs 8711 - Clair<\/title>\n<meta name=\"description\" content=\"Elegantne i funkcionalne \u010darape Pikeur kombiniraju visoku kvalitetu materijala, udobnost i vizualnu profinjenost. Izra\u0111ene su od rastezljivog materijala,\" \/>\n<meta name=\"robots\" content=\"index, follow, max-snippet:-1, max-image-preview:large, max-video-preview:-1\" \/>\n<link rel=\"canonical\" href=\"https:\/\/clair.si\/hr\/izdelek\/carape-pikeur-studs-8711\/\" \/>\n<meta property=\"og:locale\" content=\"hr_HR\" \/>\n<meta property=\"og:type\" content=\"article\" \/>\n<meta property=\"og:title\" content=\"\u010carape Pikeur Studs 8711 - Clair\" \/>\n<meta property=\"og:description\" content=\"Elegantne i funkcionalne \u010darape Pikeur kombiniraju visoku kvalitetu materijala, udobnost i vizualnu profinjenost. Izra\u0111ene su od rastezljivog materijala,\" \/>\n<meta property=\"og:url\" content=\"https:\/\/clair.si\/hr\/izdelek\/carape-pikeur-studs-8711\/\" \/>\n<meta property=\"og:site_name\" content=\"Clair\" \/>\n<meta property=\"article:publisher\" content=\"https:\/\/www.facebook.com\/TrgovinaClair\/\" \/>\n<meta property=\"og:image\" content=\"https:\/\/clair.si\/wp-content\/uploads\/2025\/10\/Untitled-design-2025-10-20T134238.082.webp\" \/>\n\t<meta property=\"og:image:width\" content=\"700\" \/>\n\t<meta property=\"og:image:height\" content=\"700\" \/>\n\t<meta property=\"og:image:type\" content=\"image\/png\" \/>\n<meta name=\"twitter:card\" content=\"summary_large_image\" \/>\n<meta name=\"twitter:label1\" content=\"Procijenjeno vrijeme \u010ditanja\" \/>\n\t<meta name=\"twitter:data1\" content=\"1 minuta\" \/>\n<script type=\"application\/ld+json\" class=\"yoast-schema-graph\">{\"@context\":\"https:\\\/\\\/schema.org\",\"@graph\":[{\"@type\":\"WebPage\",\"@id\":\"https:\\\/\\\/clair.si\\\/hr\\\/izdelek\\\/carape-pikeur-studs-8711\\\/\",\"url\":\"https:\\\/\\\/clair.si\\\/hr\\\/izdelek\\\/carape-pikeur-studs-8711\\\/\",\"name\":\"\u010carape Pikeur Studs 8711 - Clair\",\"isPartOf\":{\"@id\":\"https:\\\/\\\/clair.si\\\/#website\"},\"primaryImageOfPage\":{\"@id\":\"https:\\\/\\\/clair.si\\\/hr\\\/izdelek\\\/carape-pikeur-studs-8711\\\/#primaryimage\"},\"image\":{\"@id\":\"https:\\\/\\\/clair.si\\\/hr\\\/izdelek\\\/carape-pikeur-studs-8711\\\/#primaryimage\"},\"thumbnailUrl\":\"https:\\\/\\\/clair.si\\\/wp-content\\\/uploads\\\/2025\\\/10\\\/Untitled-design-2025-10-20T134238.082.webp\",\"datePublished\":\"2025-10-20T11:48:48+00:00\",\"description\":\"Elegantne i funkcionalne \u010darape Pikeur kombiniraju visoku kvalitetu materijala, udobnost i vizualnu profinjenost. Izra\u0111ene su od rastezljivog materijala,\",\"breadcrumb\":{\"@id\":\"https:\\\/\\\/clair.si\\\/hr\\\/izdelek\\\/carape-pikeur-studs-8711\\\/#breadcrumb\"},\"inLanguage\":\"hr\",\"potentialAction\":[{\"@type\":\"ReadAction\",\"target\":[\"https:\\\/\\\/clair.si\\\/hr\\\/izdelek\\\/carape-pikeur-studs-8711\\\/\"]}]},{\"@type\":\"ImageObject\",\"inLanguage\":\"hr\",\"@id\":\"https:\\\/\\\/clair.si\\\/hr\\\/izdelek\\\/carape-pikeur-studs-8711\\\/#primaryimage\",\"url\":\"https:\\\/\\\/clair.si\\\/wp-content\\\/uploads\\\/2025\\\/10\\\/Untitled-design-2025-10-20T134238.082.webp\",\"contentUrl\":\"https:\\\/\\\/clair.si\\\/wp-content\\\/uploads\\\/2025\\\/10\\\/Untitled-design-2025-10-20T134238.082.webp\",\"width\":700,\"height\":700},{\"@type\":\"BreadcrumbList\",\"@id\":\"https:\\\/\\\/clair.si\\\/hr\\\/izdelek\\\/carape-pikeur-studs-8711\\\/#breadcrumb\",\"itemListElement\":[{\"@type\":\"ListItem\",\"position\":1,\"name\":\"Home\",\"item\":\"https:\\\/\\\/clair.si\\\/hr\\\/\"},{\"@type\":\"ListItem\",\"position\":2,\"name\":\"Trgovina\",\"item\":\"https:\\\/\\\/clair.si\\\/trgovina\\\/\"},{\"@type\":\"ListItem\",\"position\":3,\"name\":\"\u010carape Pikeur Studs 8711\"}]},{\"@type\":\"WebSite\",\"@id\":\"https:\\\/\\\/clair.si\\\/#website\",\"url\":\"https:\\\/\\\/clair.si\\\/\",\"name\":\"Clair\",\"description\":\"Trgovina s konjeni\u0161ko opremo\",\"publisher\":{\"@id\":\"https:\\\/\\\/clair.si\\\/#organization\"},\"potentialAction\":[{\"@type\":\"SearchAction\",\"target\":{\"@type\":\"EntryPoint\",\"urlTemplate\":\"https:\\\/\\\/clair.si\\\/?s={search_term_string}\"},\"query-input\":{\"@type\":\"PropertyValueSpecification\",\"valueRequired\":true,\"valueName\":\"search_term_string\"}}],\"inLanguage\":\"hr\"},{\"@type\":\"Organization\",\"@id\":\"https:\\\/\\\/clair.si\\\/#organization\",\"name\":\"Clair\",\"url\":\"https:\\\/\\\/clair.si\\\/\",\"logo\":{\"@type\":\"ImageObject\",\"inLanguage\":\"hr\",\"@id\":\"https:\\\/\\\/clair.si\\\/#\\\/schema\\\/logo\\\/image\\\/\",\"url\":\"https:\\\/\\\/clair.si\\\/wp-content\\\/uploads\\\/2022\\\/11\\\/clair_logo_2022.jpg\",\"contentUrl\":\"https:\\\/\\\/clair.si\\\/wp-content\\\/uploads\\\/2022\\\/11\\\/clair_logo_2022.jpg\",\"width\":1920,\"height\":1920,\"caption\":\"Clair\"},\"image\":{\"@id\":\"https:\\\/\\\/clair.si\\\/#\\\/schema\\\/logo\\\/image\\\/\"},\"sameAs\":[\"https:\\\/\\\/www.facebook.com\\\/TrgovinaClair\\\/\"]}]}<\/script>\n<!-- \/ Yoast SEO plugin. -->","yoast_head_json":{"title":"\u010carape Pikeur Studs 8711 - Clair","description":"Elegantne i funkcionalne \u010darape Pikeur kombiniraju visoku kvalitetu materijala, udobnost i vizualnu profinjenost. Izra\u0111ene su od rastezljivog materijala,","robots":{"index":"index","follow":"follow","max-snippet":"max-snippet:-1","max-image-preview":"max-image-preview:large","max-video-preview":"max-video-preview:-1"},"canonical":"https:\/\/clair.si\/hr\/izdelek\/carape-pikeur-studs-8711\/","og_locale":"hr_HR","og_type":"article","og_title":"\u010carape Pikeur Studs 8711 - Clair","og_description":"Elegantne i funkcionalne \u010darape Pikeur kombiniraju visoku kvalitetu materijala, udobnost i vizualnu profinjenost. Izra\u0111ene su od rastezljivog materijala,","og_url":"https:\/\/clair.si\/hr\/izdelek\/carape-pikeur-studs-8711\/","og_site_name":"Clair","article_publisher":"https:\/\/www.facebook.com\/TrgovinaClair\/","og_image":[{"width":700,"height":700,"url":"https:\/\/clair.si\/wp-content\/uploads\/2025\/10\/Untitled-design-2025-10-20T134238.082.webp","type":"image\/png"}],"twitter_card":"summary_large_image","twitter_misc":{"Procijenjeno vrijeme \u010ditanja":"1 minuta"},"schema":{"@context":"https:\/\/schema.org","@graph":[{"@type":"WebPage","@id":"https:\/\/clair.si\/hr\/izdelek\/carape-pikeur-studs-8711\/","url":"https:\/\/clair.si\/hr\/izdelek\/carape-pikeur-studs-8711\/","name":"\u010carape Pikeur Studs 8711 - Clair","isPartOf":{"@id":"https:\/\/clair.si\/#website"},"primaryImageOfPage":{"@id":"https:\/\/clair.si\/hr\/izdelek\/carape-pikeur-studs-8711\/#primaryimage"},"image":{"@id":"https:\/\/clair.si\/hr\/izdelek\/carape-pikeur-studs-8711\/#primaryimage"},"thumbnailUrl":"https:\/\/clair.si\/wp-content\/uploads\/2025\/10\/Untitled-design-2025-10-20T134238.082.webp","datePublished":"2025-10-20T11:48:48+00:00","description":"Elegantne i funkcionalne \u010darape Pikeur kombiniraju visoku kvalitetu materijala, udobnost i vizualnu profinjenost. Izra\u0111ene su od rastezljivog materijala,","breadcrumb":{"@id":"https:\/\/clair.si\/hr\/izdelek\/carape-pikeur-studs-8711\/#breadcrumb"},"inLanguage":"hr","potentialAction":[{"@type":"ReadAction","target":["https:\/\/clair.si\/hr\/izdelek\/carape-pikeur-studs-8711\/"]}]},{"@type":"ImageObject","inLanguage":"hr","@id":"https:\/\/clair.si\/hr\/izdelek\/carape-pikeur-studs-8711\/#primaryimage","url":"https:\/\/clair.si\/wp-content\/uploads\/2025\/10\/Untitled-design-2025-10-20T134238.082.webp","contentUrl":"https:\/\/clair.si\/wp-content\/uploads\/2025\/10\/Untitled-design-2025-10-20T134238.082.webp","width":700,"height":700},{"@type":"BreadcrumbList","@id":"https:\/\/clair.si\/hr\/izdelek\/carape-pikeur-studs-8711\/#breadcrumb","itemListElement":[{"@type":"ListItem","position":1,"name":"Home","item":"https:\/\/clair.si\/hr\/"},{"@type":"ListItem","position":2,"name":"Trgovina","item":"https:\/\/clair.si\/trgovina\/"},{"@type":"ListItem","position":3,"name":"\u010carape Pikeur Studs 8711"}]},{"@type":"WebSite","@id":"https:\/\/clair.si\/#website","url":"https:\/\/clair.si\/","name":"Clair","description":"Trgovina s konjeni\u0161ko opremo","publisher":{"@id":"https:\/\/clair.si\/#organization"},"potentialAction":[{"@type":"SearchAction","target":{"@type":"EntryPoint","urlTemplate":"https:\/\/clair.si\/?s={search_term_string}"},"query-input":{"@type":"PropertyValueSpecification","valueRequired":true,"valueName":"search_term_string"}}],"inLanguage":"hr"},{"@type":"Organization","@id":"https:\/\/clair.si\/#organization","name":"Clair","url":"https:\/\/clair.si\/","logo":{"@type":"ImageObject","inLanguage":"hr","@id":"https:\/\/clair.si\/#\/schema\/logo\/image\/","url":"https:\/\/clair.si\/wp-content\/uploads\/2022\/11\/clair_logo_2022.jpg","contentUrl":"https:\/\/clair.si\/wp-content\/uploads\/2022\/11\/clair_logo_2022.jpg","width":1920,"height":1920,"caption":"Clair"},"image":{"@id":"https:\/\/clair.si\/#\/schema\/logo\/image\/"},"sameAs":["https:\/\/www.facebook.com\/TrgovinaClair\/"]}]}},"_links":{"self":[{"href":"https:\/\/clair.si\/hr\/wp-json\/wp\/v2\/product\/118089","targetHints":{"allow":["GET"]}}],"collection":[{"href":"https:\/\/clair.si\/hr\/wp-json\/wp\/v2\/product"}],"about":[{"href":"https:\/\/clair.si\/hr\/wp-json\/wp\/v2\/types\/product"}],"version-history":[{"count":0,"href":"https:\/\/clair.si\/hr\/wp-json\/wp\/v2\/product\/118089\/revisions"}],"wp:featuredmedia":[{"embeddable":true,"href":"https:\/\/clair.si\/hr\/wp-json\/wp\/v2\/media\/117703"}],"wp:attachment":[{"href":"https:\/\/clair.si\/hr\/wp-json\/wp\/v2\/media?parent=118089"}],"wp:term":[{"taxonomy":"product_brand","embeddable":true,"href":"https:\/\/clair.si\/hr\/wp-json\/wp\/v2\/product_brand?post=118089"},{"taxonomy":"product_cat","embeddable":true,"href":"https:\/\/clair.si\/hr\/wp-json\/wp\/v2\/product_cat?post=118089"},{"taxonomy":"product_tag","embeddable":true,"href":"https:\/\/clair.si\/hr\/wp-json\/wp\/v2\/product_tag?post=118089"}],"curies":[{"name":"wp","href":"https:\/\/api.w.org\/{rel}","templated":true}]}}