{"id":118096,"date":"2025-10-20T14:03:55","date_gmt":"2025-10-20T12:03:55","guid":{"rendered":"https:\/\/clair.si\/izdelek\/traka-pikeur-sports-8851\/"},"modified":"2025-10-20T14:03:55","modified_gmt":"2025-10-20T12:03:55","slug":"traka-pikeur-sports-8851","status":"publish","type":"product","link":"https:\/\/clair.si\/hr\/izdelek\/traka-pikeur-sports-8851\/","title":{"rendered":"Traka Pikeur Sports 8851"},"content":{"rendered":"<p>Elegantna traka za glavu Pikeur Headband predstavlja stilski i prakti\u010dan dodatak svakoj opremi za jahanje. Izra\u0111ena je od kvalitetne mje\u0161avine pletenih materijala (poliakril\/najlon) i nema podstavu, \u0161to osigurava udobnost i moderan izgled. Traka je dizajnirana kao &#8220;one size&#8221; i pokriva \u0161irok spektar korisnica.  <\/p>\n<p>80% poliakril, 20% poliamid<\/p>\n","protected":false},"excerpt":{"rendered":"<p>Elegantna traka za glavu Pikeur Headband predstavlja stilski i prakti\u010dan dodatak svakoj opremi za jahanje. Izra\u0111ena je od kvalitetne mje\u0161avine<\/p>\n","protected":false},"featured_media":117708,"template":"","meta":{"footnotes":""},"product_brand":[],"product_cat":[5745,5654,5946,5744,5729,5667],"product_tag":[],"class_list":{"0":"post-118096","1":"product","2":"type-product","3":"status-publish","4":"has-post-thumbnail","6":"product_cat-dodaci","7":"product_cat-jahac-hr","8":"product_cat-kape-i-salovi","9":"product_cat-kolekcije-hr","10":"product_cat-pikeur-eskadron-hr","11":"product_cat-zene","13":"first","14":"instock","15":"sale","16":"shipping-taxable","17":"purchasable","18":"product-type-simple"},"yoast_head":"<!-- This site is optimized with the Yoast SEO plugin v27.4 - https:\/\/yoast.com\/product\/yoast-seo-wordpress\/ -->\n<title>Traka Pikeur Sports 8851 - Clair<\/title>\n<meta name=\"description\" content=\"Elegantna traka za glavu Pikeur Headband predstavlja stilski i prakti\u010dan dodatak svakoj opremi za jahanje. Izra\u0111ena je od kvalitetne mje\u0161avine pletenih\" \/>\n<meta name=\"robots\" content=\"index, follow, max-snippet:-1, max-image-preview:large, max-video-preview:-1\" \/>\n<link rel=\"canonical\" href=\"https:\/\/clair.si\/hr\/izdelek\/traka-pikeur-sports-8851\/\" \/>\n<meta property=\"og:locale\" content=\"hr_HR\" \/>\n<meta property=\"og:type\" content=\"article\" \/>\n<meta property=\"og:title\" content=\"Traka Pikeur Sports 8851 - Clair\" \/>\n<meta property=\"og:description\" content=\"Elegantna traka za glavu Pikeur Headband predstavlja stilski i prakti\u010dan dodatak svakoj opremi za jahanje. Izra\u0111ena je od kvalitetne mje\u0161avine pletenih\" \/>\n<meta property=\"og:url\" content=\"https:\/\/clair.si\/hr\/izdelek\/traka-pikeur-sports-8851\/\" \/>\n<meta property=\"og:site_name\" content=\"Clair\" \/>\n<meta property=\"article:publisher\" content=\"https:\/\/www.facebook.com\/TrgovinaClair\/\" \/>\n<meta property=\"og:image\" content=\"https:\/\/clair.si\/wp-content\/uploads\/2025\/10\/Untitled-design-2025-10-20T140234.053.webp\" \/>\n\t<meta property=\"og:image:width\" content=\"700\" \/>\n\t<meta property=\"og:image:height\" content=\"700\" \/>\n\t<meta property=\"og:image:type\" content=\"image\/png\" \/>\n<meta name=\"twitter:card\" content=\"summary_large_image\" \/>\n<script type=\"application\/ld+json\" class=\"yoast-schema-graph\">{\"@context\":\"https:\\\/\\\/schema.org\",\"@graph\":[{\"@type\":\"WebPage\",\"@id\":\"https:\\\/\\\/clair.si\\\/hr\\\/izdelek\\\/traka-pikeur-sports-8851\\\/\",\"url\":\"https:\\\/\\\/clair.si\\\/hr\\\/izdelek\\\/traka-pikeur-sports-8851\\\/\",\"name\":\"Traka Pikeur Sports 8851 - Clair\",\"isPartOf\":{\"@id\":\"https:\\\/\\\/clair.si\\\/#website\"},\"primaryImageOfPage\":{\"@id\":\"https:\\\/\\\/clair.si\\\/hr\\\/izdelek\\\/traka-pikeur-sports-8851\\\/#primaryimage\"},\"image\":{\"@id\":\"https:\\\/\\\/clair.si\\\/hr\\\/izdelek\\\/traka-pikeur-sports-8851\\\/#primaryimage\"},\"thumbnailUrl\":\"https:\\\/\\\/clair.si\\\/wp-content\\\/uploads\\\/2025\\\/10\\\/Untitled-design-2025-10-20T140234.053.webp\",\"datePublished\":\"2025-10-20T12:03:55+00:00\",\"description\":\"Elegantna traka za glavu Pikeur Headband predstavlja stilski i prakti\u010dan dodatak svakoj opremi za jahanje. Izra\u0111ena je od kvalitetne mje\u0161avine pletenih\",\"breadcrumb\":{\"@id\":\"https:\\\/\\\/clair.si\\\/hr\\\/izdelek\\\/traka-pikeur-sports-8851\\\/#breadcrumb\"},\"inLanguage\":\"hr\",\"potentialAction\":[{\"@type\":\"ReadAction\",\"target\":[\"https:\\\/\\\/clair.si\\\/hr\\\/izdelek\\\/traka-pikeur-sports-8851\\\/\"]}]},{\"@type\":\"ImageObject\",\"inLanguage\":\"hr\",\"@id\":\"https:\\\/\\\/clair.si\\\/hr\\\/izdelek\\\/traka-pikeur-sports-8851\\\/#primaryimage\",\"url\":\"https:\\\/\\\/clair.si\\\/wp-content\\\/uploads\\\/2025\\\/10\\\/Untitled-design-2025-10-20T140234.053.webp\",\"contentUrl\":\"https:\\\/\\\/clair.si\\\/wp-content\\\/uploads\\\/2025\\\/10\\\/Untitled-design-2025-10-20T140234.053.webp\",\"width\":700,\"height\":700},{\"@type\":\"BreadcrumbList\",\"@id\":\"https:\\\/\\\/clair.si\\\/hr\\\/izdelek\\\/traka-pikeur-sports-8851\\\/#breadcrumb\",\"itemListElement\":[{\"@type\":\"ListItem\",\"position\":1,\"name\":\"Home\",\"item\":\"https:\\\/\\\/clair.si\\\/hr\\\/\"},{\"@type\":\"ListItem\",\"position\":2,\"name\":\"Trgovina\",\"item\":\"https:\\\/\\\/clair.si\\\/trgovina\\\/\"},{\"@type\":\"ListItem\",\"position\":3,\"name\":\"Traka Pikeur Sports 8851\"}]},{\"@type\":\"WebSite\",\"@id\":\"https:\\\/\\\/clair.si\\\/#website\",\"url\":\"https:\\\/\\\/clair.si\\\/\",\"name\":\"Clair\",\"description\":\"Trgovina s konjeni\u0161ko opremo\",\"publisher\":{\"@id\":\"https:\\\/\\\/clair.si\\\/#organization\"},\"potentialAction\":[{\"@type\":\"SearchAction\",\"target\":{\"@type\":\"EntryPoint\",\"urlTemplate\":\"https:\\\/\\\/clair.si\\\/?s={search_term_string}\"},\"query-input\":{\"@type\":\"PropertyValueSpecification\",\"valueRequired\":true,\"valueName\":\"search_term_string\"}}],\"inLanguage\":\"hr\"},{\"@type\":\"Organization\",\"@id\":\"https:\\\/\\\/clair.si\\\/#organization\",\"name\":\"Clair\",\"url\":\"https:\\\/\\\/clair.si\\\/\",\"logo\":{\"@type\":\"ImageObject\",\"inLanguage\":\"hr\",\"@id\":\"https:\\\/\\\/clair.si\\\/#\\\/schema\\\/logo\\\/image\\\/\",\"url\":\"https:\\\/\\\/clair.si\\\/wp-content\\\/uploads\\\/2022\\\/11\\\/clair_logo_2022.jpg\",\"contentUrl\":\"https:\\\/\\\/clair.si\\\/wp-content\\\/uploads\\\/2022\\\/11\\\/clair_logo_2022.jpg\",\"width\":1920,\"height\":1920,\"caption\":\"Clair\"},\"image\":{\"@id\":\"https:\\\/\\\/clair.si\\\/#\\\/schema\\\/logo\\\/image\\\/\"},\"sameAs\":[\"https:\\\/\\\/www.facebook.com\\\/TrgovinaClair\\\/\"]}]}<\/script>\n<!-- \/ Yoast SEO plugin. -->","yoast_head_json":{"title":"Traka Pikeur Sports 8851 - Clair","description":"Elegantna traka za glavu Pikeur Headband predstavlja stilski i prakti\u010dan dodatak svakoj opremi za jahanje. Izra\u0111ena je od kvalitetne mje\u0161avine pletenih","robots":{"index":"index","follow":"follow","max-snippet":"max-snippet:-1","max-image-preview":"max-image-preview:large","max-video-preview":"max-video-preview:-1"},"canonical":"https:\/\/clair.si\/hr\/izdelek\/traka-pikeur-sports-8851\/","og_locale":"hr_HR","og_type":"article","og_title":"Traka Pikeur Sports 8851 - Clair","og_description":"Elegantna traka za glavu Pikeur Headband predstavlja stilski i prakti\u010dan dodatak svakoj opremi za jahanje. Izra\u0111ena je od kvalitetne mje\u0161avine pletenih","og_url":"https:\/\/clair.si\/hr\/izdelek\/traka-pikeur-sports-8851\/","og_site_name":"Clair","article_publisher":"https:\/\/www.facebook.com\/TrgovinaClair\/","og_image":[{"width":700,"height":700,"url":"https:\/\/clair.si\/wp-content\/uploads\/2025\/10\/Untitled-design-2025-10-20T140234.053.webp","type":"image\/png"}],"twitter_card":"summary_large_image","schema":{"@context":"https:\/\/schema.org","@graph":[{"@type":"WebPage","@id":"https:\/\/clair.si\/hr\/izdelek\/traka-pikeur-sports-8851\/","url":"https:\/\/clair.si\/hr\/izdelek\/traka-pikeur-sports-8851\/","name":"Traka Pikeur Sports 8851 - Clair","isPartOf":{"@id":"https:\/\/clair.si\/#website"},"primaryImageOfPage":{"@id":"https:\/\/clair.si\/hr\/izdelek\/traka-pikeur-sports-8851\/#primaryimage"},"image":{"@id":"https:\/\/clair.si\/hr\/izdelek\/traka-pikeur-sports-8851\/#primaryimage"},"thumbnailUrl":"https:\/\/clair.si\/wp-content\/uploads\/2025\/10\/Untitled-design-2025-10-20T140234.053.webp","datePublished":"2025-10-20T12:03:55+00:00","description":"Elegantna traka za glavu Pikeur Headband predstavlja stilski i prakti\u010dan dodatak svakoj opremi za jahanje. Izra\u0111ena je od kvalitetne mje\u0161avine pletenih","breadcrumb":{"@id":"https:\/\/clair.si\/hr\/izdelek\/traka-pikeur-sports-8851\/#breadcrumb"},"inLanguage":"hr","potentialAction":[{"@type":"ReadAction","target":["https:\/\/clair.si\/hr\/izdelek\/traka-pikeur-sports-8851\/"]}]},{"@type":"ImageObject","inLanguage":"hr","@id":"https:\/\/clair.si\/hr\/izdelek\/traka-pikeur-sports-8851\/#primaryimage","url":"https:\/\/clair.si\/wp-content\/uploads\/2025\/10\/Untitled-design-2025-10-20T140234.053.webp","contentUrl":"https:\/\/clair.si\/wp-content\/uploads\/2025\/10\/Untitled-design-2025-10-20T140234.053.webp","width":700,"height":700},{"@type":"BreadcrumbList","@id":"https:\/\/clair.si\/hr\/izdelek\/traka-pikeur-sports-8851\/#breadcrumb","itemListElement":[{"@type":"ListItem","position":1,"name":"Home","item":"https:\/\/clair.si\/hr\/"},{"@type":"ListItem","position":2,"name":"Trgovina","item":"https:\/\/clair.si\/trgovina\/"},{"@type":"ListItem","position":3,"name":"Traka Pikeur Sports 8851"}]},{"@type":"WebSite","@id":"https:\/\/clair.si\/#website","url":"https:\/\/clair.si\/","name":"Clair","description":"Trgovina s konjeni\u0161ko opremo","publisher":{"@id":"https:\/\/clair.si\/#organization"},"potentialAction":[{"@type":"SearchAction","target":{"@type":"EntryPoint","urlTemplate":"https:\/\/clair.si\/?s={search_term_string}"},"query-input":{"@type":"PropertyValueSpecification","valueRequired":true,"valueName":"search_term_string"}}],"inLanguage":"hr"},{"@type":"Organization","@id":"https:\/\/clair.si\/#organization","name":"Clair","url":"https:\/\/clair.si\/","logo":{"@type":"ImageObject","inLanguage":"hr","@id":"https:\/\/clair.si\/#\/schema\/logo\/image\/","url":"https:\/\/clair.si\/wp-content\/uploads\/2022\/11\/clair_logo_2022.jpg","contentUrl":"https:\/\/clair.si\/wp-content\/uploads\/2022\/11\/clair_logo_2022.jpg","width":1920,"height":1920,"caption":"Clair"},"image":{"@id":"https:\/\/clair.si\/#\/schema\/logo\/image\/"},"sameAs":["https:\/\/www.facebook.com\/TrgovinaClair\/"]}]}},"_links":{"self":[{"href":"https:\/\/clair.si\/hr\/wp-json\/wp\/v2\/product\/118096","targetHints":{"allow":["GET"]}}],"collection":[{"href":"https:\/\/clair.si\/hr\/wp-json\/wp\/v2\/product"}],"about":[{"href":"https:\/\/clair.si\/hr\/wp-json\/wp\/v2\/types\/product"}],"version-history":[{"count":0,"href":"https:\/\/clair.si\/hr\/wp-json\/wp\/v2\/product\/118096\/revisions"}],"wp:featuredmedia":[{"embeddable":true,"href":"https:\/\/clair.si\/hr\/wp-json\/wp\/v2\/media\/117708"}],"wp:attachment":[{"href":"https:\/\/clair.si\/hr\/wp-json\/wp\/v2\/media?parent=118096"}],"wp:term":[{"taxonomy":"product_brand","embeddable":true,"href":"https:\/\/clair.si\/hr\/wp-json\/wp\/v2\/product_brand?post=118096"},{"taxonomy":"product_cat","embeddable":true,"href":"https:\/\/clair.si\/hr\/wp-json\/wp\/v2\/product_cat?post=118096"},{"taxonomy":"product_tag","embeddable":true,"href":"https:\/\/clair.si\/hr\/wp-json\/wp\/v2\/product_tag?post=118096"}],"curies":[{"name":"wp","href":"https:\/\/api.w.org\/{rel}","templated":true}]}}