{"id":118110,"date":"2025-10-22T13:32:37","date_gmt":"2025-10-22T11:32:37","guid":{"rendered":"https:\/\/clair.si\/izdelek\/natjecateljska-majica-pikeur-seamless\/"},"modified":"2025-10-22T13:32:37","modified_gmt":"2025-10-22T11:32:37","slug":"natjecateljska-majica-pikeur-seamless","status":"publish","type":"product","link":"https:\/\/clair.si\/hr\/izdelek\/natjecateljska-majica-pikeur-seamless\/","title":{"rendered":"Natjecateljska majica Pikeur Seamless"},"content":{"rendered":"<p>Izuzetno udoban, lagan i potpuno be\u0161avan \u2013 Pikeur Seamless top dizajniran je za savr\u0161eno pristajanje i maksimalnu udobnost tijekom kretanja. Zahvaljuju\u0107i tehnologiji seamless (bez \u0161avova) ne uzrokuje trljanje ili neugodan osje\u0107aj na ko\u017ei, \u0161to ga \u010dini savr\u0161enim za jahanje, trening ili svakodnevno no\u0161enje. <\/p>\n<p>Materijal je mekano rastezljiv, odli\u010dno odvodi vlagu i omogu\u0107uje prozra\u010dnost, stoga \u0107ete se u njemu uvijek osje\u0107ati svje\u017ee. Diskretan Pikeur logotip i profinjen kroj dodaju sportsko-elegantan \u0161tih. <\/p>\n<p>\u2714\ufe0f be\u0161avna tehnologija za potpunu udobnost<br \/>\n\u2714\ufe0f elasti\u010dan materijal koji se brzo su\u0161i<br \/>\n\u2714\ufe0f pripijeni kroj za optimalno pristajanje<br \/>\n\u2714\ufe0f pogodan za jahanje, trening ili slobodno vrijeme<\/p>\n<p>Pikeur Seamless top \u2013 neizostavan komad za sve koji cijene udobnost i stil u jednom.<\/p>\n","protected":false},"excerpt":{"rendered":"<p>Izuzetno udoban, lagan i potpuno be\u0161avan \u2013 Pikeur Seamless top dizajniran je za savr\u0161eno pristajanje i maksimalnu udobnost tijekom kretanja.<\/p>\n","protected":false},"featured_media":117934,"template":"","meta":{"footnotes":""},"product_brand":[],"product_cat":[5654,5769,5729,5667,5669,5668],"product_tag":[],"class_list":{"0":"post-118110","1":"product","2":"type-product","3":"status-publish","4":"has-post-thumbnail","6":"product_cat-jahac-hr","7":"product_cat-must-have","8":"product_cat-pikeur-eskadron-hr","9":"product_cat-zene","10":"product_cat-zenska-natjecateljska-odjeca","11":"product_cat-zenske-majice","13":"first","14":"instock","15":"sale","16":"shipping-taxable","17":"purchasable","18":"product-type-variable"},"yoast_head":"<!-- This site is optimized with the Yoast SEO plugin v27.4 - https:\/\/yoast.com\/product\/yoast-seo-wordpress\/ -->\n<title>Natjecateljska majica Pikeur Seamless - Clair<\/title>\n<meta name=\"description\" content=\"Izuzetno udoban, lagan i potpuno be\u0161avan \u2013 Pikeur Seamless top dizajniran je za savr\u0161eno pristajanje i maksimalnu udobnost tijekom kretanja. Zahvaljuju\u0107i\" \/>\n<meta name=\"robots\" content=\"index, follow, max-snippet:-1, max-image-preview:large, max-video-preview:-1\" \/>\n<link rel=\"canonical\" href=\"https:\/\/clair.si\/hr\/izdelek\/natjecateljska-majica-pikeur-seamless\/\" \/>\n<meta property=\"og:locale\" content=\"hr_HR\" \/>\n<meta property=\"og:type\" content=\"article\" \/>\n<meta property=\"og:title\" content=\"Natjecateljska majica Pikeur Seamless - Clair\" \/>\n<meta property=\"og:description\" content=\"Izuzetno udoban, lagan i potpuno be\u0161avan \u2013 Pikeur Seamless top dizajniran je za savr\u0161eno pristajanje i maksimalnu udobnost tijekom kretanja. Zahvaljuju\u0107i\" \/>\n<meta property=\"og:url\" content=\"https:\/\/clair.si\/hr\/izdelek\/natjecateljska-majica-pikeur-seamless\/\" \/>\n<meta property=\"og:site_name\" content=\"Clair\" \/>\n<meta property=\"article:publisher\" content=\"https:\/\/www.facebook.com\/TrgovinaClair\/\" \/>\n<meta property=\"og:image\" content=\"https:\/\/clair.si\/wp-content\/uploads\/2025\/10\/Untitled-design-2025-10-22T133430.823.webp\" \/>\n\t<meta property=\"og:image:width\" content=\"700\" \/>\n\t<meta property=\"og:image:height\" content=\"700\" \/>\n\t<meta property=\"og:image:type\" content=\"image\/png\" \/>\n<meta name=\"twitter:card\" content=\"summary_large_image\" \/>\n<meta name=\"twitter:label1\" content=\"Procijenjeno vrijeme \u010ditanja\" \/>\n\t<meta name=\"twitter:data1\" content=\"1 minuta\" \/>\n<script type=\"application\/ld+json\" class=\"yoast-schema-graph\">{\"@context\":\"https:\\\/\\\/schema.org\",\"@graph\":[{\"@type\":\"WebPage\",\"@id\":\"https:\\\/\\\/clair.si\\\/hr\\\/izdelek\\\/natjecateljska-majica-pikeur-seamless\\\/\",\"url\":\"https:\\\/\\\/clair.si\\\/hr\\\/izdelek\\\/natjecateljska-majica-pikeur-seamless\\\/\",\"name\":\"Natjecateljska majica Pikeur Seamless - Clair\",\"isPartOf\":{\"@id\":\"https:\\\/\\\/clair.si\\\/#website\"},\"primaryImageOfPage\":{\"@id\":\"https:\\\/\\\/clair.si\\\/hr\\\/izdelek\\\/natjecateljska-majica-pikeur-seamless\\\/#primaryimage\"},\"image\":{\"@id\":\"https:\\\/\\\/clair.si\\\/hr\\\/izdelek\\\/natjecateljska-majica-pikeur-seamless\\\/#primaryimage\"},\"thumbnailUrl\":\"https:\\\/\\\/clair.si\\\/wp-content\\\/uploads\\\/2025\\\/10\\\/Untitled-design-2025-10-22T133430.823.webp\",\"datePublished\":\"2025-10-22T11:32:37+00:00\",\"description\":\"Izuzetno udoban, lagan i potpuno be\u0161avan \u2013 Pikeur Seamless top dizajniran je za savr\u0161eno pristajanje i maksimalnu udobnost tijekom kretanja. Zahvaljuju\u0107i\",\"breadcrumb\":{\"@id\":\"https:\\\/\\\/clair.si\\\/hr\\\/izdelek\\\/natjecateljska-majica-pikeur-seamless\\\/#breadcrumb\"},\"inLanguage\":\"hr\",\"potentialAction\":[{\"@type\":\"ReadAction\",\"target\":[\"https:\\\/\\\/clair.si\\\/hr\\\/izdelek\\\/natjecateljska-majica-pikeur-seamless\\\/\"]}]},{\"@type\":\"ImageObject\",\"inLanguage\":\"hr\",\"@id\":\"https:\\\/\\\/clair.si\\\/hr\\\/izdelek\\\/natjecateljska-majica-pikeur-seamless\\\/#primaryimage\",\"url\":\"https:\\\/\\\/clair.si\\\/wp-content\\\/uploads\\\/2025\\\/10\\\/Untitled-design-2025-10-22T133430.823.webp\",\"contentUrl\":\"https:\\\/\\\/clair.si\\\/wp-content\\\/uploads\\\/2025\\\/10\\\/Untitled-design-2025-10-22T133430.823.webp\",\"width\":700,\"height\":700},{\"@type\":\"BreadcrumbList\",\"@id\":\"https:\\\/\\\/clair.si\\\/hr\\\/izdelek\\\/natjecateljska-majica-pikeur-seamless\\\/#breadcrumb\",\"itemListElement\":[{\"@type\":\"ListItem\",\"position\":1,\"name\":\"Home\",\"item\":\"https:\\\/\\\/clair.si\\\/hr\\\/\"},{\"@type\":\"ListItem\",\"position\":2,\"name\":\"Trgovina\",\"item\":\"https:\\\/\\\/clair.si\\\/trgovina\\\/\"},{\"@type\":\"ListItem\",\"position\":3,\"name\":\"Natjecateljska majica Pikeur Seamless\"}]},{\"@type\":\"WebSite\",\"@id\":\"https:\\\/\\\/clair.si\\\/#website\",\"url\":\"https:\\\/\\\/clair.si\\\/\",\"name\":\"Clair\",\"description\":\"Trgovina s konjeni\u0161ko opremo\",\"publisher\":{\"@id\":\"https:\\\/\\\/clair.si\\\/#organization\"},\"potentialAction\":[{\"@type\":\"SearchAction\",\"target\":{\"@type\":\"EntryPoint\",\"urlTemplate\":\"https:\\\/\\\/clair.si\\\/?s={search_term_string}\"},\"query-input\":{\"@type\":\"PropertyValueSpecification\",\"valueRequired\":true,\"valueName\":\"search_term_string\"}}],\"inLanguage\":\"hr\"},{\"@type\":\"Organization\",\"@id\":\"https:\\\/\\\/clair.si\\\/#organization\",\"name\":\"Clair\",\"url\":\"https:\\\/\\\/clair.si\\\/\",\"logo\":{\"@type\":\"ImageObject\",\"inLanguage\":\"hr\",\"@id\":\"https:\\\/\\\/clair.si\\\/#\\\/schema\\\/logo\\\/image\\\/\",\"url\":\"https:\\\/\\\/clair.si\\\/wp-content\\\/uploads\\\/2022\\\/11\\\/clair_logo_2022.jpg\",\"contentUrl\":\"https:\\\/\\\/clair.si\\\/wp-content\\\/uploads\\\/2022\\\/11\\\/clair_logo_2022.jpg\",\"width\":1920,\"height\":1920,\"caption\":\"Clair\"},\"image\":{\"@id\":\"https:\\\/\\\/clair.si\\\/#\\\/schema\\\/logo\\\/image\\\/\"},\"sameAs\":[\"https:\\\/\\\/www.facebook.com\\\/TrgovinaClair\\\/\"]}]}<\/script>\n<!-- \/ Yoast SEO plugin. -->","yoast_head_json":{"title":"Natjecateljska majica Pikeur Seamless - Clair","description":"Izuzetno udoban, lagan i potpuno be\u0161avan \u2013 Pikeur Seamless top dizajniran je za savr\u0161eno pristajanje i maksimalnu udobnost tijekom kretanja. Zahvaljuju\u0107i","robots":{"index":"index","follow":"follow","max-snippet":"max-snippet:-1","max-image-preview":"max-image-preview:large","max-video-preview":"max-video-preview:-1"},"canonical":"https:\/\/clair.si\/hr\/izdelek\/natjecateljska-majica-pikeur-seamless\/","og_locale":"hr_HR","og_type":"article","og_title":"Natjecateljska majica Pikeur Seamless - Clair","og_description":"Izuzetno udoban, lagan i potpuno be\u0161avan \u2013 Pikeur Seamless top dizajniran je za savr\u0161eno pristajanje i maksimalnu udobnost tijekom kretanja. Zahvaljuju\u0107i","og_url":"https:\/\/clair.si\/hr\/izdelek\/natjecateljska-majica-pikeur-seamless\/","og_site_name":"Clair","article_publisher":"https:\/\/www.facebook.com\/TrgovinaClair\/","og_image":[{"width":700,"height":700,"url":"https:\/\/clair.si\/wp-content\/uploads\/2025\/10\/Untitled-design-2025-10-22T133430.823.webp","type":"image\/png"}],"twitter_card":"summary_large_image","twitter_misc":{"Procijenjeno vrijeme \u010ditanja":"1 minuta"},"schema":{"@context":"https:\/\/schema.org","@graph":[{"@type":"WebPage","@id":"https:\/\/clair.si\/hr\/izdelek\/natjecateljska-majica-pikeur-seamless\/","url":"https:\/\/clair.si\/hr\/izdelek\/natjecateljska-majica-pikeur-seamless\/","name":"Natjecateljska majica Pikeur Seamless - Clair","isPartOf":{"@id":"https:\/\/clair.si\/#website"},"primaryImageOfPage":{"@id":"https:\/\/clair.si\/hr\/izdelek\/natjecateljska-majica-pikeur-seamless\/#primaryimage"},"image":{"@id":"https:\/\/clair.si\/hr\/izdelek\/natjecateljska-majica-pikeur-seamless\/#primaryimage"},"thumbnailUrl":"https:\/\/clair.si\/wp-content\/uploads\/2025\/10\/Untitled-design-2025-10-22T133430.823.webp","datePublished":"2025-10-22T11:32:37+00:00","description":"Izuzetno udoban, lagan i potpuno be\u0161avan \u2013 Pikeur Seamless top dizajniran je za savr\u0161eno pristajanje i maksimalnu udobnost tijekom kretanja. Zahvaljuju\u0107i","breadcrumb":{"@id":"https:\/\/clair.si\/hr\/izdelek\/natjecateljska-majica-pikeur-seamless\/#breadcrumb"},"inLanguage":"hr","potentialAction":[{"@type":"ReadAction","target":["https:\/\/clair.si\/hr\/izdelek\/natjecateljska-majica-pikeur-seamless\/"]}]},{"@type":"ImageObject","inLanguage":"hr","@id":"https:\/\/clair.si\/hr\/izdelek\/natjecateljska-majica-pikeur-seamless\/#primaryimage","url":"https:\/\/clair.si\/wp-content\/uploads\/2025\/10\/Untitled-design-2025-10-22T133430.823.webp","contentUrl":"https:\/\/clair.si\/wp-content\/uploads\/2025\/10\/Untitled-design-2025-10-22T133430.823.webp","width":700,"height":700},{"@type":"BreadcrumbList","@id":"https:\/\/clair.si\/hr\/izdelek\/natjecateljska-majica-pikeur-seamless\/#breadcrumb","itemListElement":[{"@type":"ListItem","position":1,"name":"Home","item":"https:\/\/clair.si\/hr\/"},{"@type":"ListItem","position":2,"name":"Trgovina","item":"https:\/\/clair.si\/trgovina\/"},{"@type":"ListItem","position":3,"name":"Natjecateljska majica Pikeur Seamless"}]},{"@type":"WebSite","@id":"https:\/\/clair.si\/#website","url":"https:\/\/clair.si\/","name":"Clair","description":"Trgovina s konjeni\u0161ko opremo","publisher":{"@id":"https:\/\/clair.si\/#organization"},"potentialAction":[{"@type":"SearchAction","target":{"@type":"EntryPoint","urlTemplate":"https:\/\/clair.si\/?s={search_term_string}"},"query-input":{"@type":"PropertyValueSpecification","valueRequired":true,"valueName":"search_term_string"}}],"inLanguage":"hr"},{"@type":"Organization","@id":"https:\/\/clair.si\/#organization","name":"Clair","url":"https:\/\/clair.si\/","logo":{"@type":"ImageObject","inLanguage":"hr","@id":"https:\/\/clair.si\/#\/schema\/logo\/image\/","url":"https:\/\/clair.si\/wp-content\/uploads\/2022\/11\/clair_logo_2022.jpg","contentUrl":"https:\/\/clair.si\/wp-content\/uploads\/2022\/11\/clair_logo_2022.jpg","width":1920,"height":1920,"caption":"Clair"},"image":{"@id":"https:\/\/clair.si\/#\/schema\/logo\/image\/"},"sameAs":["https:\/\/www.facebook.com\/TrgovinaClair\/"]}]}},"_links":{"self":[{"href":"https:\/\/clair.si\/hr\/wp-json\/wp\/v2\/product\/118110","targetHints":{"allow":["GET"]}}],"collection":[{"href":"https:\/\/clair.si\/hr\/wp-json\/wp\/v2\/product"}],"about":[{"href":"https:\/\/clair.si\/hr\/wp-json\/wp\/v2\/types\/product"}],"version-history":[{"count":0,"href":"https:\/\/clair.si\/hr\/wp-json\/wp\/v2\/product\/118110\/revisions"}],"wp:featuredmedia":[{"embeddable":true,"href":"https:\/\/clair.si\/hr\/wp-json\/wp\/v2\/media\/117934"}],"wp:attachment":[{"href":"https:\/\/clair.si\/hr\/wp-json\/wp\/v2\/media?parent=118110"}],"wp:term":[{"taxonomy":"product_brand","embeddable":true,"href":"https:\/\/clair.si\/hr\/wp-json\/wp\/v2\/product_brand?post=118110"},{"taxonomy":"product_cat","embeddable":true,"href":"https:\/\/clair.si\/hr\/wp-json\/wp\/v2\/product_cat?post=118110"},{"taxonomy":"product_tag","embeddable":true,"href":"https:\/\/clair.si\/hr\/wp-json\/wp\/v2\/product_tag?post=118110"}],"curies":[{"name":"wp","href":"https:\/\/api.w.org\/{rel}","templated":true}]}}