{"id":118115,"date":"2025-10-22T14:43:44","date_gmt":"2025-10-22T12:43:44","guid":{"rendered":"https:\/\/clair.si\/izdelek\/keratex-ucvrscivac-kopita\/"},"modified":"2025-10-22T14:43:44","modified_gmt":"2025-10-22T12:43:44","slug":"keratex-ucvrscivac-kopita","status":"publish","type":"product","link":"https:\/\/clair.si\/hr\/izdelek\/keratex-ucvrscivac-kopita\/","title":{"rendered":"Keratex u\u010dvr\u0161\u0107iva\u010d kopita"},"content":{"rendered":"<h5 data-start=\"104\" data-end=\"122\">Keratex u\u010dvr\u0161\u0107iva\u010d kopita je visoko u\u010dinkovita njega kopita, posebno razvijena za konje sa slabim, krhkim ili ispucanim kopitima.<\/h5>\n<p data-start=\"104\" data-end=\"122\">Formulacija sadr\u017ei jedinstvenu kombinaciju u\u010dvr\u0161\u0107uju\u0107eg i fleksibilnog sredstva, koje omogu\u0107uje fleksibilnost uz ve\u0107u \u010dvrsto\u0107u \u2013 idealno za konje s kopitima koja:<\/p>\n<ul data-start=\"416\" data-end=\"572\">\n<li data-start=\"416\" data-end=\"440\">\n<p data-start=\"418\" data-end=\"440\"><strong>su krhka ili ispucana,<\/strong><\/p>\n<\/li>\n<li data-start=\"441\" data-end=\"461\">\n<p data-start=\"443\" data-end=\"461\"><strong>su mekana ili slaba,<\/strong><\/p>\n<\/li>\n<li data-start=\"462\" data-end=\"500\">\n<p data-start=\"464\" data-end=\"500\"><strong>imaju tanke i osjetljive tabane,<\/strong><\/p>\n<\/li>\n<li data-start=\"501\" data-end=\"572\">\n<p data-start=\"503\" data-end=\"572\"><strong>im \u010desto otpadaju potkove.<\/strong><\/p>\n<\/li>\n<\/ul>\n<p data-start=\"574\" data-end=\"1214\">Keratex Hoof Hardener djeluje kako na kovana, tako i na bosa kopita, jer ja\u010da unutarnju strukturu ro\u017eine \u2013 djelovanjem na molekularnoj razini pobolj\u0161ava vezivanje keratina i bjelan\u010devina u kopitu. Rezultat je sna\u017eniji kopitni materijal &#8211; spreman na promjene, optere\u0107enje i sve vremenske uvjete. Proizvod ne tvori povr\u0161inski sloj, koji \u201cspre\u010dava disanje\u201d kopita, ve\u0107 se upija u kopito i ostaje u\u010dinkovit i u zahtjevnim uvjetima.  <\/p>\n<p data-start=\"574\" data-end=\"1214\">Formulacija je prvi put kori\u0161tena jo\u0161 1990. godine i od tada je priznata te preporu\u010dena od strane kova\u010da i veterinara diljem svijeta.<\/p>\n<p data-start=\"1235\" data-end=\"1267\"><strong>Aktivni sastojci<\/strong> uklju\u010duju: aluminijev klorid heksahidrat, glicerin, formaldehid, etanol, metanol, metil salicilat, voda<\/p>\n<p data-start=\"1488\" data-end=\"1540\">1. Prije nano\u0161enja osigurajte da je kopito temeljito o\u010di\u0161\u0107eno i <strong data-start=\"1642\" data-end=\"1660\">potpuno suho<\/strong> \u2013 uklonjene moraju biti sve sledi ulja, voskova ili drugih premaza, jer ti spre\u010davaju penetraciju sredstva.<\/p>\n<p data-start=\"1821\" data-end=\"2043\">2. Zahvatite ne\u0161to proizvoda s prilo\u017eenom \u010detkom i nanesite na <strong data-start=\"1878\" data-end=\"1927\">donju polovicu kopitne stijenke i na taban<\/strong>, pri \u010demu izbjegavajte krunu i \u017eabicu.<\/p>\n<h3 data-start=\"1821\" data-end=\"2043\">Koliko \u010desto nanositi?<\/h3>\n<ol>\n<li data-start=\"2047\" data-end=\"2223\">Za po\u010detnu intenzivnu fazu: jedan tjedan nanosite svaki dan, zatim nastavite s nanosom <strong data-start=\"2146\" data-end=\"2167\">dva puta tjedno<\/strong> za odr\u017eavanje.<\/li>\n<li data-start=\"2224\" data-end=\"2526\">\n<p data-start=\"2227\" data-end=\"2526\">Za kopita bez potkova ili pri po\u010detku prijelaza na barefoot: nakon \u010di\u0161\u0107enja i su\u0161enja lagano pobrusite donji dio stijenke kopita (zarobite &#8211; nije nu\u017eno), da se omogu\u0107i bolja penetracija sredstva. Zatim nanesite i pustite da se upije pribli\u017eno 1 minutu, prije nego \u0161to kopito spustite nazad na tlo. <\/p>\n<\/li>\n<li data-start=\"2527\" data-end=\"2707\">\n<p data-start=\"2530\" data-end=\"2707\">Va\u017eno je da se izbjegavate uporabu drugih ulja ili premaza tijekom uporabe Keratex-a, jer ti spre\u010davaju njegovo pravilno djelovanje.<\/p>\n<\/li>\n<\/ol>\n<h3 data-start=\"2714\" data-end=\"2756\">Za\u0161to izabrati Keratex Hoof Hardener?<\/h3>\n<ul data-start=\"2757\" data-end=\"3642\">\n<li data-start=\"2757\" data-end=\"2959\">\n<p data-start=\"2759\" data-end=\"2959\"><strong data-start=\"2759\" data-end=\"2776\">Dubinska mo\u0107<\/strong>: ja\u010da strukturu lamela tako da poti\u010de navzkri\u017eno vezivanje keratina i bjelan\u010devina, \u0161to rezultira ve\u0107om \u010dvrsto\u0107om kopita \u201ciznutra prema van\u201d.<\/p>\n<\/li>\n<li data-start=\"2960\" data-end=\"3110\">\n<p data-start=\"2962\" data-end=\"3110\"><strong data-start=\"2962\" data-end=\"2983\">Dvoslojna za\u0161tita<\/strong>: kombinacija u\u010dvr\u0161\u0107iva\u010da i fleksibilnog sredstva zna\u010di da kopito ostane \u010dvrsto, ali jo\u0161 uvijek dovoljno pro\u017eino za prirodno gibanje.<\/p>\n<\/li>\n<li data-start=\"3111\" data-end=\"3309\">\n<p data-start=\"3113\" data-end=\"3309\"><strong data-start=\"3113\" data-end=\"3141\">U\u010dinkovit u svim uvjetima<\/strong>: ne tvori povr\u0161inski sloj, zato kopito mo\u017ee nastaviti s prirodnom izmjenom vlage \u2013 primjeren i za mokre i zahtjevne uvjete.<\/p>\n<\/li>\n<li data-start=\"3310\" data-end=\"3462\">\n<p data-start=\"3312\" data-end=\"3462\"><strong data-start=\"3312\" data-end=\"3332\">Smanjenje pote\u0161ko\u0107a<\/strong>: manje pukotina, manje otpadanja potkova, bolji oprijem \u010davala, zdraviji <strong data-start=\"3406\" data-end=\"3424\">tabani<\/strong> i op\u0107enito pobolj\u0161ano stanje kopita.<\/p>\n<\/li>\n<li data-start=\"3463\" data-end=\"3642\">\n<p data-start=\"3465\" data-end=\"3642\"><strong data-start=\"3465\" data-end=\"3488\">Stru\u010dno priznanje<\/strong>: proizvod je me\u0111u prvima takve vrste, ima dugogodi\u0161nju povijest.<\/p>\n<\/li>\n<\/ul>\n<h3 data-start=\"3649\" data-end=\"3673\">\u0160to ne o\u010dekivati&#8230;<\/h3>\n<p data-start=\"3674\" data-end=\"3962\">Keratex Hoof Hardener <strong data-start=\"3696\" data-end=\"3702\">nije<\/strong> nadomjestilo za pravilno obrezivanje kopita, odgovaraju\u0107e potkivanje ili pravovremenu veterinarsku skrb. Ako je kopito vrlo bolesno, krvari, ima duboke ozljede ili infekcije, prije uporabe posavjetujte se s veterinarom. <\/p>\n<p data-start=\"3985\" data-end=\"4294\">Za konje, pri kojima opa\u017eate: ispucane stijenke kopita, \u010desto izgubljene potkove, tanke ili meke tabane ili pa ih pripremate na barefoot je Keratex Hoof Hardener odli\u010dan izbor.<\/p>\n<p data-start=\"3985\" data-end=\"4294\"><strong>Koli\u010dina<\/strong>: 250ml<\/p>\n","protected":false},"excerpt":{"rendered":"<ul>\n<li>odli\u010dan za konje, koji imaju tanke tabane ili prelaze na barefoot<\/li>\n<li>teku\u0107ina se u kopito apsorbira &#8211; se ne ispire<\/li>\n<li>\u010detka prilo\u017eena<\/li>\n<\/ul>\n","protected":false},"featured_media":117956,"template":"","meta":{"footnotes":""},"product_brand":[],"product_cat":[6113,5657,5624,5960,5677,5873,5625,5882,5627],"product_tag":[],"class_list":{"0":"post-118115","1":"product","2":"type-product","3":"status-publish","4":"has-post-thumbnail","6":"product_cat-druga-kovacka-oprema","7":"product_cat-kategorije-hr","8":"product_cat-konj-hr","9":"product_cat-kovacka-oprema","10":"product_cat-kozmetika-za-konje-hr-2","11":"product_cat-njega-i-zdravlje-kopita","12":"product_cat-njega-konja","13":"product_cat-njega-kopita","14":"product_cat-stala-i-pasnjak","16":"first","17":"outofstock","18":"shipping-taxable","19":"purchasable","20":"product-type-simple"},"yoast_head":"<!-- This site is optimized with the Yoast SEO plugin v27.3 - https:\/\/yoast.com\/product\/yoast-seo-wordpress\/ -->\n<title>Keratex u\u010dvr\u0161\u0107iva\u010d kopita - Clair<\/title>\n<meta name=\"description\" content=\"odli\u010dan za konje, koji imaju tanke tabane ili prelaze na barefoot  teku\u0107ina se u kopito apsorbira - se ne ispire  \u010detka prilo\u017eena\" \/>\n<meta name=\"robots\" content=\"index, follow, max-snippet:-1, max-image-preview:large, max-video-preview:-1\" \/>\n<link rel=\"canonical\" href=\"https:\/\/clair.si\/hr\/izdelek\/keratex-ucvrscivac-kopita\/\" \/>\n<meta property=\"og:locale\" content=\"hr_HR\" \/>\n<meta property=\"og:type\" content=\"article\" \/>\n<meta property=\"og:title\" content=\"Keratex u\u010dvr\u0161\u0107iva\u010d kopita - Clair\" \/>\n<meta property=\"og:description\" content=\"odli\u010dan za konje, koji imaju tanke tabane ili prelaze na barefoot  teku\u0107ina se u kopito apsorbira - se ne ispire  \u010detka prilo\u017eena\" \/>\n<meta property=\"og:url\" content=\"https:\/\/clair.si\/hr\/izdelek\/keratex-ucvrscivac-kopita\/\" \/>\n<meta property=\"og:site_name\" content=\"Clair\" \/>\n<meta property=\"article:publisher\" content=\"https:\/\/www.facebook.com\/TrgovinaClair\/\" \/>\n<meta property=\"og:image\" content=\"https:\/\/clair.si\/wp-content\/uploads\/2025\/10\/trdilec-keratex-clair.webp\" \/>\n\t<meta property=\"og:image:width\" content=\"1100\" \/>\n\t<meta property=\"og:image:height\" content=\"1100\" \/>\n\t<meta property=\"og:image:type\" content=\"image\/webp\" \/>\n<meta name=\"twitter:card\" content=\"summary_large_image\" \/>\n<meta name=\"twitter:label1\" content=\"Procijenjeno vrijeme \u010ditanja\" \/>\n\t<meta name=\"twitter:data1\" content=\"3 minute\" \/>\n<script type=\"application\/ld+json\" class=\"yoast-schema-graph\">{\"@context\":\"https:\\\/\\\/schema.org\",\"@graph\":[{\"@type\":\"WebPage\",\"@id\":\"https:\\\/\\\/clair.si\\\/hr\\\/izdelek\\\/keratex-ucvrscivac-kopita\\\/\",\"url\":\"https:\\\/\\\/clair.si\\\/hr\\\/izdelek\\\/keratex-ucvrscivac-kopita\\\/\",\"name\":\"Keratex u\u010dvr\u0161\u0107iva\u010d kopita - Clair\",\"isPartOf\":{\"@id\":\"https:\\\/\\\/clair.si\\\/#website\"},\"primaryImageOfPage\":{\"@id\":\"https:\\\/\\\/clair.si\\\/hr\\\/izdelek\\\/keratex-ucvrscivac-kopita\\\/#primaryimage\"},\"image\":{\"@id\":\"https:\\\/\\\/clair.si\\\/hr\\\/izdelek\\\/keratex-ucvrscivac-kopita\\\/#primaryimage\"},\"thumbnailUrl\":\"https:\\\/\\\/clair.si\\\/wp-content\\\/uploads\\\/2025\\\/10\\\/trdilec-keratex-clair.webp\",\"datePublished\":\"2025-10-22T12:43:44+00:00\",\"description\":\"odli\u010dan za konje, koji imaju tanke tabane ili prelaze na barefoot teku\u0107ina se u kopito apsorbira - se ne ispire \u010detka prilo\u017eena\",\"breadcrumb\":{\"@id\":\"https:\\\/\\\/clair.si\\\/hr\\\/izdelek\\\/keratex-ucvrscivac-kopita\\\/#breadcrumb\"},\"inLanguage\":\"hr\",\"potentialAction\":[{\"@type\":\"ReadAction\",\"target\":[\"https:\\\/\\\/clair.si\\\/hr\\\/izdelek\\\/keratex-ucvrscivac-kopita\\\/\"]}]},{\"@type\":\"ImageObject\",\"inLanguage\":\"hr\",\"@id\":\"https:\\\/\\\/clair.si\\\/hr\\\/izdelek\\\/keratex-ucvrscivac-kopita\\\/#primaryimage\",\"url\":\"https:\\\/\\\/clair.si\\\/wp-content\\\/uploads\\\/2025\\\/10\\\/trdilec-keratex-clair.webp\",\"contentUrl\":\"https:\\\/\\\/clair.si\\\/wp-content\\\/uploads\\\/2025\\\/10\\\/trdilec-keratex-clair.webp\",\"width\":1100,\"height\":1100},{\"@type\":\"BreadcrumbList\",\"@id\":\"https:\\\/\\\/clair.si\\\/hr\\\/izdelek\\\/keratex-ucvrscivac-kopita\\\/#breadcrumb\",\"itemListElement\":[{\"@type\":\"ListItem\",\"position\":1,\"name\":\"Home\",\"item\":\"https:\\\/\\\/clair.si\\\/hr\\\/\"},{\"@type\":\"ListItem\",\"position\":2,\"name\":\"Trgovina\",\"item\":\"https:\\\/\\\/clair.si\\\/trgovina\\\/\"},{\"@type\":\"ListItem\",\"position\":3,\"name\":\"Keratex u\u010dvr\u0161\u0107iva\u010d kopita\"}]},{\"@type\":\"WebSite\",\"@id\":\"https:\\\/\\\/clair.si\\\/#website\",\"url\":\"https:\\\/\\\/clair.si\\\/\",\"name\":\"Clair\",\"description\":\"Trgovina s konjeni\u0161ko opremo\",\"publisher\":{\"@id\":\"https:\\\/\\\/clair.si\\\/#organization\"},\"potentialAction\":[{\"@type\":\"SearchAction\",\"target\":{\"@type\":\"EntryPoint\",\"urlTemplate\":\"https:\\\/\\\/clair.si\\\/?s={search_term_string}\"},\"query-input\":{\"@type\":\"PropertyValueSpecification\",\"valueRequired\":true,\"valueName\":\"search_term_string\"}}],\"inLanguage\":\"hr\"},{\"@type\":\"Organization\",\"@id\":\"https:\\\/\\\/clair.si\\\/#organization\",\"name\":\"Clair\",\"url\":\"https:\\\/\\\/clair.si\\\/\",\"logo\":{\"@type\":\"ImageObject\",\"inLanguage\":\"hr\",\"@id\":\"https:\\\/\\\/clair.si\\\/#\\\/schema\\\/logo\\\/image\\\/\",\"url\":\"https:\\\/\\\/clair.si\\\/wp-content\\\/uploads\\\/2022\\\/11\\\/clair_logo_2022.jpg\",\"contentUrl\":\"https:\\\/\\\/clair.si\\\/wp-content\\\/uploads\\\/2022\\\/11\\\/clair_logo_2022.jpg\",\"width\":1920,\"height\":1920,\"caption\":\"Clair\"},\"image\":{\"@id\":\"https:\\\/\\\/clair.si\\\/#\\\/schema\\\/logo\\\/image\\\/\"},\"sameAs\":[\"https:\\\/\\\/www.facebook.com\\\/TrgovinaClair\\\/\"]}]}<\/script>\n<!-- \/ Yoast SEO plugin. -->","yoast_head_json":{"title":"Keratex u\u010dvr\u0161\u0107iva\u010d kopita - Clair","description":"odli\u010dan za konje, koji imaju tanke tabane ili prelaze na barefoot  teku\u0107ina se u kopito apsorbira - se ne ispire  \u010detka prilo\u017eena","robots":{"index":"index","follow":"follow","max-snippet":"max-snippet:-1","max-image-preview":"max-image-preview:large","max-video-preview":"max-video-preview:-1"},"canonical":"https:\/\/clair.si\/hr\/izdelek\/keratex-ucvrscivac-kopita\/","og_locale":"hr_HR","og_type":"article","og_title":"Keratex u\u010dvr\u0161\u0107iva\u010d kopita - Clair","og_description":"odli\u010dan za konje, koji imaju tanke tabane ili prelaze na barefoot  teku\u0107ina se u kopito apsorbira - se ne ispire  \u010detka prilo\u017eena","og_url":"https:\/\/clair.si\/hr\/izdelek\/keratex-ucvrscivac-kopita\/","og_site_name":"Clair","article_publisher":"https:\/\/www.facebook.com\/TrgovinaClair\/","og_image":[{"width":1100,"height":1100,"url":"https:\/\/clair.si\/wp-content\/uploads\/2025\/10\/trdilec-keratex-clair.webp","type":"image\/webp"}],"twitter_card":"summary_large_image","twitter_misc":{"Procijenjeno vrijeme \u010ditanja":"3 minute"},"schema":{"@context":"https:\/\/schema.org","@graph":[{"@type":"WebPage","@id":"https:\/\/clair.si\/hr\/izdelek\/keratex-ucvrscivac-kopita\/","url":"https:\/\/clair.si\/hr\/izdelek\/keratex-ucvrscivac-kopita\/","name":"Keratex u\u010dvr\u0161\u0107iva\u010d kopita - Clair","isPartOf":{"@id":"https:\/\/clair.si\/#website"},"primaryImageOfPage":{"@id":"https:\/\/clair.si\/hr\/izdelek\/keratex-ucvrscivac-kopita\/#primaryimage"},"image":{"@id":"https:\/\/clair.si\/hr\/izdelek\/keratex-ucvrscivac-kopita\/#primaryimage"},"thumbnailUrl":"https:\/\/clair.si\/wp-content\/uploads\/2025\/10\/trdilec-keratex-clair.webp","datePublished":"2025-10-22T12:43:44+00:00","description":"odli\u010dan za konje, koji imaju tanke tabane ili prelaze na barefoot teku\u0107ina se u kopito apsorbira - se ne ispire \u010detka prilo\u017eena","breadcrumb":{"@id":"https:\/\/clair.si\/hr\/izdelek\/keratex-ucvrscivac-kopita\/#breadcrumb"},"inLanguage":"hr","potentialAction":[{"@type":"ReadAction","target":["https:\/\/clair.si\/hr\/izdelek\/keratex-ucvrscivac-kopita\/"]}]},{"@type":"ImageObject","inLanguage":"hr","@id":"https:\/\/clair.si\/hr\/izdelek\/keratex-ucvrscivac-kopita\/#primaryimage","url":"https:\/\/clair.si\/wp-content\/uploads\/2025\/10\/trdilec-keratex-clair.webp","contentUrl":"https:\/\/clair.si\/wp-content\/uploads\/2025\/10\/trdilec-keratex-clair.webp","width":1100,"height":1100},{"@type":"BreadcrumbList","@id":"https:\/\/clair.si\/hr\/izdelek\/keratex-ucvrscivac-kopita\/#breadcrumb","itemListElement":[{"@type":"ListItem","position":1,"name":"Home","item":"https:\/\/clair.si\/hr\/"},{"@type":"ListItem","position":2,"name":"Trgovina","item":"https:\/\/clair.si\/trgovina\/"},{"@type":"ListItem","position":3,"name":"Keratex u\u010dvr\u0161\u0107iva\u010d kopita"}]},{"@type":"WebSite","@id":"https:\/\/clair.si\/#website","url":"https:\/\/clair.si\/","name":"Clair","description":"Trgovina s konjeni\u0161ko opremo","publisher":{"@id":"https:\/\/clair.si\/#organization"},"potentialAction":[{"@type":"SearchAction","target":{"@type":"EntryPoint","urlTemplate":"https:\/\/clair.si\/?s={search_term_string}"},"query-input":{"@type":"PropertyValueSpecification","valueRequired":true,"valueName":"search_term_string"}}],"inLanguage":"hr"},{"@type":"Organization","@id":"https:\/\/clair.si\/#organization","name":"Clair","url":"https:\/\/clair.si\/","logo":{"@type":"ImageObject","inLanguage":"hr","@id":"https:\/\/clair.si\/#\/schema\/logo\/image\/","url":"https:\/\/clair.si\/wp-content\/uploads\/2022\/11\/clair_logo_2022.jpg","contentUrl":"https:\/\/clair.si\/wp-content\/uploads\/2022\/11\/clair_logo_2022.jpg","width":1920,"height":1920,"caption":"Clair"},"image":{"@id":"https:\/\/clair.si\/#\/schema\/logo\/image\/"},"sameAs":["https:\/\/www.facebook.com\/TrgovinaClair\/"]}]}},"_links":{"self":[{"href":"https:\/\/clair.si\/hr\/wp-json\/wp\/v2\/product\/118115","targetHints":{"allow":["GET"]}}],"collection":[{"href":"https:\/\/clair.si\/hr\/wp-json\/wp\/v2\/product"}],"about":[{"href":"https:\/\/clair.si\/hr\/wp-json\/wp\/v2\/types\/product"}],"version-history":[{"count":0,"href":"https:\/\/clair.si\/hr\/wp-json\/wp\/v2\/product\/118115\/revisions"}],"wp:featuredmedia":[{"embeddable":true,"href":"https:\/\/clair.si\/hr\/wp-json\/wp\/v2\/media\/117956"}],"wp:attachment":[{"href":"https:\/\/clair.si\/hr\/wp-json\/wp\/v2\/media?parent=118115"}],"wp:term":[{"taxonomy":"product_brand","embeddable":true,"href":"https:\/\/clair.si\/hr\/wp-json\/wp\/v2\/product_brand?post=118115"},{"taxonomy":"product_cat","embeddable":true,"href":"https:\/\/clair.si\/hr\/wp-json\/wp\/v2\/product_cat?post=118115"},{"taxonomy":"product_tag","embeddable":true,"href":"https:\/\/clair.si\/hr\/wp-json\/wp\/v2\/product_tag?post=118115"}],"curies":[{"name":"wp","href":"https:\/\/api.w.org\/{rel}","templated":true}]}}