{"id":118116,"date":"2025-10-22T15:02:55","date_gmt":"2025-10-22T13:02:55","guid":{"rendered":"https:\/\/clair.si\/izdelek\/mustad-dvostrani-noz-za-kopita\/"},"modified":"2025-10-22T15:02:55","modified_gmt":"2025-10-22T13:02:55","slug":"mustad-dvostrani-noz-za-kopita","status":"publish","type":"product","link":"https:\/\/clair.si\/hr\/izdelek\/mustad-dvostrani-noz-za-kopita\/","title":{"rendered":"Mustad dvostrani no\u017e za kopita"},"content":{"rendered":"<p data-start=\"84\" data-end=\"395\">Profesionalni alat za njegu kopita \u2013 no\u017e <strong data-start=\"125\" data-end=\"158\">Mustad Double Edge Hoof Knife<\/strong> ima dvostranu o\u0161tricu koja omogu\u0107uje rad s obje strane, \u0161to pove\u0107ava u\u010dinkovitost i udobnost pri kori\u0161tenju.<\/p>\n<p data-start=\"397\" data-end=\"860\">No\u017e ima <strong data-start=\"405\" data-end=\"421\">ravnu o\u0161tricu<\/strong> duljine pribli\u017eno 7 cm i ru\u010dku duljine pribli\u017eno 13,5 cm. Izra\u0111en je od visokokvalitetnog uglji\u010dnog \u010delika, \u0161to omogu\u0107uje dugotrajnost reza i jednostavno o\u0161trenje. Ergonomski oblikovana ru\u010dka s optimalnim mjestom za palac omogu\u0107uje udoban hvat i ve\u0107u kontrolu tijekom rada. Dvostruka o\u0161trica za obostranu uporabu te ve\u0107u fleksibilnost pri radu.   <\/p>\n<ul data-start=\"891\" data-end=\"1374\">\n<li data-start=\"968\" data-end=\"1070\">\n<p data-start=\"970\" data-end=\"1070\">Ravno rezilo olak\u0161ava precizno obrezivanje i \u010di\u0161\u0107enje \u017eabica i &#8220;barova&#8221;.<\/p>\n<\/li>\n<li data-start=\"1071\" data-end=\"1165\">\n<p data-start=\"1073\" data-end=\"1165\">Opremljen s udobnom ergonomski oblikovanom ru\u010dkom za manje umora pri duljoj uporabi.<\/p>\n<\/li>\n<li data-start=\"1166\" data-end=\"1252\">\n<p data-start=\"1168\" data-end=\"1252\">Izra\u0111en od kvalitetnog uglji\u010dnog \u010delika, tvrd i izdr\u017eljiv.<\/p>\n<\/li>\n<\/ul>\n<p data-start=\"1381\" data-end=\"1409\">Nakon uporabe no\u017e o\u010distite i osu\u0161ite. Redovito ga brusite s brusilicom namijenjenom za to. <\/p>\n","protected":false},"excerpt":{"rendered":"<ul>\n<li>obostrani no\u017e za kopita<\/li>\n<li>prikladan za sprotno rezanje &#8220;barova&#8221;, \u017eabice<\/li>\n<li>odli\u010dan za po\u010detnike<\/li>\n<\/ul>\n","protected":false},"featured_media":117961,"template":"","meta":{"footnotes":""},"product_brand":[],"product_cat":[5657,5624,5960,5625,5628,5882,7026,5627,6021],"product_tag":[],"class_list":{"0":"post-118116","1":"product","2":"type-product","3":"status-publish","4":"has-post-thumbnail","6":"product_cat-kategorije-hr","7":"product_cat-konj-hr","8":"product_cat-kovacka-oprema","9":"product_cat-njega-konja","10":"product_cat-njega-konja-hr","11":"product_cat-njega-kopita","12":"product_cat-nozevi-za-podrezivanje-kopita","13":"product_cat-stala-i-pasnjak","14":"product_cat-sve-za-kopita","16":"first","17":"instock","18":"shipping-taxable","19":"purchasable","20":"product-type-simple"},"yoast_head":"<!-- This site is optimized with the Yoast SEO plugin v27.3 - https:\/\/yoast.com\/product\/yoast-seo-wordpress\/ -->\n<title>Mustad dvostrani no\u017e za kopita - Clair<\/title>\n<meta name=\"description\" content=\"obostrani no\u017e za kopita  prikladan za sprotno rezanje &quot;barova&quot;, \u017eabice  odli\u010dan za po\u010detnike\" \/>\n<meta name=\"robots\" content=\"index, follow, max-snippet:-1, max-image-preview:large, max-video-preview:-1\" \/>\n<link rel=\"canonical\" href=\"https:\/\/clair.si\/hr\/izdelek\/mustad-dvostrani-noz-za-kopita\/\" \/>\n<meta property=\"og:locale\" content=\"hr_HR\" \/>\n<meta property=\"og:type\" content=\"article\" \/>\n<meta property=\"og:title\" content=\"Mustad dvostrani no\u017e za kopita - Clair\" \/>\n<meta property=\"og:description\" content=\"obostrani no\u017e za kopita  prikladan za sprotno rezanje &quot;barova&quot;, \u017eabice  odli\u010dan za po\u010detnike\" \/>\n<meta property=\"og:url\" content=\"https:\/\/clair.si\/hr\/izdelek\/mustad-dvostrani-noz-za-kopita\/\" \/>\n<meta property=\"og:site_name\" content=\"Clair\" \/>\n<meta property=\"article:publisher\" content=\"https:\/\/www.facebook.com\/TrgovinaClair\/\" \/>\n<meta property=\"og:image\" content=\"https:\/\/clair.si\/wp-content\/uploads\/2025\/10\/noz-za-kopita-mustad-clair.webp\" \/>\n\t<meta property=\"og:image:width\" content=\"800\" \/>\n\t<meta property=\"og:image:height\" content=\"800\" \/>\n\t<meta property=\"og:image:type\" content=\"image\/webp\" \/>\n<meta name=\"twitter:card\" content=\"summary_large_image\" \/>\n<meta name=\"twitter:label1\" content=\"Procijenjeno vrijeme \u010ditanja\" \/>\n\t<meta name=\"twitter:data1\" content=\"1 minuta\" \/>\n<script type=\"application\/ld+json\" class=\"yoast-schema-graph\">{\"@context\":\"https:\\\/\\\/schema.org\",\"@graph\":[{\"@type\":\"WebPage\",\"@id\":\"https:\\\/\\\/clair.si\\\/hr\\\/izdelek\\\/mustad-dvostrani-noz-za-kopita\\\/\",\"url\":\"https:\\\/\\\/clair.si\\\/hr\\\/izdelek\\\/mustad-dvostrani-noz-za-kopita\\\/\",\"name\":\"Mustad dvostrani no\u017e za kopita - Clair\",\"isPartOf\":{\"@id\":\"https:\\\/\\\/clair.si\\\/#website\"},\"primaryImageOfPage\":{\"@id\":\"https:\\\/\\\/clair.si\\\/hr\\\/izdelek\\\/mustad-dvostrani-noz-za-kopita\\\/#primaryimage\"},\"image\":{\"@id\":\"https:\\\/\\\/clair.si\\\/hr\\\/izdelek\\\/mustad-dvostrani-noz-za-kopita\\\/#primaryimage\"},\"thumbnailUrl\":\"https:\\\/\\\/clair.si\\\/wp-content\\\/uploads\\\/2025\\\/10\\\/noz-za-kopita-mustad-clair.webp\",\"datePublished\":\"2025-10-22T13:02:55+00:00\",\"description\":\"obostrani no\u017e za kopita prikladan za sprotno rezanje \\\"barova\\\", \u017eabice odli\u010dan za po\u010detnike\",\"breadcrumb\":{\"@id\":\"https:\\\/\\\/clair.si\\\/hr\\\/izdelek\\\/mustad-dvostrani-noz-za-kopita\\\/#breadcrumb\"},\"inLanguage\":\"hr\",\"potentialAction\":[{\"@type\":\"ReadAction\",\"target\":[\"https:\\\/\\\/clair.si\\\/hr\\\/izdelek\\\/mustad-dvostrani-noz-za-kopita\\\/\"]}]},{\"@type\":\"ImageObject\",\"inLanguage\":\"hr\",\"@id\":\"https:\\\/\\\/clair.si\\\/hr\\\/izdelek\\\/mustad-dvostrani-noz-za-kopita\\\/#primaryimage\",\"url\":\"https:\\\/\\\/clair.si\\\/wp-content\\\/uploads\\\/2025\\\/10\\\/noz-za-kopita-mustad-clair.webp\",\"contentUrl\":\"https:\\\/\\\/clair.si\\\/wp-content\\\/uploads\\\/2025\\\/10\\\/noz-za-kopita-mustad-clair.webp\",\"width\":800,\"height\":800},{\"@type\":\"BreadcrumbList\",\"@id\":\"https:\\\/\\\/clair.si\\\/hr\\\/izdelek\\\/mustad-dvostrani-noz-za-kopita\\\/#breadcrumb\",\"itemListElement\":[{\"@type\":\"ListItem\",\"position\":1,\"name\":\"Home\",\"item\":\"https:\\\/\\\/clair.si\\\/hr\\\/\"},{\"@type\":\"ListItem\",\"position\":2,\"name\":\"Trgovina\",\"item\":\"https:\\\/\\\/clair.si\\\/trgovina\\\/\"},{\"@type\":\"ListItem\",\"position\":3,\"name\":\"Mustad dvostrani no\u017e za kopita\"}]},{\"@type\":\"WebSite\",\"@id\":\"https:\\\/\\\/clair.si\\\/#website\",\"url\":\"https:\\\/\\\/clair.si\\\/\",\"name\":\"Clair\",\"description\":\"Trgovina s konjeni\u0161ko opremo\",\"publisher\":{\"@id\":\"https:\\\/\\\/clair.si\\\/#organization\"},\"potentialAction\":[{\"@type\":\"SearchAction\",\"target\":{\"@type\":\"EntryPoint\",\"urlTemplate\":\"https:\\\/\\\/clair.si\\\/?s={search_term_string}\"},\"query-input\":{\"@type\":\"PropertyValueSpecification\",\"valueRequired\":true,\"valueName\":\"search_term_string\"}}],\"inLanguage\":\"hr\"},{\"@type\":\"Organization\",\"@id\":\"https:\\\/\\\/clair.si\\\/#organization\",\"name\":\"Clair\",\"url\":\"https:\\\/\\\/clair.si\\\/\",\"logo\":{\"@type\":\"ImageObject\",\"inLanguage\":\"hr\",\"@id\":\"https:\\\/\\\/clair.si\\\/#\\\/schema\\\/logo\\\/image\\\/\",\"url\":\"https:\\\/\\\/clair.si\\\/wp-content\\\/uploads\\\/2022\\\/11\\\/clair_logo_2022.jpg\",\"contentUrl\":\"https:\\\/\\\/clair.si\\\/wp-content\\\/uploads\\\/2022\\\/11\\\/clair_logo_2022.jpg\",\"width\":1920,\"height\":1920,\"caption\":\"Clair\"},\"image\":{\"@id\":\"https:\\\/\\\/clair.si\\\/#\\\/schema\\\/logo\\\/image\\\/\"},\"sameAs\":[\"https:\\\/\\\/www.facebook.com\\\/TrgovinaClair\\\/\"]}]}<\/script>\n<!-- \/ Yoast SEO plugin. -->","yoast_head_json":{"title":"Mustad dvostrani no\u017e za kopita - Clair","description":"obostrani no\u017e za kopita  prikladan za sprotno rezanje \"barova\", \u017eabice  odli\u010dan za po\u010detnike","robots":{"index":"index","follow":"follow","max-snippet":"max-snippet:-1","max-image-preview":"max-image-preview:large","max-video-preview":"max-video-preview:-1"},"canonical":"https:\/\/clair.si\/hr\/izdelek\/mustad-dvostrani-noz-za-kopita\/","og_locale":"hr_HR","og_type":"article","og_title":"Mustad dvostrani no\u017e za kopita - Clair","og_description":"obostrani no\u017e za kopita  prikladan za sprotno rezanje \"barova\", \u017eabice  odli\u010dan za po\u010detnike","og_url":"https:\/\/clair.si\/hr\/izdelek\/mustad-dvostrani-noz-za-kopita\/","og_site_name":"Clair","article_publisher":"https:\/\/www.facebook.com\/TrgovinaClair\/","og_image":[{"width":800,"height":800,"url":"https:\/\/clair.si\/wp-content\/uploads\/2025\/10\/noz-za-kopita-mustad-clair.webp","type":"image\/webp"}],"twitter_card":"summary_large_image","twitter_misc":{"Procijenjeno vrijeme \u010ditanja":"1 minuta"},"schema":{"@context":"https:\/\/schema.org","@graph":[{"@type":"WebPage","@id":"https:\/\/clair.si\/hr\/izdelek\/mustad-dvostrani-noz-za-kopita\/","url":"https:\/\/clair.si\/hr\/izdelek\/mustad-dvostrani-noz-za-kopita\/","name":"Mustad dvostrani no\u017e za kopita - Clair","isPartOf":{"@id":"https:\/\/clair.si\/#website"},"primaryImageOfPage":{"@id":"https:\/\/clair.si\/hr\/izdelek\/mustad-dvostrani-noz-za-kopita\/#primaryimage"},"image":{"@id":"https:\/\/clair.si\/hr\/izdelek\/mustad-dvostrani-noz-za-kopita\/#primaryimage"},"thumbnailUrl":"https:\/\/clair.si\/wp-content\/uploads\/2025\/10\/noz-za-kopita-mustad-clair.webp","datePublished":"2025-10-22T13:02:55+00:00","description":"obostrani no\u017e za kopita prikladan za sprotno rezanje \"barova\", \u017eabice odli\u010dan za po\u010detnike","breadcrumb":{"@id":"https:\/\/clair.si\/hr\/izdelek\/mustad-dvostrani-noz-za-kopita\/#breadcrumb"},"inLanguage":"hr","potentialAction":[{"@type":"ReadAction","target":["https:\/\/clair.si\/hr\/izdelek\/mustad-dvostrani-noz-za-kopita\/"]}]},{"@type":"ImageObject","inLanguage":"hr","@id":"https:\/\/clair.si\/hr\/izdelek\/mustad-dvostrani-noz-za-kopita\/#primaryimage","url":"https:\/\/clair.si\/wp-content\/uploads\/2025\/10\/noz-za-kopita-mustad-clair.webp","contentUrl":"https:\/\/clair.si\/wp-content\/uploads\/2025\/10\/noz-za-kopita-mustad-clair.webp","width":800,"height":800},{"@type":"BreadcrumbList","@id":"https:\/\/clair.si\/hr\/izdelek\/mustad-dvostrani-noz-za-kopita\/#breadcrumb","itemListElement":[{"@type":"ListItem","position":1,"name":"Home","item":"https:\/\/clair.si\/hr\/"},{"@type":"ListItem","position":2,"name":"Trgovina","item":"https:\/\/clair.si\/trgovina\/"},{"@type":"ListItem","position":3,"name":"Mustad dvostrani no\u017e za kopita"}]},{"@type":"WebSite","@id":"https:\/\/clair.si\/#website","url":"https:\/\/clair.si\/","name":"Clair","description":"Trgovina s konjeni\u0161ko opremo","publisher":{"@id":"https:\/\/clair.si\/#organization"},"potentialAction":[{"@type":"SearchAction","target":{"@type":"EntryPoint","urlTemplate":"https:\/\/clair.si\/?s={search_term_string}"},"query-input":{"@type":"PropertyValueSpecification","valueRequired":true,"valueName":"search_term_string"}}],"inLanguage":"hr"},{"@type":"Organization","@id":"https:\/\/clair.si\/#organization","name":"Clair","url":"https:\/\/clair.si\/","logo":{"@type":"ImageObject","inLanguage":"hr","@id":"https:\/\/clair.si\/#\/schema\/logo\/image\/","url":"https:\/\/clair.si\/wp-content\/uploads\/2022\/11\/clair_logo_2022.jpg","contentUrl":"https:\/\/clair.si\/wp-content\/uploads\/2022\/11\/clair_logo_2022.jpg","width":1920,"height":1920,"caption":"Clair"},"image":{"@id":"https:\/\/clair.si\/#\/schema\/logo\/image\/"},"sameAs":["https:\/\/www.facebook.com\/TrgovinaClair\/"]}]}},"_links":{"self":[{"href":"https:\/\/clair.si\/hr\/wp-json\/wp\/v2\/product\/118116","targetHints":{"allow":["GET"]}}],"collection":[{"href":"https:\/\/clair.si\/hr\/wp-json\/wp\/v2\/product"}],"about":[{"href":"https:\/\/clair.si\/hr\/wp-json\/wp\/v2\/types\/product"}],"version-history":[{"count":0,"href":"https:\/\/clair.si\/hr\/wp-json\/wp\/v2\/product\/118116\/revisions"}],"wp:featuredmedia":[{"embeddable":true,"href":"https:\/\/clair.si\/hr\/wp-json\/wp\/v2\/media\/117961"}],"wp:attachment":[{"href":"https:\/\/clair.si\/hr\/wp-json\/wp\/v2\/media?parent=118116"}],"wp:term":[{"taxonomy":"product_brand","embeddable":true,"href":"https:\/\/clair.si\/hr\/wp-json\/wp\/v2\/product_brand?post=118116"},{"taxonomy":"product_cat","embeddable":true,"href":"https:\/\/clair.si\/hr\/wp-json\/wp\/v2\/product_cat?post=118116"},{"taxonomy":"product_tag","embeddable":true,"href":"https:\/\/clair.si\/hr\/wp-json\/wp\/v2\/product_tag?post=118116"}],"curies":[{"name":"wp","href":"https:\/\/api.w.org\/{rel}","templated":true}]}}