{"id":118119,"date":"2025-10-22T13:06:12","date_gmt":"2025-10-22T11:06:12","guid":{"rendered":"https:\/\/clair.si\/izdelek\/natjecateljska-majica-pikeur-cut-out\/"},"modified":"2026-03-26T10:20:36","modified_gmt":"2026-03-26T09:20:36","slug":"natjecateljska-majica-pikeur-cut-out","status":"publish","type":"product","link":"https:\/\/clair.si\/hr\/izdelek\/natjecateljska-majica-pikeur-cut-out\/","title":{"rendered":"Natjecateljska majica Pikeur Cut Out"},"content":{"rendered":"<div class=\"text-base my-auto mx-auto pb-10 [--thread-content-margin:--spacing(4)] thread-sm:[--thread-content-margin:--spacing(6)] thread-lg:[--thread-content-margin:--spacing(16)] px-(--thread-content-margin)\">\n<div class=\"[--thread-content-max-width:40rem] thread-lg:[--thread-content-max-width:48rem] mx-auto max-w-(--thread-content-max-width) flex-1 group\/turn-messages focus-visible:outline-hidden relative flex w-full min-w-0 flex-col agent-turn\">\n<div class=\"flex max-w-full flex-col grow\">\n<div class=\"min-h-8 text-message relative flex w-full flex-col items-end gap-2 text-start break-words whitespace-normal [.text-message+&amp;]:mt-1\" dir=\"auto\" data-message-author-role=\"assistant\" data-message-id=\"2b762262-eb5a-467c-894f-2693f6cbdb64\" data-message-model-slug=\"gpt-5\">\n<div class=\"flex w-full flex-col gap-1 empty:hidden first:pt-[1px]\">\n<div class=\"markdown prose dark:prose-invert w-full break-words light markdown-new-styling\">\n<p data-start=\"29\" data-end=\"296\">Elegantna, moderna i potpuno u Pikeur stilu \u2013 majica <strong data-start=\"85\" data-end=\"103\">Pikeur Cut-Out<\/strong> kombinira profinjen izgled i iznimnu udobnost. Izra\u0111ena je od laganog, prozra\u010dnog i rastezljivog materijala koji osigurava potpunu slobodu kretanja pri jahanju ili svakodnevnim poslovima u \u0161tali.<\/p>\n<p data-start=\"298\" data-end=\"518\">Poseban naglasak je na <strong data-start=\"321\" data-end=\"356\">dekorativnim izrezima na ramenima<\/strong>, koji daju majici \u017eenstven i moderan izgled. Materijal brzo odvodi vlagu i brzo se su\u0161i, stoga je idealan za toplije dane ili slojevito odijevanje ispod jakni i kaputa.<\/p>\n<p data-start=\"520\" data-end=\"694\">\u2714\ufe0f elegantni izrezi na ramenima<br data-start=\"550\" data-end=\"553\" \/>\u2714\ufe0f elasti\u010dan, prozra\u010dan i udoban materijal<br data-start=\"592\" data-end=\"595\" \/>\u2714\ufe0f Pikeur logotip za diskretan, ali prepoznatljiv izgled<br data-start=\"646\" data-end=\"649\" \/>\u2714\ufe0f savr\u0161en izbor za jahanje ili slobodno vrijeme<\/p>\n<p data-start=\"696\" data-end=\"762\" data-is-last-node=\"\" data-is-only-node=\"\">Majica <strong data-start=\"703\" data-end=\"721\">Pikeur Cut-Out<\/strong> \u2013 gdje se moda susre\u0107e s funkcionalno\u0161\u0107u.<\/p>\n<\/div>\n<\/div>\n<\/div>\n<\/div>\n<\/div>\n<\/div>\n","protected":false},"excerpt":{"rendered":"<ul>\n<li>tehni\u010dki, prozra\u010dni materijal<\/li>\n<li>ukrasno kop\u010danje na prednjoj strani<\/li>\n<\/ul>\n","protected":false},"featured_media":117919,"template":"","meta":{"footnotes":""},"product_brand":[],"product_cat":[5654,5657,5744,5769,5670,5671,5729,5667,5669,5668],"product_tag":[],"class_list":{"0":"post-118119","1":"product","2":"type-product","3":"status-publish","4":"has-post-thumbnail","6":"product_cat-jahac-hr","7":"product_cat-kategorije-hr","8":"product_cat-kolekcije-hr","9":"product_cat-must-have","10":"product_cat-natjecanja","11":"product_cat-natjecateljske-majice","12":"product_cat-pikeur-eskadron-hr","13":"product_cat-zene","14":"product_cat-zenska-natjecateljska-odjeca","15":"product_cat-zenske-majice","17":"first","18":"instock","19":"sale","20":"shipping-taxable","21":"purchasable","22":"product-type-variable"},"yoast_head":"<!-- This site is optimized with the Yoast SEO plugin v27.4 - https:\/\/yoast.com\/product\/yoast-seo-wordpress\/ -->\n<title>Natjecateljska majica Pikeur Cut Out - Clair<\/title>\n<meta name=\"description\" content=\"tehni\u010dki, prozra\u010dni materijal  ukrasno kop\u010danje na prednjoj strani\" \/>\n<meta name=\"robots\" content=\"index, follow, max-snippet:-1, max-image-preview:large, max-video-preview:-1\" \/>\n<link rel=\"canonical\" href=\"https:\/\/clair.si\/izdelek\/tekmovalna-majica-pikeur-cut-out\/\" \/>\n<meta property=\"og:locale\" content=\"hr_HR\" \/>\n<meta property=\"og:type\" content=\"article\" \/>\n<meta property=\"og:title\" content=\"Natjecateljska majica Pikeur Cut Out - Clair\" \/>\n<meta property=\"og:description\" content=\"tehni\u010dki, prozra\u010dni materijal  ukrasno kop\u010danje na prednjoj strani\" \/>\n<meta property=\"og:url\" content=\"https:\/\/clair.si\/izdelek\/tekmovalna-majica-pikeur-cut-out\/\" \/>\n<meta property=\"og:site_name\" content=\"Clair\" \/>\n<meta property=\"article:publisher\" content=\"https:\/\/www.facebook.com\/TrgovinaClair\/\" \/>\n<meta property=\"article:modified_time\" content=\"2026-03-26T09:20:36+00:00\" \/>\n<meta property=\"og:image\" content=\"https:\/\/clair.si\/wp-content\/uploads\/2025\/10\/Untitled-design-2025-10-22T130912.062.webp\" \/>\n\t<meta property=\"og:image:width\" content=\"700\" \/>\n\t<meta property=\"og:image:height\" content=\"700\" \/>\n\t<meta property=\"og:image:type\" content=\"image\/png\" \/>\n<meta name=\"twitter:card\" content=\"summary_large_image\" \/>\n<meta name=\"twitter:label1\" content=\"Procijenjeno vrijeme \u010ditanja\" \/>\n\t<meta name=\"twitter:data1\" content=\"1 minuta\" \/>\n<script type=\"application\/ld+json\" class=\"yoast-schema-graph\">{\"@context\":\"https:\\\/\\\/schema.org\",\"@graph\":[{\"@type\":\"WebPage\",\"@id\":\"https:\\\/\\\/clair.si\\\/izdelek\\\/tekmovalna-majica-pikeur-cut-out\\\/\",\"url\":\"https:\\\/\\\/clair.si\\\/izdelek\\\/tekmovalna-majica-pikeur-cut-out\\\/\",\"name\":\"Natjecateljska majica Pikeur Cut Out - Clair\",\"isPartOf\":{\"@id\":\"https:\\\/\\\/clair.si\\\/#website\"},\"primaryImageOfPage\":{\"@id\":\"https:\\\/\\\/clair.si\\\/izdelek\\\/tekmovalna-majica-pikeur-cut-out\\\/#primaryimage\"},\"image\":{\"@id\":\"https:\\\/\\\/clair.si\\\/izdelek\\\/tekmovalna-majica-pikeur-cut-out\\\/#primaryimage\"},\"thumbnailUrl\":\"https:\\\/\\\/clair.si\\\/wp-content\\\/uploads\\\/2025\\\/10\\\/Untitled-design-2025-10-22T130912.062.webp\",\"datePublished\":\"2025-10-22T11:06:12+00:00\",\"dateModified\":\"2026-03-26T09:20:36+00:00\",\"description\":\"tehni\u010dki, prozra\u010dni materijal ukrasno kop\u010danje na prednjoj strani\",\"breadcrumb\":{\"@id\":\"https:\\\/\\\/clair.si\\\/izdelek\\\/tekmovalna-majica-pikeur-cut-out\\\/#breadcrumb\"},\"inLanguage\":\"hr\",\"potentialAction\":[{\"@type\":\"ReadAction\",\"target\":[\"https:\\\/\\\/clair.si\\\/izdelek\\\/tekmovalna-majica-pikeur-cut-out\\\/\"]}]},{\"@type\":\"ImageObject\",\"inLanguage\":\"hr\",\"@id\":\"https:\\\/\\\/clair.si\\\/izdelek\\\/tekmovalna-majica-pikeur-cut-out\\\/#primaryimage\",\"url\":\"https:\\\/\\\/clair.si\\\/wp-content\\\/uploads\\\/2025\\\/10\\\/Untitled-design-2025-10-22T130912.062.webp\",\"contentUrl\":\"https:\\\/\\\/clair.si\\\/wp-content\\\/uploads\\\/2025\\\/10\\\/Untitled-design-2025-10-22T130912.062.webp\",\"width\":700,\"height\":700},{\"@type\":\"BreadcrumbList\",\"@id\":\"https:\\\/\\\/clair.si\\\/izdelek\\\/tekmovalna-majica-pikeur-cut-out\\\/#breadcrumb\",\"itemListElement\":[{\"@type\":\"ListItem\",\"position\":1,\"name\":\"Home\",\"item\":\"https:\\\/\\\/clair.si\\\/hr\\\/\"},{\"@type\":\"ListItem\",\"position\":2,\"name\":\"Trgovina\",\"item\":\"https:\\\/\\\/clair.si\\\/trgovina\\\/\"},{\"@type\":\"ListItem\",\"position\":3,\"name\":\"Natjecateljska majica Pikeur Cut Out\"}]},{\"@type\":\"WebSite\",\"@id\":\"https:\\\/\\\/clair.si\\\/#website\",\"url\":\"https:\\\/\\\/clair.si\\\/\",\"name\":\"Clair\",\"description\":\"Trgovina s konjeni\u0161ko opremo\",\"publisher\":{\"@id\":\"https:\\\/\\\/clair.si\\\/#organization\"},\"potentialAction\":[{\"@type\":\"SearchAction\",\"target\":{\"@type\":\"EntryPoint\",\"urlTemplate\":\"https:\\\/\\\/clair.si\\\/?s={search_term_string}\"},\"query-input\":{\"@type\":\"PropertyValueSpecification\",\"valueRequired\":true,\"valueName\":\"search_term_string\"}}],\"inLanguage\":\"hr\"},{\"@type\":\"Organization\",\"@id\":\"https:\\\/\\\/clair.si\\\/#organization\",\"name\":\"Clair\",\"url\":\"https:\\\/\\\/clair.si\\\/\",\"logo\":{\"@type\":\"ImageObject\",\"inLanguage\":\"hr\",\"@id\":\"https:\\\/\\\/clair.si\\\/#\\\/schema\\\/logo\\\/image\\\/\",\"url\":\"https:\\\/\\\/clair.si\\\/wp-content\\\/uploads\\\/2022\\\/11\\\/clair_logo_2022.jpg\",\"contentUrl\":\"https:\\\/\\\/clair.si\\\/wp-content\\\/uploads\\\/2022\\\/11\\\/clair_logo_2022.jpg\",\"width\":1920,\"height\":1920,\"caption\":\"Clair\"},\"image\":{\"@id\":\"https:\\\/\\\/clair.si\\\/#\\\/schema\\\/logo\\\/image\\\/\"},\"sameAs\":[\"https:\\\/\\\/www.facebook.com\\\/TrgovinaClair\\\/\"]}]}<\/script>\n<!-- \/ Yoast SEO plugin. -->","yoast_head_json":{"title":"Natjecateljska majica Pikeur Cut Out - Clair","description":"tehni\u010dki, prozra\u010dni materijal  ukrasno kop\u010danje na prednjoj strani","robots":{"index":"index","follow":"follow","max-snippet":"max-snippet:-1","max-image-preview":"max-image-preview:large","max-video-preview":"max-video-preview:-1"},"canonical":"https:\/\/clair.si\/izdelek\/tekmovalna-majica-pikeur-cut-out\/","og_locale":"hr_HR","og_type":"article","og_title":"Natjecateljska majica Pikeur Cut Out - Clair","og_description":"tehni\u010dki, prozra\u010dni materijal  ukrasno kop\u010danje na prednjoj strani","og_url":"https:\/\/clair.si\/izdelek\/tekmovalna-majica-pikeur-cut-out\/","og_site_name":"Clair","article_publisher":"https:\/\/www.facebook.com\/TrgovinaClair\/","article_modified_time":"2026-03-26T09:20:36+00:00","og_image":[{"width":700,"height":700,"url":"https:\/\/clair.si\/wp-content\/uploads\/2025\/10\/Untitled-design-2025-10-22T130912.062.webp","type":"image\/png"}],"twitter_card":"summary_large_image","twitter_misc":{"Procijenjeno vrijeme \u010ditanja":"1 minuta"},"schema":{"@context":"https:\/\/schema.org","@graph":[{"@type":"WebPage","@id":"https:\/\/clair.si\/izdelek\/tekmovalna-majica-pikeur-cut-out\/","url":"https:\/\/clair.si\/izdelek\/tekmovalna-majica-pikeur-cut-out\/","name":"Natjecateljska majica Pikeur Cut Out - Clair","isPartOf":{"@id":"https:\/\/clair.si\/#website"},"primaryImageOfPage":{"@id":"https:\/\/clair.si\/izdelek\/tekmovalna-majica-pikeur-cut-out\/#primaryimage"},"image":{"@id":"https:\/\/clair.si\/izdelek\/tekmovalna-majica-pikeur-cut-out\/#primaryimage"},"thumbnailUrl":"https:\/\/clair.si\/wp-content\/uploads\/2025\/10\/Untitled-design-2025-10-22T130912.062.webp","datePublished":"2025-10-22T11:06:12+00:00","dateModified":"2026-03-26T09:20:36+00:00","description":"tehni\u010dki, prozra\u010dni materijal ukrasno kop\u010danje na prednjoj strani","breadcrumb":{"@id":"https:\/\/clair.si\/izdelek\/tekmovalna-majica-pikeur-cut-out\/#breadcrumb"},"inLanguage":"hr","potentialAction":[{"@type":"ReadAction","target":["https:\/\/clair.si\/izdelek\/tekmovalna-majica-pikeur-cut-out\/"]}]},{"@type":"ImageObject","inLanguage":"hr","@id":"https:\/\/clair.si\/izdelek\/tekmovalna-majica-pikeur-cut-out\/#primaryimage","url":"https:\/\/clair.si\/wp-content\/uploads\/2025\/10\/Untitled-design-2025-10-22T130912.062.webp","contentUrl":"https:\/\/clair.si\/wp-content\/uploads\/2025\/10\/Untitled-design-2025-10-22T130912.062.webp","width":700,"height":700},{"@type":"BreadcrumbList","@id":"https:\/\/clair.si\/izdelek\/tekmovalna-majica-pikeur-cut-out\/#breadcrumb","itemListElement":[{"@type":"ListItem","position":1,"name":"Home","item":"https:\/\/clair.si\/hr\/"},{"@type":"ListItem","position":2,"name":"Trgovina","item":"https:\/\/clair.si\/trgovina\/"},{"@type":"ListItem","position":3,"name":"Natjecateljska majica Pikeur Cut Out"}]},{"@type":"WebSite","@id":"https:\/\/clair.si\/#website","url":"https:\/\/clair.si\/","name":"Clair","description":"Trgovina s konjeni\u0161ko opremo","publisher":{"@id":"https:\/\/clair.si\/#organization"},"potentialAction":[{"@type":"SearchAction","target":{"@type":"EntryPoint","urlTemplate":"https:\/\/clair.si\/?s={search_term_string}"},"query-input":{"@type":"PropertyValueSpecification","valueRequired":true,"valueName":"search_term_string"}}],"inLanguage":"hr"},{"@type":"Organization","@id":"https:\/\/clair.si\/#organization","name":"Clair","url":"https:\/\/clair.si\/","logo":{"@type":"ImageObject","inLanguage":"hr","@id":"https:\/\/clair.si\/#\/schema\/logo\/image\/","url":"https:\/\/clair.si\/wp-content\/uploads\/2022\/11\/clair_logo_2022.jpg","contentUrl":"https:\/\/clair.si\/wp-content\/uploads\/2022\/11\/clair_logo_2022.jpg","width":1920,"height":1920,"caption":"Clair"},"image":{"@id":"https:\/\/clair.si\/#\/schema\/logo\/image\/"},"sameAs":["https:\/\/www.facebook.com\/TrgovinaClair\/"]}]}},"_links":{"self":[{"href":"https:\/\/clair.si\/hr\/wp-json\/wp\/v2\/product\/118119","targetHints":{"allow":["GET"]}}],"collection":[{"href":"https:\/\/clair.si\/hr\/wp-json\/wp\/v2\/product"}],"about":[{"href":"https:\/\/clair.si\/hr\/wp-json\/wp\/v2\/types\/product"}],"version-history":[{"count":2,"href":"https:\/\/clair.si\/hr\/wp-json\/wp\/v2\/product\/118119\/revisions"}],"predecessor-version":[{"id":134389,"href":"https:\/\/clair.si\/hr\/wp-json\/wp\/v2\/product\/118119\/revisions\/134389"}],"wp:featuredmedia":[{"embeddable":true,"href":"https:\/\/clair.si\/hr\/wp-json\/wp\/v2\/media\/117919"}],"wp:attachment":[{"href":"https:\/\/clair.si\/hr\/wp-json\/wp\/v2\/media?parent=118119"}],"wp:term":[{"taxonomy":"product_brand","embeddable":true,"href":"https:\/\/clair.si\/hr\/wp-json\/wp\/v2\/product_brand?post=118119"},{"taxonomy":"product_cat","embeddable":true,"href":"https:\/\/clair.si\/hr\/wp-json\/wp\/v2\/product_cat?post=118119"},{"taxonomy":"product_tag","embeddable":true,"href":"https:\/\/clair.si\/hr\/wp-json\/wp\/v2\/product_tag?post=118119"}],"curies":[{"name":"wp","href":"https:\/\/api.w.org\/{rel}","templated":true}]}}