{"id":118126,"date":"2025-10-22T15:16:18","date_gmt":"2025-10-22T13:16:18","guid":{"rendered":"https:\/\/clair.si\/izdelek\/noz-za-kopita-loop-double-s\/"},"modified":"2025-10-23T16:08:58","modified_gmt":"2025-10-23T14:08:58","slug":"noz-za-kopita-loop-double-s","status":"publish","type":"product","link":"https:\/\/clair.si\/hr\/izdelek\/noz-za-kopita-loop-double-s\/","title":{"rendered":"No\u017e za kopita loop Double S"},"content":{"rendered":"<p data-start=\"228\" data-end=\"545\">Profesionalni no\u017e za njegu kopita \u2013 Double S Loop Knife dizajniran je za kova\u010de i vlasnike konja koji \u017eele naju\u010dinkovitiju opremu za obrezivanje i oblikovanje kopita. Isti\u010de se <strong data-start=\"418\" data-end=\"446\">ergonomski duga\u010dkom ru\u010dkom<\/strong>, dvosmjernom (loop) o\u0161tricom i vrhunskom izradom iz Italije. <\/p>\n<p data-start=\"578\" data-end=\"749\">Oblikovana <strong data-start=\"589\" data-end=\"604\">loop o\u0161trica<\/strong> koja omogu\u0107uje pristup ve\u0107em broju podru\u010dja donje strane kopita i olak\u0161ava rad de\u0161njacima i ljevacima.<\/p>\n<p data-start=\"752\" data-end=\"893\">Duga\u010dka, ergonomska ru\u010dka koja dobro sjeda u svaku ruku i osigurava stabilan hvat pri preciznom radu.<\/p>\n<p data-start=\"752\" data-end=\"893\">Visokokvalitetni \u010delik \u2013 proizvod je izra\u0111en u Italiji, \u0161to osigurava dugi vijek trajanja i profesionalnu u\u010dinkovitost.<\/p>\n<p data-start=\"1058\" data-end=\"1151\">Nakon uporabe ga o\u010distite i osu\u0161ite. Redovito brusite alatom namijenjenim za to. <\/p>\n","protected":false},"excerpt":{"rendered":"<ul>\n<li>no\u017e s loop zankom<\/li>\n<li>odli\u010dan za rezanje \u017eabice i &#8220;barova&#8221;<\/li>\n<\/ul>\n","protected":false},"featured_media":117967,"template":"","meta":{"footnotes":""},"product_brand":[],"product_cat":[5657,5624,5960,5628,5625,5882,7026,5627,6021],"product_tag":[],"class_list":{"0":"post-118126","1":"product","2":"type-product","3":"status-publish","4":"has-post-thumbnail","6":"product_cat-kategorije-hr","7":"product_cat-konj-hr","8":"product_cat-kovacka-oprema","9":"product_cat-njega-konja-hr","10":"product_cat-njega-konja","11":"product_cat-njega-kopita","12":"product_cat-nozevi-za-podrezivanje-kopita","13":"product_cat-stala-i-pasnjak","14":"product_cat-sve-za-kopita","16":"first","17":"instock","18":"shipping-taxable","19":"purchasable","20":"product-type-simple"},"yoast_head":"<!-- This site is optimized with the Yoast SEO plugin v27.3 - https:\/\/yoast.com\/product\/yoast-seo-wordpress\/ -->\n<title>No\u017e za kopita loop Double S - Clair<\/title>\n<meta name=\"description\" content=\"no\u017e s loop zankom  odli\u010dan za rezanje \u017eabice i &quot;barova&quot;\" \/>\n<meta name=\"robots\" content=\"index, follow, max-snippet:-1, max-image-preview:large, max-video-preview:-1\" \/>\n<link rel=\"canonical\" href=\"https:\/\/clair.si\/hr\/izdelek\/noz-za-kopita-loop-double-s\/\" \/>\n<meta property=\"og:locale\" content=\"hr_HR\" \/>\n<meta property=\"og:type\" content=\"article\" \/>\n<meta property=\"og:title\" content=\"No\u017e za kopita loop Double S - Clair\" \/>\n<meta property=\"og:description\" content=\"no\u017e s loop zankom  odli\u010dan za rezanje \u017eabice i &quot;barova&quot;\" \/>\n<meta property=\"og:url\" content=\"https:\/\/clair.si\/hr\/izdelek\/noz-za-kopita-loop-double-s\/\" \/>\n<meta property=\"og:site_name\" content=\"Clair\" \/>\n<meta property=\"article:publisher\" content=\"https:\/\/www.facebook.com\/TrgovinaClair\/\" \/>\n<meta property=\"article:modified_time\" content=\"2025-10-23T14:08:58+00:00\" \/>\n<meta property=\"og:image\" content=\"https:\/\/clair.si\/wp-content\/uploads\/2025\/10\/double-s-loop-clair-trgovina-noz.webp\" \/>\n\t<meta property=\"og:image:width\" content=\"1280\" \/>\n\t<meta property=\"og:image:height\" content=\"1280\" \/>\n\t<meta property=\"og:image:type\" content=\"image\/jpeg\" \/>\n<meta name=\"twitter:card\" content=\"summary_large_image\" \/>\n<meta name=\"twitter:label1\" content=\"Procijenjeno vrijeme \u010ditanja\" \/>\n\t<meta name=\"twitter:data1\" content=\"1 minuta\" \/>\n<script type=\"application\/ld+json\" class=\"yoast-schema-graph\">{\"@context\":\"https:\\\/\\\/schema.org\",\"@graph\":[{\"@type\":\"WebPage\",\"@id\":\"https:\\\/\\\/clair.si\\\/hr\\\/izdelek\\\/noz-za-kopita-loop-double-s\\\/\",\"url\":\"https:\\\/\\\/clair.si\\\/hr\\\/izdelek\\\/noz-za-kopita-loop-double-s\\\/\",\"name\":\"No\u017e za kopita loop Double S - Clair\",\"isPartOf\":{\"@id\":\"https:\\\/\\\/clair.si\\\/#website\"},\"primaryImageOfPage\":{\"@id\":\"https:\\\/\\\/clair.si\\\/hr\\\/izdelek\\\/noz-za-kopita-loop-double-s\\\/#primaryimage\"},\"image\":{\"@id\":\"https:\\\/\\\/clair.si\\\/hr\\\/izdelek\\\/noz-za-kopita-loop-double-s\\\/#primaryimage\"},\"thumbnailUrl\":\"https:\\\/\\\/clair.si\\\/wp-content\\\/uploads\\\/2025\\\/10\\\/double-s-loop-clair-trgovina-noz.webp\",\"datePublished\":\"2025-10-22T13:16:18+00:00\",\"dateModified\":\"2025-10-23T14:08:58+00:00\",\"description\":\"no\u017e s loop zankom odli\u010dan za rezanje \u017eabice i \\\"barova\\\"\",\"breadcrumb\":{\"@id\":\"https:\\\/\\\/clair.si\\\/hr\\\/izdelek\\\/noz-za-kopita-loop-double-s\\\/#breadcrumb\"},\"inLanguage\":\"hr\",\"potentialAction\":[{\"@type\":\"ReadAction\",\"target\":[\"https:\\\/\\\/clair.si\\\/hr\\\/izdelek\\\/noz-za-kopita-loop-double-s\\\/\"]}]},{\"@type\":\"ImageObject\",\"inLanguage\":\"hr\",\"@id\":\"https:\\\/\\\/clair.si\\\/hr\\\/izdelek\\\/noz-za-kopita-loop-double-s\\\/#primaryimage\",\"url\":\"https:\\\/\\\/clair.si\\\/wp-content\\\/uploads\\\/2025\\\/10\\\/double-s-loop-clair-trgovina-noz.webp\",\"contentUrl\":\"https:\\\/\\\/clair.si\\\/wp-content\\\/uploads\\\/2025\\\/10\\\/double-s-loop-clair-trgovina-noz.webp\",\"width\":1280,\"height\":1280},{\"@type\":\"BreadcrumbList\",\"@id\":\"https:\\\/\\\/clair.si\\\/hr\\\/izdelek\\\/noz-za-kopita-loop-double-s\\\/#breadcrumb\",\"itemListElement\":[{\"@type\":\"ListItem\",\"position\":1,\"name\":\"Home\",\"item\":\"https:\\\/\\\/clair.si\\\/hr\\\/\"},{\"@type\":\"ListItem\",\"position\":2,\"name\":\"Trgovina\",\"item\":\"https:\\\/\\\/clair.si\\\/trgovina\\\/\"},{\"@type\":\"ListItem\",\"position\":3,\"name\":\"No\u017e za kopita loop Double S\"}]},{\"@type\":\"WebSite\",\"@id\":\"https:\\\/\\\/clair.si\\\/#website\",\"url\":\"https:\\\/\\\/clair.si\\\/\",\"name\":\"Clair\",\"description\":\"Trgovina s konjeni\u0161ko opremo\",\"publisher\":{\"@id\":\"https:\\\/\\\/clair.si\\\/#organization\"},\"potentialAction\":[{\"@type\":\"SearchAction\",\"target\":{\"@type\":\"EntryPoint\",\"urlTemplate\":\"https:\\\/\\\/clair.si\\\/?s={search_term_string}\"},\"query-input\":{\"@type\":\"PropertyValueSpecification\",\"valueRequired\":true,\"valueName\":\"search_term_string\"}}],\"inLanguage\":\"hr\"},{\"@type\":\"Organization\",\"@id\":\"https:\\\/\\\/clair.si\\\/#organization\",\"name\":\"Clair\",\"url\":\"https:\\\/\\\/clair.si\\\/\",\"logo\":{\"@type\":\"ImageObject\",\"inLanguage\":\"hr\",\"@id\":\"https:\\\/\\\/clair.si\\\/#\\\/schema\\\/logo\\\/image\\\/\",\"url\":\"https:\\\/\\\/clair.si\\\/wp-content\\\/uploads\\\/2022\\\/11\\\/clair_logo_2022.jpg\",\"contentUrl\":\"https:\\\/\\\/clair.si\\\/wp-content\\\/uploads\\\/2022\\\/11\\\/clair_logo_2022.jpg\",\"width\":1920,\"height\":1920,\"caption\":\"Clair\"},\"image\":{\"@id\":\"https:\\\/\\\/clair.si\\\/#\\\/schema\\\/logo\\\/image\\\/\"},\"sameAs\":[\"https:\\\/\\\/www.facebook.com\\\/TrgovinaClair\\\/\"]}]}<\/script>\n<!-- \/ Yoast SEO plugin. -->","yoast_head_json":{"title":"No\u017e za kopita loop Double S - Clair","description":"no\u017e s loop zankom  odli\u010dan za rezanje \u017eabice i \"barova\"","robots":{"index":"index","follow":"follow","max-snippet":"max-snippet:-1","max-image-preview":"max-image-preview:large","max-video-preview":"max-video-preview:-1"},"canonical":"https:\/\/clair.si\/hr\/izdelek\/noz-za-kopita-loop-double-s\/","og_locale":"hr_HR","og_type":"article","og_title":"No\u017e za kopita loop Double S - Clair","og_description":"no\u017e s loop zankom  odli\u010dan za rezanje \u017eabice i \"barova\"","og_url":"https:\/\/clair.si\/hr\/izdelek\/noz-za-kopita-loop-double-s\/","og_site_name":"Clair","article_publisher":"https:\/\/www.facebook.com\/TrgovinaClair\/","article_modified_time":"2025-10-23T14:08:58+00:00","og_image":[{"width":1280,"height":1280,"url":"https:\/\/clair.si\/wp-content\/uploads\/2025\/10\/double-s-loop-clair-trgovina-noz.webp","type":"image\/jpeg"}],"twitter_card":"summary_large_image","twitter_misc":{"Procijenjeno vrijeme \u010ditanja":"1 minuta"},"schema":{"@context":"https:\/\/schema.org","@graph":[{"@type":"WebPage","@id":"https:\/\/clair.si\/hr\/izdelek\/noz-za-kopita-loop-double-s\/","url":"https:\/\/clair.si\/hr\/izdelek\/noz-za-kopita-loop-double-s\/","name":"No\u017e za kopita loop Double S - Clair","isPartOf":{"@id":"https:\/\/clair.si\/#website"},"primaryImageOfPage":{"@id":"https:\/\/clair.si\/hr\/izdelek\/noz-za-kopita-loop-double-s\/#primaryimage"},"image":{"@id":"https:\/\/clair.si\/hr\/izdelek\/noz-za-kopita-loop-double-s\/#primaryimage"},"thumbnailUrl":"https:\/\/clair.si\/wp-content\/uploads\/2025\/10\/double-s-loop-clair-trgovina-noz.webp","datePublished":"2025-10-22T13:16:18+00:00","dateModified":"2025-10-23T14:08:58+00:00","description":"no\u017e s loop zankom odli\u010dan za rezanje \u017eabice i \"barova\"","breadcrumb":{"@id":"https:\/\/clair.si\/hr\/izdelek\/noz-za-kopita-loop-double-s\/#breadcrumb"},"inLanguage":"hr","potentialAction":[{"@type":"ReadAction","target":["https:\/\/clair.si\/hr\/izdelek\/noz-za-kopita-loop-double-s\/"]}]},{"@type":"ImageObject","inLanguage":"hr","@id":"https:\/\/clair.si\/hr\/izdelek\/noz-za-kopita-loop-double-s\/#primaryimage","url":"https:\/\/clair.si\/wp-content\/uploads\/2025\/10\/double-s-loop-clair-trgovina-noz.webp","contentUrl":"https:\/\/clair.si\/wp-content\/uploads\/2025\/10\/double-s-loop-clair-trgovina-noz.webp","width":1280,"height":1280},{"@type":"BreadcrumbList","@id":"https:\/\/clair.si\/hr\/izdelek\/noz-za-kopita-loop-double-s\/#breadcrumb","itemListElement":[{"@type":"ListItem","position":1,"name":"Home","item":"https:\/\/clair.si\/hr\/"},{"@type":"ListItem","position":2,"name":"Trgovina","item":"https:\/\/clair.si\/trgovina\/"},{"@type":"ListItem","position":3,"name":"No\u017e za kopita loop Double S"}]},{"@type":"WebSite","@id":"https:\/\/clair.si\/#website","url":"https:\/\/clair.si\/","name":"Clair","description":"Trgovina s konjeni\u0161ko opremo","publisher":{"@id":"https:\/\/clair.si\/#organization"},"potentialAction":[{"@type":"SearchAction","target":{"@type":"EntryPoint","urlTemplate":"https:\/\/clair.si\/?s={search_term_string}"},"query-input":{"@type":"PropertyValueSpecification","valueRequired":true,"valueName":"search_term_string"}}],"inLanguage":"hr"},{"@type":"Organization","@id":"https:\/\/clair.si\/#organization","name":"Clair","url":"https:\/\/clair.si\/","logo":{"@type":"ImageObject","inLanguage":"hr","@id":"https:\/\/clair.si\/#\/schema\/logo\/image\/","url":"https:\/\/clair.si\/wp-content\/uploads\/2022\/11\/clair_logo_2022.jpg","contentUrl":"https:\/\/clair.si\/wp-content\/uploads\/2022\/11\/clair_logo_2022.jpg","width":1920,"height":1920,"caption":"Clair"},"image":{"@id":"https:\/\/clair.si\/#\/schema\/logo\/image\/"},"sameAs":["https:\/\/www.facebook.com\/TrgovinaClair\/"]}]}},"_links":{"self":[{"href":"https:\/\/clair.si\/hr\/wp-json\/wp\/v2\/product\/118126","targetHints":{"allow":["GET"]}}],"collection":[{"href":"https:\/\/clair.si\/hr\/wp-json\/wp\/v2\/product"}],"about":[{"href":"https:\/\/clair.si\/hr\/wp-json\/wp\/v2\/types\/product"}],"version-history":[{"count":1,"href":"https:\/\/clair.si\/hr\/wp-json\/wp\/v2\/product\/118126\/revisions"}],"predecessor-version":[{"id":118132,"href":"https:\/\/clair.si\/hr\/wp-json\/wp\/v2\/product\/118126\/revisions\/118132"}],"wp:featuredmedia":[{"embeddable":true,"href":"https:\/\/clair.si\/hr\/wp-json\/wp\/v2\/media\/117967"}],"wp:attachment":[{"href":"https:\/\/clair.si\/hr\/wp-json\/wp\/v2\/media?parent=118126"}],"wp:term":[{"taxonomy":"product_brand","embeddable":true,"href":"https:\/\/clair.si\/hr\/wp-json\/wp\/v2\/product_brand?post=118126"},{"taxonomy":"product_cat","embeddable":true,"href":"https:\/\/clair.si\/hr\/wp-json\/wp\/v2\/product_cat?post=118126"},{"taxonomy":"product_tag","embeddable":true,"href":"https:\/\/clair.si\/hr\/wp-json\/wp\/v2\/product_tag?post=118126"}],"curies":[{"name":"wp","href":"https:\/\/api.w.org\/{rel}","templated":true}]}}