{"id":118135,"date":"2025-10-23T10:34:59","date_gmt":"2025-10-23T08:34:59","guid":{"rendered":"https:\/\/clair.si\/izdelek\/navlaka-za-sedlo-rw\/"},"modified":"2026-01-05T21:59:37","modified_gmt":"2026-01-05T20:59:37","slug":"navlaka-za-sedlo-rw","status":"publish","type":"product","link":"https:\/\/clair.si\/hr\/izdelek\/navlaka-za-sedlo-rw\/","title":{"rendered":"Navlaka za sedlo RW"},"content":{"rendered":"<p data-start=\"46\" data-end=\"461\">Riding World navlaka za sedlo od mekog pamuka je savr\u0161en izbor za za\u0161titu va\u0161eg sedla kada ga ne koristite. Napravljena je od kvalitetnog, prozra\u010dnog i izdr\u017eljivog pamu\u010dnog materijala koji u\u010dinkovito \u0161titi sedlo od pra\u0161ine, prljav\u0161tine i ogrebotina, a istovremeno omogu\u0107uje ko\u017ei da di\u0161e. Elasti\u010dni rub osigurava odli\u010dno prianjanje svim vrstama sedla \u2013 kako dresurnim, tako i preponskim \u2013 te sprje\u010dava klizanje navlake.  <\/p>\n<p data-start=\"463\" data-end=\"665\">Zbog jednostavnog, ali elegantnog dizajna, ova je navlaka idealna za svakodnevnu upotrebu u staji ili tijekom prijevoza. Odr\u017eavajte svoje sedlo \u010distim, sigurnim i dobro o\u010duvanim uz Riding World pamu\u010dnu navlaku. <\/p>\n","protected":false},"excerpt":{"rendered":"<ul>\n<li>za vi\u0161enamjenska, dresurna i skaka\u010dka sedla<\/li>\n<li>vi\u0161e boja<\/li>\n<\/ul>\n","protected":false},"featured_media":118055,"template":"","meta":{"footnotes":""},"product_brand":[],"product_cat":[5942,5624,5940],"product_tag":[],"class_list":{"0":"post-118135","1":"product","2":"type-product","3":"status-publish","4":"has-post-thumbnail","6":"product_cat-dodatna-oprema-za-sedla","7":"product_cat-konj-hr","8":"product_cat-sedla-hr","10":"first","11":"instock","12":"sale","13":"shipping-taxable","14":"purchasable","15":"product-type-variable"},"yoast_head":"<!-- This site is optimized with the Yoast SEO plugin v27.4 - https:\/\/yoast.com\/product\/yoast-seo-wordpress\/ -->\n<title>Navlaka za sedlo RW - Clair<\/title>\n<meta name=\"description\" content=\"za vi\u0161enamjenska, dresurna i skaka\u010dka sedla  vi\u0161e boja\" \/>\n<meta name=\"robots\" content=\"index, follow, max-snippet:-1, max-image-preview:large, max-video-preview:-1\" \/>\n<link rel=\"canonical\" href=\"https:\/\/clair.si\/hr\/izdelek\/navlaka-za-sedlo-rw\/\" \/>\n<meta property=\"og:locale\" content=\"hr_HR\" \/>\n<meta property=\"og:type\" content=\"article\" \/>\n<meta property=\"og:title\" content=\"Navlaka za sedlo RW - Clair\" \/>\n<meta property=\"og:description\" content=\"za vi\u0161enamjenska, dresurna i skaka\u010dka sedla  vi\u0161e boja\" \/>\n<meta property=\"og:url\" content=\"https:\/\/clair.si\/hr\/izdelek\/navlaka-za-sedlo-rw\/\" \/>\n<meta property=\"og:site_name\" content=\"Clair\" \/>\n<meta property=\"article:publisher\" content=\"https:\/\/www.facebook.com\/TrgovinaClair\/\" \/>\n<meta property=\"article:modified_time\" content=\"2026-01-05T20:59:37+00:00\" \/>\n<meta property=\"og:image\" content=\"https:\/\/clair.si\/wp-content\/uploads\/2025\/10\/bodo-prevleka-clair.webp\" \/>\n\t<meta property=\"og:image:width\" content=\"800\" \/>\n\t<meta property=\"og:image:height\" content=\"800\" \/>\n\t<meta property=\"og:image:type\" content=\"image\/jpeg\" \/>\n<meta name=\"twitter:card\" content=\"summary_large_image\" \/>\n<meta name=\"twitter:label1\" content=\"Procijenjeno vrijeme \u010ditanja\" \/>\n\t<meta name=\"twitter:data1\" content=\"1 minuta\" \/>\n<script type=\"application\/ld+json\" class=\"yoast-schema-graph\">{\"@context\":\"https:\\\/\\\/schema.org\",\"@graph\":[{\"@type\":\"WebPage\",\"@id\":\"https:\\\/\\\/clair.si\\\/hr\\\/izdelek\\\/navlaka-za-sedlo-rw\\\/\",\"url\":\"https:\\\/\\\/clair.si\\\/hr\\\/izdelek\\\/navlaka-za-sedlo-rw\\\/\",\"name\":\"Navlaka za sedlo RW - Clair\",\"isPartOf\":{\"@id\":\"https:\\\/\\\/clair.si\\\/#website\"},\"primaryImageOfPage\":{\"@id\":\"https:\\\/\\\/clair.si\\\/hr\\\/izdelek\\\/navlaka-za-sedlo-rw\\\/#primaryimage\"},\"image\":{\"@id\":\"https:\\\/\\\/clair.si\\\/hr\\\/izdelek\\\/navlaka-za-sedlo-rw\\\/#primaryimage\"},\"thumbnailUrl\":\"https:\\\/\\\/clair.si\\\/wp-content\\\/uploads\\\/2025\\\/10\\\/bodo-prevleka-clair.webp\",\"datePublished\":\"2025-10-23T08:34:59+00:00\",\"dateModified\":\"2026-01-05T20:59:37+00:00\",\"description\":\"za vi\u0161enamjenska, dresurna i skaka\u010dka sedla vi\u0161e boja\",\"breadcrumb\":{\"@id\":\"https:\\\/\\\/clair.si\\\/hr\\\/izdelek\\\/navlaka-za-sedlo-rw\\\/#breadcrumb\"},\"inLanguage\":\"hr\",\"potentialAction\":[{\"@type\":\"ReadAction\",\"target\":[\"https:\\\/\\\/clair.si\\\/hr\\\/izdelek\\\/navlaka-za-sedlo-rw\\\/\"]}]},{\"@type\":\"ImageObject\",\"inLanguage\":\"hr\",\"@id\":\"https:\\\/\\\/clair.si\\\/hr\\\/izdelek\\\/navlaka-za-sedlo-rw\\\/#primaryimage\",\"url\":\"https:\\\/\\\/clair.si\\\/wp-content\\\/uploads\\\/2025\\\/10\\\/bodo-prevleka-clair.webp\",\"contentUrl\":\"https:\\\/\\\/clair.si\\\/wp-content\\\/uploads\\\/2025\\\/10\\\/bodo-prevleka-clair.webp\",\"width\":800,\"height\":800},{\"@type\":\"BreadcrumbList\",\"@id\":\"https:\\\/\\\/clair.si\\\/hr\\\/izdelek\\\/navlaka-za-sedlo-rw\\\/#breadcrumb\",\"itemListElement\":[{\"@type\":\"ListItem\",\"position\":1,\"name\":\"Home\",\"item\":\"https:\\\/\\\/clair.si\\\/hr\\\/\"},{\"@type\":\"ListItem\",\"position\":2,\"name\":\"Trgovina\",\"item\":\"https:\\\/\\\/clair.si\\\/trgovina\\\/\"},{\"@type\":\"ListItem\",\"position\":3,\"name\":\"Navlaka za sedlo RW\"}]},{\"@type\":\"WebSite\",\"@id\":\"https:\\\/\\\/clair.si\\\/#website\",\"url\":\"https:\\\/\\\/clair.si\\\/\",\"name\":\"Clair\",\"description\":\"Trgovina s konjeni\u0161ko opremo\",\"publisher\":{\"@id\":\"https:\\\/\\\/clair.si\\\/#organization\"},\"potentialAction\":[{\"@type\":\"SearchAction\",\"target\":{\"@type\":\"EntryPoint\",\"urlTemplate\":\"https:\\\/\\\/clair.si\\\/?s={search_term_string}\"},\"query-input\":{\"@type\":\"PropertyValueSpecification\",\"valueRequired\":true,\"valueName\":\"search_term_string\"}}],\"inLanguage\":\"hr\"},{\"@type\":\"Organization\",\"@id\":\"https:\\\/\\\/clair.si\\\/#organization\",\"name\":\"Clair\",\"url\":\"https:\\\/\\\/clair.si\\\/\",\"logo\":{\"@type\":\"ImageObject\",\"inLanguage\":\"hr\",\"@id\":\"https:\\\/\\\/clair.si\\\/#\\\/schema\\\/logo\\\/image\\\/\",\"url\":\"https:\\\/\\\/clair.si\\\/wp-content\\\/uploads\\\/2022\\\/11\\\/clair_logo_2022.jpg\",\"contentUrl\":\"https:\\\/\\\/clair.si\\\/wp-content\\\/uploads\\\/2022\\\/11\\\/clair_logo_2022.jpg\",\"width\":1920,\"height\":1920,\"caption\":\"Clair\"},\"image\":{\"@id\":\"https:\\\/\\\/clair.si\\\/#\\\/schema\\\/logo\\\/image\\\/\"},\"sameAs\":[\"https:\\\/\\\/www.facebook.com\\\/TrgovinaClair\\\/\"]}]}<\/script>\n<!-- \/ Yoast SEO plugin. -->","yoast_head_json":{"title":"Navlaka za sedlo RW - Clair","description":"za vi\u0161enamjenska, dresurna i skaka\u010dka sedla  vi\u0161e boja","robots":{"index":"index","follow":"follow","max-snippet":"max-snippet:-1","max-image-preview":"max-image-preview:large","max-video-preview":"max-video-preview:-1"},"canonical":"https:\/\/clair.si\/hr\/izdelek\/navlaka-za-sedlo-rw\/","og_locale":"hr_HR","og_type":"article","og_title":"Navlaka za sedlo RW - Clair","og_description":"za vi\u0161enamjenska, dresurna i skaka\u010dka sedla  vi\u0161e boja","og_url":"https:\/\/clair.si\/hr\/izdelek\/navlaka-za-sedlo-rw\/","og_site_name":"Clair","article_publisher":"https:\/\/www.facebook.com\/TrgovinaClair\/","article_modified_time":"2026-01-05T20:59:37+00:00","og_image":[{"width":800,"height":800,"url":"https:\/\/clair.si\/wp-content\/uploads\/2025\/10\/bodo-prevleka-clair.webp","type":"image\/jpeg"}],"twitter_card":"summary_large_image","twitter_misc":{"Procijenjeno vrijeme \u010ditanja":"1 minuta"},"schema":{"@context":"https:\/\/schema.org","@graph":[{"@type":"WebPage","@id":"https:\/\/clair.si\/hr\/izdelek\/navlaka-za-sedlo-rw\/","url":"https:\/\/clair.si\/hr\/izdelek\/navlaka-za-sedlo-rw\/","name":"Navlaka za sedlo RW - Clair","isPartOf":{"@id":"https:\/\/clair.si\/#website"},"primaryImageOfPage":{"@id":"https:\/\/clair.si\/hr\/izdelek\/navlaka-za-sedlo-rw\/#primaryimage"},"image":{"@id":"https:\/\/clair.si\/hr\/izdelek\/navlaka-za-sedlo-rw\/#primaryimage"},"thumbnailUrl":"https:\/\/clair.si\/wp-content\/uploads\/2025\/10\/bodo-prevleka-clair.webp","datePublished":"2025-10-23T08:34:59+00:00","dateModified":"2026-01-05T20:59:37+00:00","description":"za vi\u0161enamjenska, dresurna i skaka\u010dka sedla vi\u0161e boja","breadcrumb":{"@id":"https:\/\/clair.si\/hr\/izdelek\/navlaka-za-sedlo-rw\/#breadcrumb"},"inLanguage":"hr","potentialAction":[{"@type":"ReadAction","target":["https:\/\/clair.si\/hr\/izdelek\/navlaka-za-sedlo-rw\/"]}]},{"@type":"ImageObject","inLanguage":"hr","@id":"https:\/\/clair.si\/hr\/izdelek\/navlaka-za-sedlo-rw\/#primaryimage","url":"https:\/\/clair.si\/wp-content\/uploads\/2025\/10\/bodo-prevleka-clair.webp","contentUrl":"https:\/\/clair.si\/wp-content\/uploads\/2025\/10\/bodo-prevleka-clair.webp","width":800,"height":800},{"@type":"BreadcrumbList","@id":"https:\/\/clair.si\/hr\/izdelek\/navlaka-za-sedlo-rw\/#breadcrumb","itemListElement":[{"@type":"ListItem","position":1,"name":"Home","item":"https:\/\/clair.si\/hr\/"},{"@type":"ListItem","position":2,"name":"Trgovina","item":"https:\/\/clair.si\/trgovina\/"},{"@type":"ListItem","position":3,"name":"Navlaka za sedlo RW"}]},{"@type":"WebSite","@id":"https:\/\/clair.si\/#website","url":"https:\/\/clair.si\/","name":"Clair","description":"Trgovina s konjeni\u0161ko opremo","publisher":{"@id":"https:\/\/clair.si\/#organization"},"potentialAction":[{"@type":"SearchAction","target":{"@type":"EntryPoint","urlTemplate":"https:\/\/clair.si\/?s={search_term_string}"},"query-input":{"@type":"PropertyValueSpecification","valueRequired":true,"valueName":"search_term_string"}}],"inLanguage":"hr"},{"@type":"Organization","@id":"https:\/\/clair.si\/#organization","name":"Clair","url":"https:\/\/clair.si\/","logo":{"@type":"ImageObject","inLanguage":"hr","@id":"https:\/\/clair.si\/#\/schema\/logo\/image\/","url":"https:\/\/clair.si\/wp-content\/uploads\/2022\/11\/clair_logo_2022.jpg","contentUrl":"https:\/\/clair.si\/wp-content\/uploads\/2022\/11\/clair_logo_2022.jpg","width":1920,"height":1920,"caption":"Clair"},"image":{"@id":"https:\/\/clair.si\/#\/schema\/logo\/image\/"},"sameAs":["https:\/\/www.facebook.com\/TrgovinaClair\/"]}]}},"_links":{"self":[{"href":"https:\/\/clair.si\/hr\/wp-json\/wp\/v2\/product\/118135","targetHints":{"allow":["GET"]}}],"collection":[{"href":"https:\/\/clair.si\/hr\/wp-json\/wp\/v2\/product"}],"about":[{"href":"https:\/\/clair.si\/hr\/wp-json\/wp\/v2\/types\/product"}],"version-history":[{"count":1,"href":"https:\/\/clair.si\/hr\/wp-json\/wp\/v2\/product\/118135\/revisions"}],"predecessor-version":[{"id":118142,"href":"https:\/\/clair.si\/hr\/wp-json\/wp\/v2\/product\/118135\/revisions\/118142"}],"wp:featuredmedia":[{"embeddable":true,"href":"https:\/\/clair.si\/hr\/wp-json\/wp\/v2\/media\/118055"}],"wp:attachment":[{"href":"https:\/\/clair.si\/hr\/wp-json\/wp\/v2\/media?parent=118135"}],"wp:term":[{"taxonomy":"product_brand","embeddable":true,"href":"https:\/\/clair.si\/hr\/wp-json\/wp\/v2\/product_brand?post=118135"},{"taxonomy":"product_cat","embeddable":true,"href":"https:\/\/clair.si\/hr\/wp-json\/wp\/v2\/product_cat?post=118135"},{"taxonomy":"product_tag","embeddable":true,"href":"https:\/\/clair.si\/hr\/wp-json\/wp\/v2\/product_tag?post=118135"}],"curies":[{"name":"wp","href":"https:\/\/api.w.org\/{rel}","templated":true}]}}