{"id":119059,"date":"2025-10-24T13:53:48","date_gmt":"2025-10-24T11:53:48","guid":{"rendered":"https:\/\/clair.si\/izdelek\/zvala-kavalkade-ergonomic-2x-lomljena-14mm\/"},"modified":"2025-11-01T08:09:32","modified_gmt":"2025-11-01T07:09:32","slug":"zvala-kavalkade-ergonomic-2x-lomljena-14mm","status":"publish","type":"product","link":"https:\/\/clair.si\/hr\/izdelek\/zvala-kavalkade-ergonomic-2x-lomljena-14mm\/","title":{"rendered":"\u017dvala Kavalkade Ergonomic 2x lomljena, 14mm"},"content":{"rendered":"<p data-start=\"368\" data-end=\"663\">Ergonomski oblikovana <strong data-start=\"390\" data-end=\"426\">Kavalkade Ergonomic<\/strong> \u017evala, stvorena za konje koji trebaju nje\u017enu, ali preciznu komunikaciju. Kombinira <strong data-start=\"514\" data-end=\"528\">sweet iron<\/strong> i <strong data-start=\"532\" data-end=\"541\">bakar<\/strong> \u2013 dva vrhunska metala, koji zajedno osiguravaju iznimnu udobnost, prirodnu opu\u0161tenost i bolji kontakt izme\u0111u jaha\u010da i konja. <\/p>\n<p data-start=\"665\" data-end=\"914\"><strong data-start=\"665\" data-end=\"688\">Bo\u010dni dijelovi \u017evale<\/strong> izra\u0111eni su od <strong data-start=\"704\" data-end=\"719\">sweet irona<\/strong>, posebne \u010deli\u010dne legure, koja u dodiru sa slinom blago oksidira i stvara <strong data-start=\"792\" data-end=\"817\">prirodan slatkasti okus<\/strong>. Taj okus poti\u010de konja na vi\u0161e \u017evakanja, opu\u0161tanje \u010deljusti i bolje prihva\u0107anje \u017evale. Legura s vremenom oksidira, \u0161to dodatno pove\u0107ava slatkasti okus.  <\/p>\n<p data-start=\"916\" data-end=\"1171\"><strong data-start=\"916\" data-end=\"933\">Sredi\u0161nji dio<\/strong> je od <strong data-start=\"940\" data-end=\"949\">bakra<\/strong>, koji svojim toplijim osje\u0107ajem i ugodnim okusom poti\u010de tvorbu sline te pove\u0107ava konjevu opu\u0161tenost i spremnost na suradnju.<\/p>\n<p data-start=\"1173\" data-end=\"1441\"><strong data-start=\"1173\" data-end=\"1198\">Dvaput lomljena \u017evala<\/strong> debljine <strong data-start=\"1210\" data-end=\"1219\">14 mm<\/strong> osigurava ravnomjeran, mekan pritisak i precizan kontakt, dok <strong data-start=\"1285\" data-end=\"1306\">ergonomski oblik<\/strong> prati prirodnu anatomiju konjevih usta. Klasi\u010dni <strong data-start=\"1354\" data-end=\"1378\">slobodno gibljivi koluti\u0107i<\/strong> omogu\u0107uju slobodno gibanje \u017evale i prirodan osje\u0107aj u rukama. <\/p>\n","protected":false},"excerpt":{"rendered":"<p>\u2714 Bo\u010dni dijelovi od Sweet Iron \u2013 prirodno sladak okus, opu\u0161teno prihva\u0107anje \u017evale.<br data-start=\"1518\" data-end=\"1521\">\u2714 Sredi\u0161nji dio od bakra \u2013 poti\u010de \u017evakanje i tvorbu sline.<br data-start=\"1644\" data-end=\"1647\">\u2714 Ergonomski oblik \u2013 savr\u0161eno prianjanje anatomiji konja.<\/p>\n","protected":false},"featured_media":118331,"template":"","meta":{"footnotes":""},"product_brand":[],"product_cat":[5690,5624,1261,5687],"product_tag":[],"class_list":{"0":"post-119059","1":"product","2":"type-product","3":"status-publish","4":"has-post-thumbnail","6":"product_cat-engleske-zvale","7":"product_cat-konj-hr","8":"product_cat-autumn-must-haves","9":"product_cat-zvale","11":"first","12":"instock","13":"sale","14":"shipping-taxable","15":"purchasable","16":"product-type-variable"},"yoast_head":"<!-- This site is optimized with the Yoast SEO plugin v27.4 - https:\/\/yoast.com\/product\/yoast-seo-wordpress\/ -->\n<title>\u017dvala Kavalkade Ergonomic 2x lomljena, 14mm - Clair<\/title>\n<meta name=\"description\" content=\"\u2714 Bo\u010dni dijelovi od Sweet Iron \u2013 prirodno sladak okus, opu\u0161teno prihva\u0107anje \u017evale.\u2714 Sredi\u0161nji dio od bakra \u2013 poti\u010de \u017evakanje i tvorbu sline.\u2714 Ergonomski oblik \u2013 savr\u0161eno prianjanje anatomiji konja.\" \/>\n<meta name=\"robots\" content=\"index, follow, max-snippet:-1, max-image-preview:large, max-video-preview:-1\" \/>\n<link rel=\"canonical\" href=\"https:\/\/clair.si\/hr\/izdelek\/zvala-kavalkade-ergonomic-2x-lomljena-14mm\/\" \/>\n<meta property=\"og:locale\" content=\"hr_HR\" \/>\n<meta property=\"og:type\" content=\"article\" \/>\n<meta property=\"og:title\" content=\"\u017dvala Kavalkade Ergonomic 2x lomljena, 14mm - Clair\" \/>\n<meta property=\"og:description\" content=\"\u2714 Bo\u010dni dijelovi od Sweet Iron \u2013 prirodno sladak okus, opu\u0161teno prihva\u0107anje \u017evale.\u2714 Sredi\u0161nji dio od bakra \u2013 poti\u010de \u017evakanje i tvorbu sline.\u2714 Ergonomski oblik \u2013 savr\u0161eno prianjanje anatomiji konja.\" \/>\n<meta property=\"og:url\" content=\"https:\/\/clair.si\/hr\/izdelek\/zvala-kavalkade-ergonomic-2x-lomljena-14mm\/\" \/>\n<meta property=\"og:site_name\" content=\"Clair\" \/>\n<meta property=\"article:publisher\" content=\"https:\/\/www.facebook.com\/TrgovinaClair\/\" \/>\n<meta property=\"article:modified_time\" content=\"2025-11-01T07:09:32+00:00\" \/>\n<meta property=\"og:image\" content=\"https:\/\/clair.si\/wp-content\/uploads\/2025\/10\/brzda-dvakrat-lomljena-ergo.webp\" \/>\n\t<meta property=\"og:image:width\" content=\"800\" \/>\n\t<meta property=\"og:image:height\" content=\"800\" \/>\n\t<meta property=\"og:image:type\" content=\"image\/jpeg\" \/>\n<meta name=\"twitter:card\" content=\"summary_large_image\" \/>\n<meta name=\"twitter:label1\" content=\"Procijenjeno vrijeme \u010ditanja\" \/>\n\t<meta name=\"twitter:data1\" content=\"1 minuta\" \/>\n<script type=\"application\/ld+json\" class=\"yoast-schema-graph\">{\"@context\":\"https:\\\/\\\/schema.org\",\"@graph\":[{\"@type\":\"WebPage\",\"@id\":\"https:\\\/\\\/clair.si\\\/hr\\\/izdelek\\\/zvala-kavalkade-ergonomic-2x-lomljena-14mm\\\/\",\"url\":\"https:\\\/\\\/clair.si\\\/hr\\\/izdelek\\\/zvala-kavalkade-ergonomic-2x-lomljena-14mm\\\/\",\"name\":\"\u017dvala Kavalkade Ergonomic 2x lomljena, 14mm - Clair\",\"isPartOf\":{\"@id\":\"https:\\\/\\\/clair.si\\\/#website\"},\"primaryImageOfPage\":{\"@id\":\"https:\\\/\\\/clair.si\\\/hr\\\/izdelek\\\/zvala-kavalkade-ergonomic-2x-lomljena-14mm\\\/#primaryimage\"},\"image\":{\"@id\":\"https:\\\/\\\/clair.si\\\/hr\\\/izdelek\\\/zvala-kavalkade-ergonomic-2x-lomljena-14mm\\\/#primaryimage\"},\"thumbnailUrl\":\"https:\\\/\\\/clair.si\\\/wp-content\\\/uploads\\\/2025\\\/10\\\/brzda-dvakrat-lomljena-ergo.webp\",\"datePublished\":\"2025-10-24T11:53:48+00:00\",\"dateModified\":\"2025-11-01T07:09:32+00:00\",\"description\":\"\u2714 Bo\u010dni dijelovi od Sweet Iron \u2013 prirodno sladak okus, opu\u0161teno prihva\u0107anje \u017evale.\u2714 Sredi\u0161nji dio od bakra \u2013 poti\u010de \u017evakanje i tvorbu sline.\u2714 Ergonomski oblik \u2013 savr\u0161eno prianjanje anatomiji konja.\",\"breadcrumb\":{\"@id\":\"https:\\\/\\\/clair.si\\\/hr\\\/izdelek\\\/zvala-kavalkade-ergonomic-2x-lomljena-14mm\\\/#breadcrumb\"},\"inLanguage\":\"hr\",\"potentialAction\":[{\"@type\":\"ReadAction\",\"target\":[\"https:\\\/\\\/clair.si\\\/hr\\\/izdelek\\\/zvala-kavalkade-ergonomic-2x-lomljena-14mm\\\/\"]}]},{\"@type\":\"ImageObject\",\"inLanguage\":\"hr\",\"@id\":\"https:\\\/\\\/clair.si\\\/hr\\\/izdelek\\\/zvala-kavalkade-ergonomic-2x-lomljena-14mm\\\/#primaryimage\",\"url\":\"https:\\\/\\\/clair.si\\\/wp-content\\\/uploads\\\/2025\\\/10\\\/brzda-dvakrat-lomljena-ergo.webp\",\"contentUrl\":\"https:\\\/\\\/clair.si\\\/wp-content\\\/uploads\\\/2025\\\/10\\\/brzda-dvakrat-lomljena-ergo.webp\",\"width\":800,\"height\":800},{\"@type\":\"BreadcrumbList\",\"@id\":\"https:\\\/\\\/clair.si\\\/hr\\\/izdelek\\\/zvala-kavalkade-ergonomic-2x-lomljena-14mm\\\/#breadcrumb\",\"itemListElement\":[{\"@type\":\"ListItem\",\"position\":1,\"name\":\"Home\",\"item\":\"https:\\\/\\\/clair.si\\\/hr\\\/\"},{\"@type\":\"ListItem\",\"position\":2,\"name\":\"Trgovina\",\"item\":\"https:\\\/\\\/clair.si\\\/trgovina\\\/\"},{\"@type\":\"ListItem\",\"position\":3,\"name\":\"\u017dvala Kavalkade Ergonomic 2x lomljena, 14mm\"}]},{\"@type\":\"WebSite\",\"@id\":\"https:\\\/\\\/clair.si\\\/#website\",\"url\":\"https:\\\/\\\/clair.si\\\/\",\"name\":\"Clair\",\"description\":\"Trgovina s konjeni\u0161ko opremo\",\"publisher\":{\"@id\":\"https:\\\/\\\/clair.si\\\/#organization\"},\"potentialAction\":[{\"@type\":\"SearchAction\",\"target\":{\"@type\":\"EntryPoint\",\"urlTemplate\":\"https:\\\/\\\/clair.si\\\/?s={search_term_string}\"},\"query-input\":{\"@type\":\"PropertyValueSpecification\",\"valueRequired\":true,\"valueName\":\"search_term_string\"}}],\"inLanguage\":\"hr\"},{\"@type\":\"Organization\",\"@id\":\"https:\\\/\\\/clair.si\\\/#organization\",\"name\":\"Clair\",\"url\":\"https:\\\/\\\/clair.si\\\/\",\"logo\":{\"@type\":\"ImageObject\",\"inLanguage\":\"hr\",\"@id\":\"https:\\\/\\\/clair.si\\\/#\\\/schema\\\/logo\\\/image\\\/\",\"url\":\"https:\\\/\\\/clair.si\\\/wp-content\\\/uploads\\\/2022\\\/11\\\/clair_logo_2022.jpg\",\"contentUrl\":\"https:\\\/\\\/clair.si\\\/wp-content\\\/uploads\\\/2022\\\/11\\\/clair_logo_2022.jpg\",\"width\":1920,\"height\":1920,\"caption\":\"Clair\"},\"image\":{\"@id\":\"https:\\\/\\\/clair.si\\\/#\\\/schema\\\/logo\\\/image\\\/\"},\"sameAs\":[\"https:\\\/\\\/www.facebook.com\\\/TrgovinaClair\\\/\"]}]}<\/script>\n<!-- \/ Yoast SEO plugin. -->","yoast_head_json":{"title":"\u017dvala Kavalkade Ergonomic 2x lomljena, 14mm - Clair","description":"\u2714 Bo\u010dni dijelovi od Sweet Iron \u2013 prirodno sladak okus, opu\u0161teno prihva\u0107anje \u017evale.\u2714 Sredi\u0161nji dio od bakra \u2013 poti\u010de \u017evakanje i tvorbu sline.\u2714 Ergonomski oblik \u2013 savr\u0161eno prianjanje anatomiji konja.","robots":{"index":"index","follow":"follow","max-snippet":"max-snippet:-1","max-image-preview":"max-image-preview:large","max-video-preview":"max-video-preview:-1"},"canonical":"https:\/\/clair.si\/hr\/izdelek\/zvala-kavalkade-ergonomic-2x-lomljena-14mm\/","og_locale":"hr_HR","og_type":"article","og_title":"\u017dvala Kavalkade Ergonomic 2x lomljena, 14mm - Clair","og_description":"\u2714 Bo\u010dni dijelovi od Sweet Iron \u2013 prirodno sladak okus, opu\u0161teno prihva\u0107anje \u017evale.\u2714 Sredi\u0161nji dio od bakra \u2013 poti\u010de \u017evakanje i tvorbu sline.\u2714 Ergonomski oblik \u2013 savr\u0161eno prianjanje anatomiji konja.","og_url":"https:\/\/clair.si\/hr\/izdelek\/zvala-kavalkade-ergonomic-2x-lomljena-14mm\/","og_site_name":"Clair","article_publisher":"https:\/\/www.facebook.com\/TrgovinaClair\/","article_modified_time":"2025-11-01T07:09:32+00:00","og_image":[{"width":800,"height":800,"url":"https:\/\/clair.si\/wp-content\/uploads\/2025\/10\/brzda-dvakrat-lomljena-ergo.webp","type":"image\/jpeg"}],"twitter_card":"summary_large_image","twitter_misc":{"Procijenjeno vrijeme \u010ditanja":"1 minuta"},"schema":{"@context":"https:\/\/schema.org","@graph":[{"@type":"WebPage","@id":"https:\/\/clair.si\/hr\/izdelek\/zvala-kavalkade-ergonomic-2x-lomljena-14mm\/","url":"https:\/\/clair.si\/hr\/izdelek\/zvala-kavalkade-ergonomic-2x-lomljena-14mm\/","name":"\u017dvala Kavalkade Ergonomic 2x lomljena, 14mm - Clair","isPartOf":{"@id":"https:\/\/clair.si\/#website"},"primaryImageOfPage":{"@id":"https:\/\/clair.si\/hr\/izdelek\/zvala-kavalkade-ergonomic-2x-lomljena-14mm\/#primaryimage"},"image":{"@id":"https:\/\/clair.si\/hr\/izdelek\/zvala-kavalkade-ergonomic-2x-lomljena-14mm\/#primaryimage"},"thumbnailUrl":"https:\/\/clair.si\/wp-content\/uploads\/2025\/10\/brzda-dvakrat-lomljena-ergo.webp","datePublished":"2025-10-24T11:53:48+00:00","dateModified":"2025-11-01T07:09:32+00:00","description":"\u2714 Bo\u010dni dijelovi od Sweet Iron \u2013 prirodno sladak okus, opu\u0161teno prihva\u0107anje \u017evale.\u2714 Sredi\u0161nji dio od bakra \u2013 poti\u010de \u017evakanje i tvorbu sline.\u2714 Ergonomski oblik \u2013 savr\u0161eno prianjanje anatomiji konja.","breadcrumb":{"@id":"https:\/\/clair.si\/hr\/izdelek\/zvala-kavalkade-ergonomic-2x-lomljena-14mm\/#breadcrumb"},"inLanguage":"hr","potentialAction":[{"@type":"ReadAction","target":["https:\/\/clair.si\/hr\/izdelek\/zvala-kavalkade-ergonomic-2x-lomljena-14mm\/"]}]},{"@type":"ImageObject","inLanguage":"hr","@id":"https:\/\/clair.si\/hr\/izdelek\/zvala-kavalkade-ergonomic-2x-lomljena-14mm\/#primaryimage","url":"https:\/\/clair.si\/wp-content\/uploads\/2025\/10\/brzda-dvakrat-lomljena-ergo.webp","contentUrl":"https:\/\/clair.si\/wp-content\/uploads\/2025\/10\/brzda-dvakrat-lomljena-ergo.webp","width":800,"height":800},{"@type":"BreadcrumbList","@id":"https:\/\/clair.si\/hr\/izdelek\/zvala-kavalkade-ergonomic-2x-lomljena-14mm\/#breadcrumb","itemListElement":[{"@type":"ListItem","position":1,"name":"Home","item":"https:\/\/clair.si\/hr\/"},{"@type":"ListItem","position":2,"name":"Trgovina","item":"https:\/\/clair.si\/trgovina\/"},{"@type":"ListItem","position":3,"name":"\u017dvala Kavalkade Ergonomic 2x lomljena, 14mm"}]},{"@type":"WebSite","@id":"https:\/\/clair.si\/#website","url":"https:\/\/clair.si\/","name":"Clair","description":"Trgovina s konjeni\u0161ko opremo","publisher":{"@id":"https:\/\/clair.si\/#organization"},"potentialAction":[{"@type":"SearchAction","target":{"@type":"EntryPoint","urlTemplate":"https:\/\/clair.si\/?s={search_term_string}"},"query-input":{"@type":"PropertyValueSpecification","valueRequired":true,"valueName":"search_term_string"}}],"inLanguage":"hr"},{"@type":"Organization","@id":"https:\/\/clair.si\/#organization","name":"Clair","url":"https:\/\/clair.si\/","logo":{"@type":"ImageObject","inLanguage":"hr","@id":"https:\/\/clair.si\/#\/schema\/logo\/image\/","url":"https:\/\/clair.si\/wp-content\/uploads\/2022\/11\/clair_logo_2022.jpg","contentUrl":"https:\/\/clair.si\/wp-content\/uploads\/2022\/11\/clair_logo_2022.jpg","width":1920,"height":1920,"caption":"Clair"},"image":{"@id":"https:\/\/clair.si\/#\/schema\/logo\/image\/"},"sameAs":["https:\/\/www.facebook.com\/TrgovinaClair\/"]}]}},"_links":{"self":[{"href":"https:\/\/clair.si\/hr\/wp-json\/wp\/v2\/product\/119059","targetHints":{"allow":["GET"]}}],"collection":[{"href":"https:\/\/clair.si\/hr\/wp-json\/wp\/v2\/product"}],"about":[{"href":"https:\/\/clair.si\/hr\/wp-json\/wp\/v2\/types\/product"}],"version-history":[{"count":0,"href":"https:\/\/clair.si\/hr\/wp-json\/wp\/v2\/product\/119059\/revisions"}],"wp:featuredmedia":[{"embeddable":true,"href":"https:\/\/clair.si\/hr\/wp-json\/wp\/v2\/media\/118331"}],"wp:attachment":[{"href":"https:\/\/clair.si\/hr\/wp-json\/wp\/v2\/media?parent=119059"}],"wp:term":[{"taxonomy":"product_brand","embeddable":true,"href":"https:\/\/clair.si\/hr\/wp-json\/wp\/v2\/product_brand?post=119059"},{"taxonomy":"product_cat","embeddable":true,"href":"https:\/\/clair.si\/hr\/wp-json\/wp\/v2\/product_cat?post=119059"},{"taxonomy":"product_tag","embeddable":true,"href":"https:\/\/clair.si\/hr\/wp-json\/wp\/v2\/product_tag?post=119059"}],"curies":[{"name":"wp","href":"https:\/\/api.w.org\/{rel}","templated":true}]}}