{"id":119075,"date":"2025-10-27T11:29:14","date_gmt":"2025-10-27T10:29:14","guid":{"rendered":"https:\/\/clair.si\/izdelek\/remeni-za-mamuze-kavalkade-padded\/"},"modified":"2025-11-13T10:03:26","modified_gmt":"2025-11-13T09:03:26","slug":"remeni-za-mamuze-kavalkade-padded","status":"publish","type":"product","link":"https:\/\/clair.si\/hr\/izdelek\/remeni-za-mamuze-kavalkade-padded\/","title":{"rendered":"Remeni za mamuze Kavalkade Padded"},"content":{"rendered":"<p data-start=\"61\" data-end=\"373\">Elegantni i kvalitetni <strong data-start=\"88\" data-end=\"117\">remeni za mamuze Kavalkade<\/strong> izra\u0111eni su od <strong data-start=\"133\" data-end=\"159\">premium nauljene ko\u017ee<\/strong>, koja osigurava iznimnu meko\u0107u, dugi vijek trajanja i klasi\u010dan izgled. Zahvaljuju\u0107i <strong data-start=\"241\" data-end=\"272\">podstavljenom unutarnjem dijelu<\/strong>, posebno su udobni za no\u0161enje \u2013 ne trljaju, ne ste\u017eu i savr\u0161eno se prilago\u0111avaju obliku \u010dizme.<\/p>\n<p data-start=\"375\" data-end=\"628\">Nauljena ko\u017ea ne samo da pobolj\u0161ava njezinu fleksibilnost, ve\u0107 je i <strong data-start=\"437\" data-end=\"467\">\u0161titi od vlage i habanja<\/strong>, stoga su remeni prikladni kako za svakodnevno jahanje, tako i za natjecanja. <strong data-start=\"540\" data-end=\"560\">Metalna kop\u010da<\/strong> je izdr\u017eljiva, elegantno oblikovana i omogu\u0107uje jednostavno zakop\u010davanje.<\/p>\n","protected":false},"excerpt":{"rendered":"<p>\u2705 Izra\u0111eni od kvalitetne nauljene ko\u017ee<br data-start=\"671\" data-end=\"674\" \/>\u2705 Mekano podstavljeni za dodatnu udobnost<br data-start=\"709\" data-end=\"712\" \/>\u2705 Izdr\u017eljiva metalna kop\u010da<br data-start=\"738\" data-end=\"741\" \/>\u2705 Klasi\u010dan, elegantan izgled<br data-start=\"768\" data-end=\"771\" \/>\u2705 Dugotrajni i jednostavni za odr\u017eavanje<\/p>\n","protected":false},"featured_media":118478,"template":"","meta":{"footnotes":""},"product_brand":[],"product_cat":[5654,5797,5769],"product_tag":[],"class_list":{"0":"post-119075","1":"product","2":"type-product","3":"status-publish","4":"has-post-thumbnail","6":"product_cat-jahac-hr","7":"product_cat-mamuze","8":"product_cat-must-have","10":"first","11":"instock","12":"sale","13":"shipping-taxable","14":"purchasable","15":"product-type-variable"},"yoast_head":"<!-- This site is optimized with the Yoast SEO plugin v27.5 - https:\/\/yoast.com\/product\/yoast-seo-wordpress\/ -->\n<title>Remeni za mamuze Kavalkade Padded - Clair<\/title>\n<meta name=\"description\" content=\"\u2705 Izra\u0111eni od kvalitetne nauljene ko\u017ee\u2705 Mekano podstavljeni za dodatnu udobnost\u2705 Izdr\u017eljiva metalna kop\u010da\u2705 Klasi\u010dan, elegantan izgled\u2705 Dugotrajni i jednostavni za odr\u017eavanje\" \/>\n<meta name=\"robots\" content=\"index, follow, max-snippet:-1, max-image-preview:large, max-video-preview:-1\" \/>\n<link rel=\"canonical\" href=\"https:\/\/clair.si\/izdelek\/pascki-za-ostroge-kavalkade-padded\/\" \/>\n<meta property=\"og:locale\" content=\"hr_HR\" \/>\n<meta property=\"og:type\" content=\"article\" \/>\n<meta property=\"og:title\" content=\"Remeni za mamuze Kavalkade Padded - Clair\" \/>\n<meta property=\"og:description\" content=\"\u2705 Izra\u0111eni od kvalitetne nauljene ko\u017ee\u2705 Mekano podstavljeni za dodatnu udobnost\u2705 Izdr\u017eljiva metalna kop\u010da\u2705 Klasi\u010dan, elegantan izgled\u2705 Dugotrajni i jednostavni za odr\u017eavanje\" \/>\n<meta property=\"og:url\" content=\"https:\/\/clair.si\/izdelek\/pascki-za-ostroge-kavalkade-padded\/\" \/>\n<meta property=\"og:site_name\" content=\"Clair\" \/>\n<meta property=\"article:publisher\" content=\"https:\/\/www.facebook.com\/TrgovinaClair\/\" \/>\n<meta property=\"article:modified_time\" content=\"2025-11-13T09:03:26+00:00\" \/>\n<meta property=\"og:image\" content=\"https:\/\/clair.si\/wp-content\/uploads\/2025\/10\/padded-pascki-1.webp\" \/>\n\t<meta property=\"og:image:width\" content=\"800\" \/>\n\t<meta property=\"og:image:height\" content=\"800\" \/>\n\t<meta property=\"og:image:type\" content=\"image\/jpeg\" \/>\n<meta name=\"twitter:card\" content=\"summary_large_image\" \/>\n<meta name=\"twitter:label1\" content=\"Procijenjeno vrijeme \u010ditanja\" \/>\n\t<meta name=\"twitter:data1\" content=\"1 minuta\" \/>\n<script type=\"application\/ld+json\" class=\"yoast-schema-graph\">{\"@context\":\"https:\\\/\\\/schema.org\",\"@graph\":[{\"@type\":\"WebPage\",\"@id\":\"https:\\\/\\\/clair.si\\\/izdelek\\\/pascki-za-ostroge-kavalkade-padded\\\/\",\"url\":\"https:\\\/\\\/clair.si\\\/izdelek\\\/pascki-za-ostroge-kavalkade-padded\\\/\",\"name\":\"Remeni za mamuze Kavalkade Padded - Clair\",\"isPartOf\":{\"@id\":\"https:\\\/\\\/clair.si\\\/#website\"},\"primaryImageOfPage\":{\"@id\":\"https:\\\/\\\/clair.si\\\/izdelek\\\/pascki-za-ostroge-kavalkade-padded\\\/#primaryimage\"},\"image\":{\"@id\":\"https:\\\/\\\/clair.si\\\/izdelek\\\/pascki-za-ostroge-kavalkade-padded\\\/#primaryimage\"},\"thumbnailUrl\":\"https:\\\/\\\/clair.si\\\/wp-content\\\/uploads\\\/2025\\\/10\\\/padded-pascki-1.webp\",\"datePublished\":\"2025-10-27T10:29:14+00:00\",\"dateModified\":\"2025-11-13T09:03:26+00:00\",\"description\":\"\u2705 Izra\u0111eni od kvalitetne nauljene ko\u017ee\u2705 Mekano podstavljeni za dodatnu udobnost\u2705 Izdr\u017eljiva metalna kop\u010da\u2705 Klasi\u010dan, elegantan izgled\u2705 Dugotrajni i jednostavni za odr\u017eavanje\",\"breadcrumb\":{\"@id\":\"https:\\\/\\\/clair.si\\\/izdelek\\\/pascki-za-ostroge-kavalkade-padded\\\/#breadcrumb\"},\"inLanguage\":\"hr\",\"potentialAction\":[{\"@type\":\"ReadAction\",\"target\":[\"https:\\\/\\\/clair.si\\\/izdelek\\\/pascki-za-ostroge-kavalkade-padded\\\/\"]}]},{\"@type\":\"ImageObject\",\"inLanguage\":\"hr\",\"@id\":\"https:\\\/\\\/clair.si\\\/izdelek\\\/pascki-za-ostroge-kavalkade-padded\\\/#primaryimage\",\"url\":\"https:\\\/\\\/clair.si\\\/wp-content\\\/uploads\\\/2025\\\/10\\\/padded-pascki-1.webp\",\"contentUrl\":\"https:\\\/\\\/clair.si\\\/wp-content\\\/uploads\\\/2025\\\/10\\\/padded-pascki-1.webp\",\"width\":800,\"height\":800},{\"@type\":\"BreadcrumbList\",\"@id\":\"https:\\\/\\\/clair.si\\\/izdelek\\\/pascki-za-ostroge-kavalkade-padded\\\/#breadcrumb\",\"itemListElement\":[{\"@type\":\"ListItem\",\"position\":1,\"name\":\"Home\",\"item\":\"https:\\\/\\\/clair.si\\\/hr\\\/\"},{\"@type\":\"ListItem\",\"position\":2,\"name\":\"Trgovina\",\"item\":\"https:\\\/\\\/clair.si\\\/trgovina\\\/\"},{\"@type\":\"ListItem\",\"position\":3,\"name\":\"Remeni za mamuze Kavalkade Padded\"}]},{\"@type\":\"WebSite\",\"@id\":\"https:\\\/\\\/clair.si\\\/#website\",\"url\":\"https:\\\/\\\/clair.si\\\/\",\"name\":\"Clair\",\"description\":\"Trgovina s konjeni\u0161ko opremo\",\"publisher\":{\"@id\":\"https:\\\/\\\/clair.si\\\/#organization\"},\"potentialAction\":[{\"@type\":\"SearchAction\",\"target\":{\"@type\":\"EntryPoint\",\"urlTemplate\":\"https:\\\/\\\/clair.si\\\/?s={search_term_string}\"},\"query-input\":{\"@type\":\"PropertyValueSpecification\",\"valueRequired\":true,\"valueName\":\"search_term_string\"}}],\"inLanguage\":\"hr\"},{\"@type\":\"Organization\",\"@id\":\"https:\\\/\\\/clair.si\\\/#organization\",\"name\":\"Clair\",\"url\":\"https:\\\/\\\/clair.si\\\/\",\"logo\":{\"@type\":\"ImageObject\",\"inLanguage\":\"hr\",\"@id\":\"https:\\\/\\\/clair.si\\\/#\\\/schema\\\/logo\\\/image\\\/\",\"url\":\"https:\\\/\\\/clair.si\\\/wp-content\\\/uploads\\\/2022\\\/11\\\/clair_logo_2022.jpg\",\"contentUrl\":\"https:\\\/\\\/clair.si\\\/wp-content\\\/uploads\\\/2022\\\/11\\\/clair_logo_2022.jpg\",\"width\":1920,\"height\":1920,\"caption\":\"Clair\"},\"image\":{\"@id\":\"https:\\\/\\\/clair.si\\\/#\\\/schema\\\/logo\\\/image\\\/\"},\"sameAs\":[\"https:\\\/\\\/www.facebook.com\\\/TrgovinaClair\\\/\"]}]}<\/script>\n<!-- \/ Yoast SEO plugin. -->","yoast_head_json":{"title":"Remeni za mamuze Kavalkade Padded - Clair","description":"\u2705 Izra\u0111eni od kvalitetne nauljene ko\u017ee\u2705 Mekano podstavljeni za dodatnu udobnost\u2705 Izdr\u017eljiva metalna kop\u010da\u2705 Klasi\u010dan, elegantan izgled\u2705 Dugotrajni i jednostavni za odr\u017eavanje","robots":{"index":"index","follow":"follow","max-snippet":"max-snippet:-1","max-image-preview":"max-image-preview:large","max-video-preview":"max-video-preview:-1"},"canonical":"https:\/\/clair.si\/izdelek\/pascki-za-ostroge-kavalkade-padded\/","og_locale":"hr_HR","og_type":"article","og_title":"Remeni za mamuze Kavalkade Padded - Clair","og_description":"\u2705 Izra\u0111eni od kvalitetne nauljene ko\u017ee\u2705 Mekano podstavljeni za dodatnu udobnost\u2705 Izdr\u017eljiva metalna kop\u010da\u2705 Klasi\u010dan, elegantan izgled\u2705 Dugotrajni i jednostavni za odr\u017eavanje","og_url":"https:\/\/clair.si\/izdelek\/pascki-za-ostroge-kavalkade-padded\/","og_site_name":"Clair","article_publisher":"https:\/\/www.facebook.com\/TrgovinaClair\/","article_modified_time":"2025-11-13T09:03:26+00:00","og_image":[{"width":800,"height":800,"url":"https:\/\/clair.si\/wp-content\/uploads\/2025\/10\/padded-pascki-1.webp","type":"image\/jpeg"}],"twitter_card":"summary_large_image","twitter_misc":{"Procijenjeno vrijeme \u010ditanja":"1 minuta"},"schema":{"@context":"https:\/\/schema.org","@graph":[{"@type":"WebPage","@id":"https:\/\/clair.si\/izdelek\/pascki-za-ostroge-kavalkade-padded\/","url":"https:\/\/clair.si\/izdelek\/pascki-za-ostroge-kavalkade-padded\/","name":"Remeni za mamuze Kavalkade Padded - Clair","isPartOf":{"@id":"https:\/\/clair.si\/#website"},"primaryImageOfPage":{"@id":"https:\/\/clair.si\/izdelek\/pascki-za-ostroge-kavalkade-padded\/#primaryimage"},"image":{"@id":"https:\/\/clair.si\/izdelek\/pascki-za-ostroge-kavalkade-padded\/#primaryimage"},"thumbnailUrl":"https:\/\/clair.si\/wp-content\/uploads\/2025\/10\/padded-pascki-1.webp","datePublished":"2025-10-27T10:29:14+00:00","dateModified":"2025-11-13T09:03:26+00:00","description":"\u2705 Izra\u0111eni od kvalitetne nauljene ko\u017ee\u2705 Mekano podstavljeni za dodatnu udobnost\u2705 Izdr\u017eljiva metalna kop\u010da\u2705 Klasi\u010dan, elegantan izgled\u2705 Dugotrajni i jednostavni za odr\u017eavanje","breadcrumb":{"@id":"https:\/\/clair.si\/izdelek\/pascki-za-ostroge-kavalkade-padded\/#breadcrumb"},"inLanguage":"hr","potentialAction":[{"@type":"ReadAction","target":["https:\/\/clair.si\/izdelek\/pascki-za-ostroge-kavalkade-padded\/"]}]},{"@type":"ImageObject","inLanguage":"hr","@id":"https:\/\/clair.si\/izdelek\/pascki-za-ostroge-kavalkade-padded\/#primaryimage","url":"https:\/\/clair.si\/wp-content\/uploads\/2025\/10\/padded-pascki-1.webp","contentUrl":"https:\/\/clair.si\/wp-content\/uploads\/2025\/10\/padded-pascki-1.webp","width":800,"height":800},{"@type":"BreadcrumbList","@id":"https:\/\/clair.si\/izdelek\/pascki-za-ostroge-kavalkade-padded\/#breadcrumb","itemListElement":[{"@type":"ListItem","position":1,"name":"Home","item":"https:\/\/clair.si\/hr\/"},{"@type":"ListItem","position":2,"name":"Trgovina","item":"https:\/\/clair.si\/trgovina\/"},{"@type":"ListItem","position":3,"name":"Remeni za mamuze Kavalkade Padded"}]},{"@type":"WebSite","@id":"https:\/\/clair.si\/#website","url":"https:\/\/clair.si\/","name":"Clair","description":"Trgovina s konjeni\u0161ko opremo","publisher":{"@id":"https:\/\/clair.si\/#organization"},"potentialAction":[{"@type":"SearchAction","target":{"@type":"EntryPoint","urlTemplate":"https:\/\/clair.si\/?s={search_term_string}"},"query-input":{"@type":"PropertyValueSpecification","valueRequired":true,"valueName":"search_term_string"}}],"inLanguage":"hr"},{"@type":"Organization","@id":"https:\/\/clair.si\/#organization","name":"Clair","url":"https:\/\/clair.si\/","logo":{"@type":"ImageObject","inLanguage":"hr","@id":"https:\/\/clair.si\/#\/schema\/logo\/image\/","url":"https:\/\/clair.si\/wp-content\/uploads\/2022\/11\/clair_logo_2022.jpg","contentUrl":"https:\/\/clair.si\/wp-content\/uploads\/2022\/11\/clair_logo_2022.jpg","width":1920,"height":1920,"caption":"Clair"},"image":{"@id":"https:\/\/clair.si\/#\/schema\/logo\/image\/"},"sameAs":["https:\/\/www.facebook.com\/TrgovinaClair\/"]}]}},"_links":{"self":[{"href":"https:\/\/clair.si\/hr\/wp-json\/wp\/v2\/product\/119075","targetHints":{"allow":["GET"]}}],"collection":[{"href":"https:\/\/clair.si\/hr\/wp-json\/wp\/v2\/product"}],"about":[{"href":"https:\/\/clair.si\/hr\/wp-json\/wp\/v2\/types\/product"}],"version-history":[{"count":2,"href":"https:\/\/clair.si\/hr\/wp-json\/wp\/v2\/product\/119075\/revisions"}],"predecessor-version":[{"id":120416,"href":"https:\/\/clair.si\/hr\/wp-json\/wp\/v2\/product\/119075\/revisions\/120416"}],"wp:featuredmedia":[{"embeddable":true,"href":"https:\/\/clair.si\/hr\/wp-json\/wp\/v2\/media\/118478"}],"wp:attachment":[{"href":"https:\/\/clair.si\/hr\/wp-json\/wp\/v2\/media?parent=119075"}],"wp:term":[{"taxonomy":"product_brand","embeddable":true,"href":"https:\/\/clair.si\/hr\/wp-json\/wp\/v2\/product_brand?post=119075"},{"taxonomy":"product_cat","embeddable":true,"href":"https:\/\/clair.si\/hr\/wp-json\/wp\/v2\/product_cat?post=119075"},{"taxonomy":"product_tag","embeddable":true,"href":"https:\/\/clair.si\/hr\/wp-json\/wp\/v2\/product_tag?post=119075"}],"curies":[{"name":"wp","href":"https:\/\/api.w.org\/{rel}","templated":true}]}}