{"id":119106,"date":"2025-10-24T13:27:44","date_gmt":"2025-10-24T11:27:44","guid":{"rendered":"https:\/\/clair.si\/izdelek\/kavalkade-3-ring-ergonomic-dvostruko-lomljena-brza-14-mm\/"},"modified":"2025-10-31T08:48:56","modified_gmt":"2025-10-31T07:48:56","slug":"kavalkade-3-ring-ergonomic-dvostruko-lomljena-brza-14-mm","status":"publish","type":"product","link":"https:\/\/clair.si\/hr\/izdelek\/kavalkade-3-ring-ergonomic-dvostruko-lomljena-brza-14-mm\/","title":{"rendered":"Kavalkade 3-Ring Ergonomic dvostruko lomljena \u017evala, 14 mm"},"content":{"rendered":"<p data-start=\"245\" data-end=\"579\">Ergonomski oblikovana \u017evala <strong data-start=\"275\" data-end=\"305\">Kavalkade 3-Ring Ergonomic<\/strong> nudi iznimno preciznu komunikaciju izme\u0111u jaha\u010da i konja, istovremeno osiguravaju\u0107i maksimalnu udobnost u konjskim ustima.<\/p>\n<p data-start=\"581\" data-end=\"858\">Dvostruko lomljena brza debljine <strong data-start=\"616\" data-end=\"625\">14 mm<\/strong> omogu\u0107uje ravnomjeran pritisak na jezik i kutove usana, \u0161to poti\u010de opu\u0161tenost i prirodno \u017evakanje. Zbog <strong data-start=\"731\" data-end=\"752\">ergonomskog oblika<\/strong> savr\u0161eno se prilago\u0111ava anatomiji konja, \u010dime se izbjegava neugodno stezanje i to\u010dkasti pritisak. <\/p>\n<p data-start=\"581\" data-end=\"858\">Njena posebnost je <strong data-start=\"874\" data-end=\"888\">sweet iron<\/strong> \u2013 <em data-start=\"891\" data-end=\"916\">posebna \u010deli\u010dna legura<\/em>, koja u dodiru sa slinom osloba\u0111a ugodan, blago slatkast okus. Taj okus poti\u010de konja na ve\u0107e prihva\u0107anje brzde, ve\u0107u opu\u0161tenost u \u010deljusti i aktivnije \u017evakanje. Zbog toga je <g id=\"gid_2\">sweet iron brza<\/g> odli\u010dan izbor za osjetljive konje ili one koji te\u017ee prihva\u0107aju obi\u010dne metalne brzde. Plava legura s vremenom lagano posme\u0111i &#8211; ali bez brige, to je njena svrha!   <\/p>\n<p data-start=\"581\" data-end=\"858\">Sredi\u0161nji kota\u010di\u0107 je izra\u0111en od bakra.<\/p>\n<p data-start=\"860\" data-end=\"1152\">Trostruki obru\u010d (3-ring) omogu\u0107uje razli\u010dite postavke vodilica i stupanj djelovanja, stoga je prikladan kako za iskusne jaha\u010de tako i za konje koji trebaju ve\u0107u preciznost pri vo\u0111enju. Idealan izbor za one koji \u017eele <strong data-start=\"1079\" data-end=\"1149\">vi\u0161e kontrole, nje\u017enost u rukama i profesionalnu kvalitetu Kavalkade<\/strong>. <\/p>\n","protected":false},"excerpt":{"rendered":"<p>\u2714 Ergonomski oblikovana dvostruko lomljena.<br data-start=\"1299\" data-end=\"1302\">\u2714 3 obru\u010da za prilagodljivu uporabu i razli\u010dite u\u010dinke.<br data-start=\"1356\" data-end=\"1359\">\u2714 Sweet Iron \u2013 poti\u010de tvorbu sline i opu\u0161teno prihva\u0107anje brzde.<\/p>\n","protected":false},"featured_media":118311,"template":"","meta":{"footnotes":""},"product_brand":[],"product_cat":[5690,5624,5687],"product_tag":[],"class_list":{"0":"post-119106","1":"product","2":"type-product","3":"status-publish","4":"has-post-thumbnail","6":"product_cat-engleske-zvale","7":"product_cat-konj-hr","8":"product_cat-zvale","10":"first","11":"outofstock","12":"shipping-taxable","13":"purchasable","14":"product-type-variable"},"yoast_head":"<!-- This site is optimized with the Yoast SEO plugin v27.4 - https:\/\/yoast.com\/product\/yoast-seo-wordpress\/ -->\n<title>Kavalkade 3-Ring Ergonomic dvostruko lomljena \u017evala, 14 mm - Clair<\/title>\n<meta name=\"description\" content=\"\u2714 Ergonomski oblikovana dvostruko lomljena.\u2714 3 obru\u010da za prilagodljivu uporabu i razli\u010dite u\u010dinke.\u2714 Sweet Iron \u2013 poti\u010de tvorbu sline i opu\u0161teno prihva\u0107anje brzde.\" \/>\n<meta name=\"robots\" content=\"index, follow, max-snippet:-1, max-image-preview:large, max-video-preview:-1\" \/>\n<link rel=\"canonical\" href=\"https:\/\/clair.si\/hr\/izdelek\/kavalkade-3-ring-ergonomic-dvostruko-lomljena-brza-14-mm\/\" \/>\n<meta property=\"og:locale\" content=\"hr_HR\" \/>\n<meta property=\"og:type\" content=\"article\" \/>\n<meta property=\"og:title\" content=\"Kavalkade 3-Ring Ergonomic dvostruko lomljena \u017evala, 14 mm - Clair\" \/>\n<meta property=\"og:description\" content=\"\u2714 Ergonomski oblikovana dvostruko lomljena.\u2714 3 obru\u010da za prilagodljivu uporabu i razli\u010dite u\u010dinke.\u2714 Sweet Iron \u2013 poti\u010de tvorbu sline i opu\u0161teno prihva\u0107anje brzde.\" \/>\n<meta property=\"og:url\" content=\"https:\/\/clair.si\/hr\/izdelek\/kavalkade-3-ring-ergonomic-dvostruko-lomljena-brza-14-mm\/\" \/>\n<meta property=\"og:site_name\" content=\"Clair\" \/>\n<meta property=\"article:publisher\" content=\"https:\/\/www.facebook.com\/TrgovinaClair\/\" \/>\n<meta property=\"article:modified_time\" content=\"2025-10-31T07:48:56+00:00\" \/>\n<meta property=\"og:image\" content=\"https:\/\/clair.si\/wp-content\/uploads\/2025\/10\/3-ring-ergonomska-kavalkade-clair.webp\" \/>\n\t<meta property=\"og:image:width\" content=\"800\" \/>\n\t<meta property=\"og:image:height\" content=\"800\" \/>\n\t<meta property=\"og:image:type\" content=\"image\/jpeg\" \/>\n<meta name=\"twitter:card\" content=\"summary_large_image\" \/>\n<meta name=\"twitter:label1\" content=\"Procijenjeno vrijeme \u010ditanja\" \/>\n\t<meta name=\"twitter:data1\" content=\"2 minute\" \/>\n<script type=\"application\/ld+json\" class=\"yoast-schema-graph\">{\"@context\":\"https:\\\/\\\/schema.org\",\"@graph\":[{\"@type\":\"WebPage\",\"@id\":\"https:\\\/\\\/clair.si\\\/hr\\\/izdelek\\\/kavalkade-3-ring-ergonomic-dvostruko-lomljena-brza-14-mm\\\/\",\"url\":\"https:\\\/\\\/clair.si\\\/hr\\\/izdelek\\\/kavalkade-3-ring-ergonomic-dvostruko-lomljena-brza-14-mm\\\/\",\"name\":\"Kavalkade 3-Ring Ergonomic dvostruko lomljena \u017evala, 14 mm - Clair\",\"isPartOf\":{\"@id\":\"https:\\\/\\\/clair.si\\\/#website\"},\"primaryImageOfPage\":{\"@id\":\"https:\\\/\\\/clair.si\\\/hr\\\/izdelek\\\/kavalkade-3-ring-ergonomic-dvostruko-lomljena-brza-14-mm\\\/#primaryimage\"},\"image\":{\"@id\":\"https:\\\/\\\/clair.si\\\/hr\\\/izdelek\\\/kavalkade-3-ring-ergonomic-dvostruko-lomljena-brza-14-mm\\\/#primaryimage\"},\"thumbnailUrl\":\"https:\\\/\\\/clair.si\\\/wp-content\\\/uploads\\\/2025\\\/10\\\/3-ring-ergonomska-kavalkade-clair.webp\",\"datePublished\":\"2025-10-24T11:27:44+00:00\",\"dateModified\":\"2025-10-31T07:48:56+00:00\",\"description\":\"\u2714 Ergonomski oblikovana dvostruko lomljena.\u2714 3 obru\u010da za prilagodljivu uporabu i razli\u010dite u\u010dinke.\u2714 Sweet Iron \u2013 poti\u010de tvorbu sline i opu\u0161teno prihva\u0107anje brzde.\",\"breadcrumb\":{\"@id\":\"https:\\\/\\\/clair.si\\\/hr\\\/izdelek\\\/kavalkade-3-ring-ergonomic-dvostruko-lomljena-brza-14-mm\\\/#breadcrumb\"},\"inLanguage\":\"hr\",\"potentialAction\":[{\"@type\":\"ReadAction\",\"target\":[\"https:\\\/\\\/clair.si\\\/hr\\\/izdelek\\\/kavalkade-3-ring-ergonomic-dvostruko-lomljena-brza-14-mm\\\/\"]}]},{\"@type\":\"ImageObject\",\"inLanguage\":\"hr\",\"@id\":\"https:\\\/\\\/clair.si\\\/hr\\\/izdelek\\\/kavalkade-3-ring-ergonomic-dvostruko-lomljena-brza-14-mm\\\/#primaryimage\",\"url\":\"https:\\\/\\\/clair.si\\\/wp-content\\\/uploads\\\/2025\\\/10\\\/3-ring-ergonomska-kavalkade-clair.webp\",\"contentUrl\":\"https:\\\/\\\/clair.si\\\/wp-content\\\/uploads\\\/2025\\\/10\\\/3-ring-ergonomska-kavalkade-clair.webp\",\"width\":800,\"height\":800},{\"@type\":\"BreadcrumbList\",\"@id\":\"https:\\\/\\\/clair.si\\\/hr\\\/izdelek\\\/kavalkade-3-ring-ergonomic-dvostruko-lomljena-brza-14-mm\\\/#breadcrumb\",\"itemListElement\":[{\"@type\":\"ListItem\",\"position\":1,\"name\":\"Home\",\"item\":\"https:\\\/\\\/clair.si\\\/hr\\\/\"},{\"@type\":\"ListItem\",\"position\":2,\"name\":\"Trgovina\",\"item\":\"https:\\\/\\\/clair.si\\\/trgovina\\\/\"},{\"@type\":\"ListItem\",\"position\":3,\"name\":\"Kavalkade 3-Ring Ergonomic dvostruko lomljena \u017evala, 14 mm\"}]},{\"@type\":\"WebSite\",\"@id\":\"https:\\\/\\\/clair.si\\\/#website\",\"url\":\"https:\\\/\\\/clair.si\\\/\",\"name\":\"Clair\",\"description\":\"Trgovina s konjeni\u0161ko opremo\",\"publisher\":{\"@id\":\"https:\\\/\\\/clair.si\\\/#organization\"},\"potentialAction\":[{\"@type\":\"SearchAction\",\"target\":{\"@type\":\"EntryPoint\",\"urlTemplate\":\"https:\\\/\\\/clair.si\\\/?s={search_term_string}\"},\"query-input\":{\"@type\":\"PropertyValueSpecification\",\"valueRequired\":true,\"valueName\":\"search_term_string\"}}],\"inLanguage\":\"hr\"},{\"@type\":\"Organization\",\"@id\":\"https:\\\/\\\/clair.si\\\/#organization\",\"name\":\"Clair\",\"url\":\"https:\\\/\\\/clair.si\\\/\",\"logo\":{\"@type\":\"ImageObject\",\"inLanguage\":\"hr\",\"@id\":\"https:\\\/\\\/clair.si\\\/#\\\/schema\\\/logo\\\/image\\\/\",\"url\":\"https:\\\/\\\/clair.si\\\/wp-content\\\/uploads\\\/2022\\\/11\\\/clair_logo_2022.jpg\",\"contentUrl\":\"https:\\\/\\\/clair.si\\\/wp-content\\\/uploads\\\/2022\\\/11\\\/clair_logo_2022.jpg\",\"width\":1920,\"height\":1920,\"caption\":\"Clair\"},\"image\":{\"@id\":\"https:\\\/\\\/clair.si\\\/#\\\/schema\\\/logo\\\/image\\\/\"},\"sameAs\":[\"https:\\\/\\\/www.facebook.com\\\/TrgovinaClair\\\/\"]}]}<\/script>\n<!-- \/ Yoast SEO plugin. -->","yoast_head_json":{"title":"Kavalkade 3-Ring Ergonomic dvostruko lomljena \u017evala, 14 mm - Clair","description":"\u2714 Ergonomski oblikovana dvostruko lomljena.\u2714 3 obru\u010da za prilagodljivu uporabu i razli\u010dite u\u010dinke.\u2714 Sweet Iron \u2013 poti\u010de tvorbu sline i opu\u0161teno prihva\u0107anje brzde.","robots":{"index":"index","follow":"follow","max-snippet":"max-snippet:-1","max-image-preview":"max-image-preview:large","max-video-preview":"max-video-preview:-1"},"canonical":"https:\/\/clair.si\/hr\/izdelek\/kavalkade-3-ring-ergonomic-dvostruko-lomljena-brza-14-mm\/","og_locale":"hr_HR","og_type":"article","og_title":"Kavalkade 3-Ring Ergonomic dvostruko lomljena \u017evala, 14 mm - Clair","og_description":"\u2714 Ergonomski oblikovana dvostruko lomljena.\u2714 3 obru\u010da za prilagodljivu uporabu i razli\u010dite u\u010dinke.\u2714 Sweet Iron \u2013 poti\u010de tvorbu sline i opu\u0161teno prihva\u0107anje brzde.","og_url":"https:\/\/clair.si\/hr\/izdelek\/kavalkade-3-ring-ergonomic-dvostruko-lomljena-brza-14-mm\/","og_site_name":"Clair","article_publisher":"https:\/\/www.facebook.com\/TrgovinaClair\/","article_modified_time":"2025-10-31T07:48:56+00:00","og_image":[{"width":800,"height":800,"url":"https:\/\/clair.si\/wp-content\/uploads\/2025\/10\/3-ring-ergonomska-kavalkade-clair.webp","type":"image\/jpeg"}],"twitter_card":"summary_large_image","twitter_misc":{"Procijenjeno vrijeme \u010ditanja":"2 minute"},"schema":{"@context":"https:\/\/schema.org","@graph":[{"@type":"WebPage","@id":"https:\/\/clair.si\/hr\/izdelek\/kavalkade-3-ring-ergonomic-dvostruko-lomljena-brza-14-mm\/","url":"https:\/\/clair.si\/hr\/izdelek\/kavalkade-3-ring-ergonomic-dvostruko-lomljena-brza-14-mm\/","name":"Kavalkade 3-Ring Ergonomic dvostruko lomljena \u017evala, 14 mm - Clair","isPartOf":{"@id":"https:\/\/clair.si\/#website"},"primaryImageOfPage":{"@id":"https:\/\/clair.si\/hr\/izdelek\/kavalkade-3-ring-ergonomic-dvostruko-lomljena-brza-14-mm\/#primaryimage"},"image":{"@id":"https:\/\/clair.si\/hr\/izdelek\/kavalkade-3-ring-ergonomic-dvostruko-lomljena-brza-14-mm\/#primaryimage"},"thumbnailUrl":"https:\/\/clair.si\/wp-content\/uploads\/2025\/10\/3-ring-ergonomska-kavalkade-clair.webp","datePublished":"2025-10-24T11:27:44+00:00","dateModified":"2025-10-31T07:48:56+00:00","description":"\u2714 Ergonomski oblikovana dvostruko lomljena.\u2714 3 obru\u010da za prilagodljivu uporabu i razli\u010dite u\u010dinke.\u2714 Sweet Iron \u2013 poti\u010de tvorbu sline i opu\u0161teno prihva\u0107anje brzde.","breadcrumb":{"@id":"https:\/\/clair.si\/hr\/izdelek\/kavalkade-3-ring-ergonomic-dvostruko-lomljena-brza-14-mm\/#breadcrumb"},"inLanguage":"hr","potentialAction":[{"@type":"ReadAction","target":["https:\/\/clair.si\/hr\/izdelek\/kavalkade-3-ring-ergonomic-dvostruko-lomljena-brza-14-mm\/"]}]},{"@type":"ImageObject","inLanguage":"hr","@id":"https:\/\/clair.si\/hr\/izdelek\/kavalkade-3-ring-ergonomic-dvostruko-lomljena-brza-14-mm\/#primaryimage","url":"https:\/\/clair.si\/wp-content\/uploads\/2025\/10\/3-ring-ergonomska-kavalkade-clair.webp","contentUrl":"https:\/\/clair.si\/wp-content\/uploads\/2025\/10\/3-ring-ergonomska-kavalkade-clair.webp","width":800,"height":800},{"@type":"BreadcrumbList","@id":"https:\/\/clair.si\/hr\/izdelek\/kavalkade-3-ring-ergonomic-dvostruko-lomljena-brza-14-mm\/#breadcrumb","itemListElement":[{"@type":"ListItem","position":1,"name":"Home","item":"https:\/\/clair.si\/hr\/"},{"@type":"ListItem","position":2,"name":"Trgovina","item":"https:\/\/clair.si\/trgovina\/"},{"@type":"ListItem","position":3,"name":"Kavalkade 3-Ring Ergonomic dvostruko lomljena \u017evala, 14 mm"}]},{"@type":"WebSite","@id":"https:\/\/clair.si\/#website","url":"https:\/\/clair.si\/","name":"Clair","description":"Trgovina s konjeni\u0161ko opremo","publisher":{"@id":"https:\/\/clair.si\/#organization"},"potentialAction":[{"@type":"SearchAction","target":{"@type":"EntryPoint","urlTemplate":"https:\/\/clair.si\/?s={search_term_string}"},"query-input":{"@type":"PropertyValueSpecification","valueRequired":true,"valueName":"search_term_string"}}],"inLanguage":"hr"},{"@type":"Organization","@id":"https:\/\/clair.si\/#organization","name":"Clair","url":"https:\/\/clair.si\/","logo":{"@type":"ImageObject","inLanguage":"hr","@id":"https:\/\/clair.si\/#\/schema\/logo\/image\/","url":"https:\/\/clair.si\/wp-content\/uploads\/2022\/11\/clair_logo_2022.jpg","contentUrl":"https:\/\/clair.si\/wp-content\/uploads\/2022\/11\/clair_logo_2022.jpg","width":1920,"height":1920,"caption":"Clair"},"image":{"@id":"https:\/\/clair.si\/#\/schema\/logo\/image\/"},"sameAs":["https:\/\/www.facebook.com\/TrgovinaClair\/"]}]}},"_links":{"self":[{"href":"https:\/\/clair.si\/hr\/wp-json\/wp\/v2\/product\/119106","targetHints":{"allow":["GET"]}}],"collection":[{"href":"https:\/\/clair.si\/hr\/wp-json\/wp\/v2\/product"}],"about":[{"href":"https:\/\/clair.si\/hr\/wp-json\/wp\/v2\/types\/product"}],"version-history":[{"count":2,"href":"https:\/\/clair.si\/hr\/wp-json\/wp\/v2\/product\/119106\/revisions"}],"predecessor-version":[{"id":119110,"href":"https:\/\/clair.si\/hr\/wp-json\/wp\/v2\/product\/119106\/revisions\/119110"}],"wp:featuredmedia":[{"embeddable":true,"href":"https:\/\/clair.si\/hr\/wp-json\/wp\/v2\/media\/118311"}],"wp:attachment":[{"href":"https:\/\/clair.si\/hr\/wp-json\/wp\/v2\/media?parent=119106"}],"wp:term":[{"taxonomy":"product_brand","embeddable":true,"href":"https:\/\/clair.si\/hr\/wp-json\/wp\/v2\/product_brand?post=119106"},{"taxonomy":"product_cat","embeddable":true,"href":"https:\/\/clair.si\/hr\/wp-json\/wp\/v2\/product_cat?post=119106"},{"taxonomy":"product_tag","embeddable":true,"href":"https:\/\/clair.si\/hr\/wp-json\/wp\/v2\/product_tag?post=119106"}],"curies":[{"name":"wp","href":"https:\/\/api.w.org\/{rel}","templated":true}]}}