{"id":119150,"date":"2025-10-30T12:21:21","date_gmt":"2025-10-30T11:21:21","guid":{"rendered":"https:\/\/clair.si\/izdelek\/uzda-kavalkade-clinchesse\/"},"modified":"2025-11-13T09:50:18","modified_gmt":"2025-11-13T08:50:18","slug":"uzda-kavalkade-clinchesse","status":"publish","type":"product","link":"https:\/\/clair.si\/hr\/izdelek\/uzda-kavalkade-clinchesse\/","title":{"rendered":"Uzda Kavalkade Clinchesse"},"content":{"rendered":"<p data-start=\"80\" data-end=\"565\">Elegantna i bezvremenska uzda s prepoznatljivim <strong data-start=\"107\" data-end=\"119\">clincher<\/strong> naglavnikom za klasi\u010dan, uredan izgled. <strong data-start=\"156\" data-end=\"178\">Kombinirana nju\u0161ka<\/strong> osigurava stabilan polo\u017eaj \u017evale i konstantan kontakt, a istovremeno omogu\u0107uje precizno pode\u0161avanje ovisno o osjetljivosti pojedinog konja. Uzda je izra\u0111ena od kvalitetne ko\u017ee s urednim \u0161avovima i robusnim metalnim dijelovima. Vode\u0107e su uklju\u010dene, tako da je set spreman za trenutnu upotrebu. Boja metalnih dijelova je <strong data-start=\"496\" data-end=\"523\">uskla\u0111ena s bojom ko\u017ee<\/strong>, \u0161to cjelini daje dotjeran, estetski izgled.<\/p>\n<p data-start=\"80\" data-end=\"565\">Zau\u0161ni dio je podstavljen i anatomski oblikovan.<\/p>\n<p data-start=\"567\" data-end=\"591\"><strong data-start=\"567\" data-end=\"589\">Klju\u010dne zna\u010dajke:<\/strong><\/p>\n<ul data-start=\"592\" data-end=\"924\">\n<li data-start=\"592\" data-end=\"655\">\n<p data-start=\"594\" data-end=\"655\">Kombinirana nju\u0161ka.<\/p>\n<\/li>\n<li data-start=\"656\" data-end=\"717\">\n<p data-start=\"658\" data-end=\"717\">Prepoznatljiv clincher naglavnik za klasi\u010dan, elegantan izgled.<\/p>\n<\/li>\n<li data-start=\"718\" data-end=\"758\">\n<p data-start=\"720\" data-end=\"758\">Uklju\u010dene vode\u0107e za cjelovit komplet.<\/p>\n<\/li>\n<li data-start=\"759\" data-end=\"807\">\n<p data-start=\"761\" data-end=\"807\">Kvalitetna ko\u017ea s precizno izvedenim \u0161avovima.<\/p>\n<\/li>\n<li data-start=\"808\" data-end=\"865\">\n<p data-start=\"810\" data-end=\"865\">Metalni dijelovi u boji uskla\u0111eni s odabranom bojom ko\u017ee.<\/p>\n<\/li>\n<li data-start=\"866\" data-end=\"924\">\n<p data-start=\"868\" data-end=\"924\">Podesiva duljina za dobro prianjanje.<\/p>\n<\/li>\n<\/ul>\n<p data-start=\"926\" data-end=\"1089\"><strong data-start=\"926\" data-end=\"935\">Njega:<\/strong> nakon svake uporabe obri\u0161ite pra\u0161inu i znoj, povremeno njegujte balzamom za ko\u017eu i \u010duvajte na suhom, prozra\u010dnom mjestu, dalje od izravnog izvora topline<\/p>\n","protected":false},"excerpt":{"rendered":"<ul>\n<li>Tkane vode\u0107e uklju\u010dene.<\/li>\n<li>Mogu\u0107nost zlatnih ili srebrnih metalnih dijelova.<\/li>\n<li>Kombinirana nju\u0161ka.<\/li>\n<\/ul>\n","protected":false},"featured_media":118945,"template":"","meta":{"footnotes":""},"product_brand":[],"product_cat":[5624,5769,5843,5697],"product_tag":[],"class_list":{"0":"post-119150","1":"product","2":"type-product","3":"status-publish","4":"has-post-thumbnail","6":"product_cat-konj-hr","7":"product_cat-must-have","8":"product_cat-uzde","9":"product_cat-uzde-i-dizgini","11":"first","12":"instock","13":"sale","14":"shipping-taxable","15":"purchasable","16":"product-type-variable"},"yoast_head":"<!-- This site is optimized with the Yoast SEO plugin v27.4 - https:\/\/yoast.com\/product\/yoast-seo-wordpress\/ -->\n<title>Uzda Kavalkade Clinchesse - Clair<\/title>\n<meta name=\"description\" content=\"Tkane vode\u0107e uklju\u010dene.  Mogu\u0107nost zlatnih ili srebrnih metalnih dijelova.  Kombinirana nju\u0161ka.\" \/>\n<meta name=\"robots\" content=\"index, follow, max-snippet:-1, max-image-preview:large, max-video-preview:-1\" \/>\n<link rel=\"canonical\" href=\"https:\/\/clair.si\/izdelek\/uzda-kavalkade-clinchesse\/\" \/>\n<meta property=\"og:locale\" content=\"hr_HR\" \/>\n<meta property=\"og:type\" content=\"article\" \/>\n<meta property=\"og:title\" content=\"Uzda Kavalkade Clinchesse - Clair\" \/>\n<meta property=\"og:description\" content=\"Tkane vode\u0107e uklju\u010dene.  Mogu\u0107nost zlatnih ili srebrnih metalnih dijelova.  Kombinirana nju\u0161ka.\" \/>\n<meta property=\"og:url\" content=\"https:\/\/clair.si\/izdelek\/uzda-kavalkade-clinchesse\/\" \/>\n<meta property=\"og:site_name\" content=\"Clair\" \/>\n<meta property=\"article:publisher\" content=\"https:\/\/www.facebook.com\/TrgovinaClair\/\" \/>\n<meta property=\"article:modified_time\" content=\"2025-11-13T08:50:18+00:00\" \/>\n<meta property=\"og:image\" content=\"https:\/\/clair.si\/wp-content\/uploads\/2025\/10\/dejansko-rjavo-zlata-clair.webp\" \/>\n\t<meta property=\"og:image:width\" content=\"800\" \/>\n\t<meta property=\"og:image:height\" content=\"800\" \/>\n\t<meta property=\"og:image:type\" content=\"image\/jpeg\" \/>\n<meta name=\"twitter:card\" content=\"summary_large_image\" \/>\n<meta name=\"twitter:label1\" content=\"Procijenjeno vrijeme \u010ditanja\" \/>\n\t<meta name=\"twitter:data1\" content=\"1 minuta\" \/>\n<script type=\"application\/ld+json\" class=\"yoast-schema-graph\">{\"@context\":\"https:\\\/\\\/schema.org\",\"@graph\":[{\"@type\":\"WebPage\",\"@id\":\"https:\\\/\\\/clair.si\\\/izdelek\\\/uzda-kavalkade-clinchesse\\\/\",\"url\":\"https:\\\/\\\/clair.si\\\/izdelek\\\/uzda-kavalkade-clinchesse\\\/\",\"name\":\"Uzda Kavalkade Clinchesse - Clair\",\"isPartOf\":{\"@id\":\"https:\\\/\\\/clair.si\\\/#website\"},\"primaryImageOfPage\":{\"@id\":\"https:\\\/\\\/clair.si\\\/izdelek\\\/uzda-kavalkade-clinchesse\\\/#primaryimage\"},\"image\":{\"@id\":\"https:\\\/\\\/clair.si\\\/izdelek\\\/uzda-kavalkade-clinchesse\\\/#primaryimage\"},\"thumbnailUrl\":\"https:\\\/\\\/clair.si\\\/wp-content\\\/uploads\\\/2025\\\/10\\\/dejansko-rjavo-zlata-clair.webp\",\"datePublished\":\"2025-10-30T11:21:21+00:00\",\"dateModified\":\"2025-11-13T08:50:18+00:00\",\"description\":\"Tkane vode\u0107e uklju\u010dene. Mogu\u0107nost zlatnih ili srebrnih metalnih dijelova. Kombinirana nju\u0161ka.\",\"breadcrumb\":{\"@id\":\"https:\\\/\\\/clair.si\\\/izdelek\\\/uzda-kavalkade-clinchesse\\\/#breadcrumb\"},\"inLanguage\":\"hr\",\"potentialAction\":[{\"@type\":\"ReadAction\",\"target\":[\"https:\\\/\\\/clair.si\\\/izdelek\\\/uzda-kavalkade-clinchesse\\\/\"]}]},{\"@type\":\"ImageObject\",\"inLanguage\":\"hr\",\"@id\":\"https:\\\/\\\/clair.si\\\/izdelek\\\/uzda-kavalkade-clinchesse\\\/#primaryimage\",\"url\":\"https:\\\/\\\/clair.si\\\/wp-content\\\/uploads\\\/2025\\\/10\\\/dejansko-rjavo-zlata-clair.webp\",\"contentUrl\":\"https:\\\/\\\/clair.si\\\/wp-content\\\/uploads\\\/2025\\\/10\\\/dejansko-rjavo-zlata-clair.webp\",\"width\":800,\"height\":800},{\"@type\":\"BreadcrumbList\",\"@id\":\"https:\\\/\\\/clair.si\\\/izdelek\\\/uzda-kavalkade-clinchesse\\\/#breadcrumb\",\"itemListElement\":[{\"@type\":\"ListItem\",\"position\":1,\"name\":\"Home\",\"item\":\"https:\\\/\\\/clair.si\\\/hr\\\/\"},{\"@type\":\"ListItem\",\"position\":2,\"name\":\"Trgovina\",\"item\":\"https:\\\/\\\/clair.si\\\/trgovina\\\/\"},{\"@type\":\"ListItem\",\"position\":3,\"name\":\"Uzda Kavalkade Clinchesse\"}]},{\"@type\":\"WebSite\",\"@id\":\"https:\\\/\\\/clair.si\\\/#website\",\"url\":\"https:\\\/\\\/clair.si\\\/\",\"name\":\"Clair\",\"description\":\"Trgovina s konjeni\u0161ko opremo\",\"publisher\":{\"@id\":\"https:\\\/\\\/clair.si\\\/#organization\"},\"potentialAction\":[{\"@type\":\"SearchAction\",\"target\":{\"@type\":\"EntryPoint\",\"urlTemplate\":\"https:\\\/\\\/clair.si\\\/?s={search_term_string}\"},\"query-input\":{\"@type\":\"PropertyValueSpecification\",\"valueRequired\":true,\"valueName\":\"search_term_string\"}}],\"inLanguage\":\"hr\"},{\"@type\":\"Organization\",\"@id\":\"https:\\\/\\\/clair.si\\\/#organization\",\"name\":\"Clair\",\"url\":\"https:\\\/\\\/clair.si\\\/\",\"logo\":{\"@type\":\"ImageObject\",\"inLanguage\":\"hr\",\"@id\":\"https:\\\/\\\/clair.si\\\/#\\\/schema\\\/logo\\\/image\\\/\",\"url\":\"https:\\\/\\\/clair.si\\\/wp-content\\\/uploads\\\/2022\\\/11\\\/clair_logo_2022.jpg\",\"contentUrl\":\"https:\\\/\\\/clair.si\\\/wp-content\\\/uploads\\\/2022\\\/11\\\/clair_logo_2022.jpg\",\"width\":1920,\"height\":1920,\"caption\":\"Clair\"},\"image\":{\"@id\":\"https:\\\/\\\/clair.si\\\/#\\\/schema\\\/logo\\\/image\\\/\"},\"sameAs\":[\"https:\\\/\\\/www.facebook.com\\\/TrgovinaClair\\\/\"]}]}<\/script>\n<!-- \/ Yoast SEO plugin. -->","yoast_head_json":{"title":"Uzda Kavalkade Clinchesse - Clair","description":"Tkane vode\u0107e uklju\u010dene.  Mogu\u0107nost zlatnih ili srebrnih metalnih dijelova.  Kombinirana nju\u0161ka.","robots":{"index":"index","follow":"follow","max-snippet":"max-snippet:-1","max-image-preview":"max-image-preview:large","max-video-preview":"max-video-preview:-1"},"canonical":"https:\/\/clair.si\/izdelek\/uzda-kavalkade-clinchesse\/","og_locale":"hr_HR","og_type":"article","og_title":"Uzda Kavalkade Clinchesse - Clair","og_description":"Tkane vode\u0107e uklju\u010dene.  Mogu\u0107nost zlatnih ili srebrnih metalnih dijelova.  Kombinirana nju\u0161ka.","og_url":"https:\/\/clair.si\/izdelek\/uzda-kavalkade-clinchesse\/","og_site_name":"Clair","article_publisher":"https:\/\/www.facebook.com\/TrgovinaClair\/","article_modified_time":"2025-11-13T08:50:18+00:00","og_image":[{"width":800,"height":800,"url":"https:\/\/clair.si\/wp-content\/uploads\/2025\/10\/dejansko-rjavo-zlata-clair.webp","type":"image\/jpeg"}],"twitter_card":"summary_large_image","twitter_misc":{"Procijenjeno vrijeme \u010ditanja":"1 minuta"},"schema":{"@context":"https:\/\/schema.org","@graph":[{"@type":"WebPage","@id":"https:\/\/clair.si\/izdelek\/uzda-kavalkade-clinchesse\/","url":"https:\/\/clair.si\/izdelek\/uzda-kavalkade-clinchesse\/","name":"Uzda Kavalkade Clinchesse - Clair","isPartOf":{"@id":"https:\/\/clair.si\/#website"},"primaryImageOfPage":{"@id":"https:\/\/clair.si\/izdelek\/uzda-kavalkade-clinchesse\/#primaryimage"},"image":{"@id":"https:\/\/clair.si\/izdelek\/uzda-kavalkade-clinchesse\/#primaryimage"},"thumbnailUrl":"https:\/\/clair.si\/wp-content\/uploads\/2025\/10\/dejansko-rjavo-zlata-clair.webp","datePublished":"2025-10-30T11:21:21+00:00","dateModified":"2025-11-13T08:50:18+00:00","description":"Tkane vode\u0107e uklju\u010dene. Mogu\u0107nost zlatnih ili srebrnih metalnih dijelova. Kombinirana nju\u0161ka.","breadcrumb":{"@id":"https:\/\/clair.si\/izdelek\/uzda-kavalkade-clinchesse\/#breadcrumb"},"inLanguage":"hr","potentialAction":[{"@type":"ReadAction","target":["https:\/\/clair.si\/izdelek\/uzda-kavalkade-clinchesse\/"]}]},{"@type":"ImageObject","inLanguage":"hr","@id":"https:\/\/clair.si\/izdelek\/uzda-kavalkade-clinchesse\/#primaryimage","url":"https:\/\/clair.si\/wp-content\/uploads\/2025\/10\/dejansko-rjavo-zlata-clair.webp","contentUrl":"https:\/\/clair.si\/wp-content\/uploads\/2025\/10\/dejansko-rjavo-zlata-clair.webp","width":800,"height":800},{"@type":"BreadcrumbList","@id":"https:\/\/clair.si\/izdelek\/uzda-kavalkade-clinchesse\/#breadcrumb","itemListElement":[{"@type":"ListItem","position":1,"name":"Home","item":"https:\/\/clair.si\/hr\/"},{"@type":"ListItem","position":2,"name":"Trgovina","item":"https:\/\/clair.si\/trgovina\/"},{"@type":"ListItem","position":3,"name":"Uzda Kavalkade Clinchesse"}]},{"@type":"WebSite","@id":"https:\/\/clair.si\/#website","url":"https:\/\/clair.si\/","name":"Clair","description":"Trgovina s konjeni\u0161ko opremo","publisher":{"@id":"https:\/\/clair.si\/#organization"},"potentialAction":[{"@type":"SearchAction","target":{"@type":"EntryPoint","urlTemplate":"https:\/\/clair.si\/?s={search_term_string}"},"query-input":{"@type":"PropertyValueSpecification","valueRequired":true,"valueName":"search_term_string"}}],"inLanguage":"hr"},{"@type":"Organization","@id":"https:\/\/clair.si\/#organization","name":"Clair","url":"https:\/\/clair.si\/","logo":{"@type":"ImageObject","inLanguage":"hr","@id":"https:\/\/clair.si\/#\/schema\/logo\/image\/","url":"https:\/\/clair.si\/wp-content\/uploads\/2022\/11\/clair_logo_2022.jpg","contentUrl":"https:\/\/clair.si\/wp-content\/uploads\/2022\/11\/clair_logo_2022.jpg","width":1920,"height":1920,"caption":"Clair"},"image":{"@id":"https:\/\/clair.si\/#\/schema\/logo\/image\/"},"sameAs":["https:\/\/www.facebook.com\/TrgovinaClair\/"]}]}},"_links":{"self":[{"href":"https:\/\/clair.si\/hr\/wp-json\/wp\/v2\/product\/119150","targetHints":{"allow":["GET"]}}],"collection":[{"href":"https:\/\/clair.si\/hr\/wp-json\/wp\/v2\/product"}],"about":[{"href":"https:\/\/clair.si\/hr\/wp-json\/wp\/v2\/types\/product"}],"version-history":[{"count":2,"href":"https:\/\/clair.si\/hr\/wp-json\/wp\/v2\/product\/119150\/revisions"}],"predecessor-version":[{"id":120402,"href":"https:\/\/clair.si\/hr\/wp-json\/wp\/v2\/product\/119150\/revisions\/120402"}],"wp:featuredmedia":[{"embeddable":true,"href":"https:\/\/clair.si\/hr\/wp-json\/wp\/v2\/media\/118945"}],"wp:attachment":[{"href":"https:\/\/clair.si\/hr\/wp-json\/wp\/v2\/media?parent=119150"}],"wp:term":[{"taxonomy":"product_brand","embeddable":true,"href":"https:\/\/clair.si\/hr\/wp-json\/wp\/v2\/product_brand?post=119150"},{"taxonomy":"product_cat","embeddable":true,"href":"https:\/\/clair.si\/hr\/wp-json\/wp\/v2\/product_cat?post=119150"},{"taxonomy":"product_tag","embeddable":true,"href":"https:\/\/clair.si\/hr\/wp-json\/wp\/v2\/product_tag?post=119150"}],"curies":[{"name":"wp","href":"https:\/\/api.w.org\/{rel}","templated":true}]}}